{"id":38482,"date":"2020-12-14T08:52:16","date_gmt":"2020-12-14T08:52:16","guid":{"rendered":"https:\/\/inti.hr\/dostava\/"},"modified":"2020-12-14T08:52:16","modified_gmt":"2020-12-14T08:52:16","slug":"dostava","status":"publish","type":"page","link":"https:\/\/inti.hr\/sr\/dostava\/","title":{"rendered":"Dostava"},"content":{"rendered":"<h3><strong><u>Dostava narud\u017ebe<\/u><\/strong><\/h3>\n<p><strong><u>Dostava na podru\u010dju Republike Hrvatske<\/u><\/strong><\/p>\n<p>Prilikom narud\u017ebe proizvoda u internetskoj trgovini kupac mo\u017ee odabrati jednu od sljede\u0107ih mogu\u0107nosti dostave:<\/p>\n<ol>\n<li><strong> Dostava na ku\u0107nu adresu kupca<\/strong>, koju izvr\u0161ava odnosno osigurava dobavlja\u010d preko ugovornih partnera \/ dostavnih slu\u017ebi. Dobavlja\u010d zadr\u017eava pravo na odabir dostavne slu\u017ebe jer \u0107e time mo\u0107i u\u010dinkovitije ispuniti narud\u017ebu. Kupac ne mo\u017ee odabrati dostavnu slu\u017ebu jer dobavlja\u010d sam odre\u0111uje preko koje \u0107e dostavne slu\u017ebe poslati paket. U slu\u010daju dostave na ku\u0107nu adresu tro\u0161kovi prijevoza, po\u0161tarine ili eventualni drugi tro\u0161kovi u vezi s time (dalje u tekstu: tro\u0161kovi dostave) nisu uklju\u010deni u cijenu proizvoda i zara\u010dunavaju se dodatno. O iznosu tro\u0161kova dostave kupac je obavije\u0161ten u sa\u017eetku narud\u017ebe, \u010dak i prije potvrde narud\u017ebe uz obvezu pla\u0107anja i to zasebnim prikazom iznosa tih tro\u0161kova. Tro\u0161kovi dostave zara\u010dunani su i iskazani na narud\u017ebi i na ra\u010dunu za izdanu robu, a kupac ih pla\u0107a zajedno s iznosom narud\u017ebe. Tro\u0161ak dostave izra\u010dunava se automatski prilikom narud\u017ebe robe i prikazat \u0107e se na kraju narud\u017ebe, prije nego \u0161to kupac preda narud\u017ebu s obvezom pla\u0107anja. Tro\u0161ak dostave dio je kona\u010dne cijene cjelokupne narud\u017ebe. Tro\u0161ak dostave ovisi o veli\u010dini, dimenzijama i te\u017eini po\u0161iljke te uklju\u010duje tro\u0161kove dostave i tro\u0161kove pakiranja i pripreme. Tro\u0161ak dostave mo\u017ee se promijeniti u skladu sa u tom trenutku va\u017ee\u0107im cjenikom dostavne slu\u017ebe, pri \u010demu se tro\u0161ak dostave nakon trenutka kada se ugovor u skladu s Op\u0107im uvjetima smatra sklopljenim vi\u0161e ne mo\u017ee promijeniti.<\/li>\n<\/ol>\n<p>Ako zbog razli\u010ditih razloga kupac ne\u0107e mo\u0107i preuzeti narud\u017ebu u roku od pet (5) radnih dana od primitka obavijesti e-po\u0161tom \/ SMS porukom ili \u0107e za preuzimanje trebati dulji rok (npr. odsutnost, bolest itd.), mora o tome obavijestiti izravno prodajno mjesto dobavlja\u010da prije isteka roka za preuzimanje te s dobavlja\u010dem na odgovaraju\u0107i na\u010din dogovoriti o odre\u0111ivanju novog ili dodatnog roka za preuzimanje.<\/p>\n<p>Kad je rije\u010d o artiklima na zalihi kod dobavlja\u010da, rok isporuke unutar Hrvatske u pravilu je 5-10 radnih dana od dana primitka uplate u slu\u010daju pla\u0107anja na temelju predra\u010duna ili od predaje narud\u017ebe u slu\u010daju pla\u0107anja pouze\u0107em.<\/p>\n<p>Prilikom istodobnog naru\u010divanja nekoliko proizvoda s razli\u010ditim rokovima isporuke uzima se u obzir najdulje vrijeme isporuke. U slu\u010daju da kupac (npr. zbog razli\u010ditih rokova isporuke za razli\u010dite artikle iz iste narud\u017ebe ili zbog drugog razloga) \u017eeli primiti narud\u017ebu u dvije ili vi\u0161e zasebnih po\u0161iljki, za svaku zasebnu po\u0161iljku zara\u010dunava mu se tro\u0161ak dostave, a ako odabere pla\u0107anje pouze\u0107em za svaku (zasebnu) po\u0161iljku obra\u010dunava mu se i dodatni \u201etro\u0161ak pla\u0107anja\u201d zbog usluge ili provizije.<\/p>\n","protected":false},"excerpt":{"rendered":"<p>Dostava narud\u017ebe Dostava na podru\u010dju Republike Hrvatske Prilikom narud\u017ebe proizvoda u &#8230; <\/p>\n","protected":false},"author":1,"featured_media":0,"parent":0,"menu_order":0,"comment_status":"closed","ping_status":"closed","template":"","meta":{"footnotes":""},"yoast_head":"<!-- This site is optimized with the Yoast SEO plugin v23.7 - https:\/\/yoast.com\/wordpress\/plugins\/seo\/ -->\n<title>Dostava - Inti<\/title>\n<meta name=\"robots\" content=\"index, follow, max-snippet:-1, max-image-preview:large, max-video-preview:-1\" \/>\n<link rel=\"canonical\" href=\"https:\/\/inti.hr\/sr\/dostava\/\" \/>\n<meta property=\"og:locale\" content=\"sr_RS\" \/>\n<meta property=\"og:type\" content=\"article\" \/>\n<meta property=\"og:title\" content=\"Dostava - Inti\" \/>\n<meta property=\"og:description\" content=\"Dostava narud\u017ebe Dostava na podru\u010dju Republike Hrvatske Prilikom narud\u017ebe proizvoda u ...\" \/>\n<meta property=\"og:url\" content=\"https:\/\/inti.hr\/sr\/dostava\/\" \/>\n<meta property=\"og:site_name\" content=\"Inti\" \/>\n<meta name=\"twitter:card\" content=\"summary_large_image\" \/>\n<meta name=\"twitter:label1\" content=\"\u041f\u0440\u043e\u0446\u0435\u045a\u0435\u043d\u043e \u0432\u0440\u0435\u043c\u0435 \u0447\u0438\u0442\u0430\u045a\u0430\" \/>\n\t<meta name=\"twitter:data1\" content=\"3 \u043c\u0438\u043d\u0443\u0442\u0430\" \/>\n<script type=\"application\/ld+json\" class=\"yoast-schema-graph\">{\"@context\":\"https:\/\/schema.org\",\"@graph\":[{\"@type\":\"WebPage\",\"@id\":\"https:\/\/inti.hr\/sr\/dostava\/\",\"url\":\"https:\/\/inti.hr\/sr\/dostava\/\",\"name\":\"Dostava - Inti\",\"isPartOf\":{\"@id\":\"https:\/\/inti.hr\/sr\/#website\"},\"datePublished\":\"2020-12-14T08:52:16+00:00\",\"dateModified\":\"2020-12-14T08:52:16+00:00\",\"breadcrumb\":{\"@id\":\"https:\/\/inti.hr\/sr\/dostava\/#breadcrumb\"},\"inLanguage\":\"sr-RS\",\"potentialAction\":[{\"@type\":\"ReadAction\",\"target\":[\"https:\/\/inti.hr\/sr\/dostava\/\"]}]},{\"@type\":\"BreadcrumbList\",\"@id\":\"https:\/\/inti.hr\/sr\/dostava\/#breadcrumb\",\"itemListElement\":[{\"@type\":\"ListItem\",\"position\":1,\"name\":\"Po\u010detna stranica\",\"item\":\"https:\/\/inti.hr\/sr\/\"},{\"@type\":\"ListItem\",\"position\":2,\"name\":\"Dostava\"}]},{\"@type\":\"WebSite\",\"@id\":\"https:\/\/inti.hr\/sr\/#website\",\"url\":\"https:\/\/inti.hr\/sr\/\",\"name\":\"Inti\",\"description\":\"trgovina\",\"potentialAction\":[{\"@type\":\"SearchAction\",\"target\":{\"@type\":\"EntryPoint\",\"urlTemplate\":\"https:\/\/inti.hr\/sr\/?s={search_term_string}\"},\"query-input\":{\"@type\":\"PropertyValueSpecification\",\"valueRequired\":true,\"valueName\":\"search_term_string\"}}],\"inLanguage\":\"sr-RS\"}]}<\/script>\n<!-- \/ Yoast SEO plugin. -->","yoast_head_json":{"title":"Dostava - Inti","robots":{"index":"index","follow":"follow","max-snippet":"max-snippet:-1","max-image-preview":"max-image-preview:large","max-video-preview":"max-video-preview:-1"},"canonical":"https:\/\/inti.hr\/sr\/dostava\/","og_locale":"sr_RS","og_type":"article","og_title":"Dostava - Inti","og_description":"Dostava narud\u017ebe Dostava na podru\u010dju Republike Hrvatske Prilikom narud\u017ebe proizvoda u ...","og_url":"https:\/\/inti.hr\/sr\/dostava\/","og_site_name":"Inti","twitter_card":"summary_large_image","twitter_misc":{"\u041f\u0440\u043e\u0446\u0435\u045a\u0435\u043d\u043e \u0432\u0440\u0435\u043c\u0435 \u0447\u0438\u0442\u0430\u045a\u0430":"3 \u043c\u0438\u043d\u0443\u0442\u0430"},"schema":{"@context":"https:\/\/schema.org","@graph":[{"@type":"WebPage","@id":"https:\/\/inti.hr\/sr\/dostava\/","url":"https:\/\/inti.hr\/sr\/dostava\/","name":"Dostava - Inti","isPartOf":{"@id":"https:\/\/inti.hr\/sr\/#website"},"datePublished":"2020-12-14T08:52:16+00:00","dateModified":"2020-12-14T08:52:16+00:00","breadcrumb":{"@id":"https:\/\/inti.hr\/sr\/dostava\/#breadcrumb"},"inLanguage":"sr-RS","potentialAction":[{"@type":"ReadAction","target":["https:\/\/inti.hr\/sr\/dostava\/"]}]},{"@type":"BreadcrumbList","@id":"https:\/\/inti.hr\/sr\/dostava\/#breadcrumb","itemListElement":[{"@type":"ListItem","position":1,"name":"Po\u010detna stranica","item":"https:\/\/inti.hr\/sr\/"},{"@type":"ListItem","position":2,"name":"Dostava"}]},{"@type":"WebSite","@id":"https:\/\/inti.hr\/sr\/#website","url":"https:\/\/inti.hr\/sr\/","name":"Inti","description":"trgovina","potentialAction":[{"@type":"SearchAction","target":{"@type":"EntryPoint","urlTemplate":"https:\/\/inti.hr\/sr\/?s={search_term_string}"},"query-input":{"@type":"PropertyValueSpecification","valueRequired":true,"valueName":"search_term_string"}}],"inLanguage":"sr-RS"}]}},"jetpack_sharing_enabled":true,"jetpack-related-posts":[],"_links":{"self":[{"href":"https:\/\/inti.hr\/sr\/wp-json\/wp\/v2\/pages\/38482"}],"collection":[{"href":"https:\/\/inti.hr\/sr\/wp-json\/wp\/v2\/pages"}],"about":[{"href":"https:\/\/inti.hr\/sr\/wp-json\/wp\/v2\/types\/page"}],"author":[{"embeddable":true,"href":"https:\/\/inti.hr\/sr\/wp-json\/wp\/v2\/users\/1"}],"replies":[{"embeddable":true,"href":"https:\/\/inti.hr\/sr\/wp-json\/wp\/v2\/comments?post=38482"}],"version-history":[{"count":0,"href":"https:\/\/inti.hr\/sr\/wp-json\/wp\/v2\/pages\/38482\/revisions"}],"wp:attachment":[{"href":"https:\/\/inti.hr\/sr\/wp-json\/wp\/v2\/media?parent=38482"}],"curies":[{"name":"wp","href":"https:\/\/api.w.org\/{rel}","templated":true}]}}