{"id":30375,"date":"2026-03-31T15:29:35","date_gmt":"2026-03-31T14:29:35","guid":{"rendered":"https:\/\/inti.hr\/product\/djecja-biblioteka-s-prostorom-za-pohranu-63x28x80cm\/"},"modified":"2026-03-31T15:29:35","modified_gmt":"2026-03-31T14:29:35","slug":"djecja-biblioteka-s-prostorom-za-pohranu-63x28x80cm","status":"publish","type":"product","link":"https:\/\/inti.hr\/sr\/proizvod\/djecja-biblioteka-s-prostorom-za-pohranu-63x28x80cm\/","title":{"rendered":"Dje\u010dja biblioteka s prostorom za pohranu 63x28x80cm"},"content":{"rendered":"<p>Detalji o proizvodu:<br \/>\nMaterijal: MDF, papirnati list.<br \/>\nDimenzije proizvoda: 63x28x80 cm (vidi fotografiju);<br \/>\nTe\u017eina: cca. 12 kg; Nosivost: do 50 kg;<br \/>\nVeli\u010dina i te\u017eina paketa: 82,50*68,00*12,00 cm, 17,2 kg<br \/>\nS uputama za sastavljanje i vijcima, jednostavna instalacija<br \/>\nOvaj proizvod je razvijen i testiran za ku\u0107nu upotrebu.<\/p>\n","protected":false},"excerpt":{"rendered":"<p>Tra\u017eite li prikladno mjesto za svoje krdo pli\u0161anih \u017eivotinja, \u017eelite li &#8230; <\/p>\n","protected":false},"featured_media":30376,"template":"","meta":[],"product_cat":[2411],"product_tag":[2412,2413],"yoast_head":"<!-- This site is optimized with the Yoast SEO plugin v23.7 - https:\/\/yoast.com\/wordpress\/plugins\/seo\/ -->\n<title>Dje\u010dja biblioteka s prostorom za pohranu 63x28x80cm - Inti<\/title>\n<meta name=\"description\" content=\"Tra\u017eite li prikladno mjesto za svoje krdo pli\u0161anih \u017eivotinja, \u017eelite li uvesti zaseban pretinac za Lego kockice ili \u017eelite svom djetetu omogu\u0107iti neovisan pristup omiljenim slikovnicama, ova polica za knjige vrijedi razmotriti zbog svoje svestranosti.Dje\u010dja polica za knjige savr\u0161ena je za izlaganje omiljenih pli\u0161anih igra\u010daka, knjiga ili Lego setova.S visinom od 80 cm, knjige se mogu lako sortirati i ukloniti, tako da nije potrebna pomo\u0107 odraslih.Tri ko\u0161are od netkanog platna mogu se potpuno ukloniti i polo\u017eiti na pod ili \u010dak ozna\u010diti kako bi va\u0161e dijete uvijek moglo lako sortirati svoje igra\u010dk\" \/>\n<meta name=\"robots\" content=\"index, follow, max-snippet:-1, max-image-preview:large, max-video-preview:-1\" \/>\n<link rel=\"canonical\" href=\"https:\/\/inti.hr\/sr\/proizvod\/djecja-biblioteka-s-prostorom-za-pohranu-63x28x80cm\/\" \/>\n<meta property=\"og:locale\" content=\"sr_RS\" \/>\n<meta property=\"og:type\" content=\"article\" \/>\n<meta property=\"og:title\" content=\"Dje\u010dja biblioteka s prostorom za pohranu 63x28x80cm - Inti\" \/>\n<meta property=\"og:description\" content=\"Tra\u017eite li prikladno mjesto za svoje krdo pli\u0161anih \u017eivotinja, \u017eelite li uvesti zaseban pretinac za Lego kockice ili \u017eelite svom djetetu omogu\u0107iti neovisan pristup omiljenim slikovnicama, ova polica za knjige vrijedi razmotriti zbog svoje svestranosti.Dje\u010dja polica za knjige savr\u0161ena je za izlaganje omiljenih pli\u0161anih igra\u010daka, knjiga ili Lego setova.S visinom od 80 cm, knjige se mogu lako sortirati i ukloniti, tako da nije potrebna pomo\u0107 odraslih.Tri ko\u0161are od netkanog platna mogu se potpuno ukloniti i polo\u017eiti na pod ili \u010dak ozna\u010diti kako bi va\u0161e dijete uvijek moglo lako sortirati svoje igra\u010dk\" \/>\n<meta property=\"og:url\" content=\"https:\/\/inti.hr\/sr\/proizvod\/djecja-biblioteka-s-prostorom-za-pohranu-63x28x80cm\/\" \/>\n<meta property=\"og:site_name\" content=\"Inti\" \/>\n<meta property=\"og:image\" content=\"https:\/\/i0.wp.com\/inti.hr\/wp-content\/uploads\/2026\/03\/KMB34-W-Y001_860x.webp?fit=860%2C860&ssl=1\" \/>\n\t<meta property=\"og:image:width\" content=\"860\" \/>\n\t<meta property=\"og:image:height\" content=\"860\" \/>\n\t<meta property=\"og:image:type\" content=\"image\/webp\" \/>\n<meta name=\"twitter:card\" content=\"summary_large_image\" \/>\n<script type=\"application\/ld+json\" class=\"yoast-schema-graph\">{\"@context\":\"https:\/\/schema.org\",\"@graph\":[{\"@type\":\"WebPage\",\"@id\":\"https:\/\/inti.hr\/sr\/proizvod\/djecja-biblioteka-s-prostorom-za-pohranu-63x28x80cm\/\",\"url\":\"https:\/\/inti.hr\/sr\/proizvod\/djecja-biblioteka-s-prostorom-za-pohranu-63x28x80cm\/\",\"name\":\"Dje\u010dja biblioteka s prostorom za pohranu 63x28x80cm - Inti\",\"isPartOf\":{\"@id\":\"https:\/\/inti.hr\/sr\/#website\"},\"primaryImageOfPage\":{\"@id\":\"https:\/\/inti.hr\/sr\/proizvod\/djecja-biblioteka-s-prostorom-za-pohranu-63x28x80cm\/#primaryimage\"},\"image\":{\"@id\":\"https:\/\/inti.hr\/sr\/proizvod\/djecja-biblioteka-s-prostorom-za-pohranu-63x28x80cm\/#primaryimage\"},\"thumbnailUrl\":\"https:\/\/i0.wp.com\/inti.hr\/wp-content\/uploads\/2026\/03\/KMB34-W-Y001_860x.webp?fit=860%2C860&ssl=1\",\"datePublished\":\"2026-03-31T14:29:35+00:00\",\"dateModified\":\"2026-03-31T14:29:35+00:00\",\"description\":\"Tra\u017eite li prikladno mjesto za svoje krdo pli\u0161anih \u017eivotinja, \u017eelite li uvesti zaseban pretinac za Lego kockice ili \u017eelite svom djetetu omogu\u0107iti neovisan pristup omiljenim slikovnicama, ova polica za knjige vrijedi razmotriti zbog svoje svestranosti.Dje\u010dja polica za knjige savr\u0161ena je za izlaganje omiljenih pli\u0161anih igra\u010daka, knjiga ili Lego setova.S visinom od 80 cm, knjige se mogu lako sortirati i ukloniti, tako da nije potrebna pomo\u0107 odraslih.Tri ko\u0161are od netkanog platna mogu se potpuno ukloniti i polo\u017eiti na pod ili \u010dak ozna\u010diti kako bi va\u0161e dijete uvijek moglo lako sortirati svoje igra\u010dk\",\"breadcrumb\":{\"@id\":\"https:\/\/inti.hr\/sr\/proizvod\/djecja-biblioteka-s-prostorom-za-pohranu-63x28x80cm\/#breadcrumb\"},\"inLanguage\":\"sr-RS\",\"potentialAction\":[{\"@type\":\"ReadAction\",\"target\":[\"https:\/\/inti.hr\/sr\/proizvod\/djecja-biblioteka-s-prostorom-za-pohranu-63x28x80cm\/\"]}]},{\"@type\":\"ImageObject\",\"inLanguage\":\"sr-RS\",\"@id\":\"https:\/\/inti.hr\/sr\/proizvod\/djecja-biblioteka-s-prostorom-za-pohranu-63x28x80cm\/#primaryimage\",\"url\":\"https:\/\/i0.wp.com\/inti.hr\/wp-content\/uploads\/2026\/03\/KMB34-W-Y001_860x.webp?fit=860%2C860&ssl=1\",\"contentUrl\":\"https:\/\/i0.wp.com\/inti.hr\/wp-content\/uploads\/2026\/03\/KMB34-W-Y001_860x.webp?fit=860%2C860&ssl=1\",\"width\":860,\"height\":860,\"caption\":\"SoBuy KMB34-W Dje\u010dja biblioteka s prostorom za pohranu 63x28x80cm\"},{\"@type\":\"BreadcrumbList\",\"@id\":\"https:\/\/inti.hr\/sr\/proizvod\/djecja-biblioteka-s-prostorom-za-pohranu-63x28x80cm\/#breadcrumb\",\"itemListElement\":[{\"@type\":\"ListItem\",\"position\":1,\"name\":\"Po\u010detna stranica\",\"item\":\"https:\/\/inti.hr\/sr\/\"},{\"@type\":\"ListItem\",\"position\":2,\"name\":\"Prodavnica\",\"item\":\"https:\/\/inti.hr\/sr\/prodavnica\/\"},{\"@type\":\"ListItem\",\"position\":3,\"name\":\"Dje\u010dja biblioteka s prostorom za pohranu 63x28x80cm\"}]},{\"@type\":\"WebSite\",\"@id\":\"https:\/\/inti.hr\/sr\/#website\",\"url\":\"https:\/\/inti.hr\/sr\/\",\"name\":\"Inti\",\"description\":\"trgovina\",\"potentialAction\":[{\"@type\":\"SearchAction\",\"target\":{\"@type\":\"EntryPoint\",\"urlTemplate\":\"https:\/\/inti.hr\/sr\/?s={search_term_string}\"},\"query-input\":{\"@type\":\"PropertyValueSpecification\",\"valueRequired\":true,\"valueName\":\"search_term_string\"}}],\"inLanguage\":\"sr-RS\"}]}<\/script>\n<!-- \/ Yoast SEO plugin. -->","yoast_head_json":{"title":"Dje\u010dja biblioteka s prostorom za pohranu 63x28x80cm - Inti","description":"Tra\u017eite li prikladno mjesto za svoje krdo pli\u0161anih \u017eivotinja, \u017eelite li uvesti zaseban pretinac za Lego kockice ili \u017eelite svom djetetu omogu\u0107iti neovisan pristup omiljenim slikovnicama, ova polica za knjige vrijedi razmotriti zbog svoje svestranosti.Dje\u010dja polica za knjige savr\u0161ena je za izlaganje omiljenih pli\u0161anih igra\u010daka, knjiga ili Lego setova.S visinom od 80 cm, knjige se mogu lako sortirati i ukloniti, tako da nije potrebna pomo\u0107 odraslih.Tri ko\u0161are od netkanog platna mogu se potpuno ukloniti i polo\u017eiti na pod ili \u010dak ozna\u010diti kako bi va\u0161e dijete uvijek moglo lako sortirati svoje igra\u010dk","robots":{"index":"index","follow":"follow","max-snippet":"max-snippet:-1","max-image-preview":"max-image-preview:large","max-video-preview":"max-video-preview:-1"},"canonical":"https:\/\/inti.hr\/sr\/proizvod\/djecja-biblioteka-s-prostorom-za-pohranu-63x28x80cm\/","og_locale":"sr_RS","og_type":"article","og_title":"Dje\u010dja biblioteka s prostorom za pohranu 63x28x80cm - Inti","og_description":"Tra\u017eite li prikladno mjesto za svoje krdo pli\u0161anih \u017eivotinja, \u017eelite li uvesti zaseban pretinac za Lego kockice ili \u017eelite svom djetetu omogu\u0107iti neovisan pristup omiljenim slikovnicama, ova polica za knjige vrijedi razmotriti zbog svoje svestranosti.Dje\u010dja polica za knjige savr\u0161ena je za izlaganje omiljenih pli\u0161anih igra\u010daka, knjiga ili Lego setova.S visinom od 80 cm, knjige se mogu lako sortirati i ukloniti, tako da nije potrebna pomo\u0107 odraslih.Tri ko\u0161are od netkanog platna mogu se potpuno ukloniti i polo\u017eiti na pod ili \u010dak ozna\u010diti kako bi va\u0161e dijete uvijek moglo lako sortirati svoje igra\u010dk","og_url":"https:\/\/inti.hr\/sr\/proizvod\/djecja-biblioteka-s-prostorom-za-pohranu-63x28x80cm\/","og_site_name":"Inti","og_image":[{"width":860,"height":860,"url":"https:\/\/i0.wp.com\/inti.hr\/wp-content\/uploads\/2026\/03\/KMB34-W-Y001_860x.webp?fit=860%2C860&ssl=1","type":"image\/webp"}],"twitter_card":"summary_large_image","schema":{"@context":"https:\/\/schema.org","@graph":[{"@type":"WebPage","@id":"https:\/\/inti.hr\/sr\/proizvod\/djecja-biblioteka-s-prostorom-za-pohranu-63x28x80cm\/","url":"https:\/\/inti.hr\/sr\/proizvod\/djecja-biblioteka-s-prostorom-za-pohranu-63x28x80cm\/","name":"Dje\u010dja biblioteka s prostorom za pohranu 63x28x80cm - Inti","isPartOf":{"@id":"https:\/\/inti.hr\/sr\/#website"},"primaryImageOfPage":{"@id":"https:\/\/inti.hr\/sr\/proizvod\/djecja-biblioteka-s-prostorom-za-pohranu-63x28x80cm\/#primaryimage"},"image":{"@id":"https:\/\/inti.hr\/sr\/proizvod\/djecja-biblioteka-s-prostorom-za-pohranu-63x28x80cm\/#primaryimage"},"thumbnailUrl":"https:\/\/i0.wp.com\/inti.hr\/wp-content\/uploads\/2026\/03\/KMB34-W-Y001_860x.webp?fit=860%2C860&ssl=1","datePublished":"2026-03-31T14:29:35+00:00","dateModified":"2026-03-31T14:29:35+00:00","description":"Tra\u017eite li prikladno mjesto za svoje krdo pli\u0161anih \u017eivotinja, \u017eelite li uvesti zaseban pretinac za Lego kockice ili \u017eelite svom djetetu omogu\u0107iti neovisan pristup omiljenim slikovnicama, ova polica za knjige vrijedi razmotriti zbog svoje svestranosti.Dje\u010dja polica za knjige savr\u0161ena je za izlaganje omiljenih pli\u0161anih igra\u010daka, knjiga ili Lego setova.S visinom od 80 cm, knjige se mogu lako sortirati i ukloniti, tako da nije potrebna pomo\u0107 odraslih.Tri ko\u0161are od netkanog platna mogu se potpuno ukloniti i polo\u017eiti na pod ili \u010dak ozna\u010diti kako bi va\u0161e dijete uvijek moglo lako sortirati svoje igra\u010dk","breadcrumb":{"@id":"https:\/\/inti.hr\/sr\/proizvod\/djecja-biblioteka-s-prostorom-za-pohranu-63x28x80cm\/#breadcrumb"},"inLanguage":"sr-RS","potentialAction":[{"@type":"ReadAction","target":["https:\/\/inti.hr\/sr\/proizvod\/djecja-biblioteka-s-prostorom-za-pohranu-63x28x80cm\/"]}]},{"@type":"ImageObject","inLanguage":"sr-RS","@id":"https:\/\/inti.hr\/sr\/proizvod\/djecja-biblioteka-s-prostorom-za-pohranu-63x28x80cm\/#primaryimage","url":"https:\/\/i0.wp.com\/inti.hr\/wp-content\/uploads\/2026\/03\/KMB34-W-Y001_860x.webp?fit=860%2C860&ssl=1","contentUrl":"https:\/\/i0.wp.com\/inti.hr\/wp-content\/uploads\/2026\/03\/KMB34-W-Y001_860x.webp?fit=860%2C860&ssl=1","width":860,"height":860,"caption":"SoBuy KMB34-W Dje\u010dja biblioteka s prostorom za pohranu 63x28x80cm"},{"@type":"BreadcrumbList","@id":"https:\/\/inti.hr\/sr\/proizvod\/djecja-biblioteka-s-prostorom-za-pohranu-63x28x80cm\/#breadcrumb","itemListElement":[{"@type":"ListItem","position":1,"name":"Po\u010detna stranica","item":"https:\/\/inti.hr\/sr\/"},{"@type":"ListItem","position":2,"name":"Prodavnica","item":"https:\/\/inti.hr\/sr\/prodavnica\/"},{"@type":"ListItem","position":3,"name":"Dje\u010dja biblioteka s prostorom za pohranu 63x28x80cm"}]},{"@type":"WebSite","@id":"https:\/\/inti.hr\/sr\/#website","url":"https:\/\/inti.hr\/sr\/","name":"Inti","description":"trgovina","potentialAction":[{"@type":"SearchAction","target":{"@type":"EntryPoint","urlTemplate":"https:\/\/inti.hr\/sr\/?s={search_term_string}"},"query-input":{"@type":"PropertyValueSpecification","valueRequired":true,"valueName":"search_term_string"}}],"inLanguage":"sr-RS"}]}},"jetpack_sharing_enabled":true,"jetpack-related-posts":[],"_links":{"self":[{"href":"https:\/\/inti.hr\/sr\/wp-json\/wp\/v2\/product\/30375"}],"collection":[{"href":"https:\/\/inti.hr\/sr\/wp-json\/wp\/v2\/product"}],"about":[{"href":"https:\/\/inti.hr\/sr\/wp-json\/wp\/v2\/types\/product"}],"wp:featuredmedia":[{"embeddable":true,"href":"https:\/\/inti.hr\/sr\/wp-json\/wp\/v2\/media\/30376"}],"wp:attachment":[{"href":"https:\/\/inti.hr\/sr\/wp-json\/wp\/v2\/media?parent=30375"}],"wp:term":[{"taxonomy":"product_cat","embeddable":true,"href":"https:\/\/inti.hr\/sr\/wp-json\/wp\/v2\/product_cat?post=30375"},{"taxonomy":"product_tag","embeddable":true,"href":"https:\/\/inti.hr\/sr\/wp-json\/wp\/v2\/product_tag?post=30375"}],"curies":[{"name":"wp","href":"https:\/\/api.w.org\/{rel}","templated":true}]}}