{"id":30379,"date":"2026-03-30T10:36:09","date_gmt":"2026-03-30T09:36:09","guid":{"rendered":"https:\/\/inti.hr\/product\/toaletni-stolic-s-led-rasvjetom-i-uticnicom-kliznim-ogledalom-bijela\/"},"modified":"2026-03-30T10:36:09","modified_gmt":"2026-03-30T09:36:09","slug":"toaletni-stolic-s-led-rasvjetom-i-uticnicom-kliznim-ogledalom-bijela","status":"publish","type":"product","link":"https:\/\/inti.hr\/sr\/proizvod\/toaletni-stolic-s-led-rasvjetom-i-uticnicom-kliznim-ogledalom-bijela\/","title":{"rendered":"Toaletni stoli\u0107 s LED rasvjetom i uti\u010dnicom, kliznim ogledalom, bijela"},"content":{"rendered":"<h4 class=\"a-spacing-mini\"><strong><span dir=\"auto\">Tehni\u010dki podaci<\/span><\/strong><\/h4>\n<ul>\n<li><span dir=\"auto\">Materijali: E1 materijal na bazi drva + staklo<\/span><\/li>\n<li><span dir=\"auto\">Boja: Bijela<\/span><\/li>\n<li><span dir=\"auto\">Dimenzije toaletnog stoli\u0107a: 110 x 140 x 40 cm (\u0160 x V x D)<\/span><\/li>\n<li><span dir=\"auto\">Dimenzije ogledala: 49&#215;47 cm<\/span><\/li>\n<li><span dir=\"auto\">Neto te\u017eina: cca. 41 kg<\/span><\/li>\n<li><span dir=\"auto\">Nosivost: Plo\u010da stola &#8211; 50 kg, podesive police &#8211; 5 kg svaka, ladice &#8211; 5 kg svaka<\/span><\/li>\n<\/ul>\n","protected":false},"excerpt":{"rendered":"<p>SVESTRANI PROSTOR ZA POHRANU: Toaletni stoli\u0107 nudi 9 ladica, kutiju za &#8230; <\/p>\n","protected":false},"featured_media":30380,"template":"","meta":[],"product_cat":[2416],"product_tag":[2417],"yoast_head":"<!-- This site is optimized with the Yoast SEO plugin v23.7 - https:\/\/yoast.com\/wordpress\/plugins\/seo\/ -->\n<title>Toaletni stoli\u0107 s LED rasvjetom i uti\u010dnicom, kliznim ogledalom, bijela - Inti<\/title>\n<meta name=\"description\" content=\"SVESTRANI PROSTOR ZA POHRANU: Toaletni stoli\u0107 nudi 9 ladica, kutiju za pohranu sa 6 kuka, dr\u017ea\u010d za su\u0161ilo za kosu i nekoliko polica \u2013 za uredno i lako dostupno spremanje nakita, su\u0161ila za kosu i kozmetike.TOALETNI STOLI\u0106 S PRIGU\u0160IVIM OSVJETLJENJEM: LED svjetlosna traka na toaletnom stoli\u0107u nudi 3 na\u010dina rada boja. Kratkim pritiskom odabire se boja svjetla, dugim pritiskom se prigu\u0161uje svjetlina \u2013 pogodno za \u0161minkanje, njegu ko\u017ee ili stvaranje razli\u010ditih atmosfera u prostoriji.HD KLIZNO OGLEDALO: Kozmeti\u010dko ogledalo se lako pomi\u010de lijevo i desno, omogu\u0107uju\u0107i jednostavan pristup unutra\u0161njosti. Uklonjivo ogledalo s 5x pove\u0107anjem \u2013 mo\u017ee se koristiti pojedina\u010dno ili s glavnim ogledalom za precizne detalje.INTEGRIRANE UTI\u010cNICE: Dizajniran za moderan \u017eivot, osvijetljeni toaletni stoli\u0107 ima dvije AC uti\u010dnice, jedan USB priklju\u010dak i jedan Type-C priklju\u010dak za punjenje mobitela, tableta, su\u0161ila za kosu i uvija\u010da za kosu. Duljina kabela: 1,5 m.MODERAN: Bijela povr\u0161ina s ladicama bez ru\u010dki savr\u0161eno se uklapa u nordijske, moderne stilove ure\u0111enja interijera. Toaletni stoli\u0107 s ogledalom nudi prakti\u010dan prostor za pohranu i elegantan ukras, izra\u0111en od FSC certificiranog drva visoke kvalitete.\" \/>\n<meta name=\"robots\" content=\"index, follow, max-snippet:-1, max-image-preview:large, max-video-preview:-1\" \/>\n<link rel=\"canonical\" href=\"https:\/\/inti.hr\/sr\/proizvod\/toaletni-stolic-s-led-rasvjetom-i-uticnicom-kliznim-ogledalom-bijela\/\" \/>\n<meta property=\"og:locale\" content=\"sr_RS\" \/>\n<meta property=\"og:type\" content=\"article\" \/>\n<meta property=\"og:title\" content=\"Toaletni stoli\u0107 s LED rasvjetom i uti\u010dnicom, kliznim ogledalom, bijela - Inti\" \/>\n<meta property=\"og:description\" content=\"SVESTRANI PROSTOR ZA POHRANU: Toaletni stoli\u0107 nudi 9 ladica, kutiju za pohranu sa 6 kuka, dr\u017ea\u010d za su\u0161ilo za kosu i nekoliko polica \u2013 za uredno i lako dostupno spremanje nakita, su\u0161ila za kosu i kozmetike.TOALETNI STOLI\u0106 S PRIGU\u0160IVIM OSVJETLJENJEM: LED svjetlosna traka na toaletnom stoli\u0107u nudi 3 na\u010dina rada boja. Kratkim pritiskom odabire se boja svjetla, dugim pritiskom se prigu\u0161uje svjetlina \u2013 pogodno za \u0161minkanje, njegu ko\u017ee ili stvaranje razli\u010ditih atmosfera u prostoriji.HD KLIZNO OGLEDALO: Kozmeti\u010dko ogledalo se lako pomi\u010de lijevo i desno, omogu\u0107uju\u0107i jednostavan pristup unutra\u0161njosti. Uklonjivo ogledalo s 5x pove\u0107anjem \u2013 mo\u017ee se koristiti pojedina\u010dno ili s glavnim ogledalom za precizne detalje.INTEGRIRANE UTI\u010cNICE: Dizajniran za moderan \u017eivot, osvijetljeni toaletni stoli\u0107 ima dvije AC uti\u010dnice, jedan USB priklju\u010dak i jedan Type-C priklju\u010dak za punjenje mobitela, tableta, su\u0161ila za kosu i uvija\u010da za kosu. Duljina kabela: 1,5 m.MODERAN: Bijela povr\u0161ina s ladicama bez ru\u010dki savr\u0161eno se uklapa u nordijske, moderne stilove ure\u0111enja interijera. Toaletni stoli\u0107 s ogledalom nudi prakti\u010dan prostor za pohranu i elegantan ukras, izra\u0111en od FSC certificiranog drva visoke kvalitete.\" \/>\n<meta property=\"og:url\" content=\"https:\/\/inti.hr\/sr\/proizvod\/toaletni-stolic-s-led-rasvjetom-i-uticnicom-kliznim-ogledalom-bijela\/\" \/>\n<meta property=\"og:site_name\" content=\"Inti\" \/>\n<meta property=\"og:image\" content=\"https:\/\/i0.wp.com\/inti.hr\/wp-content\/uploads\/2026\/03\/Schminktisch-mit-LED-Beleuchtung-Steckdose-Verschiebbarer-Spiegel-W0ITT7242-Weiss1_600x600.jpg?fit=590%2C600&ssl=1\" \/>\n\t<meta property=\"og:image:width\" content=\"590\" \/>\n\t<meta property=\"og:image:height\" content=\"600\" \/>\n\t<meta property=\"og:image:type\" content=\"image\/jpeg\" \/>\n<meta name=\"twitter:card\" content=\"summary_large_image\" \/>\n<script type=\"application\/ld+json\" class=\"yoast-schema-graph\">{\"@context\":\"https:\/\/schema.org\",\"@graph\":[{\"@type\":\"WebPage\",\"@id\":\"https:\/\/inti.hr\/sr\/proizvod\/toaletni-stolic-s-led-rasvjetom-i-uticnicom-kliznim-ogledalom-bijela\/\",\"url\":\"https:\/\/inti.hr\/sr\/proizvod\/toaletni-stolic-s-led-rasvjetom-i-uticnicom-kliznim-ogledalom-bijela\/\",\"name\":\"Toaletni stoli\u0107 s LED rasvjetom i uti\u010dnicom, kliznim ogledalom, bijela - Inti\",\"isPartOf\":{\"@id\":\"https:\/\/inti.hr\/sr\/#website\"},\"primaryImageOfPage\":{\"@id\":\"https:\/\/inti.hr\/sr\/proizvod\/toaletni-stolic-s-led-rasvjetom-i-uticnicom-kliznim-ogledalom-bijela\/#primaryimage\"},\"image\":{\"@id\":\"https:\/\/inti.hr\/sr\/proizvod\/toaletni-stolic-s-led-rasvjetom-i-uticnicom-kliznim-ogledalom-bijela\/#primaryimage\"},\"thumbnailUrl\":\"https:\/\/i0.wp.com\/inti.hr\/wp-content\/uploads\/2026\/03\/Schminktisch-mit-LED-Beleuchtung-Steckdose-Verschiebbarer-Spiegel-W0ITT7242-Weiss1_600x600.jpg?fit=590%2C600&ssl=1\",\"datePublished\":\"2026-03-30T09:36:09+00:00\",\"dateModified\":\"2026-03-30T09:36:09+00:00\",\"description\":\"SVESTRANI PROSTOR ZA POHRANU: Toaletni stoli\u0107 nudi 9 ladica, kutiju za pohranu sa 6 kuka, dr\u017ea\u010d za su\u0161ilo za kosu i nekoliko polica \u2013 za uredno i lako dostupno spremanje nakita, su\u0161ila za kosu i kozmetike.TOALETNI STOLI\u0106 S PRIGU\u0160IVIM OSVJETLJENJEM: LED svjetlosna traka na toaletnom stoli\u0107u nudi 3 na\u010dina rada boja. Kratkim pritiskom odabire se boja svjetla, dugim pritiskom se prigu\u0161uje svjetlina \u2013 pogodno za \u0161minkanje, njegu ko\u017ee ili stvaranje razli\u010ditih atmosfera u prostoriji.HD KLIZNO OGLEDALO: Kozmeti\u010dko ogledalo se lako pomi\u010de lijevo i desno, omogu\u0107uju\u0107i jednostavan pristup unutra\u0161njosti. Uklonjivo ogledalo s 5x pove\u0107anjem \u2013 mo\u017ee se koristiti pojedina\u010dno ili s glavnim ogledalom za precizne detalje.INTEGRIRANE UTI\u010cNICE: Dizajniran za moderan \u017eivot, osvijetljeni toaletni stoli\u0107 ima dvije AC uti\u010dnice, jedan USB priklju\u010dak i jedan Type-C priklju\u010dak za punjenje mobitela, tableta, su\u0161ila za kosu i uvija\u010da za kosu. Duljina kabela: 1,5 m.MODERAN: Bijela povr\u0161ina s ladicama bez ru\u010dki savr\u0161eno se uklapa u nordijske, moderne stilove ure\u0111enja interijera. Toaletni stoli\u0107 s ogledalom nudi prakti\u010dan prostor za pohranu i elegantan ukras, izra\u0111en od FSC certificiranog drva visoke kvalitete.\",\"breadcrumb\":{\"@id\":\"https:\/\/inti.hr\/sr\/proizvod\/toaletni-stolic-s-led-rasvjetom-i-uticnicom-kliznim-ogledalom-bijela\/#breadcrumb\"},\"inLanguage\":\"sr-RS\",\"potentialAction\":[{\"@type\":\"ReadAction\",\"target\":[\"https:\/\/inti.hr\/sr\/proizvod\/toaletni-stolic-s-led-rasvjetom-i-uticnicom-kliznim-ogledalom-bijela\/\"]}]},{\"@type\":\"ImageObject\",\"inLanguage\":\"sr-RS\",\"@id\":\"https:\/\/inti.hr\/sr\/proizvod\/toaletni-stolic-s-led-rasvjetom-i-uticnicom-kliznim-ogledalom-bijela\/#primaryimage\",\"url\":\"https:\/\/i0.wp.com\/inti.hr\/wp-content\/uploads\/2026\/03\/Schminktisch-mit-LED-Beleuchtung-Steckdose-Verschiebbarer-Spiegel-W0ITT7242-Weiss1_600x600.jpg?fit=590%2C600&ssl=1\",\"contentUrl\":\"https:\/\/i0.wp.com\/inti.hr\/wp-content\/uploads\/2026\/03\/Schminktisch-mit-LED-Beleuchtung-Steckdose-Verschiebbarer-Spiegel-W0ITT7242-Weiss1_600x600.jpg?fit=590%2C600&ssl=1\",\"width\":590,\"height\":600,\"caption\":\"WOLTU toaletni stoli\u0107 s LED rasvjetom i uti\u010dnicom, kliznim ogledalom, bijela\"},{\"@type\":\"BreadcrumbList\",\"@id\":\"https:\/\/inti.hr\/sr\/proizvod\/toaletni-stolic-s-led-rasvjetom-i-uticnicom-kliznim-ogledalom-bijela\/#breadcrumb\",\"itemListElement\":[{\"@type\":\"ListItem\",\"position\":1,\"name\":\"Po\u010detna stranica\",\"item\":\"https:\/\/inti.hr\/sr\/\"},{\"@type\":\"ListItem\",\"position\":2,\"name\":\"Prodavnica\",\"item\":\"https:\/\/inti.hr\/sr\/prodavnica\/\"},{\"@type\":\"ListItem\",\"position\":3,\"name\":\"Toaletni stoli\u0107 s LED rasvjetom i uti\u010dnicom, kliznim ogledalom, bijela\"}]},{\"@type\":\"WebSite\",\"@id\":\"https:\/\/inti.hr\/sr\/#website\",\"url\":\"https:\/\/inti.hr\/sr\/\",\"name\":\"Inti\",\"description\":\"trgovina\",\"potentialAction\":[{\"@type\":\"SearchAction\",\"target\":{\"@type\":\"EntryPoint\",\"urlTemplate\":\"https:\/\/inti.hr\/sr\/?s={search_term_string}\"},\"query-input\":{\"@type\":\"PropertyValueSpecification\",\"valueRequired\":true,\"valueName\":\"search_term_string\"}}],\"inLanguage\":\"sr-RS\"}]}<\/script>\n<!-- \/ Yoast SEO plugin. -->","yoast_head_json":{"title":"Toaletni stoli\u0107 s LED rasvjetom i uti\u010dnicom, kliznim ogledalom, bijela - Inti","description":"SVESTRANI PROSTOR ZA POHRANU: Toaletni stoli\u0107 nudi 9 ladica, kutiju za pohranu sa 6 kuka, dr\u017ea\u010d za su\u0161ilo za kosu i nekoliko polica \u2013 za uredno i lako dostupno spremanje nakita, su\u0161ila za kosu i kozmetike.TOALETNI STOLI\u0106 S PRIGU\u0160IVIM OSVJETLJENJEM: LED svjetlosna traka na toaletnom stoli\u0107u nudi 3 na\u010dina rada boja. Kratkim pritiskom odabire se boja svjetla, dugim pritiskom se prigu\u0161uje svjetlina \u2013 pogodno za \u0161minkanje, njegu ko\u017ee ili stvaranje razli\u010ditih atmosfera u prostoriji.HD KLIZNO OGLEDALO: Kozmeti\u010dko ogledalo se lako pomi\u010de lijevo i desno, omogu\u0107uju\u0107i jednostavan pristup unutra\u0161njosti. Uklonjivo ogledalo s 5x pove\u0107anjem \u2013 mo\u017ee se koristiti pojedina\u010dno ili s glavnim ogledalom za precizne detalje.INTEGRIRANE UTI\u010cNICE: Dizajniran za moderan \u017eivot, osvijetljeni toaletni stoli\u0107 ima dvije AC uti\u010dnice, jedan USB priklju\u010dak i jedan Type-C priklju\u010dak za punjenje mobitela, tableta, su\u0161ila za kosu i uvija\u010da za kosu. Duljina kabela: 1,5 m.MODERAN: Bijela povr\u0161ina s ladicama bez ru\u010dki savr\u0161eno se uklapa u nordijske, moderne stilove ure\u0111enja interijera. Toaletni stoli\u0107 s ogledalom nudi prakti\u010dan prostor za pohranu i elegantan ukras, izra\u0111en od FSC certificiranog drva visoke kvalitete.","robots":{"index":"index","follow":"follow","max-snippet":"max-snippet:-1","max-image-preview":"max-image-preview:large","max-video-preview":"max-video-preview:-1"},"canonical":"https:\/\/inti.hr\/sr\/proizvod\/toaletni-stolic-s-led-rasvjetom-i-uticnicom-kliznim-ogledalom-bijela\/","og_locale":"sr_RS","og_type":"article","og_title":"Toaletni stoli\u0107 s LED rasvjetom i uti\u010dnicom, kliznim ogledalom, bijela - Inti","og_description":"SVESTRANI PROSTOR ZA POHRANU: Toaletni stoli\u0107 nudi 9 ladica, kutiju za pohranu sa 6 kuka, dr\u017ea\u010d za su\u0161ilo za kosu i nekoliko polica \u2013 za uredno i lako dostupno spremanje nakita, su\u0161ila za kosu i kozmetike.TOALETNI STOLI\u0106 S PRIGU\u0160IVIM OSVJETLJENJEM: LED svjetlosna traka na toaletnom stoli\u0107u nudi 3 na\u010dina rada boja. Kratkim pritiskom odabire se boja svjetla, dugim pritiskom se prigu\u0161uje svjetlina \u2013 pogodno za \u0161minkanje, njegu ko\u017ee ili stvaranje razli\u010ditih atmosfera u prostoriji.HD KLIZNO OGLEDALO: Kozmeti\u010dko ogledalo se lako pomi\u010de lijevo i desno, omogu\u0107uju\u0107i jednostavan pristup unutra\u0161njosti. Uklonjivo ogledalo s 5x pove\u0107anjem \u2013 mo\u017ee se koristiti pojedina\u010dno ili s glavnim ogledalom za precizne detalje.INTEGRIRANE UTI\u010cNICE: Dizajniran za moderan \u017eivot, osvijetljeni toaletni stoli\u0107 ima dvije AC uti\u010dnice, jedan USB priklju\u010dak i jedan Type-C priklju\u010dak za punjenje mobitela, tableta, su\u0161ila za kosu i uvija\u010da za kosu. Duljina kabela: 1,5 m.MODERAN: Bijela povr\u0161ina s ladicama bez ru\u010dki savr\u0161eno se uklapa u nordijske, moderne stilove ure\u0111enja interijera. Toaletni stoli\u0107 s ogledalom nudi prakti\u010dan prostor za pohranu i elegantan ukras, izra\u0111en od FSC certificiranog drva visoke kvalitete.","og_url":"https:\/\/inti.hr\/sr\/proizvod\/toaletni-stolic-s-led-rasvjetom-i-uticnicom-kliznim-ogledalom-bijela\/","og_site_name":"Inti","og_image":[{"width":590,"height":600,"url":"https:\/\/i0.wp.com\/inti.hr\/wp-content\/uploads\/2026\/03\/Schminktisch-mit-LED-Beleuchtung-Steckdose-Verschiebbarer-Spiegel-W0ITT7242-Weiss1_600x600.jpg?fit=590%2C600&ssl=1","type":"image\/jpeg"}],"twitter_card":"summary_large_image","schema":{"@context":"https:\/\/schema.org","@graph":[{"@type":"WebPage","@id":"https:\/\/inti.hr\/sr\/proizvod\/toaletni-stolic-s-led-rasvjetom-i-uticnicom-kliznim-ogledalom-bijela\/","url":"https:\/\/inti.hr\/sr\/proizvod\/toaletni-stolic-s-led-rasvjetom-i-uticnicom-kliznim-ogledalom-bijela\/","name":"Toaletni stoli\u0107 s LED rasvjetom i uti\u010dnicom, kliznim ogledalom, bijela - Inti","isPartOf":{"@id":"https:\/\/inti.hr\/sr\/#website"},"primaryImageOfPage":{"@id":"https:\/\/inti.hr\/sr\/proizvod\/toaletni-stolic-s-led-rasvjetom-i-uticnicom-kliznim-ogledalom-bijela\/#primaryimage"},"image":{"@id":"https:\/\/inti.hr\/sr\/proizvod\/toaletni-stolic-s-led-rasvjetom-i-uticnicom-kliznim-ogledalom-bijela\/#primaryimage"},"thumbnailUrl":"https:\/\/i0.wp.com\/inti.hr\/wp-content\/uploads\/2026\/03\/Schminktisch-mit-LED-Beleuchtung-Steckdose-Verschiebbarer-Spiegel-W0ITT7242-Weiss1_600x600.jpg?fit=590%2C600&ssl=1","datePublished":"2026-03-30T09:36:09+00:00","dateModified":"2026-03-30T09:36:09+00:00","description":"SVESTRANI PROSTOR ZA POHRANU: Toaletni stoli\u0107 nudi 9 ladica, kutiju za pohranu sa 6 kuka, dr\u017ea\u010d za su\u0161ilo za kosu i nekoliko polica \u2013 za uredno i lako dostupno spremanje nakita, su\u0161ila za kosu i kozmetike.TOALETNI STOLI\u0106 S PRIGU\u0160IVIM OSVJETLJENJEM: LED svjetlosna traka na toaletnom stoli\u0107u nudi 3 na\u010dina rada boja. Kratkim pritiskom odabire se boja svjetla, dugim pritiskom se prigu\u0161uje svjetlina \u2013 pogodno za \u0161minkanje, njegu ko\u017ee ili stvaranje razli\u010ditih atmosfera u prostoriji.HD KLIZNO OGLEDALO: Kozmeti\u010dko ogledalo se lako pomi\u010de lijevo i desno, omogu\u0107uju\u0107i jednostavan pristup unutra\u0161njosti. Uklonjivo ogledalo s 5x pove\u0107anjem \u2013 mo\u017ee se koristiti pojedina\u010dno ili s glavnim ogledalom za precizne detalje.INTEGRIRANE UTI\u010cNICE: Dizajniran za moderan \u017eivot, osvijetljeni toaletni stoli\u0107 ima dvije AC uti\u010dnice, jedan USB priklju\u010dak i jedan Type-C priklju\u010dak za punjenje mobitela, tableta, su\u0161ila za kosu i uvija\u010da za kosu. Duljina kabela: 1,5 m.MODERAN: Bijela povr\u0161ina s ladicama bez ru\u010dki savr\u0161eno se uklapa u nordijske, moderne stilove ure\u0111enja interijera. Toaletni stoli\u0107 s ogledalom nudi prakti\u010dan prostor za pohranu i elegantan ukras, izra\u0111en od FSC certificiranog drva visoke kvalitete.","breadcrumb":{"@id":"https:\/\/inti.hr\/sr\/proizvod\/toaletni-stolic-s-led-rasvjetom-i-uticnicom-kliznim-ogledalom-bijela\/#breadcrumb"},"inLanguage":"sr-RS","potentialAction":[{"@type":"ReadAction","target":["https:\/\/inti.hr\/sr\/proizvod\/toaletni-stolic-s-led-rasvjetom-i-uticnicom-kliznim-ogledalom-bijela\/"]}]},{"@type":"ImageObject","inLanguage":"sr-RS","@id":"https:\/\/inti.hr\/sr\/proizvod\/toaletni-stolic-s-led-rasvjetom-i-uticnicom-kliznim-ogledalom-bijela\/#primaryimage","url":"https:\/\/i0.wp.com\/inti.hr\/wp-content\/uploads\/2026\/03\/Schminktisch-mit-LED-Beleuchtung-Steckdose-Verschiebbarer-Spiegel-W0ITT7242-Weiss1_600x600.jpg?fit=590%2C600&ssl=1","contentUrl":"https:\/\/i0.wp.com\/inti.hr\/wp-content\/uploads\/2026\/03\/Schminktisch-mit-LED-Beleuchtung-Steckdose-Verschiebbarer-Spiegel-W0ITT7242-Weiss1_600x600.jpg?fit=590%2C600&ssl=1","width":590,"height":600,"caption":"WOLTU toaletni stoli\u0107 s LED rasvjetom i uti\u010dnicom, kliznim ogledalom, bijela"},{"@type":"BreadcrumbList","@id":"https:\/\/inti.hr\/sr\/proizvod\/toaletni-stolic-s-led-rasvjetom-i-uticnicom-kliznim-ogledalom-bijela\/#breadcrumb","itemListElement":[{"@type":"ListItem","position":1,"name":"Po\u010detna stranica","item":"https:\/\/inti.hr\/sr\/"},{"@type":"ListItem","position":2,"name":"Prodavnica","item":"https:\/\/inti.hr\/sr\/prodavnica\/"},{"@type":"ListItem","position":3,"name":"Toaletni stoli\u0107 s LED rasvjetom i uti\u010dnicom, kliznim ogledalom, bijela"}]},{"@type":"WebSite","@id":"https:\/\/inti.hr\/sr\/#website","url":"https:\/\/inti.hr\/sr\/","name":"Inti","description":"trgovina","potentialAction":[{"@type":"SearchAction","target":{"@type":"EntryPoint","urlTemplate":"https:\/\/inti.hr\/sr\/?s={search_term_string}"},"query-input":{"@type":"PropertyValueSpecification","valueRequired":true,"valueName":"search_term_string"}}],"inLanguage":"sr-RS"}]}},"jetpack_sharing_enabled":true,"jetpack-related-posts":[],"_links":{"self":[{"href":"https:\/\/inti.hr\/sr\/wp-json\/wp\/v2\/product\/30379"}],"collection":[{"href":"https:\/\/inti.hr\/sr\/wp-json\/wp\/v2\/product"}],"about":[{"href":"https:\/\/inti.hr\/sr\/wp-json\/wp\/v2\/types\/product"}],"wp:featuredmedia":[{"embeddable":true,"href":"https:\/\/inti.hr\/sr\/wp-json\/wp\/v2\/media\/30380"}],"wp:attachment":[{"href":"https:\/\/inti.hr\/sr\/wp-json\/wp\/v2\/media?parent=30379"}],"wp:term":[{"taxonomy":"product_cat","embeddable":true,"href":"https:\/\/inti.hr\/sr\/wp-json\/wp\/v2\/product_cat?post=30379"},{"taxonomy":"product_tag","embeddable":true,"href":"https:\/\/inti.hr\/sr\/wp-json\/wp\/v2\/product_tag?post=30379"}],"curies":[{"name":"wp","href":"https:\/\/api.w.org\/{rel}","templated":true}]}}