{"id":30383,"date":"2026-03-30T10:30:37","date_gmt":"2026-03-30T09:30:37","guid":{"rendered":"https:\/\/inti.hr\/product\/okrugli-toaletni-stolac-s-prostorom-za-pohranu-43-x-47-cm\/"},"modified":"2026-03-30T10:30:37","modified_gmt":"2026-03-30T09:30:37","slug":"okrugli-toaletni-stolac-s-prostorom-za-pohranu-43-x-47-cm","status":"publish","type":"product","link":"https:\/\/inti.hr\/sr\/proizvod\/okrugli-toaletni-stolac-s-prostorom-za-pohranu-43-x-47-cm\/","title":{"rendered":"Okrugli toaletni stolac s prostorom za pohranu,  43 x 47 cm"},"content":{"rendered":"<p>Detalji o proizvodu:<br \/>\nBoja: Krem bijela<br \/>\nMaterijali: MDF (vlaknasta plo\u010da srednje gusto\u0107e), bar\u0161un, pjena, netkani materijal, papir<br \/>\nVeli\u010dina: promjer 43 cm, visina 47 cm<br \/>\nTe\u017eina: 4,7 kg<br \/>\nMaksimalna stati\u010dka nosivost: 150 kg<br \/>\nKapacitet: 30 l<\/p>\n","protected":false},"excerpt":{"rendered":"<ul class=\"left\">\n<li><span dir=\"auto\">Svestran \u0161arm: Svojom preklapaju\u0107om siluetom u obliku krafne, &#8230;<br \/>\n","protected":false},"featured_media":30384,"template":"","meta":[],"product_cat":[2421,2416],"product_tag":[2422,2423],"yoast_head":"<!-- This site is optimized with the Yoast SEO plugin v23.7 - https:\/\/yoast.com\/wordpress\/plugins\/seo\/ -->\n<title>Okrugli toaletni stolac s prostorom za pohranu, 43 x 47 cm - Inti<\/title>\n<meta name=\"description\" content=\"Svestran \u0161arm: Svojom preklapaju\u0107om siluetom u obliku krafne, ovaj puf dodaje topao i razigran dodir. Koristite ga kao tabure u dnevnoj sobi, toaletni stoli\u0107 u spava\u0107oj sobi ili klupu za cipele u predsoblju: Savr\u0161eno se uklapa bilo gdje.\u0160iroko i mekano sjedalo: Sjedalo promjera 43 cm prekriveno je mekom bar\u0161unastom tkaninom i podstavljeno s 10 cm pjene, nude\u0107i izvrsnu potporu i udobnost bez obzira odmarate li noge ili sjedite neko vrijeme.Robustan i stabilan: Zahvaljuju\u0107i MDF plo\u010di debljine 9 mm, ovaj otoman za pohranu mo\u017ee podnijeti do 150 kg i nudi vam \u010dvrsto i sigurno sjedalo. 6 podesivih no\u017eica pobolj\u0161ava stabilnost i \u0161tite pod od ogrebotina.Skriveni pretinac za smanjenje nereda: S unutarnjim dimenzijama 34 x 33 cm (promjer) i visinom od x cm, ovaj okrugli puf nudi kapacitet od 30 L. Spremite deke, \u010dasopise i druge svakodnevne predmete kako biste organizirali svoj prostor.Brza i jednostavna monta\u017ea: Ova tapecirana stolica dolazi gotovo u potpunosti sastavljena; samo trebate pri\u010dvrstiti 6 podesivih no\u017eica i spremna je za upotrebu za nekoliko minuta.\" \/>\n<meta name=\"robots\" content=\"index, follow, max-snippet:-1, max-image-preview:large, max-video-preview:-1\" \/>\n<link rel=\"canonical\" href=\"https:\/\/inti.hr\/sr\/proizvod\/okrugli-toaletni-stolac-s-prostorom-za-pohranu-43-x-47-cm\/\" \/>\n<meta property=\"og:locale\" content=\"sr_RS\" \/>\n<meta property=\"og:type\" content=\"article\" \/>\n<meta property=\"og:title\" content=\"Okrugli toaletni stolac s prostorom za pohranu, 43 x 47 cm - Inti\" \/>\n<meta property=\"og:description\" content=\"Svestran \u0161arm: Svojom preklapaju\u0107om siluetom u obliku krafne, ovaj puf dodaje topao i razigran dodir. Koristite ga kao tabure u dnevnoj sobi, toaletni stoli\u0107 u spava\u0107oj sobi ili klupu za cipele u predsoblju: Savr\u0161eno se uklapa bilo gdje.\u0160iroko i mekano sjedalo: Sjedalo promjera 43 cm prekriveno je mekom bar\u0161unastom tkaninom i podstavljeno s 10 cm pjene, nude\u0107i izvrsnu potporu i udobnost bez obzira odmarate li noge ili sjedite neko vrijeme.Robustan i stabilan: Zahvaljuju\u0107i MDF plo\u010di debljine 9 mm, ovaj otoman za pohranu mo\u017ee podnijeti do 150 kg i nudi vam \u010dvrsto i sigurno sjedalo. 6 podesivih no\u017eica pobolj\u0161ava stabilnost i \u0161tite pod od ogrebotina.Skriveni pretinac za smanjenje nereda: S unutarnjim dimenzijama 34 x 33 cm (promjer) i visinom od x cm, ovaj okrugli puf nudi kapacitet od 30 L. Spremite deke, \u010dasopise i druge svakodnevne predmete kako biste organizirali svoj prostor.Brza i jednostavna monta\u017ea: Ova tapecirana stolica dolazi gotovo u potpunosti sastavljena; samo trebate pri\u010dvrstiti 6 podesivih no\u017eica i spremna je za upotrebu za nekoliko minuta.\" \/>\n<meta property=\"og:url\" content=\"https:\/\/inti.hr\/sr\/proizvod\/okrugli-toaletni-stolac-s-prostorom-za-pohranu-43-x-47-cm\/\" \/>\n<meta property=\"og:site_name\" content=\"Inti\" \/>\n<meta property=\"og:image\" content=\"https:\/\/i0.wp.com\/inti.hr\/wp-content\/uploads\/2026\/03\/LOM018LH01-1.jpg?fit=1000%2C1000&ssl=1\" \/>\n\t<meta property=\"og:image:width\" content=\"1000\" \/>\n\t<meta property=\"og:image:height\" content=\"1000\" \/>\n\t<meta property=\"og:image:type\" content=\"image\/jpeg\" \/>\n<meta name=\"twitter:card\" content=\"summary_large_image\" \/>\n<script type=\"application\/ld+json\" class=\"yoast-schema-graph\">{\"@context\":\"https:\/\/schema.org\",\"@graph\":[{\"@type\":\"WebPage\",\"@id\":\"https:\/\/inti.hr\/sr\/proizvod\/okrugli-toaletni-stolac-s-prostorom-za-pohranu-43-x-47-cm\/\",\"url\":\"https:\/\/inti.hr\/sr\/proizvod\/okrugli-toaletni-stolac-s-prostorom-za-pohranu-43-x-47-cm\/\",\"name\":\"Okrugli toaletni stolac s prostorom za pohranu, 43 x 47 cm - Inti\",\"isPartOf\":{\"@id\":\"https:\/\/inti.hr\/sr\/#website\"},\"primaryImageOfPage\":{\"@id\":\"https:\/\/inti.hr\/sr\/proizvod\/okrugli-toaletni-stolac-s-prostorom-za-pohranu-43-x-47-cm\/#primaryimage\"},\"image\":{\"@id\":\"https:\/\/inti.hr\/sr\/proizvod\/okrugli-toaletni-stolac-s-prostorom-za-pohranu-43-x-47-cm\/#primaryimage\"},\"thumbnailUrl\":\"https:\/\/i0.wp.com\/inti.hr\/wp-content\/uploads\/2026\/03\/LOM018LH01-1.jpg?fit=1000%2C1000&ssl=1\",\"datePublished\":\"2026-03-30T09:30:37+00:00\",\"dateModified\":\"2026-03-30T09:30:37+00:00\",\"description\":\"Svestran \u0161arm: Svojom preklapaju\u0107om siluetom u obliku krafne, ovaj puf dodaje topao i razigran dodir. Koristite ga kao tabure u dnevnoj sobi, toaletni stoli\u0107 u spava\u0107oj sobi ili klupu za cipele u predsoblju: Savr\u0161eno se uklapa bilo gdje.\u0160iroko i mekano sjedalo: Sjedalo promjera 43 cm prekriveno je mekom bar\u0161unastom tkaninom i podstavljeno s 10 cm pjene, nude\u0107i izvrsnu potporu i udobnost bez obzira odmarate li noge ili sjedite neko vrijeme.Robustan i stabilan: Zahvaljuju\u0107i MDF plo\u010di debljine 9 mm, ovaj otoman za pohranu mo\u017ee podnijeti do 150 kg i nudi vam \u010dvrsto i sigurno sjedalo. 6 podesivih no\u017eica pobolj\u0161ava stabilnost i \u0161tite pod od ogrebotina.Skriveni pretinac za smanjenje nereda: S unutarnjim dimenzijama 34 x 33 cm (promjer) i visinom od x cm, ovaj okrugli puf nudi kapacitet od 30 L. Spremite deke, \u010dasopise i druge svakodnevne predmete kako biste organizirali svoj prostor.Brza i jednostavna monta\u017ea: Ova tapecirana stolica dolazi gotovo u potpunosti sastavljena; samo trebate pri\u010dvrstiti 6 podesivih no\u017eica i spremna je za upotrebu za nekoliko minuta.\",\"breadcrumb\":{\"@id\":\"https:\/\/inti.hr\/sr\/proizvod\/okrugli-toaletni-stolac-s-prostorom-za-pohranu-43-x-47-cm\/#breadcrumb\"},\"inLanguage\":\"sr-RS\",\"potentialAction\":[{\"@type\":\"ReadAction\",\"target\":[\"https:\/\/inti.hr\/sr\/proizvod\/okrugli-toaletni-stolac-s-prostorom-za-pohranu-43-x-47-cm\/\"]}]},{\"@type\":\"ImageObject\",\"inLanguage\":\"sr-RS\",\"@id\":\"https:\/\/inti.hr\/sr\/proizvod\/okrugli-toaletni-stolac-s-prostorom-za-pohranu-43-x-47-cm\/#primaryimage\",\"url\":\"https:\/\/i0.wp.com\/inti.hr\/wp-content\/uploads\/2026\/03\/LOM018LH01-1.jpg?fit=1000%2C1000&ssl=1\",\"contentUrl\":\"https:\/\/i0.wp.com\/inti.hr\/wp-content\/uploads\/2026\/03\/LOM018LH01-1.jpg?fit=1000%2C1000&ssl=1\",\"width\":1000,\"height\":1000,\"caption\":\"SONGMICS Okrugli toaletni stolac s prostorom za pohranu, uklonjivi poklopac, 43 x 47 cm, krem \u200b\u200bbijela\"},{\"@type\":\"BreadcrumbList\",\"@id\":\"https:\/\/inti.hr\/sr\/proizvod\/okrugli-toaletni-stolac-s-prostorom-za-pohranu-43-x-47-cm\/#breadcrumb\",\"itemListElement\":[{\"@type\":\"ListItem\",\"position\":1,\"name\":\"Po\u010detna stranica\",\"item\":\"https:\/\/inti.hr\/sr\/\"},{\"@type\":\"ListItem\",\"position\":2,\"name\":\"Prodavnica\",\"item\":\"https:\/\/inti.hr\/sr\/prodavnica\/\"},{\"@type\":\"ListItem\",\"position\":3,\"name\":\"Okrugli toaletni stolac s prostorom za pohranu, 43 x 47 cm\"}]},{\"@type\":\"WebSite\",\"@id\":\"https:\/\/inti.hr\/sr\/#website\",\"url\":\"https:\/\/inti.hr\/sr\/\",\"name\":\"Inti\",\"description\":\"trgovina\",\"potentialAction\":[{\"@type\":\"SearchAction\",\"target\":{\"@type\":\"EntryPoint\",\"urlTemplate\":\"https:\/\/inti.hr\/sr\/?s={search_term_string}\"},\"query-input\":{\"@type\":\"PropertyValueSpecification\",\"valueRequired\":true,\"valueName\":\"search_term_string\"}}],\"inLanguage\":\"sr-RS\"}]}<\/script>\n<!-- \/ Yoast SEO plugin. -->","yoast_head_json":{"title":"Okrugli toaletni stolac s prostorom za pohranu, 43 x 47 cm - Inti","description":"Svestran \u0161arm: Svojom preklapaju\u0107om siluetom u obliku krafne, ovaj puf dodaje topao i razigran dodir. Koristite ga kao tabure u dnevnoj sobi, toaletni stoli\u0107 u spava\u0107oj sobi ili klupu za cipele u predsoblju: Savr\u0161eno se uklapa bilo gdje.\u0160iroko i mekano sjedalo: Sjedalo promjera 43 cm prekriveno je mekom bar\u0161unastom tkaninom i podstavljeno s 10 cm pjene, nude\u0107i izvrsnu potporu i udobnost bez obzira odmarate li noge ili sjedite neko vrijeme.Robustan i stabilan: Zahvaljuju\u0107i MDF plo\u010di debljine 9 mm, ovaj otoman za pohranu mo\u017ee podnijeti do 150 kg i nudi vam \u010dvrsto i sigurno sjedalo. 6 podesivih no\u017eica pobolj\u0161ava stabilnost i \u0161tite pod od ogrebotina.Skriveni pretinac za smanjenje nereda: S unutarnjim dimenzijama 34 x 33 cm (promjer) i visinom od x cm, ovaj okrugli puf nudi kapacitet od 30 L. Spremite deke, \u010dasopise i druge svakodnevne predmete kako biste organizirali svoj prostor.Brza i jednostavna monta\u017ea: Ova tapecirana stolica dolazi gotovo u potpunosti sastavljena; samo trebate pri\u010dvrstiti 6 podesivih no\u017eica i spremna je za upotrebu za nekoliko minuta.","robots":{"index":"index","follow":"follow","max-snippet":"max-snippet:-1","max-image-preview":"max-image-preview:large","max-video-preview":"max-video-preview:-1"},"canonical":"https:\/\/inti.hr\/sr\/proizvod\/okrugli-toaletni-stolac-s-prostorom-za-pohranu-43-x-47-cm\/","og_locale":"sr_RS","og_type":"article","og_title":"Okrugli toaletni stolac s prostorom za pohranu, 43 x 47 cm - Inti","og_description":"Svestran \u0161arm: Svojom preklapaju\u0107om siluetom u obliku krafne, ovaj puf dodaje topao i razigran dodir. Koristite ga kao tabure u dnevnoj sobi, toaletni stoli\u0107 u spava\u0107oj sobi ili klupu za cipele u predsoblju: Savr\u0161eno se uklapa bilo gdje.\u0160iroko i mekano sjedalo: Sjedalo promjera 43 cm prekriveno je mekom bar\u0161unastom tkaninom i podstavljeno s 10 cm pjene, nude\u0107i izvrsnu potporu i udobnost bez obzira odmarate li noge ili sjedite neko vrijeme.Robustan i stabilan: Zahvaljuju\u0107i MDF plo\u010di debljine 9 mm, ovaj otoman za pohranu mo\u017ee podnijeti do 150 kg i nudi vam \u010dvrsto i sigurno sjedalo. 6 podesivih no\u017eica pobolj\u0161ava stabilnost i \u0161tite pod od ogrebotina.Skriveni pretinac za smanjenje nereda: S unutarnjim dimenzijama 34 x 33 cm (promjer) i visinom od x cm, ovaj okrugli puf nudi kapacitet od 30 L. Spremite deke, \u010dasopise i druge svakodnevne predmete kako biste organizirali svoj prostor.Brza i jednostavna monta\u017ea: Ova tapecirana stolica dolazi gotovo u potpunosti sastavljena; samo trebate pri\u010dvrstiti 6 podesivih no\u017eica i spremna je za upotrebu za nekoliko minuta.","og_url":"https:\/\/inti.hr\/sr\/proizvod\/okrugli-toaletni-stolac-s-prostorom-za-pohranu-43-x-47-cm\/","og_site_name":"Inti","og_image":[{"width":1000,"height":1000,"url":"https:\/\/i0.wp.com\/inti.hr\/wp-content\/uploads\/2026\/03\/LOM018LH01-1.jpg?fit=1000%2C1000&ssl=1","type":"image\/jpeg"}],"twitter_card":"summary_large_image","schema":{"@context":"https:\/\/schema.org","@graph":[{"@type":"WebPage","@id":"https:\/\/inti.hr\/sr\/proizvod\/okrugli-toaletni-stolac-s-prostorom-za-pohranu-43-x-47-cm\/","url":"https:\/\/inti.hr\/sr\/proizvod\/okrugli-toaletni-stolac-s-prostorom-za-pohranu-43-x-47-cm\/","name":"Okrugli toaletni stolac s prostorom za pohranu, 43 x 47 cm - Inti","isPartOf":{"@id":"https:\/\/inti.hr\/sr\/#website"},"primaryImageOfPage":{"@id":"https:\/\/inti.hr\/sr\/proizvod\/okrugli-toaletni-stolac-s-prostorom-za-pohranu-43-x-47-cm\/#primaryimage"},"image":{"@id":"https:\/\/inti.hr\/sr\/proizvod\/okrugli-toaletni-stolac-s-prostorom-za-pohranu-43-x-47-cm\/#primaryimage"},"thumbnailUrl":"https:\/\/i0.wp.com\/inti.hr\/wp-content\/uploads\/2026\/03\/LOM018LH01-1.jpg?fit=1000%2C1000&ssl=1","datePublished":"2026-03-30T09:30:37+00:00","dateModified":"2026-03-30T09:30:37+00:00","description":"Svestran \u0161arm: Svojom preklapaju\u0107om siluetom u obliku krafne, ovaj puf dodaje topao i razigran dodir. Koristite ga kao tabure u dnevnoj sobi, toaletni stoli\u0107 u spava\u0107oj sobi ili klupu za cipele u predsoblju: Savr\u0161eno se uklapa bilo gdje.\u0160iroko i mekano sjedalo: Sjedalo promjera 43 cm prekriveno je mekom bar\u0161unastom tkaninom i podstavljeno s 10 cm pjene, nude\u0107i izvrsnu potporu i udobnost bez obzira odmarate li noge ili sjedite neko vrijeme.Robustan i stabilan: Zahvaljuju\u0107i MDF plo\u010di debljine 9 mm, ovaj otoman za pohranu mo\u017ee podnijeti do 150 kg i nudi vam \u010dvrsto i sigurno sjedalo. 6 podesivih no\u017eica pobolj\u0161ava stabilnost i \u0161tite pod od ogrebotina.Skriveni pretinac za smanjenje nereda: S unutarnjim dimenzijama 34 x 33 cm (promjer) i visinom od x cm, ovaj okrugli puf nudi kapacitet od 30 L. Spremite deke, \u010dasopise i druge svakodnevne predmete kako biste organizirali svoj prostor.Brza i jednostavna monta\u017ea: Ova tapecirana stolica dolazi gotovo u potpunosti sastavljena; samo trebate pri\u010dvrstiti 6 podesivih no\u017eica i spremna je za upotrebu za nekoliko minuta.","breadcrumb":{"@id":"https:\/\/inti.hr\/sr\/proizvod\/okrugli-toaletni-stolac-s-prostorom-za-pohranu-43-x-47-cm\/#breadcrumb"},"inLanguage":"sr-RS","potentialAction":[{"@type":"ReadAction","target":["https:\/\/inti.hr\/sr\/proizvod\/okrugli-toaletni-stolac-s-prostorom-za-pohranu-43-x-47-cm\/"]}]},{"@type":"ImageObject","inLanguage":"sr-RS","@id":"https:\/\/inti.hr\/sr\/proizvod\/okrugli-toaletni-stolac-s-prostorom-za-pohranu-43-x-47-cm\/#primaryimage","url":"https:\/\/i0.wp.com\/inti.hr\/wp-content\/uploads\/2026\/03\/LOM018LH01-1.jpg?fit=1000%2C1000&ssl=1","contentUrl":"https:\/\/i0.wp.com\/inti.hr\/wp-content\/uploads\/2026\/03\/LOM018LH01-1.jpg?fit=1000%2C1000&ssl=1","width":1000,"height":1000,"caption":"SONGMICS Okrugli toaletni stolac s prostorom za pohranu, uklonjivi poklopac, 43 x 47 cm, krem \u200b\u200bbijela"},{"@type":"BreadcrumbList","@id":"https:\/\/inti.hr\/sr\/proizvod\/okrugli-toaletni-stolac-s-prostorom-za-pohranu-43-x-47-cm\/#breadcrumb","itemListElement":[{"@type":"ListItem","position":1,"name":"Po\u010detna stranica","item":"https:\/\/inti.hr\/sr\/"},{"@type":"ListItem","position":2,"name":"Prodavnica","item":"https:\/\/inti.hr\/sr\/prodavnica\/"},{"@type":"ListItem","position":3,"name":"Okrugli toaletni stolac s prostorom za pohranu, 43 x 47 cm"}]},{"@type":"WebSite","@id":"https:\/\/inti.hr\/sr\/#website","url":"https:\/\/inti.hr\/sr\/","name":"Inti","description":"trgovina","potentialAction":[{"@type":"SearchAction","target":{"@type":"EntryPoint","urlTemplate":"https:\/\/inti.hr\/sr\/?s={search_term_string}"},"query-input":{"@type":"PropertyValueSpecification","valueRequired":true,"valueName":"search_term_string"}}],"inLanguage":"sr-RS"}]}},"jetpack_sharing_enabled":true,"jetpack-related-posts":[],"_links":{"self":[{"href":"https:\/\/inti.hr\/sr\/wp-json\/wp\/v2\/product\/30383"}],"collection":[{"href":"https:\/\/inti.hr\/sr\/wp-json\/wp\/v2\/product"}],"about":[{"href":"https:\/\/inti.hr\/sr\/wp-json\/wp\/v2\/types\/product"}],"wp:featuredmedia":[{"embeddable":true,"href":"https:\/\/inti.hr\/sr\/wp-json\/wp\/v2\/media\/30384"}],"wp:attachment":[{"href":"https:\/\/inti.hr\/sr\/wp-json\/wp\/v2\/media?parent=30383"}],"wp:term":[{"taxonomy":"product_cat","embeddable":true,"href":"https:\/\/inti.hr\/sr\/wp-json\/wp\/v2\/product_cat?post=30383"},{"taxonomy":"product_tag","embeddable":true,"href":"https:\/\/inti.hr\/sr\/wp-json\/wp\/v2\/product_tag?post=30383"}],"curies":[{"name":"wp","href":"https:\/\/api.w.org\/{rel}","templated":true}]}}