{"id":30402,"date":"2026-03-25T09:26:12","date_gmt":"2026-03-25T08:26:12","guid":{"rendered":"https:\/\/inti.hr\/product\/polica-za-knjige-u-obliku-stabla-203-x-38-x-1232-cm\/"},"modified":"2026-03-25T09:26:12","modified_gmt":"2026-03-25T08:26:12","slug":"polica-za-knjige-u-obliku-stabla-203-x-38-x-1232-cm","status":"publish","type":"product","link":"https:\/\/inti.hr\/sr\/proizvod\/polica-za-knjige-u-obliku-stabla-203-x-38-x-1232-cm\/","title":{"rendered":"Polica za knjige u obliku stabla 20,3 x 38 x 123,2 cm"},"content":{"rendered":"<p>Detalji o proizvodu:<br \/>\nBoja: Vintage sme\u0111a, bijela<br \/>\nMaterijal: Iverica<br \/>\nVeli\u010dina: 20 cm x 38 cm x 122 cm (D x \u0160 x V)<br \/>\nTe\u017eina: 8,5 kg<br \/>\nMaksimalna stati\u010dka nosivost po razini: 5 kg<br \/>\nMaksimalna ukupna stati\u010dka nosivost: 45 kg<\/p>\n","protected":false},"excerpt":{"rendered":"<ul class=\"left\">\n<li><span dir=\"auto\">Moderna i svestrana: Biblioteka iz kolekcije CUSTOS kombinira &#8230;<br \/>\n","protected":false},"featured_media":30404,"template":"","meta":[],"product_cat":[2421,2440],"product_tag":[2441,2442],"yoast_head":"<!-- This site is optimized with the Yoast SEO plugin v23.7 - https:\/\/yoast.com\/wordpress\/plugins\/seo\/ -->\n<title>Polica za knjige u obliku stabla 20,3 x 38 x 123,2 cm - Inti<\/title>\n<meta name=\"description\" content=\"Moderna i svestrana: Biblioteka iz kolekcije CUSTOS kombinira \u010diste linije s jedinstvenim oblikom nalik drvetu za elegantan izgled koji se besprijekorno uklapa u va\u0161 dom. Stvara skladan ukupni efekt u kombinaciji s ostalim namje\u0161tajem iz serije.Prakti\u010dna i kompaktna: Ova kutna polica, dimenzija 20,3 x 38 x 123,2 cm, pravo je \u010dudo za u\u0161tedu prostora pri pohrani knjiga, DVD-ova i \u010dasopisa. Idealna za ugodne kutove i male ni\u0161e, profesionalka je kada je u pitanju optimizacija prostora za pohranu.\u010cvrsta i sigurna: Ova samostoje\u0107a polica s 2 razine ima robusnu strukturu za izdr\u017eljivost i mo\u017ee podnijeti do 5 kg. Prilo\u017eeni komplet protiv prevrtanja, koji pri\u010dvr\u0161\u0107uje policu za zid, \u0161titi va\u0161 \u017eivotni prostor.Jednostavno \u010di\u0161\u0107enje: Ova polica za odlaganje izra\u0111ena je od visokokvalitetne iverice s furnirnom zavr\u0161nom obradom. Zbog toga je izdr\u017eljiva i jednostavna za \u010di\u0161\u0107enje vla\u017enom krpom.Brza i jednostavna monta\u017ea: Nisu potrebni dodatni alati! S jasno ozna\u010denim dijelovima i lako razumljivim uputama, monta\u017ea ove uredske police je izuzetno jednostavna.\" \/>\n<meta name=\"robots\" content=\"index, follow, max-snippet:-1, max-image-preview:large, max-video-preview:-1\" \/>\n<link rel=\"canonical\" href=\"https:\/\/inti.hr\/sr\/proizvod\/polica-za-knjige-u-obliku-stabla-203-x-38-x-1232-cm\/\" \/>\n<meta property=\"og:locale\" content=\"sr_RS\" \/>\n<meta property=\"og:type\" content=\"article\" \/>\n<meta property=\"og:title\" content=\"Polica za knjige u obliku stabla 20,3 x 38 x 123,2 cm - Inti\" \/>\n<meta property=\"og:description\" content=\"Moderna i svestrana: Biblioteka iz kolekcije CUSTOS kombinira \u010diste linije s jedinstvenim oblikom nalik drvetu za elegantan izgled koji se besprijekorno uklapa u va\u0161 dom. Stvara skladan ukupni efekt u kombinaciji s ostalim namje\u0161tajem iz serije.Prakti\u010dna i kompaktna: Ova kutna polica, dimenzija 20,3 x 38 x 123,2 cm, pravo je \u010dudo za u\u0161tedu prostora pri pohrani knjiga, DVD-ova i \u010dasopisa. Idealna za ugodne kutove i male ni\u0161e, profesionalka je kada je u pitanju optimizacija prostora za pohranu.\u010cvrsta i sigurna: Ova samostoje\u0107a polica s 2 razine ima robusnu strukturu za izdr\u017eljivost i mo\u017ee podnijeti do 5 kg. Prilo\u017eeni komplet protiv prevrtanja, koji pri\u010dvr\u0161\u0107uje policu za zid, \u0161titi va\u0161 \u017eivotni prostor.Jednostavno \u010di\u0161\u0107enje: Ova polica za odlaganje izra\u0111ena je od visokokvalitetne iverice s furnirnom zavr\u0161nom obradom. Zbog toga je izdr\u017eljiva i jednostavna za \u010di\u0161\u0107enje vla\u017enom krpom.Brza i jednostavna monta\u017ea: Nisu potrebni dodatni alati! S jasno ozna\u010denim dijelovima i lako razumljivim uputama, monta\u017ea ove uredske police je izuzetno jednostavna.\" \/>\n<meta property=\"og:url\" content=\"https:\/\/inti.hr\/sr\/proizvod\/polica-za-knjige-u-obliku-stabla-203-x-38-x-1232-cm\/\" \/>\n<meta property=\"og:site_name\" content=\"Inti\" \/>\n<meta property=\"og:image\" content=\"https:\/\/i0.wp.com\/inti.hr\/wp-content\/uploads\/2026\/03\/LBC607KD01-1.jpg?fit=1000%2C1000&ssl=1\" \/>\n\t<meta property=\"og:image:width\" content=\"1000\" \/>\n\t<meta property=\"og:image:height\" content=\"1000\" \/>\n\t<meta property=\"og:image:type\" content=\"image\/jpeg\" \/>\n<meta name=\"twitter:card\" content=\"summary_large_image\" \/>\n<script type=\"application\/ld+json\" class=\"yoast-schema-graph\">{\"@context\":\"https:\/\/schema.org\",\"@graph\":[{\"@type\":\"WebPage\",\"@id\":\"https:\/\/inti.hr\/sr\/proizvod\/polica-za-knjige-u-obliku-stabla-203-x-38-x-1232-cm\/\",\"url\":\"https:\/\/inti.hr\/sr\/proizvod\/polica-za-knjige-u-obliku-stabla-203-x-38-x-1232-cm\/\",\"name\":\"Polica za knjige u obliku stabla 20,3 x 38 x 123,2 cm - Inti\",\"isPartOf\":{\"@id\":\"https:\/\/inti.hr\/sr\/#website\"},\"primaryImageOfPage\":{\"@id\":\"https:\/\/inti.hr\/sr\/proizvod\/polica-za-knjige-u-obliku-stabla-203-x-38-x-1232-cm\/#primaryimage\"},\"image\":{\"@id\":\"https:\/\/inti.hr\/sr\/proizvod\/polica-za-knjige-u-obliku-stabla-203-x-38-x-1232-cm\/#primaryimage\"},\"thumbnailUrl\":\"https:\/\/i0.wp.com\/inti.hr\/wp-content\/uploads\/2026\/03\/LBC607KD01-1.jpg?fit=1000%2C1000&ssl=1\",\"datePublished\":\"2026-03-25T08:26:12+00:00\",\"dateModified\":\"2026-03-25T08:26:12+00:00\",\"description\":\"Moderna i svestrana: Biblioteka iz kolekcije CUSTOS kombinira \u010diste linije s jedinstvenim oblikom nalik drvetu za elegantan izgled koji se besprijekorno uklapa u va\u0161 dom. Stvara skladan ukupni efekt u kombinaciji s ostalim namje\u0161tajem iz serije.Prakti\u010dna i kompaktna: Ova kutna polica, dimenzija 20,3 x 38 x 123,2 cm, pravo je \u010dudo za u\u0161tedu prostora pri pohrani knjiga, DVD-ova i \u010dasopisa. Idealna za ugodne kutove i male ni\u0161e, profesionalka je kada je u pitanju optimizacija prostora za pohranu.\u010cvrsta i sigurna: Ova samostoje\u0107a polica s 2 razine ima robusnu strukturu za izdr\u017eljivost i mo\u017ee podnijeti do 5 kg. Prilo\u017eeni komplet protiv prevrtanja, koji pri\u010dvr\u0161\u0107uje policu za zid, \u0161titi va\u0161 \u017eivotni prostor.Jednostavno \u010di\u0161\u0107enje: Ova polica za odlaganje izra\u0111ena je od visokokvalitetne iverice s furnirnom zavr\u0161nom obradom. Zbog toga je izdr\u017eljiva i jednostavna za \u010di\u0161\u0107enje vla\u017enom krpom.Brza i jednostavna monta\u017ea: Nisu potrebni dodatni alati! S jasno ozna\u010denim dijelovima i lako razumljivim uputama, monta\u017ea ove uredske police je izuzetno jednostavna.\",\"breadcrumb\":{\"@id\":\"https:\/\/inti.hr\/sr\/proizvod\/polica-za-knjige-u-obliku-stabla-203-x-38-x-1232-cm\/#breadcrumb\"},\"inLanguage\":\"sr-RS\",\"potentialAction\":[{\"@type\":\"ReadAction\",\"target\":[\"https:\/\/inti.hr\/sr\/proizvod\/polica-za-knjige-u-obliku-stabla-203-x-38-x-1232-cm\/\"]}]},{\"@type\":\"ImageObject\",\"inLanguage\":\"sr-RS\",\"@id\":\"https:\/\/inti.hr\/sr\/proizvod\/polica-za-knjige-u-obliku-stabla-203-x-38-x-1232-cm\/#primaryimage\",\"url\":\"https:\/\/i0.wp.com\/inti.hr\/wp-content\/uploads\/2026\/03\/LBC607KD01-1.jpg?fit=1000%2C1000&ssl=1\",\"contentUrl\":\"https:\/\/i0.wp.com\/inti.hr\/wp-content\/uploads\/2026\/03\/LBC607KD01-1.jpg?fit=1000%2C1000&ssl=1\",\"width\":1000,\"height\":1000,\"caption\":\"VASAGLE Custos kolekcija - Polica za knjige u obliku stabla 20,3 x 38 x 123,2 cm za u\u0161tedu prostora, vintage sme\u0111a\"},{\"@type\":\"BreadcrumbList\",\"@id\":\"https:\/\/inti.hr\/sr\/proizvod\/polica-za-knjige-u-obliku-stabla-203-x-38-x-1232-cm\/#breadcrumb\",\"itemListElement\":[{\"@type\":\"ListItem\",\"position\":1,\"name\":\"Po\u010detna stranica\",\"item\":\"https:\/\/inti.hr\/sr\/\"},{\"@type\":\"ListItem\",\"position\":2,\"name\":\"Prodavnica\",\"item\":\"https:\/\/inti.hr\/sr\/prodavnica\/\"},{\"@type\":\"ListItem\",\"position\":3,\"name\":\"Polica za knjige u obliku stabla 20,3 x 38 x 123,2 cm\"}]},{\"@type\":\"WebSite\",\"@id\":\"https:\/\/inti.hr\/sr\/#website\",\"url\":\"https:\/\/inti.hr\/sr\/\",\"name\":\"Inti\",\"description\":\"trgovina\",\"potentialAction\":[{\"@type\":\"SearchAction\",\"target\":{\"@type\":\"EntryPoint\",\"urlTemplate\":\"https:\/\/inti.hr\/sr\/?s={search_term_string}\"},\"query-input\":{\"@type\":\"PropertyValueSpecification\",\"valueRequired\":true,\"valueName\":\"search_term_string\"}}],\"inLanguage\":\"sr-RS\"}]}<\/script>\n<!-- \/ Yoast SEO plugin. -->","yoast_head_json":{"title":"Polica za knjige u obliku stabla 20,3 x 38 x 123,2 cm - Inti","description":"Moderna i svestrana: Biblioteka iz kolekcije CUSTOS kombinira \u010diste linije s jedinstvenim oblikom nalik drvetu za elegantan izgled koji se besprijekorno uklapa u va\u0161 dom. Stvara skladan ukupni efekt u kombinaciji s ostalim namje\u0161tajem iz serije.Prakti\u010dna i kompaktna: Ova kutna polica, dimenzija 20,3 x 38 x 123,2 cm, pravo je \u010dudo za u\u0161tedu prostora pri pohrani knjiga, DVD-ova i \u010dasopisa. Idealna za ugodne kutove i male ni\u0161e, profesionalka je kada je u pitanju optimizacija prostora za pohranu.\u010cvrsta i sigurna: Ova samostoje\u0107a polica s 2 razine ima robusnu strukturu za izdr\u017eljivost i mo\u017ee podnijeti do 5 kg. Prilo\u017eeni komplet protiv prevrtanja, koji pri\u010dvr\u0161\u0107uje policu za zid, \u0161titi va\u0161 \u017eivotni prostor.Jednostavno \u010di\u0161\u0107enje: Ova polica za odlaganje izra\u0111ena je od visokokvalitetne iverice s furnirnom zavr\u0161nom obradom. Zbog toga je izdr\u017eljiva i jednostavna za \u010di\u0161\u0107enje vla\u017enom krpom.Brza i jednostavna monta\u017ea: Nisu potrebni dodatni alati! S jasno ozna\u010denim dijelovima i lako razumljivim uputama, monta\u017ea ove uredske police je izuzetno jednostavna.","robots":{"index":"index","follow":"follow","max-snippet":"max-snippet:-1","max-image-preview":"max-image-preview:large","max-video-preview":"max-video-preview:-1"},"canonical":"https:\/\/inti.hr\/sr\/proizvod\/polica-za-knjige-u-obliku-stabla-203-x-38-x-1232-cm\/","og_locale":"sr_RS","og_type":"article","og_title":"Polica za knjige u obliku stabla 20,3 x 38 x 123,2 cm - Inti","og_description":"Moderna i svestrana: Biblioteka iz kolekcije CUSTOS kombinira \u010diste linije s jedinstvenim oblikom nalik drvetu za elegantan izgled koji se besprijekorno uklapa u va\u0161 dom. Stvara skladan ukupni efekt u kombinaciji s ostalim namje\u0161tajem iz serije.Prakti\u010dna i kompaktna: Ova kutna polica, dimenzija 20,3 x 38 x 123,2 cm, pravo je \u010dudo za u\u0161tedu prostora pri pohrani knjiga, DVD-ova i \u010dasopisa. Idealna za ugodne kutove i male ni\u0161e, profesionalka je kada je u pitanju optimizacija prostora za pohranu.\u010cvrsta i sigurna: Ova samostoje\u0107a polica s 2 razine ima robusnu strukturu za izdr\u017eljivost i mo\u017ee podnijeti do 5 kg. Prilo\u017eeni komplet protiv prevrtanja, koji pri\u010dvr\u0161\u0107uje policu za zid, \u0161titi va\u0161 \u017eivotni prostor.Jednostavno \u010di\u0161\u0107enje: Ova polica za odlaganje izra\u0111ena je od visokokvalitetne iverice s furnirnom zavr\u0161nom obradom. Zbog toga je izdr\u017eljiva i jednostavna za \u010di\u0161\u0107enje vla\u017enom krpom.Brza i jednostavna monta\u017ea: Nisu potrebni dodatni alati! S jasno ozna\u010denim dijelovima i lako razumljivim uputama, monta\u017ea ove uredske police je izuzetno jednostavna.","og_url":"https:\/\/inti.hr\/sr\/proizvod\/polica-za-knjige-u-obliku-stabla-203-x-38-x-1232-cm\/","og_site_name":"Inti","og_image":[{"width":1000,"height":1000,"url":"https:\/\/i0.wp.com\/inti.hr\/wp-content\/uploads\/2026\/03\/LBC607KD01-1.jpg?fit=1000%2C1000&ssl=1","type":"image\/jpeg"}],"twitter_card":"summary_large_image","schema":{"@context":"https:\/\/schema.org","@graph":[{"@type":"WebPage","@id":"https:\/\/inti.hr\/sr\/proizvod\/polica-za-knjige-u-obliku-stabla-203-x-38-x-1232-cm\/","url":"https:\/\/inti.hr\/sr\/proizvod\/polica-za-knjige-u-obliku-stabla-203-x-38-x-1232-cm\/","name":"Polica za knjige u obliku stabla 20,3 x 38 x 123,2 cm - Inti","isPartOf":{"@id":"https:\/\/inti.hr\/sr\/#website"},"primaryImageOfPage":{"@id":"https:\/\/inti.hr\/sr\/proizvod\/polica-za-knjige-u-obliku-stabla-203-x-38-x-1232-cm\/#primaryimage"},"image":{"@id":"https:\/\/inti.hr\/sr\/proizvod\/polica-za-knjige-u-obliku-stabla-203-x-38-x-1232-cm\/#primaryimage"},"thumbnailUrl":"https:\/\/i0.wp.com\/inti.hr\/wp-content\/uploads\/2026\/03\/LBC607KD01-1.jpg?fit=1000%2C1000&ssl=1","datePublished":"2026-03-25T08:26:12+00:00","dateModified":"2026-03-25T08:26:12+00:00","description":"Moderna i svestrana: Biblioteka iz kolekcije CUSTOS kombinira \u010diste linije s jedinstvenim oblikom nalik drvetu za elegantan izgled koji se besprijekorno uklapa u va\u0161 dom. Stvara skladan ukupni efekt u kombinaciji s ostalim namje\u0161tajem iz serije.Prakti\u010dna i kompaktna: Ova kutna polica, dimenzija 20,3 x 38 x 123,2 cm, pravo je \u010dudo za u\u0161tedu prostora pri pohrani knjiga, DVD-ova i \u010dasopisa. Idealna za ugodne kutove i male ni\u0161e, profesionalka je kada je u pitanju optimizacija prostora za pohranu.\u010cvrsta i sigurna: Ova samostoje\u0107a polica s 2 razine ima robusnu strukturu za izdr\u017eljivost i mo\u017ee podnijeti do 5 kg. Prilo\u017eeni komplet protiv prevrtanja, koji pri\u010dvr\u0161\u0107uje policu za zid, \u0161titi va\u0161 \u017eivotni prostor.Jednostavno \u010di\u0161\u0107enje: Ova polica za odlaganje izra\u0111ena je od visokokvalitetne iverice s furnirnom zavr\u0161nom obradom. Zbog toga je izdr\u017eljiva i jednostavna za \u010di\u0161\u0107enje vla\u017enom krpom.Brza i jednostavna monta\u017ea: Nisu potrebni dodatni alati! S jasno ozna\u010denim dijelovima i lako razumljivim uputama, monta\u017ea ove uredske police je izuzetno jednostavna.","breadcrumb":{"@id":"https:\/\/inti.hr\/sr\/proizvod\/polica-za-knjige-u-obliku-stabla-203-x-38-x-1232-cm\/#breadcrumb"},"inLanguage":"sr-RS","potentialAction":[{"@type":"ReadAction","target":["https:\/\/inti.hr\/sr\/proizvod\/polica-za-knjige-u-obliku-stabla-203-x-38-x-1232-cm\/"]}]},{"@type":"ImageObject","inLanguage":"sr-RS","@id":"https:\/\/inti.hr\/sr\/proizvod\/polica-za-knjige-u-obliku-stabla-203-x-38-x-1232-cm\/#primaryimage","url":"https:\/\/i0.wp.com\/inti.hr\/wp-content\/uploads\/2026\/03\/LBC607KD01-1.jpg?fit=1000%2C1000&ssl=1","contentUrl":"https:\/\/i0.wp.com\/inti.hr\/wp-content\/uploads\/2026\/03\/LBC607KD01-1.jpg?fit=1000%2C1000&ssl=1","width":1000,"height":1000,"caption":"VASAGLE Custos kolekcija - Polica za knjige u obliku stabla 20,3 x 38 x 123,2 cm za u\u0161tedu prostora, vintage sme\u0111a"},{"@type":"BreadcrumbList","@id":"https:\/\/inti.hr\/sr\/proizvod\/polica-za-knjige-u-obliku-stabla-203-x-38-x-1232-cm\/#breadcrumb","itemListElement":[{"@type":"ListItem","position":1,"name":"Po\u010detna stranica","item":"https:\/\/inti.hr\/sr\/"},{"@type":"ListItem","position":2,"name":"Prodavnica","item":"https:\/\/inti.hr\/sr\/prodavnica\/"},{"@type":"ListItem","position":3,"name":"Polica za knjige u obliku stabla 20,3 x 38 x 123,2 cm"}]},{"@type":"WebSite","@id":"https:\/\/inti.hr\/sr\/#website","url":"https:\/\/inti.hr\/sr\/","name":"Inti","description":"trgovina","potentialAction":[{"@type":"SearchAction","target":{"@type":"EntryPoint","urlTemplate":"https:\/\/inti.hr\/sr\/?s={search_term_string}"},"query-input":{"@type":"PropertyValueSpecification","valueRequired":true,"valueName":"search_term_string"}}],"inLanguage":"sr-RS"}]}},"jetpack_sharing_enabled":true,"jetpack-related-posts":[],"_links":{"self":[{"href":"https:\/\/inti.hr\/sr\/wp-json\/wp\/v2\/product\/30402"}],"collection":[{"href":"https:\/\/inti.hr\/sr\/wp-json\/wp\/v2\/product"}],"about":[{"href":"https:\/\/inti.hr\/sr\/wp-json\/wp\/v2\/types\/product"}],"wp:featuredmedia":[{"embeddable":true,"href":"https:\/\/inti.hr\/sr\/wp-json\/wp\/v2\/media\/30404"}],"wp:attachment":[{"href":"https:\/\/inti.hr\/sr\/wp-json\/wp\/v2\/media?parent=30402"}],"wp:term":[{"taxonomy":"product_cat","embeddable":true,"href":"https:\/\/inti.hr\/sr\/wp-json\/wp\/v2\/product_cat?post=30402"},{"taxonomy":"product_tag","embeddable":true,"href":"https:\/\/inti.hr\/sr\/wp-json\/wp\/v2\/product_tag?post=30402"}],"curies":[{"name":"wp","href":"https:\/\/api.w.org\/{rel}","templated":true}]}}