{"id":30461,"date":"2026-03-17T15:47:39","date_gmt":"2026-03-17T14:47:39","guid":{"rendered":"https:\/\/inti.hr\/product\/viseca-stolica-s-okvirom-za-opusteno-sjedenje\/"},"modified":"2026-03-17T15:47:39","modified_gmt":"2026-03-17T14:47:39","slug":"viseca-stolica-s-okvirom-za-opusteno-sjedenje","status":"publish","type":"product","link":"https:\/\/inti.hr\/sr\/proizvod\/viseca-stolica-s-okvirom-za-opusteno-sjedenje\/","title":{"rendered":"Vise\u0107a stolica s okvirom za opu\u0161teno sjedenje"},"content":{"rendered":"<ul>\n<li><b><span dir=\"auto\">Detalji o proizvodu:<\/span><\/b><\/li>\n<li><span dir=\"auto\">Boja: Siva, be\u017e<\/span><\/li>\n<li><span dir=\"auto\">Materijal: Poliesterska tkanina, \u010delik, bar\u0161unasta tkanina<\/span><\/li>\n<li><span dir=\"auto\">Ukupne dimenzije: 98 x 103 x 195 cm (D x \u0160 x V)<\/span><\/li>\n<li><span dir=\"auto\">Dimenzije sjedala: 72 x 63 x 102 cm (D x \u0160 x V)<\/span><\/li>\n<li><span dir=\"auto\">Te\u017eina: 19,9 kg<\/span><\/li>\n<li><span dir=\"auto\">Maksimalna stati\u010dka nosivost: 160 kg<\/span><\/li>\n<li><span dir=\"auto\">Maksimalna dinami\u010dka nosivost: 110 kg<\/span><\/li>\n<\/ul>\n","protected":false},"excerpt":{"rendered":"<ul class=\"left\">\n<li><span dir=\"auto\">Ergonomski dizajn: Udoban kut nagiba, u kombinaciji s &#8230;<br \/>\n","protected":false},"featured_media":30462,"template":"","meta":[],"product_cat":[2485],"product_tag":[2464,2489],"yoast_head":"<!-- This site is optimized with the Yoast SEO plugin v23.7 - https:\/\/yoast.com\/wordpress\/plugins\/seo\/ -->\n<title>Vise\u0107a stolica s okvirom za opu\u0161teno sjedenje - Inti<\/title>\n<meta name=\"description\" content=\"Ergonomski dizajn: Udoban kut nagiba, u kombinaciji s jastukom sjedala debljine 15 cm i dubinom sjedala od 63 cm, osigurava da u ovoj vise\u0107oj stolici mo\u017eete udobno sjediti prekri\u017eenih nogu.Prakti\u010dni bo\u010dni d\u017eep: Pletena stolica opremljena je bo\u010dnim d\u017eepom za pohranu \u2013 idealnim za dr\u017eanje mobitela, tableta ili knjige nadohvat ruke. Na taj na\u010din imate sve pri ruci i mo\u017eete u\u017eivati \u200b\u200bu jo\u0161 ve\u0107oj udobnosti tijekom trenutaka opu\u0161tanja.Prikladno za razli\u010dite veli\u010dine tijela: Ko\u0161ara ove vise\u0107e stolice mo\u017ee se podesiti po visini za 20 cm. To omogu\u0107uje i visokim i niskim osobama da lako prona\u0111u idealnu visinu sjedenja za opu\u0161taju\u0107e odmore.Stabilna i prikladna za pod: Okvir ove stolice izra\u0111en je od \u010dvrstih \u010deli\u010dnih cijevi promjera 4,2 cm i mo\u017ee podnijeti do 160 kg. \u010cetiri no\u017eice opremljene su za\u0161titnim kapicama kako bi se sprije\u010dile ogrebotine na podu.Sklopiva ko\u0161ara, svestrana upotreba: Vise\u0107a ko\u0161ara ove le\u017ealjke je uklonjiva i sklopiva \u2013 \u0161to je \u010dini lakom za pohranu i kori\u0161tenje u zatvorenom ili na otvorenom prostoru po potrebi. Idealna za dnevne sobe, spava\u0107e sobe, balkone, vrtove ili kafi\u0107e.\" \/>\n<meta name=\"robots\" content=\"index, follow, max-snippet:-1, max-image-preview:large, max-video-preview:-1\" \/>\n<link rel=\"canonical\" href=\"https:\/\/inti.hr\/sr\/proizvod\/viseca-stolica-s-okvirom-za-opusteno-sjedenje\/\" \/>\n<meta property=\"og:locale\" content=\"sr_RS\" \/>\n<meta property=\"og:type\" content=\"article\" \/>\n<meta property=\"og:title\" content=\"Vise\u0107a stolica s okvirom za opu\u0161teno sjedenje - Inti\" \/>\n<meta property=\"og:description\" content=\"Ergonomski dizajn: Udoban kut nagiba, u kombinaciji s jastukom sjedala debljine 15 cm i dubinom sjedala od 63 cm, osigurava da u ovoj vise\u0107oj stolici mo\u017eete udobno sjediti prekri\u017eenih nogu.Prakti\u010dni bo\u010dni d\u017eep: Pletena stolica opremljena je bo\u010dnim d\u017eepom za pohranu \u2013 idealnim za dr\u017eanje mobitela, tableta ili knjige nadohvat ruke. Na taj na\u010din imate sve pri ruci i mo\u017eete u\u017eivati \u200b\u200bu jo\u0161 ve\u0107oj udobnosti tijekom trenutaka opu\u0161tanja.Prikladno za razli\u010dite veli\u010dine tijela: Ko\u0161ara ove vise\u0107e stolice mo\u017ee se podesiti po visini za 20 cm. To omogu\u0107uje i visokim i niskim osobama da lako prona\u0111u idealnu visinu sjedenja za opu\u0161taju\u0107e odmore.Stabilna i prikladna za pod: Okvir ove stolice izra\u0111en je od \u010dvrstih \u010deli\u010dnih cijevi promjera 4,2 cm i mo\u017ee podnijeti do 160 kg. \u010cetiri no\u017eice opremljene su za\u0161titnim kapicama kako bi se sprije\u010dile ogrebotine na podu.Sklopiva ko\u0161ara, svestrana upotreba: Vise\u0107a ko\u0161ara ove le\u017ealjke je uklonjiva i sklopiva \u2013 \u0161to je \u010dini lakom za pohranu i kori\u0161tenje u zatvorenom ili na otvorenom prostoru po potrebi. Idealna za dnevne sobe, spava\u0107e sobe, balkone, vrtove ili kafi\u0107e.\" \/>\n<meta property=\"og:url\" content=\"https:\/\/inti.hr\/sr\/proizvod\/viseca-stolica-s-okvirom-za-opusteno-sjedenje\/\" \/>\n<meta property=\"og:site_name\" content=\"Inti\" \/>\n<meta property=\"og:image\" content=\"https:\/\/i0.wp.com\/inti.hr\/wp-content\/uploads\/2026\/03\/GDC050GZ01-1-1.jpg?fit=1000%2C1000&ssl=1\" \/>\n\t<meta property=\"og:image:width\" content=\"1000\" \/>\n\t<meta property=\"og:image:height\" content=\"1000\" \/>\n\t<meta property=\"og:image:type\" content=\"image\/jpeg\" \/>\n<meta name=\"twitter:card\" content=\"summary_large_image\" \/>\n<script type=\"application\/ld+json\" class=\"yoast-schema-graph\">{\"@context\":\"https:\/\/schema.org\",\"@graph\":[{\"@type\":\"WebPage\",\"@id\":\"https:\/\/inti.hr\/sr\/proizvod\/viseca-stolica-s-okvirom-za-opusteno-sjedenje\/\",\"url\":\"https:\/\/inti.hr\/sr\/proizvod\/viseca-stolica-s-okvirom-za-opusteno-sjedenje\/\",\"name\":\"Vise\u0107a stolica s okvirom za opu\u0161teno sjedenje - Inti\",\"isPartOf\":{\"@id\":\"https:\/\/inti.hr\/sr\/#website\"},\"primaryImageOfPage\":{\"@id\":\"https:\/\/inti.hr\/sr\/proizvod\/viseca-stolica-s-okvirom-za-opusteno-sjedenje\/#primaryimage\"},\"image\":{\"@id\":\"https:\/\/inti.hr\/sr\/proizvod\/viseca-stolica-s-okvirom-za-opusteno-sjedenje\/#primaryimage\"},\"thumbnailUrl\":\"https:\/\/i0.wp.com\/inti.hr\/wp-content\/uploads\/2026\/03\/GDC050GZ01-1-1.jpg?fit=1000%2C1000&ssl=1\",\"datePublished\":\"2026-03-17T14:47:39+00:00\",\"dateModified\":\"2026-03-17T14:47:39+00:00\",\"description\":\"Ergonomski dizajn: Udoban kut nagiba, u kombinaciji s jastukom sjedala debljine 15 cm i dubinom sjedala od 63 cm, osigurava da u ovoj vise\u0107oj stolici mo\u017eete udobno sjediti prekri\u017eenih nogu.Prakti\u010dni bo\u010dni d\u017eep: Pletena stolica opremljena je bo\u010dnim d\u017eepom za pohranu \u2013 idealnim za dr\u017eanje mobitela, tableta ili knjige nadohvat ruke. Na taj na\u010din imate sve pri ruci i mo\u017eete u\u017eivati \u200b\u200bu jo\u0161 ve\u0107oj udobnosti tijekom trenutaka opu\u0161tanja.Prikladno za razli\u010dite veli\u010dine tijela: Ko\u0161ara ove vise\u0107e stolice mo\u017ee se podesiti po visini za 20 cm. To omogu\u0107uje i visokim i niskim osobama da lako prona\u0111u idealnu visinu sjedenja za opu\u0161taju\u0107e odmore.Stabilna i prikladna za pod: Okvir ove stolice izra\u0111en je od \u010dvrstih \u010deli\u010dnih cijevi promjera 4,2 cm i mo\u017ee podnijeti do 160 kg. \u010cetiri no\u017eice opremljene su za\u0161titnim kapicama kako bi se sprije\u010dile ogrebotine na podu.Sklopiva ko\u0161ara, svestrana upotreba: Vise\u0107a ko\u0161ara ove le\u017ealjke je uklonjiva i sklopiva \u2013 \u0161to je \u010dini lakom za pohranu i kori\u0161tenje u zatvorenom ili na otvorenom prostoru po potrebi. Idealna za dnevne sobe, spava\u0107e sobe, balkone, vrtove ili kafi\u0107e.\",\"breadcrumb\":{\"@id\":\"https:\/\/inti.hr\/sr\/proizvod\/viseca-stolica-s-okvirom-za-opusteno-sjedenje\/#breadcrumb\"},\"inLanguage\":\"sr-RS\",\"potentialAction\":[{\"@type\":\"ReadAction\",\"target\":[\"https:\/\/inti.hr\/sr\/proizvod\/viseca-stolica-s-okvirom-za-opusteno-sjedenje\/\"]}]},{\"@type\":\"ImageObject\",\"inLanguage\":\"sr-RS\",\"@id\":\"https:\/\/inti.hr\/sr\/proizvod\/viseca-stolica-s-okvirom-za-opusteno-sjedenje\/#primaryimage\",\"url\":\"https:\/\/i0.wp.com\/inti.hr\/wp-content\/uploads\/2026\/03\/GDC050GZ01-1-1.jpg?fit=1000%2C1000&ssl=1\",\"contentUrl\":\"https:\/\/i0.wp.com\/inti.hr\/wp-content\/uploads\/2026\/03\/GDC050GZ01-1-1.jpg?fit=1000%2C1000&ssl=1\",\"width\":1000,\"height\":1000,\"caption\":\"SONGMICS Vise\u0107a stolica s okvirom za opu\u0161teno sjedenje, bijela\"},{\"@type\":\"BreadcrumbList\",\"@id\":\"https:\/\/inti.hr\/sr\/proizvod\/viseca-stolica-s-okvirom-za-opusteno-sjedenje\/#breadcrumb\",\"itemListElement\":[{\"@type\":\"ListItem\",\"position\":1,\"name\":\"Po\u010detna stranica\",\"item\":\"https:\/\/inti.hr\/sr\/\"},{\"@type\":\"ListItem\",\"position\":2,\"name\":\"Prodavnica\",\"item\":\"https:\/\/inti.hr\/sr\/prodavnica\/\"},{\"@type\":\"ListItem\",\"position\":3,\"name\":\"Vise\u0107a stolica s okvirom za opu\u0161teno sjedenje\"}]},{\"@type\":\"WebSite\",\"@id\":\"https:\/\/inti.hr\/sr\/#website\",\"url\":\"https:\/\/inti.hr\/sr\/\",\"name\":\"Inti\",\"description\":\"trgovina\",\"potentialAction\":[{\"@type\":\"SearchAction\",\"target\":{\"@type\":\"EntryPoint\",\"urlTemplate\":\"https:\/\/inti.hr\/sr\/?s={search_term_string}\"},\"query-input\":{\"@type\":\"PropertyValueSpecification\",\"valueRequired\":true,\"valueName\":\"search_term_string\"}}],\"inLanguage\":\"sr-RS\"}]}<\/script>\n<!-- \/ Yoast SEO plugin. -->","yoast_head_json":{"title":"Vise\u0107a stolica s okvirom za opu\u0161teno sjedenje - Inti","description":"Ergonomski dizajn: Udoban kut nagiba, u kombinaciji s jastukom sjedala debljine 15 cm i dubinom sjedala od 63 cm, osigurava da u ovoj vise\u0107oj stolici mo\u017eete udobno sjediti prekri\u017eenih nogu.Prakti\u010dni bo\u010dni d\u017eep: Pletena stolica opremljena je bo\u010dnim d\u017eepom za pohranu \u2013 idealnim za dr\u017eanje mobitela, tableta ili knjige nadohvat ruke. Na taj na\u010din imate sve pri ruci i mo\u017eete u\u017eivati \u200b\u200bu jo\u0161 ve\u0107oj udobnosti tijekom trenutaka opu\u0161tanja.Prikladno za razli\u010dite veli\u010dine tijela: Ko\u0161ara ove vise\u0107e stolice mo\u017ee se podesiti po visini za 20 cm. To omogu\u0107uje i visokim i niskim osobama da lako prona\u0111u idealnu visinu sjedenja za opu\u0161taju\u0107e odmore.Stabilna i prikladna za pod: Okvir ove stolice izra\u0111en je od \u010dvrstih \u010deli\u010dnih cijevi promjera 4,2 cm i mo\u017ee podnijeti do 160 kg. \u010cetiri no\u017eice opremljene su za\u0161titnim kapicama kako bi se sprije\u010dile ogrebotine na podu.Sklopiva ko\u0161ara, svestrana upotreba: Vise\u0107a ko\u0161ara ove le\u017ealjke je uklonjiva i sklopiva \u2013 \u0161to je \u010dini lakom za pohranu i kori\u0161tenje u zatvorenom ili na otvorenom prostoru po potrebi. Idealna za dnevne sobe, spava\u0107e sobe, balkone, vrtove ili kafi\u0107e.","robots":{"index":"index","follow":"follow","max-snippet":"max-snippet:-1","max-image-preview":"max-image-preview:large","max-video-preview":"max-video-preview:-1"},"canonical":"https:\/\/inti.hr\/sr\/proizvod\/viseca-stolica-s-okvirom-za-opusteno-sjedenje\/","og_locale":"sr_RS","og_type":"article","og_title":"Vise\u0107a stolica s okvirom za opu\u0161teno sjedenje - Inti","og_description":"Ergonomski dizajn: Udoban kut nagiba, u kombinaciji s jastukom sjedala debljine 15 cm i dubinom sjedala od 63 cm, osigurava da u ovoj vise\u0107oj stolici mo\u017eete udobno sjediti prekri\u017eenih nogu.Prakti\u010dni bo\u010dni d\u017eep: Pletena stolica opremljena je bo\u010dnim d\u017eepom za pohranu \u2013 idealnim za dr\u017eanje mobitela, tableta ili knjige nadohvat ruke. Na taj na\u010din imate sve pri ruci i mo\u017eete u\u017eivati \u200b\u200bu jo\u0161 ve\u0107oj udobnosti tijekom trenutaka opu\u0161tanja.Prikladno za razli\u010dite veli\u010dine tijela: Ko\u0161ara ove vise\u0107e stolice mo\u017ee se podesiti po visini za 20 cm. To omogu\u0107uje i visokim i niskim osobama da lako prona\u0111u idealnu visinu sjedenja za opu\u0161taju\u0107e odmore.Stabilna i prikladna za pod: Okvir ove stolice izra\u0111en je od \u010dvrstih \u010deli\u010dnih cijevi promjera 4,2 cm i mo\u017ee podnijeti do 160 kg. \u010cetiri no\u017eice opremljene su za\u0161titnim kapicama kako bi se sprije\u010dile ogrebotine na podu.Sklopiva ko\u0161ara, svestrana upotreba: Vise\u0107a ko\u0161ara ove le\u017ealjke je uklonjiva i sklopiva \u2013 \u0161to je \u010dini lakom za pohranu i kori\u0161tenje u zatvorenom ili na otvorenom prostoru po potrebi. Idealna za dnevne sobe, spava\u0107e sobe, balkone, vrtove ili kafi\u0107e.","og_url":"https:\/\/inti.hr\/sr\/proizvod\/viseca-stolica-s-okvirom-za-opusteno-sjedenje\/","og_site_name":"Inti","og_image":[{"width":1000,"height":1000,"url":"https:\/\/i0.wp.com\/inti.hr\/wp-content\/uploads\/2026\/03\/GDC050GZ01-1-1.jpg?fit=1000%2C1000&ssl=1","type":"image\/jpeg"}],"twitter_card":"summary_large_image","schema":{"@context":"https:\/\/schema.org","@graph":[{"@type":"WebPage","@id":"https:\/\/inti.hr\/sr\/proizvod\/viseca-stolica-s-okvirom-za-opusteno-sjedenje\/","url":"https:\/\/inti.hr\/sr\/proizvod\/viseca-stolica-s-okvirom-za-opusteno-sjedenje\/","name":"Vise\u0107a stolica s okvirom za opu\u0161teno sjedenje - Inti","isPartOf":{"@id":"https:\/\/inti.hr\/sr\/#website"},"primaryImageOfPage":{"@id":"https:\/\/inti.hr\/sr\/proizvod\/viseca-stolica-s-okvirom-za-opusteno-sjedenje\/#primaryimage"},"image":{"@id":"https:\/\/inti.hr\/sr\/proizvod\/viseca-stolica-s-okvirom-za-opusteno-sjedenje\/#primaryimage"},"thumbnailUrl":"https:\/\/i0.wp.com\/inti.hr\/wp-content\/uploads\/2026\/03\/GDC050GZ01-1-1.jpg?fit=1000%2C1000&ssl=1","datePublished":"2026-03-17T14:47:39+00:00","dateModified":"2026-03-17T14:47:39+00:00","description":"Ergonomski dizajn: Udoban kut nagiba, u kombinaciji s jastukom sjedala debljine 15 cm i dubinom sjedala od 63 cm, osigurava da u ovoj vise\u0107oj stolici mo\u017eete udobno sjediti prekri\u017eenih nogu.Prakti\u010dni bo\u010dni d\u017eep: Pletena stolica opremljena je bo\u010dnim d\u017eepom za pohranu \u2013 idealnim za dr\u017eanje mobitela, tableta ili knjige nadohvat ruke. Na taj na\u010din imate sve pri ruci i mo\u017eete u\u017eivati \u200b\u200bu jo\u0161 ve\u0107oj udobnosti tijekom trenutaka opu\u0161tanja.Prikladno za razli\u010dite veli\u010dine tijela: Ko\u0161ara ove vise\u0107e stolice mo\u017ee se podesiti po visini za 20 cm. To omogu\u0107uje i visokim i niskim osobama da lako prona\u0111u idealnu visinu sjedenja za opu\u0161taju\u0107e odmore.Stabilna i prikladna za pod: Okvir ove stolice izra\u0111en je od \u010dvrstih \u010deli\u010dnih cijevi promjera 4,2 cm i mo\u017ee podnijeti do 160 kg. \u010cetiri no\u017eice opremljene su za\u0161titnim kapicama kako bi se sprije\u010dile ogrebotine na podu.Sklopiva ko\u0161ara, svestrana upotreba: Vise\u0107a ko\u0161ara ove le\u017ealjke je uklonjiva i sklopiva \u2013 \u0161to je \u010dini lakom za pohranu i kori\u0161tenje u zatvorenom ili na otvorenom prostoru po potrebi. Idealna za dnevne sobe, spava\u0107e sobe, balkone, vrtove ili kafi\u0107e.","breadcrumb":{"@id":"https:\/\/inti.hr\/sr\/proizvod\/viseca-stolica-s-okvirom-za-opusteno-sjedenje\/#breadcrumb"},"inLanguage":"sr-RS","potentialAction":[{"@type":"ReadAction","target":["https:\/\/inti.hr\/sr\/proizvod\/viseca-stolica-s-okvirom-za-opusteno-sjedenje\/"]}]},{"@type":"ImageObject","inLanguage":"sr-RS","@id":"https:\/\/inti.hr\/sr\/proizvod\/viseca-stolica-s-okvirom-za-opusteno-sjedenje\/#primaryimage","url":"https:\/\/i0.wp.com\/inti.hr\/wp-content\/uploads\/2026\/03\/GDC050GZ01-1-1.jpg?fit=1000%2C1000&ssl=1","contentUrl":"https:\/\/i0.wp.com\/inti.hr\/wp-content\/uploads\/2026\/03\/GDC050GZ01-1-1.jpg?fit=1000%2C1000&ssl=1","width":1000,"height":1000,"caption":"SONGMICS Vise\u0107a stolica s okvirom za opu\u0161teno sjedenje, bijela"},{"@type":"BreadcrumbList","@id":"https:\/\/inti.hr\/sr\/proizvod\/viseca-stolica-s-okvirom-za-opusteno-sjedenje\/#breadcrumb","itemListElement":[{"@type":"ListItem","position":1,"name":"Po\u010detna stranica","item":"https:\/\/inti.hr\/sr\/"},{"@type":"ListItem","position":2,"name":"Prodavnica","item":"https:\/\/inti.hr\/sr\/prodavnica\/"},{"@type":"ListItem","position":3,"name":"Vise\u0107a stolica s okvirom za opu\u0161teno sjedenje"}]},{"@type":"WebSite","@id":"https:\/\/inti.hr\/sr\/#website","url":"https:\/\/inti.hr\/sr\/","name":"Inti","description":"trgovina","potentialAction":[{"@type":"SearchAction","target":{"@type":"EntryPoint","urlTemplate":"https:\/\/inti.hr\/sr\/?s={search_term_string}"},"query-input":{"@type":"PropertyValueSpecification","valueRequired":true,"valueName":"search_term_string"}}],"inLanguage":"sr-RS"}]}},"jetpack_sharing_enabled":true,"jetpack-related-posts":[],"_links":{"self":[{"href":"https:\/\/inti.hr\/sr\/wp-json\/wp\/v2\/product\/30461"}],"collection":[{"href":"https:\/\/inti.hr\/sr\/wp-json\/wp\/v2\/product"}],"about":[{"href":"https:\/\/inti.hr\/sr\/wp-json\/wp\/v2\/types\/product"}],"wp:featuredmedia":[{"embeddable":true,"href":"https:\/\/inti.hr\/sr\/wp-json\/wp\/v2\/media\/30462"}],"wp:attachment":[{"href":"https:\/\/inti.hr\/sr\/wp-json\/wp\/v2\/media?parent=30461"}],"wp:term":[{"taxonomy":"product_cat","embeddable":true,"href":"https:\/\/inti.hr\/sr\/wp-json\/wp\/v2\/product_cat?post=30461"},{"taxonomy":"product_tag","embeddable":true,"href":"https:\/\/inti.hr\/sr\/wp-json\/wp\/v2\/product_tag?post=30461"}],"curies":[{"name":"wp","href":"https:\/\/api.w.org\/{rel}","templated":true}]}}