{"id":30549,"date":"2026-03-10T13:24:14","date_gmt":"2026-03-10T12:24:14","guid":{"rendered":"https:\/\/inti.hr\/product\/kolica-za-posluzivanje-s-2-policama-od-zrcalnog-stakla\/"},"modified":"2026-03-10T13:24:14","modified_gmt":"2026-03-10T12:24:14","slug":"kolica-za-posluzivanje-s-2-policama-od-zrcalnog-stakla","status":"publish","type":"product","link":"https:\/\/inti.hr\/sr\/proizvod\/kolica-za-posluzivanje-s-2-policama-od-zrcalnog-stakla\/","title":{"rendered":"Kolica za poslu\u017eivanje s 2 policama od zrcalnog stakla"},"content":{"rendered":"<ul>\n<li><b><span dir=\"auto\">Detalji o proizvodu:<\/span><\/b><\/li>\n<li><span dir=\"auto\">Boja: Zlatna<\/span><\/li>\n<li><span dir=\"auto\">Materijal: \u010celik, zrcalno staklo<\/span><\/li>\n<li><span dir=\"auto\">Veli\u010dina: 38 x 60 x 90 cm (D x \u0160 x V)<\/span><\/li>\n<li><span dir=\"auto\">Te\u017eina: 9,9 kg<\/span><\/li>\n<li><span dir=\"auto\">Maksimalna stati\u010dka nosivost gornje police: 29,5 kg<\/span><\/li>\n<li><span dir=\"auto\">Maksimalna stati\u010dka nosivost donje police: 30,4 kg<\/span><\/li>\n<\/ul>\n","protected":false},"excerpt":{"rendered":"<ul class=\"left\">\n<li><span dir=\"auto\">[Puno prostora, puno u\u017eivanja] S razmakom od 51,6 &#8230;<br \/>\n","protected":false},"featured_media":30550,"template":"","meta":[],"product_cat":[2539],"product_tag":[2540,2541],"yoast_head":"<!-- This site is optimized with the Yoast SEO plugin v23.7 - https:\/\/yoast.com\/wordpress\/plugins\/seo\/ -->\n<title>Kolica za poslu\u017eivanje s 2 policama od zrcalnog stakla - Inti<\/title>\n<meta name=\"description\" content=\"[Puno prostora, puno u\u017eivanja] S razmakom od 51,6 cm izme\u0111u polica, ova kolica za poslu\u017eivanje s 2 razine (38 x 60 x 90 cm) nude puno prostora za va\u0161 barski pribor. Pivo, rizling, viski... Izlo\u017eite svoja omiljena pi\u0107a na njima![Stabilno dr\u017eanje] Lomljive \u010da\u0161e i boce? Nema brige! 2 dr\u017ea\u010da za \u010da\u0161e i 3 dr\u017ea\u010da za boce osiguravaju sigurno dr\u017eanje... na va\u0161oj sljede\u0107oj romanti\u010dnoj ve\u010deri![Premje\u0161tanje ili zaklju\u010davanje] S \u010detiri kota\u010di\u0107a, od kojih dva imaju ko\u010dnice, ova kolica za bar mo\u017eete lako premjestiti gdje god vam zatrebaju na zabavi. Ili ih postavite pored sofe kako biste poslu\u017eili kavu nakon zabave.[Poka\u017eite svoj stil] \u0160ik okvir zlatne boje, police od zrcalnog stakla, elegantno zakrivljena ru\u010dka... Ova kolica dodaju da\u0161ak luksuza va\u0161em baru, blagovaonici, kuhinji ili drugim prostorima.[Sastavljanje je lagano] Jedva \u010dekate staviti boce na njega? Nema problema! Zahvaljuju\u0107i jasnim uputama i dobro ozna\u010denim dijelovima, kolica za bar mo\u017eete brzo sastaviti.\" \/>\n<meta name=\"robots\" content=\"index, follow, max-snippet:-1, max-image-preview:large, max-video-preview:-1\" \/>\n<link rel=\"canonical\" href=\"https:\/\/inti.hr\/sr\/proizvod\/kolica-za-posluzivanje-s-2-policama-od-zrcalnog-stakla\/\" \/>\n<meta property=\"og:locale\" content=\"sr_RS\" \/>\n<meta property=\"og:type\" content=\"article\" \/>\n<meta property=\"og:title\" content=\"Kolica za poslu\u017eivanje s 2 policama od zrcalnog stakla - Inti\" \/>\n<meta property=\"og:description\" content=\"[Puno prostora, puno u\u017eivanja] S razmakom od 51,6 cm izme\u0111u polica, ova kolica za poslu\u017eivanje s 2 razine (38 x 60 x 90 cm) nude puno prostora za va\u0161 barski pribor. Pivo, rizling, viski... Izlo\u017eite svoja omiljena pi\u0107a na njima![Stabilno dr\u017eanje] Lomljive \u010da\u0161e i boce? Nema brige! 2 dr\u017ea\u010da za \u010da\u0161e i 3 dr\u017ea\u010da za boce osiguravaju sigurno dr\u017eanje... na va\u0161oj sljede\u0107oj romanti\u010dnoj ve\u010deri![Premje\u0161tanje ili zaklju\u010davanje] S \u010detiri kota\u010di\u0107a, od kojih dva imaju ko\u010dnice, ova kolica za bar mo\u017eete lako premjestiti gdje god vam zatrebaju na zabavi. Ili ih postavite pored sofe kako biste poslu\u017eili kavu nakon zabave.[Poka\u017eite svoj stil] \u0160ik okvir zlatne boje, police od zrcalnog stakla, elegantno zakrivljena ru\u010dka... Ova kolica dodaju da\u0161ak luksuza va\u0161em baru, blagovaonici, kuhinji ili drugim prostorima.[Sastavljanje je lagano] Jedva \u010dekate staviti boce na njega? Nema problema! Zahvaljuju\u0107i jasnim uputama i dobro ozna\u010denim dijelovima, kolica za bar mo\u017eete brzo sastaviti.\" \/>\n<meta property=\"og:url\" content=\"https:\/\/inti.hr\/sr\/proizvod\/kolica-za-posluzivanje-s-2-policama-od-zrcalnog-stakla\/\" \/>\n<meta property=\"og:site_name\" content=\"Inti\" \/>\n<meta property=\"og:image\" content=\"https:\/\/i0.wp.com\/inti.hr\/wp-content\/uploads\/2026\/03\/LRC092A62-1.jpg?fit=1000%2C1000&ssl=1\" \/>\n\t<meta property=\"og:image:width\" content=\"1000\" \/>\n\t<meta property=\"og:image:height\" content=\"1000\" \/>\n\t<meta property=\"og:image:type\" content=\"image\/jpeg\" \/>\n<meta name=\"twitter:card\" content=\"summary_large_image\" \/>\n<script type=\"application\/ld+json\" class=\"yoast-schema-graph\">{\"@context\":\"https:\/\/schema.org\",\"@graph\":[{\"@type\":\"WebPage\",\"@id\":\"https:\/\/inti.hr\/sr\/proizvod\/kolica-za-posluzivanje-s-2-policama-od-zrcalnog-stakla\/\",\"url\":\"https:\/\/inti.hr\/sr\/proizvod\/kolica-za-posluzivanje-s-2-policama-od-zrcalnog-stakla\/\",\"name\":\"Kolica za poslu\u017eivanje s 2 policama od zrcalnog stakla - Inti\",\"isPartOf\":{\"@id\":\"https:\/\/inti.hr\/sr\/#website\"},\"primaryImageOfPage\":{\"@id\":\"https:\/\/inti.hr\/sr\/proizvod\/kolica-za-posluzivanje-s-2-policama-od-zrcalnog-stakla\/#primaryimage\"},\"image\":{\"@id\":\"https:\/\/inti.hr\/sr\/proizvod\/kolica-za-posluzivanje-s-2-policama-od-zrcalnog-stakla\/#primaryimage\"},\"thumbnailUrl\":\"https:\/\/i0.wp.com\/inti.hr\/wp-content\/uploads\/2026\/03\/LRC092A62-1.jpg?fit=1000%2C1000&ssl=1\",\"datePublished\":\"2026-03-10T12:24:14+00:00\",\"dateModified\":\"2026-03-10T12:24:14+00:00\",\"description\":\"[Puno prostora, puno u\u017eivanja] S razmakom od 51,6 cm izme\u0111u polica, ova kolica za poslu\u017eivanje s 2 razine (38 x 60 x 90 cm) nude puno prostora za va\u0161 barski pribor. Pivo, rizling, viski... Izlo\u017eite svoja omiljena pi\u0107a na njima![Stabilno dr\u017eanje] Lomljive \u010da\u0161e i boce? Nema brige! 2 dr\u017ea\u010da za \u010da\u0161e i 3 dr\u017ea\u010da za boce osiguravaju sigurno dr\u017eanje... na va\u0161oj sljede\u0107oj romanti\u010dnoj ve\u010deri![Premje\u0161tanje ili zaklju\u010davanje] S \u010detiri kota\u010di\u0107a, od kojih dva imaju ko\u010dnice, ova kolica za bar mo\u017eete lako premjestiti gdje god vam zatrebaju na zabavi. Ili ih postavite pored sofe kako biste poslu\u017eili kavu nakon zabave.[Poka\u017eite svoj stil] \u0160ik okvir zlatne boje, police od zrcalnog stakla, elegantno zakrivljena ru\u010dka... Ova kolica dodaju da\u0161ak luksuza va\u0161em baru, blagovaonici, kuhinji ili drugim prostorima.[Sastavljanje je lagano] Jedva \u010dekate staviti boce na njega? Nema problema! Zahvaljuju\u0107i jasnim uputama i dobro ozna\u010denim dijelovima, kolica za bar mo\u017eete brzo sastaviti.\",\"breadcrumb\":{\"@id\":\"https:\/\/inti.hr\/sr\/proizvod\/kolica-za-posluzivanje-s-2-policama-od-zrcalnog-stakla\/#breadcrumb\"},\"inLanguage\":\"sr-RS\",\"potentialAction\":[{\"@type\":\"ReadAction\",\"target\":[\"https:\/\/inti.hr\/sr\/proizvod\/kolica-za-posluzivanje-s-2-policama-od-zrcalnog-stakla\/\"]}]},{\"@type\":\"ImageObject\",\"inLanguage\":\"sr-RS\",\"@id\":\"https:\/\/inti.hr\/sr\/proizvod\/kolica-za-posluzivanje-s-2-policama-od-zrcalnog-stakla\/#primaryimage\",\"url\":\"https:\/\/i0.wp.com\/inti.hr\/wp-content\/uploads\/2026\/03\/LRC092A62-1.jpg?fit=1000%2C1000&ssl=1\",\"contentUrl\":\"https:\/\/i0.wp.com\/inti.hr\/wp-content\/uploads\/2026\/03\/LRC092A62-1.jpg?fit=1000%2C1000&ssl=1\",\"width\":1000,\"height\":1000,\"caption\":\"VASAGLE Kolica za poslu\u017eivanje s 2 policama od zrcalnog stakla, zlatne boje\"},{\"@type\":\"BreadcrumbList\",\"@id\":\"https:\/\/inti.hr\/sr\/proizvod\/kolica-za-posluzivanje-s-2-policama-od-zrcalnog-stakla\/#breadcrumb\",\"itemListElement\":[{\"@type\":\"ListItem\",\"position\":1,\"name\":\"Po\u010detna stranica\",\"item\":\"https:\/\/inti.hr\/sr\/\"},{\"@type\":\"ListItem\",\"position\":2,\"name\":\"Prodavnica\",\"item\":\"https:\/\/inti.hr\/sr\/prodavnica\/\"},{\"@type\":\"ListItem\",\"position\":3,\"name\":\"Kolica za poslu\u017eivanje s 2 policama od zrcalnog stakla\"}]},{\"@type\":\"WebSite\",\"@id\":\"https:\/\/inti.hr\/sr\/#website\",\"url\":\"https:\/\/inti.hr\/sr\/\",\"name\":\"Inti\",\"description\":\"trgovina\",\"potentialAction\":[{\"@type\":\"SearchAction\",\"target\":{\"@type\":\"EntryPoint\",\"urlTemplate\":\"https:\/\/inti.hr\/sr\/?s={search_term_string}\"},\"query-input\":{\"@type\":\"PropertyValueSpecification\",\"valueRequired\":true,\"valueName\":\"search_term_string\"}}],\"inLanguage\":\"sr-RS\"}]}<\/script>\n<!-- \/ Yoast SEO plugin. -->","yoast_head_json":{"title":"Kolica za poslu\u017eivanje s 2 policama od zrcalnog stakla - Inti","description":"[Puno prostora, puno u\u017eivanja] S razmakom od 51,6 cm izme\u0111u polica, ova kolica za poslu\u017eivanje s 2 razine (38 x 60 x 90 cm) nude puno prostora za va\u0161 barski pribor. Pivo, rizling, viski... Izlo\u017eite svoja omiljena pi\u0107a na njima![Stabilno dr\u017eanje] Lomljive \u010da\u0161e i boce? Nema brige! 2 dr\u017ea\u010da za \u010da\u0161e i 3 dr\u017ea\u010da za boce osiguravaju sigurno dr\u017eanje... na va\u0161oj sljede\u0107oj romanti\u010dnoj ve\u010deri![Premje\u0161tanje ili zaklju\u010davanje] S \u010detiri kota\u010di\u0107a, od kojih dva imaju ko\u010dnice, ova kolica za bar mo\u017eete lako premjestiti gdje god vam zatrebaju na zabavi. Ili ih postavite pored sofe kako biste poslu\u017eili kavu nakon zabave.[Poka\u017eite svoj stil] \u0160ik okvir zlatne boje, police od zrcalnog stakla, elegantno zakrivljena ru\u010dka... Ova kolica dodaju da\u0161ak luksuza va\u0161em baru, blagovaonici, kuhinji ili drugim prostorima.[Sastavljanje je lagano] Jedva \u010dekate staviti boce na njega? Nema problema! Zahvaljuju\u0107i jasnim uputama i dobro ozna\u010denim dijelovima, kolica za bar mo\u017eete brzo sastaviti.","robots":{"index":"index","follow":"follow","max-snippet":"max-snippet:-1","max-image-preview":"max-image-preview:large","max-video-preview":"max-video-preview:-1"},"canonical":"https:\/\/inti.hr\/sr\/proizvod\/kolica-za-posluzivanje-s-2-policama-od-zrcalnog-stakla\/","og_locale":"sr_RS","og_type":"article","og_title":"Kolica za poslu\u017eivanje s 2 policama od zrcalnog stakla - Inti","og_description":"[Puno prostora, puno u\u017eivanja] S razmakom od 51,6 cm izme\u0111u polica, ova kolica za poslu\u017eivanje s 2 razine (38 x 60 x 90 cm) nude puno prostora za va\u0161 barski pribor. Pivo, rizling, viski... Izlo\u017eite svoja omiljena pi\u0107a na njima![Stabilno dr\u017eanje] Lomljive \u010da\u0161e i boce? Nema brige! 2 dr\u017ea\u010da za \u010da\u0161e i 3 dr\u017ea\u010da za boce osiguravaju sigurno dr\u017eanje... na va\u0161oj sljede\u0107oj romanti\u010dnoj ve\u010deri![Premje\u0161tanje ili zaklju\u010davanje] S \u010detiri kota\u010di\u0107a, od kojih dva imaju ko\u010dnice, ova kolica za bar mo\u017eete lako premjestiti gdje god vam zatrebaju na zabavi. Ili ih postavite pored sofe kako biste poslu\u017eili kavu nakon zabave.[Poka\u017eite svoj stil] \u0160ik okvir zlatne boje, police od zrcalnog stakla, elegantno zakrivljena ru\u010dka... Ova kolica dodaju da\u0161ak luksuza va\u0161em baru, blagovaonici, kuhinji ili drugim prostorima.[Sastavljanje je lagano] Jedva \u010dekate staviti boce na njega? Nema problema! Zahvaljuju\u0107i jasnim uputama i dobro ozna\u010denim dijelovima, kolica za bar mo\u017eete brzo sastaviti.","og_url":"https:\/\/inti.hr\/sr\/proizvod\/kolica-za-posluzivanje-s-2-policama-od-zrcalnog-stakla\/","og_site_name":"Inti","og_image":[{"width":1000,"height":1000,"url":"https:\/\/i0.wp.com\/inti.hr\/wp-content\/uploads\/2026\/03\/LRC092A62-1.jpg?fit=1000%2C1000&ssl=1","type":"image\/jpeg"}],"twitter_card":"summary_large_image","schema":{"@context":"https:\/\/schema.org","@graph":[{"@type":"WebPage","@id":"https:\/\/inti.hr\/sr\/proizvod\/kolica-za-posluzivanje-s-2-policama-od-zrcalnog-stakla\/","url":"https:\/\/inti.hr\/sr\/proizvod\/kolica-za-posluzivanje-s-2-policama-od-zrcalnog-stakla\/","name":"Kolica za poslu\u017eivanje s 2 policama od zrcalnog stakla - Inti","isPartOf":{"@id":"https:\/\/inti.hr\/sr\/#website"},"primaryImageOfPage":{"@id":"https:\/\/inti.hr\/sr\/proizvod\/kolica-za-posluzivanje-s-2-policama-od-zrcalnog-stakla\/#primaryimage"},"image":{"@id":"https:\/\/inti.hr\/sr\/proizvod\/kolica-za-posluzivanje-s-2-policama-od-zrcalnog-stakla\/#primaryimage"},"thumbnailUrl":"https:\/\/i0.wp.com\/inti.hr\/wp-content\/uploads\/2026\/03\/LRC092A62-1.jpg?fit=1000%2C1000&ssl=1","datePublished":"2026-03-10T12:24:14+00:00","dateModified":"2026-03-10T12:24:14+00:00","description":"[Puno prostora, puno u\u017eivanja] S razmakom od 51,6 cm izme\u0111u polica, ova kolica za poslu\u017eivanje s 2 razine (38 x 60 x 90 cm) nude puno prostora za va\u0161 barski pribor. Pivo, rizling, viski... Izlo\u017eite svoja omiljena pi\u0107a na njima![Stabilno dr\u017eanje] Lomljive \u010da\u0161e i boce? Nema brige! 2 dr\u017ea\u010da za \u010da\u0161e i 3 dr\u017ea\u010da za boce osiguravaju sigurno dr\u017eanje... na va\u0161oj sljede\u0107oj romanti\u010dnoj ve\u010deri![Premje\u0161tanje ili zaklju\u010davanje] S \u010detiri kota\u010di\u0107a, od kojih dva imaju ko\u010dnice, ova kolica za bar mo\u017eete lako premjestiti gdje god vam zatrebaju na zabavi. Ili ih postavite pored sofe kako biste poslu\u017eili kavu nakon zabave.[Poka\u017eite svoj stil] \u0160ik okvir zlatne boje, police od zrcalnog stakla, elegantno zakrivljena ru\u010dka... Ova kolica dodaju da\u0161ak luksuza va\u0161em baru, blagovaonici, kuhinji ili drugim prostorima.[Sastavljanje je lagano] Jedva \u010dekate staviti boce na njega? Nema problema! Zahvaljuju\u0107i jasnim uputama i dobro ozna\u010denim dijelovima, kolica za bar mo\u017eete brzo sastaviti.","breadcrumb":{"@id":"https:\/\/inti.hr\/sr\/proizvod\/kolica-za-posluzivanje-s-2-policama-od-zrcalnog-stakla\/#breadcrumb"},"inLanguage":"sr-RS","potentialAction":[{"@type":"ReadAction","target":["https:\/\/inti.hr\/sr\/proizvod\/kolica-za-posluzivanje-s-2-policama-od-zrcalnog-stakla\/"]}]},{"@type":"ImageObject","inLanguage":"sr-RS","@id":"https:\/\/inti.hr\/sr\/proizvod\/kolica-za-posluzivanje-s-2-policama-od-zrcalnog-stakla\/#primaryimage","url":"https:\/\/i0.wp.com\/inti.hr\/wp-content\/uploads\/2026\/03\/LRC092A62-1.jpg?fit=1000%2C1000&ssl=1","contentUrl":"https:\/\/i0.wp.com\/inti.hr\/wp-content\/uploads\/2026\/03\/LRC092A62-1.jpg?fit=1000%2C1000&ssl=1","width":1000,"height":1000,"caption":"VASAGLE Kolica za poslu\u017eivanje s 2 policama od zrcalnog stakla, zlatne boje"},{"@type":"BreadcrumbList","@id":"https:\/\/inti.hr\/sr\/proizvod\/kolica-za-posluzivanje-s-2-policama-od-zrcalnog-stakla\/#breadcrumb","itemListElement":[{"@type":"ListItem","position":1,"name":"Po\u010detna stranica","item":"https:\/\/inti.hr\/sr\/"},{"@type":"ListItem","position":2,"name":"Prodavnica","item":"https:\/\/inti.hr\/sr\/prodavnica\/"},{"@type":"ListItem","position":3,"name":"Kolica za poslu\u017eivanje s 2 policama od zrcalnog stakla"}]},{"@type":"WebSite","@id":"https:\/\/inti.hr\/sr\/#website","url":"https:\/\/inti.hr\/sr\/","name":"Inti","description":"trgovina","potentialAction":[{"@type":"SearchAction","target":{"@type":"EntryPoint","urlTemplate":"https:\/\/inti.hr\/sr\/?s={search_term_string}"},"query-input":{"@type":"PropertyValueSpecification","valueRequired":true,"valueName":"search_term_string"}}],"inLanguage":"sr-RS"}]}},"jetpack_sharing_enabled":true,"jetpack-related-posts":[],"_links":{"self":[{"href":"https:\/\/inti.hr\/sr\/wp-json\/wp\/v2\/product\/30549"}],"collection":[{"href":"https:\/\/inti.hr\/sr\/wp-json\/wp\/v2\/product"}],"about":[{"href":"https:\/\/inti.hr\/sr\/wp-json\/wp\/v2\/types\/product"}],"wp:featuredmedia":[{"embeddable":true,"href":"https:\/\/inti.hr\/sr\/wp-json\/wp\/v2\/media\/30550"}],"wp:attachment":[{"href":"https:\/\/inti.hr\/sr\/wp-json\/wp\/v2\/media?parent=30549"}],"wp:term":[{"taxonomy":"product_cat","embeddable":true,"href":"https:\/\/inti.hr\/sr\/wp-json\/wp\/v2\/product_cat?post=30549"},{"taxonomy":"product_tag","embeddable":true,"href":"https:\/\/inti.hr\/sr\/wp-json\/wp\/v2\/product_tag?post=30549"}],"curies":[{"name":"wp","href":"https:\/\/api.w.org\/{rel}","templated":true}]}}