{"id":30557,"date":"2026-03-10T13:10:45","date_gmt":"2026-03-10T12:10:45","guid":{"rendered":"https:\/\/inti.hr\/product\/kolica-za-posluzivanje-s-3-razine-i-kotacima\/"},"modified":"2026-03-10T13:10:45","modified_gmt":"2026-03-10T12:10:45","slug":"kolica-za-posluzivanje-s-3-razine-i-kotacima","status":"publish","type":"product","link":"https:\/\/inti.hr\/sr\/proizvod\/kolica-za-posluzivanje-s-3-razine-i-kotacima\/","title":{"rendered":"Kolica za poslu\u017eivanje s 3 razine i kota\u010dima"},"content":{"rendered":"<ul>\n<li><b><span dir=\"auto\">Detalji o proizvodu:<\/span><\/b><\/li>\n<li><span dir=\"auto\">Boja: Zlatna<\/span><\/li>\n<li><span dir=\"auto\">Materijal: \u010celik, zrcalno staklo<\/span><\/li>\n<li><span dir=\"auto\">Veli\u010dina: 30 x 46,8 x 92 cm (D x \u0160 x V)<\/span><\/li>\n<li><span dir=\"auto\">Te\u017eina: 7,7 kg<\/span><\/li>\n<li><span dir=\"auto\">Maksimalna stati\u010dka nosivost po razini: 30 kg<\/span><\/li>\n<\/ul>\n","protected":false},"excerpt":{"rendered":"<ul class=\"left\">\n<li><span dir=\"auto\">[\u0160armantne police od zrcalnog stakla] Police od zrcalnog &#8230;<br \/>\n","protected":false},"featured_media":30558,"template":"","meta":[],"product_cat":[2539],"product_tag":[2540,2541],"yoast_head":"<!-- This site is optimized with the Yoast SEO plugin v23.7 - https:\/\/yoast.com\/wordpress\/plugins\/seo\/ -->\n<title>Kolica za poslu\u017eivanje s 3 razine i kota\u010dima - Inti<\/title>\n<meta name=\"description\" content=\"[\u0160armantne police od zrcalnog stakla] Police od zrcalnog stakla daju ovim kolicima za poslu\u017eivanje atraktivan \u0161arm. Prekrasno odra\u017eavaju va\u0161e vinske \u010da\u0161e i boce, unose\u0107i bezvremensku eleganciju u va\u0161 dom.[Savr\u0161eno za male prostore] Ova uska kolica na kota\u010di\u0107e (30 x 46,8 x 92 cm) savr\u0161eno se uklapaju u uske ni\u0161e u kuhinji, kupaonici, radnoj sobi ili spava\u0107oj sobi. S ovim kolicima za ni\u0161u mo\u017eete maksimalno iskoristiti svoj prostor i pove\u0107ati prostor za pohranu.[3 uklonjiva dr\u017ea\u010da za \u010da\u0161e] Ova kolica dolaze s 3 dr\u017ea\u010da za \u010da\u0161e kako bi vam \u010da\u0161e bile pri ruci. Nadalje, svi dr\u017ea\u010di za \u010da\u0161e su uklonjivi, \u0161to zna\u010di da ih mo\u017eete pri\u010dvrstiti po potrebi.[Premje\u0161tanje ili zaklju\u010davanje] S \u010detiri kota\u010di\u0107a koji se okre\u0107u za 360\u00b0 i zakrivljenim ru\u010dkama, ova kolica za bar mo\u017eete jednostavno premjestiti gdje god vam zatrebaju. Dva kota\u010di\u0107a opremljena su ko\u010dnicama, \u0161to vam omogu\u0107uje da kolica zaklju\u010date na mjestu.[Robustan i izdr\u017eljiv] Izra\u0111en od \u010deli\u010dnog okvira i izdr\u017eljivog stakla koje se lako \u010disti, ova kolica na kota\u010di\u0107ima su robusna, stabilna i izdr\u017eljiva.\" \/>\n<meta name=\"robots\" content=\"index, follow, max-snippet:-1, max-image-preview:large, max-video-preview:-1\" \/>\n<link rel=\"canonical\" href=\"https:\/\/inti.hr\/sr\/proizvod\/kolica-za-posluzivanje-s-3-razine-i-kotacima\/\" \/>\n<meta property=\"og:locale\" content=\"sr_RS\" \/>\n<meta property=\"og:type\" content=\"article\" \/>\n<meta property=\"og:title\" content=\"Kolica za poslu\u017eivanje s 3 razine i kota\u010dima - Inti\" \/>\n<meta property=\"og:description\" content=\"[\u0160armantne police od zrcalnog stakla] Police od zrcalnog stakla daju ovim kolicima za poslu\u017eivanje atraktivan \u0161arm. Prekrasno odra\u017eavaju va\u0161e vinske \u010da\u0161e i boce, unose\u0107i bezvremensku eleganciju u va\u0161 dom.[Savr\u0161eno za male prostore] Ova uska kolica na kota\u010di\u0107e (30 x 46,8 x 92 cm) savr\u0161eno se uklapaju u uske ni\u0161e u kuhinji, kupaonici, radnoj sobi ili spava\u0107oj sobi. S ovim kolicima za ni\u0161u mo\u017eete maksimalno iskoristiti svoj prostor i pove\u0107ati prostor za pohranu.[3 uklonjiva dr\u017ea\u010da za \u010da\u0161e] Ova kolica dolaze s 3 dr\u017ea\u010da za \u010da\u0161e kako bi vam \u010da\u0161e bile pri ruci. Nadalje, svi dr\u017ea\u010di za \u010da\u0161e su uklonjivi, \u0161to zna\u010di da ih mo\u017eete pri\u010dvrstiti po potrebi.[Premje\u0161tanje ili zaklju\u010davanje] S \u010detiri kota\u010di\u0107a koji se okre\u0107u za 360\u00b0 i zakrivljenim ru\u010dkama, ova kolica za bar mo\u017eete jednostavno premjestiti gdje god vam zatrebaju. Dva kota\u010di\u0107a opremljena su ko\u010dnicama, \u0161to vam omogu\u0107uje da kolica zaklju\u010date na mjestu.[Robustan i izdr\u017eljiv] Izra\u0111en od \u010deli\u010dnog okvira i izdr\u017eljivog stakla koje se lako \u010disti, ova kolica na kota\u010di\u0107ima su robusna, stabilna i izdr\u017eljiva.\" \/>\n<meta property=\"og:url\" content=\"https:\/\/inti.hr\/sr\/proizvod\/kolica-za-posluzivanje-s-3-razine-i-kotacima\/\" \/>\n<meta property=\"og:site_name\" content=\"Inti\" \/>\n<meta property=\"og:image\" content=\"https:\/\/i0.wp.com\/inti.hr\/wp-content\/uploads\/2026\/03\/LRC091A62-1.jpg?fit=1000%2C1000&ssl=1\" \/>\n\t<meta property=\"og:image:width\" content=\"1000\" \/>\n\t<meta property=\"og:image:height\" content=\"1000\" \/>\n\t<meta property=\"og:image:type\" content=\"image\/jpeg\" \/>\n<meta name=\"twitter:card\" content=\"summary_large_image\" \/>\n<script type=\"application\/ld+json\" class=\"yoast-schema-graph\">{\"@context\":\"https:\/\/schema.org\",\"@graph\":[{\"@type\":\"WebPage\",\"@id\":\"https:\/\/inti.hr\/sr\/proizvod\/kolica-za-posluzivanje-s-3-razine-i-kotacima\/\",\"url\":\"https:\/\/inti.hr\/sr\/proizvod\/kolica-za-posluzivanje-s-3-razine-i-kotacima\/\",\"name\":\"Kolica za poslu\u017eivanje s 3 razine i kota\u010dima - Inti\",\"isPartOf\":{\"@id\":\"https:\/\/inti.hr\/sr\/#website\"},\"primaryImageOfPage\":{\"@id\":\"https:\/\/inti.hr\/sr\/proizvod\/kolica-za-posluzivanje-s-3-razine-i-kotacima\/#primaryimage\"},\"image\":{\"@id\":\"https:\/\/inti.hr\/sr\/proizvod\/kolica-za-posluzivanje-s-3-razine-i-kotacima\/#primaryimage\"},\"thumbnailUrl\":\"https:\/\/i0.wp.com\/inti.hr\/wp-content\/uploads\/2026\/03\/LRC091A62-1.jpg?fit=1000%2C1000&ssl=1\",\"datePublished\":\"2026-03-10T12:10:45+00:00\",\"dateModified\":\"2026-03-10T12:10:45+00:00\",\"description\":\"[\u0160armantne police od zrcalnog stakla] Police od zrcalnog stakla daju ovim kolicima za poslu\u017eivanje atraktivan \u0161arm. Prekrasno odra\u017eavaju va\u0161e vinske \u010da\u0161e i boce, unose\u0107i bezvremensku eleganciju u va\u0161 dom.[Savr\u0161eno za male prostore] Ova uska kolica na kota\u010di\u0107e (30 x 46,8 x 92 cm) savr\u0161eno se uklapaju u uske ni\u0161e u kuhinji, kupaonici, radnoj sobi ili spava\u0107oj sobi. S ovim kolicima za ni\u0161u mo\u017eete maksimalno iskoristiti svoj prostor i pove\u0107ati prostor za pohranu.[3 uklonjiva dr\u017ea\u010da za \u010da\u0161e] Ova kolica dolaze s 3 dr\u017ea\u010da za \u010da\u0161e kako bi vam \u010da\u0161e bile pri ruci. Nadalje, svi dr\u017ea\u010di za \u010da\u0161e su uklonjivi, \u0161to zna\u010di da ih mo\u017eete pri\u010dvrstiti po potrebi.[Premje\u0161tanje ili zaklju\u010davanje] S \u010detiri kota\u010di\u0107a koji se okre\u0107u za 360\u00b0 i zakrivljenim ru\u010dkama, ova kolica za bar mo\u017eete jednostavno premjestiti gdje god vam zatrebaju. Dva kota\u010di\u0107a opremljena su ko\u010dnicama, \u0161to vam omogu\u0107uje da kolica zaklju\u010date na mjestu.[Robustan i izdr\u017eljiv] Izra\u0111en od \u010deli\u010dnog okvira i izdr\u017eljivog stakla koje se lako \u010disti, ova kolica na kota\u010di\u0107ima su robusna, stabilna i izdr\u017eljiva.\",\"breadcrumb\":{\"@id\":\"https:\/\/inti.hr\/sr\/proizvod\/kolica-za-posluzivanje-s-3-razine-i-kotacima\/#breadcrumb\"},\"inLanguage\":\"sr-RS\",\"potentialAction\":[{\"@type\":\"ReadAction\",\"target\":[\"https:\/\/inti.hr\/sr\/proizvod\/kolica-za-posluzivanje-s-3-razine-i-kotacima\/\"]}]},{\"@type\":\"ImageObject\",\"inLanguage\":\"sr-RS\",\"@id\":\"https:\/\/inti.hr\/sr\/proizvod\/kolica-za-posluzivanje-s-3-razine-i-kotacima\/#primaryimage\",\"url\":\"https:\/\/i0.wp.com\/inti.hr\/wp-content\/uploads\/2026\/03\/LRC091A62-1.jpg?fit=1000%2C1000&ssl=1\",\"contentUrl\":\"https:\/\/i0.wp.com\/inti.hr\/wp-content\/uploads\/2026\/03\/LRC091A62-1.jpg?fit=1000%2C1000&ssl=1\",\"width\":1000,\"height\":1000,\"caption\":\"VASAGLE Kolica za poslu\u017eivanje s 3 razine i kota\u010dima,\"},{\"@type\":\"BreadcrumbList\",\"@id\":\"https:\/\/inti.hr\/sr\/proizvod\/kolica-za-posluzivanje-s-3-razine-i-kotacima\/#breadcrumb\",\"itemListElement\":[{\"@type\":\"ListItem\",\"position\":1,\"name\":\"Po\u010detna stranica\",\"item\":\"https:\/\/inti.hr\/sr\/\"},{\"@type\":\"ListItem\",\"position\":2,\"name\":\"Prodavnica\",\"item\":\"https:\/\/inti.hr\/sr\/prodavnica\/\"},{\"@type\":\"ListItem\",\"position\":3,\"name\":\"Kolica za poslu\u017eivanje s 3 razine i kota\u010dima\"}]},{\"@type\":\"WebSite\",\"@id\":\"https:\/\/inti.hr\/sr\/#website\",\"url\":\"https:\/\/inti.hr\/sr\/\",\"name\":\"Inti\",\"description\":\"trgovina\",\"potentialAction\":[{\"@type\":\"SearchAction\",\"target\":{\"@type\":\"EntryPoint\",\"urlTemplate\":\"https:\/\/inti.hr\/sr\/?s={search_term_string}\"},\"query-input\":{\"@type\":\"PropertyValueSpecification\",\"valueRequired\":true,\"valueName\":\"search_term_string\"}}],\"inLanguage\":\"sr-RS\"}]}<\/script>\n<!-- \/ Yoast SEO plugin. -->","yoast_head_json":{"title":"Kolica za poslu\u017eivanje s 3 razine i kota\u010dima - Inti","description":"[\u0160armantne police od zrcalnog stakla] Police od zrcalnog stakla daju ovim kolicima za poslu\u017eivanje atraktivan \u0161arm. Prekrasno odra\u017eavaju va\u0161e vinske \u010da\u0161e i boce, unose\u0107i bezvremensku eleganciju u va\u0161 dom.[Savr\u0161eno za male prostore] Ova uska kolica na kota\u010di\u0107e (30 x 46,8 x 92 cm) savr\u0161eno se uklapaju u uske ni\u0161e u kuhinji, kupaonici, radnoj sobi ili spava\u0107oj sobi. S ovim kolicima za ni\u0161u mo\u017eete maksimalno iskoristiti svoj prostor i pove\u0107ati prostor za pohranu.[3 uklonjiva dr\u017ea\u010da za \u010da\u0161e] Ova kolica dolaze s 3 dr\u017ea\u010da za \u010da\u0161e kako bi vam \u010da\u0161e bile pri ruci. Nadalje, svi dr\u017ea\u010di za \u010da\u0161e su uklonjivi, \u0161to zna\u010di da ih mo\u017eete pri\u010dvrstiti po potrebi.[Premje\u0161tanje ili zaklju\u010davanje] S \u010detiri kota\u010di\u0107a koji se okre\u0107u za 360\u00b0 i zakrivljenim ru\u010dkama, ova kolica za bar mo\u017eete jednostavno premjestiti gdje god vam zatrebaju. Dva kota\u010di\u0107a opremljena su ko\u010dnicama, \u0161to vam omogu\u0107uje da kolica zaklju\u010date na mjestu.[Robustan i izdr\u017eljiv] Izra\u0111en od \u010deli\u010dnog okvira i izdr\u017eljivog stakla koje se lako \u010disti, ova kolica na kota\u010di\u0107ima su robusna, stabilna i izdr\u017eljiva.","robots":{"index":"index","follow":"follow","max-snippet":"max-snippet:-1","max-image-preview":"max-image-preview:large","max-video-preview":"max-video-preview:-1"},"canonical":"https:\/\/inti.hr\/sr\/proizvod\/kolica-za-posluzivanje-s-3-razine-i-kotacima\/","og_locale":"sr_RS","og_type":"article","og_title":"Kolica za poslu\u017eivanje s 3 razine i kota\u010dima - Inti","og_description":"[\u0160armantne police od zrcalnog stakla] Police od zrcalnog stakla daju ovim kolicima za poslu\u017eivanje atraktivan \u0161arm. Prekrasno odra\u017eavaju va\u0161e vinske \u010da\u0161e i boce, unose\u0107i bezvremensku eleganciju u va\u0161 dom.[Savr\u0161eno za male prostore] Ova uska kolica na kota\u010di\u0107e (30 x 46,8 x 92 cm) savr\u0161eno se uklapaju u uske ni\u0161e u kuhinji, kupaonici, radnoj sobi ili spava\u0107oj sobi. S ovim kolicima za ni\u0161u mo\u017eete maksimalno iskoristiti svoj prostor i pove\u0107ati prostor za pohranu.[3 uklonjiva dr\u017ea\u010da za \u010da\u0161e] Ova kolica dolaze s 3 dr\u017ea\u010da za \u010da\u0161e kako bi vam \u010da\u0161e bile pri ruci. Nadalje, svi dr\u017ea\u010di za \u010da\u0161e su uklonjivi, \u0161to zna\u010di da ih mo\u017eete pri\u010dvrstiti po potrebi.[Premje\u0161tanje ili zaklju\u010davanje] S \u010detiri kota\u010di\u0107a koji se okre\u0107u za 360\u00b0 i zakrivljenim ru\u010dkama, ova kolica za bar mo\u017eete jednostavno premjestiti gdje god vam zatrebaju. Dva kota\u010di\u0107a opremljena su ko\u010dnicama, \u0161to vam omogu\u0107uje da kolica zaklju\u010date na mjestu.[Robustan i izdr\u017eljiv] Izra\u0111en od \u010deli\u010dnog okvira i izdr\u017eljivog stakla koje se lako \u010disti, ova kolica na kota\u010di\u0107ima su robusna, stabilna i izdr\u017eljiva.","og_url":"https:\/\/inti.hr\/sr\/proizvod\/kolica-za-posluzivanje-s-3-razine-i-kotacima\/","og_site_name":"Inti","og_image":[{"width":1000,"height":1000,"url":"https:\/\/i0.wp.com\/inti.hr\/wp-content\/uploads\/2026\/03\/LRC091A62-1.jpg?fit=1000%2C1000&ssl=1","type":"image\/jpeg"}],"twitter_card":"summary_large_image","schema":{"@context":"https:\/\/schema.org","@graph":[{"@type":"WebPage","@id":"https:\/\/inti.hr\/sr\/proizvod\/kolica-za-posluzivanje-s-3-razine-i-kotacima\/","url":"https:\/\/inti.hr\/sr\/proizvod\/kolica-za-posluzivanje-s-3-razine-i-kotacima\/","name":"Kolica za poslu\u017eivanje s 3 razine i kota\u010dima - Inti","isPartOf":{"@id":"https:\/\/inti.hr\/sr\/#website"},"primaryImageOfPage":{"@id":"https:\/\/inti.hr\/sr\/proizvod\/kolica-za-posluzivanje-s-3-razine-i-kotacima\/#primaryimage"},"image":{"@id":"https:\/\/inti.hr\/sr\/proizvod\/kolica-za-posluzivanje-s-3-razine-i-kotacima\/#primaryimage"},"thumbnailUrl":"https:\/\/i0.wp.com\/inti.hr\/wp-content\/uploads\/2026\/03\/LRC091A62-1.jpg?fit=1000%2C1000&ssl=1","datePublished":"2026-03-10T12:10:45+00:00","dateModified":"2026-03-10T12:10:45+00:00","description":"[\u0160armantne police od zrcalnog stakla] Police od zrcalnog stakla daju ovim kolicima za poslu\u017eivanje atraktivan \u0161arm. Prekrasno odra\u017eavaju va\u0161e vinske \u010da\u0161e i boce, unose\u0107i bezvremensku eleganciju u va\u0161 dom.[Savr\u0161eno za male prostore] Ova uska kolica na kota\u010di\u0107e (30 x 46,8 x 92 cm) savr\u0161eno se uklapaju u uske ni\u0161e u kuhinji, kupaonici, radnoj sobi ili spava\u0107oj sobi. S ovim kolicima za ni\u0161u mo\u017eete maksimalno iskoristiti svoj prostor i pove\u0107ati prostor za pohranu.[3 uklonjiva dr\u017ea\u010da za \u010da\u0161e] Ova kolica dolaze s 3 dr\u017ea\u010da za \u010da\u0161e kako bi vam \u010da\u0161e bile pri ruci. Nadalje, svi dr\u017ea\u010di za \u010da\u0161e su uklonjivi, \u0161to zna\u010di da ih mo\u017eete pri\u010dvrstiti po potrebi.[Premje\u0161tanje ili zaklju\u010davanje] S \u010detiri kota\u010di\u0107a koji se okre\u0107u za 360\u00b0 i zakrivljenim ru\u010dkama, ova kolica za bar mo\u017eete jednostavno premjestiti gdje god vam zatrebaju. Dva kota\u010di\u0107a opremljena su ko\u010dnicama, \u0161to vam omogu\u0107uje da kolica zaklju\u010date na mjestu.[Robustan i izdr\u017eljiv] Izra\u0111en od \u010deli\u010dnog okvira i izdr\u017eljivog stakla koje se lako \u010disti, ova kolica na kota\u010di\u0107ima su robusna, stabilna i izdr\u017eljiva.","breadcrumb":{"@id":"https:\/\/inti.hr\/sr\/proizvod\/kolica-za-posluzivanje-s-3-razine-i-kotacima\/#breadcrumb"},"inLanguage":"sr-RS","potentialAction":[{"@type":"ReadAction","target":["https:\/\/inti.hr\/sr\/proizvod\/kolica-za-posluzivanje-s-3-razine-i-kotacima\/"]}]},{"@type":"ImageObject","inLanguage":"sr-RS","@id":"https:\/\/inti.hr\/sr\/proizvod\/kolica-za-posluzivanje-s-3-razine-i-kotacima\/#primaryimage","url":"https:\/\/i0.wp.com\/inti.hr\/wp-content\/uploads\/2026\/03\/LRC091A62-1.jpg?fit=1000%2C1000&ssl=1","contentUrl":"https:\/\/i0.wp.com\/inti.hr\/wp-content\/uploads\/2026\/03\/LRC091A62-1.jpg?fit=1000%2C1000&ssl=1","width":1000,"height":1000,"caption":"VASAGLE Kolica za poslu\u017eivanje s 3 razine i kota\u010dima,"},{"@type":"BreadcrumbList","@id":"https:\/\/inti.hr\/sr\/proizvod\/kolica-za-posluzivanje-s-3-razine-i-kotacima\/#breadcrumb","itemListElement":[{"@type":"ListItem","position":1,"name":"Po\u010detna stranica","item":"https:\/\/inti.hr\/sr\/"},{"@type":"ListItem","position":2,"name":"Prodavnica","item":"https:\/\/inti.hr\/sr\/prodavnica\/"},{"@type":"ListItem","position":3,"name":"Kolica za poslu\u017eivanje s 3 razine i kota\u010dima"}]},{"@type":"WebSite","@id":"https:\/\/inti.hr\/sr\/#website","url":"https:\/\/inti.hr\/sr\/","name":"Inti","description":"trgovina","potentialAction":[{"@type":"SearchAction","target":{"@type":"EntryPoint","urlTemplate":"https:\/\/inti.hr\/sr\/?s={search_term_string}"},"query-input":{"@type":"PropertyValueSpecification","valueRequired":true,"valueName":"search_term_string"}}],"inLanguage":"sr-RS"}]}},"jetpack_sharing_enabled":true,"jetpack-related-posts":[],"_links":{"self":[{"href":"https:\/\/inti.hr\/sr\/wp-json\/wp\/v2\/product\/30557"}],"collection":[{"href":"https:\/\/inti.hr\/sr\/wp-json\/wp\/v2\/product"}],"about":[{"href":"https:\/\/inti.hr\/sr\/wp-json\/wp\/v2\/types\/product"}],"wp:featuredmedia":[{"embeddable":true,"href":"https:\/\/inti.hr\/sr\/wp-json\/wp\/v2\/media\/30558"}],"wp:attachment":[{"href":"https:\/\/inti.hr\/sr\/wp-json\/wp\/v2\/media?parent=30557"}],"wp:term":[{"taxonomy":"product_cat","embeddable":true,"href":"https:\/\/inti.hr\/sr\/wp-json\/wp\/v2\/product_cat?post=30557"},{"taxonomy":"product_tag","embeddable":true,"href":"https:\/\/inti.hr\/sr\/wp-json\/wp\/v2\/product_tag?post=30557"}],"curies":[{"name":"wp","href":"https:\/\/api.w.org\/{rel}","templated":true}]}}