{"id":30578,"date":"2026-03-10T09:01:02","date_gmt":"2026-03-10T08:01:02","guid":{"rendered":"https:\/\/inti.hr\/product\/kosara-za-rublje-s-okvirom-od-bambusa-i-dva-odjeljka\/"},"modified":"2026-03-10T09:01:02","modified_gmt":"2026-03-10T08:01:02","slug":"kosara-za-rublje-s-okvirom-od-bambusa-i-dva-odjeljka","status":"publish","type":"product","link":"https:\/\/inti.hr\/sr\/proizvod\/kosara-za-rublje-s-okvirom-od-bambusa-i-dva-odjeljka\/","title":{"rendered":"Ko\u0161ara za rublje s okvirom od bambusa i dva odjeljka"},"content":{"rendered":"<ul>\n<li><b><span dir=\"auto\">Detalji o proizvodu:<\/span><\/b><\/li>\n<li><span dir=\"auto\">Boja: Krem bijela<\/span><\/li>\n<li><span dir=\"auto\">Materijal: Bambus, Oxford tkanina<\/span><\/li>\n<li><span dir=\"auto\">Veli\u010dina: 45 x 40 x 78 cm (D x \u0160 x V)<\/span><\/li>\n<li><span dir=\"auto\">Te\u017eina: 2,7 kg<\/span><\/li>\n<li><span dir=\"auto\">Maksimalna ukupna stati\u010dka nosivost: 15 kg\u00a0<\/span><\/li>\n<\/ul>\n<p>Boja: Krem bijela<br \/>\nMaterijal: Bambus, Oxford tkanina<br \/>\nVeli\u010dina: 65 x 40 x 78 cm (D x \u0160 x V)<br \/>\nTe\u017eina: 2,9 kg<br \/>\nMaksimalna ukupna stati\u010dka nosivost: 20 kg<\/p>\n","protected":false},"excerpt":{"rendered":"<ul class=\"left\">\n<li><span dir=\"auto\">Veliki kapacitet i u\u010dinkovito sortiranje: Ko\u0161ara za rublje &#8230;<br \/>\n","protected":false},"featured_media":30580,"template":"","meta":[],"product_cat":[2396],"product_tag":[2430,2522],"yoast_head":"<!-- This site is optimized with the Yoast SEO plugin v23.7 - https:\/\/yoast.com\/wordpress\/plugins\/seo\/ -->\n<title>Ko\u0161ara za rublje s okvirom od bambusa i dva odjeljka - Inti<\/title>\n<meta name=\"description\" content=\"Veliki kapacitet i u\u010dinkovito sortiranje: Ko\u0161ara za rublje s 2 odjeljka nudi 100 litara prostora za odvojeno odvajanje svijetle i tamne odje\u0107e. To \u010dini pranje rublja opu\u0161tenijim.Okvir od bambusa za da\u0161ak prirode: Ova ko\u0161ara za rublje dodaje svje\u017einu praonici, spava\u0107oj sobi, kupaonici ili studentskom stanu i uklapa se u razli\u010dite stilove ure\u0111enja interijera.\u010cvrsti, uklonjivi poklopac: Poklopac sortirnika rublja oja\u010dan je iznutra potpornom plo\u010dom kako bi se sprije\u010dilo savijanje. \u0160titi od pra\u0161ine i znati\u017eeljnih pogleda. Uklonite ga radi lak\u0161eg transporta.Stabilan i izdr\u017eljiv: Zahvaljuju\u0107i bambusovim letvicama debljine 15 mm, sustav za sortiranje rublja stoji \u010dvrsto i mo\u017ee podnijeti do 15 kg. Tkanina 600D Oxford je vodoodbojna, otporna na kidanje i jednostavna za \u010di\u0161\u0107enje.Odvojiva vre\u0107ica za rublje: Opremljena \u010di\u010dak trakama i ru\u010dkama za no\u0161enje, lako se odvaja i poma\u017ee vam u transportu rublja do perilice rublja. Prakti\u010dno ako se morate penjati stepenicama.\" \/>\n<meta name=\"robots\" content=\"index, follow, max-snippet:-1, max-image-preview:large, max-video-preview:-1\" \/>\n<link rel=\"canonical\" href=\"https:\/\/inti.hr\/sr\/proizvod\/kosara-za-rublje-s-okvirom-od-bambusa-i-dva-odjeljka\/\" \/>\n<meta property=\"og:locale\" content=\"sr_RS\" \/>\n<meta property=\"og:type\" content=\"article\" \/>\n<meta property=\"og:title\" content=\"Ko\u0161ara za rublje s okvirom od bambusa i dva odjeljka - Inti\" \/>\n<meta property=\"og:description\" content=\"Veliki kapacitet i u\u010dinkovito sortiranje: Ko\u0161ara za rublje s 2 odjeljka nudi 100 litara prostora za odvojeno odvajanje svijetle i tamne odje\u0107e. To \u010dini pranje rublja opu\u0161tenijim.Okvir od bambusa za da\u0161ak prirode: Ova ko\u0161ara za rublje dodaje svje\u017einu praonici, spava\u0107oj sobi, kupaonici ili studentskom stanu i uklapa se u razli\u010dite stilove ure\u0111enja interijera.\u010cvrsti, uklonjivi poklopac: Poklopac sortirnika rublja oja\u010dan je iznutra potpornom plo\u010dom kako bi se sprije\u010dilo savijanje. \u0160titi od pra\u0161ine i znati\u017eeljnih pogleda. Uklonite ga radi lak\u0161eg transporta.Stabilan i izdr\u017eljiv: Zahvaljuju\u0107i bambusovim letvicama debljine 15 mm, sustav za sortiranje rublja stoji \u010dvrsto i mo\u017ee podnijeti do 15 kg. Tkanina 600D Oxford je vodoodbojna, otporna na kidanje i jednostavna za \u010di\u0161\u0107enje.Odvojiva vre\u0107ica za rublje: Opremljena \u010di\u010dak trakama i ru\u010dkama za no\u0161enje, lako se odvaja i poma\u017ee vam u transportu rublja do perilice rublja. Prakti\u010dno ako se morate penjati stepenicama.\" \/>\n<meta property=\"og:url\" content=\"https:\/\/inti.hr\/sr\/proizvod\/kosara-za-rublje-s-okvirom-od-bambusa-i-dva-odjeljka\/\" \/>\n<meta property=\"og:site_name\" content=\"Inti\" \/>\n<meta property=\"og:image\" content=\"https:\/\/i0.wp.com\/inti.hr\/wp-content\/uploads\/2026\/03\/RLH103WD01-1.jpg?fit=1000%2C1000&ssl=1\" \/>\n\t<meta property=\"og:image:width\" content=\"1000\" \/>\n\t<meta property=\"og:image:height\" content=\"1000\" \/>\n\t<meta property=\"og:image:type\" content=\"image\/jpeg\" \/>\n<meta name=\"twitter:card\" content=\"summary_large_image\" \/>\n<script type=\"application\/ld+json\" class=\"yoast-schema-graph\">{\"@context\":\"https:\/\/schema.org\",\"@graph\":[{\"@type\":\"WebPage\",\"@id\":\"https:\/\/inti.hr\/sr\/proizvod\/kosara-za-rublje-s-okvirom-od-bambusa-i-dva-odjeljka\/\",\"url\":\"https:\/\/inti.hr\/sr\/proizvod\/kosara-za-rublje-s-okvirom-od-bambusa-i-dva-odjeljka\/\",\"name\":\"Ko\u0161ara za rublje s okvirom od bambusa i dva odjeljka - Inti\",\"isPartOf\":{\"@id\":\"https:\/\/inti.hr\/sr\/#website\"},\"primaryImageOfPage\":{\"@id\":\"https:\/\/inti.hr\/sr\/proizvod\/kosara-za-rublje-s-okvirom-od-bambusa-i-dva-odjeljka\/#primaryimage\"},\"image\":{\"@id\":\"https:\/\/inti.hr\/sr\/proizvod\/kosara-za-rublje-s-okvirom-od-bambusa-i-dva-odjeljka\/#primaryimage\"},\"thumbnailUrl\":\"https:\/\/i0.wp.com\/inti.hr\/wp-content\/uploads\/2026\/03\/RLH103WD01-1.jpg?fit=1000%2C1000&ssl=1\",\"datePublished\":\"2026-03-10T08:01:02+00:00\",\"dateModified\":\"2026-03-10T08:01:02+00:00\",\"description\":\"Veliki kapacitet i u\u010dinkovito sortiranje: Ko\u0161ara za rublje s 2 odjeljka nudi 100 litara prostora za odvojeno odvajanje svijetle i tamne odje\u0107e. To \u010dini pranje rublja opu\u0161tenijim.Okvir od bambusa za da\u0161ak prirode: Ova ko\u0161ara za rublje dodaje svje\u017einu praonici, spava\u0107oj sobi, kupaonici ili studentskom stanu i uklapa se u razli\u010dite stilove ure\u0111enja interijera.\u010cvrsti, uklonjivi poklopac: Poklopac sortirnika rublja oja\u010dan je iznutra potpornom plo\u010dom kako bi se sprije\u010dilo savijanje. \u0160titi od pra\u0161ine i znati\u017eeljnih pogleda. Uklonite ga radi lak\u0161eg transporta.Stabilan i izdr\u017eljiv: Zahvaljuju\u0107i bambusovim letvicama debljine 15 mm, sustav za sortiranje rublja stoji \u010dvrsto i mo\u017ee podnijeti do 15 kg. Tkanina 600D Oxford je vodoodbojna, otporna na kidanje i jednostavna za \u010di\u0161\u0107enje.Odvojiva vre\u0107ica za rublje: Opremljena \u010di\u010dak trakama i ru\u010dkama za no\u0161enje, lako se odvaja i poma\u017ee vam u transportu rublja do perilice rublja. Prakti\u010dno ako se morate penjati stepenicama.\",\"breadcrumb\":{\"@id\":\"https:\/\/inti.hr\/sr\/proizvod\/kosara-za-rublje-s-okvirom-od-bambusa-i-dva-odjeljka\/#breadcrumb\"},\"inLanguage\":\"sr-RS\",\"potentialAction\":[{\"@type\":\"ReadAction\",\"target\":[\"https:\/\/inti.hr\/sr\/proizvod\/kosara-za-rublje-s-okvirom-od-bambusa-i-dva-odjeljka\/\"]}]},{\"@type\":\"ImageObject\",\"inLanguage\":\"sr-RS\",\"@id\":\"https:\/\/inti.hr\/sr\/proizvod\/kosara-za-rublje-s-okvirom-od-bambusa-i-dva-odjeljka\/#primaryimage\",\"url\":\"https:\/\/i0.wp.com\/inti.hr\/wp-content\/uploads\/2026\/03\/RLH103WD01-1.jpg?fit=1000%2C1000&ssl=1\",\"contentUrl\":\"https:\/\/i0.wp.com\/inti.hr\/wp-content\/uploads\/2026\/03\/RLH103WD01-1.jpg?fit=1000%2C1000&ssl=1\",\"width\":1000,\"height\":1000,\"caption\":\"SONGMICS ko\u0161ara za rublje s okvirom od bambusa i dva odjeljka\"},{\"@type\":\"BreadcrumbList\",\"@id\":\"https:\/\/inti.hr\/sr\/proizvod\/kosara-za-rublje-s-okvirom-od-bambusa-i-dva-odjeljka\/#breadcrumb\",\"itemListElement\":[{\"@type\":\"ListItem\",\"position\":1,\"name\":\"Po\u010detna stranica\",\"item\":\"https:\/\/inti.hr\/sr\/\"},{\"@type\":\"ListItem\",\"position\":2,\"name\":\"Prodavnica\",\"item\":\"https:\/\/inti.hr\/sr\/prodavnica\/\"},{\"@type\":\"ListItem\",\"position\":3,\"name\":\"Ko\u0161ara za rublje s okvirom od bambusa i dva odjeljka\"}]},{\"@type\":\"WebSite\",\"@id\":\"https:\/\/inti.hr\/sr\/#website\",\"url\":\"https:\/\/inti.hr\/sr\/\",\"name\":\"Inti\",\"description\":\"trgovina\",\"potentialAction\":[{\"@type\":\"SearchAction\",\"target\":{\"@type\":\"EntryPoint\",\"urlTemplate\":\"https:\/\/inti.hr\/sr\/?s={search_term_string}\"},\"query-input\":{\"@type\":\"PropertyValueSpecification\",\"valueRequired\":true,\"valueName\":\"search_term_string\"}}],\"inLanguage\":\"sr-RS\"}]}<\/script>\n<!-- \/ Yoast SEO plugin. -->","yoast_head_json":{"title":"Ko\u0161ara za rublje s okvirom od bambusa i dva odjeljka - Inti","description":"Veliki kapacitet i u\u010dinkovito sortiranje: Ko\u0161ara za rublje s 2 odjeljka nudi 100 litara prostora za odvojeno odvajanje svijetle i tamne odje\u0107e. To \u010dini pranje rublja opu\u0161tenijim.Okvir od bambusa za da\u0161ak prirode: Ova ko\u0161ara za rublje dodaje svje\u017einu praonici, spava\u0107oj sobi, kupaonici ili studentskom stanu i uklapa se u razli\u010dite stilove ure\u0111enja interijera.\u010cvrsti, uklonjivi poklopac: Poklopac sortirnika rublja oja\u010dan je iznutra potpornom plo\u010dom kako bi se sprije\u010dilo savijanje. \u0160titi od pra\u0161ine i znati\u017eeljnih pogleda. Uklonite ga radi lak\u0161eg transporta.Stabilan i izdr\u017eljiv: Zahvaljuju\u0107i bambusovim letvicama debljine 15 mm, sustav za sortiranje rublja stoji \u010dvrsto i mo\u017ee podnijeti do 15 kg. Tkanina 600D Oxford je vodoodbojna, otporna na kidanje i jednostavna za \u010di\u0161\u0107enje.Odvojiva vre\u0107ica za rublje: Opremljena \u010di\u010dak trakama i ru\u010dkama za no\u0161enje, lako se odvaja i poma\u017ee vam u transportu rublja do perilice rublja. Prakti\u010dno ako se morate penjati stepenicama.","robots":{"index":"index","follow":"follow","max-snippet":"max-snippet:-1","max-image-preview":"max-image-preview:large","max-video-preview":"max-video-preview:-1"},"canonical":"https:\/\/inti.hr\/sr\/proizvod\/kosara-za-rublje-s-okvirom-od-bambusa-i-dva-odjeljka\/","og_locale":"sr_RS","og_type":"article","og_title":"Ko\u0161ara za rublje s okvirom od bambusa i dva odjeljka - Inti","og_description":"Veliki kapacitet i u\u010dinkovito sortiranje: Ko\u0161ara za rublje s 2 odjeljka nudi 100 litara prostora za odvojeno odvajanje svijetle i tamne odje\u0107e. To \u010dini pranje rublja opu\u0161tenijim.Okvir od bambusa za da\u0161ak prirode: Ova ko\u0161ara za rublje dodaje svje\u017einu praonici, spava\u0107oj sobi, kupaonici ili studentskom stanu i uklapa se u razli\u010dite stilove ure\u0111enja interijera.\u010cvrsti, uklonjivi poklopac: Poklopac sortirnika rublja oja\u010dan je iznutra potpornom plo\u010dom kako bi se sprije\u010dilo savijanje. \u0160titi od pra\u0161ine i znati\u017eeljnih pogleda. Uklonite ga radi lak\u0161eg transporta.Stabilan i izdr\u017eljiv: Zahvaljuju\u0107i bambusovim letvicama debljine 15 mm, sustav za sortiranje rublja stoji \u010dvrsto i mo\u017ee podnijeti do 15 kg. Tkanina 600D Oxford je vodoodbojna, otporna na kidanje i jednostavna za \u010di\u0161\u0107enje.Odvojiva vre\u0107ica za rublje: Opremljena \u010di\u010dak trakama i ru\u010dkama za no\u0161enje, lako se odvaja i poma\u017ee vam u transportu rublja do perilice rublja. Prakti\u010dno ako se morate penjati stepenicama.","og_url":"https:\/\/inti.hr\/sr\/proizvod\/kosara-za-rublje-s-okvirom-od-bambusa-i-dva-odjeljka\/","og_site_name":"Inti","og_image":[{"width":1000,"height":1000,"url":"https:\/\/i0.wp.com\/inti.hr\/wp-content\/uploads\/2026\/03\/RLH103WD01-1.jpg?fit=1000%2C1000&ssl=1","type":"image\/jpeg"}],"twitter_card":"summary_large_image","schema":{"@context":"https:\/\/schema.org","@graph":[{"@type":"WebPage","@id":"https:\/\/inti.hr\/sr\/proizvod\/kosara-za-rublje-s-okvirom-od-bambusa-i-dva-odjeljka\/","url":"https:\/\/inti.hr\/sr\/proizvod\/kosara-za-rublje-s-okvirom-od-bambusa-i-dva-odjeljka\/","name":"Ko\u0161ara za rublje s okvirom od bambusa i dva odjeljka - Inti","isPartOf":{"@id":"https:\/\/inti.hr\/sr\/#website"},"primaryImageOfPage":{"@id":"https:\/\/inti.hr\/sr\/proizvod\/kosara-za-rublje-s-okvirom-od-bambusa-i-dva-odjeljka\/#primaryimage"},"image":{"@id":"https:\/\/inti.hr\/sr\/proizvod\/kosara-za-rublje-s-okvirom-od-bambusa-i-dva-odjeljka\/#primaryimage"},"thumbnailUrl":"https:\/\/i0.wp.com\/inti.hr\/wp-content\/uploads\/2026\/03\/RLH103WD01-1.jpg?fit=1000%2C1000&ssl=1","datePublished":"2026-03-10T08:01:02+00:00","dateModified":"2026-03-10T08:01:02+00:00","description":"Veliki kapacitet i u\u010dinkovito sortiranje: Ko\u0161ara za rublje s 2 odjeljka nudi 100 litara prostora za odvojeno odvajanje svijetle i tamne odje\u0107e. To \u010dini pranje rublja opu\u0161tenijim.Okvir od bambusa za da\u0161ak prirode: Ova ko\u0161ara za rublje dodaje svje\u017einu praonici, spava\u0107oj sobi, kupaonici ili studentskom stanu i uklapa se u razli\u010dite stilove ure\u0111enja interijera.\u010cvrsti, uklonjivi poklopac: Poklopac sortirnika rublja oja\u010dan je iznutra potpornom plo\u010dom kako bi se sprije\u010dilo savijanje. \u0160titi od pra\u0161ine i znati\u017eeljnih pogleda. Uklonite ga radi lak\u0161eg transporta.Stabilan i izdr\u017eljiv: Zahvaljuju\u0107i bambusovim letvicama debljine 15 mm, sustav za sortiranje rublja stoji \u010dvrsto i mo\u017ee podnijeti do 15 kg. Tkanina 600D Oxford je vodoodbojna, otporna na kidanje i jednostavna za \u010di\u0161\u0107enje.Odvojiva vre\u0107ica za rublje: Opremljena \u010di\u010dak trakama i ru\u010dkama za no\u0161enje, lako se odvaja i poma\u017ee vam u transportu rublja do perilice rublja. Prakti\u010dno ako se morate penjati stepenicama.","breadcrumb":{"@id":"https:\/\/inti.hr\/sr\/proizvod\/kosara-za-rublje-s-okvirom-od-bambusa-i-dva-odjeljka\/#breadcrumb"},"inLanguage":"sr-RS","potentialAction":[{"@type":"ReadAction","target":["https:\/\/inti.hr\/sr\/proizvod\/kosara-za-rublje-s-okvirom-od-bambusa-i-dva-odjeljka\/"]}]},{"@type":"ImageObject","inLanguage":"sr-RS","@id":"https:\/\/inti.hr\/sr\/proizvod\/kosara-za-rublje-s-okvirom-od-bambusa-i-dva-odjeljka\/#primaryimage","url":"https:\/\/i0.wp.com\/inti.hr\/wp-content\/uploads\/2026\/03\/RLH103WD01-1.jpg?fit=1000%2C1000&ssl=1","contentUrl":"https:\/\/i0.wp.com\/inti.hr\/wp-content\/uploads\/2026\/03\/RLH103WD01-1.jpg?fit=1000%2C1000&ssl=1","width":1000,"height":1000,"caption":"SONGMICS ko\u0161ara za rublje s okvirom od bambusa i dva odjeljka"},{"@type":"BreadcrumbList","@id":"https:\/\/inti.hr\/sr\/proizvod\/kosara-za-rublje-s-okvirom-od-bambusa-i-dva-odjeljka\/#breadcrumb","itemListElement":[{"@type":"ListItem","position":1,"name":"Po\u010detna stranica","item":"https:\/\/inti.hr\/sr\/"},{"@type":"ListItem","position":2,"name":"Prodavnica","item":"https:\/\/inti.hr\/sr\/prodavnica\/"},{"@type":"ListItem","position":3,"name":"Ko\u0161ara za rublje s okvirom od bambusa i dva odjeljka"}]},{"@type":"WebSite","@id":"https:\/\/inti.hr\/sr\/#website","url":"https:\/\/inti.hr\/sr\/","name":"Inti","description":"trgovina","potentialAction":[{"@type":"SearchAction","target":{"@type":"EntryPoint","urlTemplate":"https:\/\/inti.hr\/sr\/?s={search_term_string}"},"query-input":{"@type":"PropertyValueSpecification","valueRequired":true,"valueName":"search_term_string"}}],"inLanguage":"sr-RS"}]}},"jetpack_sharing_enabled":true,"jetpack-related-posts":[],"_links":{"self":[{"href":"https:\/\/inti.hr\/sr\/wp-json\/wp\/v2\/product\/30578"}],"collection":[{"href":"https:\/\/inti.hr\/sr\/wp-json\/wp\/v2\/product"}],"about":[{"href":"https:\/\/inti.hr\/sr\/wp-json\/wp\/v2\/types\/product"}],"wp:featuredmedia":[{"embeddable":true,"href":"https:\/\/inti.hr\/sr\/wp-json\/wp\/v2\/media\/30580"}],"wp:attachment":[{"href":"https:\/\/inti.hr\/sr\/wp-json\/wp\/v2\/media?parent=30578"}],"wp:term":[{"taxonomy":"product_cat","embeddable":true,"href":"https:\/\/inti.hr\/sr\/wp-json\/wp\/v2\/product_cat?post=30578"},{"taxonomy":"product_tag","embeddable":true,"href":"https:\/\/inti.hr\/sr\/wp-json\/wp\/v2\/product_tag?post=30578"}],"curies":[{"name":"wp","href":"https:\/\/api.w.org\/{rel}","templated":true}]}}