{"id":30610,"date":"2026-03-09T17:21:04","date_gmt":"2026-03-09T16:21:04","guid":{"rendered":"https:\/\/inti.hr\/product\/blagovaonski-stol-s-4-stolice\/"},"modified":"2026-03-09T17:21:04","modified_gmt":"2026-03-09T16:21:04","slug":"blagovaonski-stol-s-4-stolice","status":"publish","type":"product","link":"https:\/\/inti.hr\/sr\/proizvod\/blagovaonski-stol-s-4-stolice\/","title":{"rendered":"Blagovaonski stol s 4 stolice"},"content":{"rendered":"<p>Tehni\u010dki podaci:<br \/>\nMaterijal: MDF plo\u010da + \u017eeljezo<br \/>\nBoja: Rustikalna sme\u0111a + crna; bijela + srebrna<br \/>\nDimenzije (\u0160 x V x D): Stol: 110 x 76 x 70 cm; svaka stolica: 38 x 88 x 45 cm<br \/>\nNeto\/bruto te\u017eina: cca. 25\/28 kg<br \/>\nNosivost: Stol: 50 kg; svaka stolica: 136 kg<\/p>\n","protected":false},"excerpt":{"rendered":"<p>ELEGANTNO I STILSKI:\u00a0 blagovaonski stol za 4 osobe impresionira svojim jednostavnim &#8230; <\/p>\n","protected":false},"featured_media":30612,"template":"","meta":[],"product_cat":[2573],"product_tag":[2574,2575],"yoast_head":"<!-- This site is optimized with the Yoast SEO plugin v23.7 - https:\/\/yoast.com\/wordpress\/plugins\/seo\/ -->\n<title>Blagovaonski stol s 4 stolice - Inti<\/title>\n<meta name=\"description\" content=\"ELEGANTNO I STILSKI: WOLTU blagovaonski stol za 4 osobe impresionira svojim jednostavnim i modernim dizajnom, \u0161to ga \u010dini savr\u0161enim za blagovaonice, balkone ili bistroe. Srebrno\/crni metalni okvir s pra\u0161kastim premazom pru\u017ea stabilnost i suvremeni dodir.STABILNO I \u010cVRSTO: Blagovaonski stol i stolice izra\u0111eni su od visokokvalitetnog MDF-a i poduprti su s \u010detiri \u010dvrste metalne cijevi za dodatnu stabilnost i sigurnost. Plo\u010da stola mo\u017ee podnijeti do 50 kg, dok svaka stolica mo\u017ee izdr\u017eati 136 kg, \u0161to osigurava sigurnost i izdr\u017eljivost.SVESTRANO I U\u0160TEDA PROSTORA: Ovaj set stola i stolica dostupan je u bijeloj i rustikalno sme\u0111oj boji, \u0161to mu daje svje\u017e i jednostavan izgled ili stvara toplu vintage atmosferu. Stolice se mogu djelomi\u010dno gurnuti ispod stola kako bi se optimizirao prostor, \u0161to ga \u010dini idealnim za male stanove i razne postavke.UDOBNO SJEDENJE: \u0160iroko sjedalo u kombinaciji s visokim naslonom pru\u017ea izvrsnu potporu kralje\u017enici i nudi vrhunsku udobnost \u010dak i nakon vi\u0161esatnog sjedenja. Ovaj set je vi\u0161e od samog kuhinjskog stola i stolica: predstavlja visokokvalitetan, udoban i ugodan na\u010din \u017eivota.JEDNOSTAVNO \u010cI\u0160\u0106ENJE I SASTAVLJANJE: MDF plo\u010da s PVC furnirom i metalni okvir lako se \u010diste jednostavnim brisanjem. Zahvaljuju\u0107i detaljnim uputama koje se nalaze u pakiranju, ovaj blagovaonski set s 4 stolice mo\u017ee lako sastaviti jedna osoba\" \/>\n<meta name=\"robots\" content=\"index, follow, max-snippet:-1, max-image-preview:large, max-video-preview:-1\" \/>\n<link rel=\"canonical\" href=\"https:\/\/inti.hr\/sr\/proizvod\/blagovaonski-stol-s-4-stolice\/\" \/>\n<meta property=\"og:locale\" content=\"sr_RS\" \/>\n<meta property=\"og:type\" content=\"article\" \/>\n<meta property=\"og:title\" content=\"Blagovaonski stol s 4 stolice - Inti\" \/>\n<meta property=\"og:description\" content=\"ELEGANTNO I STILSKI: WOLTU blagovaonski stol za 4 osobe impresionira svojim jednostavnim i modernim dizajnom, \u0161to ga \u010dini savr\u0161enim za blagovaonice, balkone ili bistroe. Srebrno\/crni metalni okvir s pra\u0161kastim premazom pru\u017ea stabilnost i suvremeni dodir.STABILNO I \u010cVRSTO: Blagovaonski stol i stolice izra\u0111eni su od visokokvalitetnog MDF-a i poduprti su s \u010detiri \u010dvrste metalne cijevi za dodatnu stabilnost i sigurnost. Plo\u010da stola mo\u017ee podnijeti do 50 kg, dok svaka stolica mo\u017ee izdr\u017eati 136 kg, \u0161to osigurava sigurnost i izdr\u017eljivost.SVESTRANO I U\u0160TEDA PROSTORA: Ovaj set stola i stolica dostupan je u bijeloj i rustikalno sme\u0111oj boji, \u0161to mu daje svje\u017e i jednostavan izgled ili stvara toplu vintage atmosferu. Stolice se mogu djelomi\u010dno gurnuti ispod stola kako bi se optimizirao prostor, \u0161to ga \u010dini idealnim za male stanove i razne postavke.UDOBNO SJEDENJE: \u0160iroko sjedalo u kombinaciji s visokim naslonom pru\u017ea izvrsnu potporu kralje\u017enici i nudi vrhunsku udobnost \u010dak i nakon vi\u0161esatnog sjedenja. Ovaj set je vi\u0161e od samog kuhinjskog stola i stolica: predstavlja visokokvalitetan, udoban i ugodan na\u010din \u017eivota.JEDNOSTAVNO \u010cI\u0160\u0106ENJE I SASTAVLJANJE: MDF plo\u010da s PVC furnirom i metalni okvir lako se \u010diste jednostavnim brisanjem. Zahvaljuju\u0107i detaljnim uputama koje se nalaze u pakiranju, ovaj blagovaonski set s 4 stolice mo\u017ee lako sastaviti jedna osoba\" \/>\n<meta property=\"og:url\" content=\"https:\/\/inti.hr\/sr\/proizvod\/blagovaonski-stol-s-4-stolice\/\" \/>\n<meta property=\"og:site_name\" content=\"Inti\" \/>\n<meta property=\"og:image\" content=\"https:\/\/i0.wp.com\/inti.hr\/wp-content\/uploads\/2026\/03\/Esstisch-mit-4-Stuehlen-Essgruppe-Set-4-Personen-Metallgestell-MDF-W0ATT0810-Vintage-Braun8_600x600.jpg?fit=600%2C600&ssl=1\" \/>\n\t<meta property=\"og:image:width\" content=\"600\" \/>\n\t<meta property=\"og:image:height\" content=\"600\" \/>\n\t<meta property=\"og:image:type\" content=\"image\/jpeg\" \/>\n<meta name=\"twitter:card\" content=\"summary_large_image\" \/>\n<script type=\"application\/ld+json\" class=\"yoast-schema-graph\">{\"@context\":\"https:\/\/schema.org\",\"@graph\":[{\"@type\":\"WebPage\",\"@id\":\"https:\/\/inti.hr\/sr\/proizvod\/blagovaonski-stol-s-4-stolice\/\",\"url\":\"https:\/\/inti.hr\/sr\/proizvod\/blagovaonski-stol-s-4-stolice\/\",\"name\":\"Blagovaonski stol s 4 stolice - Inti\",\"isPartOf\":{\"@id\":\"https:\/\/inti.hr\/sr\/#website\"},\"primaryImageOfPage\":{\"@id\":\"https:\/\/inti.hr\/sr\/proizvod\/blagovaonski-stol-s-4-stolice\/#primaryimage\"},\"image\":{\"@id\":\"https:\/\/inti.hr\/sr\/proizvod\/blagovaonski-stol-s-4-stolice\/#primaryimage\"},\"thumbnailUrl\":\"https:\/\/i0.wp.com\/inti.hr\/wp-content\/uploads\/2026\/03\/Esstisch-mit-4-Stuehlen-Essgruppe-Set-4-Personen-Metallgestell-MDF-W0ATT0810-Vintage-Braun8_600x600.jpg?fit=600%2C600&ssl=1\",\"datePublished\":\"2026-03-09T16:21:04+00:00\",\"dateModified\":\"2026-03-09T16:21:04+00:00\",\"description\":\"ELEGANTNO I STILSKI: WOLTU blagovaonski stol za 4 osobe impresionira svojim jednostavnim i modernim dizajnom, \u0161to ga \u010dini savr\u0161enim za blagovaonice, balkone ili bistroe. Srebrno\/crni metalni okvir s pra\u0161kastim premazom pru\u017ea stabilnost i suvremeni dodir.STABILNO I \u010cVRSTO: Blagovaonski stol i stolice izra\u0111eni su od visokokvalitetnog MDF-a i poduprti su s \u010detiri \u010dvrste metalne cijevi za dodatnu stabilnost i sigurnost. Plo\u010da stola mo\u017ee podnijeti do 50 kg, dok svaka stolica mo\u017ee izdr\u017eati 136 kg, \u0161to osigurava sigurnost i izdr\u017eljivost.SVESTRANO I U\u0160TEDA PROSTORA: Ovaj set stola i stolica dostupan je u bijeloj i rustikalno sme\u0111oj boji, \u0161to mu daje svje\u017e i jednostavan izgled ili stvara toplu vintage atmosferu. Stolice se mogu djelomi\u010dno gurnuti ispod stola kako bi se optimizirao prostor, \u0161to ga \u010dini idealnim za male stanove i razne postavke.UDOBNO SJEDENJE: \u0160iroko sjedalo u kombinaciji s visokim naslonom pru\u017ea izvrsnu potporu kralje\u017enici i nudi vrhunsku udobnost \u010dak i nakon vi\u0161esatnog sjedenja. Ovaj set je vi\u0161e od samog kuhinjskog stola i stolica: predstavlja visokokvalitetan, udoban i ugodan na\u010din \u017eivota.JEDNOSTAVNO \u010cI\u0160\u0106ENJE I SASTAVLJANJE: MDF plo\u010da s PVC furnirom i metalni okvir lako se \u010diste jednostavnim brisanjem. Zahvaljuju\u0107i detaljnim uputama koje se nalaze u pakiranju, ovaj blagovaonski set s 4 stolice mo\u017ee lako sastaviti jedna osoba\",\"breadcrumb\":{\"@id\":\"https:\/\/inti.hr\/sr\/proizvod\/blagovaonski-stol-s-4-stolice\/#breadcrumb\"},\"inLanguage\":\"sr-RS\",\"potentialAction\":[{\"@type\":\"ReadAction\",\"target\":[\"https:\/\/inti.hr\/sr\/proizvod\/blagovaonski-stol-s-4-stolice\/\"]}]},{\"@type\":\"ImageObject\",\"inLanguage\":\"sr-RS\",\"@id\":\"https:\/\/inti.hr\/sr\/proizvod\/blagovaonski-stol-s-4-stolice\/#primaryimage\",\"url\":\"https:\/\/i0.wp.com\/inti.hr\/wp-content\/uploads\/2026\/03\/Esstisch-mit-4-Stuehlen-Essgruppe-Set-4-Personen-Metallgestell-MDF-W0ATT0810-Vintage-Braun8_600x600.jpg?fit=600%2C600&ssl=1\",\"contentUrl\":\"https:\/\/i0.wp.com\/inti.hr\/wp-content\/uploads\/2026\/03\/Esstisch-mit-4-Stuehlen-Essgruppe-Set-4-Personen-Metallgestell-MDF-W0ATT0810-Vintage-Braun8_600x600.jpg?fit=600%2C600&ssl=1\",\"width\":600,\"height\":600,\"caption\":\"WOLTU blagovaonski stol s 4 stolice, blagovaonski set za 4 osobe, s metalnim okvirom, MDF bijela boja\"},{\"@type\":\"BreadcrumbList\",\"@id\":\"https:\/\/inti.hr\/sr\/proizvod\/blagovaonski-stol-s-4-stolice\/#breadcrumb\",\"itemListElement\":[{\"@type\":\"ListItem\",\"position\":1,\"name\":\"Po\u010detna stranica\",\"item\":\"https:\/\/inti.hr\/sr\/\"},{\"@type\":\"ListItem\",\"position\":2,\"name\":\"Prodavnica\",\"item\":\"https:\/\/inti.hr\/sr\/prodavnica\/\"},{\"@type\":\"ListItem\",\"position\":3,\"name\":\"Blagovaonski stol s 4 stolice\"}]},{\"@type\":\"WebSite\",\"@id\":\"https:\/\/inti.hr\/sr\/#website\",\"url\":\"https:\/\/inti.hr\/sr\/\",\"name\":\"Inti\",\"description\":\"trgovina\",\"potentialAction\":[{\"@type\":\"SearchAction\",\"target\":{\"@type\":\"EntryPoint\",\"urlTemplate\":\"https:\/\/inti.hr\/sr\/?s={search_term_string}\"},\"query-input\":{\"@type\":\"PropertyValueSpecification\",\"valueRequired\":true,\"valueName\":\"search_term_string\"}}],\"inLanguage\":\"sr-RS\"}]}<\/script>\n<!-- \/ Yoast SEO plugin. -->","yoast_head_json":{"title":"Blagovaonski stol s 4 stolice - Inti","description":"ELEGANTNO I STILSKI: WOLTU blagovaonski stol za 4 osobe impresionira svojim jednostavnim i modernim dizajnom, \u0161to ga \u010dini savr\u0161enim za blagovaonice, balkone ili bistroe. Srebrno\/crni metalni okvir s pra\u0161kastim premazom pru\u017ea stabilnost i suvremeni dodir.STABILNO I \u010cVRSTO: Blagovaonski stol i stolice izra\u0111eni su od visokokvalitetnog MDF-a i poduprti su s \u010detiri \u010dvrste metalne cijevi za dodatnu stabilnost i sigurnost. Plo\u010da stola mo\u017ee podnijeti do 50 kg, dok svaka stolica mo\u017ee izdr\u017eati 136 kg, \u0161to osigurava sigurnost i izdr\u017eljivost.SVESTRANO I U\u0160TEDA PROSTORA: Ovaj set stola i stolica dostupan je u bijeloj i rustikalno sme\u0111oj boji, \u0161to mu daje svje\u017e i jednostavan izgled ili stvara toplu vintage atmosferu. Stolice se mogu djelomi\u010dno gurnuti ispod stola kako bi se optimizirao prostor, \u0161to ga \u010dini idealnim za male stanove i razne postavke.UDOBNO SJEDENJE: \u0160iroko sjedalo u kombinaciji s visokim naslonom pru\u017ea izvrsnu potporu kralje\u017enici i nudi vrhunsku udobnost \u010dak i nakon vi\u0161esatnog sjedenja. Ovaj set je vi\u0161e od samog kuhinjskog stola i stolica: predstavlja visokokvalitetan, udoban i ugodan na\u010din \u017eivota.JEDNOSTAVNO \u010cI\u0160\u0106ENJE I SASTAVLJANJE: MDF plo\u010da s PVC furnirom i metalni okvir lako se \u010diste jednostavnim brisanjem. Zahvaljuju\u0107i detaljnim uputama koje se nalaze u pakiranju, ovaj blagovaonski set s 4 stolice mo\u017ee lako sastaviti jedna osoba","robots":{"index":"index","follow":"follow","max-snippet":"max-snippet:-1","max-image-preview":"max-image-preview:large","max-video-preview":"max-video-preview:-1"},"canonical":"https:\/\/inti.hr\/sr\/proizvod\/blagovaonski-stol-s-4-stolice\/","og_locale":"sr_RS","og_type":"article","og_title":"Blagovaonski stol s 4 stolice - Inti","og_description":"ELEGANTNO I STILSKI: WOLTU blagovaonski stol za 4 osobe impresionira svojim jednostavnim i modernim dizajnom, \u0161to ga \u010dini savr\u0161enim za blagovaonice, balkone ili bistroe. Srebrno\/crni metalni okvir s pra\u0161kastim premazom pru\u017ea stabilnost i suvremeni dodir.STABILNO I \u010cVRSTO: Blagovaonski stol i stolice izra\u0111eni su od visokokvalitetnog MDF-a i poduprti su s \u010detiri \u010dvrste metalne cijevi za dodatnu stabilnost i sigurnost. Plo\u010da stola mo\u017ee podnijeti do 50 kg, dok svaka stolica mo\u017ee izdr\u017eati 136 kg, \u0161to osigurava sigurnost i izdr\u017eljivost.SVESTRANO I U\u0160TEDA PROSTORA: Ovaj set stola i stolica dostupan je u bijeloj i rustikalno sme\u0111oj boji, \u0161to mu daje svje\u017e i jednostavan izgled ili stvara toplu vintage atmosferu. Stolice se mogu djelomi\u010dno gurnuti ispod stola kako bi se optimizirao prostor, \u0161to ga \u010dini idealnim za male stanove i razne postavke.UDOBNO SJEDENJE: \u0160iroko sjedalo u kombinaciji s visokim naslonom pru\u017ea izvrsnu potporu kralje\u017enici i nudi vrhunsku udobnost \u010dak i nakon vi\u0161esatnog sjedenja. Ovaj set je vi\u0161e od samog kuhinjskog stola i stolica: predstavlja visokokvalitetan, udoban i ugodan na\u010din \u017eivota.JEDNOSTAVNO \u010cI\u0160\u0106ENJE I SASTAVLJANJE: MDF plo\u010da s PVC furnirom i metalni okvir lako se \u010diste jednostavnim brisanjem. Zahvaljuju\u0107i detaljnim uputama koje se nalaze u pakiranju, ovaj blagovaonski set s 4 stolice mo\u017ee lako sastaviti jedna osoba","og_url":"https:\/\/inti.hr\/sr\/proizvod\/blagovaonski-stol-s-4-stolice\/","og_site_name":"Inti","og_image":[{"width":600,"height":600,"url":"https:\/\/i0.wp.com\/inti.hr\/wp-content\/uploads\/2026\/03\/Esstisch-mit-4-Stuehlen-Essgruppe-Set-4-Personen-Metallgestell-MDF-W0ATT0810-Vintage-Braun8_600x600.jpg?fit=600%2C600&ssl=1","type":"image\/jpeg"}],"twitter_card":"summary_large_image","schema":{"@context":"https:\/\/schema.org","@graph":[{"@type":"WebPage","@id":"https:\/\/inti.hr\/sr\/proizvod\/blagovaonski-stol-s-4-stolice\/","url":"https:\/\/inti.hr\/sr\/proizvod\/blagovaonski-stol-s-4-stolice\/","name":"Blagovaonski stol s 4 stolice - Inti","isPartOf":{"@id":"https:\/\/inti.hr\/sr\/#website"},"primaryImageOfPage":{"@id":"https:\/\/inti.hr\/sr\/proizvod\/blagovaonski-stol-s-4-stolice\/#primaryimage"},"image":{"@id":"https:\/\/inti.hr\/sr\/proizvod\/blagovaonski-stol-s-4-stolice\/#primaryimage"},"thumbnailUrl":"https:\/\/i0.wp.com\/inti.hr\/wp-content\/uploads\/2026\/03\/Esstisch-mit-4-Stuehlen-Essgruppe-Set-4-Personen-Metallgestell-MDF-W0ATT0810-Vintage-Braun8_600x600.jpg?fit=600%2C600&ssl=1","datePublished":"2026-03-09T16:21:04+00:00","dateModified":"2026-03-09T16:21:04+00:00","description":"ELEGANTNO I STILSKI: WOLTU blagovaonski stol za 4 osobe impresionira svojim jednostavnim i modernim dizajnom, \u0161to ga \u010dini savr\u0161enim za blagovaonice, balkone ili bistroe. Srebrno\/crni metalni okvir s pra\u0161kastim premazom pru\u017ea stabilnost i suvremeni dodir.STABILNO I \u010cVRSTO: Blagovaonski stol i stolice izra\u0111eni su od visokokvalitetnog MDF-a i poduprti su s \u010detiri \u010dvrste metalne cijevi za dodatnu stabilnost i sigurnost. Plo\u010da stola mo\u017ee podnijeti do 50 kg, dok svaka stolica mo\u017ee izdr\u017eati 136 kg, \u0161to osigurava sigurnost i izdr\u017eljivost.SVESTRANO I U\u0160TEDA PROSTORA: Ovaj set stola i stolica dostupan je u bijeloj i rustikalno sme\u0111oj boji, \u0161to mu daje svje\u017e i jednostavan izgled ili stvara toplu vintage atmosferu. Stolice se mogu djelomi\u010dno gurnuti ispod stola kako bi se optimizirao prostor, \u0161to ga \u010dini idealnim za male stanove i razne postavke.UDOBNO SJEDENJE: \u0160iroko sjedalo u kombinaciji s visokim naslonom pru\u017ea izvrsnu potporu kralje\u017enici i nudi vrhunsku udobnost \u010dak i nakon vi\u0161esatnog sjedenja. Ovaj set je vi\u0161e od samog kuhinjskog stola i stolica: predstavlja visokokvalitetan, udoban i ugodan na\u010din \u017eivota.JEDNOSTAVNO \u010cI\u0160\u0106ENJE I SASTAVLJANJE: MDF plo\u010da s PVC furnirom i metalni okvir lako se \u010diste jednostavnim brisanjem. Zahvaljuju\u0107i detaljnim uputama koje se nalaze u pakiranju, ovaj blagovaonski set s 4 stolice mo\u017ee lako sastaviti jedna osoba","breadcrumb":{"@id":"https:\/\/inti.hr\/sr\/proizvod\/blagovaonski-stol-s-4-stolice\/#breadcrumb"},"inLanguage":"sr-RS","potentialAction":[{"@type":"ReadAction","target":["https:\/\/inti.hr\/sr\/proizvod\/blagovaonski-stol-s-4-stolice\/"]}]},{"@type":"ImageObject","inLanguage":"sr-RS","@id":"https:\/\/inti.hr\/sr\/proizvod\/blagovaonski-stol-s-4-stolice\/#primaryimage","url":"https:\/\/i0.wp.com\/inti.hr\/wp-content\/uploads\/2026\/03\/Esstisch-mit-4-Stuehlen-Essgruppe-Set-4-Personen-Metallgestell-MDF-W0ATT0810-Vintage-Braun8_600x600.jpg?fit=600%2C600&ssl=1","contentUrl":"https:\/\/i0.wp.com\/inti.hr\/wp-content\/uploads\/2026\/03\/Esstisch-mit-4-Stuehlen-Essgruppe-Set-4-Personen-Metallgestell-MDF-W0ATT0810-Vintage-Braun8_600x600.jpg?fit=600%2C600&ssl=1","width":600,"height":600,"caption":"WOLTU blagovaonski stol s 4 stolice, blagovaonski set za 4 osobe, s metalnim okvirom, MDF bijela boja"},{"@type":"BreadcrumbList","@id":"https:\/\/inti.hr\/sr\/proizvod\/blagovaonski-stol-s-4-stolice\/#breadcrumb","itemListElement":[{"@type":"ListItem","position":1,"name":"Po\u010detna stranica","item":"https:\/\/inti.hr\/sr\/"},{"@type":"ListItem","position":2,"name":"Prodavnica","item":"https:\/\/inti.hr\/sr\/prodavnica\/"},{"@type":"ListItem","position":3,"name":"Blagovaonski stol s 4 stolice"}]},{"@type":"WebSite","@id":"https:\/\/inti.hr\/sr\/#website","url":"https:\/\/inti.hr\/sr\/","name":"Inti","description":"trgovina","potentialAction":[{"@type":"SearchAction","target":{"@type":"EntryPoint","urlTemplate":"https:\/\/inti.hr\/sr\/?s={search_term_string}"},"query-input":{"@type":"PropertyValueSpecification","valueRequired":true,"valueName":"search_term_string"}}],"inLanguage":"sr-RS"}]}},"jetpack_sharing_enabled":true,"jetpack-related-posts":[],"_links":{"self":[{"href":"https:\/\/inti.hr\/sr\/wp-json\/wp\/v2\/product\/30610"}],"collection":[{"href":"https:\/\/inti.hr\/sr\/wp-json\/wp\/v2\/product"}],"about":[{"href":"https:\/\/inti.hr\/sr\/wp-json\/wp\/v2\/types\/product"}],"wp:featuredmedia":[{"embeddable":true,"href":"https:\/\/inti.hr\/sr\/wp-json\/wp\/v2\/media\/30612"}],"wp:attachment":[{"href":"https:\/\/inti.hr\/sr\/wp-json\/wp\/v2\/media?parent=30610"}],"wp:term":[{"taxonomy":"product_cat","embeddable":true,"href":"https:\/\/inti.hr\/sr\/wp-json\/wp\/v2\/product_cat?post=30610"},{"taxonomy":"product_tag","embeddable":true,"href":"https:\/\/inti.hr\/sr\/wp-json\/wp\/v2\/product_tag?post=30610"}],"curies":[{"name":"wp","href":"https:\/\/api.w.org\/{rel}","templated":true}]}}