{"id":30640,"date":"2026-03-09T16:08:29","date_gmt":"2026-03-09T15:08:29","guid":{"rendered":"https:\/\/inti.hr\/product\/pravokutni-drveni-stolac\/"},"modified":"2026-03-09T16:08:29","modified_gmt":"2026-03-09T15:08:29","slug":"pravokutni-drveni-stolac","status":"publish","type":"product","link":"https:\/\/inti.hr\/sr\/proizvod\/pravokutni-drveni-stolac\/","title":{"rendered":"Pravokutni drveni stolac"},"content":{"rendered":"<p>Tehni\u010dki podaci<br \/>\nMaterijal: Bukovo drvo<br \/>\nBoja: Prirodna boja drveta<br \/>\nDimenzije: 31 x 44,5 x 31 cm (\u0160 x V x D)<br \/>\nBruto\/neto te\u017eina: cca. 4,14\/3,7 kg<br \/>\nMaksimalno optere\u0107enje: 120 kg<\/p>\n<p>&nbsp;<\/p>\n<p>Stolice dolaze u setu.<\/p>\n","protected":false},"excerpt":{"rendered":"<p>NAPRAVLJENA ZA DUGI VIJEK TRAJANJA: Izra\u0111ena od lakiranog bukovog drva i &#8230; <\/p>\n","protected":false},"featured_media":30642,"template":"","meta":[],"product_cat":[2573],"product_tag":[2590,2591],"yoast_head":"<!-- This site is optimized with the Yoast SEO plugin v23.7 - https:\/\/yoast.com\/wordpress\/plugins\/seo\/ -->\n<title>Pravokutni drveni stolac - Inti<\/title>\n<meta name=\"description\" content=\"NAPRAVLJENA ZA DUGI VIJEK TRAJANJA: Izra\u0111ena od lakiranog bukovog drva i opremljena prekri\u017eenim nogama, ova drvena stolica je prirodna, otporna na vlagu, \u010dvrsta i izdr\u017eljiva te ima visoku nosivost od 120 kg.U\u0160TEDA PROSTORA: Ako imate nekoliko ovih pravokutnih stolica, mo\u017eete ih slagati jednu na drugu kako biste u\u0161tedjeli prostor kada se ne koriste. Idealno za restorane, male stanove, blagovaonice itd.SIGURNO ZA UPORABU: Glatko bru\u0161ena povr\u0161ina i zaobljeni kutovi i rubovi \u0161tite va\u0161u obitelj od slu\u010dajnih ozljeda.PRIKLADNO ZA POD: Sve noge su opremljene protukliznim kliza\u010dima za pod kako bi se sprije\u010dile ogrebotine na podu ili neugodni zvukovi.JEDNOSTAVNO SASTAVLJANJE I \u010cI\u0160\u0106ENJE: Uz pomo\u0107 detaljnih uputa, blagovaonsku stolicu mo\u017eete sastaviti za samo nekoliko minuta. Njena glatka povr\u0161ina \u010dini svakodnevno \u010di\u0161\u0107enje vrlo jednostavnim.\" \/>\n<meta name=\"robots\" content=\"index, follow, max-snippet:-1, max-image-preview:large, max-video-preview:-1\" \/>\n<link rel=\"canonical\" href=\"https:\/\/inti.hr\/sr\/proizvod\/pravokutni-drveni-stolac\/\" \/>\n<meta property=\"og:locale\" content=\"sr_RS\" \/>\n<meta property=\"og:type\" content=\"article\" \/>\n<meta property=\"og:title\" content=\"Pravokutni drveni stolac - Inti\" \/>\n<meta property=\"og:description\" content=\"NAPRAVLJENA ZA DUGI VIJEK TRAJANJA: Izra\u0111ena od lakiranog bukovog drva i opremljena prekri\u017eenim nogama, ova drvena stolica je prirodna, otporna na vlagu, \u010dvrsta i izdr\u017eljiva te ima visoku nosivost od 120 kg.U\u0160TEDA PROSTORA: Ako imate nekoliko ovih pravokutnih stolica, mo\u017eete ih slagati jednu na drugu kako biste u\u0161tedjeli prostor kada se ne koriste. Idealno za restorane, male stanove, blagovaonice itd.SIGURNO ZA UPORABU: Glatko bru\u0161ena povr\u0161ina i zaobljeni kutovi i rubovi \u0161tite va\u0161u obitelj od slu\u010dajnih ozljeda.PRIKLADNO ZA POD: Sve noge su opremljene protukliznim kliza\u010dima za pod kako bi se sprije\u010dile ogrebotine na podu ili neugodni zvukovi.JEDNOSTAVNO SASTAVLJANJE I \u010cI\u0160\u0106ENJE: Uz pomo\u0107 detaljnih uputa, blagovaonsku stolicu mo\u017eete sastaviti za samo nekoliko minuta. Njena glatka povr\u0161ina \u010dini svakodnevno \u010di\u0161\u0107enje vrlo jednostavnim.\" \/>\n<meta property=\"og:url\" content=\"https:\/\/inti.hr\/sr\/proizvod\/pravokutni-drveni-stolac\/\" \/>\n<meta property=\"og:site_name\" content=\"Inti\" \/>\n<meta property=\"og:image\" content=\"https:\/\/i0.wp.com\/inti.hr\/wp-content\/uploads\/2026\/03\/2er-Set-Esszimmerstuehle-Massivholz-rechteckiger-Holzhocker-stapelbar-BH344ei-2-Naturholzfarbe4_600x600.jpg?fit=600%2C600&ssl=1\" \/>\n\t<meta property=\"og:image:width\" content=\"600\" \/>\n\t<meta property=\"og:image:height\" content=\"600\" \/>\n\t<meta property=\"og:image:type\" content=\"image\/jpeg\" \/>\n<meta name=\"twitter:card\" content=\"summary_large_image\" \/>\n<script type=\"application\/ld+json\" class=\"yoast-schema-graph\">{\"@context\":\"https:\/\/schema.org\",\"@graph\":[{\"@type\":\"WebPage\",\"@id\":\"https:\/\/inti.hr\/sr\/proizvod\/pravokutni-drveni-stolac\/\",\"url\":\"https:\/\/inti.hr\/sr\/proizvod\/pravokutni-drveni-stolac\/\",\"name\":\"Pravokutni drveni stolac - Inti\",\"isPartOf\":{\"@id\":\"https:\/\/inti.hr\/sr\/#website\"},\"primaryImageOfPage\":{\"@id\":\"https:\/\/inti.hr\/sr\/proizvod\/pravokutni-drveni-stolac\/#primaryimage\"},\"image\":{\"@id\":\"https:\/\/inti.hr\/sr\/proizvod\/pravokutni-drveni-stolac\/#primaryimage\"},\"thumbnailUrl\":\"https:\/\/i0.wp.com\/inti.hr\/wp-content\/uploads\/2026\/03\/2er-Set-Esszimmerstuehle-Massivholz-rechteckiger-Holzhocker-stapelbar-BH344ei-2-Naturholzfarbe4_600x600.jpg?fit=600%2C600&ssl=1\",\"datePublished\":\"2026-03-09T15:08:29+00:00\",\"dateModified\":\"2026-03-09T15:08:29+00:00\",\"description\":\"NAPRAVLJENA ZA DUGI VIJEK TRAJANJA: Izra\u0111ena od lakiranog bukovog drva i opremljena prekri\u017eenim nogama, ova drvena stolica je prirodna, otporna na vlagu, \u010dvrsta i izdr\u017eljiva te ima visoku nosivost od 120 kg.U\u0160TEDA PROSTORA: Ako imate nekoliko ovih pravokutnih stolica, mo\u017eete ih slagati jednu na drugu kako biste u\u0161tedjeli prostor kada se ne koriste. Idealno za restorane, male stanove, blagovaonice itd.SIGURNO ZA UPORABU: Glatko bru\u0161ena povr\u0161ina i zaobljeni kutovi i rubovi \u0161tite va\u0161u obitelj od slu\u010dajnih ozljeda.PRIKLADNO ZA POD: Sve noge su opremljene protukliznim kliza\u010dima za pod kako bi se sprije\u010dile ogrebotine na podu ili neugodni zvukovi.JEDNOSTAVNO SASTAVLJANJE I \u010cI\u0160\u0106ENJE: Uz pomo\u0107 detaljnih uputa, blagovaonsku stolicu mo\u017eete sastaviti za samo nekoliko minuta. Njena glatka povr\u0161ina \u010dini svakodnevno \u010di\u0161\u0107enje vrlo jednostavnim.\",\"breadcrumb\":{\"@id\":\"https:\/\/inti.hr\/sr\/proizvod\/pravokutni-drveni-stolac\/#breadcrumb\"},\"inLanguage\":\"sr-RS\",\"potentialAction\":[{\"@type\":\"ReadAction\",\"target\":[\"https:\/\/inti.hr\/sr\/proizvod\/pravokutni-drveni-stolac\/\"]}]},{\"@type\":\"ImageObject\",\"inLanguage\":\"sr-RS\",\"@id\":\"https:\/\/inti.hr\/sr\/proizvod\/pravokutni-drveni-stolac\/#primaryimage\",\"url\":\"https:\/\/i0.wp.com\/inti.hr\/wp-content\/uploads\/2026\/03\/2er-Set-Esszimmerstuehle-Massivholz-rechteckiger-Holzhocker-stapelbar-BH344ei-2-Naturholzfarbe4_600x600.jpg?fit=600%2C600&ssl=1\",\"contentUrl\":\"https:\/\/i0.wp.com\/inti.hr\/wp-content\/uploads\/2026\/03\/2er-Set-Esszimmerstuehle-Massivholz-rechteckiger-Holzhocker-stapelbar-BH344ei-2-Naturholzfarbe4_600x600.jpg?fit=600%2C600&ssl=1\",\"width\":600,\"height\":600,\"caption\":\"WOLTU Set od 2 blagovaonske stolice Masivno drvo, Pravokutni drveni stolac koji se mo\u017ee slagati, Sjedalo, Prirodno drvo\"},{\"@type\":\"BreadcrumbList\",\"@id\":\"https:\/\/inti.hr\/sr\/proizvod\/pravokutni-drveni-stolac\/#breadcrumb\",\"itemListElement\":[{\"@type\":\"ListItem\",\"position\":1,\"name\":\"Po\u010detna stranica\",\"item\":\"https:\/\/inti.hr\/sr\/\"},{\"@type\":\"ListItem\",\"position\":2,\"name\":\"Prodavnica\",\"item\":\"https:\/\/inti.hr\/sr\/prodavnica\/\"},{\"@type\":\"ListItem\",\"position\":3,\"name\":\"Pravokutni drveni stolac\"}]},{\"@type\":\"WebSite\",\"@id\":\"https:\/\/inti.hr\/sr\/#website\",\"url\":\"https:\/\/inti.hr\/sr\/\",\"name\":\"Inti\",\"description\":\"trgovina\",\"potentialAction\":[{\"@type\":\"SearchAction\",\"target\":{\"@type\":\"EntryPoint\",\"urlTemplate\":\"https:\/\/inti.hr\/sr\/?s={search_term_string}\"},\"query-input\":{\"@type\":\"PropertyValueSpecification\",\"valueRequired\":true,\"valueName\":\"search_term_string\"}}],\"inLanguage\":\"sr-RS\"}]}<\/script>\n<!-- \/ Yoast SEO plugin. -->","yoast_head_json":{"title":"Pravokutni drveni stolac - Inti","description":"NAPRAVLJENA ZA DUGI VIJEK TRAJANJA: Izra\u0111ena od lakiranog bukovog drva i opremljena prekri\u017eenim nogama, ova drvena stolica je prirodna, otporna na vlagu, \u010dvrsta i izdr\u017eljiva te ima visoku nosivost od 120 kg.U\u0160TEDA PROSTORA: Ako imate nekoliko ovih pravokutnih stolica, mo\u017eete ih slagati jednu na drugu kako biste u\u0161tedjeli prostor kada se ne koriste. Idealno za restorane, male stanove, blagovaonice itd.SIGURNO ZA UPORABU: Glatko bru\u0161ena povr\u0161ina i zaobljeni kutovi i rubovi \u0161tite va\u0161u obitelj od slu\u010dajnih ozljeda.PRIKLADNO ZA POD: Sve noge su opremljene protukliznim kliza\u010dima za pod kako bi se sprije\u010dile ogrebotine na podu ili neugodni zvukovi.JEDNOSTAVNO SASTAVLJANJE I \u010cI\u0160\u0106ENJE: Uz pomo\u0107 detaljnih uputa, blagovaonsku stolicu mo\u017eete sastaviti za samo nekoliko minuta. Njena glatka povr\u0161ina \u010dini svakodnevno \u010di\u0161\u0107enje vrlo jednostavnim.","robots":{"index":"index","follow":"follow","max-snippet":"max-snippet:-1","max-image-preview":"max-image-preview:large","max-video-preview":"max-video-preview:-1"},"canonical":"https:\/\/inti.hr\/sr\/proizvod\/pravokutni-drveni-stolac\/","og_locale":"sr_RS","og_type":"article","og_title":"Pravokutni drveni stolac - Inti","og_description":"NAPRAVLJENA ZA DUGI VIJEK TRAJANJA: Izra\u0111ena od lakiranog bukovog drva i opremljena prekri\u017eenim nogama, ova drvena stolica je prirodna, otporna na vlagu, \u010dvrsta i izdr\u017eljiva te ima visoku nosivost od 120 kg.U\u0160TEDA PROSTORA: Ako imate nekoliko ovih pravokutnih stolica, mo\u017eete ih slagati jednu na drugu kako biste u\u0161tedjeli prostor kada se ne koriste. Idealno za restorane, male stanove, blagovaonice itd.SIGURNO ZA UPORABU: Glatko bru\u0161ena povr\u0161ina i zaobljeni kutovi i rubovi \u0161tite va\u0161u obitelj od slu\u010dajnih ozljeda.PRIKLADNO ZA POD: Sve noge su opremljene protukliznim kliza\u010dima za pod kako bi se sprije\u010dile ogrebotine na podu ili neugodni zvukovi.JEDNOSTAVNO SASTAVLJANJE I \u010cI\u0160\u0106ENJE: Uz pomo\u0107 detaljnih uputa, blagovaonsku stolicu mo\u017eete sastaviti za samo nekoliko minuta. Njena glatka povr\u0161ina \u010dini svakodnevno \u010di\u0161\u0107enje vrlo jednostavnim.","og_url":"https:\/\/inti.hr\/sr\/proizvod\/pravokutni-drveni-stolac\/","og_site_name":"Inti","og_image":[{"width":600,"height":600,"url":"https:\/\/i0.wp.com\/inti.hr\/wp-content\/uploads\/2026\/03\/2er-Set-Esszimmerstuehle-Massivholz-rechteckiger-Holzhocker-stapelbar-BH344ei-2-Naturholzfarbe4_600x600.jpg?fit=600%2C600&ssl=1","type":"image\/jpeg"}],"twitter_card":"summary_large_image","schema":{"@context":"https:\/\/schema.org","@graph":[{"@type":"WebPage","@id":"https:\/\/inti.hr\/sr\/proizvod\/pravokutni-drveni-stolac\/","url":"https:\/\/inti.hr\/sr\/proizvod\/pravokutni-drveni-stolac\/","name":"Pravokutni drveni stolac - Inti","isPartOf":{"@id":"https:\/\/inti.hr\/sr\/#website"},"primaryImageOfPage":{"@id":"https:\/\/inti.hr\/sr\/proizvod\/pravokutni-drveni-stolac\/#primaryimage"},"image":{"@id":"https:\/\/inti.hr\/sr\/proizvod\/pravokutni-drveni-stolac\/#primaryimage"},"thumbnailUrl":"https:\/\/i0.wp.com\/inti.hr\/wp-content\/uploads\/2026\/03\/2er-Set-Esszimmerstuehle-Massivholz-rechteckiger-Holzhocker-stapelbar-BH344ei-2-Naturholzfarbe4_600x600.jpg?fit=600%2C600&ssl=1","datePublished":"2026-03-09T15:08:29+00:00","dateModified":"2026-03-09T15:08:29+00:00","description":"NAPRAVLJENA ZA DUGI VIJEK TRAJANJA: Izra\u0111ena od lakiranog bukovog drva i opremljena prekri\u017eenim nogama, ova drvena stolica je prirodna, otporna na vlagu, \u010dvrsta i izdr\u017eljiva te ima visoku nosivost od 120 kg.U\u0160TEDA PROSTORA: Ako imate nekoliko ovih pravokutnih stolica, mo\u017eete ih slagati jednu na drugu kako biste u\u0161tedjeli prostor kada se ne koriste. Idealno za restorane, male stanove, blagovaonice itd.SIGURNO ZA UPORABU: Glatko bru\u0161ena povr\u0161ina i zaobljeni kutovi i rubovi \u0161tite va\u0161u obitelj od slu\u010dajnih ozljeda.PRIKLADNO ZA POD: Sve noge su opremljene protukliznim kliza\u010dima za pod kako bi se sprije\u010dile ogrebotine na podu ili neugodni zvukovi.JEDNOSTAVNO SASTAVLJANJE I \u010cI\u0160\u0106ENJE: Uz pomo\u0107 detaljnih uputa, blagovaonsku stolicu mo\u017eete sastaviti za samo nekoliko minuta. Njena glatka povr\u0161ina \u010dini svakodnevno \u010di\u0161\u0107enje vrlo jednostavnim.","breadcrumb":{"@id":"https:\/\/inti.hr\/sr\/proizvod\/pravokutni-drveni-stolac\/#breadcrumb"},"inLanguage":"sr-RS","potentialAction":[{"@type":"ReadAction","target":["https:\/\/inti.hr\/sr\/proizvod\/pravokutni-drveni-stolac\/"]}]},{"@type":"ImageObject","inLanguage":"sr-RS","@id":"https:\/\/inti.hr\/sr\/proizvod\/pravokutni-drveni-stolac\/#primaryimage","url":"https:\/\/i0.wp.com\/inti.hr\/wp-content\/uploads\/2026\/03\/2er-Set-Esszimmerstuehle-Massivholz-rechteckiger-Holzhocker-stapelbar-BH344ei-2-Naturholzfarbe4_600x600.jpg?fit=600%2C600&ssl=1","contentUrl":"https:\/\/i0.wp.com\/inti.hr\/wp-content\/uploads\/2026\/03\/2er-Set-Esszimmerstuehle-Massivholz-rechteckiger-Holzhocker-stapelbar-BH344ei-2-Naturholzfarbe4_600x600.jpg?fit=600%2C600&ssl=1","width":600,"height":600,"caption":"WOLTU Set od 2 blagovaonske stolice Masivno drvo, Pravokutni drveni stolac koji se mo\u017ee slagati, Sjedalo, Prirodno drvo"},{"@type":"BreadcrumbList","@id":"https:\/\/inti.hr\/sr\/proizvod\/pravokutni-drveni-stolac\/#breadcrumb","itemListElement":[{"@type":"ListItem","position":1,"name":"Po\u010detna stranica","item":"https:\/\/inti.hr\/sr\/"},{"@type":"ListItem","position":2,"name":"Prodavnica","item":"https:\/\/inti.hr\/sr\/prodavnica\/"},{"@type":"ListItem","position":3,"name":"Pravokutni drveni stolac"}]},{"@type":"WebSite","@id":"https:\/\/inti.hr\/sr\/#website","url":"https:\/\/inti.hr\/sr\/","name":"Inti","description":"trgovina","potentialAction":[{"@type":"SearchAction","target":{"@type":"EntryPoint","urlTemplate":"https:\/\/inti.hr\/sr\/?s={search_term_string}"},"query-input":{"@type":"PropertyValueSpecification","valueRequired":true,"valueName":"search_term_string"}}],"inLanguage":"sr-RS"}]}},"jetpack_sharing_enabled":true,"jetpack-related-posts":[],"_links":{"self":[{"href":"https:\/\/inti.hr\/sr\/wp-json\/wp\/v2\/product\/30640"}],"collection":[{"href":"https:\/\/inti.hr\/sr\/wp-json\/wp\/v2\/product"}],"about":[{"href":"https:\/\/inti.hr\/sr\/wp-json\/wp\/v2\/types\/product"}],"wp:featuredmedia":[{"embeddable":true,"href":"https:\/\/inti.hr\/sr\/wp-json\/wp\/v2\/media\/30642"}],"wp:attachment":[{"href":"https:\/\/inti.hr\/sr\/wp-json\/wp\/v2\/media?parent=30640"}],"wp:term":[{"taxonomy":"product_cat","embeddable":true,"href":"https:\/\/inti.hr\/sr\/wp-json\/wp\/v2\/product_cat?post=30640"},{"taxonomy":"product_tag","embeddable":true,"href":"https:\/\/inti.hr\/sr\/wp-json\/wp\/v2\/product_tag?post=30640"}],"curies":[{"name":"wp","href":"https:\/\/api.w.org\/{rel}","templated":true}]}}