{"id":30649,"date":"2026-03-09T16:01:01","date_gmt":"2026-03-09T15:01:01","guid":{"rendered":"https:\/\/inti.hr\/product\/blagovaonske-stolice-metalni-okvir-ii\/"},"modified":"2026-03-09T16:01:01","modified_gmt":"2026-03-09T15:01:01","slug":"blagovaonske-stolice-metalni-okvir-ii","status":"publish","type":"product","link":"https:\/\/inti.hr\/sr\/proizvod\/blagovaonske-stolice-metalni-okvir-ii\/","title":{"rendered":"Blagovaonske stolice  metalni okvir II"},"content":{"rendered":"<p>&nbsp;<\/p>\n<h4 class=\"a-spacing-mini\"><strong><span dir=\"auto\">Tehni\u010dki podaci<\/span><\/strong><\/h4>\n<ul>\n<li><span dir=\"auto\">Materijali: Bar\u0161un + Metal<\/span><\/li>\n<li><span dir=\"auto\">Boja: Be\u017e\/Tamnosiva\/Crna<\/span><\/li>\n<li><span dir=\"auto\">Ukupne dimenzije: 60,5 x 78 x 59,5 cm (\u0160 x V x D)<\/span><\/li>\n<li><span dir=\"auto\">Veli\u010dina sjedala: 44 x 46 cm (\u0160 x D)<\/span><\/li>\n<li><span dir=\"auto\">Dimenzije naslona: 60,5 x 30 cm (\u0160 x V)<\/span><\/li>\n<li><span dir=\"auto\">Visina sjedala: 48 cm<\/span><\/li>\n<li><span dir=\"auto\">Maksimalno optere\u0107enje: 150 kg<\/span><\/li>\n<li><span dir=\"auto\">Neto te\u017eina: cca. 8,2 kg po stolici<\/span><\/li>\n<\/ul>\n<p>Stolice dolaze u setu.<\/p>\n","protected":false},"excerpt":{"rendered":"<p>OKRETNA STOLICA KOJA SE OKRETA ZA 360\u00b0: Rotiraju\u0107a baza nalazi se &#8230; <\/p>\n","protected":false},"featured_media":30651,"template":"","meta":[],"product_cat":[2573],"product_tag":[2574,2593],"yoast_head":"<!-- This site is optimized with the Yoast SEO plugin v23.7 - https:\/\/yoast.com\/wordpress\/plugins\/seo\/ -->\n<title>Blagovaonske stolice metalni okvir II - Inti<\/title>\n<meta name=\"description\" content=\"OKRETNA STOLICA KOJA SE OKRETA ZA 360\u00b0: Rotiraju\u0107a baza nalazi se ispod sjedala ove okretne blagovaonske stolice, \u0161to vam omogu\u0107uje jednostavno okretanje u bilo kojem smjeru kako biste dohvatili predmete oko sebe. Funkcija okretanja za 360\u00b0 tako\u0111er \u010dini ovu ukrasnu stolicu modernim dodatkom va\u0161em domu.MEKA UDOBNA STOLICA: \u0160iroko sjedalo kuhinjske stolice oblo\u017eeno je pjenom visoke gusto\u0107e i prekriveno svilenkastim i mekim bar\u0161unom, pru\u017eaju\u0107i udobno sjedenje kako biste mogli u\u017eivati \u200b\u200bu ve\u010deri s obitelji i prijateljima i ne umoriti se \u010dak ni nakon dugog sjedenja.ERGONOMSKA STOLICA: Stolica ima podstavljeni naslon koji podupire le\u0111a i lumbalni dio kralje\u017enice, pru\u017eaju\u0107i udobno sjedenje. Ova tapecirana stolica mo\u017ee se koristiti i kao kuhinjska stolica, stolica za spava\u0107u sobu, stolica za dnevni boravak, stolica za toaletni stoli\u0107 itd.ROBUSTNA I STABILNA: Ova blagovaonska stolica sastoji se od okretne metalne baze i nogu od metala s pra\u0161kastim premazom koje se kri\u017eaju ispod sjedala. \u010cvrsta je i stabilna te mo\u017ee podnijeti do 150 kg. Noge su opremljene protukliznim no\u017eicama kako bi za\u0161titile pod i osigurale sigurnu upotrebu. Dvije no\u017eice su podesive za bolju ravnote\u017eu.JEDNOSTAVNO SASTAVLJANJE: Pribor i detaljne, ilustrirane upute uklju\u010deni su tako da mo\u017eete brzo sastaviti \u0161iroku, tapeciranu blagovaonsku stolicu.\" \/>\n<meta name=\"robots\" content=\"index, follow, max-snippet:-1, max-image-preview:large, max-video-preview:-1\" \/>\n<link rel=\"canonical\" href=\"https:\/\/inti.hr\/sr\/proizvod\/blagovaonske-stolice-metalni-okvir-ii\/\" \/>\n<meta property=\"og:locale\" content=\"sr_RS\" \/>\n<meta property=\"og:type\" content=\"article\" \/>\n<meta property=\"og:title\" content=\"Blagovaonske stolice metalni okvir II - Inti\" \/>\n<meta property=\"og:description\" content=\"OKRETNA STOLICA KOJA SE OKRETA ZA 360\u00b0: Rotiraju\u0107a baza nalazi se ispod sjedala ove okretne blagovaonske stolice, \u0161to vam omogu\u0107uje jednostavno okretanje u bilo kojem smjeru kako biste dohvatili predmete oko sebe. Funkcija okretanja za 360\u00b0 tako\u0111er \u010dini ovu ukrasnu stolicu modernim dodatkom va\u0161em domu.MEKA UDOBNA STOLICA: \u0160iroko sjedalo kuhinjske stolice oblo\u017eeno je pjenom visoke gusto\u0107e i prekriveno svilenkastim i mekim bar\u0161unom, pru\u017eaju\u0107i udobno sjedenje kako biste mogli u\u017eivati \u200b\u200bu ve\u010deri s obitelji i prijateljima i ne umoriti se \u010dak ni nakon dugog sjedenja.ERGONOMSKA STOLICA: Stolica ima podstavljeni naslon koji podupire le\u0111a i lumbalni dio kralje\u017enice, pru\u017eaju\u0107i udobno sjedenje. Ova tapecirana stolica mo\u017ee se koristiti i kao kuhinjska stolica, stolica za spava\u0107u sobu, stolica za dnevni boravak, stolica za toaletni stoli\u0107 itd.ROBUSTNA I STABILNA: Ova blagovaonska stolica sastoji se od okretne metalne baze i nogu od metala s pra\u0161kastim premazom koje se kri\u017eaju ispod sjedala. \u010cvrsta je i stabilna te mo\u017ee podnijeti do 150 kg. Noge su opremljene protukliznim no\u017eicama kako bi za\u0161titile pod i osigurale sigurnu upotrebu. Dvije no\u017eice su podesive za bolju ravnote\u017eu.JEDNOSTAVNO SASTAVLJANJE: Pribor i detaljne, ilustrirane upute uklju\u010deni su tako da mo\u017eete brzo sastaviti \u0161iroku, tapeciranu blagovaonsku stolicu.\" \/>\n<meta property=\"og:url\" content=\"https:\/\/inti.hr\/sr\/proizvod\/blagovaonske-stolice-metalni-okvir-ii\/\" \/>\n<meta property=\"og:site_name\" content=\"Inti\" \/>\n<meta property=\"og:image\" content=\"https:\/\/i0.wp.com\/inti.hr\/wp-content\/uploads\/2026\/03\/Esszimmerstuehle-Metallrahmen-ergonomisch-360-drehbar-Samtsitz-W0ATT0962-Schwarz6_600x600.jpg?fit=600%2C600&ssl=1\" \/>\n\t<meta property=\"og:image:width\" content=\"600\" \/>\n\t<meta property=\"og:image:height\" content=\"600\" \/>\n\t<meta property=\"og:image:type\" content=\"image\/jpeg\" \/>\n<meta name=\"twitter:card\" content=\"summary_large_image\" \/>\n<script type=\"application\/ld+json\" class=\"yoast-schema-graph\">{\"@context\":\"https:\/\/schema.org\",\"@graph\":[{\"@type\":\"WebPage\",\"@id\":\"https:\/\/inti.hr\/sr\/proizvod\/blagovaonske-stolice-metalni-okvir-ii\/\",\"url\":\"https:\/\/inti.hr\/sr\/proizvod\/blagovaonske-stolice-metalni-okvir-ii\/\",\"name\":\"Blagovaonske stolice metalni okvir II - Inti\",\"isPartOf\":{\"@id\":\"https:\/\/inti.hr\/sr\/#website\"},\"primaryImageOfPage\":{\"@id\":\"https:\/\/inti.hr\/sr\/proizvod\/blagovaonske-stolice-metalni-okvir-ii\/#primaryimage\"},\"image\":{\"@id\":\"https:\/\/inti.hr\/sr\/proizvod\/blagovaonske-stolice-metalni-okvir-ii\/#primaryimage\"},\"thumbnailUrl\":\"https:\/\/i0.wp.com\/inti.hr\/wp-content\/uploads\/2026\/03\/Esszimmerstuehle-Metallrahmen-ergonomisch-360-drehbar-Samtsitz-W0ATT0962-Schwarz6_600x600.jpg?fit=600%2C600&ssl=1\",\"datePublished\":\"2026-03-09T15:01:01+00:00\",\"dateModified\":\"2026-03-09T15:01:01+00:00\",\"description\":\"OKRETNA STOLICA KOJA SE OKRETA ZA 360\u00b0: Rotiraju\u0107a baza nalazi se ispod sjedala ove okretne blagovaonske stolice, \u0161to vam omogu\u0107uje jednostavno okretanje u bilo kojem smjeru kako biste dohvatili predmete oko sebe. Funkcija okretanja za 360\u00b0 tako\u0111er \u010dini ovu ukrasnu stolicu modernim dodatkom va\u0161em domu.MEKA UDOBNA STOLICA: \u0160iroko sjedalo kuhinjske stolice oblo\u017eeno je pjenom visoke gusto\u0107e i prekriveno svilenkastim i mekim bar\u0161unom, pru\u017eaju\u0107i udobno sjedenje kako biste mogli u\u017eivati \u200b\u200bu ve\u010deri s obitelji i prijateljima i ne umoriti se \u010dak ni nakon dugog sjedenja.ERGONOMSKA STOLICA: Stolica ima podstavljeni naslon koji podupire le\u0111a i lumbalni dio kralje\u017enice, pru\u017eaju\u0107i udobno sjedenje. Ova tapecirana stolica mo\u017ee se koristiti i kao kuhinjska stolica, stolica za spava\u0107u sobu, stolica za dnevni boravak, stolica za toaletni stoli\u0107 itd.ROBUSTNA I STABILNA: Ova blagovaonska stolica sastoji se od okretne metalne baze i nogu od metala s pra\u0161kastim premazom koje se kri\u017eaju ispod sjedala. \u010cvrsta je i stabilna te mo\u017ee podnijeti do 150 kg. Noge su opremljene protukliznim no\u017eicama kako bi za\u0161titile pod i osigurale sigurnu upotrebu. Dvije no\u017eice su podesive za bolju ravnote\u017eu.JEDNOSTAVNO SASTAVLJANJE: Pribor i detaljne, ilustrirane upute uklju\u010deni su tako da mo\u017eete brzo sastaviti \u0161iroku, tapeciranu blagovaonsku stolicu.\",\"breadcrumb\":{\"@id\":\"https:\/\/inti.hr\/sr\/proizvod\/blagovaonske-stolice-metalni-okvir-ii\/#breadcrumb\"},\"inLanguage\":\"sr-RS\",\"potentialAction\":[{\"@type\":\"ReadAction\",\"target\":[\"https:\/\/inti.hr\/sr\/proizvod\/blagovaonske-stolice-metalni-okvir-ii\/\"]}]},{\"@type\":\"ImageObject\",\"inLanguage\":\"sr-RS\",\"@id\":\"https:\/\/inti.hr\/sr\/proizvod\/blagovaonske-stolice-metalni-okvir-ii\/#primaryimage\",\"url\":\"https:\/\/i0.wp.com\/inti.hr\/wp-content\/uploads\/2026\/03\/Esszimmerstuehle-Metallrahmen-ergonomisch-360-drehbar-Samtsitz-W0ATT0962-Schwarz6_600x600.jpg?fit=600%2C600&ssl=1\",\"contentUrl\":\"https:\/\/i0.wp.com\/inti.hr\/wp-content\/uploads\/2026\/03\/Esszimmerstuehle-Metallrahmen-ergonomisch-360-drehbar-Samtsitz-W0ATT0962-Schwarz6_600x600.jpg?fit=600%2C600&ssl=1\",\"width\":600,\"height\":600,\"caption\":\"WOLTU blagovaonske stolice, metalni okvir, ergonomske, okretne za 360\u00b0, bar\u0161unasto sjedalo, be\u017e\"},{\"@type\":\"BreadcrumbList\",\"@id\":\"https:\/\/inti.hr\/sr\/proizvod\/blagovaonske-stolice-metalni-okvir-ii\/#breadcrumb\",\"itemListElement\":[{\"@type\":\"ListItem\",\"position\":1,\"name\":\"Po\u010detna stranica\",\"item\":\"https:\/\/inti.hr\/sr\/\"},{\"@type\":\"ListItem\",\"position\":2,\"name\":\"Prodavnica\",\"item\":\"https:\/\/inti.hr\/sr\/prodavnica\/\"},{\"@type\":\"ListItem\",\"position\":3,\"name\":\"Blagovaonske stolice metalni okvir II\"}]},{\"@type\":\"WebSite\",\"@id\":\"https:\/\/inti.hr\/sr\/#website\",\"url\":\"https:\/\/inti.hr\/sr\/\",\"name\":\"Inti\",\"description\":\"trgovina\",\"potentialAction\":[{\"@type\":\"SearchAction\",\"target\":{\"@type\":\"EntryPoint\",\"urlTemplate\":\"https:\/\/inti.hr\/sr\/?s={search_term_string}\"},\"query-input\":{\"@type\":\"PropertyValueSpecification\",\"valueRequired\":true,\"valueName\":\"search_term_string\"}}],\"inLanguage\":\"sr-RS\"}]}<\/script>\n<!-- \/ Yoast SEO plugin. -->","yoast_head_json":{"title":"Blagovaonske stolice metalni okvir II - Inti","description":"OKRETNA STOLICA KOJA SE OKRETA ZA 360\u00b0: Rotiraju\u0107a baza nalazi se ispod sjedala ove okretne blagovaonske stolice, \u0161to vam omogu\u0107uje jednostavno okretanje u bilo kojem smjeru kako biste dohvatili predmete oko sebe. Funkcija okretanja za 360\u00b0 tako\u0111er \u010dini ovu ukrasnu stolicu modernim dodatkom va\u0161em domu.MEKA UDOBNA STOLICA: \u0160iroko sjedalo kuhinjske stolice oblo\u017eeno je pjenom visoke gusto\u0107e i prekriveno svilenkastim i mekim bar\u0161unom, pru\u017eaju\u0107i udobno sjedenje kako biste mogli u\u017eivati \u200b\u200bu ve\u010deri s obitelji i prijateljima i ne umoriti se \u010dak ni nakon dugog sjedenja.ERGONOMSKA STOLICA: Stolica ima podstavljeni naslon koji podupire le\u0111a i lumbalni dio kralje\u017enice, pru\u017eaju\u0107i udobno sjedenje. Ova tapecirana stolica mo\u017ee se koristiti i kao kuhinjska stolica, stolica za spava\u0107u sobu, stolica za dnevni boravak, stolica za toaletni stoli\u0107 itd.ROBUSTNA I STABILNA: Ova blagovaonska stolica sastoji se od okretne metalne baze i nogu od metala s pra\u0161kastim premazom koje se kri\u017eaju ispod sjedala. \u010cvrsta je i stabilna te mo\u017ee podnijeti do 150 kg. Noge su opremljene protukliznim no\u017eicama kako bi za\u0161titile pod i osigurale sigurnu upotrebu. Dvije no\u017eice su podesive za bolju ravnote\u017eu.JEDNOSTAVNO SASTAVLJANJE: Pribor i detaljne, ilustrirane upute uklju\u010deni su tako da mo\u017eete brzo sastaviti \u0161iroku, tapeciranu blagovaonsku stolicu.","robots":{"index":"index","follow":"follow","max-snippet":"max-snippet:-1","max-image-preview":"max-image-preview:large","max-video-preview":"max-video-preview:-1"},"canonical":"https:\/\/inti.hr\/sr\/proizvod\/blagovaonske-stolice-metalni-okvir-ii\/","og_locale":"sr_RS","og_type":"article","og_title":"Blagovaonske stolice metalni okvir II - Inti","og_description":"OKRETNA STOLICA KOJA SE OKRETA ZA 360\u00b0: Rotiraju\u0107a baza nalazi se ispod sjedala ove okretne blagovaonske stolice, \u0161to vam omogu\u0107uje jednostavno okretanje u bilo kojem smjeru kako biste dohvatili predmete oko sebe. Funkcija okretanja za 360\u00b0 tako\u0111er \u010dini ovu ukrasnu stolicu modernim dodatkom va\u0161em domu.MEKA UDOBNA STOLICA: \u0160iroko sjedalo kuhinjske stolice oblo\u017eeno je pjenom visoke gusto\u0107e i prekriveno svilenkastim i mekim bar\u0161unom, pru\u017eaju\u0107i udobno sjedenje kako biste mogli u\u017eivati \u200b\u200bu ve\u010deri s obitelji i prijateljima i ne umoriti se \u010dak ni nakon dugog sjedenja.ERGONOMSKA STOLICA: Stolica ima podstavljeni naslon koji podupire le\u0111a i lumbalni dio kralje\u017enice, pru\u017eaju\u0107i udobno sjedenje. Ova tapecirana stolica mo\u017ee se koristiti i kao kuhinjska stolica, stolica za spava\u0107u sobu, stolica za dnevni boravak, stolica za toaletni stoli\u0107 itd.ROBUSTNA I STABILNA: Ova blagovaonska stolica sastoji se od okretne metalne baze i nogu od metala s pra\u0161kastim premazom koje se kri\u017eaju ispod sjedala. \u010cvrsta je i stabilna te mo\u017ee podnijeti do 150 kg. Noge su opremljene protukliznim no\u017eicama kako bi za\u0161titile pod i osigurale sigurnu upotrebu. Dvije no\u017eice su podesive za bolju ravnote\u017eu.JEDNOSTAVNO SASTAVLJANJE: Pribor i detaljne, ilustrirane upute uklju\u010deni su tako da mo\u017eete brzo sastaviti \u0161iroku, tapeciranu blagovaonsku stolicu.","og_url":"https:\/\/inti.hr\/sr\/proizvod\/blagovaonske-stolice-metalni-okvir-ii\/","og_site_name":"Inti","og_image":[{"width":600,"height":600,"url":"https:\/\/i0.wp.com\/inti.hr\/wp-content\/uploads\/2026\/03\/Esszimmerstuehle-Metallrahmen-ergonomisch-360-drehbar-Samtsitz-W0ATT0962-Schwarz6_600x600.jpg?fit=600%2C600&ssl=1","type":"image\/jpeg"}],"twitter_card":"summary_large_image","schema":{"@context":"https:\/\/schema.org","@graph":[{"@type":"WebPage","@id":"https:\/\/inti.hr\/sr\/proizvod\/blagovaonske-stolice-metalni-okvir-ii\/","url":"https:\/\/inti.hr\/sr\/proizvod\/blagovaonske-stolice-metalni-okvir-ii\/","name":"Blagovaonske stolice metalni okvir II - Inti","isPartOf":{"@id":"https:\/\/inti.hr\/sr\/#website"},"primaryImageOfPage":{"@id":"https:\/\/inti.hr\/sr\/proizvod\/blagovaonske-stolice-metalni-okvir-ii\/#primaryimage"},"image":{"@id":"https:\/\/inti.hr\/sr\/proizvod\/blagovaonske-stolice-metalni-okvir-ii\/#primaryimage"},"thumbnailUrl":"https:\/\/i0.wp.com\/inti.hr\/wp-content\/uploads\/2026\/03\/Esszimmerstuehle-Metallrahmen-ergonomisch-360-drehbar-Samtsitz-W0ATT0962-Schwarz6_600x600.jpg?fit=600%2C600&ssl=1","datePublished":"2026-03-09T15:01:01+00:00","dateModified":"2026-03-09T15:01:01+00:00","description":"OKRETNA STOLICA KOJA SE OKRETA ZA 360\u00b0: Rotiraju\u0107a baza nalazi se ispod sjedala ove okretne blagovaonske stolice, \u0161to vam omogu\u0107uje jednostavno okretanje u bilo kojem smjeru kako biste dohvatili predmete oko sebe. Funkcija okretanja za 360\u00b0 tako\u0111er \u010dini ovu ukrasnu stolicu modernim dodatkom va\u0161em domu.MEKA UDOBNA STOLICA: \u0160iroko sjedalo kuhinjske stolice oblo\u017eeno je pjenom visoke gusto\u0107e i prekriveno svilenkastim i mekim bar\u0161unom, pru\u017eaju\u0107i udobno sjedenje kako biste mogli u\u017eivati \u200b\u200bu ve\u010deri s obitelji i prijateljima i ne umoriti se \u010dak ni nakon dugog sjedenja.ERGONOMSKA STOLICA: Stolica ima podstavljeni naslon koji podupire le\u0111a i lumbalni dio kralje\u017enice, pru\u017eaju\u0107i udobno sjedenje. Ova tapecirana stolica mo\u017ee se koristiti i kao kuhinjska stolica, stolica za spava\u0107u sobu, stolica za dnevni boravak, stolica za toaletni stoli\u0107 itd.ROBUSTNA I STABILNA: Ova blagovaonska stolica sastoji se od okretne metalne baze i nogu od metala s pra\u0161kastim premazom koje se kri\u017eaju ispod sjedala. \u010cvrsta je i stabilna te mo\u017ee podnijeti do 150 kg. Noge su opremljene protukliznim no\u017eicama kako bi za\u0161titile pod i osigurale sigurnu upotrebu. Dvije no\u017eice su podesive za bolju ravnote\u017eu.JEDNOSTAVNO SASTAVLJANJE: Pribor i detaljne, ilustrirane upute uklju\u010deni su tako da mo\u017eete brzo sastaviti \u0161iroku, tapeciranu blagovaonsku stolicu.","breadcrumb":{"@id":"https:\/\/inti.hr\/sr\/proizvod\/blagovaonske-stolice-metalni-okvir-ii\/#breadcrumb"},"inLanguage":"sr-RS","potentialAction":[{"@type":"ReadAction","target":["https:\/\/inti.hr\/sr\/proizvod\/blagovaonske-stolice-metalni-okvir-ii\/"]}]},{"@type":"ImageObject","inLanguage":"sr-RS","@id":"https:\/\/inti.hr\/sr\/proizvod\/blagovaonske-stolice-metalni-okvir-ii\/#primaryimage","url":"https:\/\/i0.wp.com\/inti.hr\/wp-content\/uploads\/2026\/03\/Esszimmerstuehle-Metallrahmen-ergonomisch-360-drehbar-Samtsitz-W0ATT0962-Schwarz6_600x600.jpg?fit=600%2C600&ssl=1","contentUrl":"https:\/\/i0.wp.com\/inti.hr\/wp-content\/uploads\/2026\/03\/Esszimmerstuehle-Metallrahmen-ergonomisch-360-drehbar-Samtsitz-W0ATT0962-Schwarz6_600x600.jpg?fit=600%2C600&ssl=1","width":600,"height":600,"caption":"WOLTU blagovaonske stolice, metalni okvir, ergonomske, okretne za 360\u00b0, bar\u0161unasto sjedalo, be\u017e"},{"@type":"BreadcrumbList","@id":"https:\/\/inti.hr\/sr\/proizvod\/blagovaonske-stolice-metalni-okvir-ii\/#breadcrumb","itemListElement":[{"@type":"ListItem","position":1,"name":"Po\u010detna stranica","item":"https:\/\/inti.hr\/sr\/"},{"@type":"ListItem","position":2,"name":"Prodavnica","item":"https:\/\/inti.hr\/sr\/prodavnica\/"},{"@type":"ListItem","position":3,"name":"Blagovaonske stolice metalni okvir II"}]},{"@type":"WebSite","@id":"https:\/\/inti.hr\/sr\/#website","url":"https:\/\/inti.hr\/sr\/","name":"Inti","description":"trgovina","potentialAction":[{"@type":"SearchAction","target":{"@type":"EntryPoint","urlTemplate":"https:\/\/inti.hr\/sr\/?s={search_term_string}"},"query-input":{"@type":"PropertyValueSpecification","valueRequired":true,"valueName":"search_term_string"}}],"inLanguage":"sr-RS"}]}},"jetpack_sharing_enabled":true,"jetpack-related-posts":[],"_links":{"self":[{"href":"https:\/\/inti.hr\/sr\/wp-json\/wp\/v2\/product\/30649"}],"collection":[{"href":"https:\/\/inti.hr\/sr\/wp-json\/wp\/v2\/product"}],"about":[{"href":"https:\/\/inti.hr\/sr\/wp-json\/wp\/v2\/types\/product"}],"wp:featuredmedia":[{"embeddable":true,"href":"https:\/\/inti.hr\/sr\/wp-json\/wp\/v2\/media\/30651"}],"wp:attachment":[{"href":"https:\/\/inti.hr\/sr\/wp-json\/wp\/v2\/media?parent=30649"}],"wp:term":[{"taxonomy":"product_cat","embeddable":true,"href":"https:\/\/inti.hr\/sr\/wp-json\/wp\/v2\/product_cat?post=30649"},{"taxonomy":"product_tag","embeddable":true,"href":"https:\/\/inti.hr\/sr\/wp-json\/wp\/v2\/product_tag?post=30649"}],"curies":[{"name":"wp","href":"https:\/\/api.w.org\/{rel}","templated":true}]}}