{"id":30660,"date":"2026-03-09T15:50:39","date_gmt":"2026-03-09T14:50:39","guid":{"rendered":"https:\/\/inti.hr\/product\/blagovaonske-stolice-okretne-za-360-barsun\/"},"modified":"2026-03-09T15:50:39","modified_gmt":"2026-03-09T14:50:39","slug":"blagovaonske-stolice-okretne-za-360-barsun","status":"publish","type":"product","link":"https:\/\/inti.hr\/sr\/proizvod\/blagovaonske-stolice-okretne-za-360-barsun\/","title":{"rendered":"Blagovaonske stolice, okretne za 360\u00b0  bar\u0161un"},"content":{"rendered":"<h4 class=\"a-spacing-mini\"><strong><span dir=\"auto\">Tehni\u010dki podaci<\/span><\/strong><\/h4>\n<ul>\n<li><span dir=\"auto\">Materijali: Bar\u0161un + Metal<\/span><\/li>\n<li><span dir=\"auto\">Boje: Tamno siva\/crna<\/span><\/li>\n<li><span dir=\"auto\">Ukupne dimenzije: 57 x 79 x 61 cm<\/span><\/li>\n<li><span dir=\"auto\">Dimenzije sjedala: 42 x 46 cm<\/span><\/li>\n<li><span dir=\"auto\">Visina naslona: 35 cm<\/span><\/li>\n<li><span dir=\"auto\">Visina sjedala: 49 cm<\/span><\/li>\n<li><span dir=\"auto\">Maksimalno optere\u0107enje: 150 kg<\/span><\/li>\n<\/ul>\n<p>Stolice dolaze u setu.<\/p>\n","protected":false},"excerpt":{"rendered":"<ul>\n<li><span dir=\"auto\">FLEKSIBILNO ROTIRAJU\u0106E ZA 360\u00b0: Ova blagovaonska stolica ima okretnu &#8230;<br \/>\n","protected":false},"featured_media":30662,"template":"","meta":[],"product_cat":[2573,2391],"product_tag":[2574,2586],"yoast_head":"<!-- This site is optimized with the Yoast SEO plugin v23.7 - https:\/\/yoast.com\/wordpress\/plugins\/seo\/ -->\n<title>Blagovaonske stolice, okretne za 360\u00b0 bar\u0161un - Inti<\/title>\n<meta name=\"description\" content=\"FLEKSIBILNO ROTIRAJU\u0106E ZA 360\u00b0: Ova blagovaonska stolica ima okretnu bazu od 360\u00b0, \u0161to vam omogu\u0107uje jednostavno okretanje u bilo kojem smjeru bez ustajanja. To vam omogu\u0107uje razgovor s drugima dok jedete ili sura\u0111ujete u uredu, zna\u010dajno pove\u0107avaju\u0107i udobnost i prakti\u010dnost.ELEGANTNA I SVESTRANA: Blagovaonska stolica WOLTU pomno je pro\u0161ivena i mo\u017ee se pohvaliti jednostavnim dizajnom. Mo\u017ee se koristiti kao udobna blagovaonska stolica, fotelja u dnevnoj sobi ili uredska stolica u radnoj sobi, lako se prilago\u0111avaju\u0107i raznim prostorima, a pritom daje prioritet estetici i prakti\u010dnosti.VISOKOKVALITETAN DIZAJN: Na\u0161a kuhinjska stolica dostupna je u \u0161irokom rasponu boja i tkanina (bar\u0161un), s debelim, gustim, dvoslojnim pjenastim jastucima za mekan i potporni osje\u0107aj. Ergonomski, blago zakrivljeni naslon u\u010dinkovito ubla\u017eava umor od dugotrajnog sjedenja.STABILNA STRUKTURA: Ova blagovaonska stolica s naslonom opremljena je podesivim nogama koje osiguravaju stabilnost \u010dak i na neravnim podovima i \u0161tite pod od ogrebotina. Robusna \u010deli\u010dna baza ispod stolice mo\u017ee podnijeti do 150 kg, osiguravaju\u0107i sigurnost i izdr\u017eljivost.JEDNOSTAVNO SASTAVLJANJE: Uz jasne upute i sav potreban pribor, stolicu za \u010ditanje mo\u017ee sastaviti jedna osoba za samo nekoliko minuta. Ako imate bilo kakvih problema, WOLTU je uvijek tu da vam pomogne.\" \/>\n<meta name=\"robots\" content=\"index, follow, max-snippet:-1, max-image-preview:large, max-video-preview:-1\" \/>\n<link rel=\"canonical\" href=\"https:\/\/inti.hr\/sr\/proizvod\/blagovaonske-stolice-okretne-za-360-barsun\/\" \/>\n<meta property=\"og:locale\" content=\"sr_RS\" \/>\n<meta property=\"og:type\" content=\"article\" \/>\n<meta property=\"og:title\" content=\"Blagovaonske stolice, okretne za 360\u00b0 bar\u0161un - Inti\" \/>\n<meta property=\"og:description\" content=\"FLEKSIBILNO ROTIRAJU\u0106E ZA 360\u00b0: Ova blagovaonska stolica ima okretnu bazu od 360\u00b0, \u0161to vam omogu\u0107uje jednostavno okretanje u bilo kojem smjeru bez ustajanja. To vam omogu\u0107uje razgovor s drugima dok jedete ili sura\u0111ujete u uredu, zna\u010dajno pove\u0107avaju\u0107i udobnost i prakti\u010dnost.ELEGANTNA I SVESTRANA: Blagovaonska stolica WOLTU pomno je pro\u0161ivena i mo\u017ee se pohvaliti jednostavnim dizajnom. Mo\u017ee se koristiti kao udobna blagovaonska stolica, fotelja u dnevnoj sobi ili uredska stolica u radnoj sobi, lako se prilago\u0111avaju\u0107i raznim prostorima, a pritom daje prioritet estetici i prakti\u010dnosti.VISOKOKVALITETAN DIZAJN: Na\u0161a kuhinjska stolica dostupna je u \u0161irokom rasponu boja i tkanina (bar\u0161un), s debelim, gustim, dvoslojnim pjenastim jastucima za mekan i potporni osje\u0107aj. Ergonomski, blago zakrivljeni naslon u\u010dinkovito ubla\u017eava umor od dugotrajnog sjedenja.STABILNA STRUKTURA: Ova blagovaonska stolica s naslonom opremljena je podesivim nogama koje osiguravaju stabilnost \u010dak i na neravnim podovima i \u0161tite pod od ogrebotina. Robusna \u010deli\u010dna baza ispod stolice mo\u017ee podnijeti do 150 kg, osiguravaju\u0107i sigurnost i izdr\u017eljivost.JEDNOSTAVNO SASTAVLJANJE: Uz jasne upute i sav potreban pribor, stolicu za \u010ditanje mo\u017ee sastaviti jedna osoba za samo nekoliko minuta. Ako imate bilo kakvih problema, WOLTU je uvijek tu da vam pomogne.\" \/>\n<meta property=\"og:url\" content=\"https:\/\/inti.hr\/sr\/proizvod\/blagovaonske-stolice-okretne-za-360-barsun\/\" \/>\n<meta property=\"og:site_name\" content=\"Inti\" \/>\n<meta property=\"og:image\" content=\"https:\/\/i0.wp.com\/inti.hr\/wp-content\/uploads\/2026\/03\/Esszimmerstuehle-2er-Set-360-Drehbar-aus-Samt-mit-Armlehne-ergonomisch-W0ATT1055-2-Dunkelgrau1_600x600.jpg?fit=600%2C561&ssl=1\" \/>\n\t<meta property=\"og:image:width\" content=\"600\" \/>\n\t<meta property=\"og:image:height\" content=\"561\" \/>\n\t<meta property=\"og:image:type\" content=\"image\/jpeg\" \/>\n<meta name=\"twitter:card\" content=\"summary_large_image\" \/>\n<script type=\"application\/ld+json\" class=\"yoast-schema-graph\">{\"@context\":\"https:\/\/schema.org\",\"@graph\":[{\"@type\":\"WebPage\",\"@id\":\"https:\/\/inti.hr\/sr\/proizvod\/blagovaonske-stolice-okretne-za-360-barsun\/\",\"url\":\"https:\/\/inti.hr\/sr\/proizvod\/blagovaonske-stolice-okretne-za-360-barsun\/\",\"name\":\"Blagovaonske stolice, okretne za 360\u00b0 bar\u0161un - Inti\",\"isPartOf\":{\"@id\":\"https:\/\/inti.hr\/sr\/#website\"},\"primaryImageOfPage\":{\"@id\":\"https:\/\/inti.hr\/sr\/proizvod\/blagovaonske-stolice-okretne-za-360-barsun\/#primaryimage\"},\"image\":{\"@id\":\"https:\/\/inti.hr\/sr\/proizvod\/blagovaonske-stolice-okretne-za-360-barsun\/#primaryimage\"},\"thumbnailUrl\":\"https:\/\/i0.wp.com\/inti.hr\/wp-content\/uploads\/2026\/03\/Esszimmerstuehle-2er-Set-360-Drehbar-aus-Samt-mit-Armlehne-ergonomisch-W0ATT1055-2-Dunkelgrau1_600x600.jpg?fit=600%2C561&ssl=1\",\"datePublished\":\"2026-03-09T14:50:39+00:00\",\"dateModified\":\"2026-03-09T14:50:39+00:00\",\"description\":\"FLEKSIBILNO ROTIRAJU\u0106E ZA 360\u00b0: Ova blagovaonska stolica ima okretnu bazu od 360\u00b0, \u0161to vam omogu\u0107uje jednostavno okretanje u bilo kojem smjeru bez ustajanja. To vam omogu\u0107uje razgovor s drugima dok jedete ili sura\u0111ujete u uredu, zna\u010dajno pove\u0107avaju\u0107i udobnost i prakti\u010dnost.ELEGANTNA I SVESTRANA: Blagovaonska stolica WOLTU pomno je pro\u0161ivena i mo\u017ee se pohvaliti jednostavnim dizajnom. Mo\u017ee se koristiti kao udobna blagovaonska stolica, fotelja u dnevnoj sobi ili uredska stolica u radnoj sobi, lako se prilago\u0111avaju\u0107i raznim prostorima, a pritom daje prioritet estetici i prakti\u010dnosti.VISOKOKVALITETAN DIZAJN: Na\u0161a kuhinjska stolica dostupna je u \u0161irokom rasponu boja i tkanina (bar\u0161un), s debelim, gustim, dvoslojnim pjenastim jastucima za mekan i potporni osje\u0107aj. Ergonomski, blago zakrivljeni naslon u\u010dinkovito ubla\u017eava umor od dugotrajnog sjedenja.STABILNA STRUKTURA: Ova blagovaonska stolica s naslonom opremljena je podesivim nogama koje osiguravaju stabilnost \u010dak i na neravnim podovima i \u0161tite pod od ogrebotina. Robusna \u010deli\u010dna baza ispod stolice mo\u017ee podnijeti do 150 kg, osiguravaju\u0107i sigurnost i izdr\u017eljivost.JEDNOSTAVNO SASTAVLJANJE: Uz jasne upute i sav potreban pribor, stolicu za \u010ditanje mo\u017ee sastaviti jedna osoba za samo nekoliko minuta. Ako imate bilo kakvih problema, WOLTU je uvijek tu da vam pomogne.\",\"breadcrumb\":{\"@id\":\"https:\/\/inti.hr\/sr\/proizvod\/blagovaonske-stolice-okretne-za-360-barsun\/#breadcrumb\"},\"inLanguage\":\"sr-RS\",\"potentialAction\":[{\"@type\":\"ReadAction\",\"target\":[\"https:\/\/inti.hr\/sr\/proizvod\/blagovaonske-stolice-okretne-za-360-barsun\/\"]}]},{\"@type\":\"ImageObject\",\"inLanguage\":\"sr-RS\",\"@id\":\"https:\/\/inti.hr\/sr\/proizvod\/blagovaonske-stolice-okretne-za-360-barsun\/#primaryimage\",\"url\":\"https:\/\/i0.wp.com\/inti.hr\/wp-content\/uploads\/2026\/03\/Esszimmerstuehle-2er-Set-360-Drehbar-aus-Samt-mit-Armlehne-ergonomisch-W0ATT1055-2-Dunkelgrau1_600x600.jpg?fit=600%2C561&ssl=1\",\"contentUrl\":\"https:\/\/i0.wp.com\/inti.hr\/wp-content\/uploads\/2026\/03\/Esszimmerstuehle-2er-Set-360-Drehbar-aus-Samt-mit-Armlehne-ergonomisch-W0ATT1055-2-Dunkelgrau1_600x600.jpg?fit=600%2C561&ssl=1\",\"width\":600,\"height\":561,\"caption\":\"WOLTU Blagovaonske stolice, set od 2, okretne za 360\u00b0, bar\u0161un, s naslonima za ruke, ergonomske, crne\"},{\"@type\":\"BreadcrumbList\",\"@id\":\"https:\/\/inti.hr\/sr\/proizvod\/blagovaonske-stolice-okretne-za-360-barsun\/#breadcrumb\",\"itemListElement\":[{\"@type\":\"ListItem\",\"position\":1,\"name\":\"Po\u010detna stranica\",\"item\":\"https:\/\/inti.hr\/sr\/\"},{\"@type\":\"ListItem\",\"position\":2,\"name\":\"Prodavnica\",\"item\":\"https:\/\/inti.hr\/sr\/prodavnica\/\"},{\"@type\":\"ListItem\",\"position\":3,\"name\":\"Blagovaonske stolice, okretne za 360\u00b0 bar\u0161un\"}]},{\"@type\":\"WebSite\",\"@id\":\"https:\/\/inti.hr\/sr\/#website\",\"url\":\"https:\/\/inti.hr\/sr\/\",\"name\":\"Inti\",\"description\":\"trgovina\",\"potentialAction\":[{\"@type\":\"SearchAction\",\"target\":{\"@type\":\"EntryPoint\",\"urlTemplate\":\"https:\/\/inti.hr\/sr\/?s={search_term_string}\"},\"query-input\":{\"@type\":\"PropertyValueSpecification\",\"valueRequired\":true,\"valueName\":\"search_term_string\"}}],\"inLanguage\":\"sr-RS\"}]}<\/script>\n<!-- \/ Yoast SEO plugin. -->","yoast_head_json":{"title":"Blagovaonske stolice, okretne za 360\u00b0 bar\u0161un - Inti","description":"FLEKSIBILNO ROTIRAJU\u0106E ZA 360\u00b0: Ova blagovaonska stolica ima okretnu bazu od 360\u00b0, \u0161to vam omogu\u0107uje jednostavno okretanje u bilo kojem smjeru bez ustajanja. To vam omogu\u0107uje razgovor s drugima dok jedete ili sura\u0111ujete u uredu, zna\u010dajno pove\u0107avaju\u0107i udobnost i prakti\u010dnost.ELEGANTNA I SVESTRANA: Blagovaonska stolica WOLTU pomno je pro\u0161ivena i mo\u017ee se pohvaliti jednostavnim dizajnom. Mo\u017ee se koristiti kao udobna blagovaonska stolica, fotelja u dnevnoj sobi ili uredska stolica u radnoj sobi, lako se prilago\u0111avaju\u0107i raznim prostorima, a pritom daje prioritet estetici i prakti\u010dnosti.VISOKOKVALITETAN DIZAJN: Na\u0161a kuhinjska stolica dostupna je u \u0161irokom rasponu boja i tkanina (bar\u0161un), s debelim, gustim, dvoslojnim pjenastim jastucima za mekan i potporni osje\u0107aj. Ergonomski, blago zakrivljeni naslon u\u010dinkovito ubla\u017eava umor od dugotrajnog sjedenja.STABILNA STRUKTURA: Ova blagovaonska stolica s naslonom opremljena je podesivim nogama koje osiguravaju stabilnost \u010dak i na neravnim podovima i \u0161tite pod od ogrebotina. Robusna \u010deli\u010dna baza ispod stolice mo\u017ee podnijeti do 150 kg, osiguravaju\u0107i sigurnost i izdr\u017eljivost.JEDNOSTAVNO SASTAVLJANJE: Uz jasne upute i sav potreban pribor, stolicu za \u010ditanje mo\u017ee sastaviti jedna osoba za samo nekoliko minuta. Ako imate bilo kakvih problema, WOLTU je uvijek tu da vam pomogne.","robots":{"index":"index","follow":"follow","max-snippet":"max-snippet:-1","max-image-preview":"max-image-preview:large","max-video-preview":"max-video-preview:-1"},"canonical":"https:\/\/inti.hr\/sr\/proizvod\/blagovaonske-stolice-okretne-za-360-barsun\/","og_locale":"sr_RS","og_type":"article","og_title":"Blagovaonske stolice, okretne za 360\u00b0 bar\u0161un - Inti","og_description":"FLEKSIBILNO ROTIRAJU\u0106E ZA 360\u00b0: Ova blagovaonska stolica ima okretnu bazu od 360\u00b0, \u0161to vam omogu\u0107uje jednostavno okretanje u bilo kojem smjeru bez ustajanja. To vam omogu\u0107uje razgovor s drugima dok jedete ili sura\u0111ujete u uredu, zna\u010dajno pove\u0107avaju\u0107i udobnost i prakti\u010dnost.ELEGANTNA I SVESTRANA: Blagovaonska stolica WOLTU pomno je pro\u0161ivena i mo\u017ee se pohvaliti jednostavnim dizajnom. Mo\u017ee se koristiti kao udobna blagovaonska stolica, fotelja u dnevnoj sobi ili uredska stolica u radnoj sobi, lako se prilago\u0111avaju\u0107i raznim prostorima, a pritom daje prioritet estetici i prakti\u010dnosti.VISOKOKVALITETAN DIZAJN: Na\u0161a kuhinjska stolica dostupna je u \u0161irokom rasponu boja i tkanina (bar\u0161un), s debelim, gustim, dvoslojnim pjenastim jastucima za mekan i potporni osje\u0107aj. Ergonomski, blago zakrivljeni naslon u\u010dinkovito ubla\u017eava umor od dugotrajnog sjedenja.STABILNA STRUKTURA: Ova blagovaonska stolica s naslonom opremljena je podesivim nogama koje osiguravaju stabilnost \u010dak i na neravnim podovima i \u0161tite pod od ogrebotina. Robusna \u010deli\u010dna baza ispod stolice mo\u017ee podnijeti do 150 kg, osiguravaju\u0107i sigurnost i izdr\u017eljivost.JEDNOSTAVNO SASTAVLJANJE: Uz jasne upute i sav potreban pribor, stolicu za \u010ditanje mo\u017ee sastaviti jedna osoba za samo nekoliko minuta. Ako imate bilo kakvih problema, WOLTU je uvijek tu da vam pomogne.","og_url":"https:\/\/inti.hr\/sr\/proizvod\/blagovaonske-stolice-okretne-za-360-barsun\/","og_site_name":"Inti","og_image":[{"width":600,"height":561,"url":"https:\/\/i0.wp.com\/inti.hr\/wp-content\/uploads\/2026\/03\/Esszimmerstuehle-2er-Set-360-Drehbar-aus-Samt-mit-Armlehne-ergonomisch-W0ATT1055-2-Dunkelgrau1_600x600.jpg?fit=600%2C561&ssl=1","type":"image\/jpeg"}],"twitter_card":"summary_large_image","schema":{"@context":"https:\/\/schema.org","@graph":[{"@type":"WebPage","@id":"https:\/\/inti.hr\/sr\/proizvod\/blagovaonske-stolice-okretne-za-360-barsun\/","url":"https:\/\/inti.hr\/sr\/proizvod\/blagovaonske-stolice-okretne-za-360-barsun\/","name":"Blagovaonske stolice, okretne za 360\u00b0 bar\u0161un - Inti","isPartOf":{"@id":"https:\/\/inti.hr\/sr\/#website"},"primaryImageOfPage":{"@id":"https:\/\/inti.hr\/sr\/proizvod\/blagovaonske-stolice-okretne-za-360-barsun\/#primaryimage"},"image":{"@id":"https:\/\/inti.hr\/sr\/proizvod\/blagovaonske-stolice-okretne-za-360-barsun\/#primaryimage"},"thumbnailUrl":"https:\/\/i0.wp.com\/inti.hr\/wp-content\/uploads\/2026\/03\/Esszimmerstuehle-2er-Set-360-Drehbar-aus-Samt-mit-Armlehne-ergonomisch-W0ATT1055-2-Dunkelgrau1_600x600.jpg?fit=600%2C561&ssl=1","datePublished":"2026-03-09T14:50:39+00:00","dateModified":"2026-03-09T14:50:39+00:00","description":"FLEKSIBILNO ROTIRAJU\u0106E ZA 360\u00b0: Ova blagovaonska stolica ima okretnu bazu od 360\u00b0, \u0161to vam omogu\u0107uje jednostavno okretanje u bilo kojem smjeru bez ustajanja. To vam omogu\u0107uje razgovor s drugima dok jedete ili sura\u0111ujete u uredu, zna\u010dajno pove\u0107avaju\u0107i udobnost i prakti\u010dnost.ELEGANTNA I SVESTRANA: Blagovaonska stolica WOLTU pomno je pro\u0161ivena i mo\u017ee se pohvaliti jednostavnim dizajnom. Mo\u017ee se koristiti kao udobna blagovaonska stolica, fotelja u dnevnoj sobi ili uredska stolica u radnoj sobi, lako se prilago\u0111avaju\u0107i raznim prostorima, a pritom daje prioritet estetici i prakti\u010dnosti.VISOKOKVALITETAN DIZAJN: Na\u0161a kuhinjska stolica dostupna je u \u0161irokom rasponu boja i tkanina (bar\u0161un), s debelim, gustim, dvoslojnim pjenastim jastucima za mekan i potporni osje\u0107aj. Ergonomski, blago zakrivljeni naslon u\u010dinkovito ubla\u017eava umor od dugotrajnog sjedenja.STABILNA STRUKTURA: Ova blagovaonska stolica s naslonom opremljena je podesivim nogama koje osiguravaju stabilnost \u010dak i na neravnim podovima i \u0161tite pod od ogrebotina. Robusna \u010deli\u010dna baza ispod stolice mo\u017ee podnijeti do 150 kg, osiguravaju\u0107i sigurnost i izdr\u017eljivost.JEDNOSTAVNO SASTAVLJANJE: Uz jasne upute i sav potreban pribor, stolicu za \u010ditanje mo\u017ee sastaviti jedna osoba za samo nekoliko minuta. Ako imate bilo kakvih problema, WOLTU je uvijek tu da vam pomogne.","breadcrumb":{"@id":"https:\/\/inti.hr\/sr\/proizvod\/blagovaonske-stolice-okretne-za-360-barsun\/#breadcrumb"},"inLanguage":"sr-RS","potentialAction":[{"@type":"ReadAction","target":["https:\/\/inti.hr\/sr\/proizvod\/blagovaonske-stolice-okretne-za-360-barsun\/"]}]},{"@type":"ImageObject","inLanguage":"sr-RS","@id":"https:\/\/inti.hr\/sr\/proizvod\/blagovaonske-stolice-okretne-za-360-barsun\/#primaryimage","url":"https:\/\/i0.wp.com\/inti.hr\/wp-content\/uploads\/2026\/03\/Esszimmerstuehle-2er-Set-360-Drehbar-aus-Samt-mit-Armlehne-ergonomisch-W0ATT1055-2-Dunkelgrau1_600x600.jpg?fit=600%2C561&ssl=1","contentUrl":"https:\/\/i0.wp.com\/inti.hr\/wp-content\/uploads\/2026\/03\/Esszimmerstuehle-2er-Set-360-Drehbar-aus-Samt-mit-Armlehne-ergonomisch-W0ATT1055-2-Dunkelgrau1_600x600.jpg?fit=600%2C561&ssl=1","width":600,"height":561,"caption":"WOLTU Blagovaonske stolice, set od 2, okretne za 360\u00b0, bar\u0161un, s naslonima za ruke, ergonomske, crne"},{"@type":"BreadcrumbList","@id":"https:\/\/inti.hr\/sr\/proizvod\/blagovaonske-stolice-okretne-za-360-barsun\/#breadcrumb","itemListElement":[{"@type":"ListItem","position":1,"name":"Po\u010detna stranica","item":"https:\/\/inti.hr\/sr\/"},{"@type":"ListItem","position":2,"name":"Prodavnica","item":"https:\/\/inti.hr\/sr\/prodavnica\/"},{"@type":"ListItem","position":3,"name":"Blagovaonske stolice, okretne za 360\u00b0 bar\u0161un"}]},{"@type":"WebSite","@id":"https:\/\/inti.hr\/sr\/#website","url":"https:\/\/inti.hr\/sr\/","name":"Inti","description":"trgovina","potentialAction":[{"@type":"SearchAction","target":{"@type":"EntryPoint","urlTemplate":"https:\/\/inti.hr\/sr\/?s={search_term_string}"},"query-input":{"@type":"PropertyValueSpecification","valueRequired":true,"valueName":"search_term_string"}}],"inLanguage":"sr-RS"}]}},"jetpack_sharing_enabled":true,"jetpack-related-posts":[],"_links":{"self":[{"href":"https:\/\/inti.hr\/sr\/wp-json\/wp\/v2\/product\/30660"}],"collection":[{"href":"https:\/\/inti.hr\/sr\/wp-json\/wp\/v2\/product"}],"about":[{"href":"https:\/\/inti.hr\/sr\/wp-json\/wp\/v2\/types\/product"}],"wp:featuredmedia":[{"embeddable":true,"href":"https:\/\/inti.hr\/sr\/wp-json\/wp\/v2\/media\/30662"}],"wp:attachment":[{"href":"https:\/\/inti.hr\/sr\/wp-json\/wp\/v2\/media?parent=30660"}],"wp:term":[{"taxonomy":"product_cat","embeddable":true,"href":"https:\/\/inti.hr\/sr\/wp-json\/wp\/v2\/product_cat?post=30660"},{"taxonomy":"product_tag","embeddable":true,"href":"https:\/\/inti.hr\/sr\/wp-json\/wp\/v2\/product_tag?post=30660"}],"curies":[{"name":"wp","href":"https:\/\/api.w.org\/{rel}","templated":true}]}}