{"id":30749,"date":"2026-02-11T15:44:35","date_gmt":"2026-02-11T14:44:35","guid":{"rendered":"https:\/\/inti.hr\/product\/mali-sklopivi-stol-za-fleksibilan-kucni-ured\/"},"modified":"2026-02-11T15:44:35","modified_gmt":"2026-02-11T14:44:35","slug":"mali-sklopivi-stol-za-fleksibilan-kucni-ured","status":"publish","type":"product","link":"https:\/\/inti.hr\/sr\/proizvod\/mali-sklopivi-stol-za-fleksibilan-kucni-ured\/","title":{"rendered":"Mali sklopivi stol za fleksibilan ku\u0107ni ured"},"content":{"rendered":"<p>Detalji o proizvodu:<br \/>\nBoja: Snje\u017eno bijela<br \/>\nMaterijal: Iverica, \u010delik, PA plastika (poliamid)<br \/>\nVeli\u010dina: 80 x 40 x 74 cm (\u0160 x D x V)<br \/>\nTe\u017eina: 6,4 kg<br \/>\nMaksimalna stati\u010dka nosivost plo\u010de stola: 50 kg<\/p>\n","protected":false},"excerpt":{"rendered":"<p>Sklopivo i \u0161tedi prostor: Ovaj mali stoli\u0107 mo\u017ee se nakon upotrebe &#8230; <\/p>\n","protected":false},"featured_media":30750,"template":"","meta":[],"product_cat":[2440],"product_tag":[2656,2657],"yoast_head":"<!-- This site is optimized with the Yoast SEO plugin v23.7 - https:\/\/yoast.com\/wordpress\/plugins\/seo\/ -->\n<title>Mali sklopivi stol za fleksibilan ku\u0107ni ured - Inti<\/title>\n<meta name=\"description\" content=\"Sklopivo i \u0161tedi prostor: Ovaj mali stoli\u0107 mo\u017ee se nakon upotrebe sklopiti na dubinu od samo 6 cm i spremiti iza vrata, pored kreveta ili ispod sofe \u2013 idealno za male stanove.Prijenosan i svestran: S dimenzijama 80 x 40 cm, ovaj sklopivi stol nudi dovoljno prostora za rad na prijenosnom ra\u010dunalu, pisanje, crtanje ili u\u010denje. Njegova lagana konstrukcija olak\u0161ava premje\u0161tanje iz sobe u sobu, na balkon ili \u010dak kampiranje.Stabilan za svakodnevnu upotrebu: Jednodijelna plo\u010da stola izra\u0111ena od debelog iverala i oja\u010dani sklopivi elementi osiguravaju stabilan ra\u010dunalni stol. Podesive no\u017eice kompenziraju neravne podove \u2013 nema klimanja tijekom upotrebe.Minimalisti\u010dki izgled, sigurni detalji: Zahvaljuju\u0107i minimalisti\u010dkom dizajnu, sklopivi stol lako se uklapa u razli\u010dite stilove interijera. Glatka povr\u0161ina i zaobljeni rubovi smanjuju rizik od svakodnevnih udaraca i o\u0161tetaka.Brza monta\u017ea: Stol trebate sastaviti samo jednom \u2013 za 5-10 minuta uz jasne upute i ozna\u010dene dijelove; obavezno \u010dvrsto zategnite sve vijke. Nakon toga, jednostavno ga rasklopite, koristite, preklopite i spremite kako biste u\u0161tedjeli prostor.\" \/>\n<meta name=\"robots\" content=\"index, follow, max-snippet:-1, max-image-preview:large, max-video-preview:-1\" \/>\n<link rel=\"canonical\" href=\"https:\/\/inti.hr\/sr\/proizvod\/mali-sklopivi-stol-za-fleksibilan-kucni-ured\/\" \/>\n<meta property=\"og:locale\" content=\"sr_RS\" \/>\n<meta property=\"og:type\" content=\"article\" \/>\n<meta property=\"og:title\" content=\"Mali sklopivi stol za fleksibilan ku\u0107ni ured - Inti\" \/>\n<meta property=\"og:description\" content=\"Sklopivo i \u0161tedi prostor: Ovaj mali stoli\u0107 mo\u017ee se nakon upotrebe sklopiti na dubinu od samo 6 cm i spremiti iza vrata, pored kreveta ili ispod sofe \u2013 idealno za male stanove.Prijenosan i svestran: S dimenzijama 80 x 40 cm, ovaj sklopivi stol nudi dovoljno prostora za rad na prijenosnom ra\u010dunalu, pisanje, crtanje ili u\u010denje. Njegova lagana konstrukcija olak\u0161ava premje\u0161tanje iz sobe u sobu, na balkon ili \u010dak kampiranje.Stabilan za svakodnevnu upotrebu: Jednodijelna plo\u010da stola izra\u0111ena od debelog iverala i oja\u010dani sklopivi elementi osiguravaju stabilan ra\u010dunalni stol. Podesive no\u017eice kompenziraju neravne podove \u2013 nema klimanja tijekom upotrebe.Minimalisti\u010dki izgled, sigurni detalji: Zahvaljuju\u0107i minimalisti\u010dkom dizajnu, sklopivi stol lako se uklapa u razli\u010dite stilove interijera. Glatka povr\u0161ina i zaobljeni rubovi smanjuju rizik od svakodnevnih udaraca i o\u0161tetaka.Brza monta\u017ea: Stol trebate sastaviti samo jednom \u2013 za 5-10 minuta uz jasne upute i ozna\u010dene dijelove; obavezno \u010dvrsto zategnite sve vijke. Nakon toga, jednostavno ga rasklopite, koristite, preklopite i spremite kako biste u\u0161tedjeli prostor.\" \/>\n<meta property=\"og:url\" content=\"https:\/\/inti.hr\/sr\/proizvod\/mali-sklopivi-stol-za-fleksibilan-kucni-ured\/\" \/>\n<meta property=\"og:site_name\" content=\"Inti\" \/>\n<meta property=\"og:image\" content=\"https:\/\/i0.wp.com\/inti.hr\/wp-content\/uploads\/2026\/02\/LWD151WF01-1.jpg?fit=1000%2C1000&ssl=1\" \/>\n\t<meta property=\"og:image:width\" content=\"1000\" \/>\n\t<meta property=\"og:image:height\" content=\"1000\" \/>\n\t<meta property=\"og:image:type\" content=\"image\/jpeg\" \/>\n<meta name=\"twitter:card\" content=\"summary_large_image\" \/>\n<script type=\"application\/ld+json\" class=\"yoast-schema-graph\">{\"@context\":\"https:\/\/schema.org\",\"@graph\":[{\"@type\":\"WebPage\",\"@id\":\"https:\/\/inti.hr\/sr\/proizvod\/mali-sklopivi-stol-za-fleksibilan-kucni-ured\/\",\"url\":\"https:\/\/inti.hr\/sr\/proizvod\/mali-sklopivi-stol-za-fleksibilan-kucni-ured\/\",\"name\":\"Mali sklopivi stol za fleksibilan ku\u0107ni ured - Inti\",\"isPartOf\":{\"@id\":\"https:\/\/inti.hr\/sr\/#website\"},\"primaryImageOfPage\":{\"@id\":\"https:\/\/inti.hr\/sr\/proizvod\/mali-sklopivi-stol-za-fleksibilan-kucni-ured\/#primaryimage\"},\"image\":{\"@id\":\"https:\/\/inti.hr\/sr\/proizvod\/mali-sklopivi-stol-za-fleksibilan-kucni-ured\/#primaryimage\"},\"thumbnailUrl\":\"https:\/\/i0.wp.com\/inti.hr\/wp-content\/uploads\/2026\/02\/LWD151WF01-1.jpg?fit=1000%2C1000&ssl=1\",\"datePublished\":\"2026-02-11T14:44:35+00:00\",\"dateModified\":\"2026-02-11T14:44:35+00:00\",\"description\":\"Sklopivo i \u0161tedi prostor: Ovaj mali stoli\u0107 mo\u017ee se nakon upotrebe sklopiti na dubinu od samo 6 cm i spremiti iza vrata, pored kreveta ili ispod sofe \u2013 idealno za male stanove.Prijenosan i svestran: S dimenzijama 80 x 40 cm, ovaj sklopivi stol nudi dovoljno prostora za rad na prijenosnom ra\u010dunalu, pisanje, crtanje ili u\u010denje. Njegova lagana konstrukcija olak\u0161ava premje\u0161tanje iz sobe u sobu, na balkon ili \u010dak kampiranje.Stabilan za svakodnevnu upotrebu: Jednodijelna plo\u010da stola izra\u0111ena od debelog iverala i oja\u010dani sklopivi elementi osiguravaju stabilan ra\u010dunalni stol. Podesive no\u017eice kompenziraju neravne podove \u2013 nema klimanja tijekom upotrebe.Minimalisti\u010dki izgled, sigurni detalji: Zahvaljuju\u0107i minimalisti\u010dkom dizajnu, sklopivi stol lako se uklapa u razli\u010dite stilove interijera. Glatka povr\u0161ina i zaobljeni rubovi smanjuju rizik od svakodnevnih udaraca i o\u0161tetaka.Brza monta\u017ea: Stol trebate sastaviti samo jednom \u2013 za 5-10 minuta uz jasne upute i ozna\u010dene dijelove; obavezno \u010dvrsto zategnite sve vijke. Nakon toga, jednostavno ga rasklopite, koristite, preklopite i spremite kako biste u\u0161tedjeli prostor.\",\"breadcrumb\":{\"@id\":\"https:\/\/inti.hr\/sr\/proizvod\/mali-sklopivi-stol-za-fleksibilan-kucni-ured\/#breadcrumb\"},\"inLanguage\":\"sr-RS\",\"potentialAction\":[{\"@type\":\"ReadAction\",\"target\":[\"https:\/\/inti.hr\/sr\/proizvod\/mali-sklopivi-stol-za-fleksibilan-kucni-ured\/\"]}]},{\"@type\":\"ImageObject\",\"inLanguage\":\"sr-RS\",\"@id\":\"https:\/\/inti.hr\/sr\/proizvod\/mali-sklopivi-stol-za-fleksibilan-kucni-ured\/#primaryimage\",\"url\":\"https:\/\/i0.wp.com\/inti.hr\/wp-content\/uploads\/2026\/02\/LWD151WF01-1.jpg?fit=1000%2C1000&ssl=1\",\"contentUrl\":\"https:\/\/i0.wp.com\/inti.hr\/wp-content\/uploads\/2026\/02\/LWD151WF01-1.jpg?fit=1000%2C1000&ssl=1\",\"width\":1000,\"height\":1000,\"caption\":\"ASAGLE Mali sklopivi stol za fleksibilan ku\u0107ni ured\"},{\"@type\":\"BreadcrumbList\",\"@id\":\"https:\/\/inti.hr\/sr\/proizvod\/mali-sklopivi-stol-za-fleksibilan-kucni-ured\/#breadcrumb\",\"itemListElement\":[{\"@type\":\"ListItem\",\"position\":1,\"name\":\"Po\u010detna stranica\",\"item\":\"https:\/\/inti.hr\/sr\/\"},{\"@type\":\"ListItem\",\"position\":2,\"name\":\"Prodavnica\",\"item\":\"https:\/\/inti.hr\/sr\/prodavnica\/\"},{\"@type\":\"ListItem\",\"position\":3,\"name\":\"Mali sklopivi stol za fleksibilan ku\u0107ni ured\"}]},{\"@type\":\"WebSite\",\"@id\":\"https:\/\/inti.hr\/sr\/#website\",\"url\":\"https:\/\/inti.hr\/sr\/\",\"name\":\"Inti\",\"description\":\"trgovina\",\"potentialAction\":[{\"@type\":\"SearchAction\",\"target\":{\"@type\":\"EntryPoint\",\"urlTemplate\":\"https:\/\/inti.hr\/sr\/?s={search_term_string}\"},\"query-input\":{\"@type\":\"PropertyValueSpecification\",\"valueRequired\":true,\"valueName\":\"search_term_string\"}}],\"inLanguage\":\"sr-RS\"}]}<\/script>\n<!-- \/ Yoast SEO plugin. -->","yoast_head_json":{"title":"Mali sklopivi stol za fleksibilan ku\u0107ni ured - Inti","description":"Sklopivo i \u0161tedi prostor: Ovaj mali stoli\u0107 mo\u017ee se nakon upotrebe sklopiti na dubinu od samo 6 cm i spremiti iza vrata, pored kreveta ili ispod sofe \u2013 idealno za male stanove.Prijenosan i svestran: S dimenzijama 80 x 40 cm, ovaj sklopivi stol nudi dovoljno prostora za rad na prijenosnom ra\u010dunalu, pisanje, crtanje ili u\u010denje. Njegova lagana konstrukcija olak\u0161ava premje\u0161tanje iz sobe u sobu, na balkon ili \u010dak kampiranje.Stabilan za svakodnevnu upotrebu: Jednodijelna plo\u010da stola izra\u0111ena od debelog iverala i oja\u010dani sklopivi elementi osiguravaju stabilan ra\u010dunalni stol. Podesive no\u017eice kompenziraju neravne podove \u2013 nema klimanja tijekom upotrebe.Minimalisti\u010dki izgled, sigurni detalji: Zahvaljuju\u0107i minimalisti\u010dkom dizajnu, sklopivi stol lako se uklapa u razli\u010dite stilove interijera. Glatka povr\u0161ina i zaobljeni rubovi smanjuju rizik od svakodnevnih udaraca i o\u0161tetaka.Brza monta\u017ea: Stol trebate sastaviti samo jednom \u2013 za 5-10 minuta uz jasne upute i ozna\u010dene dijelove; obavezno \u010dvrsto zategnite sve vijke. Nakon toga, jednostavno ga rasklopite, koristite, preklopite i spremite kako biste u\u0161tedjeli prostor.","robots":{"index":"index","follow":"follow","max-snippet":"max-snippet:-1","max-image-preview":"max-image-preview:large","max-video-preview":"max-video-preview:-1"},"canonical":"https:\/\/inti.hr\/sr\/proizvod\/mali-sklopivi-stol-za-fleksibilan-kucni-ured\/","og_locale":"sr_RS","og_type":"article","og_title":"Mali sklopivi stol za fleksibilan ku\u0107ni ured - Inti","og_description":"Sklopivo i \u0161tedi prostor: Ovaj mali stoli\u0107 mo\u017ee se nakon upotrebe sklopiti na dubinu od samo 6 cm i spremiti iza vrata, pored kreveta ili ispod sofe \u2013 idealno za male stanove.Prijenosan i svestran: S dimenzijama 80 x 40 cm, ovaj sklopivi stol nudi dovoljno prostora za rad na prijenosnom ra\u010dunalu, pisanje, crtanje ili u\u010denje. Njegova lagana konstrukcija olak\u0161ava premje\u0161tanje iz sobe u sobu, na balkon ili \u010dak kampiranje.Stabilan za svakodnevnu upotrebu: Jednodijelna plo\u010da stola izra\u0111ena od debelog iverala i oja\u010dani sklopivi elementi osiguravaju stabilan ra\u010dunalni stol. Podesive no\u017eice kompenziraju neravne podove \u2013 nema klimanja tijekom upotrebe.Minimalisti\u010dki izgled, sigurni detalji: Zahvaljuju\u0107i minimalisti\u010dkom dizajnu, sklopivi stol lako se uklapa u razli\u010dite stilove interijera. Glatka povr\u0161ina i zaobljeni rubovi smanjuju rizik od svakodnevnih udaraca i o\u0161tetaka.Brza monta\u017ea: Stol trebate sastaviti samo jednom \u2013 za 5-10 minuta uz jasne upute i ozna\u010dene dijelove; obavezno \u010dvrsto zategnite sve vijke. Nakon toga, jednostavno ga rasklopite, koristite, preklopite i spremite kako biste u\u0161tedjeli prostor.","og_url":"https:\/\/inti.hr\/sr\/proizvod\/mali-sklopivi-stol-za-fleksibilan-kucni-ured\/","og_site_name":"Inti","og_image":[{"width":1000,"height":1000,"url":"https:\/\/i0.wp.com\/inti.hr\/wp-content\/uploads\/2026\/02\/LWD151WF01-1.jpg?fit=1000%2C1000&ssl=1","type":"image\/jpeg"}],"twitter_card":"summary_large_image","schema":{"@context":"https:\/\/schema.org","@graph":[{"@type":"WebPage","@id":"https:\/\/inti.hr\/sr\/proizvod\/mali-sklopivi-stol-za-fleksibilan-kucni-ured\/","url":"https:\/\/inti.hr\/sr\/proizvod\/mali-sklopivi-stol-za-fleksibilan-kucni-ured\/","name":"Mali sklopivi stol za fleksibilan ku\u0107ni ured - Inti","isPartOf":{"@id":"https:\/\/inti.hr\/sr\/#website"},"primaryImageOfPage":{"@id":"https:\/\/inti.hr\/sr\/proizvod\/mali-sklopivi-stol-za-fleksibilan-kucni-ured\/#primaryimage"},"image":{"@id":"https:\/\/inti.hr\/sr\/proizvod\/mali-sklopivi-stol-za-fleksibilan-kucni-ured\/#primaryimage"},"thumbnailUrl":"https:\/\/i0.wp.com\/inti.hr\/wp-content\/uploads\/2026\/02\/LWD151WF01-1.jpg?fit=1000%2C1000&ssl=1","datePublished":"2026-02-11T14:44:35+00:00","dateModified":"2026-02-11T14:44:35+00:00","description":"Sklopivo i \u0161tedi prostor: Ovaj mali stoli\u0107 mo\u017ee se nakon upotrebe sklopiti na dubinu od samo 6 cm i spremiti iza vrata, pored kreveta ili ispod sofe \u2013 idealno za male stanove.Prijenosan i svestran: S dimenzijama 80 x 40 cm, ovaj sklopivi stol nudi dovoljno prostora za rad na prijenosnom ra\u010dunalu, pisanje, crtanje ili u\u010denje. Njegova lagana konstrukcija olak\u0161ava premje\u0161tanje iz sobe u sobu, na balkon ili \u010dak kampiranje.Stabilan za svakodnevnu upotrebu: Jednodijelna plo\u010da stola izra\u0111ena od debelog iverala i oja\u010dani sklopivi elementi osiguravaju stabilan ra\u010dunalni stol. Podesive no\u017eice kompenziraju neravne podove \u2013 nema klimanja tijekom upotrebe.Minimalisti\u010dki izgled, sigurni detalji: Zahvaljuju\u0107i minimalisti\u010dkom dizajnu, sklopivi stol lako se uklapa u razli\u010dite stilove interijera. Glatka povr\u0161ina i zaobljeni rubovi smanjuju rizik od svakodnevnih udaraca i o\u0161tetaka.Brza monta\u017ea: Stol trebate sastaviti samo jednom \u2013 za 5-10 minuta uz jasne upute i ozna\u010dene dijelove; obavezno \u010dvrsto zategnite sve vijke. Nakon toga, jednostavno ga rasklopite, koristite, preklopite i spremite kako biste u\u0161tedjeli prostor.","breadcrumb":{"@id":"https:\/\/inti.hr\/sr\/proizvod\/mali-sklopivi-stol-za-fleksibilan-kucni-ured\/#breadcrumb"},"inLanguage":"sr-RS","potentialAction":[{"@type":"ReadAction","target":["https:\/\/inti.hr\/sr\/proizvod\/mali-sklopivi-stol-za-fleksibilan-kucni-ured\/"]}]},{"@type":"ImageObject","inLanguage":"sr-RS","@id":"https:\/\/inti.hr\/sr\/proizvod\/mali-sklopivi-stol-za-fleksibilan-kucni-ured\/#primaryimage","url":"https:\/\/i0.wp.com\/inti.hr\/wp-content\/uploads\/2026\/02\/LWD151WF01-1.jpg?fit=1000%2C1000&ssl=1","contentUrl":"https:\/\/i0.wp.com\/inti.hr\/wp-content\/uploads\/2026\/02\/LWD151WF01-1.jpg?fit=1000%2C1000&ssl=1","width":1000,"height":1000,"caption":"ASAGLE Mali sklopivi stol za fleksibilan ku\u0107ni ured"},{"@type":"BreadcrumbList","@id":"https:\/\/inti.hr\/sr\/proizvod\/mali-sklopivi-stol-za-fleksibilan-kucni-ured\/#breadcrumb","itemListElement":[{"@type":"ListItem","position":1,"name":"Po\u010detna stranica","item":"https:\/\/inti.hr\/sr\/"},{"@type":"ListItem","position":2,"name":"Prodavnica","item":"https:\/\/inti.hr\/sr\/prodavnica\/"},{"@type":"ListItem","position":3,"name":"Mali sklopivi stol za fleksibilan ku\u0107ni ured"}]},{"@type":"WebSite","@id":"https:\/\/inti.hr\/sr\/#website","url":"https:\/\/inti.hr\/sr\/","name":"Inti","description":"trgovina","potentialAction":[{"@type":"SearchAction","target":{"@type":"EntryPoint","urlTemplate":"https:\/\/inti.hr\/sr\/?s={search_term_string}"},"query-input":{"@type":"PropertyValueSpecification","valueRequired":true,"valueName":"search_term_string"}}],"inLanguage":"sr-RS"}]}},"jetpack_sharing_enabled":true,"jetpack-related-posts":[],"_links":{"self":[{"href":"https:\/\/inti.hr\/sr\/wp-json\/wp\/v2\/product\/30749"}],"collection":[{"href":"https:\/\/inti.hr\/sr\/wp-json\/wp\/v2\/product"}],"about":[{"href":"https:\/\/inti.hr\/sr\/wp-json\/wp\/v2\/types\/product"}],"wp:featuredmedia":[{"embeddable":true,"href":"https:\/\/inti.hr\/sr\/wp-json\/wp\/v2\/media\/30750"}],"wp:attachment":[{"href":"https:\/\/inti.hr\/sr\/wp-json\/wp\/v2\/media?parent=30749"}],"wp:term":[{"taxonomy":"product_cat","embeddable":true,"href":"https:\/\/inti.hr\/sr\/wp-json\/wp\/v2\/product_cat?post=30749"},{"taxonomy":"product_tag","embeddable":true,"href":"https:\/\/inti.hr\/sr\/wp-json\/wp\/v2\/product_tag?post=30749"}],"curies":[{"name":"wp","href":"https:\/\/api.w.org\/{rel}","templated":true}]}}