{"id":30783,"date":"2026-02-10T11:44:45","date_gmt":"2026-02-10T10:44:45","guid":{"rendered":"https:\/\/inti.hr\/product\/nocni-ormaric-s-punjacem-i-rasvjetom-kontroliranom-aplikacijom\/"},"modified":"2026-02-10T11:44:45","modified_gmt":"2026-02-10T10:44:45","slug":"nocni-ormaric-s-punjacem-i-rasvjetom-kontroliranom-aplikacijom","status":"publish","type":"product","link":"https:\/\/inti.hr\/sr\/proizvod\/nocni-ormaric-s-punjacem-i-rasvjetom-kontroliranom-aplikacijom\/","title":{"rendered":"No\u0107ni ormari\u0107 s punja\u010dem i rasvjetom kontroliranom aplikacijom"},"content":{"rendered":"<ul>\n<li><b><span dir=\"auto\">Detalji o proizvodu:<\/span><\/b><\/li>\n<li><span dir=\"auto\">Boja: Tinta crna-ebanovina crna<\/span><\/li>\n<li><span dir=\"auto\">Materijal: Iverica, \u010delik, MDF (vlaknasta plo\u010da srednje gusto\u0107e)<\/span><\/li>\n<li><span dir=\"auto\">Veli\u010dina: 30 x 39,6 x 60,4 cm (D x \u0160 x V)<\/span><\/li>\n<li><span dir=\"auto\">Te\u017eina: 4,7 kg<\/span><\/li>\n<li><span dir=\"auto\">Maksimalna stati\u010dka nosivost gornje plo\u010de: 30 kg<\/span><\/li>\n<li><span dir=\"auto\">Maksimalna stati\u010dka nosivost svake ladice: 5 kg<\/span><\/li>\n<li><span dir=\"auto\">Maksimalna stati\u010dka nosivost otvorenog odjeljka: 30 kg<\/span><\/li>\n<\/ul>\n","protected":false},"excerpt":{"rendered":"<ul class=\"left\">\n<li><span dir=\"auto\">Kombinacija koja inspirira: No\u0107ni ormari\u0107 iz kolekcije BELLAH &#8230;<br \/>\n","protected":false},"featured_media":30785,"template":"","meta":[],"product_cat":[2416],"product_tag":[2676,2677],"yoast_head":"<!-- This site is optimized with the Yoast SEO plugin v23.7 - https:\/\/yoast.com\/wordpress\/plugins\/seo\/ -->\n<title>No\u0107ni ormari\u0107 s punja\u010dem i rasvjetom kontroliranom aplikacijom - Inti<\/title>\n<meta name=\"description\" content=\"Kombinacija koja inspirira: No\u0107ni ormari\u0107 iz kolekcije BELLAH spaja \u010delik, drveni kompozit i tekstil \u2013 savr\u0161enu mje\u0161avinu \u010dvrsto\u0107e, meko\u0107e i prostora za pohranu za \u017eivotni prostor pun blagostanja.Prakti\u010dna stanica za punjenje: Bo\u010dni stoli\u0107 ima dvije uti\u010dnice, dva USB-A priklju\u010dka i jedan USB-C priklju\u010dak. To osigurava da su svi va\u0161i ure\u0111aji uvijek pri ruci i spremni za kori\u0161tenje \u2013 za maksimalnu prakti\u010dnost u ve\u010dernjim satima.LED svjetlo kojim se upravlja putem aplikacije: Jednostavno prilagodite boju i svjetlinu putem aplikacije, sinkronizirajte svjetlo s glazbom ili mikrofonom i automatizirajte vrijeme uklju\u010divanja\/isklju\u010divanja.Prostran i svestran: Jedan otvoreni pretinac i dvije ladice nude mjesta za sve \u0161to \u017eelite imati pri ruci no\u0107u. Zahvaljuju\u0107i kompaktnom dizajnu, ovaj mali stoli\u0107 uklapa se u mnoge dnevne prostore - bilo kao ormari\u0107 za spise ili stoli\u0107 za kavu.Stabilan i siguran: Izra\u0111en od \u010delika i in\u017eenjerskog drva, svaka polica no\u0107nog ormari\u0107a mo\u017ee podnijeti do 30 kg, a svaka ladica do 5 kg. Prilo\u017eeni ure\u0111aj protiv prevrtanja pru\u017ea dodatnu sigurnost.\" \/>\n<meta name=\"robots\" content=\"index, follow, max-snippet:-1, max-image-preview:large, max-video-preview:-1\" \/>\n<link rel=\"canonical\" href=\"https:\/\/inti.hr\/sr\/proizvod\/nocni-ormaric-s-punjacem-i-rasvjetom-kontroliranom-aplikacijom\/\" \/>\n<meta property=\"og:locale\" content=\"sr_RS\" \/>\n<meta property=\"og:type\" content=\"article\" \/>\n<meta property=\"og:title\" content=\"No\u0107ni ormari\u0107 s punja\u010dem i rasvjetom kontroliranom aplikacijom - Inti\" \/>\n<meta property=\"og:description\" content=\"Kombinacija koja inspirira: No\u0107ni ormari\u0107 iz kolekcije BELLAH spaja \u010delik, drveni kompozit i tekstil \u2013 savr\u0161enu mje\u0161avinu \u010dvrsto\u0107e, meko\u0107e i prostora za pohranu za \u017eivotni prostor pun blagostanja.Prakti\u010dna stanica za punjenje: Bo\u010dni stoli\u0107 ima dvije uti\u010dnice, dva USB-A priklju\u010dka i jedan USB-C priklju\u010dak. To osigurava da su svi va\u0161i ure\u0111aji uvijek pri ruci i spremni za kori\u0161tenje \u2013 za maksimalnu prakti\u010dnost u ve\u010dernjim satima.LED svjetlo kojim se upravlja putem aplikacije: Jednostavno prilagodite boju i svjetlinu putem aplikacije, sinkronizirajte svjetlo s glazbom ili mikrofonom i automatizirajte vrijeme uklju\u010divanja\/isklju\u010divanja.Prostran i svestran: Jedan otvoreni pretinac i dvije ladice nude mjesta za sve \u0161to \u017eelite imati pri ruci no\u0107u. Zahvaljuju\u0107i kompaktnom dizajnu, ovaj mali stoli\u0107 uklapa se u mnoge dnevne prostore - bilo kao ormari\u0107 za spise ili stoli\u0107 za kavu.Stabilan i siguran: Izra\u0111en od \u010delika i in\u017eenjerskog drva, svaka polica no\u0107nog ormari\u0107a mo\u017ee podnijeti do 30 kg, a svaka ladica do 5 kg. Prilo\u017eeni ure\u0111aj protiv prevrtanja pru\u017ea dodatnu sigurnost.\" \/>\n<meta property=\"og:url\" content=\"https:\/\/inti.hr\/sr\/proizvod\/nocni-ormaric-s-punjacem-i-rasvjetom-kontroliranom-aplikacijom\/\" \/>\n<meta property=\"og:site_name\" content=\"Inti\" \/>\n<meta property=\"og:image\" content=\"https:\/\/i0.wp.com\/inti.hr\/wp-content\/uploads\/2026\/02\/LGS302WH03-1.jpg?fit=1000%2C1000&ssl=1\" \/>\n\t<meta property=\"og:image:width\" content=\"1000\" \/>\n\t<meta property=\"og:image:height\" content=\"1000\" \/>\n\t<meta property=\"og:image:type\" content=\"image\/jpeg\" \/>\n<meta name=\"twitter:card\" content=\"summary_large_image\" \/>\n<script type=\"application\/ld+json\" class=\"yoast-schema-graph\">{\"@context\":\"https:\/\/schema.org\",\"@graph\":[{\"@type\":\"WebPage\",\"@id\":\"https:\/\/inti.hr\/sr\/proizvod\/nocni-ormaric-s-punjacem-i-rasvjetom-kontroliranom-aplikacijom\/\",\"url\":\"https:\/\/inti.hr\/sr\/proizvod\/nocni-ormaric-s-punjacem-i-rasvjetom-kontroliranom-aplikacijom\/\",\"name\":\"No\u0107ni ormari\u0107 s punja\u010dem i rasvjetom kontroliranom aplikacijom - Inti\",\"isPartOf\":{\"@id\":\"https:\/\/inti.hr\/sr\/#website\"},\"primaryImageOfPage\":{\"@id\":\"https:\/\/inti.hr\/sr\/proizvod\/nocni-ormaric-s-punjacem-i-rasvjetom-kontroliranom-aplikacijom\/#primaryimage\"},\"image\":{\"@id\":\"https:\/\/inti.hr\/sr\/proizvod\/nocni-ormaric-s-punjacem-i-rasvjetom-kontroliranom-aplikacijom\/#primaryimage\"},\"thumbnailUrl\":\"https:\/\/i0.wp.com\/inti.hr\/wp-content\/uploads\/2026\/02\/LGS302WH03-1.jpg?fit=1000%2C1000&ssl=1\",\"datePublished\":\"2026-02-10T10:44:45+00:00\",\"dateModified\":\"2026-02-10T10:44:45+00:00\",\"description\":\"Kombinacija koja inspirira: No\u0107ni ormari\u0107 iz kolekcije BELLAH spaja \u010delik, drveni kompozit i tekstil \u2013 savr\u0161enu mje\u0161avinu \u010dvrsto\u0107e, meko\u0107e i prostora za pohranu za \u017eivotni prostor pun blagostanja.Prakti\u010dna stanica za punjenje: Bo\u010dni stoli\u0107 ima dvije uti\u010dnice, dva USB-A priklju\u010dka i jedan USB-C priklju\u010dak. To osigurava da su svi va\u0161i ure\u0111aji uvijek pri ruci i spremni za kori\u0161tenje \u2013 za maksimalnu prakti\u010dnost u ve\u010dernjim satima.LED svjetlo kojim se upravlja putem aplikacije: Jednostavno prilagodite boju i svjetlinu putem aplikacije, sinkronizirajte svjetlo s glazbom ili mikrofonom i automatizirajte vrijeme uklju\u010divanja\/isklju\u010divanja.Prostran i svestran: Jedan otvoreni pretinac i dvije ladice nude mjesta za sve \u0161to \u017eelite imati pri ruci no\u0107u. Zahvaljuju\u0107i kompaktnom dizajnu, ovaj mali stoli\u0107 uklapa se u mnoge dnevne prostore - bilo kao ormari\u0107 za spise ili stoli\u0107 za kavu.Stabilan i siguran: Izra\u0111en od \u010delika i in\u017eenjerskog drva, svaka polica no\u0107nog ormari\u0107a mo\u017ee podnijeti do 30 kg, a svaka ladica do 5 kg. Prilo\u017eeni ure\u0111aj protiv prevrtanja pru\u017ea dodatnu sigurnost.\",\"breadcrumb\":{\"@id\":\"https:\/\/inti.hr\/sr\/proizvod\/nocni-ormaric-s-punjacem-i-rasvjetom-kontroliranom-aplikacijom\/#breadcrumb\"},\"inLanguage\":\"sr-RS\",\"potentialAction\":[{\"@type\":\"ReadAction\",\"target\":[\"https:\/\/inti.hr\/sr\/proizvod\/nocni-ormaric-s-punjacem-i-rasvjetom-kontroliranom-aplikacijom\/\"]}]},{\"@type\":\"ImageObject\",\"inLanguage\":\"sr-RS\",\"@id\":\"https:\/\/inti.hr\/sr\/proizvod\/nocni-ormaric-s-punjacem-i-rasvjetom-kontroliranom-aplikacijom\/#primaryimage\",\"url\":\"https:\/\/i0.wp.com\/inti.hr\/wp-content\/uploads\/2026\/02\/LGS302WH03-1.jpg?fit=1000%2C1000&ssl=1\",\"contentUrl\":\"https:\/\/i0.wp.com\/inti.hr\/wp-content\/uploads\/2026\/02\/LGS302WH03-1.jpg?fit=1000%2C1000&ssl=1\",\"width\":1000,\"height\":1000,\"caption\":\"No\u0107ni ormari\u0107 s punja\u010dem i rasvjetom kontroliranom aplikacijom, 1 otvoreni pretinac\"},{\"@type\":\"BreadcrumbList\",\"@id\":\"https:\/\/inti.hr\/sr\/proizvod\/nocni-ormaric-s-punjacem-i-rasvjetom-kontroliranom-aplikacijom\/#breadcrumb\",\"itemListElement\":[{\"@type\":\"ListItem\",\"position\":1,\"name\":\"Po\u010detna stranica\",\"item\":\"https:\/\/inti.hr\/sr\/\"},{\"@type\":\"ListItem\",\"position\":2,\"name\":\"Prodavnica\",\"item\":\"https:\/\/inti.hr\/sr\/prodavnica\/\"},{\"@type\":\"ListItem\",\"position\":3,\"name\":\"No\u0107ni ormari\u0107 s punja\u010dem i rasvjetom kontroliranom aplikacijom\"}]},{\"@type\":\"WebSite\",\"@id\":\"https:\/\/inti.hr\/sr\/#website\",\"url\":\"https:\/\/inti.hr\/sr\/\",\"name\":\"Inti\",\"description\":\"trgovina\",\"potentialAction\":[{\"@type\":\"SearchAction\",\"target\":{\"@type\":\"EntryPoint\",\"urlTemplate\":\"https:\/\/inti.hr\/sr\/?s={search_term_string}\"},\"query-input\":{\"@type\":\"PropertyValueSpecification\",\"valueRequired\":true,\"valueName\":\"search_term_string\"}}],\"inLanguage\":\"sr-RS\"}]}<\/script>\n<!-- \/ Yoast SEO plugin. -->","yoast_head_json":{"title":"No\u0107ni ormari\u0107 s punja\u010dem i rasvjetom kontroliranom aplikacijom - Inti","description":"Kombinacija koja inspirira: No\u0107ni ormari\u0107 iz kolekcije BELLAH spaja \u010delik, drveni kompozit i tekstil \u2013 savr\u0161enu mje\u0161avinu \u010dvrsto\u0107e, meko\u0107e i prostora za pohranu za \u017eivotni prostor pun blagostanja.Prakti\u010dna stanica za punjenje: Bo\u010dni stoli\u0107 ima dvije uti\u010dnice, dva USB-A priklju\u010dka i jedan USB-C priklju\u010dak. To osigurava da su svi va\u0161i ure\u0111aji uvijek pri ruci i spremni za kori\u0161tenje \u2013 za maksimalnu prakti\u010dnost u ve\u010dernjim satima.LED svjetlo kojim se upravlja putem aplikacije: Jednostavno prilagodite boju i svjetlinu putem aplikacije, sinkronizirajte svjetlo s glazbom ili mikrofonom i automatizirajte vrijeme uklju\u010divanja\/isklju\u010divanja.Prostran i svestran: Jedan otvoreni pretinac i dvije ladice nude mjesta za sve \u0161to \u017eelite imati pri ruci no\u0107u. Zahvaljuju\u0107i kompaktnom dizajnu, ovaj mali stoli\u0107 uklapa se u mnoge dnevne prostore - bilo kao ormari\u0107 za spise ili stoli\u0107 za kavu.Stabilan i siguran: Izra\u0111en od \u010delika i in\u017eenjerskog drva, svaka polica no\u0107nog ormari\u0107a mo\u017ee podnijeti do 30 kg, a svaka ladica do 5 kg. Prilo\u017eeni ure\u0111aj protiv prevrtanja pru\u017ea dodatnu sigurnost.","robots":{"index":"index","follow":"follow","max-snippet":"max-snippet:-1","max-image-preview":"max-image-preview:large","max-video-preview":"max-video-preview:-1"},"canonical":"https:\/\/inti.hr\/sr\/proizvod\/nocni-ormaric-s-punjacem-i-rasvjetom-kontroliranom-aplikacijom\/","og_locale":"sr_RS","og_type":"article","og_title":"No\u0107ni ormari\u0107 s punja\u010dem i rasvjetom kontroliranom aplikacijom - Inti","og_description":"Kombinacija koja inspirira: No\u0107ni ormari\u0107 iz kolekcije BELLAH spaja \u010delik, drveni kompozit i tekstil \u2013 savr\u0161enu mje\u0161avinu \u010dvrsto\u0107e, meko\u0107e i prostora za pohranu za \u017eivotni prostor pun blagostanja.Prakti\u010dna stanica za punjenje: Bo\u010dni stoli\u0107 ima dvije uti\u010dnice, dva USB-A priklju\u010dka i jedan USB-C priklju\u010dak. To osigurava da su svi va\u0161i ure\u0111aji uvijek pri ruci i spremni za kori\u0161tenje \u2013 za maksimalnu prakti\u010dnost u ve\u010dernjim satima.LED svjetlo kojim se upravlja putem aplikacije: Jednostavno prilagodite boju i svjetlinu putem aplikacije, sinkronizirajte svjetlo s glazbom ili mikrofonom i automatizirajte vrijeme uklju\u010divanja\/isklju\u010divanja.Prostran i svestran: Jedan otvoreni pretinac i dvije ladice nude mjesta za sve \u0161to \u017eelite imati pri ruci no\u0107u. Zahvaljuju\u0107i kompaktnom dizajnu, ovaj mali stoli\u0107 uklapa se u mnoge dnevne prostore - bilo kao ormari\u0107 za spise ili stoli\u0107 za kavu.Stabilan i siguran: Izra\u0111en od \u010delika i in\u017eenjerskog drva, svaka polica no\u0107nog ormari\u0107a mo\u017ee podnijeti do 30 kg, a svaka ladica do 5 kg. Prilo\u017eeni ure\u0111aj protiv prevrtanja pru\u017ea dodatnu sigurnost.","og_url":"https:\/\/inti.hr\/sr\/proizvod\/nocni-ormaric-s-punjacem-i-rasvjetom-kontroliranom-aplikacijom\/","og_site_name":"Inti","og_image":[{"width":1000,"height":1000,"url":"https:\/\/i0.wp.com\/inti.hr\/wp-content\/uploads\/2026\/02\/LGS302WH03-1.jpg?fit=1000%2C1000&ssl=1","type":"image\/jpeg"}],"twitter_card":"summary_large_image","schema":{"@context":"https:\/\/schema.org","@graph":[{"@type":"WebPage","@id":"https:\/\/inti.hr\/sr\/proizvod\/nocni-ormaric-s-punjacem-i-rasvjetom-kontroliranom-aplikacijom\/","url":"https:\/\/inti.hr\/sr\/proizvod\/nocni-ormaric-s-punjacem-i-rasvjetom-kontroliranom-aplikacijom\/","name":"No\u0107ni ormari\u0107 s punja\u010dem i rasvjetom kontroliranom aplikacijom - Inti","isPartOf":{"@id":"https:\/\/inti.hr\/sr\/#website"},"primaryImageOfPage":{"@id":"https:\/\/inti.hr\/sr\/proizvod\/nocni-ormaric-s-punjacem-i-rasvjetom-kontroliranom-aplikacijom\/#primaryimage"},"image":{"@id":"https:\/\/inti.hr\/sr\/proizvod\/nocni-ormaric-s-punjacem-i-rasvjetom-kontroliranom-aplikacijom\/#primaryimage"},"thumbnailUrl":"https:\/\/i0.wp.com\/inti.hr\/wp-content\/uploads\/2026\/02\/LGS302WH03-1.jpg?fit=1000%2C1000&ssl=1","datePublished":"2026-02-10T10:44:45+00:00","dateModified":"2026-02-10T10:44:45+00:00","description":"Kombinacija koja inspirira: No\u0107ni ormari\u0107 iz kolekcije BELLAH spaja \u010delik, drveni kompozit i tekstil \u2013 savr\u0161enu mje\u0161avinu \u010dvrsto\u0107e, meko\u0107e i prostora za pohranu za \u017eivotni prostor pun blagostanja.Prakti\u010dna stanica za punjenje: Bo\u010dni stoli\u0107 ima dvije uti\u010dnice, dva USB-A priklju\u010dka i jedan USB-C priklju\u010dak. To osigurava da su svi va\u0161i ure\u0111aji uvijek pri ruci i spremni za kori\u0161tenje \u2013 za maksimalnu prakti\u010dnost u ve\u010dernjim satima.LED svjetlo kojim se upravlja putem aplikacije: Jednostavno prilagodite boju i svjetlinu putem aplikacije, sinkronizirajte svjetlo s glazbom ili mikrofonom i automatizirajte vrijeme uklju\u010divanja\/isklju\u010divanja.Prostran i svestran: Jedan otvoreni pretinac i dvije ladice nude mjesta za sve \u0161to \u017eelite imati pri ruci no\u0107u. Zahvaljuju\u0107i kompaktnom dizajnu, ovaj mali stoli\u0107 uklapa se u mnoge dnevne prostore - bilo kao ormari\u0107 za spise ili stoli\u0107 za kavu.Stabilan i siguran: Izra\u0111en od \u010delika i in\u017eenjerskog drva, svaka polica no\u0107nog ormari\u0107a mo\u017ee podnijeti do 30 kg, a svaka ladica do 5 kg. Prilo\u017eeni ure\u0111aj protiv prevrtanja pru\u017ea dodatnu sigurnost.","breadcrumb":{"@id":"https:\/\/inti.hr\/sr\/proizvod\/nocni-ormaric-s-punjacem-i-rasvjetom-kontroliranom-aplikacijom\/#breadcrumb"},"inLanguage":"sr-RS","potentialAction":[{"@type":"ReadAction","target":["https:\/\/inti.hr\/sr\/proizvod\/nocni-ormaric-s-punjacem-i-rasvjetom-kontroliranom-aplikacijom\/"]}]},{"@type":"ImageObject","inLanguage":"sr-RS","@id":"https:\/\/inti.hr\/sr\/proizvod\/nocni-ormaric-s-punjacem-i-rasvjetom-kontroliranom-aplikacijom\/#primaryimage","url":"https:\/\/i0.wp.com\/inti.hr\/wp-content\/uploads\/2026\/02\/LGS302WH03-1.jpg?fit=1000%2C1000&ssl=1","contentUrl":"https:\/\/i0.wp.com\/inti.hr\/wp-content\/uploads\/2026\/02\/LGS302WH03-1.jpg?fit=1000%2C1000&ssl=1","width":1000,"height":1000,"caption":"No\u0107ni ormari\u0107 s punja\u010dem i rasvjetom kontroliranom aplikacijom, 1 otvoreni pretinac"},{"@type":"BreadcrumbList","@id":"https:\/\/inti.hr\/sr\/proizvod\/nocni-ormaric-s-punjacem-i-rasvjetom-kontroliranom-aplikacijom\/#breadcrumb","itemListElement":[{"@type":"ListItem","position":1,"name":"Po\u010detna stranica","item":"https:\/\/inti.hr\/sr\/"},{"@type":"ListItem","position":2,"name":"Prodavnica","item":"https:\/\/inti.hr\/sr\/prodavnica\/"},{"@type":"ListItem","position":3,"name":"No\u0107ni ormari\u0107 s punja\u010dem i rasvjetom kontroliranom aplikacijom"}]},{"@type":"WebSite","@id":"https:\/\/inti.hr\/sr\/#website","url":"https:\/\/inti.hr\/sr\/","name":"Inti","description":"trgovina","potentialAction":[{"@type":"SearchAction","target":{"@type":"EntryPoint","urlTemplate":"https:\/\/inti.hr\/sr\/?s={search_term_string}"},"query-input":{"@type":"PropertyValueSpecification","valueRequired":true,"valueName":"search_term_string"}}],"inLanguage":"sr-RS"}]}},"jetpack_sharing_enabled":true,"jetpack-related-posts":[],"_links":{"self":[{"href":"https:\/\/inti.hr\/sr\/wp-json\/wp\/v2\/product\/30783"}],"collection":[{"href":"https:\/\/inti.hr\/sr\/wp-json\/wp\/v2\/product"}],"about":[{"href":"https:\/\/inti.hr\/sr\/wp-json\/wp\/v2\/types\/product"}],"wp:featuredmedia":[{"embeddable":true,"href":"https:\/\/inti.hr\/sr\/wp-json\/wp\/v2\/media\/30785"}],"wp:attachment":[{"href":"https:\/\/inti.hr\/sr\/wp-json\/wp\/v2\/media?parent=30783"}],"wp:term":[{"taxonomy":"product_cat","embeddable":true,"href":"https:\/\/inti.hr\/sr\/wp-json\/wp\/v2\/product_cat?post=30783"},{"taxonomy":"product_tag","embeddable":true,"href":"https:\/\/inti.hr\/sr\/wp-json\/wp\/v2\/product_tag?post=30783"}],"curies":[{"name":"wp","href":"https:\/\/api.w.org\/{rel}","templated":true}]}}