{"id":30845,"date":"2026-02-04T08:43:51","date_gmt":"2026-02-04T07:43:51","guid":{"rendered":"https:\/\/inti.hr\/product\/ormaric-za-cipele-s-3-vrata-oblak-bijela\/"},"modified":"2026-02-04T08:43:51","modified_gmt":"2026-02-04T07:43:51","slug":"ormaric-za-cipele-s-3-vrata-oblak-bijela","status":"publish","type":"product","link":"https:\/\/inti.hr\/sr\/proizvod\/ormaric-za-cipele-s-3-vrata-oblak-bijela\/","title":{"rendered":"Ormari\u0107 za cipele s 3 vrata, oblak bijela"},"content":{"rendered":"<p>Detalji o proizvodu:<br \/>\nBoja: Obla\u010dno bijela<br \/>\nMaterijal: MDF (vlaknasta plo\u010da srednje gusto\u0107e), iverica, \u010delik, bukovo drvo<br \/>\nVeli\u010dina: 24 x 80 x 123 cm (D x \u0160 x V)<br \/>\nTe\u017eina: 27,6 kg<br \/>\nMaksimalna stati\u010dka nosivost gornje plo\u010de: 30 kg<br \/>\nMaksimalna stati\u010dka nosivost svakog sklopivog odjeljka: 12 kg<\/p>\n","protected":false},"excerpt":{"rendered":"<ul class=\"left\">\n<li><span dir=\"auto\">Moderni \u0161arm sredine stolje\u0107a: Vrata s valovitim uzorkom, &#8230;<br \/>\n","protected":false},"featured_media":30846,"template":"","meta":[],"product_cat":[2635],"product_tag":[2719,2720,2721],"yoast_head":"<!-- This site is optimized with the Yoast SEO plugin v23.7 - https:\/\/yoast.com\/wordpress\/plugins\/seo\/ -->\n<title>Ormari\u0107 za cipele s 3 vrata, oblak bijela - Inti<\/title>\n<meta name=\"description\" content=\"Moderni \u0161arm sredine stolje\u0107a: Vrata s valovitim uzorkom, jednostavne ru\u010dke, jedinstvene noge \u2013 kombinirajte ovaj ormari\u0107 za cipele iz kolekcije MAXE s odgovaraju\u0107im toaletnim stoli\u0107ima, ormarima i komodama. Za dom pun sklada i dizajnerskog stila!\u0160tedi prostor, a opet je prostran: Ovaj ormari\u0107 za cipele (24 x 80 x 123 cm) ima tri preklopna odjeljka, svaki s dvije razine prostora za pohranu i fleksibilnom pregradom, idealno za 18-24 pari cipela. \u0160iroka gornja polica savr\u0161ena je za klju\u010deve i ukrasne predmete.Stabilan i siguran: Zahvaljuju\u0107i vrhunskim materijalima, oja\u010danom okviru i protukliznim no\u017eicama, ormar \u010dvrsto stoji na svom mjestu. Prilo\u017eeni komplet protiv prevrtanja omogu\u0107uje vam sigurno pri\u010dvr\u0161\u0107ivanje na zid.Jednostavno kori\u0161tenje: Razmak od 12 cm na dnu omogu\u0107uje jednostavan prolaz robotskim usisava\u010dima. Otvori na stra\u017enjoj strani osiguravaju optimalnu cirkulaciju zraka i sprje\u010davaju neugodne mirise u stalku za cipele.Brza monta\u017ea: Zahvaljuju\u0107i ozna\u010denim dijelovima i detaljnim uputama, ormari\u0107 za hodnik mo\u017ee se brzo sastaviti.\" \/>\n<meta name=\"robots\" content=\"index, follow, max-snippet:-1, max-image-preview:large, max-video-preview:-1\" \/>\n<link rel=\"canonical\" href=\"https:\/\/inti.hr\/sr\/proizvod\/ormaric-za-cipele-s-3-vrata-oblak-bijela\/\" \/>\n<meta property=\"og:locale\" content=\"sr_RS\" \/>\n<meta property=\"og:type\" content=\"article\" \/>\n<meta property=\"og:title\" content=\"Ormari\u0107 za cipele s 3 vrata, oblak bijela - Inti\" \/>\n<meta property=\"og:description\" content=\"Moderni \u0161arm sredine stolje\u0107a: Vrata s valovitim uzorkom, jednostavne ru\u010dke, jedinstvene noge \u2013 kombinirajte ovaj ormari\u0107 za cipele iz kolekcije MAXE s odgovaraju\u0107im toaletnim stoli\u0107ima, ormarima i komodama. Za dom pun sklada i dizajnerskog stila!\u0160tedi prostor, a opet je prostran: Ovaj ormari\u0107 za cipele (24 x 80 x 123 cm) ima tri preklopna odjeljka, svaki s dvije razine prostora za pohranu i fleksibilnom pregradom, idealno za 18-24 pari cipela. \u0160iroka gornja polica savr\u0161ena je za klju\u010deve i ukrasne predmete.Stabilan i siguran: Zahvaljuju\u0107i vrhunskim materijalima, oja\u010danom okviru i protukliznim no\u017eicama, ormar \u010dvrsto stoji na svom mjestu. Prilo\u017eeni komplet protiv prevrtanja omogu\u0107uje vam sigurno pri\u010dvr\u0161\u0107ivanje na zid.Jednostavno kori\u0161tenje: Razmak od 12 cm na dnu omogu\u0107uje jednostavan prolaz robotskim usisava\u010dima. Otvori na stra\u017enjoj strani osiguravaju optimalnu cirkulaciju zraka i sprje\u010davaju neugodne mirise u stalku za cipele.Brza monta\u017ea: Zahvaljuju\u0107i ozna\u010denim dijelovima i detaljnim uputama, ormari\u0107 za hodnik mo\u017ee se brzo sastaviti.\" \/>\n<meta property=\"og:url\" content=\"https:\/\/inti.hr\/sr\/proizvod\/ormaric-za-cipele-s-3-vrata-oblak-bijela\/\" \/>\n<meta property=\"og:site_name\" content=\"Inti\" \/>\n<meta property=\"og:image\" content=\"https:\/\/i0.wp.com\/inti.hr\/wp-content\/uploads\/2026\/02\/HSC302WB02-1.jpg?fit=1000%2C1000&ssl=1\" \/>\n\t<meta property=\"og:image:width\" content=\"1000\" \/>\n\t<meta property=\"og:image:height\" content=\"1000\" \/>\n\t<meta property=\"og:image:type\" content=\"image\/jpeg\" \/>\n<meta name=\"twitter:card\" content=\"summary_large_image\" \/>\n<script type=\"application\/ld+json\" class=\"yoast-schema-graph\">{\"@context\":\"https:\/\/schema.org\",\"@graph\":[{\"@type\":\"WebPage\",\"@id\":\"https:\/\/inti.hr\/sr\/proizvod\/ormaric-za-cipele-s-3-vrata-oblak-bijela\/\",\"url\":\"https:\/\/inti.hr\/sr\/proizvod\/ormaric-za-cipele-s-3-vrata-oblak-bijela\/\",\"name\":\"Ormari\u0107 za cipele s 3 vrata, oblak bijela - Inti\",\"isPartOf\":{\"@id\":\"https:\/\/inti.hr\/sr\/#website\"},\"primaryImageOfPage\":{\"@id\":\"https:\/\/inti.hr\/sr\/proizvod\/ormaric-za-cipele-s-3-vrata-oblak-bijela\/#primaryimage\"},\"image\":{\"@id\":\"https:\/\/inti.hr\/sr\/proizvod\/ormaric-za-cipele-s-3-vrata-oblak-bijela\/#primaryimage\"},\"thumbnailUrl\":\"https:\/\/i0.wp.com\/inti.hr\/wp-content\/uploads\/2026\/02\/HSC302WB02-1.jpg?fit=1000%2C1000&ssl=1\",\"datePublished\":\"2026-02-04T07:43:51+00:00\",\"dateModified\":\"2026-02-04T07:43:51+00:00\",\"description\":\"Moderni \u0161arm sredine stolje\u0107a: Vrata s valovitim uzorkom, jednostavne ru\u010dke, jedinstvene noge \u2013 kombinirajte ovaj ormari\u0107 za cipele iz kolekcije MAXE s odgovaraju\u0107im toaletnim stoli\u0107ima, ormarima i komodama. Za dom pun sklada i dizajnerskog stila!\u0160tedi prostor, a opet je prostran: Ovaj ormari\u0107 za cipele (24 x 80 x 123 cm) ima tri preklopna odjeljka, svaki s dvije razine prostora za pohranu i fleksibilnom pregradom, idealno za 18-24 pari cipela. \u0160iroka gornja polica savr\u0161ena je za klju\u010deve i ukrasne predmete.Stabilan i siguran: Zahvaljuju\u0107i vrhunskim materijalima, oja\u010danom okviru i protukliznim no\u017eicama, ormar \u010dvrsto stoji na svom mjestu. Prilo\u017eeni komplet protiv prevrtanja omogu\u0107uje vam sigurno pri\u010dvr\u0161\u0107ivanje na zid.Jednostavno kori\u0161tenje: Razmak od 12 cm na dnu omogu\u0107uje jednostavan prolaz robotskim usisava\u010dima. Otvori na stra\u017enjoj strani osiguravaju optimalnu cirkulaciju zraka i sprje\u010davaju neugodne mirise u stalku za cipele.Brza monta\u017ea: Zahvaljuju\u0107i ozna\u010denim dijelovima i detaljnim uputama, ormari\u0107 za hodnik mo\u017ee se brzo sastaviti.\",\"breadcrumb\":{\"@id\":\"https:\/\/inti.hr\/sr\/proizvod\/ormaric-za-cipele-s-3-vrata-oblak-bijela\/#breadcrumb\"},\"inLanguage\":\"sr-RS\",\"potentialAction\":[{\"@type\":\"ReadAction\",\"target\":[\"https:\/\/inti.hr\/sr\/proizvod\/ormaric-za-cipele-s-3-vrata-oblak-bijela\/\"]}]},{\"@type\":\"ImageObject\",\"inLanguage\":\"sr-RS\",\"@id\":\"https:\/\/inti.hr\/sr\/proizvod\/ormaric-za-cipele-s-3-vrata-oblak-bijela\/#primaryimage\",\"url\":\"https:\/\/i0.wp.com\/inti.hr\/wp-content\/uploads\/2026\/02\/HSC302WB02-1.jpg?fit=1000%2C1000&ssl=1\",\"contentUrl\":\"https:\/\/i0.wp.com\/inti.hr\/wp-content\/uploads\/2026\/02\/HSC302WB02-1.jpg?fit=1000%2C1000&ssl=1\",\"width\":1000,\"height\":1000,\"caption\":\"VASAGLE MAXE Kolekcija - Ormari\u0107 za cipele s 3 vrata, oblak bijela\"},{\"@type\":\"BreadcrumbList\",\"@id\":\"https:\/\/inti.hr\/sr\/proizvod\/ormaric-za-cipele-s-3-vrata-oblak-bijela\/#breadcrumb\",\"itemListElement\":[{\"@type\":\"ListItem\",\"position\":1,\"name\":\"Po\u010detna stranica\",\"item\":\"https:\/\/inti.hr\/sr\/\"},{\"@type\":\"ListItem\",\"position\":2,\"name\":\"Prodavnica\",\"item\":\"https:\/\/inti.hr\/sr\/prodavnica\/\"},{\"@type\":\"ListItem\",\"position\":3,\"name\":\"Ormari\u0107 za cipele s 3 vrata, oblak bijela\"}]},{\"@type\":\"WebSite\",\"@id\":\"https:\/\/inti.hr\/sr\/#website\",\"url\":\"https:\/\/inti.hr\/sr\/\",\"name\":\"Inti\",\"description\":\"trgovina\",\"potentialAction\":[{\"@type\":\"SearchAction\",\"target\":{\"@type\":\"EntryPoint\",\"urlTemplate\":\"https:\/\/inti.hr\/sr\/?s={search_term_string}\"},\"query-input\":{\"@type\":\"PropertyValueSpecification\",\"valueRequired\":true,\"valueName\":\"search_term_string\"}}],\"inLanguage\":\"sr-RS\"}]}<\/script>\n<!-- \/ Yoast SEO plugin. -->","yoast_head_json":{"title":"Ormari\u0107 za cipele s 3 vrata, oblak bijela - Inti","description":"Moderni \u0161arm sredine stolje\u0107a: Vrata s valovitim uzorkom, jednostavne ru\u010dke, jedinstvene noge \u2013 kombinirajte ovaj ormari\u0107 za cipele iz kolekcije MAXE s odgovaraju\u0107im toaletnim stoli\u0107ima, ormarima i komodama. Za dom pun sklada i dizajnerskog stila!\u0160tedi prostor, a opet je prostran: Ovaj ormari\u0107 za cipele (24 x 80 x 123 cm) ima tri preklopna odjeljka, svaki s dvije razine prostora za pohranu i fleksibilnom pregradom, idealno za 18-24 pari cipela. \u0160iroka gornja polica savr\u0161ena je za klju\u010deve i ukrasne predmete.Stabilan i siguran: Zahvaljuju\u0107i vrhunskim materijalima, oja\u010danom okviru i protukliznim no\u017eicama, ormar \u010dvrsto stoji na svom mjestu. Prilo\u017eeni komplet protiv prevrtanja omogu\u0107uje vam sigurno pri\u010dvr\u0161\u0107ivanje na zid.Jednostavno kori\u0161tenje: Razmak od 12 cm na dnu omogu\u0107uje jednostavan prolaz robotskim usisava\u010dima. Otvori na stra\u017enjoj strani osiguravaju optimalnu cirkulaciju zraka i sprje\u010davaju neugodne mirise u stalku za cipele.Brza monta\u017ea: Zahvaljuju\u0107i ozna\u010denim dijelovima i detaljnim uputama, ormari\u0107 za hodnik mo\u017ee se brzo sastaviti.","robots":{"index":"index","follow":"follow","max-snippet":"max-snippet:-1","max-image-preview":"max-image-preview:large","max-video-preview":"max-video-preview:-1"},"canonical":"https:\/\/inti.hr\/sr\/proizvod\/ormaric-za-cipele-s-3-vrata-oblak-bijela\/","og_locale":"sr_RS","og_type":"article","og_title":"Ormari\u0107 za cipele s 3 vrata, oblak bijela - Inti","og_description":"Moderni \u0161arm sredine stolje\u0107a: Vrata s valovitim uzorkom, jednostavne ru\u010dke, jedinstvene noge \u2013 kombinirajte ovaj ormari\u0107 za cipele iz kolekcije MAXE s odgovaraju\u0107im toaletnim stoli\u0107ima, ormarima i komodama. Za dom pun sklada i dizajnerskog stila!\u0160tedi prostor, a opet je prostran: Ovaj ormari\u0107 za cipele (24 x 80 x 123 cm) ima tri preklopna odjeljka, svaki s dvije razine prostora za pohranu i fleksibilnom pregradom, idealno za 18-24 pari cipela. \u0160iroka gornja polica savr\u0161ena je za klju\u010deve i ukrasne predmete.Stabilan i siguran: Zahvaljuju\u0107i vrhunskim materijalima, oja\u010danom okviru i protukliznim no\u017eicama, ormar \u010dvrsto stoji na svom mjestu. Prilo\u017eeni komplet protiv prevrtanja omogu\u0107uje vam sigurno pri\u010dvr\u0161\u0107ivanje na zid.Jednostavno kori\u0161tenje: Razmak od 12 cm na dnu omogu\u0107uje jednostavan prolaz robotskim usisava\u010dima. Otvori na stra\u017enjoj strani osiguravaju optimalnu cirkulaciju zraka i sprje\u010davaju neugodne mirise u stalku za cipele.Brza monta\u017ea: Zahvaljuju\u0107i ozna\u010denim dijelovima i detaljnim uputama, ormari\u0107 za hodnik mo\u017ee se brzo sastaviti.","og_url":"https:\/\/inti.hr\/sr\/proizvod\/ormaric-za-cipele-s-3-vrata-oblak-bijela\/","og_site_name":"Inti","og_image":[{"width":1000,"height":1000,"url":"https:\/\/i0.wp.com\/inti.hr\/wp-content\/uploads\/2026\/02\/HSC302WB02-1.jpg?fit=1000%2C1000&ssl=1","type":"image\/jpeg"}],"twitter_card":"summary_large_image","schema":{"@context":"https:\/\/schema.org","@graph":[{"@type":"WebPage","@id":"https:\/\/inti.hr\/sr\/proizvod\/ormaric-za-cipele-s-3-vrata-oblak-bijela\/","url":"https:\/\/inti.hr\/sr\/proizvod\/ormaric-za-cipele-s-3-vrata-oblak-bijela\/","name":"Ormari\u0107 za cipele s 3 vrata, oblak bijela - Inti","isPartOf":{"@id":"https:\/\/inti.hr\/sr\/#website"},"primaryImageOfPage":{"@id":"https:\/\/inti.hr\/sr\/proizvod\/ormaric-za-cipele-s-3-vrata-oblak-bijela\/#primaryimage"},"image":{"@id":"https:\/\/inti.hr\/sr\/proizvod\/ormaric-za-cipele-s-3-vrata-oblak-bijela\/#primaryimage"},"thumbnailUrl":"https:\/\/i0.wp.com\/inti.hr\/wp-content\/uploads\/2026\/02\/HSC302WB02-1.jpg?fit=1000%2C1000&ssl=1","datePublished":"2026-02-04T07:43:51+00:00","dateModified":"2026-02-04T07:43:51+00:00","description":"Moderni \u0161arm sredine stolje\u0107a: Vrata s valovitim uzorkom, jednostavne ru\u010dke, jedinstvene noge \u2013 kombinirajte ovaj ormari\u0107 za cipele iz kolekcije MAXE s odgovaraju\u0107im toaletnim stoli\u0107ima, ormarima i komodama. Za dom pun sklada i dizajnerskog stila!\u0160tedi prostor, a opet je prostran: Ovaj ormari\u0107 za cipele (24 x 80 x 123 cm) ima tri preklopna odjeljka, svaki s dvije razine prostora za pohranu i fleksibilnom pregradom, idealno za 18-24 pari cipela. \u0160iroka gornja polica savr\u0161ena je za klju\u010deve i ukrasne predmete.Stabilan i siguran: Zahvaljuju\u0107i vrhunskim materijalima, oja\u010danom okviru i protukliznim no\u017eicama, ormar \u010dvrsto stoji na svom mjestu. Prilo\u017eeni komplet protiv prevrtanja omogu\u0107uje vam sigurno pri\u010dvr\u0161\u0107ivanje na zid.Jednostavno kori\u0161tenje: Razmak od 12 cm na dnu omogu\u0107uje jednostavan prolaz robotskim usisava\u010dima. Otvori na stra\u017enjoj strani osiguravaju optimalnu cirkulaciju zraka i sprje\u010davaju neugodne mirise u stalku za cipele.Brza monta\u017ea: Zahvaljuju\u0107i ozna\u010denim dijelovima i detaljnim uputama, ormari\u0107 za hodnik mo\u017ee se brzo sastaviti.","breadcrumb":{"@id":"https:\/\/inti.hr\/sr\/proizvod\/ormaric-za-cipele-s-3-vrata-oblak-bijela\/#breadcrumb"},"inLanguage":"sr-RS","potentialAction":[{"@type":"ReadAction","target":["https:\/\/inti.hr\/sr\/proizvod\/ormaric-za-cipele-s-3-vrata-oblak-bijela\/"]}]},{"@type":"ImageObject","inLanguage":"sr-RS","@id":"https:\/\/inti.hr\/sr\/proizvod\/ormaric-za-cipele-s-3-vrata-oblak-bijela\/#primaryimage","url":"https:\/\/i0.wp.com\/inti.hr\/wp-content\/uploads\/2026\/02\/HSC302WB02-1.jpg?fit=1000%2C1000&ssl=1","contentUrl":"https:\/\/i0.wp.com\/inti.hr\/wp-content\/uploads\/2026\/02\/HSC302WB02-1.jpg?fit=1000%2C1000&ssl=1","width":1000,"height":1000,"caption":"VASAGLE MAXE Kolekcija - Ormari\u0107 za cipele s 3 vrata, oblak bijela"},{"@type":"BreadcrumbList","@id":"https:\/\/inti.hr\/sr\/proizvod\/ormaric-za-cipele-s-3-vrata-oblak-bijela\/#breadcrumb","itemListElement":[{"@type":"ListItem","position":1,"name":"Po\u010detna stranica","item":"https:\/\/inti.hr\/sr\/"},{"@type":"ListItem","position":2,"name":"Prodavnica","item":"https:\/\/inti.hr\/sr\/prodavnica\/"},{"@type":"ListItem","position":3,"name":"Ormari\u0107 za cipele s 3 vrata, oblak bijela"}]},{"@type":"WebSite","@id":"https:\/\/inti.hr\/sr\/#website","url":"https:\/\/inti.hr\/sr\/","name":"Inti","description":"trgovina","potentialAction":[{"@type":"SearchAction","target":{"@type":"EntryPoint","urlTemplate":"https:\/\/inti.hr\/sr\/?s={search_term_string}"},"query-input":{"@type":"PropertyValueSpecification","valueRequired":true,"valueName":"search_term_string"}}],"inLanguage":"sr-RS"}]}},"jetpack_sharing_enabled":true,"jetpack-related-posts":[],"_links":{"self":[{"href":"https:\/\/inti.hr\/sr\/wp-json\/wp\/v2\/product\/30845"}],"collection":[{"href":"https:\/\/inti.hr\/sr\/wp-json\/wp\/v2\/product"}],"about":[{"href":"https:\/\/inti.hr\/sr\/wp-json\/wp\/v2\/types\/product"}],"wp:featuredmedia":[{"embeddable":true,"href":"https:\/\/inti.hr\/sr\/wp-json\/wp\/v2\/media\/30846"}],"wp:attachment":[{"href":"https:\/\/inti.hr\/sr\/wp-json\/wp\/v2\/media?parent=30845"}],"wp:term":[{"taxonomy":"product_cat","embeddable":true,"href":"https:\/\/inti.hr\/sr\/wp-json\/wp\/v2\/product_cat?post=30845"},{"taxonomy":"product_tag","embeddable":true,"href":"https:\/\/inti.hr\/sr\/wp-json\/wp\/v2\/product_tag?post=30845"}],"curies":[{"name":"wp","href":"https:\/\/api.w.org\/{rel}","templated":true}]}}