{"id":30901,"date":"2026-01-28T15:21:37","date_gmt":"2026-01-28T14:21:37","guid":{"rendered":"https:\/\/inti.hr\/product\/zidna-polica-s-ladicom-i-led-rasvjetom-sa-senzorom-pokreta\/"},"modified":"2026-01-28T15:21:37","modified_gmt":"2026-01-28T14:21:37","slug":"zidna-polica-s-ladicom-i-led-rasvjetom-sa-senzorom-pokreta","status":"publish","type":"product","link":"https:\/\/inti.hr\/sr\/proizvod\/zidna-polica-s-ladicom-i-led-rasvjetom-sa-senzorom-pokreta\/","title":{"rendered":"Zidna polica s ladicom i LED rasvjetom sa senzorom pokreta"},"content":{"rendered":"<p>Detalji proizvoda:<\/p>\n<p>Materijal: MDF (E1). Dimenzije (\u0160 \u00d7 D \u00d7 V): 60 \u00d7 20 \u00d7 8 cm. Te\u017eina: 2,8 kg. Nosivost: polica 8 kg, ladica 5 kg (ukupno 13 kg). Pakiranje: 67 \u00d7 26 \u00d7 14 cm.<\/p>\n","protected":false},"excerpt":{"rendered":"<p data-start=\"466\" data-end=\"838\"><span dir=\"auto\">Elegantna plutaju\u0107a zidna polica s ladicom, savr\u0161ena kao &#8230; <\/p>\n","protected":false},"featured_media":30902,"template":"","meta":[],"product_cat":[2635],"product_tag":[2749,2750,2751],"yoast_head":"<!-- This site is optimized with the Yoast SEO plugin v23.7 - https:\/\/yoast.com\/wordpress\/plugins\/seo\/ -->\n<title>Zidna polica s ladicom i LED rasvjetom sa senzorom pokreta - Inti<\/title>\n<meta name=\"description\" content=\"Elegantna plutaju\u0107a zidna polica s ladicom, savr\u0161ena kao konzolni stoli\u0107 u predsoblju\/hodniku, spava\u0107oj sobi ili dnevnom boravku. \u010ciste linije idealne za moderne, minimalisti\u010dke ili skandinavske interijere. Idealno za pohranu klju\u010deva, nov\u010danika, nao\u010dala, biljaka, okvira za slike, svije\u0107a ili pladnjeva za sitnice. Valovita prednja strana ladice dodaje prepoznatljiv dodir.[LADICA BEZ RU\u010cKE]Prakti\u010dna ladica bez ru\u010dke, idealna za organiziranje klju\u010deva, nov\u010danika, daljinskih upravlja\u010da, po\u0161te i punja\u010da. Opremljena sigurnosnom bravom koja sprje\u010dava slu\u010dajno va\u0111enje.\" \/>\n<meta name=\"robots\" content=\"index, follow, max-snippet:-1, max-image-preview:large, max-video-preview:-1\" \/>\n<link rel=\"canonical\" href=\"https:\/\/inti.hr\/sr\/proizvod\/zidna-polica-s-ladicom-i-led-rasvjetom-sa-senzorom-pokreta\/\" \/>\n<meta property=\"og:locale\" content=\"sr_RS\" \/>\n<meta property=\"og:type\" content=\"article\" \/>\n<meta property=\"og:title\" content=\"Zidna polica s ladicom i LED rasvjetom sa senzorom pokreta - Inti\" \/>\n<meta property=\"og:description\" content=\"Elegantna plutaju\u0107a zidna polica s ladicom, savr\u0161ena kao konzolni stoli\u0107 u predsoblju\/hodniku, spava\u0107oj sobi ili dnevnom boravku. \u010ciste linije idealne za moderne, minimalisti\u010dke ili skandinavske interijere. Idealno za pohranu klju\u010deva, nov\u010danika, nao\u010dala, biljaka, okvira za slike, svije\u0107a ili pladnjeva za sitnice. Valovita prednja strana ladice dodaje prepoznatljiv dodir.[LADICA BEZ RU\u010cKE]Prakti\u010dna ladica bez ru\u010dke, idealna za organiziranje klju\u010deva, nov\u010danika, daljinskih upravlja\u010da, po\u0161te i punja\u010da. Opremljena sigurnosnom bravom koja sprje\u010dava slu\u010dajno va\u0111enje.\" \/>\n<meta property=\"og:url\" content=\"https:\/\/inti.hr\/sr\/proizvod\/zidna-polica-s-ladicom-i-led-rasvjetom-sa-senzorom-pokreta\/\" \/>\n<meta property=\"og:site_name\" content=\"Inti\" \/>\n<meta property=\"og:image\" content=\"https:\/\/i0.wp.com\/inti.hr\/wp-content\/uploads\/2026\/01\/FHK38-W-S007-1_1800x1800.webp?fit=1600%2C1600&ssl=1\" \/>\n\t<meta property=\"og:image:width\" content=\"1600\" \/>\n\t<meta property=\"og:image:height\" content=\"1600\" \/>\n\t<meta property=\"og:image:type\" content=\"image\/webp\" \/>\n<meta name=\"twitter:card\" content=\"summary_large_image\" \/>\n<script type=\"application\/ld+json\" class=\"yoast-schema-graph\">{\"@context\":\"https:\/\/schema.org\",\"@graph\":[{\"@type\":\"WebPage\",\"@id\":\"https:\/\/inti.hr\/sr\/proizvod\/zidna-polica-s-ladicom-i-led-rasvjetom-sa-senzorom-pokreta\/\",\"url\":\"https:\/\/inti.hr\/sr\/proizvod\/zidna-polica-s-ladicom-i-led-rasvjetom-sa-senzorom-pokreta\/\",\"name\":\"Zidna polica s ladicom i LED rasvjetom sa senzorom pokreta - Inti\",\"isPartOf\":{\"@id\":\"https:\/\/inti.hr\/sr\/#website\"},\"primaryImageOfPage\":{\"@id\":\"https:\/\/inti.hr\/sr\/proizvod\/zidna-polica-s-ladicom-i-led-rasvjetom-sa-senzorom-pokreta\/#primaryimage\"},\"image\":{\"@id\":\"https:\/\/inti.hr\/sr\/proizvod\/zidna-polica-s-ladicom-i-led-rasvjetom-sa-senzorom-pokreta\/#primaryimage\"},\"thumbnailUrl\":\"https:\/\/i0.wp.com\/inti.hr\/wp-content\/uploads\/2026\/01\/FHK38-W-S007-1_1800x1800.webp?fit=1600%2C1600&ssl=1\",\"datePublished\":\"2026-01-28T14:21:37+00:00\",\"dateModified\":\"2026-01-28T14:21:37+00:00\",\"description\":\"Elegantna plutaju\u0107a zidna polica s ladicom, savr\u0161ena kao konzolni stoli\u0107 u predsoblju\/hodniku, spava\u0107oj sobi ili dnevnom boravku. \u010ciste linije idealne za moderne, minimalisti\u010dke ili skandinavske interijere. Idealno za pohranu klju\u010deva, nov\u010danika, nao\u010dala, biljaka, okvira za slike, svije\u0107a ili pladnjeva za sitnice. Valovita prednja strana ladice dodaje prepoznatljiv dodir.[LADICA BEZ RU\u010cKE]Prakti\u010dna ladica bez ru\u010dke, idealna za organiziranje klju\u010deva, nov\u010danika, daljinskih upravlja\u010da, po\u0161te i punja\u010da. Opremljena sigurnosnom bravom koja sprje\u010dava slu\u010dajno va\u0111enje.\",\"breadcrumb\":{\"@id\":\"https:\/\/inti.hr\/sr\/proizvod\/zidna-polica-s-ladicom-i-led-rasvjetom-sa-senzorom-pokreta\/#breadcrumb\"},\"inLanguage\":\"sr-RS\",\"potentialAction\":[{\"@type\":\"ReadAction\",\"target\":[\"https:\/\/inti.hr\/sr\/proizvod\/zidna-polica-s-ladicom-i-led-rasvjetom-sa-senzorom-pokreta\/\"]}]},{\"@type\":\"ImageObject\",\"inLanguage\":\"sr-RS\",\"@id\":\"https:\/\/inti.hr\/sr\/proizvod\/zidna-polica-s-ladicom-i-led-rasvjetom-sa-senzorom-pokreta\/#primaryimage\",\"url\":\"https:\/\/i0.wp.com\/inti.hr\/wp-content\/uploads\/2026\/01\/FHK38-W-S007-1_1800x1800.webp?fit=1600%2C1600&ssl=1\",\"contentUrl\":\"https:\/\/i0.wp.com\/inti.hr\/wp-content\/uploads\/2026\/01\/FHK38-W-S007-1_1800x1800.webp?fit=1600%2C1600&ssl=1\",\"width\":1600,\"height\":1600,\"caption\":\"Predprodaja SoBuy FHK38-W Plutaju\u0107a zidna polica s ladicom i LED rasvjetom sa senzorom pokreta, za spava\u0107u sobu, hodnik i dnevni boravak, na baterije, D60 \u00d7 \u016020 \u00d7 V8 cm, bijela\"},{\"@type\":\"BreadcrumbList\",\"@id\":\"https:\/\/inti.hr\/sr\/proizvod\/zidna-polica-s-ladicom-i-led-rasvjetom-sa-senzorom-pokreta\/#breadcrumb\",\"itemListElement\":[{\"@type\":\"ListItem\",\"position\":1,\"name\":\"Po\u010detna stranica\",\"item\":\"https:\/\/inti.hr\/sr\/\"},{\"@type\":\"ListItem\",\"position\":2,\"name\":\"Prodavnica\",\"item\":\"https:\/\/inti.hr\/sr\/prodavnica\/\"},{\"@type\":\"ListItem\",\"position\":3,\"name\":\"Zidna polica s ladicom i LED rasvjetom sa senzorom pokreta\"}]},{\"@type\":\"WebSite\",\"@id\":\"https:\/\/inti.hr\/sr\/#website\",\"url\":\"https:\/\/inti.hr\/sr\/\",\"name\":\"Inti\",\"description\":\"trgovina\",\"potentialAction\":[{\"@type\":\"SearchAction\",\"target\":{\"@type\":\"EntryPoint\",\"urlTemplate\":\"https:\/\/inti.hr\/sr\/?s={search_term_string}\"},\"query-input\":{\"@type\":\"PropertyValueSpecification\",\"valueRequired\":true,\"valueName\":\"search_term_string\"}}],\"inLanguage\":\"sr-RS\"}]}<\/script>\n<!-- \/ Yoast SEO plugin. -->","yoast_head_json":{"title":"Zidna polica s ladicom i LED rasvjetom sa senzorom pokreta - Inti","description":"Elegantna plutaju\u0107a zidna polica s ladicom, savr\u0161ena kao konzolni stoli\u0107 u predsoblju\/hodniku, spava\u0107oj sobi ili dnevnom boravku. \u010ciste linije idealne za moderne, minimalisti\u010dke ili skandinavske interijere. Idealno za pohranu klju\u010deva, nov\u010danika, nao\u010dala, biljaka, okvira za slike, svije\u0107a ili pladnjeva za sitnice. Valovita prednja strana ladice dodaje prepoznatljiv dodir.[LADICA BEZ RU\u010cKE]Prakti\u010dna ladica bez ru\u010dke, idealna za organiziranje klju\u010deva, nov\u010danika, daljinskih upravlja\u010da, po\u0161te i punja\u010da. Opremljena sigurnosnom bravom koja sprje\u010dava slu\u010dajno va\u0111enje.","robots":{"index":"index","follow":"follow","max-snippet":"max-snippet:-1","max-image-preview":"max-image-preview:large","max-video-preview":"max-video-preview:-1"},"canonical":"https:\/\/inti.hr\/sr\/proizvod\/zidna-polica-s-ladicom-i-led-rasvjetom-sa-senzorom-pokreta\/","og_locale":"sr_RS","og_type":"article","og_title":"Zidna polica s ladicom i LED rasvjetom sa senzorom pokreta - Inti","og_description":"Elegantna plutaju\u0107a zidna polica s ladicom, savr\u0161ena kao konzolni stoli\u0107 u predsoblju\/hodniku, spava\u0107oj sobi ili dnevnom boravku. \u010ciste linije idealne za moderne, minimalisti\u010dke ili skandinavske interijere. Idealno za pohranu klju\u010deva, nov\u010danika, nao\u010dala, biljaka, okvira za slike, svije\u0107a ili pladnjeva za sitnice. Valovita prednja strana ladice dodaje prepoznatljiv dodir.[LADICA BEZ RU\u010cKE]Prakti\u010dna ladica bez ru\u010dke, idealna za organiziranje klju\u010deva, nov\u010danika, daljinskih upravlja\u010da, po\u0161te i punja\u010da. Opremljena sigurnosnom bravom koja sprje\u010dava slu\u010dajno va\u0111enje.","og_url":"https:\/\/inti.hr\/sr\/proizvod\/zidna-polica-s-ladicom-i-led-rasvjetom-sa-senzorom-pokreta\/","og_site_name":"Inti","og_image":[{"width":1600,"height":1600,"url":"https:\/\/i0.wp.com\/inti.hr\/wp-content\/uploads\/2026\/01\/FHK38-W-S007-1_1800x1800.webp?fit=1600%2C1600&ssl=1","type":"image\/webp"}],"twitter_card":"summary_large_image","schema":{"@context":"https:\/\/schema.org","@graph":[{"@type":"WebPage","@id":"https:\/\/inti.hr\/sr\/proizvod\/zidna-polica-s-ladicom-i-led-rasvjetom-sa-senzorom-pokreta\/","url":"https:\/\/inti.hr\/sr\/proizvod\/zidna-polica-s-ladicom-i-led-rasvjetom-sa-senzorom-pokreta\/","name":"Zidna polica s ladicom i LED rasvjetom sa senzorom pokreta - Inti","isPartOf":{"@id":"https:\/\/inti.hr\/sr\/#website"},"primaryImageOfPage":{"@id":"https:\/\/inti.hr\/sr\/proizvod\/zidna-polica-s-ladicom-i-led-rasvjetom-sa-senzorom-pokreta\/#primaryimage"},"image":{"@id":"https:\/\/inti.hr\/sr\/proizvod\/zidna-polica-s-ladicom-i-led-rasvjetom-sa-senzorom-pokreta\/#primaryimage"},"thumbnailUrl":"https:\/\/i0.wp.com\/inti.hr\/wp-content\/uploads\/2026\/01\/FHK38-W-S007-1_1800x1800.webp?fit=1600%2C1600&ssl=1","datePublished":"2026-01-28T14:21:37+00:00","dateModified":"2026-01-28T14:21:37+00:00","description":"Elegantna plutaju\u0107a zidna polica s ladicom, savr\u0161ena kao konzolni stoli\u0107 u predsoblju\/hodniku, spava\u0107oj sobi ili dnevnom boravku. \u010ciste linije idealne za moderne, minimalisti\u010dke ili skandinavske interijere. Idealno za pohranu klju\u010deva, nov\u010danika, nao\u010dala, biljaka, okvira za slike, svije\u0107a ili pladnjeva za sitnice. Valovita prednja strana ladice dodaje prepoznatljiv dodir.[LADICA BEZ RU\u010cKE]Prakti\u010dna ladica bez ru\u010dke, idealna za organiziranje klju\u010deva, nov\u010danika, daljinskih upravlja\u010da, po\u0161te i punja\u010da. Opremljena sigurnosnom bravom koja sprje\u010dava slu\u010dajno va\u0111enje.","breadcrumb":{"@id":"https:\/\/inti.hr\/sr\/proizvod\/zidna-polica-s-ladicom-i-led-rasvjetom-sa-senzorom-pokreta\/#breadcrumb"},"inLanguage":"sr-RS","potentialAction":[{"@type":"ReadAction","target":["https:\/\/inti.hr\/sr\/proizvod\/zidna-polica-s-ladicom-i-led-rasvjetom-sa-senzorom-pokreta\/"]}]},{"@type":"ImageObject","inLanguage":"sr-RS","@id":"https:\/\/inti.hr\/sr\/proizvod\/zidna-polica-s-ladicom-i-led-rasvjetom-sa-senzorom-pokreta\/#primaryimage","url":"https:\/\/i0.wp.com\/inti.hr\/wp-content\/uploads\/2026\/01\/FHK38-W-S007-1_1800x1800.webp?fit=1600%2C1600&ssl=1","contentUrl":"https:\/\/i0.wp.com\/inti.hr\/wp-content\/uploads\/2026\/01\/FHK38-W-S007-1_1800x1800.webp?fit=1600%2C1600&ssl=1","width":1600,"height":1600,"caption":"Predprodaja SoBuy FHK38-W Plutaju\u0107a zidna polica s ladicom i LED rasvjetom sa senzorom pokreta, za spava\u0107u sobu, hodnik i dnevni boravak, na baterije, D60 \u00d7 \u016020 \u00d7 V8 cm, bijela"},{"@type":"BreadcrumbList","@id":"https:\/\/inti.hr\/sr\/proizvod\/zidna-polica-s-ladicom-i-led-rasvjetom-sa-senzorom-pokreta\/#breadcrumb","itemListElement":[{"@type":"ListItem","position":1,"name":"Po\u010detna stranica","item":"https:\/\/inti.hr\/sr\/"},{"@type":"ListItem","position":2,"name":"Prodavnica","item":"https:\/\/inti.hr\/sr\/prodavnica\/"},{"@type":"ListItem","position":3,"name":"Zidna polica s ladicom i LED rasvjetom sa senzorom pokreta"}]},{"@type":"WebSite","@id":"https:\/\/inti.hr\/sr\/#website","url":"https:\/\/inti.hr\/sr\/","name":"Inti","description":"trgovina","potentialAction":[{"@type":"SearchAction","target":{"@type":"EntryPoint","urlTemplate":"https:\/\/inti.hr\/sr\/?s={search_term_string}"},"query-input":{"@type":"PropertyValueSpecification","valueRequired":true,"valueName":"search_term_string"}}],"inLanguage":"sr-RS"}]}},"jetpack_sharing_enabled":true,"jetpack-related-posts":[],"_links":{"self":[{"href":"https:\/\/inti.hr\/sr\/wp-json\/wp\/v2\/product\/30901"}],"collection":[{"href":"https:\/\/inti.hr\/sr\/wp-json\/wp\/v2\/product"}],"about":[{"href":"https:\/\/inti.hr\/sr\/wp-json\/wp\/v2\/types\/product"}],"wp:featuredmedia":[{"embeddable":true,"href":"https:\/\/inti.hr\/sr\/wp-json\/wp\/v2\/media\/30902"}],"wp:attachment":[{"href":"https:\/\/inti.hr\/sr\/wp-json\/wp\/v2\/media?parent=30901"}],"wp:term":[{"taxonomy":"product_cat","embeddable":true,"href":"https:\/\/inti.hr\/sr\/wp-json\/wp\/v2\/product_cat?post=30901"},{"taxonomy":"product_tag","embeddable":true,"href":"https:\/\/inti.hr\/sr\/wp-json\/wp\/v2\/product_tag?post=30901"}],"curies":[{"name":"wp","href":"https:\/\/api.w.org\/{rel}","templated":true}]}}