{"id":31003,"date":"2025-10-12T14:55:53","date_gmt":"2025-10-12T13:55:53","guid":{"rendered":"https:\/\/inti.hr\/product\/radni-stol-s-podesivom-visinom-stalkom-za-monitor-i-usb-om\/"},"modified":"2025-10-12T14:55:53","modified_gmt":"2025-10-12T13:55:53","slug":"radni-stol-s-podesivom-visinom-stalkom-za-monitor-i-usb-om","status":"publish","type":"product","link":"https:\/\/inti.hr\/sr\/proizvod\/radni-stol-s-podesivom-visinom-stalkom-za-monitor-i-usb-om\/","title":{"rendered":"Radni stol s podesivom visinom, stalkom za monitor i USB-om"},"content":{"rendered":"<p>Detalji o proizvodu:<br \/>\nBoja: Obla\u010dno bijela, sme\u0111a<br \/>\nMaterijal: iverica, \u010delik<br \/>\nVeli\u010dina stola (bez postolja za monitor): 140 x 70 x 70 x (72-120) cm (\u0160 x D x V)<br \/>\nVeli\u010dina stola (uklju\u010duju\u0107i postolje za monitor): 140 x 70 x (82,5-130,5) cm (\u0160 x D x V)<br \/>\nVeli\u010dina ladice: 24 x 43,5 x 4,5 cm (D x \u0160 x V)<br \/>\nTe\u017eina: 24,3 kg<br \/>\nMaks. stati\u010dka nosivost plo\u010de stola: 70 kg<br \/>\nMaks. stati\u010dka nosivost stalka za monitor: 15 kg<\/p>\n","protected":false},"excerpt":{"rendered":"<p>Fleksibilno skladi\u0161tenje: Postavite stalak za monitor bilo gdje na radnu plo\u010du &#8230; <\/p>\n","protected":false},"featured_media":31004,"template":"","meta":[],"product_cat":[2440],"product_tag":[2707,2795],"yoast_head":"<!-- This site is optimized with the Yoast SEO plugin v23.7 - https:\/\/yoast.com\/wordpress\/plugins\/seo\/ -->\n<title>Radni stol s podesivom visinom, stalkom za monitor i USB-om - Inti<\/title>\n<meta name=\"description\" content=\"Fleksibilno skladi\u0161tenje: Postavite stalak za monitor bilo gdje na radnu plo\u010du kako biste stvorili vi\u0161e prostora na stolu; pri\u010dvrstite ladicu ispod plo\u010de stola ili povi\u0161enu policu za pohranu malih predmetaProstrana radna plo\u010da: Plo\u010da stola dimenzija 140 x 70 cm, koja je 10 cm dublja od konvencionalnih stolova, nudi dovoljno prostora za va\u0161 uredski pribor, kao i vi\u0161e ekrana \u2013 idealno za u\u010dinkovit multitaskingZdrav rad: Podesiva visina stola od 72 do 120 cm za izmjenjivanje sjedenja i stajanja; 3 memorijske visine za brzo pode\u0161avanje; podsjetnik za dulje sjedenje za ubla\u017eavanje naprezanja tijelaRobustan, tih, stabilan: Zahvaljuju\u0107i jakom metalnom okviru i nogama u obliku slova T, stol podr\u017eava do 70 kg; razina buke (&lt; 48 dB) osigurava tihi rad; podesive no\u017eice nude visoku stabilnostJednostavno sastavljanje: Zahvaljuju\u0107i ozna\u010denim dijelovima i ilustriranim uputama, sastavljanje stola s podesivom visinom ne\u0107e biti problem!\" \/>\n<meta name=\"robots\" content=\"index, follow, max-snippet:-1, max-image-preview:large, max-video-preview:-1\" \/>\n<link rel=\"canonical\" href=\"https:\/\/inti.hr\/sr\/proizvod\/radni-stol-s-podesivom-visinom-stalkom-za-monitor-i-usb-om\/\" \/>\n<meta property=\"og:locale\" content=\"sr_RS\" \/>\n<meta property=\"og:type\" content=\"article\" \/>\n<meta property=\"og:title\" content=\"Radni stol s podesivom visinom, stalkom za monitor i USB-om - Inti\" \/>\n<meta property=\"og:description\" content=\"Fleksibilno skladi\u0161tenje: Postavite stalak za monitor bilo gdje na radnu plo\u010du kako biste stvorili vi\u0161e prostora na stolu; pri\u010dvrstite ladicu ispod plo\u010de stola ili povi\u0161enu policu za pohranu malih predmetaProstrana radna plo\u010da: Plo\u010da stola dimenzija 140 x 70 cm, koja je 10 cm dublja od konvencionalnih stolova, nudi dovoljno prostora za va\u0161 uredski pribor, kao i vi\u0161e ekrana \u2013 idealno za u\u010dinkovit multitaskingZdrav rad: Podesiva visina stola od 72 do 120 cm za izmjenjivanje sjedenja i stajanja; 3 memorijske visine za brzo pode\u0161avanje; podsjetnik za dulje sjedenje za ubla\u017eavanje naprezanja tijelaRobustan, tih, stabilan: Zahvaljuju\u0107i jakom metalnom okviru i nogama u obliku slova T, stol podr\u017eava do 70 kg; razina buke (&lt; 48 dB) osigurava tihi rad; podesive no\u017eice nude visoku stabilnostJednostavno sastavljanje: Zahvaljuju\u0107i ozna\u010denim dijelovima i ilustriranim uputama, sastavljanje stola s podesivom visinom ne\u0107e biti problem!\" \/>\n<meta property=\"og:url\" content=\"https:\/\/inti.hr\/sr\/proizvod\/radni-stol-s-podesivom-visinom-stalkom-za-monitor-i-usb-om\/\" \/>\n<meta property=\"og:site_name\" content=\"Inti\" \/>\n<meta property=\"og:image\" content=\"https:\/\/i0.wp.com\/inti.hr\/wp-content\/uploads\/2025\/10\/LSD154WB01-2.jpg?fit=800%2C1000&ssl=1\" \/>\n\t<meta property=\"og:image:width\" content=\"800\" \/>\n\t<meta property=\"og:image:height\" content=\"1000\" \/>\n\t<meta property=\"og:image:type\" content=\"image\/jpeg\" \/>\n<meta name=\"twitter:card\" content=\"summary_large_image\" \/>\n<script type=\"application\/ld+json\" class=\"yoast-schema-graph\">{\"@context\":\"https:\/\/schema.org\",\"@graph\":[{\"@type\":\"WebPage\",\"@id\":\"https:\/\/inti.hr\/sr\/proizvod\/radni-stol-s-podesivom-visinom-stalkom-za-monitor-i-usb-om\/\",\"url\":\"https:\/\/inti.hr\/sr\/proizvod\/radni-stol-s-podesivom-visinom-stalkom-za-monitor-i-usb-om\/\",\"name\":\"Radni stol s podesivom visinom, stalkom za monitor i USB-om - Inti\",\"isPartOf\":{\"@id\":\"https:\/\/inti.hr\/sr\/#website\"},\"primaryImageOfPage\":{\"@id\":\"https:\/\/inti.hr\/sr\/proizvod\/radni-stol-s-podesivom-visinom-stalkom-za-monitor-i-usb-om\/#primaryimage\"},\"image\":{\"@id\":\"https:\/\/inti.hr\/sr\/proizvod\/radni-stol-s-podesivom-visinom-stalkom-za-monitor-i-usb-om\/#primaryimage\"},\"thumbnailUrl\":\"https:\/\/i0.wp.com\/inti.hr\/wp-content\/uploads\/2025\/10\/LSD154WB01-2.jpg?fit=800%2C1000&ssl=1\",\"datePublished\":\"2025-10-12T13:55:53+00:00\",\"dateModified\":\"2025-10-12T13:55:53+00:00\",\"description\":\"Fleksibilno skladi\u0161tenje: Postavite stalak za monitor bilo gdje na radnu plo\u010du kako biste stvorili vi\u0161e prostora na stolu; pri\u010dvrstite ladicu ispod plo\u010de stola ili povi\u0161enu policu za pohranu malih predmetaProstrana radna plo\u010da: Plo\u010da stola dimenzija 140 x 70 cm, koja je 10 cm dublja od konvencionalnih stolova, nudi dovoljno prostora za va\u0161 uredski pribor, kao i vi\u0161e ekrana \u2013 idealno za u\u010dinkovit multitaskingZdrav rad: Podesiva visina stola od 72 do 120 cm za izmjenjivanje sjedenja i stajanja; 3 memorijske visine za brzo pode\u0161avanje; podsjetnik za dulje sjedenje za ubla\u017eavanje naprezanja tijelaRobustan, tih, stabilan: Zahvaljuju\u0107i jakom metalnom okviru i nogama u obliku slova T, stol podr\u017eava do 70 kg; razina buke (&lt; 48 dB) osigurava tihi rad; podesive no\u017eice nude visoku stabilnostJednostavno sastavljanje: Zahvaljuju\u0107i ozna\u010denim dijelovima i ilustriranim uputama, sastavljanje stola s podesivom visinom ne\u0107e biti problem!\",\"breadcrumb\":{\"@id\":\"https:\/\/inti.hr\/sr\/proizvod\/radni-stol-s-podesivom-visinom-stalkom-za-monitor-i-usb-om\/#breadcrumb\"},\"inLanguage\":\"sr-RS\",\"potentialAction\":[{\"@type\":\"ReadAction\",\"target\":[\"https:\/\/inti.hr\/sr\/proizvod\/radni-stol-s-podesivom-visinom-stalkom-za-monitor-i-usb-om\/\"]}]},{\"@type\":\"ImageObject\",\"inLanguage\":\"sr-RS\",\"@id\":\"https:\/\/inti.hr\/sr\/proizvod\/radni-stol-s-podesivom-visinom-stalkom-za-monitor-i-usb-om\/#primaryimage\",\"url\":\"https:\/\/i0.wp.com\/inti.hr\/wp-content\/uploads\/2025\/10\/LSD154WB01-2.jpg?fit=800%2C1000&ssl=1\",\"contentUrl\":\"https:\/\/i0.wp.com\/inti.hr\/wp-content\/uploads\/2025\/10\/LSD154WB01-2.jpg?fit=800%2C1000&ssl=1\",\"width\":800,\"height\":1000,\"caption\":\"VASAGLE Radni stol s podesivom visinom, stalkom za monitor i USB-om\"},{\"@type\":\"BreadcrumbList\",\"@id\":\"https:\/\/inti.hr\/sr\/proizvod\/radni-stol-s-podesivom-visinom-stalkom-za-monitor-i-usb-om\/#breadcrumb\",\"itemListElement\":[{\"@type\":\"ListItem\",\"position\":1,\"name\":\"Po\u010detna stranica\",\"item\":\"https:\/\/inti.hr\/sr\/\"},{\"@type\":\"ListItem\",\"position\":2,\"name\":\"Prodavnica\",\"item\":\"https:\/\/inti.hr\/sr\/prodavnica\/\"},{\"@type\":\"ListItem\",\"position\":3,\"name\":\"Radni stol s podesivom visinom, stalkom za monitor i USB-om\"}]},{\"@type\":\"WebSite\",\"@id\":\"https:\/\/inti.hr\/sr\/#website\",\"url\":\"https:\/\/inti.hr\/sr\/\",\"name\":\"Inti\",\"description\":\"trgovina\",\"potentialAction\":[{\"@type\":\"SearchAction\",\"target\":{\"@type\":\"EntryPoint\",\"urlTemplate\":\"https:\/\/inti.hr\/sr\/?s={search_term_string}\"},\"query-input\":{\"@type\":\"PropertyValueSpecification\",\"valueRequired\":true,\"valueName\":\"search_term_string\"}}],\"inLanguage\":\"sr-RS\"}]}<\/script>\n<!-- \/ Yoast SEO plugin. -->","yoast_head_json":{"title":"Radni stol s podesivom visinom, stalkom za monitor i USB-om - Inti","description":"Fleksibilno skladi\u0161tenje: Postavite stalak za monitor bilo gdje na radnu plo\u010du kako biste stvorili vi\u0161e prostora na stolu; pri\u010dvrstite ladicu ispod plo\u010de stola ili povi\u0161enu policu za pohranu malih predmetaProstrana radna plo\u010da: Plo\u010da stola dimenzija 140 x 70 cm, koja je 10 cm dublja od konvencionalnih stolova, nudi dovoljno prostora za va\u0161 uredski pribor, kao i vi\u0161e ekrana \u2013 idealno za u\u010dinkovit multitaskingZdrav rad: Podesiva visina stola od 72 do 120 cm za izmjenjivanje sjedenja i stajanja; 3 memorijske visine za brzo pode\u0161avanje; podsjetnik za dulje sjedenje za ubla\u017eavanje naprezanja tijelaRobustan, tih, stabilan: Zahvaljuju\u0107i jakom metalnom okviru i nogama u obliku slova T, stol podr\u017eava do 70 kg; razina buke (&lt; 48 dB) osigurava tihi rad; podesive no\u017eice nude visoku stabilnostJednostavno sastavljanje: Zahvaljuju\u0107i ozna\u010denim dijelovima i ilustriranim uputama, sastavljanje stola s podesivom visinom ne\u0107e biti problem!","robots":{"index":"index","follow":"follow","max-snippet":"max-snippet:-1","max-image-preview":"max-image-preview:large","max-video-preview":"max-video-preview:-1"},"canonical":"https:\/\/inti.hr\/sr\/proizvod\/radni-stol-s-podesivom-visinom-stalkom-za-monitor-i-usb-om\/","og_locale":"sr_RS","og_type":"article","og_title":"Radni stol s podesivom visinom, stalkom za monitor i USB-om - Inti","og_description":"Fleksibilno skladi\u0161tenje: Postavite stalak za monitor bilo gdje na radnu plo\u010du kako biste stvorili vi\u0161e prostora na stolu; pri\u010dvrstite ladicu ispod plo\u010de stola ili povi\u0161enu policu za pohranu malih predmetaProstrana radna plo\u010da: Plo\u010da stola dimenzija 140 x 70 cm, koja je 10 cm dublja od konvencionalnih stolova, nudi dovoljno prostora za va\u0161 uredski pribor, kao i vi\u0161e ekrana \u2013 idealno za u\u010dinkovit multitaskingZdrav rad: Podesiva visina stola od 72 do 120 cm za izmjenjivanje sjedenja i stajanja; 3 memorijske visine za brzo pode\u0161avanje; podsjetnik za dulje sjedenje za ubla\u017eavanje naprezanja tijelaRobustan, tih, stabilan: Zahvaljuju\u0107i jakom metalnom okviru i nogama u obliku slova T, stol podr\u017eava do 70 kg; razina buke (&lt; 48 dB) osigurava tihi rad; podesive no\u017eice nude visoku stabilnostJednostavno sastavljanje: Zahvaljuju\u0107i ozna\u010denim dijelovima i ilustriranim uputama, sastavljanje stola s podesivom visinom ne\u0107e biti problem!","og_url":"https:\/\/inti.hr\/sr\/proizvod\/radni-stol-s-podesivom-visinom-stalkom-za-monitor-i-usb-om\/","og_site_name":"Inti","og_image":[{"width":800,"height":1000,"url":"https:\/\/i0.wp.com\/inti.hr\/wp-content\/uploads\/2025\/10\/LSD154WB01-2.jpg?fit=800%2C1000&ssl=1","type":"image\/jpeg"}],"twitter_card":"summary_large_image","schema":{"@context":"https:\/\/schema.org","@graph":[{"@type":"WebPage","@id":"https:\/\/inti.hr\/sr\/proizvod\/radni-stol-s-podesivom-visinom-stalkom-za-monitor-i-usb-om\/","url":"https:\/\/inti.hr\/sr\/proizvod\/radni-stol-s-podesivom-visinom-stalkom-za-monitor-i-usb-om\/","name":"Radni stol s podesivom visinom, stalkom za monitor i USB-om - Inti","isPartOf":{"@id":"https:\/\/inti.hr\/sr\/#website"},"primaryImageOfPage":{"@id":"https:\/\/inti.hr\/sr\/proizvod\/radni-stol-s-podesivom-visinom-stalkom-za-monitor-i-usb-om\/#primaryimage"},"image":{"@id":"https:\/\/inti.hr\/sr\/proizvod\/radni-stol-s-podesivom-visinom-stalkom-za-monitor-i-usb-om\/#primaryimage"},"thumbnailUrl":"https:\/\/i0.wp.com\/inti.hr\/wp-content\/uploads\/2025\/10\/LSD154WB01-2.jpg?fit=800%2C1000&ssl=1","datePublished":"2025-10-12T13:55:53+00:00","dateModified":"2025-10-12T13:55:53+00:00","description":"Fleksibilno skladi\u0161tenje: Postavite stalak za monitor bilo gdje na radnu plo\u010du kako biste stvorili vi\u0161e prostora na stolu; pri\u010dvrstite ladicu ispod plo\u010de stola ili povi\u0161enu policu za pohranu malih predmetaProstrana radna plo\u010da: Plo\u010da stola dimenzija 140 x 70 cm, koja je 10 cm dublja od konvencionalnih stolova, nudi dovoljno prostora za va\u0161 uredski pribor, kao i vi\u0161e ekrana \u2013 idealno za u\u010dinkovit multitaskingZdrav rad: Podesiva visina stola od 72 do 120 cm za izmjenjivanje sjedenja i stajanja; 3 memorijske visine za brzo pode\u0161avanje; podsjetnik za dulje sjedenje za ubla\u017eavanje naprezanja tijelaRobustan, tih, stabilan: Zahvaljuju\u0107i jakom metalnom okviru i nogama u obliku slova T, stol podr\u017eava do 70 kg; razina buke (&lt; 48 dB) osigurava tihi rad; podesive no\u017eice nude visoku stabilnostJednostavno sastavljanje: Zahvaljuju\u0107i ozna\u010denim dijelovima i ilustriranim uputama, sastavljanje stola s podesivom visinom ne\u0107e biti problem!","breadcrumb":{"@id":"https:\/\/inti.hr\/sr\/proizvod\/radni-stol-s-podesivom-visinom-stalkom-za-monitor-i-usb-om\/#breadcrumb"},"inLanguage":"sr-RS","potentialAction":[{"@type":"ReadAction","target":["https:\/\/inti.hr\/sr\/proizvod\/radni-stol-s-podesivom-visinom-stalkom-za-monitor-i-usb-om\/"]}]},{"@type":"ImageObject","inLanguage":"sr-RS","@id":"https:\/\/inti.hr\/sr\/proizvod\/radni-stol-s-podesivom-visinom-stalkom-za-monitor-i-usb-om\/#primaryimage","url":"https:\/\/i0.wp.com\/inti.hr\/wp-content\/uploads\/2025\/10\/LSD154WB01-2.jpg?fit=800%2C1000&ssl=1","contentUrl":"https:\/\/i0.wp.com\/inti.hr\/wp-content\/uploads\/2025\/10\/LSD154WB01-2.jpg?fit=800%2C1000&ssl=1","width":800,"height":1000,"caption":"VASAGLE Radni stol s podesivom visinom, stalkom za monitor i USB-om"},{"@type":"BreadcrumbList","@id":"https:\/\/inti.hr\/sr\/proizvod\/radni-stol-s-podesivom-visinom-stalkom-za-monitor-i-usb-om\/#breadcrumb","itemListElement":[{"@type":"ListItem","position":1,"name":"Po\u010detna stranica","item":"https:\/\/inti.hr\/sr\/"},{"@type":"ListItem","position":2,"name":"Prodavnica","item":"https:\/\/inti.hr\/sr\/prodavnica\/"},{"@type":"ListItem","position":3,"name":"Radni stol s podesivom visinom, stalkom za monitor i USB-om"}]},{"@type":"WebSite","@id":"https:\/\/inti.hr\/sr\/#website","url":"https:\/\/inti.hr\/sr\/","name":"Inti","description":"trgovina","potentialAction":[{"@type":"SearchAction","target":{"@type":"EntryPoint","urlTemplate":"https:\/\/inti.hr\/sr\/?s={search_term_string}"},"query-input":{"@type":"PropertyValueSpecification","valueRequired":true,"valueName":"search_term_string"}}],"inLanguage":"sr-RS"}]}},"jetpack_sharing_enabled":true,"jetpack-related-posts":[],"_links":{"self":[{"href":"https:\/\/inti.hr\/sr\/wp-json\/wp\/v2\/product\/31003"}],"collection":[{"href":"https:\/\/inti.hr\/sr\/wp-json\/wp\/v2\/product"}],"about":[{"href":"https:\/\/inti.hr\/sr\/wp-json\/wp\/v2\/types\/product"}],"wp:featuredmedia":[{"embeddable":true,"href":"https:\/\/inti.hr\/sr\/wp-json\/wp\/v2\/media\/31004"}],"wp:attachment":[{"href":"https:\/\/inti.hr\/sr\/wp-json\/wp\/v2\/media?parent=31003"}],"wp:term":[{"taxonomy":"product_cat","embeddable":true,"href":"https:\/\/inti.hr\/sr\/wp-json\/wp\/v2\/product_cat?post=31003"},{"taxonomy":"product_tag","embeddable":true,"href":"https:\/\/inti.hr\/sr\/wp-json\/wp\/v2\/product_tag?post=31003"}],"curies":[{"name":"wp","href":"https:\/\/api.w.org\/{rel}","templated":true}]}}