{"id":31016,"date":"2025-10-12T14:47:22","date_gmt":"2025-10-12T13:47:22","guid":{"rendered":"https:\/\/inti.hr\/product\/stolica-za-toaletni-stolic-s-prostorom-za-pohranu-tapecirana\/"},"modified":"2025-10-12T14:47:22","modified_gmt":"2025-10-12T13:47:22","slug":"stolica-za-toaletni-stolic-s-prostorom-za-pohranu-tapecirana","status":"publish","type":"product","link":"https:\/\/inti.hr\/sr\/proizvod\/stolica-za-toaletni-stolic-s-prostorom-za-pohranu-tapecirana\/","title":{"rendered":"Stolica za toaletni stoli\u0107 s prostorom za pohranu, tapecirana"},"content":{"rendered":"<p>Detalji o proizvodu:<br \/>\nBoja: Siva, roza i bijela<br \/>\nDimenzije: 30 x 40 x 50 cm (D x \u0160 x \u0160 x V)<br \/>\nTe\u017eina: 4,1 kg<br \/>\nMaks. stati\u010dka nosivost: 200 kg<br \/>\nMaterijal: Kratka vlakna, pjena, \u0161perplo\u010da, MDF (vlaknasta plo\u010da srednje gusto\u0107e), netkani materijal, \u010delik<\/p>\n","protected":false},"excerpt":{"rendered":"<div id=\"shopify-section-template--24859260977476__df93b25a-87c1-472b-a64c-99e1d4012875\" class=\"shopify-section p_Description preview-tabbar-item\">\n<div id=\"pr_des_warp\" class=\"container\">\n<div class=\"des_datail\">\n<div id=\"fedc5fb3-13e6-4fbd-b21f-4f05ee4a84a7\" class=\"des_item key_features\">\n<ul ...  \n\n","protected":false},"featured_media":31017,"template":"","meta":[],"product_cat":[2416],"product_tag":[2677,2799],"yoast_head":"<!-- This site is optimized with the Yoast SEO plugin v23.7 - https:\/\/yoast.com\/wordpress\/plugins\/seo\/ -->\n<title>Stolica za toaletni stoli\u0107 s prostorom za pohranu, tapecirana - Inti<\/title>\n<meta name=\"description\" content=\"Svestrana udobnost: Mekana podloga i visokokvalitetni kratki flor osiguravaju udobno sjedenje pri svakoj upotrebiPrakti\u010dan prostor za pohranu: Stolica nudi diskretan prostor za \u0161minku i osobne predmeteFleksibilna organizacija: S uklonjivim pregradama, unutra\u0161njost se mo\u017ee podijeliti u 3 pretincaPouzdana stabilnost: Robusni materijali osiguravaju sigurno sjedenje i dugotrajnu upotrebuIdealne dimenzije: S dimenzijama 30 x 40 x 50 cm, stolac nudi prostranu povr\u0161inu za sjedenje. Istovremeno, savr\u0161eno se uklapa ispod toaletnih stoli\u0107a.\" \/>\n<meta name=\"robots\" content=\"index, follow, max-snippet:-1, max-image-preview:large, max-video-preview:-1\" \/>\n<link rel=\"canonical\" href=\"https:\/\/inti.hr\/sr\/proizvod\/stolica-za-toaletni-stolic-s-prostorom-za-pohranu-tapecirana\/\" \/>\n<meta property=\"og:locale\" content=\"sr_RS\" \/>\n<meta property=\"og:type\" content=\"article\" \/>\n<meta property=\"og:title\" content=\"Stolica za toaletni stoli\u0107 s prostorom za pohranu, tapecirana - Inti\" \/>\n<meta property=\"og:description\" content=\"Svestrana udobnost: Mekana podloga i visokokvalitetni kratki flor osiguravaju udobno sjedenje pri svakoj upotrebiPrakti\u010dan prostor za pohranu: Stolica nudi diskretan prostor za \u0161minku i osobne predmeteFleksibilna organizacija: S uklonjivim pregradama, unutra\u0161njost se mo\u017ee podijeliti u 3 pretincaPouzdana stabilnost: Robusni materijali osiguravaju sigurno sjedenje i dugotrajnu upotrebuIdealne dimenzije: S dimenzijama 30 x 40 x 50 cm, stolac nudi prostranu povr\u0161inu za sjedenje. Istovremeno, savr\u0161eno se uklapa ispod toaletnih stoli\u0107a.\" \/>\n<meta property=\"og:url\" content=\"https:\/\/inti.hr\/sr\/proizvod\/stolica-za-toaletni-stolic-s-prostorom-za-pohranu-tapecirana\/\" \/>\n<meta property=\"og:site_name\" content=\"Inti\" \/>\n<meta property=\"og:image\" content=\"https:\/\/i0.wp.com\/inti.hr\/wp-content\/uploads\/2025\/10\/LOM505WZ02-2.jpg?fit=800%2C1000&ssl=1\" \/>\n\t<meta property=\"og:image:width\" content=\"800\" \/>\n\t<meta property=\"og:image:height\" content=\"1000\" \/>\n\t<meta property=\"og:image:type\" content=\"image\/jpeg\" \/>\n<meta name=\"twitter:card\" content=\"summary_large_image\" \/>\n<script type=\"application\/ld+json\" class=\"yoast-schema-graph\">{\"@context\":\"https:\/\/schema.org\",\"@graph\":[{\"@type\":\"WebPage\",\"@id\":\"https:\/\/inti.hr\/sr\/proizvod\/stolica-za-toaletni-stolic-s-prostorom-za-pohranu-tapecirana\/\",\"url\":\"https:\/\/inti.hr\/sr\/proizvod\/stolica-za-toaletni-stolic-s-prostorom-za-pohranu-tapecirana\/\",\"name\":\"Stolica za toaletni stoli\u0107 s prostorom za pohranu, tapecirana - Inti\",\"isPartOf\":{\"@id\":\"https:\/\/inti.hr\/sr\/#website\"},\"primaryImageOfPage\":{\"@id\":\"https:\/\/inti.hr\/sr\/proizvod\/stolica-za-toaletni-stolic-s-prostorom-za-pohranu-tapecirana\/#primaryimage\"},\"image\":{\"@id\":\"https:\/\/inti.hr\/sr\/proizvod\/stolica-za-toaletni-stolic-s-prostorom-za-pohranu-tapecirana\/#primaryimage\"},\"thumbnailUrl\":\"https:\/\/i0.wp.com\/inti.hr\/wp-content\/uploads\/2025\/10\/LOM505WZ02-2.jpg?fit=800%2C1000&ssl=1\",\"datePublished\":\"2025-10-12T13:47:22+00:00\",\"dateModified\":\"2025-10-12T13:47:22+00:00\",\"description\":\"Svestrana udobnost: Mekana podloga i visokokvalitetni kratki flor osiguravaju udobno sjedenje pri svakoj upotrebiPrakti\u010dan prostor za pohranu: Stolica nudi diskretan prostor za \u0161minku i osobne predmeteFleksibilna organizacija: S uklonjivim pregradama, unutra\u0161njost se mo\u017ee podijeliti u 3 pretincaPouzdana stabilnost: Robusni materijali osiguravaju sigurno sjedenje i dugotrajnu upotrebuIdealne dimenzije: S dimenzijama 30 x 40 x 50 cm, stolac nudi prostranu povr\u0161inu za sjedenje. Istovremeno, savr\u0161eno se uklapa ispod toaletnih stoli\u0107a.\",\"breadcrumb\":{\"@id\":\"https:\/\/inti.hr\/sr\/proizvod\/stolica-za-toaletni-stolic-s-prostorom-za-pohranu-tapecirana\/#breadcrumb\"},\"inLanguage\":\"sr-RS\",\"potentialAction\":[{\"@type\":\"ReadAction\",\"target\":[\"https:\/\/inti.hr\/sr\/proizvod\/stolica-za-toaletni-stolic-s-prostorom-za-pohranu-tapecirana\/\"]}]},{\"@type\":\"ImageObject\",\"inLanguage\":\"sr-RS\",\"@id\":\"https:\/\/inti.hr\/sr\/proizvod\/stolica-za-toaletni-stolic-s-prostorom-za-pohranu-tapecirana\/#primaryimage\",\"url\":\"https:\/\/i0.wp.com\/inti.hr\/wp-content\/uploads\/2025\/10\/LOM505WZ02-2.jpg?fit=800%2C1000&ssl=1\",\"contentUrl\":\"https:\/\/i0.wp.com\/inti.hr\/wp-content\/uploads\/2025\/10\/LOM505WZ02-2.jpg?fit=800%2C1000&ssl=1\",\"width\":800,\"height\":1000,\"caption\":\"SONGMICS stolica za toaletni stoli\u0107 s prostorom za pohranu, tapecirana\"},{\"@type\":\"BreadcrumbList\",\"@id\":\"https:\/\/inti.hr\/sr\/proizvod\/stolica-za-toaletni-stolic-s-prostorom-za-pohranu-tapecirana\/#breadcrumb\",\"itemListElement\":[{\"@type\":\"ListItem\",\"position\":1,\"name\":\"Po\u010detna stranica\",\"item\":\"https:\/\/inti.hr\/sr\/\"},{\"@type\":\"ListItem\",\"position\":2,\"name\":\"Prodavnica\",\"item\":\"https:\/\/inti.hr\/sr\/prodavnica\/\"},{\"@type\":\"ListItem\",\"position\":3,\"name\":\"Stolica za toaletni stoli\u0107 s prostorom za pohranu, tapecirana\"}]},{\"@type\":\"WebSite\",\"@id\":\"https:\/\/inti.hr\/sr\/#website\",\"url\":\"https:\/\/inti.hr\/sr\/\",\"name\":\"Inti\",\"description\":\"trgovina\",\"potentialAction\":[{\"@type\":\"SearchAction\",\"target\":{\"@type\":\"EntryPoint\",\"urlTemplate\":\"https:\/\/inti.hr\/sr\/?s={search_term_string}\"},\"query-input\":{\"@type\":\"PropertyValueSpecification\",\"valueRequired\":true,\"valueName\":\"search_term_string\"}}],\"inLanguage\":\"sr-RS\"}]}<\/script>\n<!-- \/ Yoast SEO plugin. -->","yoast_head_json":{"title":"Stolica za toaletni stoli\u0107 s prostorom za pohranu, tapecirana - Inti","description":"Svestrana udobnost: Mekana podloga i visokokvalitetni kratki flor osiguravaju udobno sjedenje pri svakoj upotrebiPrakti\u010dan prostor za pohranu: Stolica nudi diskretan prostor za \u0161minku i osobne predmeteFleksibilna organizacija: S uklonjivim pregradama, unutra\u0161njost se mo\u017ee podijeliti u 3 pretincaPouzdana stabilnost: Robusni materijali osiguravaju sigurno sjedenje i dugotrajnu upotrebuIdealne dimenzije: S dimenzijama 30 x 40 x 50 cm, stolac nudi prostranu povr\u0161inu za sjedenje. Istovremeno, savr\u0161eno se uklapa ispod toaletnih stoli\u0107a.","robots":{"index":"index","follow":"follow","max-snippet":"max-snippet:-1","max-image-preview":"max-image-preview:large","max-video-preview":"max-video-preview:-1"},"canonical":"https:\/\/inti.hr\/sr\/proizvod\/stolica-za-toaletni-stolic-s-prostorom-za-pohranu-tapecirana\/","og_locale":"sr_RS","og_type":"article","og_title":"Stolica za toaletni stoli\u0107 s prostorom za pohranu, tapecirana - Inti","og_description":"Svestrana udobnost: Mekana podloga i visokokvalitetni kratki flor osiguravaju udobno sjedenje pri svakoj upotrebiPrakti\u010dan prostor za pohranu: Stolica nudi diskretan prostor za \u0161minku i osobne predmeteFleksibilna organizacija: S uklonjivim pregradama, unutra\u0161njost se mo\u017ee podijeliti u 3 pretincaPouzdana stabilnost: Robusni materijali osiguravaju sigurno sjedenje i dugotrajnu upotrebuIdealne dimenzije: S dimenzijama 30 x 40 x 50 cm, stolac nudi prostranu povr\u0161inu za sjedenje. Istovremeno, savr\u0161eno se uklapa ispod toaletnih stoli\u0107a.","og_url":"https:\/\/inti.hr\/sr\/proizvod\/stolica-za-toaletni-stolic-s-prostorom-za-pohranu-tapecirana\/","og_site_name":"Inti","og_image":[{"width":800,"height":1000,"url":"https:\/\/i0.wp.com\/inti.hr\/wp-content\/uploads\/2025\/10\/LOM505WZ02-2.jpg?fit=800%2C1000&ssl=1","type":"image\/jpeg"}],"twitter_card":"summary_large_image","schema":{"@context":"https:\/\/schema.org","@graph":[{"@type":"WebPage","@id":"https:\/\/inti.hr\/sr\/proizvod\/stolica-za-toaletni-stolic-s-prostorom-za-pohranu-tapecirana\/","url":"https:\/\/inti.hr\/sr\/proizvod\/stolica-za-toaletni-stolic-s-prostorom-za-pohranu-tapecirana\/","name":"Stolica za toaletni stoli\u0107 s prostorom za pohranu, tapecirana - Inti","isPartOf":{"@id":"https:\/\/inti.hr\/sr\/#website"},"primaryImageOfPage":{"@id":"https:\/\/inti.hr\/sr\/proizvod\/stolica-za-toaletni-stolic-s-prostorom-za-pohranu-tapecirana\/#primaryimage"},"image":{"@id":"https:\/\/inti.hr\/sr\/proizvod\/stolica-za-toaletni-stolic-s-prostorom-za-pohranu-tapecirana\/#primaryimage"},"thumbnailUrl":"https:\/\/i0.wp.com\/inti.hr\/wp-content\/uploads\/2025\/10\/LOM505WZ02-2.jpg?fit=800%2C1000&ssl=1","datePublished":"2025-10-12T13:47:22+00:00","dateModified":"2025-10-12T13:47:22+00:00","description":"Svestrana udobnost: Mekana podloga i visokokvalitetni kratki flor osiguravaju udobno sjedenje pri svakoj upotrebiPrakti\u010dan prostor za pohranu: Stolica nudi diskretan prostor za \u0161minku i osobne predmeteFleksibilna organizacija: S uklonjivim pregradama, unutra\u0161njost se mo\u017ee podijeliti u 3 pretincaPouzdana stabilnost: Robusni materijali osiguravaju sigurno sjedenje i dugotrajnu upotrebuIdealne dimenzije: S dimenzijama 30 x 40 x 50 cm, stolac nudi prostranu povr\u0161inu za sjedenje. Istovremeno, savr\u0161eno se uklapa ispod toaletnih stoli\u0107a.","breadcrumb":{"@id":"https:\/\/inti.hr\/sr\/proizvod\/stolica-za-toaletni-stolic-s-prostorom-za-pohranu-tapecirana\/#breadcrumb"},"inLanguage":"sr-RS","potentialAction":[{"@type":"ReadAction","target":["https:\/\/inti.hr\/sr\/proizvod\/stolica-za-toaletni-stolic-s-prostorom-za-pohranu-tapecirana\/"]}]},{"@type":"ImageObject","inLanguage":"sr-RS","@id":"https:\/\/inti.hr\/sr\/proizvod\/stolica-za-toaletni-stolic-s-prostorom-za-pohranu-tapecirana\/#primaryimage","url":"https:\/\/i0.wp.com\/inti.hr\/wp-content\/uploads\/2025\/10\/LOM505WZ02-2.jpg?fit=800%2C1000&ssl=1","contentUrl":"https:\/\/i0.wp.com\/inti.hr\/wp-content\/uploads\/2025\/10\/LOM505WZ02-2.jpg?fit=800%2C1000&ssl=1","width":800,"height":1000,"caption":"SONGMICS stolica za toaletni stoli\u0107 s prostorom za pohranu, tapecirana"},{"@type":"BreadcrumbList","@id":"https:\/\/inti.hr\/sr\/proizvod\/stolica-za-toaletni-stolic-s-prostorom-za-pohranu-tapecirana\/#breadcrumb","itemListElement":[{"@type":"ListItem","position":1,"name":"Po\u010detna stranica","item":"https:\/\/inti.hr\/sr\/"},{"@type":"ListItem","position":2,"name":"Prodavnica","item":"https:\/\/inti.hr\/sr\/prodavnica\/"},{"@type":"ListItem","position":3,"name":"Stolica za toaletni stoli\u0107 s prostorom za pohranu, tapecirana"}]},{"@type":"WebSite","@id":"https:\/\/inti.hr\/sr\/#website","url":"https:\/\/inti.hr\/sr\/","name":"Inti","description":"trgovina","potentialAction":[{"@type":"SearchAction","target":{"@type":"EntryPoint","urlTemplate":"https:\/\/inti.hr\/sr\/?s={search_term_string}"},"query-input":{"@type":"PropertyValueSpecification","valueRequired":true,"valueName":"search_term_string"}}],"inLanguage":"sr-RS"}]}},"jetpack_sharing_enabled":true,"jetpack-related-posts":[],"_links":{"self":[{"href":"https:\/\/inti.hr\/sr\/wp-json\/wp\/v2\/product\/31016"}],"collection":[{"href":"https:\/\/inti.hr\/sr\/wp-json\/wp\/v2\/product"}],"about":[{"href":"https:\/\/inti.hr\/sr\/wp-json\/wp\/v2\/types\/product"}],"wp:featuredmedia":[{"embeddable":true,"href":"https:\/\/inti.hr\/sr\/wp-json\/wp\/v2\/media\/31017"}],"wp:attachment":[{"href":"https:\/\/inti.hr\/sr\/wp-json\/wp\/v2\/media?parent=31016"}],"wp:term":[{"taxonomy":"product_cat","embeddable":true,"href":"https:\/\/inti.hr\/sr\/wp-json\/wp\/v2\/product_cat?post=31016"},{"taxonomy":"product_tag","embeddable":true,"href":"https:\/\/inti.hr\/sr\/wp-json\/wp\/v2\/product_tag?post=31016"}],"curies":[{"name":"wp","href":"https:\/\/api.w.org\/{rel}","templated":true}]}}