{"id":31061,"date":"2025-10-09T12:25:14","date_gmt":"2025-10-09T11:25:14","guid":{"rendered":"https:\/\/inti.hr\/product\/termos-posuda-od-nehrdajuceg-celika-225-l-s-odvodnom-slavinom\/"},"modified":"2025-10-09T12:25:14","modified_gmt":"2025-10-09T11:25:14","slug":"termos-posuda-od-nehrdajuceg-celika-225-l-s-odvodnom-slavinom","status":"publish","type":"product","link":"https:\/\/inti.hr\/sr\/proizvod\/termos-posuda-od-nehrdajuceg-celika-225-l-s-odvodnom-slavinom\/","title":{"rendered":"Termos posuda od nehr\u0111aju\u0107eg \u010delika &#8211; 22,5 L &#8211; s odvodnom slavinom"},"content":{"rendered":"<p>Detalji proizvoda:<\/p>\n<p>Dimenzije (Dx\u0160xV)<br \/>\n41.5 x 37.5 x 46 cm<\/p>\n<p>Kapacitet [l]<br \/>\n22.5 l<\/p>\n<p>Materijal<br \/>\nNe hr\u0111aju\u0107i \u010celik<\/p>\n<p>&nbsp;<\/p>\n<p>Odr\u017eavanje temperature<br \/>\ndo 12 sati<\/p>\n<p>Odvodna slavina da<\/p>\n<p>Te\u017eina 5kg<\/p>\n","protected":false},"excerpt":{"rendered":"<p>Termos posuda od nehr\u0111aju\u0107eg \u010delika dizajnirana je kako bi transport tople &#8230; <\/p>\n","protected":false},"featured_media":31062,"template":"","meta":[],"product_cat":[2822],"product_tag":[2823],"yoast_head":"<!-- This site is optimized with the Yoast SEO plugin v23.7 - https:\/\/yoast.com\/wordpress\/plugins\/seo\/ -->\n<title>Termos posuda od nehr\u0111aju\u0107eg \u010delika - 22,5 L - s odvodnom slavinom - Inti<\/title>\n<meta name=\"description\" content=\"Termos posuda od nehr\u0111aju\u0107eg \u010delika dizajnirana je kako bi transport tople i hladne hrane i pi\u0107a bio jednostavan i siguran. Royal Catering - va\u0161 online trgovac ugostiteljskom opremom - posebno je dizajnirao termos spremnik od nehr\u0111aju\u0107eg \u010delika za vrhunske restorane i hotele, kao i za komercijalne kuhinje, kantine i catering usluge dostave. Ako u svojoj kuhinjskoj opremi cijenite funkcionalnost, izdr\u017eljivost i dopadljiv dizajn, onda je ova izotermna posuda od 22,5 litara s dvostrukim stijenkama i prakti\u010dnom slavinom za pra\u017enjenje nezamjenjiv pomo\u0107nik za odr\u017eavanje topline hrane.\" \/>\n<meta name=\"robots\" content=\"index, follow, max-snippet:-1, max-image-preview:large, max-video-preview:-1\" \/>\n<link rel=\"canonical\" href=\"https:\/\/inti.hr\/sr\/proizvod\/termos-posuda-od-nehrdajuceg-celika-225-l-s-odvodnom-slavinom\/\" \/>\n<meta property=\"og:locale\" content=\"sr_RS\" \/>\n<meta property=\"og:type\" content=\"article\" \/>\n<meta property=\"og:title\" content=\"Termos posuda od nehr\u0111aju\u0107eg \u010delika - 22,5 L - s odvodnom slavinom - Inti\" \/>\n<meta property=\"og:description\" content=\"Termos posuda od nehr\u0111aju\u0107eg \u010delika dizajnirana je kako bi transport tople i hladne hrane i pi\u0107a bio jednostavan i siguran. Royal Catering - va\u0161 online trgovac ugostiteljskom opremom - posebno je dizajnirao termos spremnik od nehr\u0111aju\u0107eg \u010delika za vrhunske restorane i hotele, kao i za komercijalne kuhinje, kantine i catering usluge dostave. Ako u svojoj kuhinjskoj opremi cijenite funkcionalnost, izdr\u017eljivost i dopadljiv dizajn, onda je ova izotermna posuda od 22,5 litara s dvostrukim stijenkama i prakti\u010dnom slavinom za pra\u017enjenje nezamjenjiv pomo\u0107nik za odr\u017eavanje topline hrane.\" \/>\n<meta property=\"og:url\" content=\"https:\/\/inti.hr\/sr\/proizvod\/termos-posuda-od-nehrdajuceg-celika-225-l-s-odvodnom-slavinom\/\" \/>\n<meta property=\"og:site_name\" content=\"Inti\" \/>\n<meta property=\"og:image\" content=\"https:\/\/i0.wp.com\/inti.hr\/wp-content\/uploads\/2025\/10\/10011209_photo_1-1.webp?fit=500%2C500&ssl=1\" \/>\n\t<meta property=\"og:image:width\" content=\"500\" \/>\n\t<meta property=\"og:image:height\" content=\"500\" \/>\n\t<meta property=\"og:image:type\" content=\"image\/webp\" \/>\n<meta name=\"twitter:card\" content=\"summary_large_image\" \/>\n<script type=\"application\/ld+json\" class=\"yoast-schema-graph\">{\"@context\":\"https:\/\/schema.org\",\"@graph\":[{\"@type\":\"WebPage\",\"@id\":\"https:\/\/inti.hr\/sr\/proizvod\/termos-posuda-od-nehrdajuceg-celika-225-l-s-odvodnom-slavinom\/\",\"url\":\"https:\/\/inti.hr\/sr\/proizvod\/termos-posuda-od-nehrdajuceg-celika-225-l-s-odvodnom-slavinom\/\",\"name\":\"Termos posuda od nehr\u0111aju\u0107eg \u010delika - 22,5 L - s odvodnom slavinom - Inti\",\"isPartOf\":{\"@id\":\"https:\/\/inti.hr\/sr\/#website\"},\"primaryImageOfPage\":{\"@id\":\"https:\/\/inti.hr\/sr\/proizvod\/termos-posuda-od-nehrdajuceg-celika-225-l-s-odvodnom-slavinom\/#primaryimage\"},\"image\":{\"@id\":\"https:\/\/inti.hr\/sr\/proizvod\/termos-posuda-od-nehrdajuceg-celika-225-l-s-odvodnom-slavinom\/#primaryimage\"},\"thumbnailUrl\":\"https:\/\/i0.wp.com\/inti.hr\/wp-content\/uploads\/2025\/10\/10011209_photo_1-1.webp?fit=500%2C500&ssl=1\",\"datePublished\":\"2025-10-09T11:25:14+00:00\",\"dateModified\":\"2025-10-09T11:25:14+00:00\",\"description\":\"Termos posuda od nehr\u0111aju\u0107eg \u010delika dizajnirana je kako bi transport tople i hladne hrane i pi\u0107a bio jednostavan i siguran. Royal Catering - va\u0161 online trgovac ugostiteljskom opremom - posebno je dizajnirao termos spremnik od nehr\u0111aju\u0107eg \u010delika za vrhunske restorane i hotele, kao i za komercijalne kuhinje, kantine i catering usluge dostave. Ako u svojoj kuhinjskoj opremi cijenite funkcionalnost, izdr\u017eljivost i dopadljiv dizajn, onda je ova izotermna posuda od 22,5 litara s dvostrukim stijenkama i prakti\u010dnom slavinom za pra\u017enjenje nezamjenjiv pomo\u0107nik za odr\u017eavanje topline hrane.\",\"breadcrumb\":{\"@id\":\"https:\/\/inti.hr\/sr\/proizvod\/termos-posuda-od-nehrdajuceg-celika-225-l-s-odvodnom-slavinom\/#breadcrumb\"},\"inLanguage\":\"sr-RS\",\"potentialAction\":[{\"@type\":\"ReadAction\",\"target\":[\"https:\/\/inti.hr\/sr\/proizvod\/termos-posuda-od-nehrdajuceg-celika-225-l-s-odvodnom-slavinom\/\"]}]},{\"@type\":\"ImageObject\",\"inLanguage\":\"sr-RS\",\"@id\":\"https:\/\/inti.hr\/sr\/proizvod\/termos-posuda-od-nehrdajuceg-celika-225-l-s-odvodnom-slavinom\/#primaryimage\",\"url\":\"https:\/\/i0.wp.com\/inti.hr\/wp-content\/uploads\/2025\/10\/10011209_photo_1-1.webp?fit=500%2C500&ssl=1\",\"contentUrl\":\"https:\/\/i0.wp.com\/inti.hr\/wp-content\/uploads\/2025\/10\/10011209_photo_1-1.webp?fit=500%2C500&ssl=1\",\"width\":500,\"height\":500,\"caption\":\"Termos posuda od nehr\u0111aju\u0107eg \u010delika - 22,5 L - s odvodnom slavinom\"},{\"@type\":\"BreadcrumbList\",\"@id\":\"https:\/\/inti.hr\/sr\/proizvod\/termos-posuda-od-nehrdajuceg-celika-225-l-s-odvodnom-slavinom\/#breadcrumb\",\"itemListElement\":[{\"@type\":\"ListItem\",\"position\":1,\"name\":\"Po\u010detna stranica\",\"item\":\"https:\/\/inti.hr\/sr\/\"},{\"@type\":\"ListItem\",\"position\":2,\"name\":\"Prodavnica\",\"item\":\"https:\/\/inti.hr\/sr\/prodavnica\/\"},{\"@type\":\"ListItem\",\"position\":3,\"name\":\"Termos posuda od nehr\u0111aju\u0107eg \u010delika &#8211; 22,5 L &#8211; s odvodnom slavinom\"}]},{\"@type\":\"WebSite\",\"@id\":\"https:\/\/inti.hr\/sr\/#website\",\"url\":\"https:\/\/inti.hr\/sr\/\",\"name\":\"Inti\",\"description\":\"trgovina\",\"potentialAction\":[{\"@type\":\"SearchAction\",\"target\":{\"@type\":\"EntryPoint\",\"urlTemplate\":\"https:\/\/inti.hr\/sr\/?s={search_term_string}\"},\"query-input\":{\"@type\":\"PropertyValueSpecification\",\"valueRequired\":true,\"valueName\":\"search_term_string\"}}],\"inLanguage\":\"sr-RS\"}]}<\/script>\n<!-- \/ Yoast SEO plugin. -->","yoast_head_json":{"title":"Termos posuda od nehr\u0111aju\u0107eg \u010delika - 22,5 L - s odvodnom slavinom - Inti","description":"Termos posuda od nehr\u0111aju\u0107eg \u010delika dizajnirana je kako bi transport tople i hladne hrane i pi\u0107a bio jednostavan i siguran. Royal Catering - va\u0161 online trgovac ugostiteljskom opremom - posebno je dizajnirao termos spremnik od nehr\u0111aju\u0107eg \u010delika za vrhunske restorane i hotele, kao i za komercijalne kuhinje, kantine i catering usluge dostave. Ako u svojoj kuhinjskoj opremi cijenite funkcionalnost, izdr\u017eljivost i dopadljiv dizajn, onda je ova izotermna posuda od 22,5 litara s dvostrukim stijenkama i prakti\u010dnom slavinom za pra\u017enjenje nezamjenjiv pomo\u0107nik za odr\u017eavanje topline hrane.","robots":{"index":"index","follow":"follow","max-snippet":"max-snippet:-1","max-image-preview":"max-image-preview:large","max-video-preview":"max-video-preview:-1"},"canonical":"https:\/\/inti.hr\/sr\/proizvod\/termos-posuda-od-nehrdajuceg-celika-225-l-s-odvodnom-slavinom\/","og_locale":"sr_RS","og_type":"article","og_title":"Termos posuda od nehr\u0111aju\u0107eg \u010delika - 22,5 L - s odvodnom slavinom - Inti","og_description":"Termos posuda od nehr\u0111aju\u0107eg \u010delika dizajnirana je kako bi transport tople i hladne hrane i pi\u0107a bio jednostavan i siguran. Royal Catering - va\u0161 online trgovac ugostiteljskom opremom - posebno je dizajnirao termos spremnik od nehr\u0111aju\u0107eg \u010delika za vrhunske restorane i hotele, kao i za komercijalne kuhinje, kantine i catering usluge dostave. Ako u svojoj kuhinjskoj opremi cijenite funkcionalnost, izdr\u017eljivost i dopadljiv dizajn, onda je ova izotermna posuda od 22,5 litara s dvostrukim stijenkama i prakti\u010dnom slavinom za pra\u017enjenje nezamjenjiv pomo\u0107nik za odr\u017eavanje topline hrane.","og_url":"https:\/\/inti.hr\/sr\/proizvod\/termos-posuda-od-nehrdajuceg-celika-225-l-s-odvodnom-slavinom\/","og_site_name":"Inti","og_image":[{"width":500,"height":500,"url":"https:\/\/i0.wp.com\/inti.hr\/wp-content\/uploads\/2025\/10\/10011209_photo_1-1.webp?fit=500%2C500&ssl=1","type":"image\/webp"}],"twitter_card":"summary_large_image","schema":{"@context":"https:\/\/schema.org","@graph":[{"@type":"WebPage","@id":"https:\/\/inti.hr\/sr\/proizvod\/termos-posuda-od-nehrdajuceg-celika-225-l-s-odvodnom-slavinom\/","url":"https:\/\/inti.hr\/sr\/proizvod\/termos-posuda-od-nehrdajuceg-celika-225-l-s-odvodnom-slavinom\/","name":"Termos posuda od nehr\u0111aju\u0107eg \u010delika - 22,5 L - s odvodnom slavinom - Inti","isPartOf":{"@id":"https:\/\/inti.hr\/sr\/#website"},"primaryImageOfPage":{"@id":"https:\/\/inti.hr\/sr\/proizvod\/termos-posuda-od-nehrdajuceg-celika-225-l-s-odvodnom-slavinom\/#primaryimage"},"image":{"@id":"https:\/\/inti.hr\/sr\/proizvod\/termos-posuda-od-nehrdajuceg-celika-225-l-s-odvodnom-slavinom\/#primaryimage"},"thumbnailUrl":"https:\/\/i0.wp.com\/inti.hr\/wp-content\/uploads\/2025\/10\/10011209_photo_1-1.webp?fit=500%2C500&ssl=1","datePublished":"2025-10-09T11:25:14+00:00","dateModified":"2025-10-09T11:25:14+00:00","description":"Termos posuda od nehr\u0111aju\u0107eg \u010delika dizajnirana je kako bi transport tople i hladne hrane i pi\u0107a bio jednostavan i siguran. Royal Catering - va\u0161 online trgovac ugostiteljskom opremom - posebno je dizajnirao termos spremnik od nehr\u0111aju\u0107eg \u010delika za vrhunske restorane i hotele, kao i za komercijalne kuhinje, kantine i catering usluge dostave. Ako u svojoj kuhinjskoj opremi cijenite funkcionalnost, izdr\u017eljivost i dopadljiv dizajn, onda je ova izotermna posuda od 22,5 litara s dvostrukim stijenkama i prakti\u010dnom slavinom za pra\u017enjenje nezamjenjiv pomo\u0107nik za odr\u017eavanje topline hrane.","breadcrumb":{"@id":"https:\/\/inti.hr\/sr\/proizvod\/termos-posuda-od-nehrdajuceg-celika-225-l-s-odvodnom-slavinom\/#breadcrumb"},"inLanguage":"sr-RS","potentialAction":[{"@type":"ReadAction","target":["https:\/\/inti.hr\/sr\/proizvod\/termos-posuda-od-nehrdajuceg-celika-225-l-s-odvodnom-slavinom\/"]}]},{"@type":"ImageObject","inLanguage":"sr-RS","@id":"https:\/\/inti.hr\/sr\/proizvod\/termos-posuda-od-nehrdajuceg-celika-225-l-s-odvodnom-slavinom\/#primaryimage","url":"https:\/\/i0.wp.com\/inti.hr\/wp-content\/uploads\/2025\/10\/10011209_photo_1-1.webp?fit=500%2C500&ssl=1","contentUrl":"https:\/\/i0.wp.com\/inti.hr\/wp-content\/uploads\/2025\/10\/10011209_photo_1-1.webp?fit=500%2C500&ssl=1","width":500,"height":500,"caption":"Termos posuda od nehr\u0111aju\u0107eg \u010delika - 22,5 L - s odvodnom slavinom"},{"@type":"BreadcrumbList","@id":"https:\/\/inti.hr\/sr\/proizvod\/termos-posuda-od-nehrdajuceg-celika-225-l-s-odvodnom-slavinom\/#breadcrumb","itemListElement":[{"@type":"ListItem","position":1,"name":"Po\u010detna stranica","item":"https:\/\/inti.hr\/sr\/"},{"@type":"ListItem","position":2,"name":"Prodavnica","item":"https:\/\/inti.hr\/sr\/prodavnica\/"},{"@type":"ListItem","position":3,"name":"Termos posuda od nehr\u0111aju\u0107eg \u010delika &#8211; 22,5 L &#8211; s odvodnom slavinom"}]},{"@type":"WebSite","@id":"https:\/\/inti.hr\/sr\/#website","url":"https:\/\/inti.hr\/sr\/","name":"Inti","description":"trgovina","potentialAction":[{"@type":"SearchAction","target":{"@type":"EntryPoint","urlTemplate":"https:\/\/inti.hr\/sr\/?s={search_term_string}"},"query-input":{"@type":"PropertyValueSpecification","valueRequired":true,"valueName":"search_term_string"}}],"inLanguage":"sr-RS"}]}},"jetpack_sharing_enabled":true,"jetpack-related-posts":[],"_links":{"self":[{"href":"https:\/\/inti.hr\/sr\/wp-json\/wp\/v2\/product\/31061"}],"collection":[{"href":"https:\/\/inti.hr\/sr\/wp-json\/wp\/v2\/product"}],"about":[{"href":"https:\/\/inti.hr\/sr\/wp-json\/wp\/v2\/types\/product"}],"wp:featuredmedia":[{"embeddable":true,"href":"https:\/\/inti.hr\/sr\/wp-json\/wp\/v2\/media\/31062"}],"wp:attachment":[{"href":"https:\/\/inti.hr\/sr\/wp-json\/wp\/v2\/media?parent=31061"}],"wp:term":[{"taxonomy":"product_cat","embeddable":true,"href":"https:\/\/inti.hr\/sr\/wp-json\/wp\/v2\/product_cat?post=31061"},{"taxonomy":"product_tag","embeddable":true,"href":"https:\/\/inti.hr\/sr\/wp-json\/wp\/v2\/product_tag?post=31061"}],"curies":[{"name":"wp","href":"https:\/\/api.w.org\/{rel}","templated":true}]}}