{"id":31081,"date":"2025-10-04T16:10:25","date_gmt":"2025-10-04T15:10:25","guid":{"rendered":"https:\/\/inti.hr\/product\/uredska-stolica-sa-sirokim-sjedalom-i-kriznom-bazom-2\/"},"modified":"2025-10-04T16:10:25","modified_gmt":"2025-10-04T15:10:25","slug":"uredska-stolica-sa-sirokim-sjedalom-i-kriznom-bazom-2","status":"publish","type":"product","link":"https:\/\/inti.hr\/sr\/proizvod\/uredska-stolica-sa-sirokim-sjedalom-i-kriznom-bazom-2\/","title":{"rendered":"Uredska stolica sa \u0161irokim sjedalom i kri\u017enom bazom"},"content":{"rendered":"<p>Detalji o proizvodu:<br \/>\nBoja: Pastelno ru\u017ei\u010dasta<br \/>\nMaterijal: \u010delik, mje\u0161avina pamuka i lana, plastika, pjena, \u0161perplo\u010da<br \/>\nVeli\u010dina: 72 x 72 x (75-83) cm (D x \u0160 x V)<br \/>\nVisina sjedala: 41-49 cm<br \/>\nVeli\u010dina sjedala: 50 x 67 cm (D x \u0160)<br \/>\nTe\u017eina: 12,5 kg<br \/>\nMaks. stati\u010dka nosivost: 120 kg<\/p>\n","protected":false},"excerpt":{"rendered":"<p>\u3010MODERN STIL\u3011Jedinstvena kri\u017ena baza u kombinaciji s modernim dizajnom daje stolici &#8230; <\/p>\n","protected":false},"featured_media":31082,"template":"","meta":[],"product_cat":[2440],"product_tag":[2831,2832,2833],"yoast_head":"<!-- This site is optimized with the Yoast SEO plugin v23.7 - https:\/\/yoast.com\/wordpress\/plugins\/seo\/ -->\n<title>Uredska stolica sa \u0161irokim sjedalom i kri\u017enom bazom - Inti<\/title>\n<meta name=\"description\" content=\"\u3010MODERN STIL\u3011Jedinstvena kri\u017ena baza u kombinaciji s modernim dizajnom daje stolici da\u0161ak elegancije, \u0161to je \u010dini lakom za integraciju u va\u0161u sobu.\u3010VISOKA UDOBNOST\u3011Sa sjedalom \u0161irine 67 cm i naslonom visokim 35 cm, ru\u017ei\u010dasta okretna stolica osigurava visoku udobnost. A s pjenastim punjenjem, jastuk debljine 10 cm pru\u017ea meku potporu.\u3010PROZRA\u010cNO\u3011Uredska stolica presvu\u010dena mje\u0161avinom pamuka i lana ugodna je za ko\u017eu i prozra\u010dna, tako da ostajete hladni \u010dak i kada sjedite satima.\u3010STABILNO I SIGURNO\u3011Mehani\u010dka podno\u017ena plo\u010da debljine 2,5 mm pru\u017ea visoku stabilnost. Kri\u017ena podloga promjera 72 cm pro\u0161la je stati\u010dki test tlaka s optere\u0107enjem od 1136 kg. Plinska boca je testirana od strane SGS-a za maksimalnu sigurnost.\u3010FLEKSIBILNA UPORABA\u3011Funkcija ljuljanja od 90-105\u00b0 idealna je za opu\u0161tanje. Sjedalo se mo\u017ee podesiti po visini za 8 cm tako da mo\u017eete posti\u0107i najudobniji polo\u017eaj sjedenja i nogu.\" \/>\n<meta name=\"robots\" content=\"index, follow, max-snippet:-1, max-image-preview:large, max-video-preview:-1\" \/>\n<link rel=\"canonical\" href=\"https:\/\/inti.hr\/sr\/proizvod\/uredska-stolica-sa-sirokim-sjedalom-i-kriznom-bazom-2\/\" \/>\n<meta property=\"og:locale\" content=\"sr_RS\" \/>\n<meta property=\"og:type\" content=\"article\" \/>\n<meta property=\"og:title\" content=\"Uredska stolica sa \u0161irokim sjedalom i kri\u017enom bazom - Inti\" \/>\n<meta property=\"og:description\" content=\"\u3010MODERN STIL\u3011Jedinstvena kri\u017ena baza u kombinaciji s modernim dizajnom daje stolici da\u0161ak elegancije, \u0161to je \u010dini lakom za integraciju u va\u0161u sobu.\u3010VISOKA UDOBNOST\u3011Sa sjedalom \u0161irine 67 cm i naslonom visokim 35 cm, ru\u017ei\u010dasta okretna stolica osigurava visoku udobnost. A s pjenastim punjenjem, jastuk debljine 10 cm pru\u017ea meku potporu.\u3010PROZRA\u010cNO\u3011Uredska stolica presvu\u010dena mje\u0161avinom pamuka i lana ugodna je za ko\u017eu i prozra\u010dna, tako da ostajete hladni \u010dak i kada sjedite satima.\u3010STABILNO I SIGURNO\u3011Mehani\u010dka podno\u017ena plo\u010da debljine 2,5 mm pru\u017ea visoku stabilnost. Kri\u017ena podloga promjera 72 cm pro\u0161la je stati\u010dki test tlaka s optere\u0107enjem od 1136 kg. Plinska boca je testirana od strane SGS-a za maksimalnu sigurnost.\u3010FLEKSIBILNA UPORABA\u3011Funkcija ljuljanja od 90-105\u00b0 idealna je za opu\u0161tanje. Sjedalo se mo\u017ee podesiti po visini za 8 cm tako da mo\u017eete posti\u0107i najudobniji polo\u017eaj sjedenja i nogu.\" \/>\n<meta property=\"og:url\" content=\"https:\/\/inti.hr\/sr\/proizvod\/uredska-stolica-sa-sirokim-sjedalom-i-kriznom-bazom-2\/\" \/>\n<meta property=\"og:site_name\" content=\"Inti\" \/>\n<meta property=\"og:image\" content=\"https:\/\/i0.wp.com\/inti.hr\/wp-content\/uploads\/2025\/10\/OBG046R01-1.jpg?fit=1000%2C1000&ssl=1\" \/>\n\t<meta property=\"og:image:width\" content=\"1000\" \/>\n\t<meta property=\"og:image:height\" content=\"1000\" \/>\n\t<meta property=\"og:image:type\" content=\"image\/jpeg\" \/>\n<meta name=\"twitter:card\" content=\"summary_large_image\" \/>\n<script type=\"application\/ld+json\" class=\"yoast-schema-graph\">{\"@context\":\"https:\/\/schema.org\",\"@graph\":[{\"@type\":\"WebPage\",\"@id\":\"https:\/\/inti.hr\/sr\/proizvod\/uredska-stolica-sa-sirokim-sjedalom-i-kriznom-bazom-2\/\",\"url\":\"https:\/\/inti.hr\/sr\/proizvod\/uredska-stolica-sa-sirokim-sjedalom-i-kriznom-bazom-2\/\",\"name\":\"Uredska stolica sa \u0161irokim sjedalom i kri\u017enom bazom - Inti\",\"isPartOf\":{\"@id\":\"https:\/\/inti.hr\/sr\/#website\"},\"primaryImageOfPage\":{\"@id\":\"https:\/\/inti.hr\/sr\/proizvod\/uredska-stolica-sa-sirokim-sjedalom-i-kriznom-bazom-2\/#primaryimage\"},\"image\":{\"@id\":\"https:\/\/inti.hr\/sr\/proizvod\/uredska-stolica-sa-sirokim-sjedalom-i-kriznom-bazom-2\/#primaryimage\"},\"thumbnailUrl\":\"https:\/\/i0.wp.com\/inti.hr\/wp-content\/uploads\/2025\/10\/OBG046R01-1.jpg?fit=1000%2C1000&ssl=1\",\"datePublished\":\"2025-10-04T15:10:25+00:00\",\"dateModified\":\"2025-10-04T15:10:25+00:00\",\"description\":\"\u3010MODERN STIL\u3011Jedinstvena kri\u017ena baza u kombinaciji s modernim dizajnom daje stolici da\u0161ak elegancije, \u0161to je \u010dini lakom za integraciju u va\u0161u sobu.\u3010VISOKA UDOBNOST\u3011Sa sjedalom \u0161irine 67 cm i naslonom visokim 35 cm, ru\u017ei\u010dasta okretna stolica osigurava visoku udobnost. A s pjenastim punjenjem, jastuk debljine 10 cm pru\u017ea meku potporu.\u3010PROZRA\u010cNO\u3011Uredska stolica presvu\u010dena mje\u0161avinom pamuka i lana ugodna je za ko\u017eu i prozra\u010dna, tako da ostajete hladni \u010dak i kada sjedite satima.\u3010STABILNO I SIGURNO\u3011Mehani\u010dka podno\u017ena plo\u010da debljine 2,5 mm pru\u017ea visoku stabilnost. Kri\u017ena podloga promjera 72 cm pro\u0161la je stati\u010dki test tlaka s optere\u0107enjem od 1136 kg. Plinska boca je testirana od strane SGS-a za maksimalnu sigurnost.\u3010FLEKSIBILNA UPORABA\u3011Funkcija ljuljanja od 90-105\u00b0 idealna je za opu\u0161tanje. Sjedalo se mo\u017ee podesiti po visini za 8 cm tako da mo\u017eete posti\u0107i najudobniji polo\u017eaj sjedenja i nogu.\",\"breadcrumb\":{\"@id\":\"https:\/\/inti.hr\/sr\/proizvod\/uredska-stolica-sa-sirokim-sjedalom-i-kriznom-bazom-2\/#breadcrumb\"},\"inLanguage\":\"sr-RS\",\"potentialAction\":[{\"@type\":\"ReadAction\",\"target\":[\"https:\/\/inti.hr\/sr\/proizvod\/uredska-stolica-sa-sirokim-sjedalom-i-kriznom-bazom-2\/\"]}]},{\"@type\":\"ImageObject\",\"inLanguage\":\"sr-RS\",\"@id\":\"https:\/\/inti.hr\/sr\/proizvod\/uredska-stolica-sa-sirokim-sjedalom-i-kriznom-bazom-2\/#primaryimage\",\"url\":\"https:\/\/i0.wp.com\/inti.hr\/wp-content\/uploads\/2025\/10\/OBG046R01-1.jpg?fit=1000%2C1000&ssl=1\",\"contentUrl\":\"https:\/\/i0.wp.com\/inti.hr\/wp-content\/uploads\/2025\/10\/OBG046R01-1.jpg?fit=1000%2C1000&ssl=1\",\"width\":1000,\"height\":1000,\"caption\":\"SONGMICS uredska stolica sa \u0161irokim sjedalom i kri\u017enom bazom, krem-bijela\"},{\"@type\":\"BreadcrumbList\",\"@id\":\"https:\/\/inti.hr\/sr\/proizvod\/uredska-stolica-sa-sirokim-sjedalom-i-kriznom-bazom-2\/#breadcrumb\",\"itemListElement\":[{\"@type\":\"ListItem\",\"position\":1,\"name\":\"Po\u010detna stranica\",\"item\":\"https:\/\/inti.hr\/sr\/\"},{\"@type\":\"ListItem\",\"position\":2,\"name\":\"Prodavnica\",\"item\":\"https:\/\/inti.hr\/sr\/prodavnica\/\"},{\"@type\":\"ListItem\",\"position\":3,\"name\":\"Uredska stolica sa \u0161irokim sjedalom i kri\u017enom bazom\"}]},{\"@type\":\"WebSite\",\"@id\":\"https:\/\/inti.hr\/sr\/#website\",\"url\":\"https:\/\/inti.hr\/sr\/\",\"name\":\"Inti\",\"description\":\"trgovina\",\"potentialAction\":[{\"@type\":\"SearchAction\",\"target\":{\"@type\":\"EntryPoint\",\"urlTemplate\":\"https:\/\/inti.hr\/sr\/?s={search_term_string}\"},\"query-input\":{\"@type\":\"PropertyValueSpecification\",\"valueRequired\":true,\"valueName\":\"search_term_string\"}}],\"inLanguage\":\"sr-RS\"}]}<\/script>\n<!-- \/ Yoast SEO plugin. -->","yoast_head_json":{"title":"Uredska stolica sa \u0161irokim sjedalom i kri\u017enom bazom - Inti","description":"\u3010MODERN STIL\u3011Jedinstvena kri\u017ena baza u kombinaciji s modernim dizajnom daje stolici da\u0161ak elegancije, \u0161to je \u010dini lakom za integraciju u va\u0161u sobu.\u3010VISOKA UDOBNOST\u3011Sa sjedalom \u0161irine 67 cm i naslonom visokim 35 cm, ru\u017ei\u010dasta okretna stolica osigurava visoku udobnost. A s pjenastim punjenjem, jastuk debljine 10 cm pru\u017ea meku potporu.\u3010PROZRA\u010cNO\u3011Uredska stolica presvu\u010dena mje\u0161avinom pamuka i lana ugodna je za ko\u017eu i prozra\u010dna, tako da ostajete hladni \u010dak i kada sjedite satima.\u3010STABILNO I SIGURNO\u3011Mehani\u010dka podno\u017ena plo\u010da debljine 2,5 mm pru\u017ea visoku stabilnost. Kri\u017ena podloga promjera 72 cm pro\u0161la je stati\u010dki test tlaka s optere\u0107enjem od 1136 kg. Plinska boca je testirana od strane SGS-a za maksimalnu sigurnost.\u3010FLEKSIBILNA UPORABA\u3011Funkcija ljuljanja od 90-105\u00b0 idealna je za opu\u0161tanje. Sjedalo se mo\u017ee podesiti po visini za 8 cm tako da mo\u017eete posti\u0107i najudobniji polo\u017eaj sjedenja i nogu.","robots":{"index":"index","follow":"follow","max-snippet":"max-snippet:-1","max-image-preview":"max-image-preview:large","max-video-preview":"max-video-preview:-1"},"canonical":"https:\/\/inti.hr\/sr\/proizvod\/uredska-stolica-sa-sirokim-sjedalom-i-kriznom-bazom-2\/","og_locale":"sr_RS","og_type":"article","og_title":"Uredska stolica sa \u0161irokim sjedalom i kri\u017enom bazom - Inti","og_description":"\u3010MODERN STIL\u3011Jedinstvena kri\u017ena baza u kombinaciji s modernim dizajnom daje stolici da\u0161ak elegancije, \u0161to je \u010dini lakom za integraciju u va\u0161u sobu.\u3010VISOKA UDOBNOST\u3011Sa sjedalom \u0161irine 67 cm i naslonom visokim 35 cm, ru\u017ei\u010dasta okretna stolica osigurava visoku udobnost. A s pjenastim punjenjem, jastuk debljine 10 cm pru\u017ea meku potporu.\u3010PROZRA\u010cNO\u3011Uredska stolica presvu\u010dena mje\u0161avinom pamuka i lana ugodna je za ko\u017eu i prozra\u010dna, tako da ostajete hladni \u010dak i kada sjedite satima.\u3010STABILNO I SIGURNO\u3011Mehani\u010dka podno\u017ena plo\u010da debljine 2,5 mm pru\u017ea visoku stabilnost. Kri\u017ena podloga promjera 72 cm pro\u0161la je stati\u010dki test tlaka s optere\u0107enjem od 1136 kg. Plinska boca je testirana od strane SGS-a za maksimalnu sigurnost.\u3010FLEKSIBILNA UPORABA\u3011Funkcija ljuljanja od 90-105\u00b0 idealna je za opu\u0161tanje. Sjedalo se mo\u017ee podesiti po visini za 8 cm tako da mo\u017eete posti\u0107i najudobniji polo\u017eaj sjedenja i nogu.","og_url":"https:\/\/inti.hr\/sr\/proizvod\/uredska-stolica-sa-sirokim-sjedalom-i-kriznom-bazom-2\/","og_site_name":"Inti","og_image":[{"width":1000,"height":1000,"url":"https:\/\/i0.wp.com\/inti.hr\/wp-content\/uploads\/2025\/10\/OBG046R01-1.jpg?fit=1000%2C1000&ssl=1","type":"image\/jpeg"}],"twitter_card":"summary_large_image","schema":{"@context":"https:\/\/schema.org","@graph":[{"@type":"WebPage","@id":"https:\/\/inti.hr\/sr\/proizvod\/uredska-stolica-sa-sirokim-sjedalom-i-kriznom-bazom-2\/","url":"https:\/\/inti.hr\/sr\/proizvod\/uredska-stolica-sa-sirokim-sjedalom-i-kriznom-bazom-2\/","name":"Uredska stolica sa \u0161irokim sjedalom i kri\u017enom bazom - Inti","isPartOf":{"@id":"https:\/\/inti.hr\/sr\/#website"},"primaryImageOfPage":{"@id":"https:\/\/inti.hr\/sr\/proizvod\/uredska-stolica-sa-sirokim-sjedalom-i-kriznom-bazom-2\/#primaryimage"},"image":{"@id":"https:\/\/inti.hr\/sr\/proizvod\/uredska-stolica-sa-sirokim-sjedalom-i-kriznom-bazom-2\/#primaryimage"},"thumbnailUrl":"https:\/\/i0.wp.com\/inti.hr\/wp-content\/uploads\/2025\/10\/OBG046R01-1.jpg?fit=1000%2C1000&ssl=1","datePublished":"2025-10-04T15:10:25+00:00","dateModified":"2025-10-04T15:10:25+00:00","description":"\u3010MODERN STIL\u3011Jedinstvena kri\u017ena baza u kombinaciji s modernim dizajnom daje stolici da\u0161ak elegancije, \u0161to je \u010dini lakom za integraciju u va\u0161u sobu.\u3010VISOKA UDOBNOST\u3011Sa sjedalom \u0161irine 67 cm i naslonom visokim 35 cm, ru\u017ei\u010dasta okretna stolica osigurava visoku udobnost. A s pjenastim punjenjem, jastuk debljine 10 cm pru\u017ea meku potporu.\u3010PROZRA\u010cNO\u3011Uredska stolica presvu\u010dena mje\u0161avinom pamuka i lana ugodna je za ko\u017eu i prozra\u010dna, tako da ostajete hladni \u010dak i kada sjedite satima.\u3010STABILNO I SIGURNO\u3011Mehani\u010dka podno\u017ena plo\u010da debljine 2,5 mm pru\u017ea visoku stabilnost. Kri\u017ena podloga promjera 72 cm pro\u0161la je stati\u010dki test tlaka s optere\u0107enjem od 1136 kg. Plinska boca je testirana od strane SGS-a za maksimalnu sigurnost.\u3010FLEKSIBILNA UPORABA\u3011Funkcija ljuljanja od 90-105\u00b0 idealna je za opu\u0161tanje. Sjedalo se mo\u017ee podesiti po visini za 8 cm tako da mo\u017eete posti\u0107i najudobniji polo\u017eaj sjedenja i nogu.","breadcrumb":{"@id":"https:\/\/inti.hr\/sr\/proizvod\/uredska-stolica-sa-sirokim-sjedalom-i-kriznom-bazom-2\/#breadcrumb"},"inLanguage":"sr-RS","potentialAction":[{"@type":"ReadAction","target":["https:\/\/inti.hr\/sr\/proizvod\/uredska-stolica-sa-sirokim-sjedalom-i-kriznom-bazom-2\/"]}]},{"@type":"ImageObject","inLanguage":"sr-RS","@id":"https:\/\/inti.hr\/sr\/proizvod\/uredska-stolica-sa-sirokim-sjedalom-i-kriznom-bazom-2\/#primaryimage","url":"https:\/\/i0.wp.com\/inti.hr\/wp-content\/uploads\/2025\/10\/OBG046R01-1.jpg?fit=1000%2C1000&ssl=1","contentUrl":"https:\/\/i0.wp.com\/inti.hr\/wp-content\/uploads\/2025\/10\/OBG046R01-1.jpg?fit=1000%2C1000&ssl=1","width":1000,"height":1000,"caption":"SONGMICS uredska stolica sa \u0161irokim sjedalom i kri\u017enom bazom, krem-bijela"},{"@type":"BreadcrumbList","@id":"https:\/\/inti.hr\/sr\/proizvod\/uredska-stolica-sa-sirokim-sjedalom-i-kriznom-bazom-2\/#breadcrumb","itemListElement":[{"@type":"ListItem","position":1,"name":"Po\u010detna stranica","item":"https:\/\/inti.hr\/sr\/"},{"@type":"ListItem","position":2,"name":"Prodavnica","item":"https:\/\/inti.hr\/sr\/prodavnica\/"},{"@type":"ListItem","position":3,"name":"Uredska stolica sa \u0161irokim sjedalom i kri\u017enom bazom"}]},{"@type":"WebSite","@id":"https:\/\/inti.hr\/sr\/#website","url":"https:\/\/inti.hr\/sr\/","name":"Inti","description":"trgovina","potentialAction":[{"@type":"SearchAction","target":{"@type":"EntryPoint","urlTemplate":"https:\/\/inti.hr\/sr\/?s={search_term_string}"},"query-input":{"@type":"PropertyValueSpecification","valueRequired":true,"valueName":"search_term_string"}}],"inLanguage":"sr-RS"}]}},"jetpack_sharing_enabled":true,"jetpack-related-posts":[],"_links":{"self":[{"href":"https:\/\/inti.hr\/sr\/wp-json\/wp\/v2\/product\/31081"}],"collection":[{"href":"https:\/\/inti.hr\/sr\/wp-json\/wp\/v2\/product"}],"about":[{"href":"https:\/\/inti.hr\/sr\/wp-json\/wp\/v2\/types\/product"}],"wp:featuredmedia":[{"embeddable":true,"href":"https:\/\/inti.hr\/sr\/wp-json\/wp\/v2\/media\/31082"}],"wp:attachment":[{"href":"https:\/\/inti.hr\/sr\/wp-json\/wp\/v2\/media?parent=31081"}],"wp:term":[{"taxonomy":"product_cat","embeddable":true,"href":"https:\/\/inti.hr\/sr\/wp-json\/wp\/v2\/product_cat?post=31081"},{"taxonomy":"product_tag","embeddable":true,"href":"https:\/\/inti.hr\/sr\/wp-json\/wp\/v2\/product_tag?post=31081"}],"curies":[{"name":"wp","href":"https:\/\/api.w.org\/{rel}","templated":true}]}}