{"id":31137,"date":"2025-07-17T09:22:13","date_gmt":"2025-07-17T08:22:13","guid":{"rendered":"https:\/\/inti.hr\/product\/visoki-kuhinjski-ormaric-u-seoskom-stilu-s-kliznim-vratima-i-policama\/"},"modified":"2025-07-17T09:22:13","modified_gmt":"2025-07-17T08:22:13","slug":"visoki-kuhinjski-ormaric-u-seoskom-stilu-s-kliznim-vratima-i-policama","status":"publish","type":"product","link":"https:\/\/inti.hr\/sr\/proizvod\/visoki-kuhinjski-ormaric-u-seoskom-stilu-s-kliznim-vratima-i-policama\/","title":{"rendered":"Visoki kuhinjski ormari\u0107 u seoskom stilu s kliznim vratima i policama"},"content":{"rendered":"<p>Detalji o proizvodu:<br \/>\nBoja: Vintage bijela<br \/>\nMaterijal: MDF (vlaknasta plo\u010da srednje gusto\u0107e), iverica<br \/>\nVeli\u010dina: 40 x 80 x 178,6 cm (D x \u0160 x V)<br \/>\nTe\u017eina: 50,6 kg<br \/>\nMaks. stati\u010dka ukupna nosivost: 225 kg<br \/>\nMaks. stati\u010dka nosivost svake podesive police unutar ormari\u0107a: 22,7 kg<br \/>\nMaks. stati\u010dka nosivost izvla\u010dnog pretinca za pohranu: 22,7 kg<br \/>\nMaks. stati\u010dka nosivost svakog odjeljka vrata: 5 kg<br \/>\nMaks. stati\u010dka nosivost ladice: 13,6 kg<\/p>\n","protected":false},"excerpt":{"rendered":"<p>S 2 prostrana ormari\u0107a, velikom ladicom i 6 polica, ovaj vi\u0161enamjenski &#8230; <\/p>\n","protected":false},"featured_media":31138,"template":"","meta":[],"product_cat":[2539],"product_tag":[2540,2857],"yoast_head":"<!-- This site is optimized with the Yoast SEO plugin v23.7 - https:\/\/yoast.com\/wordpress\/plugins\/seo\/ -->\n<title>Visoki kuhinjski ormari\u0107 u seoskom stilu s kliznim vratima i policama - Inti<\/title>\n<meta name=\"description\" content=\"S 2 prostrana ormari\u0107a, velikom ladicom i 6 polica, ovaj vi\u0161enamjenski ormari\u0107 nudi dovoljno prostora za pohranu kako biste organizirali svoju kuhinju, blagovaonicu, dnevni boravak ili radnu sobu. Ugra\u0111eni izvla\u010dni pretinac za pohranu u donjem ormari\u0107u omogu\u0107uje jednostavan pristup predmetima \u2013 nema vi\u0161e pretrage pretrpanih polica. \u00a0S ozna\u010denim dijelovima i jasnim uputama, sastavljanje kuhinjskog ormari\u0107a je bez problema i \u0161tedi vam vrijeme i trud. \u00a0Ovaj ormari\u0107 je opremljen s 3 podesive police unutar ormari\u0107a i 2 podesive police na vratima, tako da mo\u017eete jednostavno pohraniti predmete razli\u010ditih veli\u010dina. Ormari\u0107 za pohranu izra\u0111en je od visokokvalitetnog MDF-a i iverice te je stabilan i izdr\u017eljiv. Prilo\u017eeni ure\u0111aj protiv prevrtanja omogu\u0107uje vam sigurno pri\u010dvr\u0161\u0107ivanje ormari\u0107a na zid za dodatnu sigurnost.\" \/>\n<meta name=\"robots\" content=\"index, follow, max-snippet:-1, max-image-preview:large, max-video-preview:-1\" \/>\n<link rel=\"canonical\" href=\"https:\/\/inti.hr\/sr\/proizvod\/visoki-kuhinjski-ormaric-u-seoskom-stilu-s-kliznim-vratima-i-policama\/\" \/>\n<meta property=\"og:locale\" content=\"sr_RS\" \/>\n<meta property=\"og:type\" content=\"article\" \/>\n<meta property=\"og:title\" content=\"Visoki kuhinjski ormari\u0107 u seoskom stilu s kliznim vratima i policama - Inti\" \/>\n<meta property=\"og:description\" content=\"S 2 prostrana ormari\u0107a, velikom ladicom i 6 polica, ovaj vi\u0161enamjenski ormari\u0107 nudi dovoljno prostora za pohranu kako biste organizirali svoju kuhinju, blagovaonicu, dnevni boravak ili radnu sobu. Ugra\u0111eni izvla\u010dni pretinac za pohranu u donjem ormari\u0107u omogu\u0107uje jednostavan pristup predmetima \u2013 nema vi\u0161e pretrage pretrpanih polica. \u00a0S ozna\u010denim dijelovima i jasnim uputama, sastavljanje kuhinjskog ormari\u0107a je bez problema i \u0161tedi vam vrijeme i trud. \u00a0Ovaj ormari\u0107 je opremljen s 3 podesive police unutar ormari\u0107a i 2 podesive police na vratima, tako da mo\u017eete jednostavno pohraniti predmete razli\u010ditih veli\u010dina. Ormari\u0107 za pohranu izra\u0111en je od visokokvalitetnog MDF-a i iverice te je stabilan i izdr\u017eljiv. Prilo\u017eeni ure\u0111aj protiv prevrtanja omogu\u0107uje vam sigurno pri\u010dvr\u0161\u0107ivanje ormari\u0107a na zid za dodatnu sigurnost.\" \/>\n<meta property=\"og:url\" content=\"https:\/\/inti.hr\/sr\/proizvod\/visoki-kuhinjski-ormaric-u-seoskom-stilu-s-kliznim-vratima-i-policama\/\" \/>\n<meta property=\"og:site_name\" content=\"Inti\" \/>\n<meta property=\"og:image\" content=\"https:\/\/i0.wp.com\/inti.hr\/wp-content\/uploads\/2025\/07\/BBK364W02-1.jpg?fit=1000%2C1000&ssl=1\" \/>\n\t<meta property=\"og:image:width\" content=\"1000\" \/>\n\t<meta property=\"og:image:height\" content=\"1000\" \/>\n\t<meta property=\"og:image:type\" content=\"image\/jpeg\" \/>\n<meta name=\"twitter:card\" content=\"summary_large_image\" \/>\n<script type=\"application\/ld+json\" class=\"yoast-schema-graph\">{\"@context\":\"https:\/\/schema.org\",\"@graph\":[{\"@type\":\"WebPage\",\"@id\":\"https:\/\/inti.hr\/sr\/proizvod\/visoki-kuhinjski-ormaric-u-seoskom-stilu-s-kliznim-vratima-i-policama\/\",\"url\":\"https:\/\/inti.hr\/sr\/proizvod\/visoki-kuhinjski-ormaric-u-seoskom-stilu-s-kliznim-vratima-i-policama\/\",\"name\":\"Visoki kuhinjski ormari\u0107 u seoskom stilu s kliznim vratima i policama - Inti\",\"isPartOf\":{\"@id\":\"https:\/\/inti.hr\/sr\/#website\"},\"primaryImageOfPage\":{\"@id\":\"https:\/\/inti.hr\/sr\/proizvod\/visoki-kuhinjski-ormaric-u-seoskom-stilu-s-kliznim-vratima-i-policama\/#primaryimage\"},\"image\":{\"@id\":\"https:\/\/inti.hr\/sr\/proizvod\/visoki-kuhinjski-ormaric-u-seoskom-stilu-s-kliznim-vratima-i-policama\/#primaryimage\"},\"thumbnailUrl\":\"https:\/\/i0.wp.com\/inti.hr\/wp-content\/uploads\/2025\/07\/BBK364W02-1.jpg?fit=1000%2C1000&ssl=1\",\"datePublished\":\"2025-07-17T08:22:13+00:00\",\"dateModified\":\"2025-07-17T08:22:13+00:00\",\"description\":\"S 2 prostrana ormari\u0107a, velikom ladicom i 6 polica, ovaj vi\u0161enamjenski ormari\u0107 nudi dovoljno prostora za pohranu kako biste organizirali svoju kuhinju, blagovaonicu, dnevni boravak ili radnu sobu. Ugra\u0111eni izvla\u010dni pretinac za pohranu u donjem ormari\u0107u omogu\u0107uje jednostavan pristup predmetima \u2013 nema vi\u0161e pretrage pretrpanih polica. \u00a0S ozna\u010denim dijelovima i jasnim uputama, sastavljanje kuhinjskog ormari\u0107a je bez problema i \u0161tedi vam vrijeme i trud. \u00a0Ovaj ormari\u0107 je opremljen s 3 podesive police unutar ormari\u0107a i 2 podesive police na vratima, tako da mo\u017eete jednostavno pohraniti predmete razli\u010ditih veli\u010dina. Ormari\u0107 za pohranu izra\u0111en je od visokokvalitetnog MDF-a i iverice te je stabilan i izdr\u017eljiv. Prilo\u017eeni ure\u0111aj protiv prevrtanja omogu\u0107uje vam sigurno pri\u010dvr\u0161\u0107ivanje ormari\u0107a na zid za dodatnu sigurnost.\",\"breadcrumb\":{\"@id\":\"https:\/\/inti.hr\/sr\/proizvod\/visoki-kuhinjski-ormaric-u-seoskom-stilu-s-kliznim-vratima-i-policama\/#breadcrumb\"},\"inLanguage\":\"sr-RS\",\"potentialAction\":[{\"@type\":\"ReadAction\",\"target\":[\"https:\/\/inti.hr\/sr\/proizvod\/visoki-kuhinjski-ormaric-u-seoskom-stilu-s-kliznim-vratima-i-policama\/\"]}]},{\"@type\":\"ImageObject\",\"inLanguage\":\"sr-RS\",\"@id\":\"https:\/\/inti.hr\/sr\/proizvod\/visoki-kuhinjski-ormaric-u-seoskom-stilu-s-kliznim-vratima-i-policama\/#primaryimage\",\"url\":\"https:\/\/i0.wp.com\/inti.hr\/wp-content\/uploads\/2025\/07\/BBK364W02-1.jpg?fit=1000%2C1000&ssl=1\",\"contentUrl\":\"https:\/\/i0.wp.com\/inti.hr\/wp-content\/uploads\/2025\/07\/BBK364W02-1.jpg?fit=1000%2C1000&ssl=1\",\"width\":1000,\"height\":1000},{\"@type\":\"BreadcrumbList\",\"@id\":\"https:\/\/inti.hr\/sr\/proizvod\/visoki-kuhinjski-ormaric-u-seoskom-stilu-s-kliznim-vratima-i-policama\/#breadcrumb\",\"itemListElement\":[{\"@type\":\"ListItem\",\"position\":1,\"name\":\"Po\u010detna stranica\",\"item\":\"https:\/\/inti.hr\/sr\/\"},{\"@type\":\"ListItem\",\"position\":2,\"name\":\"Prodavnica\",\"item\":\"https:\/\/inti.hr\/sr\/prodavnica\/\"},{\"@type\":\"ListItem\",\"position\":3,\"name\":\"Visoki kuhinjski ormari\u0107 u seoskom stilu s kliznim vratima i policama\"}]},{\"@type\":\"WebSite\",\"@id\":\"https:\/\/inti.hr\/sr\/#website\",\"url\":\"https:\/\/inti.hr\/sr\/\",\"name\":\"Inti\",\"description\":\"trgovina\",\"potentialAction\":[{\"@type\":\"SearchAction\",\"target\":{\"@type\":\"EntryPoint\",\"urlTemplate\":\"https:\/\/inti.hr\/sr\/?s={search_term_string}\"},\"query-input\":{\"@type\":\"PropertyValueSpecification\",\"valueRequired\":true,\"valueName\":\"search_term_string\"}}],\"inLanguage\":\"sr-RS\"}]}<\/script>\n<!-- \/ Yoast SEO plugin. -->","yoast_head_json":{"title":"Visoki kuhinjski ormari\u0107 u seoskom stilu s kliznim vratima i policama - Inti","description":"S 2 prostrana ormari\u0107a, velikom ladicom i 6 polica, ovaj vi\u0161enamjenski ormari\u0107 nudi dovoljno prostora za pohranu kako biste organizirali svoju kuhinju, blagovaonicu, dnevni boravak ili radnu sobu. Ugra\u0111eni izvla\u010dni pretinac za pohranu u donjem ormari\u0107u omogu\u0107uje jednostavan pristup predmetima \u2013 nema vi\u0161e pretrage pretrpanih polica. \u00a0S ozna\u010denim dijelovima i jasnim uputama, sastavljanje kuhinjskog ormari\u0107a je bez problema i \u0161tedi vam vrijeme i trud. \u00a0Ovaj ormari\u0107 je opremljen s 3 podesive police unutar ormari\u0107a i 2 podesive police na vratima, tako da mo\u017eete jednostavno pohraniti predmete razli\u010ditih veli\u010dina. Ormari\u0107 za pohranu izra\u0111en je od visokokvalitetnog MDF-a i iverice te je stabilan i izdr\u017eljiv. Prilo\u017eeni ure\u0111aj protiv prevrtanja omogu\u0107uje vam sigurno pri\u010dvr\u0161\u0107ivanje ormari\u0107a na zid za dodatnu sigurnost.","robots":{"index":"index","follow":"follow","max-snippet":"max-snippet:-1","max-image-preview":"max-image-preview:large","max-video-preview":"max-video-preview:-1"},"canonical":"https:\/\/inti.hr\/sr\/proizvod\/visoki-kuhinjski-ormaric-u-seoskom-stilu-s-kliznim-vratima-i-policama\/","og_locale":"sr_RS","og_type":"article","og_title":"Visoki kuhinjski ormari\u0107 u seoskom stilu s kliznim vratima i policama - Inti","og_description":"S 2 prostrana ormari\u0107a, velikom ladicom i 6 polica, ovaj vi\u0161enamjenski ormari\u0107 nudi dovoljno prostora za pohranu kako biste organizirali svoju kuhinju, blagovaonicu, dnevni boravak ili radnu sobu. Ugra\u0111eni izvla\u010dni pretinac za pohranu u donjem ormari\u0107u omogu\u0107uje jednostavan pristup predmetima \u2013 nema vi\u0161e pretrage pretrpanih polica. \u00a0S ozna\u010denim dijelovima i jasnim uputama, sastavljanje kuhinjskog ormari\u0107a je bez problema i \u0161tedi vam vrijeme i trud. \u00a0Ovaj ormari\u0107 je opremljen s 3 podesive police unutar ormari\u0107a i 2 podesive police na vratima, tako da mo\u017eete jednostavno pohraniti predmete razli\u010ditih veli\u010dina. Ormari\u0107 za pohranu izra\u0111en je od visokokvalitetnog MDF-a i iverice te je stabilan i izdr\u017eljiv. Prilo\u017eeni ure\u0111aj protiv prevrtanja omogu\u0107uje vam sigurno pri\u010dvr\u0161\u0107ivanje ormari\u0107a na zid za dodatnu sigurnost.","og_url":"https:\/\/inti.hr\/sr\/proizvod\/visoki-kuhinjski-ormaric-u-seoskom-stilu-s-kliznim-vratima-i-policama\/","og_site_name":"Inti","og_image":[{"width":1000,"height":1000,"url":"https:\/\/i0.wp.com\/inti.hr\/wp-content\/uploads\/2025\/07\/BBK364W02-1.jpg?fit=1000%2C1000&ssl=1","type":"image\/jpeg"}],"twitter_card":"summary_large_image","schema":{"@context":"https:\/\/schema.org","@graph":[{"@type":"WebPage","@id":"https:\/\/inti.hr\/sr\/proizvod\/visoki-kuhinjski-ormaric-u-seoskom-stilu-s-kliznim-vratima-i-policama\/","url":"https:\/\/inti.hr\/sr\/proizvod\/visoki-kuhinjski-ormaric-u-seoskom-stilu-s-kliznim-vratima-i-policama\/","name":"Visoki kuhinjski ormari\u0107 u seoskom stilu s kliznim vratima i policama - Inti","isPartOf":{"@id":"https:\/\/inti.hr\/sr\/#website"},"primaryImageOfPage":{"@id":"https:\/\/inti.hr\/sr\/proizvod\/visoki-kuhinjski-ormaric-u-seoskom-stilu-s-kliznim-vratima-i-policama\/#primaryimage"},"image":{"@id":"https:\/\/inti.hr\/sr\/proizvod\/visoki-kuhinjski-ormaric-u-seoskom-stilu-s-kliznim-vratima-i-policama\/#primaryimage"},"thumbnailUrl":"https:\/\/i0.wp.com\/inti.hr\/wp-content\/uploads\/2025\/07\/BBK364W02-1.jpg?fit=1000%2C1000&ssl=1","datePublished":"2025-07-17T08:22:13+00:00","dateModified":"2025-07-17T08:22:13+00:00","description":"S 2 prostrana ormari\u0107a, velikom ladicom i 6 polica, ovaj vi\u0161enamjenski ormari\u0107 nudi dovoljno prostora za pohranu kako biste organizirali svoju kuhinju, blagovaonicu, dnevni boravak ili radnu sobu. Ugra\u0111eni izvla\u010dni pretinac za pohranu u donjem ormari\u0107u omogu\u0107uje jednostavan pristup predmetima \u2013 nema vi\u0161e pretrage pretrpanih polica. \u00a0S ozna\u010denim dijelovima i jasnim uputama, sastavljanje kuhinjskog ormari\u0107a je bez problema i \u0161tedi vam vrijeme i trud. \u00a0Ovaj ormari\u0107 je opremljen s 3 podesive police unutar ormari\u0107a i 2 podesive police na vratima, tako da mo\u017eete jednostavno pohraniti predmete razli\u010ditih veli\u010dina. Ormari\u0107 za pohranu izra\u0111en je od visokokvalitetnog MDF-a i iverice te je stabilan i izdr\u017eljiv. Prilo\u017eeni ure\u0111aj protiv prevrtanja omogu\u0107uje vam sigurno pri\u010dvr\u0161\u0107ivanje ormari\u0107a na zid za dodatnu sigurnost.","breadcrumb":{"@id":"https:\/\/inti.hr\/sr\/proizvod\/visoki-kuhinjski-ormaric-u-seoskom-stilu-s-kliznim-vratima-i-policama\/#breadcrumb"},"inLanguage":"sr-RS","potentialAction":[{"@type":"ReadAction","target":["https:\/\/inti.hr\/sr\/proizvod\/visoki-kuhinjski-ormaric-u-seoskom-stilu-s-kliznim-vratima-i-policama\/"]}]},{"@type":"ImageObject","inLanguage":"sr-RS","@id":"https:\/\/inti.hr\/sr\/proizvod\/visoki-kuhinjski-ormaric-u-seoskom-stilu-s-kliznim-vratima-i-policama\/#primaryimage","url":"https:\/\/i0.wp.com\/inti.hr\/wp-content\/uploads\/2025\/07\/BBK364W02-1.jpg?fit=1000%2C1000&ssl=1","contentUrl":"https:\/\/i0.wp.com\/inti.hr\/wp-content\/uploads\/2025\/07\/BBK364W02-1.jpg?fit=1000%2C1000&ssl=1","width":1000,"height":1000},{"@type":"BreadcrumbList","@id":"https:\/\/inti.hr\/sr\/proizvod\/visoki-kuhinjski-ormaric-u-seoskom-stilu-s-kliznim-vratima-i-policama\/#breadcrumb","itemListElement":[{"@type":"ListItem","position":1,"name":"Po\u010detna stranica","item":"https:\/\/inti.hr\/sr\/"},{"@type":"ListItem","position":2,"name":"Prodavnica","item":"https:\/\/inti.hr\/sr\/prodavnica\/"},{"@type":"ListItem","position":3,"name":"Visoki kuhinjski ormari\u0107 u seoskom stilu s kliznim vratima i policama"}]},{"@type":"WebSite","@id":"https:\/\/inti.hr\/sr\/#website","url":"https:\/\/inti.hr\/sr\/","name":"Inti","description":"trgovina","potentialAction":[{"@type":"SearchAction","target":{"@type":"EntryPoint","urlTemplate":"https:\/\/inti.hr\/sr\/?s={search_term_string}"},"query-input":{"@type":"PropertyValueSpecification","valueRequired":true,"valueName":"search_term_string"}}],"inLanguage":"sr-RS"}]}},"jetpack_sharing_enabled":true,"jetpack-related-posts":[],"_links":{"self":[{"href":"https:\/\/inti.hr\/sr\/wp-json\/wp\/v2\/product\/31137"}],"collection":[{"href":"https:\/\/inti.hr\/sr\/wp-json\/wp\/v2\/product"}],"about":[{"href":"https:\/\/inti.hr\/sr\/wp-json\/wp\/v2\/types\/product"}],"wp:featuredmedia":[{"embeddable":true,"href":"https:\/\/inti.hr\/sr\/wp-json\/wp\/v2\/media\/31138"}],"wp:attachment":[{"href":"https:\/\/inti.hr\/sr\/wp-json\/wp\/v2\/media?parent=31137"}],"wp:term":[{"taxonomy":"product_cat","embeddable":true,"href":"https:\/\/inti.hr\/sr\/wp-json\/wp\/v2\/product_cat?post=31137"},{"taxonomy":"product_tag","embeddable":true,"href":"https:\/\/inti.hr\/sr\/wp-json\/wp\/v2\/product_tag?post=31137"}],"curies":[{"name":"wp","href":"https:\/\/api.w.org\/{rel}","templated":true}]}}