{"id":31148,"date":"2025-07-13T16:12:13","date_gmt":"2025-07-13T15:12:13","guid":{"rendered":"https:\/\/inti.hr\/product\/stolic-za-kavu-na-2-razine\/"},"modified":"2025-07-13T16:12:13","modified_gmt":"2025-07-13T15:12:13","slug":"stolic-za-kavu-na-2-razine","status":"publish","type":"product","link":"https:\/\/inti.hr\/sr\/proizvod\/stolic-za-kavu-na-2-razine\/","title":{"rendered":"Stoli\u0107 za kavu na 2 razine"},"content":{"rendered":"<p>Detalji o proizvodu:<br \/>\nMaterijal: iverica, MDF (vlaknasta plo\u010da srednje gusto\u0107e)<br \/>\nVeli\u010dina: 80 cm d, 45 cm v<br \/>\nTe\u017eina: 11,4 kg<br \/>\nMaks. stati\u010dka nosivost: 30 kg<\/p>\n","protected":false},"excerpt":{"rendered":"<p>\u3010DVOSTRUKI STOLI\u0106 ZA KAVU\u3011Stoli\u0107 za kavu s dvije otvorene police promjera &#8230; <\/p>\n","protected":false},"featured_media":31149,"template":"","meta":[],"product_cat":[2421],"product_tag":[2448,2862],"yoast_head":"<!-- This site is optimized with the Yoast SEO plugin v23.7 - https:\/\/yoast.com\/wordpress\/plugins\/seo\/ -->\n<title>Stoli\u0107 za kavu na 2 razine - Inti<\/title>\n<meta name=\"description\" content=\"\u3010DVOSTRUKI STOLI\u0106 ZA KAVU\u3011Stoli\u0107 za kavu s dvije otvorene police promjera 80 cm i visine 45 cm pru\u017ea dovoljno prostora za va\u0161e potrep\u0161tine u dnevnoj sobi i omogu\u0107uje jednostavan pristup va\u0161im predmetima.\u3010ROBUSTAN I STABILAN\u3011Izra\u0111en od iverice i MDF-a, stol je robustan i stabilan te mo\u017ee podnijeti te\u017einu do 30 kg.\u3010JEDNOSTAVNO SASTAVLJANJE\u3011Zahvaljuju\u0107i ozna\u010denim dijelovima, jasnim uputama i jednostavnoj strukturi, ovaj okrugli stol za dnevni boravak mo\u017eete lako sastaviti za oko 20 minuta.\u3010STILSKI DIZAJN\u3011Sa svojim okruglim oblikom i \u010distim linijama, ovaj stoli\u0107 za kavu dodaje prirodan i \u0161ik \u0161arm va\u0161em \u017eivotnom prostoru i lako se kombinira s raznim ukrasnim elementima i stilovima opremanja.\u3010LAKO ZA \u010cI\u0160\u0106ENJE\u3011Ovaj pomo\u0107ni stoli\u0107 se lako \u010disti krpom i ostaje \u010dist i kao nov.\" \/>\n<meta name=\"robots\" content=\"index, follow, max-snippet:-1, max-image-preview:large, max-video-preview:-1\" \/>\n<link rel=\"canonical\" href=\"https:\/\/inti.hr\/sr\/proizvod\/stolic-za-kavu-na-2-razine\/\" \/>\n<meta property=\"og:locale\" content=\"sr_RS\" \/>\n<meta property=\"og:type\" content=\"article\" \/>\n<meta property=\"og:title\" content=\"Stoli\u0107 za kavu na 2 razine - Inti\" \/>\n<meta property=\"og:description\" content=\"\u3010DVOSTRUKI STOLI\u0106 ZA KAVU\u3011Stoli\u0107 za kavu s dvije otvorene police promjera 80 cm i visine 45 cm pru\u017ea dovoljno prostora za va\u0161e potrep\u0161tine u dnevnoj sobi i omogu\u0107uje jednostavan pristup va\u0161im predmetima.\u3010ROBUSTAN I STABILAN\u3011Izra\u0111en od iverice i MDF-a, stol je robustan i stabilan te mo\u017ee podnijeti te\u017einu do 30 kg.\u3010JEDNOSTAVNO SASTAVLJANJE\u3011Zahvaljuju\u0107i ozna\u010denim dijelovima, jasnim uputama i jednostavnoj strukturi, ovaj okrugli stol za dnevni boravak mo\u017eete lako sastaviti za oko 20 minuta.\u3010STILSKI DIZAJN\u3011Sa svojim okruglim oblikom i \u010distim linijama, ovaj stoli\u0107 za kavu dodaje prirodan i \u0161ik \u0161arm va\u0161em \u017eivotnom prostoru i lako se kombinira s raznim ukrasnim elementima i stilovima opremanja.\u3010LAKO ZA \u010cI\u0160\u0106ENJE\u3011Ovaj pomo\u0107ni stoli\u0107 se lako \u010disti krpom i ostaje \u010dist i kao nov.\" \/>\n<meta property=\"og:url\" content=\"https:\/\/inti.hr\/sr\/proizvod\/stolic-za-kavu-na-2-razine\/\" \/>\n<meta property=\"og:site_name\" content=\"Inti\" \/>\n<meta property=\"og:image\" content=\"https:\/\/i0.wp.com\/inti.hr\/wp-content\/uploads\/2025\/07\/LCT243G68-2.jpg?fit=800%2C1000&ssl=1\" \/>\n\t<meta property=\"og:image:width\" content=\"800\" \/>\n\t<meta property=\"og:image:height\" content=\"1000\" \/>\n\t<meta property=\"og:image:type\" content=\"image\/jpeg\" \/>\n<meta name=\"twitter:card\" content=\"summary_large_image\" \/>\n<script type=\"application\/ld+json\" class=\"yoast-schema-graph\">{\"@context\":\"https:\/\/schema.org\",\"@graph\":[{\"@type\":\"WebPage\",\"@id\":\"https:\/\/inti.hr\/sr\/proizvod\/stolic-za-kavu-na-2-razine\/\",\"url\":\"https:\/\/inti.hr\/sr\/proizvod\/stolic-za-kavu-na-2-razine\/\",\"name\":\"Stoli\u0107 za kavu na 2 razine - Inti\",\"isPartOf\":{\"@id\":\"https:\/\/inti.hr\/sr\/#website\"},\"primaryImageOfPage\":{\"@id\":\"https:\/\/inti.hr\/sr\/proizvod\/stolic-za-kavu-na-2-razine\/#primaryimage\"},\"image\":{\"@id\":\"https:\/\/inti.hr\/sr\/proizvod\/stolic-za-kavu-na-2-razine\/#primaryimage\"},\"thumbnailUrl\":\"https:\/\/i0.wp.com\/inti.hr\/wp-content\/uploads\/2025\/07\/LCT243G68-2.jpg?fit=800%2C1000&ssl=1\",\"datePublished\":\"2025-07-13T15:12:13+00:00\",\"dateModified\":\"2025-07-13T15:12:13+00:00\",\"description\":\"\u3010DVOSTRUKI STOLI\u0106 ZA KAVU\u3011Stoli\u0107 za kavu s dvije otvorene police promjera 80 cm i visine 45 cm pru\u017ea dovoljno prostora za va\u0161e potrep\u0161tine u dnevnoj sobi i omogu\u0107uje jednostavan pristup va\u0161im predmetima.\u3010ROBUSTAN I STABILAN\u3011Izra\u0111en od iverice i MDF-a, stol je robustan i stabilan te mo\u017ee podnijeti te\u017einu do 30 kg.\u3010JEDNOSTAVNO SASTAVLJANJE\u3011Zahvaljuju\u0107i ozna\u010denim dijelovima, jasnim uputama i jednostavnoj strukturi, ovaj okrugli stol za dnevni boravak mo\u017eete lako sastaviti za oko 20 minuta.\u3010STILSKI DIZAJN\u3011Sa svojim okruglim oblikom i \u010distim linijama, ovaj stoli\u0107 za kavu dodaje prirodan i \u0161ik \u0161arm va\u0161em \u017eivotnom prostoru i lako se kombinira s raznim ukrasnim elementima i stilovima opremanja.\u3010LAKO ZA \u010cI\u0160\u0106ENJE\u3011Ovaj pomo\u0107ni stoli\u0107 se lako \u010disti krpom i ostaje \u010dist i kao nov.\",\"breadcrumb\":{\"@id\":\"https:\/\/inti.hr\/sr\/proizvod\/stolic-za-kavu-na-2-razine\/#breadcrumb\"},\"inLanguage\":\"sr-RS\",\"potentialAction\":[{\"@type\":\"ReadAction\",\"target\":[\"https:\/\/inti.hr\/sr\/proizvod\/stolic-za-kavu-na-2-razine\/\"]}]},{\"@type\":\"ImageObject\",\"inLanguage\":\"sr-RS\",\"@id\":\"https:\/\/inti.hr\/sr\/proizvod\/stolic-za-kavu-na-2-razine\/#primaryimage\",\"url\":\"https:\/\/i0.wp.com\/inti.hr\/wp-content\/uploads\/2025\/07\/LCT243G68-2.jpg?fit=800%2C1000&ssl=1\",\"contentUrl\":\"https:\/\/i0.wp.com\/inti.hr\/wp-content\/uploads\/2025\/07\/LCT243G68-2.jpg?fit=800%2C1000&ssl=1\",\"width\":800,\"height\":1000,\"caption\":\"VASAGLE okrugli stoli\u0107 za kavu s 2 razine, promjera 80 cm, maglovito siva\"},{\"@type\":\"BreadcrumbList\",\"@id\":\"https:\/\/inti.hr\/sr\/proizvod\/stolic-za-kavu-na-2-razine\/#breadcrumb\",\"itemListElement\":[{\"@type\":\"ListItem\",\"position\":1,\"name\":\"Po\u010detna stranica\",\"item\":\"https:\/\/inti.hr\/sr\/\"},{\"@type\":\"ListItem\",\"position\":2,\"name\":\"Prodavnica\",\"item\":\"https:\/\/inti.hr\/sr\/prodavnica\/\"},{\"@type\":\"ListItem\",\"position\":3,\"name\":\"Stoli\u0107 za kavu na 2 razine\"}]},{\"@type\":\"WebSite\",\"@id\":\"https:\/\/inti.hr\/sr\/#website\",\"url\":\"https:\/\/inti.hr\/sr\/\",\"name\":\"Inti\",\"description\":\"trgovina\",\"potentialAction\":[{\"@type\":\"SearchAction\",\"target\":{\"@type\":\"EntryPoint\",\"urlTemplate\":\"https:\/\/inti.hr\/sr\/?s={search_term_string}\"},\"query-input\":{\"@type\":\"PropertyValueSpecification\",\"valueRequired\":true,\"valueName\":\"search_term_string\"}}],\"inLanguage\":\"sr-RS\"}]}<\/script>\n<!-- \/ Yoast SEO plugin. -->","yoast_head_json":{"title":"Stoli\u0107 za kavu na 2 razine - Inti","description":"\u3010DVOSTRUKI STOLI\u0106 ZA KAVU\u3011Stoli\u0107 za kavu s dvije otvorene police promjera 80 cm i visine 45 cm pru\u017ea dovoljno prostora za va\u0161e potrep\u0161tine u dnevnoj sobi i omogu\u0107uje jednostavan pristup va\u0161im predmetima.\u3010ROBUSTAN I STABILAN\u3011Izra\u0111en od iverice i MDF-a, stol je robustan i stabilan te mo\u017ee podnijeti te\u017einu do 30 kg.\u3010JEDNOSTAVNO SASTAVLJANJE\u3011Zahvaljuju\u0107i ozna\u010denim dijelovima, jasnim uputama i jednostavnoj strukturi, ovaj okrugli stol za dnevni boravak mo\u017eete lako sastaviti za oko 20 minuta.\u3010STILSKI DIZAJN\u3011Sa svojim okruglim oblikom i \u010distim linijama, ovaj stoli\u0107 za kavu dodaje prirodan i \u0161ik \u0161arm va\u0161em \u017eivotnom prostoru i lako se kombinira s raznim ukrasnim elementima i stilovima opremanja.\u3010LAKO ZA \u010cI\u0160\u0106ENJE\u3011Ovaj pomo\u0107ni stoli\u0107 se lako \u010disti krpom i ostaje \u010dist i kao nov.","robots":{"index":"index","follow":"follow","max-snippet":"max-snippet:-1","max-image-preview":"max-image-preview:large","max-video-preview":"max-video-preview:-1"},"canonical":"https:\/\/inti.hr\/sr\/proizvod\/stolic-za-kavu-na-2-razine\/","og_locale":"sr_RS","og_type":"article","og_title":"Stoli\u0107 za kavu na 2 razine - Inti","og_description":"\u3010DVOSTRUKI STOLI\u0106 ZA KAVU\u3011Stoli\u0107 za kavu s dvije otvorene police promjera 80 cm i visine 45 cm pru\u017ea dovoljno prostora za va\u0161e potrep\u0161tine u dnevnoj sobi i omogu\u0107uje jednostavan pristup va\u0161im predmetima.\u3010ROBUSTAN I STABILAN\u3011Izra\u0111en od iverice i MDF-a, stol je robustan i stabilan te mo\u017ee podnijeti te\u017einu do 30 kg.\u3010JEDNOSTAVNO SASTAVLJANJE\u3011Zahvaljuju\u0107i ozna\u010denim dijelovima, jasnim uputama i jednostavnoj strukturi, ovaj okrugli stol za dnevni boravak mo\u017eete lako sastaviti za oko 20 minuta.\u3010STILSKI DIZAJN\u3011Sa svojim okruglim oblikom i \u010distim linijama, ovaj stoli\u0107 za kavu dodaje prirodan i \u0161ik \u0161arm va\u0161em \u017eivotnom prostoru i lako se kombinira s raznim ukrasnim elementima i stilovima opremanja.\u3010LAKO ZA \u010cI\u0160\u0106ENJE\u3011Ovaj pomo\u0107ni stoli\u0107 se lako \u010disti krpom i ostaje \u010dist i kao nov.","og_url":"https:\/\/inti.hr\/sr\/proizvod\/stolic-za-kavu-na-2-razine\/","og_site_name":"Inti","og_image":[{"width":800,"height":1000,"url":"https:\/\/i0.wp.com\/inti.hr\/wp-content\/uploads\/2025\/07\/LCT243G68-2.jpg?fit=800%2C1000&ssl=1","type":"image\/jpeg"}],"twitter_card":"summary_large_image","schema":{"@context":"https:\/\/schema.org","@graph":[{"@type":"WebPage","@id":"https:\/\/inti.hr\/sr\/proizvod\/stolic-za-kavu-na-2-razine\/","url":"https:\/\/inti.hr\/sr\/proizvod\/stolic-za-kavu-na-2-razine\/","name":"Stoli\u0107 za kavu na 2 razine - Inti","isPartOf":{"@id":"https:\/\/inti.hr\/sr\/#website"},"primaryImageOfPage":{"@id":"https:\/\/inti.hr\/sr\/proizvod\/stolic-za-kavu-na-2-razine\/#primaryimage"},"image":{"@id":"https:\/\/inti.hr\/sr\/proizvod\/stolic-za-kavu-na-2-razine\/#primaryimage"},"thumbnailUrl":"https:\/\/i0.wp.com\/inti.hr\/wp-content\/uploads\/2025\/07\/LCT243G68-2.jpg?fit=800%2C1000&ssl=1","datePublished":"2025-07-13T15:12:13+00:00","dateModified":"2025-07-13T15:12:13+00:00","description":"\u3010DVOSTRUKI STOLI\u0106 ZA KAVU\u3011Stoli\u0107 za kavu s dvije otvorene police promjera 80 cm i visine 45 cm pru\u017ea dovoljno prostora za va\u0161e potrep\u0161tine u dnevnoj sobi i omogu\u0107uje jednostavan pristup va\u0161im predmetima.\u3010ROBUSTAN I STABILAN\u3011Izra\u0111en od iverice i MDF-a, stol je robustan i stabilan te mo\u017ee podnijeti te\u017einu do 30 kg.\u3010JEDNOSTAVNO SASTAVLJANJE\u3011Zahvaljuju\u0107i ozna\u010denim dijelovima, jasnim uputama i jednostavnoj strukturi, ovaj okrugli stol za dnevni boravak mo\u017eete lako sastaviti za oko 20 minuta.\u3010STILSKI DIZAJN\u3011Sa svojim okruglim oblikom i \u010distim linijama, ovaj stoli\u0107 za kavu dodaje prirodan i \u0161ik \u0161arm va\u0161em \u017eivotnom prostoru i lako se kombinira s raznim ukrasnim elementima i stilovima opremanja.\u3010LAKO ZA \u010cI\u0160\u0106ENJE\u3011Ovaj pomo\u0107ni stoli\u0107 se lako \u010disti krpom i ostaje \u010dist i kao nov.","breadcrumb":{"@id":"https:\/\/inti.hr\/sr\/proizvod\/stolic-za-kavu-na-2-razine\/#breadcrumb"},"inLanguage":"sr-RS","potentialAction":[{"@type":"ReadAction","target":["https:\/\/inti.hr\/sr\/proizvod\/stolic-za-kavu-na-2-razine\/"]}]},{"@type":"ImageObject","inLanguage":"sr-RS","@id":"https:\/\/inti.hr\/sr\/proizvod\/stolic-za-kavu-na-2-razine\/#primaryimage","url":"https:\/\/i0.wp.com\/inti.hr\/wp-content\/uploads\/2025\/07\/LCT243G68-2.jpg?fit=800%2C1000&ssl=1","contentUrl":"https:\/\/i0.wp.com\/inti.hr\/wp-content\/uploads\/2025\/07\/LCT243G68-2.jpg?fit=800%2C1000&ssl=1","width":800,"height":1000,"caption":"VASAGLE okrugli stoli\u0107 za kavu s 2 razine, promjera 80 cm, maglovito siva"},{"@type":"BreadcrumbList","@id":"https:\/\/inti.hr\/sr\/proizvod\/stolic-za-kavu-na-2-razine\/#breadcrumb","itemListElement":[{"@type":"ListItem","position":1,"name":"Po\u010detna stranica","item":"https:\/\/inti.hr\/sr\/"},{"@type":"ListItem","position":2,"name":"Prodavnica","item":"https:\/\/inti.hr\/sr\/prodavnica\/"},{"@type":"ListItem","position":3,"name":"Stoli\u0107 za kavu na 2 razine"}]},{"@type":"WebSite","@id":"https:\/\/inti.hr\/sr\/#website","url":"https:\/\/inti.hr\/sr\/","name":"Inti","description":"trgovina","potentialAction":[{"@type":"SearchAction","target":{"@type":"EntryPoint","urlTemplate":"https:\/\/inti.hr\/sr\/?s={search_term_string}"},"query-input":{"@type":"PropertyValueSpecification","valueRequired":true,"valueName":"search_term_string"}}],"inLanguage":"sr-RS"}]}},"jetpack_sharing_enabled":true,"jetpack-related-posts":[],"_links":{"self":[{"href":"https:\/\/inti.hr\/sr\/wp-json\/wp\/v2\/product\/31148"}],"collection":[{"href":"https:\/\/inti.hr\/sr\/wp-json\/wp\/v2\/product"}],"about":[{"href":"https:\/\/inti.hr\/sr\/wp-json\/wp\/v2\/types\/product"}],"wp:featuredmedia":[{"embeddable":true,"href":"https:\/\/inti.hr\/sr\/wp-json\/wp\/v2\/media\/31149"}],"wp:attachment":[{"href":"https:\/\/inti.hr\/sr\/wp-json\/wp\/v2\/media?parent=31148"}],"wp:term":[{"taxonomy":"product_cat","embeddable":true,"href":"https:\/\/inti.hr\/sr\/wp-json\/wp\/v2\/product_cat?post=31148"},{"taxonomy":"product_tag","embeddable":true,"href":"https:\/\/inti.hr\/sr\/wp-json\/wp\/v2\/product_tag?post=31148"}],"curies":[{"name":"wp","href":"https:\/\/api.w.org\/{rel}","templated":true}]}}