{"id":31167,"date":"2025-06-28T14:05:11","date_gmt":"2025-06-28T13:05:11","guid":{"rendered":"https:\/\/inti.hr\/product\/zidni-kupaonski-ormaric-s-ogledalom\/"},"modified":"2025-06-28T14:05:11","modified_gmt":"2025-06-28T13:05:11","slug":"zidni-kupaonski-ormaric-s-ogledalom","status":"publish","type":"product","link":"https:\/\/inti.hr\/sr\/proizvod\/zidni-kupaonski-ormaric-s-ogledalom\/","title":{"rendered":"Zidni kupaonski ormari\u0107 s ogledalom"},"content":{"rendered":"<p>Detalji proizvoda:<\/p>\n<p>Izra\u0111en od E1 MDF-a, stakla i karboniziranog bambusa, ovaj kupaonski ormari\u0107 otporan je na vlagu, savr\u0161en za svakodnevnu upotrebu. [Parametri proizvoda]: Veli\u010dina proizvoda: 50 x 20 x 45 cm | Veli\u010dina pakiranja: 60 x 50 x 10 cm | Ukupna te\u017eina: 7,4 kg | Nosivost: 16 kg | Boja: Prirodno drvo i crna.<\/p>\n","protected":false},"excerpt":{"rendered":"<p>Ovaj moderni plutaju\u0107i kupaonski ormari\u0107 u crnom i bambusovom stilu savr\u0161eno &#8230; <\/p>\n","protected":false},"featured_media":31168,"template":"","meta":[],"product_cat":[2396],"product_tag":[2522,2397],"yoast_head":"<!-- This site is optimized with the Yoast SEO plugin v23.7 - https:\/\/yoast.com\/wordpress\/plugins\/seo\/ -->\n<title>Zidni kupaonski ormari\u0107 s ogledalom - Inti<\/title>\n<meta name=\"description\" content=\"Ovaj moderni plutaju\u0107i kupaonski ormari\u0107 u crnom i bambusovom stilu savr\u0161eno se uklapa u kupaonicu, praonicu rublja ili hodnik, kombiniraju\u0107i estetiku i funkcionalnost u malim prostorima.Pametno ogledalo za pohranu]: Kupaonski ormari\u0107 uklju\u010duje prozirno ogledalo, podesivu unutarnju policu i otvorenu bo\u010dnu ni\u0161u za prakti\u010dno upravljanje kozmetikom, ru\u010dnicima i lijekovima.[Sigurno pakiranje i jednostavna ugradnja]: Isporu\u010duje se u pakiranju u obliku sa\u0107a s uputama i priborom, ovaj zidni kupaonski ormari\u0107 idealan je za samostalnu monta\u017eu na bilo koji zid.\" \/>\n<meta name=\"robots\" content=\"index, follow, max-snippet:-1, max-image-preview:large, max-video-preview:-1\" \/>\n<link rel=\"canonical\" href=\"https:\/\/inti.hr\/sr\/proizvod\/zidni-kupaonski-ormaric-s-ogledalom\/\" \/>\n<meta property=\"og:locale\" content=\"sr_RS\" \/>\n<meta property=\"og:type\" content=\"article\" \/>\n<meta property=\"og:title\" content=\"Zidni kupaonski ormari\u0107 s ogledalom - Inti\" \/>\n<meta property=\"og:description\" content=\"Ovaj moderni plutaju\u0107i kupaonski ormari\u0107 u crnom i bambusovom stilu savr\u0161eno se uklapa u kupaonicu, praonicu rublja ili hodnik, kombiniraju\u0107i estetiku i funkcionalnost u malim prostorima.Pametno ogledalo za pohranu]: Kupaonski ormari\u0107 uklju\u010duje prozirno ogledalo, podesivu unutarnju policu i otvorenu bo\u010dnu ni\u0161u za prakti\u010dno upravljanje kozmetikom, ru\u010dnicima i lijekovima.[Sigurno pakiranje i jednostavna ugradnja]: Isporu\u010duje se u pakiranju u obliku sa\u0107a s uputama i priborom, ovaj zidni kupaonski ormari\u0107 idealan je za samostalnu monta\u017eu na bilo koji zid.\" \/>\n<meta property=\"og:url\" content=\"https:\/\/inti.hr\/sr\/proizvod\/zidni-kupaonski-ormaric-s-ogledalom\/\" \/>\n<meta property=\"og:site_name\" content=\"Inti\" \/>\n<meta property=\"og:image\" content=\"https:\/\/i0.wp.com\/inti.hr\/wp-content\/uploads\/2025\/06\/BZR204-SCH-S001_1800x1800.webp?fit=1600%2C1600&ssl=1\" \/>\n\t<meta property=\"og:image:width\" content=\"1600\" \/>\n\t<meta property=\"og:image:height\" content=\"1600\" \/>\n\t<meta property=\"og:image:type\" content=\"image\/webp\" \/>\n<meta name=\"twitter:card\" content=\"summary_large_image\" \/>\n<script type=\"application\/ld+json\" class=\"yoast-schema-graph\">{\"@context\":\"https:\/\/schema.org\",\"@graph\":[{\"@type\":\"WebPage\",\"@id\":\"https:\/\/inti.hr\/sr\/proizvod\/zidni-kupaonski-ormaric-s-ogledalom\/\",\"url\":\"https:\/\/inti.hr\/sr\/proizvod\/zidni-kupaonski-ormaric-s-ogledalom\/\",\"name\":\"Zidni kupaonski ormari\u0107 s ogledalom - Inti\",\"isPartOf\":{\"@id\":\"https:\/\/inti.hr\/sr\/#website\"},\"primaryImageOfPage\":{\"@id\":\"https:\/\/inti.hr\/sr\/proizvod\/zidni-kupaonski-ormaric-s-ogledalom\/#primaryimage\"},\"image\":{\"@id\":\"https:\/\/inti.hr\/sr\/proizvod\/zidni-kupaonski-ormaric-s-ogledalom\/#primaryimage\"},\"thumbnailUrl\":\"https:\/\/i0.wp.com\/inti.hr\/wp-content\/uploads\/2025\/06\/BZR204-SCH-S001_1800x1800.webp?fit=1600%2C1600&ssl=1\",\"datePublished\":\"2025-06-28T13:05:11+00:00\",\"dateModified\":\"2025-06-28T13:05:11+00:00\",\"description\":\"Ovaj moderni plutaju\u0107i kupaonski ormari\u0107 u crnom i bambusovom stilu savr\u0161eno se uklapa u kupaonicu, praonicu rublja ili hodnik, kombiniraju\u0107i estetiku i funkcionalnost u malim prostorima.Pametno ogledalo za pohranu]: Kupaonski ormari\u0107 uklju\u010duje prozirno ogledalo, podesivu unutarnju policu i otvorenu bo\u010dnu ni\u0161u za prakti\u010dno upravljanje kozmetikom, ru\u010dnicima i lijekovima.[Sigurno pakiranje i jednostavna ugradnja]: Isporu\u010duje se u pakiranju u obliku sa\u0107a s uputama i priborom, ovaj zidni kupaonski ormari\u0107 idealan je za samostalnu monta\u017eu na bilo koji zid.\",\"breadcrumb\":{\"@id\":\"https:\/\/inti.hr\/sr\/proizvod\/zidni-kupaonski-ormaric-s-ogledalom\/#breadcrumb\"},\"inLanguage\":\"sr-RS\",\"potentialAction\":[{\"@type\":\"ReadAction\",\"target\":[\"https:\/\/inti.hr\/sr\/proizvod\/zidni-kupaonski-ormaric-s-ogledalom\/\"]}]},{\"@type\":\"ImageObject\",\"inLanguage\":\"sr-RS\",\"@id\":\"https:\/\/inti.hr\/sr\/proizvod\/zidni-kupaonski-ormaric-s-ogledalom\/#primaryimage\",\"url\":\"https:\/\/i0.wp.com\/inti.hr\/wp-content\/uploads\/2025\/06\/BZR204-SCH-S001_1800x1800.webp?fit=1600%2C1600&ssl=1\",\"contentUrl\":\"https:\/\/i0.wp.com\/inti.hr\/wp-content\/uploads\/2025\/06\/BZR204-SCH-S001_1800x1800.webp?fit=1600%2C1600&ssl=1\",\"width\":1600,\"height\":1600,\"caption\":\"SoBuy Zidni kupaonski ormari\u0107 s ogledalom i prostorom za pohranu - Kupaonski ormari\u0107 koji \u0161tedi prostor s podesivim policama i modernim dizajnom - Kuhinjski ormari\u0107, Crni, 50x20x45 cm, BZR204-SCH\"},{\"@type\":\"BreadcrumbList\",\"@id\":\"https:\/\/inti.hr\/sr\/proizvod\/zidni-kupaonski-ormaric-s-ogledalom\/#breadcrumb\",\"itemListElement\":[{\"@type\":\"ListItem\",\"position\":1,\"name\":\"Po\u010detna stranica\",\"item\":\"https:\/\/inti.hr\/sr\/\"},{\"@type\":\"ListItem\",\"position\":2,\"name\":\"Prodavnica\",\"item\":\"https:\/\/inti.hr\/sr\/prodavnica\/\"},{\"@type\":\"ListItem\",\"position\":3,\"name\":\"Zidni kupaonski ormari\u0107 s ogledalom\"}]},{\"@type\":\"WebSite\",\"@id\":\"https:\/\/inti.hr\/sr\/#website\",\"url\":\"https:\/\/inti.hr\/sr\/\",\"name\":\"Inti\",\"description\":\"trgovina\",\"potentialAction\":[{\"@type\":\"SearchAction\",\"target\":{\"@type\":\"EntryPoint\",\"urlTemplate\":\"https:\/\/inti.hr\/sr\/?s={search_term_string}\"},\"query-input\":{\"@type\":\"PropertyValueSpecification\",\"valueRequired\":true,\"valueName\":\"search_term_string\"}}],\"inLanguage\":\"sr-RS\"}]}<\/script>\n<!-- \/ Yoast SEO plugin. -->","yoast_head_json":{"title":"Zidni kupaonski ormari\u0107 s ogledalom - Inti","description":"Ovaj moderni plutaju\u0107i kupaonski ormari\u0107 u crnom i bambusovom stilu savr\u0161eno se uklapa u kupaonicu, praonicu rublja ili hodnik, kombiniraju\u0107i estetiku i funkcionalnost u malim prostorima.Pametno ogledalo za pohranu]: Kupaonski ormari\u0107 uklju\u010duje prozirno ogledalo, podesivu unutarnju policu i otvorenu bo\u010dnu ni\u0161u za prakti\u010dno upravljanje kozmetikom, ru\u010dnicima i lijekovima.[Sigurno pakiranje i jednostavna ugradnja]: Isporu\u010duje se u pakiranju u obliku sa\u0107a s uputama i priborom, ovaj zidni kupaonski ormari\u0107 idealan je za samostalnu monta\u017eu na bilo koji zid.","robots":{"index":"index","follow":"follow","max-snippet":"max-snippet:-1","max-image-preview":"max-image-preview:large","max-video-preview":"max-video-preview:-1"},"canonical":"https:\/\/inti.hr\/sr\/proizvod\/zidni-kupaonski-ormaric-s-ogledalom\/","og_locale":"sr_RS","og_type":"article","og_title":"Zidni kupaonski ormari\u0107 s ogledalom - Inti","og_description":"Ovaj moderni plutaju\u0107i kupaonski ormari\u0107 u crnom i bambusovom stilu savr\u0161eno se uklapa u kupaonicu, praonicu rublja ili hodnik, kombiniraju\u0107i estetiku i funkcionalnost u malim prostorima.Pametno ogledalo za pohranu]: Kupaonski ormari\u0107 uklju\u010duje prozirno ogledalo, podesivu unutarnju policu i otvorenu bo\u010dnu ni\u0161u za prakti\u010dno upravljanje kozmetikom, ru\u010dnicima i lijekovima.[Sigurno pakiranje i jednostavna ugradnja]: Isporu\u010duje se u pakiranju u obliku sa\u0107a s uputama i priborom, ovaj zidni kupaonski ormari\u0107 idealan je za samostalnu monta\u017eu na bilo koji zid.","og_url":"https:\/\/inti.hr\/sr\/proizvod\/zidni-kupaonski-ormaric-s-ogledalom\/","og_site_name":"Inti","og_image":[{"width":1600,"height":1600,"url":"https:\/\/i0.wp.com\/inti.hr\/wp-content\/uploads\/2025\/06\/BZR204-SCH-S001_1800x1800.webp?fit=1600%2C1600&ssl=1","type":"image\/webp"}],"twitter_card":"summary_large_image","schema":{"@context":"https:\/\/schema.org","@graph":[{"@type":"WebPage","@id":"https:\/\/inti.hr\/sr\/proizvod\/zidni-kupaonski-ormaric-s-ogledalom\/","url":"https:\/\/inti.hr\/sr\/proizvod\/zidni-kupaonski-ormaric-s-ogledalom\/","name":"Zidni kupaonski ormari\u0107 s ogledalom - Inti","isPartOf":{"@id":"https:\/\/inti.hr\/sr\/#website"},"primaryImageOfPage":{"@id":"https:\/\/inti.hr\/sr\/proizvod\/zidni-kupaonski-ormaric-s-ogledalom\/#primaryimage"},"image":{"@id":"https:\/\/inti.hr\/sr\/proizvod\/zidni-kupaonski-ormaric-s-ogledalom\/#primaryimage"},"thumbnailUrl":"https:\/\/i0.wp.com\/inti.hr\/wp-content\/uploads\/2025\/06\/BZR204-SCH-S001_1800x1800.webp?fit=1600%2C1600&ssl=1","datePublished":"2025-06-28T13:05:11+00:00","dateModified":"2025-06-28T13:05:11+00:00","description":"Ovaj moderni plutaju\u0107i kupaonski ormari\u0107 u crnom i bambusovom stilu savr\u0161eno se uklapa u kupaonicu, praonicu rublja ili hodnik, kombiniraju\u0107i estetiku i funkcionalnost u malim prostorima.Pametno ogledalo za pohranu]: Kupaonski ormari\u0107 uklju\u010duje prozirno ogledalo, podesivu unutarnju policu i otvorenu bo\u010dnu ni\u0161u za prakti\u010dno upravljanje kozmetikom, ru\u010dnicima i lijekovima.[Sigurno pakiranje i jednostavna ugradnja]: Isporu\u010duje se u pakiranju u obliku sa\u0107a s uputama i priborom, ovaj zidni kupaonski ormari\u0107 idealan je za samostalnu monta\u017eu na bilo koji zid.","breadcrumb":{"@id":"https:\/\/inti.hr\/sr\/proizvod\/zidni-kupaonski-ormaric-s-ogledalom\/#breadcrumb"},"inLanguage":"sr-RS","potentialAction":[{"@type":"ReadAction","target":["https:\/\/inti.hr\/sr\/proizvod\/zidni-kupaonski-ormaric-s-ogledalom\/"]}]},{"@type":"ImageObject","inLanguage":"sr-RS","@id":"https:\/\/inti.hr\/sr\/proizvod\/zidni-kupaonski-ormaric-s-ogledalom\/#primaryimage","url":"https:\/\/i0.wp.com\/inti.hr\/wp-content\/uploads\/2025\/06\/BZR204-SCH-S001_1800x1800.webp?fit=1600%2C1600&ssl=1","contentUrl":"https:\/\/i0.wp.com\/inti.hr\/wp-content\/uploads\/2025\/06\/BZR204-SCH-S001_1800x1800.webp?fit=1600%2C1600&ssl=1","width":1600,"height":1600,"caption":"SoBuy Zidni kupaonski ormari\u0107 s ogledalom i prostorom za pohranu - Kupaonski ormari\u0107 koji \u0161tedi prostor s podesivim policama i modernim dizajnom - Kuhinjski ormari\u0107, Crni, 50x20x45 cm, BZR204-SCH"},{"@type":"BreadcrumbList","@id":"https:\/\/inti.hr\/sr\/proizvod\/zidni-kupaonski-ormaric-s-ogledalom\/#breadcrumb","itemListElement":[{"@type":"ListItem","position":1,"name":"Po\u010detna stranica","item":"https:\/\/inti.hr\/sr\/"},{"@type":"ListItem","position":2,"name":"Prodavnica","item":"https:\/\/inti.hr\/sr\/prodavnica\/"},{"@type":"ListItem","position":3,"name":"Zidni kupaonski ormari\u0107 s ogledalom"}]},{"@type":"WebSite","@id":"https:\/\/inti.hr\/sr\/#website","url":"https:\/\/inti.hr\/sr\/","name":"Inti","description":"trgovina","potentialAction":[{"@type":"SearchAction","target":{"@type":"EntryPoint","urlTemplate":"https:\/\/inti.hr\/sr\/?s={search_term_string}"},"query-input":{"@type":"PropertyValueSpecification","valueRequired":true,"valueName":"search_term_string"}}],"inLanguage":"sr-RS"}]}},"jetpack_sharing_enabled":true,"jetpack-related-posts":[],"_links":{"self":[{"href":"https:\/\/inti.hr\/sr\/wp-json\/wp\/v2\/product\/31167"}],"collection":[{"href":"https:\/\/inti.hr\/sr\/wp-json\/wp\/v2\/product"}],"about":[{"href":"https:\/\/inti.hr\/sr\/wp-json\/wp\/v2\/types\/product"}],"wp:featuredmedia":[{"embeddable":true,"href":"https:\/\/inti.hr\/sr\/wp-json\/wp\/v2\/media\/31168"}],"wp:attachment":[{"href":"https:\/\/inti.hr\/sr\/wp-json\/wp\/v2\/media?parent=31167"}],"wp:term":[{"taxonomy":"product_cat","embeddable":true,"href":"https:\/\/inti.hr\/sr\/wp-json\/wp\/v2\/product_cat?post=31167"},{"taxonomy":"product_tag","embeddable":true,"href":"https:\/\/inti.hr\/sr\/wp-json\/wp\/v2\/product_tag?post=31167"}],"curies":[{"name":"wp","href":"https:\/\/api.w.org\/{rel}","templated":true}]}}