{"id":31241,"date":"2025-06-23T09:37:41","date_gmt":"2025-06-23T08:37:41","guid":{"rendered":"https:\/\/inti.hr\/product\/postanski-sanducic-s-odjeljkom-za-pakete\/"},"modified":"2025-06-23T09:37:41","modified_gmt":"2025-06-23T08:37:41","slug":"postanski-sanducic-s-odjeljkom-za-pakete","status":"publish","type":"product","link":"https:\/\/inti.hr\/sr\/proizvod\/postanski-sanducic-s-odjeljkom-za-pakete\/","title":{"rendered":"Po\u0161tanski sandu\u010di\u0107 s odjeljkom za pakete"},"content":{"rendered":"<ul>\n<li><b><span>Detalji o proizvodu:<\/span><\/b><\/li>\n<li><span>Boja: antracit siva<\/span><\/li>\n<li><span>Materijal: \u010delik<\/span><\/li>\n<li><span>Maks. stati\u010dka nosivost: 20 kg<\/span><\/li>\n<li><span>Veli\u010dina: 34 x 48 x 106 cm (D x \u0160 x V)<\/span><\/li>\n<li><span>Prikladna veli\u010dina slova: A4 i C4<\/span><\/li>\n<li><span>Maksimalna veli\u010dina pakiranja: 23 x 40 x 25 cm (D x \u0160 x V)<\/span><\/li>\n<\/ul>\n","protected":false},"excerpt":{"rendered":"<p>Tijelo kutije za pakete s pretincem za pisma dolazi unaprijed sastavljeno. &#8230; <\/p>\n","protected":false},"featured_media":31242,"template":"","meta":[],"product_cat":[2893],"product_tag":[2894,2895],"yoast_head":"<!-- This site is optimized with the Yoast SEO plugin v23.7 - https:\/\/yoast.com\/wordpress\/plugins\/seo\/ -->\n<title>Po\u0161tanski sandu\u010di\u0107 s odjeljkom za pakete - Inti<\/title>\n<meta name=\"description\" content=\"Tijelo kutije za pakete s pretincem za pisma dolazi unaprijed sastavljeno. Sve \u0161to trebate u\u010diniti je pri\u010dvrstiti no\u017eice i ru\u010dke i po\u0161tanski sandu\u010di\u0107 je potpuno sastavljen. \u00a0Otvor po\u0161tanskog sandu\u010di\u0107a dovoljno je velik za dostavu po\u0161te; otvor za po\u0161tu kutije za pakete mo\u017ee se otvoriti do 90\u00b0 i blizu je unutarnje stijenke, pru\u017eaju\u0107i veliki kapacitet (55 L) za pakete. \u00a0Odjeljci za po\u0161tu i pakete odvojeni su za pisma i pakete; to vam omogu\u0107uje br\u017ee pronala\u017eenje po\u0161te i paketa te \u0161titi va\u0161a vrijedna pisma. Kutiju za pakete mo\u017eete personalizirati svojim imenom, nazivom ulice i ku\u0107nim brojem kako biste osigurali ispravnu dostavu. Za\u0161ti\u0107ena poklopcem, brava je otporna na vodu i hr\u0111u; odvodni kanali, nagnuta podno\u017ena plo\u010da kutije za pakete i visoke no\u017eice sprje\u010davaju ulazak vode i tako \u0161tite va\u0161e blago. Zahvaljuju\u0107i prozor\u010di\u0107u za pregled, mo\u017eete na prvi pogled vidjeti je li stigla va\u0161a najnovija po\u0161ta.\u00a0\" \/>\n<meta name=\"robots\" content=\"index, follow, max-snippet:-1, max-image-preview:large, max-video-preview:-1\" \/>\n<link rel=\"canonical\" href=\"https:\/\/inti.hr\/sr\/proizvod\/postanski-sanducic-s-odjeljkom-za-pakete\/\" \/>\n<meta property=\"og:locale\" content=\"sr_RS\" \/>\n<meta property=\"og:type\" content=\"article\" \/>\n<meta property=\"og:title\" content=\"Po\u0161tanski sandu\u010di\u0107 s odjeljkom za pakete - Inti\" \/>\n<meta property=\"og:description\" content=\"Tijelo kutije za pakete s pretincem za pisma dolazi unaprijed sastavljeno. Sve \u0161to trebate u\u010diniti je pri\u010dvrstiti no\u017eice i ru\u010dke i po\u0161tanski sandu\u010di\u0107 je potpuno sastavljen. \u00a0Otvor po\u0161tanskog sandu\u010di\u0107a dovoljno je velik za dostavu po\u0161te; otvor za po\u0161tu kutije za pakete mo\u017ee se otvoriti do 90\u00b0 i blizu je unutarnje stijenke, pru\u017eaju\u0107i veliki kapacitet (55 L) za pakete. \u00a0Odjeljci za po\u0161tu i pakete odvojeni su za pisma i pakete; to vam omogu\u0107uje br\u017ee pronala\u017eenje po\u0161te i paketa te \u0161titi va\u0161a vrijedna pisma. Kutiju za pakete mo\u017eete personalizirati svojim imenom, nazivom ulice i ku\u0107nim brojem kako biste osigurali ispravnu dostavu. Za\u0161ti\u0107ena poklopcem, brava je otporna na vodu i hr\u0111u; odvodni kanali, nagnuta podno\u017ena plo\u010da kutije za pakete i visoke no\u017eice sprje\u010davaju ulazak vode i tako \u0161tite va\u0161e blago. Zahvaljuju\u0107i prozor\u010di\u0107u za pregled, mo\u017eete na prvi pogled vidjeti je li stigla va\u0161a najnovija po\u0161ta.\u00a0\" \/>\n<meta property=\"og:url\" content=\"https:\/\/inti.hr\/sr\/proizvod\/postanski-sanducic-s-odjeljkom-za-pakete\/\" \/>\n<meta property=\"og:site_name\" content=\"Inti\" \/>\n<meta property=\"og:image\" content=\"https:\/\/i0.wp.com\/inti.hr\/wp-content\/uploads\/2025\/06\/GMB091B02-1.jpg?fit=1000%2C1000&ssl=1\" \/>\n\t<meta property=\"og:image:width\" content=\"1000\" \/>\n\t<meta property=\"og:image:height\" content=\"1000\" \/>\n\t<meta property=\"og:image:type\" content=\"image\/jpeg\" \/>\n<meta name=\"twitter:card\" content=\"summary_large_image\" \/>\n<script type=\"application\/ld+json\" class=\"yoast-schema-graph\">{\"@context\":\"https:\/\/schema.org\",\"@graph\":[{\"@type\":\"WebPage\",\"@id\":\"https:\/\/inti.hr\/sr\/proizvod\/postanski-sanducic-s-odjeljkom-za-pakete\/\",\"url\":\"https:\/\/inti.hr\/sr\/proizvod\/postanski-sanducic-s-odjeljkom-za-pakete\/\",\"name\":\"Po\u0161tanski sandu\u010di\u0107 s odjeljkom za pakete - Inti\",\"isPartOf\":{\"@id\":\"https:\/\/inti.hr\/sr\/#website\"},\"primaryImageOfPage\":{\"@id\":\"https:\/\/inti.hr\/sr\/proizvod\/postanski-sanducic-s-odjeljkom-za-pakete\/#primaryimage\"},\"image\":{\"@id\":\"https:\/\/inti.hr\/sr\/proizvod\/postanski-sanducic-s-odjeljkom-za-pakete\/#primaryimage\"},\"thumbnailUrl\":\"https:\/\/i0.wp.com\/inti.hr\/wp-content\/uploads\/2025\/06\/GMB091B02-1.jpg?fit=1000%2C1000&ssl=1\",\"datePublished\":\"2025-06-23T08:37:41+00:00\",\"dateModified\":\"2025-06-23T08:37:41+00:00\",\"description\":\"Tijelo kutije za pakete s pretincem za pisma dolazi unaprijed sastavljeno. Sve \u0161to trebate u\u010diniti je pri\u010dvrstiti no\u017eice i ru\u010dke i po\u0161tanski sandu\u010di\u0107 je potpuno sastavljen. \u00a0Otvor po\u0161tanskog sandu\u010di\u0107a dovoljno je velik za dostavu po\u0161te; otvor za po\u0161tu kutije za pakete mo\u017ee se otvoriti do 90\u00b0 i blizu je unutarnje stijenke, pru\u017eaju\u0107i veliki kapacitet (55 L) za pakete. \u00a0Odjeljci za po\u0161tu i pakete odvojeni su za pisma i pakete; to vam omogu\u0107uje br\u017ee pronala\u017eenje po\u0161te i paketa te \u0161titi va\u0161a vrijedna pisma. Kutiju za pakete mo\u017eete personalizirati svojim imenom, nazivom ulice i ku\u0107nim brojem kako biste osigurali ispravnu dostavu. Za\u0161ti\u0107ena poklopcem, brava je otporna na vodu i hr\u0111u; odvodni kanali, nagnuta podno\u017ena plo\u010da kutije za pakete i visoke no\u017eice sprje\u010davaju ulazak vode i tako \u0161tite va\u0161e blago. Zahvaljuju\u0107i prozor\u010di\u0107u za pregled, mo\u017eete na prvi pogled vidjeti je li stigla va\u0161a najnovija po\u0161ta.\u00a0\",\"breadcrumb\":{\"@id\":\"https:\/\/inti.hr\/sr\/proizvod\/postanski-sanducic-s-odjeljkom-za-pakete\/#breadcrumb\"},\"inLanguage\":\"sr-RS\",\"potentialAction\":[{\"@type\":\"ReadAction\",\"target\":[\"https:\/\/inti.hr\/sr\/proizvod\/postanski-sanducic-s-odjeljkom-za-pakete\/\"]}]},{\"@type\":\"ImageObject\",\"inLanguage\":\"sr-RS\",\"@id\":\"https:\/\/inti.hr\/sr\/proizvod\/postanski-sanducic-s-odjeljkom-za-pakete\/#primaryimage\",\"url\":\"https:\/\/i0.wp.com\/inti.hr\/wp-content\/uploads\/2025\/06\/GMB091B02-1.jpg?fit=1000%2C1000&ssl=1\",\"contentUrl\":\"https:\/\/i0.wp.com\/inti.hr\/wp-content\/uploads\/2025\/06\/GMB091B02-1.jpg?fit=1000%2C1000&ssl=1\",\"width\":1000,\"height\":1000,\"caption\":\"SONGMICS Po\u0161tanski sandu\u010di\u0107 s odjeljkom za pakete i sigurnosnom bravom poklopca za po\u0161tu, antracit\"},{\"@type\":\"BreadcrumbList\",\"@id\":\"https:\/\/inti.hr\/sr\/proizvod\/postanski-sanducic-s-odjeljkom-za-pakete\/#breadcrumb\",\"itemListElement\":[{\"@type\":\"ListItem\",\"position\":1,\"name\":\"Po\u010detna stranica\",\"item\":\"https:\/\/inti.hr\/sr\/\"},{\"@type\":\"ListItem\",\"position\":2,\"name\":\"Prodavnica\",\"item\":\"https:\/\/inti.hr\/sr\/prodavnica\/\"},{\"@type\":\"ListItem\",\"position\":3,\"name\":\"Po\u0161tanski sandu\u010di\u0107 s odjeljkom za pakete\"}]},{\"@type\":\"WebSite\",\"@id\":\"https:\/\/inti.hr\/sr\/#website\",\"url\":\"https:\/\/inti.hr\/sr\/\",\"name\":\"Inti\",\"description\":\"trgovina\",\"potentialAction\":[{\"@type\":\"SearchAction\",\"target\":{\"@type\":\"EntryPoint\",\"urlTemplate\":\"https:\/\/inti.hr\/sr\/?s={search_term_string}\"},\"query-input\":{\"@type\":\"PropertyValueSpecification\",\"valueRequired\":true,\"valueName\":\"search_term_string\"}}],\"inLanguage\":\"sr-RS\"}]}<\/script>\n<!-- \/ Yoast SEO plugin. -->","yoast_head_json":{"title":"Po\u0161tanski sandu\u010di\u0107 s odjeljkom za pakete - Inti","description":"Tijelo kutije za pakete s pretincem za pisma dolazi unaprijed sastavljeno. Sve \u0161to trebate u\u010diniti je pri\u010dvrstiti no\u017eice i ru\u010dke i po\u0161tanski sandu\u010di\u0107 je potpuno sastavljen. \u00a0Otvor po\u0161tanskog sandu\u010di\u0107a dovoljno je velik za dostavu po\u0161te; otvor za po\u0161tu kutije za pakete mo\u017ee se otvoriti do 90\u00b0 i blizu je unutarnje stijenke, pru\u017eaju\u0107i veliki kapacitet (55 L) za pakete. \u00a0Odjeljci za po\u0161tu i pakete odvojeni su za pisma i pakete; to vam omogu\u0107uje br\u017ee pronala\u017eenje po\u0161te i paketa te \u0161titi va\u0161a vrijedna pisma. Kutiju za pakete mo\u017eete personalizirati svojim imenom, nazivom ulice i ku\u0107nim brojem kako biste osigurali ispravnu dostavu. Za\u0161ti\u0107ena poklopcem, brava je otporna na vodu i hr\u0111u; odvodni kanali, nagnuta podno\u017ena plo\u010da kutije za pakete i visoke no\u017eice sprje\u010davaju ulazak vode i tako \u0161tite va\u0161e blago. Zahvaljuju\u0107i prozor\u010di\u0107u za pregled, mo\u017eete na prvi pogled vidjeti je li stigla va\u0161a najnovija po\u0161ta.\u00a0","robots":{"index":"index","follow":"follow","max-snippet":"max-snippet:-1","max-image-preview":"max-image-preview:large","max-video-preview":"max-video-preview:-1"},"canonical":"https:\/\/inti.hr\/sr\/proizvod\/postanski-sanducic-s-odjeljkom-za-pakete\/","og_locale":"sr_RS","og_type":"article","og_title":"Po\u0161tanski sandu\u010di\u0107 s odjeljkom za pakete - Inti","og_description":"Tijelo kutije za pakete s pretincem za pisma dolazi unaprijed sastavljeno. Sve \u0161to trebate u\u010diniti je pri\u010dvrstiti no\u017eice i ru\u010dke i po\u0161tanski sandu\u010di\u0107 je potpuno sastavljen. \u00a0Otvor po\u0161tanskog sandu\u010di\u0107a dovoljno je velik za dostavu po\u0161te; otvor za po\u0161tu kutije za pakete mo\u017ee se otvoriti do 90\u00b0 i blizu je unutarnje stijenke, pru\u017eaju\u0107i veliki kapacitet (55 L) za pakete. \u00a0Odjeljci za po\u0161tu i pakete odvojeni su za pisma i pakete; to vam omogu\u0107uje br\u017ee pronala\u017eenje po\u0161te i paketa te \u0161titi va\u0161a vrijedna pisma. Kutiju za pakete mo\u017eete personalizirati svojim imenom, nazivom ulice i ku\u0107nim brojem kako biste osigurali ispravnu dostavu. Za\u0161ti\u0107ena poklopcem, brava je otporna na vodu i hr\u0111u; odvodni kanali, nagnuta podno\u017ena plo\u010da kutije za pakete i visoke no\u017eice sprje\u010davaju ulazak vode i tako \u0161tite va\u0161e blago. Zahvaljuju\u0107i prozor\u010di\u0107u za pregled, mo\u017eete na prvi pogled vidjeti je li stigla va\u0161a najnovija po\u0161ta.\u00a0","og_url":"https:\/\/inti.hr\/sr\/proizvod\/postanski-sanducic-s-odjeljkom-za-pakete\/","og_site_name":"Inti","og_image":[{"width":1000,"height":1000,"url":"https:\/\/i0.wp.com\/inti.hr\/wp-content\/uploads\/2025\/06\/GMB091B02-1.jpg?fit=1000%2C1000&ssl=1","type":"image\/jpeg"}],"twitter_card":"summary_large_image","schema":{"@context":"https:\/\/schema.org","@graph":[{"@type":"WebPage","@id":"https:\/\/inti.hr\/sr\/proizvod\/postanski-sanducic-s-odjeljkom-za-pakete\/","url":"https:\/\/inti.hr\/sr\/proizvod\/postanski-sanducic-s-odjeljkom-za-pakete\/","name":"Po\u0161tanski sandu\u010di\u0107 s odjeljkom za pakete - Inti","isPartOf":{"@id":"https:\/\/inti.hr\/sr\/#website"},"primaryImageOfPage":{"@id":"https:\/\/inti.hr\/sr\/proizvod\/postanski-sanducic-s-odjeljkom-za-pakete\/#primaryimage"},"image":{"@id":"https:\/\/inti.hr\/sr\/proizvod\/postanski-sanducic-s-odjeljkom-za-pakete\/#primaryimage"},"thumbnailUrl":"https:\/\/i0.wp.com\/inti.hr\/wp-content\/uploads\/2025\/06\/GMB091B02-1.jpg?fit=1000%2C1000&ssl=1","datePublished":"2025-06-23T08:37:41+00:00","dateModified":"2025-06-23T08:37:41+00:00","description":"Tijelo kutije za pakete s pretincem za pisma dolazi unaprijed sastavljeno. Sve \u0161to trebate u\u010diniti je pri\u010dvrstiti no\u017eice i ru\u010dke i po\u0161tanski sandu\u010di\u0107 je potpuno sastavljen. \u00a0Otvor po\u0161tanskog sandu\u010di\u0107a dovoljno je velik za dostavu po\u0161te; otvor za po\u0161tu kutije za pakete mo\u017ee se otvoriti do 90\u00b0 i blizu je unutarnje stijenke, pru\u017eaju\u0107i veliki kapacitet (55 L) za pakete. \u00a0Odjeljci za po\u0161tu i pakete odvojeni su za pisma i pakete; to vam omogu\u0107uje br\u017ee pronala\u017eenje po\u0161te i paketa te \u0161titi va\u0161a vrijedna pisma. Kutiju za pakete mo\u017eete personalizirati svojim imenom, nazivom ulice i ku\u0107nim brojem kako biste osigurali ispravnu dostavu. Za\u0161ti\u0107ena poklopcem, brava je otporna na vodu i hr\u0111u; odvodni kanali, nagnuta podno\u017ena plo\u010da kutije za pakete i visoke no\u017eice sprje\u010davaju ulazak vode i tako \u0161tite va\u0161e blago. Zahvaljuju\u0107i prozor\u010di\u0107u za pregled, mo\u017eete na prvi pogled vidjeti je li stigla va\u0161a najnovija po\u0161ta.\u00a0","breadcrumb":{"@id":"https:\/\/inti.hr\/sr\/proizvod\/postanski-sanducic-s-odjeljkom-za-pakete\/#breadcrumb"},"inLanguage":"sr-RS","potentialAction":[{"@type":"ReadAction","target":["https:\/\/inti.hr\/sr\/proizvod\/postanski-sanducic-s-odjeljkom-za-pakete\/"]}]},{"@type":"ImageObject","inLanguage":"sr-RS","@id":"https:\/\/inti.hr\/sr\/proizvod\/postanski-sanducic-s-odjeljkom-za-pakete\/#primaryimage","url":"https:\/\/i0.wp.com\/inti.hr\/wp-content\/uploads\/2025\/06\/GMB091B02-1.jpg?fit=1000%2C1000&ssl=1","contentUrl":"https:\/\/i0.wp.com\/inti.hr\/wp-content\/uploads\/2025\/06\/GMB091B02-1.jpg?fit=1000%2C1000&ssl=1","width":1000,"height":1000,"caption":"SONGMICS Po\u0161tanski sandu\u010di\u0107 s odjeljkom za pakete i sigurnosnom bravom poklopca za po\u0161tu, antracit"},{"@type":"BreadcrumbList","@id":"https:\/\/inti.hr\/sr\/proizvod\/postanski-sanducic-s-odjeljkom-za-pakete\/#breadcrumb","itemListElement":[{"@type":"ListItem","position":1,"name":"Po\u010detna stranica","item":"https:\/\/inti.hr\/sr\/"},{"@type":"ListItem","position":2,"name":"Prodavnica","item":"https:\/\/inti.hr\/sr\/prodavnica\/"},{"@type":"ListItem","position":3,"name":"Po\u0161tanski sandu\u010di\u0107 s odjeljkom za pakete"}]},{"@type":"WebSite","@id":"https:\/\/inti.hr\/sr\/#website","url":"https:\/\/inti.hr\/sr\/","name":"Inti","description":"trgovina","potentialAction":[{"@type":"SearchAction","target":{"@type":"EntryPoint","urlTemplate":"https:\/\/inti.hr\/sr\/?s={search_term_string}"},"query-input":{"@type":"PropertyValueSpecification","valueRequired":true,"valueName":"search_term_string"}}],"inLanguage":"sr-RS"}]}},"jetpack_sharing_enabled":true,"jetpack-related-posts":[],"_links":{"self":[{"href":"https:\/\/inti.hr\/sr\/wp-json\/wp\/v2\/product\/31241"}],"collection":[{"href":"https:\/\/inti.hr\/sr\/wp-json\/wp\/v2\/product"}],"about":[{"href":"https:\/\/inti.hr\/sr\/wp-json\/wp\/v2\/types\/product"}],"wp:featuredmedia":[{"embeddable":true,"href":"https:\/\/inti.hr\/sr\/wp-json\/wp\/v2\/media\/31242"}],"wp:attachment":[{"href":"https:\/\/inti.hr\/sr\/wp-json\/wp\/v2\/media?parent=31241"}],"wp:term":[{"taxonomy":"product_cat","embeddable":true,"href":"https:\/\/inti.hr\/sr\/wp-json\/wp\/v2\/product_cat?post=31241"},{"taxonomy":"product_tag","embeddable":true,"href":"https:\/\/inti.hr\/sr\/wp-json\/wp\/v2\/product_tag?post=31241"}],"curies":[{"name":"wp","href":"https:\/\/api.w.org\/{rel}","templated":true}]}}