{"id":31247,"date":"2025-06-23T09:09:17","date_gmt":"2025-06-23T08:09:17","guid":{"rendered":"https:\/\/inti.hr\/product\/djecja-polica-za-knjige-s-3-razine\/"},"modified":"2025-06-23T09:09:17","modified_gmt":"2025-06-23T08:09:17","slug":"djecja-polica-za-knjige-s-3-razine","status":"publish","type":"product","link":"https:\/\/inti.hr\/sr\/proizvod\/djecja-polica-za-knjige-s-3-razine\/","title":{"rendered":"Dje\u010dja polica za knjige s 3 razine"},"content":{"rendered":"<p>Detalji o proizvodu:<br \/>\nBoja: Bijela-prirodna<br \/>\nMaterijal: MDF (vlaknasta plo\u010da srednje gusto\u0107e), borovina<br \/>\nVeli\u010dina: 12 x 60 x 75 cm (D x \u0160 x V), 12 x 80 x 100 cm (D x \u0160 x V)<br \/>\nTe\u017eina: 4,2 kg, 6,5kg<br \/>\nMaks. stati\u010dka nosivost po razini: 5 kg, 8kg<\/p>\n","protected":false},"excerpt":{"rendered":"<p>Dje\u010dja polica opremljena je s tri monta\u017ena elementa koji omogu\u0107uju sigurno &#8230; <\/p>\n","protected":false},"featured_media":31248,"template":"","meta":[],"product_cat":[2411],"product_tag":[2413,2899],"yoast_head":"<!-- This site is optimized with the Yoast SEO plugin v23.7 - https:\/\/yoast.com\/wordpress\/plugins\/seo\/ -->\n<title>Dje\u010dja polica za knjige s 3 razine - Inti<\/title>\n<meta name=\"description\" content=\"Dje\u010dja polica opremljena je s tri monta\u017ena elementa koji omogu\u0107uju sigurno pri\u010dvr\u0161\u0107ivanje police na zid i sprje\u010davaju njezin pad. To osigurava sigurno okru\u017eenje za kori\u0161tenje. Izra\u0111ena od visokokvalitetnog MDF-a i borovine, polica za knjige je stabilna i izdr\u017eljiva. \u00a0Zahvaljuju\u0107i kompaktnoj veli\u010dini i vise\u0107em dizajnu, polica \u0161tedi prostor, ne zauzima prostor na podu i mo\u017ee se koristiti u malim prostorijama. S dimenzijama 12 x 60 x 75 cm, ova zidna polica s 3 razine nudi dovoljno prostora za otprilike 20 knjiga. Mali knjigoljupci mogu pohraniti svoje knjige na jednom mjestu. Objesite policu za knjige na zid na pravoj visini kako bi djeca lako mogla pristupiti knjigama i igra\u010dkama. Mali\u0161ani mogu nau\u010diti samostalno vaditi i vra\u0107ati predmete na mjesto.\" \/>\n<meta name=\"robots\" content=\"index, follow, max-snippet:-1, max-image-preview:large, max-video-preview:-1\" \/>\n<link rel=\"canonical\" href=\"https:\/\/inti.hr\/sr\/proizvod\/djecja-polica-za-knjige-s-3-razine\/\" \/>\n<meta property=\"og:locale\" content=\"sr_RS\" \/>\n<meta property=\"og:type\" content=\"article\" \/>\n<meta property=\"og:title\" content=\"Dje\u010dja polica za knjige s 3 razine - Inti\" \/>\n<meta property=\"og:description\" content=\"Dje\u010dja polica opremljena je s tri monta\u017ena elementa koji omogu\u0107uju sigurno pri\u010dvr\u0161\u0107ivanje police na zid i sprje\u010davaju njezin pad. To osigurava sigurno okru\u017eenje za kori\u0161tenje. Izra\u0111ena od visokokvalitetnog MDF-a i borovine, polica za knjige je stabilna i izdr\u017eljiva. \u00a0Zahvaljuju\u0107i kompaktnoj veli\u010dini i vise\u0107em dizajnu, polica \u0161tedi prostor, ne zauzima prostor na podu i mo\u017ee se koristiti u malim prostorijama. S dimenzijama 12 x 60 x 75 cm, ova zidna polica s 3 razine nudi dovoljno prostora za otprilike 20 knjiga. Mali knjigoljupci mogu pohraniti svoje knjige na jednom mjestu. Objesite policu za knjige na zid na pravoj visini kako bi djeca lako mogla pristupiti knjigama i igra\u010dkama. Mali\u0161ani mogu nau\u010diti samostalno vaditi i vra\u0107ati predmete na mjesto.\" \/>\n<meta property=\"og:url\" content=\"https:\/\/inti.hr\/sr\/proizvod\/djecja-polica-za-knjige-s-3-razine\/\" \/>\n<meta property=\"og:site_name\" content=\"Inti\" \/>\n<meta property=\"og:image\" content=\"https:\/\/i0.wp.com\/inti.hr\/wp-content\/uploads\/2025\/06\/GKR014W01-2.jpg?fit=800%2C1000&ssl=1\" \/>\n\t<meta property=\"og:image:width\" content=\"800\" \/>\n\t<meta property=\"og:image:height\" content=\"1000\" \/>\n\t<meta property=\"og:image:type\" content=\"image\/jpeg\" \/>\n<meta name=\"twitter:card\" content=\"summary_large_image\" \/>\n<script type=\"application\/ld+json\" class=\"yoast-schema-graph\">{\"@context\":\"https:\/\/schema.org\",\"@graph\":[{\"@type\":\"WebPage\",\"@id\":\"https:\/\/inti.hr\/sr\/proizvod\/djecja-polica-za-knjige-s-3-razine\/\",\"url\":\"https:\/\/inti.hr\/sr\/proizvod\/djecja-polica-za-knjige-s-3-razine\/\",\"name\":\"Dje\u010dja polica za knjige s 3 razine - Inti\",\"isPartOf\":{\"@id\":\"https:\/\/inti.hr\/sr\/#website\"},\"primaryImageOfPage\":{\"@id\":\"https:\/\/inti.hr\/sr\/proizvod\/djecja-polica-za-knjige-s-3-razine\/#primaryimage\"},\"image\":{\"@id\":\"https:\/\/inti.hr\/sr\/proizvod\/djecja-polica-za-knjige-s-3-razine\/#primaryimage\"},\"thumbnailUrl\":\"https:\/\/i0.wp.com\/inti.hr\/wp-content\/uploads\/2025\/06\/GKR014W01-2.jpg?fit=800%2C1000&ssl=1\",\"datePublished\":\"2025-06-23T08:09:17+00:00\",\"dateModified\":\"2025-06-23T08:09:17+00:00\",\"description\":\"Dje\u010dja polica opremljena je s tri monta\u017ena elementa koji omogu\u0107uju sigurno pri\u010dvr\u0161\u0107ivanje police na zid i sprje\u010davaju njezin pad. To osigurava sigurno okru\u017eenje za kori\u0161tenje. Izra\u0111ena od visokokvalitetnog MDF-a i borovine, polica za knjige je stabilna i izdr\u017eljiva. \u00a0Zahvaljuju\u0107i kompaktnoj veli\u010dini i vise\u0107em dizajnu, polica \u0161tedi prostor, ne zauzima prostor na podu i mo\u017ee se koristiti u malim prostorijama. S dimenzijama 12 x 60 x 75 cm, ova zidna polica s 3 razine nudi dovoljno prostora za otprilike 20 knjiga. Mali knjigoljupci mogu pohraniti svoje knjige na jednom mjestu. Objesite policu za knjige na zid na pravoj visini kako bi djeca lako mogla pristupiti knjigama i igra\u010dkama. Mali\u0161ani mogu nau\u010diti samostalno vaditi i vra\u0107ati predmete na mjesto.\",\"breadcrumb\":{\"@id\":\"https:\/\/inti.hr\/sr\/proizvod\/djecja-polica-za-knjige-s-3-razine\/#breadcrumb\"},\"inLanguage\":\"sr-RS\",\"potentialAction\":[{\"@type\":\"ReadAction\",\"target\":[\"https:\/\/inti.hr\/sr\/proizvod\/djecja-polica-za-knjige-s-3-razine\/\"]}]},{\"@type\":\"ImageObject\",\"inLanguage\":\"sr-RS\",\"@id\":\"https:\/\/inti.hr\/sr\/proizvod\/djecja-polica-za-knjige-s-3-razine\/#primaryimage\",\"url\":\"https:\/\/i0.wp.com\/inti.hr\/wp-content\/uploads\/2025\/06\/GKR014W01-2.jpg?fit=800%2C1000&ssl=1\",\"contentUrl\":\"https:\/\/i0.wp.com\/inti.hr\/wp-content\/uploads\/2025\/06\/GKR014W01-2.jpg?fit=800%2C1000&ssl=1\",\"width\":800,\"height\":1000,\"caption\":\"SONGMICS dje\u010dja polica za knjige s 4 razine u bijeloj i prirodnoj boj\"},{\"@type\":\"BreadcrumbList\",\"@id\":\"https:\/\/inti.hr\/sr\/proizvod\/djecja-polica-za-knjige-s-3-razine\/#breadcrumb\",\"itemListElement\":[{\"@type\":\"ListItem\",\"position\":1,\"name\":\"Po\u010detna stranica\",\"item\":\"https:\/\/inti.hr\/sr\/\"},{\"@type\":\"ListItem\",\"position\":2,\"name\":\"Prodavnica\",\"item\":\"https:\/\/inti.hr\/sr\/prodavnica\/\"},{\"@type\":\"ListItem\",\"position\":3,\"name\":\"Dje\u010dja polica za knjige s 3 razine\"}]},{\"@type\":\"WebSite\",\"@id\":\"https:\/\/inti.hr\/sr\/#website\",\"url\":\"https:\/\/inti.hr\/sr\/\",\"name\":\"Inti\",\"description\":\"trgovina\",\"potentialAction\":[{\"@type\":\"SearchAction\",\"target\":{\"@type\":\"EntryPoint\",\"urlTemplate\":\"https:\/\/inti.hr\/sr\/?s={search_term_string}\"},\"query-input\":{\"@type\":\"PropertyValueSpecification\",\"valueRequired\":true,\"valueName\":\"search_term_string\"}}],\"inLanguage\":\"sr-RS\"}]}<\/script>\n<!-- \/ Yoast SEO plugin. -->","yoast_head_json":{"title":"Dje\u010dja polica za knjige s 3 razine - Inti","description":"Dje\u010dja polica opremljena je s tri monta\u017ena elementa koji omogu\u0107uju sigurno pri\u010dvr\u0161\u0107ivanje police na zid i sprje\u010davaju njezin pad. To osigurava sigurno okru\u017eenje za kori\u0161tenje. Izra\u0111ena od visokokvalitetnog MDF-a i borovine, polica za knjige je stabilna i izdr\u017eljiva. \u00a0Zahvaljuju\u0107i kompaktnoj veli\u010dini i vise\u0107em dizajnu, polica \u0161tedi prostor, ne zauzima prostor na podu i mo\u017ee se koristiti u malim prostorijama. S dimenzijama 12 x 60 x 75 cm, ova zidna polica s 3 razine nudi dovoljno prostora za otprilike 20 knjiga. Mali knjigoljupci mogu pohraniti svoje knjige na jednom mjestu. Objesite policu za knjige na zid na pravoj visini kako bi djeca lako mogla pristupiti knjigama i igra\u010dkama. Mali\u0161ani mogu nau\u010diti samostalno vaditi i vra\u0107ati predmete na mjesto.","robots":{"index":"index","follow":"follow","max-snippet":"max-snippet:-1","max-image-preview":"max-image-preview:large","max-video-preview":"max-video-preview:-1"},"canonical":"https:\/\/inti.hr\/sr\/proizvod\/djecja-polica-za-knjige-s-3-razine\/","og_locale":"sr_RS","og_type":"article","og_title":"Dje\u010dja polica za knjige s 3 razine - Inti","og_description":"Dje\u010dja polica opremljena je s tri monta\u017ena elementa koji omogu\u0107uju sigurno pri\u010dvr\u0161\u0107ivanje police na zid i sprje\u010davaju njezin pad. To osigurava sigurno okru\u017eenje za kori\u0161tenje. Izra\u0111ena od visokokvalitetnog MDF-a i borovine, polica za knjige je stabilna i izdr\u017eljiva. \u00a0Zahvaljuju\u0107i kompaktnoj veli\u010dini i vise\u0107em dizajnu, polica \u0161tedi prostor, ne zauzima prostor na podu i mo\u017ee se koristiti u malim prostorijama. S dimenzijama 12 x 60 x 75 cm, ova zidna polica s 3 razine nudi dovoljno prostora za otprilike 20 knjiga. Mali knjigoljupci mogu pohraniti svoje knjige na jednom mjestu. Objesite policu za knjige na zid na pravoj visini kako bi djeca lako mogla pristupiti knjigama i igra\u010dkama. Mali\u0161ani mogu nau\u010diti samostalno vaditi i vra\u0107ati predmete na mjesto.","og_url":"https:\/\/inti.hr\/sr\/proizvod\/djecja-polica-za-knjige-s-3-razine\/","og_site_name":"Inti","og_image":[{"width":800,"height":1000,"url":"https:\/\/i0.wp.com\/inti.hr\/wp-content\/uploads\/2025\/06\/GKR014W01-2.jpg?fit=800%2C1000&ssl=1","type":"image\/jpeg"}],"twitter_card":"summary_large_image","schema":{"@context":"https:\/\/schema.org","@graph":[{"@type":"WebPage","@id":"https:\/\/inti.hr\/sr\/proizvod\/djecja-polica-za-knjige-s-3-razine\/","url":"https:\/\/inti.hr\/sr\/proizvod\/djecja-polica-za-knjige-s-3-razine\/","name":"Dje\u010dja polica za knjige s 3 razine - Inti","isPartOf":{"@id":"https:\/\/inti.hr\/sr\/#website"},"primaryImageOfPage":{"@id":"https:\/\/inti.hr\/sr\/proizvod\/djecja-polica-za-knjige-s-3-razine\/#primaryimage"},"image":{"@id":"https:\/\/inti.hr\/sr\/proizvod\/djecja-polica-za-knjige-s-3-razine\/#primaryimage"},"thumbnailUrl":"https:\/\/i0.wp.com\/inti.hr\/wp-content\/uploads\/2025\/06\/GKR014W01-2.jpg?fit=800%2C1000&ssl=1","datePublished":"2025-06-23T08:09:17+00:00","dateModified":"2025-06-23T08:09:17+00:00","description":"Dje\u010dja polica opremljena je s tri monta\u017ena elementa koji omogu\u0107uju sigurno pri\u010dvr\u0161\u0107ivanje police na zid i sprje\u010davaju njezin pad. To osigurava sigurno okru\u017eenje za kori\u0161tenje. Izra\u0111ena od visokokvalitetnog MDF-a i borovine, polica za knjige je stabilna i izdr\u017eljiva. \u00a0Zahvaljuju\u0107i kompaktnoj veli\u010dini i vise\u0107em dizajnu, polica \u0161tedi prostor, ne zauzima prostor na podu i mo\u017ee se koristiti u malim prostorijama. S dimenzijama 12 x 60 x 75 cm, ova zidna polica s 3 razine nudi dovoljno prostora za otprilike 20 knjiga. Mali knjigoljupci mogu pohraniti svoje knjige na jednom mjestu. Objesite policu za knjige na zid na pravoj visini kako bi djeca lako mogla pristupiti knjigama i igra\u010dkama. Mali\u0161ani mogu nau\u010diti samostalno vaditi i vra\u0107ati predmete na mjesto.","breadcrumb":{"@id":"https:\/\/inti.hr\/sr\/proizvod\/djecja-polica-za-knjige-s-3-razine\/#breadcrumb"},"inLanguage":"sr-RS","potentialAction":[{"@type":"ReadAction","target":["https:\/\/inti.hr\/sr\/proizvod\/djecja-polica-za-knjige-s-3-razine\/"]}]},{"@type":"ImageObject","inLanguage":"sr-RS","@id":"https:\/\/inti.hr\/sr\/proizvod\/djecja-polica-za-knjige-s-3-razine\/#primaryimage","url":"https:\/\/i0.wp.com\/inti.hr\/wp-content\/uploads\/2025\/06\/GKR014W01-2.jpg?fit=800%2C1000&ssl=1","contentUrl":"https:\/\/i0.wp.com\/inti.hr\/wp-content\/uploads\/2025\/06\/GKR014W01-2.jpg?fit=800%2C1000&ssl=1","width":800,"height":1000,"caption":"SONGMICS dje\u010dja polica za knjige s 4 razine u bijeloj i prirodnoj boj"},{"@type":"BreadcrumbList","@id":"https:\/\/inti.hr\/sr\/proizvod\/djecja-polica-za-knjige-s-3-razine\/#breadcrumb","itemListElement":[{"@type":"ListItem","position":1,"name":"Po\u010detna stranica","item":"https:\/\/inti.hr\/sr\/"},{"@type":"ListItem","position":2,"name":"Prodavnica","item":"https:\/\/inti.hr\/sr\/prodavnica\/"},{"@type":"ListItem","position":3,"name":"Dje\u010dja polica za knjige s 3 razine"}]},{"@type":"WebSite","@id":"https:\/\/inti.hr\/sr\/#website","url":"https:\/\/inti.hr\/sr\/","name":"Inti","description":"trgovina","potentialAction":[{"@type":"SearchAction","target":{"@type":"EntryPoint","urlTemplate":"https:\/\/inti.hr\/sr\/?s={search_term_string}"},"query-input":{"@type":"PropertyValueSpecification","valueRequired":true,"valueName":"search_term_string"}}],"inLanguage":"sr-RS"}]}},"jetpack_sharing_enabled":true,"jetpack-related-posts":[],"_links":{"self":[{"href":"https:\/\/inti.hr\/sr\/wp-json\/wp\/v2\/product\/31247"}],"collection":[{"href":"https:\/\/inti.hr\/sr\/wp-json\/wp\/v2\/product"}],"about":[{"href":"https:\/\/inti.hr\/sr\/wp-json\/wp\/v2\/types\/product"}],"wp:featuredmedia":[{"embeddable":true,"href":"https:\/\/inti.hr\/sr\/wp-json\/wp\/v2\/media\/31248"}],"wp:attachment":[{"href":"https:\/\/inti.hr\/sr\/wp-json\/wp\/v2\/media?parent=31247"}],"wp:term":[{"taxonomy":"product_cat","embeddable":true,"href":"https:\/\/inti.hr\/sr\/wp-json\/wp\/v2\/product_cat?post=31247"},{"taxonomy":"product_tag","embeddable":true,"href":"https:\/\/inti.hr\/sr\/wp-json\/wp\/v2\/product_tag?post=31247"}],"curies":[{"name":"wp","href":"https:\/\/api.w.org\/{rel}","templated":true}]}}