{"id":31273,"date":"2025-04-17T16:23:31","date_gmt":"2025-04-17T15:23:31","guid":{"rendered":"https:\/\/inti.hr\/product\/stol-za-kavu-s-ladicama-50-x-120-cm\/"},"modified":"2025-04-17T16:23:31","modified_gmt":"2025-04-17T15:23:31","slug":"stol-za-kavu-s-ladicama-50-x-120-cm","status":"publish","type":"product","link":"https:\/\/inti.hr\/sr\/proizvod\/stol-za-kavu-s-ladicama-50-x-120-cm\/","title":{"rendered":"Stol za kavu s ladicama 50 x 120 cm"},"content":{"rendered":"<p>Detalji proizvoda:<br \/>\nBoja: Camel Brown-Ink Black, Vintage sme\u0111e-crna s tintom<br \/>\nMaterijal: iverica, \u010delik<br \/>\nVeli\u010dina: 50 x 120 cm (D x \u0160)<br \/>\nVisina: 48-63 cm<br \/>\nTe\u017eina: 29,4 kg<br \/>\nMaks. stati\u010dka nosivost podignute plo\u010de stola: 20 kg<br \/>\nMaks. stati\u010dka nosivost: 136 kg<\/p>\n","protected":false},"excerpt":{"rendered":"<p>Visina plo\u010de stola mo\u017ee se podesiti od 48 cm do 63 &#8230; <\/p>\n","protected":false},"featured_media":31274,"template":"","meta":[],"product_cat":[2421],"product_tag":[2914,2915],"yoast_head":"<!-- This site is optimized with the Yoast SEO plugin v23.7 - https:\/\/yoast.com\/wordpress\/plugins\/seo\/ -->\n<title>Stol za kavu s ladicama 50 x 120 cm - Inti<\/title>\n<meta name=\"description\" content=\"Visina plo\u010de stola mo\u017ee se podesiti od 48 cm do 63 cm, \u0161to vam omogu\u0107uje da prona\u0111ete idealan polo\u017eaj za rad, jelo ili igru \u200b\u200bdok se opu\u0161tate na kau\u010du. Pove\u0107ajte svoju udobnost uz ovaj stoli\u0107 za kavu! S visokokvalitetnim metalnim \u0161arkama i \u0161ipkom za poja\u010danje, plo\u010da stola ovog stola za dnevni boravak mo\u017ee se glatko podi\u0107i i mo\u017ee izdr\u017eati do 20 kg kada se podigne. I tu se ni\u0161ta ne koleba! Noge boje tinte i sme\u0111e gornje povr\u0161ine ovog stoli\u0107a dodaju cool industrijski \u0161tih. Ovaj vintage ugo\u0111aj pomla\u0111uje va\u0161 dnevni boravak i pobolj\u0161ava cjelokupnu estetiku va\u0161eg ambijenta. \u00a0Velika plo\u010da stola i donja polica pru\u017eaju otvoreni prostor za pohranu dnevnih potrep\u0161tina. 3 skrivena pretinca i 2 ladice organiziraju deke, \u010dasopise i druge male predmete koji ne moraju le\u017eati otvoreno. \u00a0Ovaj stoli\u0107 za kau\u010d s rasklopivom plo\u010dom izra\u0111en je od \u010dvrste iverice i \u010deli\u010dnog okvira te je \u010dvrst i izdr\u017eljiv. Izdr\u017eava do 136 kg, tako da ga mo\u017eete bezbri\u017eno koristiti u bilo kojem trenutku.\" \/>\n<meta name=\"robots\" content=\"index, follow, max-snippet:-1, max-image-preview:large, max-video-preview:-1\" \/>\n<link rel=\"canonical\" href=\"https:\/\/inti.hr\/sr\/proizvod\/stol-za-kavu-s-ladicama-50-x-120-cm\/\" \/>\n<meta property=\"og:locale\" content=\"sr_RS\" \/>\n<meta property=\"og:type\" content=\"article\" \/>\n<meta property=\"og:title\" content=\"Stol za kavu s ladicama 50 x 120 cm - Inti\" \/>\n<meta property=\"og:description\" content=\"Visina plo\u010de stola mo\u017ee se podesiti od 48 cm do 63 cm, \u0161to vam omogu\u0107uje da prona\u0111ete idealan polo\u017eaj za rad, jelo ili igru \u200b\u200bdok se opu\u0161tate na kau\u010du. Pove\u0107ajte svoju udobnost uz ovaj stoli\u0107 za kavu! S visokokvalitetnim metalnim \u0161arkama i \u0161ipkom za poja\u010danje, plo\u010da stola ovog stola za dnevni boravak mo\u017ee se glatko podi\u0107i i mo\u017ee izdr\u017eati do 20 kg kada se podigne. I tu se ni\u0161ta ne koleba! Noge boje tinte i sme\u0111e gornje povr\u0161ine ovog stoli\u0107a dodaju cool industrijski \u0161tih. Ovaj vintage ugo\u0111aj pomla\u0111uje va\u0161 dnevni boravak i pobolj\u0161ava cjelokupnu estetiku va\u0161eg ambijenta. \u00a0Velika plo\u010da stola i donja polica pru\u017eaju otvoreni prostor za pohranu dnevnih potrep\u0161tina. 3 skrivena pretinca i 2 ladice organiziraju deke, \u010dasopise i druge male predmete koji ne moraju le\u017eati otvoreno. \u00a0Ovaj stoli\u0107 za kau\u010d s rasklopivom plo\u010dom izra\u0111en je od \u010dvrste iverice i \u010deli\u010dnog okvira te je \u010dvrst i izdr\u017eljiv. Izdr\u017eava do 136 kg, tako da ga mo\u017eete bezbri\u017eno koristiti u bilo kojem trenutku.\" \/>\n<meta property=\"og:url\" content=\"https:\/\/inti.hr\/sr\/proizvod\/stol-za-kavu-s-ladicama-50-x-120-cm\/\" \/>\n<meta property=\"og:site_name\" content=\"Inti\" \/>\n<meta property=\"og:image\" content=\"https:\/\/i0.wp.com\/inti.hr\/wp-content\/uploads\/2025\/04\/LCT252K02-2.jpg?fit=800%2C1000&ssl=1\" \/>\n\t<meta property=\"og:image:width\" content=\"800\" \/>\n\t<meta property=\"og:image:height\" content=\"1000\" \/>\n\t<meta property=\"og:image:type\" content=\"image\/jpeg\" \/>\n<meta name=\"twitter:card\" content=\"summary_large_image\" \/>\n<script type=\"application\/ld+json\" class=\"yoast-schema-graph\">{\"@context\":\"https:\/\/schema.org\",\"@graph\":[{\"@type\":\"WebPage\",\"@id\":\"https:\/\/inti.hr\/sr\/proizvod\/stol-za-kavu-s-ladicama-50-x-120-cm\/\",\"url\":\"https:\/\/inti.hr\/sr\/proizvod\/stol-za-kavu-s-ladicama-50-x-120-cm\/\",\"name\":\"Stol za kavu s ladicama 50 x 120 cm - Inti\",\"isPartOf\":{\"@id\":\"https:\/\/inti.hr\/sr\/#website\"},\"primaryImageOfPage\":{\"@id\":\"https:\/\/inti.hr\/sr\/proizvod\/stol-za-kavu-s-ladicama-50-x-120-cm\/#primaryimage\"},\"image\":{\"@id\":\"https:\/\/inti.hr\/sr\/proizvod\/stol-za-kavu-s-ladicama-50-x-120-cm\/#primaryimage\"},\"thumbnailUrl\":\"https:\/\/i0.wp.com\/inti.hr\/wp-content\/uploads\/2025\/04\/LCT252K02-2.jpg?fit=800%2C1000&ssl=1\",\"datePublished\":\"2025-04-17T15:23:31+00:00\",\"dateModified\":\"2025-04-17T15:23:31+00:00\",\"description\":\"Visina plo\u010de stola mo\u017ee se podesiti od 48 cm do 63 cm, \u0161to vam omogu\u0107uje da prona\u0111ete idealan polo\u017eaj za rad, jelo ili igru \u200b\u200bdok se opu\u0161tate na kau\u010du. Pove\u0107ajte svoju udobnost uz ovaj stoli\u0107 za kavu! S visokokvalitetnim metalnim \u0161arkama i \u0161ipkom za poja\u010danje, plo\u010da stola ovog stola za dnevni boravak mo\u017ee se glatko podi\u0107i i mo\u017ee izdr\u017eati do 20 kg kada se podigne. I tu se ni\u0161ta ne koleba! Noge boje tinte i sme\u0111e gornje povr\u0161ine ovog stoli\u0107a dodaju cool industrijski \u0161tih. Ovaj vintage ugo\u0111aj pomla\u0111uje va\u0161 dnevni boravak i pobolj\u0161ava cjelokupnu estetiku va\u0161eg ambijenta. \u00a0Velika plo\u010da stola i donja polica pru\u017eaju otvoreni prostor za pohranu dnevnih potrep\u0161tina. 3 skrivena pretinca i 2 ladice organiziraju deke, \u010dasopise i druge male predmete koji ne moraju le\u017eati otvoreno. \u00a0Ovaj stoli\u0107 za kau\u010d s rasklopivom plo\u010dom izra\u0111en je od \u010dvrste iverice i \u010deli\u010dnog okvira te je \u010dvrst i izdr\u017eljiv. Izdr\u017eava do 136 kg, tako da ga mo\u017eete bezbri\u017eno koristiti u bilo kojem trenutku.\",\"breadcrumb\":{\"@id\":\"https:\/\/inti.hr\/sr\/proizvod\/stol-za-kavu-s-ladicama-50-x-120-cm\/#breadcrumb\"},\"inLanguage\":\"sr-RS\",\"potentialAction\":[{\"@type\":\"ReadAction\",\"target\":[\"https:\/\/inti.hr\/sr\/proizvod\/stol-za-kavu-s-ladicama-50-x-120-cm\/\"]}]},{\"@type\":\"ImageObject\",\"inLanguage\":\"sr-RS\",\"@id\":\"https:\/\/inti.hr\/sr\/proizvod\/stol-za-kavu-s-ladicama-50-x-120-cm\/#primaryimage\",\"url\":\"https:\/\/i0.wp.com\/inti.hr\/wp-content\/uploads\/2025\/04\/LCT252K02-2.jpg?fit=800%2C1000&ssl=1\",\"contentUrl\":\"https:\/\/i0.wp.com\/inti.hr\/wp-content\/uploads\/2025\/04\/LCT252K02-2.jpg?fit=800%2C1000&ssl=1\",\"width\":800,\"height\":1000,\"caption\":\"VASAGLE Stoli\u0107 za kavu podesiv po visini s ladicama, vintage sme\u0111a i ink crna\"},{\"@type\":\"BreadcrumbList\",\"@id\":\"https:\/\/inti.hr\/sr\/proizvod\/stol-za-kavu-s-ladicama-50-x-120-cm\/#breadcrumb\",\"itemListElement\":[{\"@type\":\"ListItem\",\"position\":1,\"name\":\"Po\u010detna stranica\",\"item\":\"https:\/\/inti.hr\/sr\/\"},{\"@type\":\"ListItem\",\"position\":2,\"name\":\"Prodavnica\",\"item\":\"https:\/\/inti.hr\/sr\/prodavnica\/\"},{\"@type\":\"ListItem\",\"position\":3,\"name\":\"Stol za kavu s ladicama 50 x 120 cm\"}]},{\"@type\":\"WebSite\",\"@id\":\"https:\/\/inti.hr\/sr\/#website\",\"url\":\"https:\/\/inti.hr\/sr\/\",\"name\":\"Inti\",\"description\":\"trgovina\",\"potentialAction\":[{\"@type\":\"SearchAction\",\"target\":{\"@type\":\"EntryPoint\",\"urlTemplate\":\"https:\/\/inti.hr\/sr\/?s={search_term_string}\"},\"query-input\":{\"@type\":\"PropertyValueSpecification\",\"valueRequired\":true,\"valueName\":\"search_term_string\"}}],\"inLanguage\":\"sr-RS\"}]}<\/script>\n<!-- \/ Yoast SEO plugin. -->","yoast_head_json":{"title":"Stol za kavu s ladicama 50 x 120 cm - Inti","description":"Visina plo\u010de stola mo\u017ee se podesiti od 48 cm do 63 cm, \u0161to vam omogu\u0107uje da prona\u0111ete idealan polo\u017eaj za rad, jelo ili igru \u200b\u200bdok se opu\u0161tate na kau\u010du. Pove\u0107ajte svoju udobnost uz ovaj stoli\u0107 za kavu! S visokokvalitetnim metalnim \u0161arkama i \u0161ipkom za poja\u010danje, plo\u010da stola ovog stola za dnevni boravak mo\u017ee se glatko podi\u0107i i mo\u017ee izdr\u017eati do 20 kg kada se podigne. I tu se ni\u0161ta ne koleba! Noge boje tinte i sme\u0111e gornje povr\u0161ine ovog stoli\u0107a dodaju cool industrijski \u0161tih. Ovaj vintage ugo\u0111aj pomla\u0111uje va\u0161 dnevni boravak i pobolj\u0161ava cjelokupnu estetiku va\u0161eg ambijenta. \u00a0Velika plo\u010da stola i donja polica pru\u017eaju otvoreni prostor za pohranu dnevnih potrep\u0161tina. 3 skrivena pretinca i 2 ladice organiziraju deke, \u010dasopise i druge male predmete koji ne moraju le\u017eati otvoreno. \u00a0Ovaj stoli\u0107 za kau\u010d s rasklopivom plo\u010dom izra\u0111en je od \u010dvrste iverice i \u010deli\u010dnog okvira te je \u010dvrst i izdr\u017eljiv. Izdr\u017eava do 136 kg, tako da ga mo\u017eete bezbri\u017eno koristiti u bilo kojem trenutku.","robots":{"index":"index","follow":"follow","max-snippet":"max-snippet:-1","max-image-preview":"max-image-preview:large","max-video-preview":"max-video-preview:-1"},"canonical":"https:\/\/inti.hr\/sr\/proizvod\/stol-za-kavu-s-ladicama-50-x-120-cm\/","og_locale":"sr_RS","og_type":"article","og_title":"Stol za kavu s ladicama 50 x 120 cm - Inti","og_description":"Visina plo\u010de stola mo\u017ee se podesiti od 48 cm do 63 cm, \u0161to vam omogu\u0107uje da prona\u0111ete idealan polo\u017eaj za rad, jelo ili igru \u200b\u200bdok se opu\u0161tate na kau\u010du. Pove\u0107ajte svoju udobnost uz ovaj stoli\u0107 za kavu! S visokokvalitetnim metalnim \u0161arkama i \u0161ipkom za poja\u010danje, plo\u010da stola ovog stola za dnevni boravak mo\u017ee se glatko podi\u0107i i mo\u017ee izdr\u017eati do 20 kg kada se podigne. I tu se ni\u0161ta ne koleba! Noge boje tinte i sme\u0111e gornje povr\u0161ine ovog stoli\u0107a dodaju cool industrijski \u0161tih. Ovaj vintage ugo\u0111aj pomla\u0111uje va\u0161 dnevni boravak i pobolj\u0161ava cjelokupnu estetiku va\u0161eg ambijenta. \u00a0Velika plo\u010da stola i donja polica pru\u017eaju otvoreni prostor za pohranu dnevnih potrep\u0161tina. 3 skrivena pretinca i 2 ladice organiziraju deke, \u010dasopise i druge male predmete koji ne moraju le\u017eati otvoreno. \u00a0Ovaj stoli\u0107 za kau\u010d s rasklopivom plo\u010dom izra\u0111en je od \u010dvrste iverice i \u010deli\u010dnog okvira te je \u010dvrst i izdr\u017eljiv. Izdr\u017eava do 136 kg, tako da ga mo\u017eete bezbri\u017eno koristiti u bilo kojem trenutku.","og_url":"https:\/\/inti.hr\/sr\/proizvod\/stol-za-kavu-s-ladicama-50-x-120-cm\/","og_site_name":"Inti","og_image":[{"width":800,"height":1000,"url":"https:\/\/i0.wp.com\/inti.hr\/wp-content\/uploads\/2025\/04\/LCT252K02-2.jpg?fit=800%2C1000&ssl=1","type":"image\/jpeg"}],"twitter_card":"summary_large_image","schema":{"@context":"https:\/\/schema.org","@graph":[{"@type":"WebPage","@id":"https:\/\/inti.hr\/sr\/proizvod\/stol-za-kavu-s-ladicama-50-x-120-cm\/","url":"https:\/\/inti.hr\/sr\/proizvod\/stol-za-kavu-s-ladicama-50-x-120-cm\/","name":"Stol za kavu s ladicama 50 x 120 cm - Inti","isPartOf":{"@id":"https:\/\/inti.hr\/sr\/#website"},"primaryImageOfPage":{"@id":"https:\/\/inti.hr\/sr\/proizvod\/stol-za-kavu-s-ladicama-50-x-120-cm\/#primaryimage"},"image":{"@id":"https:\/\/inti.hr\/sr\/proizvod\/stol-za-kavu-s-ladicama-50-x-120-cm\/#primaryimage"},"thumbnailUrl":"https:\/\/i0.wp.com\/inti.hr\/wp-content\/uploads\/2025\/04\/LCT252K02-2.jpg?fit=800%2C1000&ssl=1","datePublished":"2025-04-17T15:23:31+00:00","dateModified":"2025-04-17T15:23:31+00:00","description":"Visina plo\u010de stola mo\u017ee se podesiti od 48 cm do 63 cm, \u0161to vam omogu\u0107uje da prona\u0111ete idealan polo\u017eaj za rad, jelo ili igru \u200b\u200bdok se opu\u0161tate na kau\u010du. Pove\u0107ajte svoju udobnost uz ovaj stoli\u0107 za kavu! S visokokvalitetnim metalnim \u0161arkama i \u0161ipkom za poja\u010danje, plo\u010da stola ovog stola za dnevni boravak mo\u017ee se glatko podi\u0107i i mo\u017ee izdr\u017eati do 20 kg kada se podigne. I tu se ni\u0161ta ne koleba! Noge boje tinte i sme\u0111e gornje povr\u0161ine ovog stoli\u0107a dodaju cool industrijski \u0161tih. Ovaj vintage ugo\u0111aj pomla\u0111uje va\u0161 dnevni boravak i pobolj\u0161ava cjelokupnu estetiku va\u0161eg ambijenta. \u00a0Velika plo\u010da stola i donja polica pru\u017eaju otvoreni prostor za pohranu dnevnih potrep\u0161tina. 3 skrivena pretinca i 2 ladice organiziraju deke, \u010dasopise i druge male predmete koji ne moraju le\u017eati otvoreno. \u00a0Ovaj stoli\u0107 za kau\u010d s rasklopivom plo\u010dom izra\u0111en je od \u010dvrste iverice i \u010deli\u010dnog okvira te je \u010dvrst i izdr\u017eljiv. Izdr\u017eava do 136 kg, tako da ga mo\u017eete bezbri\u017eno koristiti u bilo kojem trenutku.","breadcrumb":{"@id":"https:\/\/inti.hr\/sr\/proizvod\/stol-za-kavu-s-ladicama-50-x-120-cm\/#breadcrumb"},"inLanguage":"sr-RS","potentialAction":[{"@type":"ReadAction","target":["https:\/\/inti.hr\/sr\/proizvod\/stol-za-kavu-s-ladicama-50-x-120-cm\/"]}]},{"@type":"ImageObject","inLanguage":"sr-RS","@id":"https:\/\/inti.hr\/sr\/proizvod\/stol-za-kavu-s-ladicama-50-x-120-cm\/#primaryimage","url":"https:\/\/i0.wp.com\/inti.hr\/wp-content\/uploads\/2025\/04\/LCT252K02-2.jpg?fit=800%2C1000&ssl=1","contentUrl":"https:\/\/i0.wp.com\/inti.hr\/wp-content\/uploads\/2025\/04\/LCT252K02-2.jpg?fit=800%2C1000&ssl=1","width":800,"height":1000,"caption":"VASAGLE Stoli\u0107 za kavu podesiv po visini s ladicama, vintage sme\u0111a i ink crna"},{"@type":"BreadcrumbList","@id":"https:\/\/inti.hr\/sr\/proizvod\/stol-za-kavu-s-ladicama-50-x-120-cm\/#breadcrumb","itemListElement":[{"@type":"ListItem","position":1,"name":"Po\u010detna stranica","item":"https:\/\/inti.hr\/sr\/"},{"@type":"ListItem","position":2,"name":"Prodavnica","item":"https:\/\/inti.hr\/sr\/prodavnica\/"},{"@type":"ListItem","position":3,"name":"Stol za kavu s ladicama 50 x 120 cm"}]},{"@type":"WebSite","@id":"https:\/\/inti.hr\/sr\/#website","url":"https:\/\/inti.hr\/sr\/","name":"Inti","description":"trgovina","potentialAction":[{"@type":"SearchAction","target":{"@type":"EntryPoint","urlTemplate":"https:\/\/inti.hr\/sr\/?s={search_term_string}"},"query-input":{"@type":"PropertyValueSpecification","valueRequired":true,"valueName":"search_term_string"}}],"inLanguage":"sr-RS"}]}},"jetpack_sharing_enabled":true,"jetpack-related-posts":[],"_links":{"self":[{"href":"https:\/\/inti.hr\/sr\/wp-json\/wp\/v2\/product\/31273"}],"collection":[{"href":"https:\/\/inti.hr\/sr\/wp-json\/wp\/v2\/product"}],"about":[{"href":"https:\/\/inti.hr\/sr\/wp-json\/wp\/v2\/types\/product"}],"wp:featuredmedia":[{"embeddable":true,"href":"https:\/\/inti.hr\/sr\/wp-json\/wp\/v2\/media\/31274"}],"wp:attachment":[{"href":"https:\/\/inti.hr\/sr\/wp-json\/wp\/v2\/media?parent=31273"}],"wp:term":[{"taxonomy":"product_cat","embeddable":true,"href":"https:\/\/inti.hr\/sr\/wp-json\/wp\/v2\/product_cat?post=31273"},{"taxonomy":"product_tag","embeddable":true,"href":"https:\/\/inti.hr\/sr\/wp-json\/wp\/v2\/product_tag?post=31273"}],"curies":[{"name":"wp","href":"https:\/\/api.w.org\/{rel}","templated":true}]}}