{"id":31283,"date":"2025-04-11T08:31:18","date_gmt":"2025-04-11T07:31:18","guid":{"rendered":"https:\/\/inti.hr\/product\/kolica-90x40x88cm\/"},"modified":"2025-04-11T08:31:18","modified_gmt":"2025-04-11T07:31:18","slug":"kolica-90x40x88cm","status":"publish","type":"product","link":"https:\/\/inti.hr\/sr\/proizvod\/kolica-90x40x88cm\/","title":{"rendered":"Kolica 90x40x88cm"},"content":{"rendered":"<p>Pojedinosti o proizvodu:<\/p>\n<p>Te\u017eina: oko 34 kg<br \/>\nNosivost: 64 kg.<br \/>\nMaterijal: MDF (E1), borovina.<br \/>\nDimenzije proizvoda: 90x40x88 cm (vidi sliku);<br \/>\nDimenzije pakiranja: 91&#215;46,5&#215;16 cm.<\/p>\n","protected":false},"excerpt":{"rendered":"<p>S 3 prakti\u010dne ladice, ko\u0161arom i dvije police, ova kolica vam &#8230; <\/p>\n","protected":false},"featured_media":31284,"template":"","meta":[],"product_cat":[2539],"product_tag":[2540,2921],"yoast_head":"<!-- This site is optimized with the Yoast SEO plugin v23.7 - https:\/\/yoast.com\/wordpress\/plugins\/seo\/ -->\n<title>Kolica 90x40x88cm - Inti<\/title>\n<meta name=\"description\" content=\"S 3 prakti\u010dne ladice, ko\u0161arom i dvije police, ova kolica vam nude mnogo dodatnog prostora za va\u0161 kuhinjski pribor.Ko\u0161ara je opremljena vodilicama tako da se mo\u017ee lako izvaditi. Drveni gornji dio idealan je za kuhinju jer \u0161titi kolica od vode, oksidacije i korozije.\u010cetiri kota\u010da zakretna za 360\u00b0 omogu\u0107uju slobodno pomicanje kolica bez grebanja poda. Dva kota\u010di\u0107a s ko\u010dnicama mogu se zaklju\u010dati kako bi se kolica postavila u stabilan polo\u017eaj.\" \/>\n<meta name=\"robots\" content=\"index, follow, max-snippet:-1, max-image-preview:large, max-video-preview:-1\" \/>\n<link rel=\"canonical\" href=\"https:\/\/inti.hr\/sr\/proizvod\/kolica-90x40x88cm\/\" \/>\n<meta property=\"og:locale\" content=\"sr_RS\" \/>\n<meta property=\"og:type\" content=\"article\" \/>\n<meta property=\"og:title\" content=\"Kolica 90x40x88cm - Inti\" \/>\n<meta property=\"og:description\" content=\"S 3 prakti\u010dne ladice, ko\u0161arom i dvije police, ova kolica vam nude mnogo dodatnog prostora za va\u0161 kuhinjski pribor.Ko\u0161ara je opremljena vodilicama tako da se mo\u017ee lako izvaditi. Drveni gornji dio idealan je za kuhinju jer \u0161titi kolica od vode, oksidacije i korozije.\u010cetiri kota\u010da zakretna za 360\u00b0 omogu\u0107uju slobodno pomicanje kolica bez grebanja poda. Dva kota\u010di\u0107a s ko\u010dnicama mogu se zaklju\u010dati kako bi se kolica postavila u stabilan polo\u017eaj.\" \/>\n<meta property=\"og:url\" content=\"https:\/\/inti.hr\/sr\/proizvod\/kolica-90x40x88cm\/\" \/>\n<meta property=\"og:site_name\" content=\"Inti\" \/>\n<meta property=\"og:image\" content=\"https:\/\/i0.wp.com\/inti.hr\/wp-content\/uploads\/2025\/04\/FKW127-GR-S002_1800x1800.webp?fit=1600%2C1600&ssl=1\" \/>\n\t<meta property=\"og:image:width\" content=\"1600\" \/>\n\t<meta property=\"og:image:height\" content=\"1600\" \/>\n\t<meta property=\"og:image:type\" content=\"image\/webp\" \/>\n<meta name=\"twitter:card\" content=\"summary_large_image\" \/>\n<script type=\"application\/ld+json\" class=\"yoast-schema-graph\">{\"@context\":\"https:\/\/schema.org\",\"@graph\":[{\"@type\":\"WebPage\",\"@id\":\"https:\/\/inti.hr\/sr\/proizvod\/kolica-90x40x88cm\/\",\"url\":\"https:\/\/inti.hr\/sr\/proizvod\/kolica-90x40x88cm\/\",\"name\":\"Kolica 90x40x88cm - Inti\",\"isPartOf\":{\"@id\":\"https:\/\/inti.hr\/sr\/#website\"},\"primaryImageOfPage\":{\"@id\":\"https:\/\/inti.hr\/sr\/proizvod\/kolica-90x40x88cm\/#primaryimage\"},\"image\":{\"@id\":\"https:\/\/inti.hr\/sr\/proizvod\/kolica-90x40x88cm\/#primaryimage\"},\"thumbnailUrl\":\"https:\/\/i0.wp.com\/inti.hr\/wp-content\/uploads\/2025\/04\/FKW127-GR-S002_1800x1800.webp?fit=1600%2C1600&ssl=1\",\"datePublished\":\"2025-04-11T07:31:18+00:00\",\"dateModified\":\"2025-04-11T07:31:18+00:00\",\"description\":\"S 3 prakti\u010dne ladice, ko\u0161arom i dvije police, ova kolica vam nude mnogo dodatnog prostora za va\u0161 kuhinjski pribor.Ko\u0161ara je opremljena vodilicama tako da se mo\u017ee lako izvaditi. Drveni gornji dio idealan je za kuhinju jer \u0161titi kolica od vode, oksidacije i korozije.\u010cetiri kota\u010da zakretna za 360\u00b0 omogu\u0107uju slobodno pomicanje kolica bez grebanja poda. Dva kota\u010di\u0107a s ko\u010dnicama mogu se zaklju\u010dati kako bi se kolica postavila u stabilan polo\u017eaj.\",\"breadcrumb\":{\"@id\":\"https:\/\/inti.hr\/sr\/proizvod\/kolica-90x40x88cm\/#breadcrumb\"},\"inLanguage\":\"sr-RS\",\"potentialAction\":[{\"@type\":\"ReadAction\",\"target\":[\"https:\/\/inti.hr\/sr\/proizvod\/kolica-90x40x88cm\/\"]}]},{\"@type\":\"ImageObject\",\"inLanguage\":\"sr-RS\",\"@id\":\"https:\/\/inti.hr\/sr\/proizvod\/kolica-90x40x88cm\/#primaryimage\",\"url\":\"https:\/\/i0.wp.com\/inti.hr\/wp-content\/uploads\/2025\/04\/FKW127-GR-S002_1800x1800.webp?fit=1600%2C1600&ssl=1\",\"contentUrl\":\"https:\/\/i0.wp.com\/inti.hr\/wp-content\/uploads\/2025\/04\/FKW127-GR-S002_1800x1800.webp?fit=1600%2C1600&ssl=1\",\"width\":1600,\"height\":1600,\"caption\":\"SoBuy Kolica 90x40x88cm FKW127-GR\"},{\"@type\":\"BreadcrumbList\",\"@id\":\"https:\/\/inti.hr\/sr\/proizvod\/kolica-90x40x88cm\/#breadcrumb\",\"itemListElement\":[{\"@type\":\"ListItem\",\"position\":1,\"name\":\"Po\u010detna stranica\",\"item\":\"https:\/\/inti.hr\/sr\/\"},{\"@type\":\"ListItem\",\"position\":2,\"name\":\"Prodavnica\",\"item\":\"https:\/\/inti.hr\/sr\/prodavnica\/\"},{\"@type\":\"ListItem\",\"position\":3,\"name\":\"Kolica 90x40x88cm\"}]},{\"@type\":\"WebSite\",\"@id\":\"https:\/\/inti.hr\/sr\/#website\",\"url\":\"https:\/\/inti.hr\/sr\/\",\"name\":\"Inti\",\"description\":\"trgovina\",\"potentialAction\":[{\"@type\":\"SearchAction\",\"target\":{\"@type\":\"EntryPoint\",\"urlTemplate\":\"https:\/\/inti.hr\/sr\/?s={search_term_string}\"},\"query-input\":{\"@type\":\"PropertyValueSpecification\",\"valueRequired\":true,\"valueName\":\"search_term_string\"}}],\"inLanguage\":\"sr-RS\"}]}<\/script>\n<!-- \/ Yoast SEO plugin. -->","yoast_head_json":{"title":"Kolica 90x40x88cm - Inti","description":"S 3 prakti\u010dne ladice, ko\u0161arom i dvije police, ova kolica vam nude mnogo dodatnog prostora za va\u0161 kuhinjski pribor.Ko\u0161ara je opremljena vodilicama tako da se mo\u017ee lako izvaditi. Drveni gornji dio idealan je za kuhinju jer \u0161titi kolica od vode, oksidacije i korozije.\u010cetiri kota\u010da zakretna za 360\u00b0 omogu\u0107uju slobodno pomicanje kolica bez grebanja poda. Dva kota\u010di\u0107a s ko\u010dnicama mogu se zaklju\u010dati kako bi se kolica postavila u stabilan polo\u017eaj.","robots":{"index":"index","follow":"follow","max-snippet":"max-snippet:-1","max-image-preview":"max-image-preview:large","max-video-preview":"max-video-preview:-1"},"canonical":"https:\/\/inti.hr\/sr\/proizvod\/kolica-90x40x88cm\/","og_locale":"sr_RS","og_type":"article","og_title":"Kolica 90x40x88cm - Inti","og_description":"S 3 prakti\u010dne ladice, ko\u0161arom i dvije police, ova kolica vam nude mnogo dodatnog prostora za va\u0161 kuhinjski pribor.Ko\u0161ara je opremljena vodilicama tako da se mo\u017ee lako izvaditi. Drveni gornji dio idealan je za kuhinju jer \u0161titi kolica od vode, oksidacije i korozije.\u010cetiri kota\u010da zakretna za 360\u00b0 omogu\u0107uju slobodno pomicanje kolica bez grebanja poda. Dva kota\u010di\u0107a s ko\u010dnicama mogu se zaklju\u010dati kako bi se kolica postavila u stabilan polo\u017eaj.","og_url":"https:\/\/inti.hr\/sr\/proizvod\/kolica-90x40x88cm\/","og_site_name":"Inti","og_image":[{"width":1600,"height":1600,"url":"https:\/\/i0.wp.com\/inti.hr\/wp-content\/uploads\/2025\/04\/FKW127-GR-S002_1800x1800.webp?fit=1600%2C1600&ssl=1","type":"image\/webp"}],"twitter_card":"summary_large_image","schema":{"@context":"https:\/\/schema.org","@graph":[{"@type":"WebPage","@id":"https:\/\/inti.hr\/sr\/proizvod\/kolica-90x40x88cm\/","url":"https:\/\/inti.hr\/sr\/proizvod\/kolica-90x40x88cm\/","name":"Kolica 90x40x88cm - Inti","isPartOf":{"@id":"https:\/\/inti.hr\/sr\/#website"},"primaryImageOfPage":{"@id":"https:\/\/inti.hr\/sr\/proizvod\/kolica-90x40x88cm\/#primaryimage"},"image":{"@id":"https:\/\/inti.hr\/sr\/proizvod\/kolica-90x40x88cm\/#primaryimage"},"thumbnailUrl":"https:\/\/i0.wp.com\/inti.hr\/wp-content\/uploads\/2025\/04\/FKW127-GR-S002_1800x1800.webp?fit=1600%2C1600&ssl=1","datePublished":"2025-04-11T07:31:18+00:00","dateModified":"2025-04-11T07:31:18+00:00","description":"S 3 prakti\u010dne ladice, ko\u0161arom i dvije police, ova kolica vam nude mnogo dodatnog prostora za va\u0161 kuhinjski pribor.Ko\u0161ara je opremljena vodilicama tako da se mo\u017ee lako izvaditi. Drveni gornji dio idealan je za kuhinju jer \u0161titi kolica od vode, oksidacije i korozije.\u010cetiri kota\u010da zakretna za 360\u00b0 omogu\u0107uju slobodno pomicanje kolica bez grebanja poda. Dva kota\u010di\u0107a s ko\u010dnicama mogu se zaklju\u010dati kako bi se kolica postavila u stabilan polo\u017eaj.","breadcrumb":{"@id":"https:\/\/inti.hr\/sr\/proizvod\/kolica-90x40x88cm\/#breadcrumb"},"inLanguage":"sr-RS","potentialAction":[{"@type":"ReadAction","target":["https:\/\/inti.hr\/sr\/proizvod\/kolica-90x40x88cm\/"]}]},{"@type":"ImageObject","inLanguage":"sr-RS","@id":"https:\/\/inti.hr\/sr\/proizvod\/kolica-90x40x88cm\/#primaryimage","url":"https:\/\/i0.wp.com\/inti.hr\/wp-content\/uploads\/2025\/04\/FKW127-GR-S002_1800x1800.webp?fit=1600%2C1600&ssl=1","contentUrl":"https:\/\/i0.wp.com\/inti.hr\/wp-content\/uploads\/2025\/04\/FKW127-GR-S002_1800x1800.webp?fit=1600%2C1600&ssl=1","width":1600,"height":1600,"caption":"SoBuy Kolica 90x40x88cm FKW127-GR"},{"@type":"BreadcrumbList","@id":"https:\/\/inti.hr\/sr\/proizvod\/kolica-90x40x88cm\/#breadcrumb","itemListElement":[{"@type":"ListItem","position":1,"name":"Po\u010detna stranica","item":"https:\/\/inti.hr\/sr\/"},{"@type":"ListItem","position":2,"name":"Prodavnica","item":"https:\/\/inti.hr\/sr\/prodavnica\/"},{"@type":"ListItem","position":3,"name":"Kolica 90x40x88cm"}]},{"@type":"WebSite","@id":"https:\/\/inti.hr\/sr\/#website","url":"https:\/\/inti.hr\/sr\/","name":"Inti","description":"trgovina","potentialAction":[{"@type":"SearchAction","target":{"@type":"EntryPoint","urlTemplate":"https:\/\/inti.hr\/sr\/?s={search_term_string}"},"query-input":{"@type":"PropertyValueSpecification","valueRequired":true,"valueName":"search_term_string"}}],"inLanguage":"sr-RS"}]}},"jetpack_sharing_enabled":true,"jetpack-related-posts":[],"_links":{"self":[{"href":"https:\/\/inti.hr\/sr\/wp-json\/wp\/v2\/product\/31283"}],"collection":[{"href":"https:\/\/inti.hr\/sr\/wp-json\/wp\/v2\/product"}],"about":[{"href":"https:\/\/inti.hr\/sr\/wp-json\/wp\/v2\/types\/product"}],"wp:featuredmedia":[{"embeddable":true,"href":"https:\/\/inti.hr\/sr\/wp-json\/wp\/v2\/media\/31284"}],"wp:attachment":[{"href":"https:\/\/inti.hr\/sr\/wp-json\/wp\/v2\/media?parent=31283"}],"wp:term":[{"taxonomy":"product_cat","embeddable":true,"href":"https:\/\/inti.hr\/sr\/wp-json\/wp\/v2\/product_cat?post=31283"},{"taxonomy":"product_tag","embeddable":true,"href":"https:\/\/inti.hr\/sr\/wp-json\/wp\/v2\/product_tag?post=31283"}],"curies":[{"name":"wp","href":"https:\/\/api.w.org\/{rel}","templated":true}]}}