{"id":31289,"date":"2025-04-11T08:20:59","date_gmt":"2025-04-11T07:20:59","guid":{"rendered":"https:\/\/inti.hr\/product\/kuhinjski-element-s-ladicama-i-vratima\/"},"modified":"2025-04-11T08:20:59","modified_gmt":"2025-04-11T07:20:59","slug":"kuhinjski-element-s-ladicama-i-vratima","status":"publish","type":"product","link":"https:\/\/inti.hr\/sr\/proizvod\/kuhinjski-element-s-ladicama-i-vratima\/","title":{"rendered":"Kuhinjski element s ladicama i vratima"},"content":{"rendered":"<p>Detalji proizvoda:<br \/>\nBoja: Vintage bijelo-med sme\u0111a<br \/>\nMaterijal: MDF (vlaknasta plo\u010da srednje gusto\u0107e), iverica, \u010delik<br \/>\nVeli\u010dina: 40 x 80 x 80 cm (D x \u0160 x V)<br \/>\nTe\u017eina: 25,7 kg<br \/>\nMaks. stati\u010dka nosivost gornje plo\u010de: 75 kg<br \/>\nMaks. stati\u010dka nosivost ladice: 9,1 kg<br \/>\nMaks. stati\u010dka nosivost podesive police: 22,7 kg<\/p>\n<p>&nbsp;<\/p>\n<p>4vrata<\/p>\n<p>&nbsp;<\/p>\n<ul>\n<li><b><span>Detalji proizvoda:<\/span><\/b><\/li>\n<li><span>&#8211; Boja: Vintage bijelo-med sme\u0111a<\/span><\/li>\n<li><span>&#8211; Materijal: iverica, MDF (vlaknasta plo\u010da srednje gusto\u0107e), \u010delik<\/span><\/li>\n<li><span>&#8211; Veli\u010dina: 40 x 140 x 80 cm (D x \u0160 x V)<\/span><\/li>\n<li><span>&#8211; Te\u017eina: 38,3 kg<\/span><\/li>\n<li><span>&#8211; Maks. stati\u010dka nosivost pokrovne plo\u010de: 120 kg<\/span><\/li>\n<li><span>&#8211; Maks. stati\u010dka nosivost svake police: 30 kg<\/span>VASAGLE kuhinjski element s ladicama 40 x 140 x 80 cm<\/li>\n<\/ul>\n","protected":false},"excerpt":{"rendered":"<p>Elegantna kombinacija bijele i sme\u0111e boje i jedinstvena klizna vrata \u010dine &#8230; <\/p>\n","protected":false},"featured_media":31290,"template":"","meta":[],"product_cat":[2539],"product_tag":[2540,2921],"yoast_head":"<!-- This site is optimized with the Yoast SEO plugin v23.7 - https:\/\/yoast.com\/wordpress\/plugins\/seo\/ -->\n<title>Kuhinjski element s ladicama i vratima - Inti<\/title>\n<meta name=\"description\" content=\"\u00a0Elegantna kombinacija bijele i sme\u0111e boje i jedinstvena klizna vrata \u010dine ovu komodu \u0161ik komadom namje\u0161taja za dnevnu sobu, kao ormari\u0107 za kuhinju ili blagovaonicu ili konzolni stoli\u0107 za hodnik. S prilo\u017eenim pregradama mo\u017eete oblikovati prostor ladice po \u017eelji. Donji ormari\u0107 ima podesive police s 5 opcija visine za spremanje predmeta razli\u010ditih veli\u010dina. Ormari\u0107 za pohranjivanje ima za\u0161titu od prevrtanja za stabilnost, otvor za kabel za u\u010dinkovito upravljanje kablovima i visoke no\u017eice koje omogu\u0107uju \u010di\u0161\u0107enje ispod ormari\u0107a bez napora \u2013 sve za sigurnost i prakti\u010dnost. Prostrana ladica za pohranjivanje sitnica, velika gornja plo\u010da za izlaganje ukrasa i donji ormari\u0107 za ve\u0107e predmete \u2013 komoda zadovoljava va\u0161e razne potrebe za pohranjivanjem.\u00a0Visokokvalitetna konstrukcija od iverice i MDF-a \u010dini bife ormari\u0107 stabilnim i izdr\u017eljivim, osiguravaju\u0107i da va\u0161a soba izgleda uredno i udobno iz godine u godinu.\" \/>\n<meta name=\"robots\" content=\"index, follow, max-snippet:-1, max-image-preview:large, max-video-preview:-1\" \/>\n<link rel=\"canonical\" href=\"https:\/\/inti.hr\/sr\/proizvod\/kuhinjski-element-s-ladicama-i-vratima\/\" \/>\n<meta property=\"og:locale\" content=\"sr_RS\" \/>\n<meta property=\"og:type\" content=\"article\" \/>\n<meta property=\"og:title\" content=\"Kuhinjski element s ladicama i vratima - Inti\" \/>\n<meta property=\"og:description\" content=\"\u00a0Elegantna kombinacija bijele i sme\u0111e boje i jedinstvena klizna vrata \u010dine ovu komodu \u0161ik komadom namje\u0161taja za dnevnu sobu, kao ormari\u0107 za kuhinju ili blagovaonicu ili konzolni stoli\u0107 za hodnik. S prilo\u017eenim pregradama mo\u017eete oblikovati prostor ladice po \u017eelji. Donji ormari\u0107 ima podesive police s 5 opcija visine za spremanje predmeta razli\u010ditih veli\u010dina. Ormari\u0107 za pohranjivanje ima za\u0161titu od prevrtanja za stabilnost, otvor za kabel za u\u010dinkovito upravljanje kablovima i visoke no\u017eice koje omogu\u0107uju \u010di\u0161\u0107enje ispod ormari\u0107a bez napora \u2013 sve za sigurnost i prakti\u010dnost. Prostrana ladica za pohranjivanje sitnica, velika gornja plo\u010da za izlaganje ukrasa i donji ormari\u0107 za ve\u0107e predmete \u2013 komoda zadovoljava va\u0161e razne potrebe za pohranjivanjem.\u00a0Visokokvalitetna konstrukcija od iverice i MDF-a \u010dini bife ormari\u0107 stabilnim i izdr\u017eljivim, osiguravaju\u0107i da va\u0161a soba izgleda uredno i udobno iz godine u godinu.\" \/>\n<meta property=\"og:url\" content=\"https:\/\/inti.hr\/sr\/proizvod\/kuhinjski-element-s-ladicama-i-vratima\/\" \/>\n<meta property=\"og:site_name\" content=\"Inti\" \/>\n<meta property=\"og:image\" content=\"https:\/\/i0.wp.com\/inti.hr\/wp-content\/uploads\/2025\/04\/BBK341W01-2.jpg?fit=800%2C1000&ssl=1\" \/>\n\t<meta property=\"og:image:width\" content=\"800\" \/>\n\t<meta property=\"og:image:height\" content=\"1000\" \/>\n\t<meta property=\"og:image:type\" content=\"image\/jpeg\" \/>\n<meta name=\"twitter:card\" content=\"summary_large_image\" \/>\n<meta name=\"twitter:label1\" content=\"\u041f\u0440\u043e\u0446\u0435\u045a\u0435\u043d\u043e \u0432\u0440\u0435\u043c\u0435 \u0447\u0438\u0442\u0430\u045a\u0430\" \/>\n\t<meta name=\"twitter:data1\" content=\"1 \u043c\u0438\u043d\u0443\u0442\" \/>\n<script type=\"application\/ld+json\" class=\"yoast-schema-graph\">{\"@context\":\"https:\/\/schema.org\",\"@graph\":[{\"@type\":\"WebPage\",\"@id\":\"https:\/\/inti.hr\/sr\/proizvod\/kuhinjski-element-s-ladicama-i-vratima\/\",\"url\":\"https:\/\/inti.hr\/sr\/proizvod\/kuhinjski-element-s-ladicama-i-vratima\/\",\"name\":\"Kuhinjski element s ladicama i vratima - Inti\",\"isPartOf\":{\"@id\":\"https:\/\/inti.hr\/sr\/#website\"},\"primaryImageOfPage\":{\"@id\":\"https:\/\/inti.hr\/sr\/proizvod\/kuhinjski-element-s-ladicama-i-vratima\/#primaryimage\"},\"image\":{\"@id\":\"https:\/\/inti.hr\/sr\/proizvod\/kuhinjski-element-s-ladicama-i-vratima\/#primaryimage\"},\"thumbnailUrl\":\"https:\/\/i0.wp.com\/inti.hr\/wp-content\/uploads\/2025\/04\/BBK341W01-2.jpg?fit=800%2C1000&ssl=1\",\"datePublished\":\"2025-04-11T07:20:59+00:00\",\"dateModified\":\"2025-04-11T07:20:59+00:00\",\"description\":\"\u00a0Elegantna kombinacija bijele i sme\u0111e boje i jedinstvena klizna vrata \u010dine ovu komodu \u0161ik komadom namje\u0161taja za dnevnu sobu, kao ormari\u0107 za kuhinju ili blagovaonicu ili konzolni stoli\u0107 za hodnik. S prilo\u017eenim pregradama mo\u017eete oblikovati prostor ladice po \u017eelji. Donji ormari\u0107 ima podesive police s 5 opcija visine za spremanje predmeta razli\u010ditih veli\u010dina. Ormari\u0107 za pohranjivanje ima za\u0161titu od prevrtanja za stabilnost, otvor za kabel za u\u010dinkovito upravljanje kablovima i visoke no\u017eice koje omogu\u0107uju \u010di\u0161\u0107enje ispod ormari\u0107a bez napora \u2013 sve za sigurnost i prakti\u010dnost. Prostrana ladica za pohranjivanje sitnica, velika gornja plo\u010da za izlaganje ukrasa i donji ormari\u0107 za ve\u0107e predmete \u2013 komoda zadovoljava va\u0161e razne potrebe za pohranjivanjem.\u00a0Visokokvalitetna konstrukcija od iverice i MDF-a \u010dini bife ormari\u0107 stabilnim i izdr\u017eljivim, osiguravaju\u0107i da va\u0161a soba izgleda uredno i udobno iz godine u godinu.\",\"breadcrumb\":{\"@id\":\"https:\/\/inti.hr\/sr\/proizvod\/kuhinjski-element-s-ladicama-i-vratima\/#breadcrumb\"},\"inLanguage\":\"sr-RS\",\"potentialAction\":[{\"@type\":\"ReadAction\",\"target\":[\"https:\/\/inti.hr\/sr\/proizvod\/kuhinjski-element-s-ladicama-i-vratima\/\"]}]},{\"@type\":\"ImageObject\",\"inLanguage\":\"sr-RS\",\"@id\":\"https:\/\/inti.hr\/sr\/proizvod\/kuhinjski-element-s-ladicama-i-vratima\/#primaryimage\",\"url\":\"https:\/\/i0.wp.com\/inti.hr\/wp-content\/uploads\/2025\/04\/BBK341W01-2.jpg?fit=800%2C1000&ssl=1\",\"contentUrl\":\"https:\/\/i0.wp.com\/inti.hr\/wp-content\/uploads\/2025\/04\/BBK341W01-2.jpg?fit=800%2C1000&ssl=1\",\"width\":800,\"height\":1000,\"caption\":\"VASAGLE kuhinjski element s ladicama 40 x 140 x 80 cm\"},{\"@type\":\"BreadcrumbList\",\"@id\":\"https:\/\/inti.hr\/sr\/proizvod\/kuhinjski-element-s-ladicama-i-vratima\/#breadcrumb\",\"itemListElement\":[{\"@type\":\"ListItem\",\"position\":1,\"name\":\"Po\u010detna stranica\",\"item\":\"https:\/\/inti.hr\/sr\/\"},{\"@type\":\"ListItem\",\"position\":2,\"name\":\"Prodavnica\",\"item\":\"https:\/\/inti.hr\/sr\/prodavnica\/\"},{\"@type\":\"ListItem\",\"position\":3,\"name\":\"Kuhinjski element s ladicama i vratima\"}]},{\"@type\":\"WebSite\",\"@id\":\"https:\/\/inti.hr\/sr\/#website\",\"url\":\"https:\/\/inti.hr\/sr\/\",\"name\":\"Inti\",\"description\":\"trgovina\",\"potentialAction\":[{\"@type\":\"SearchAction\",\"target\":{\"@type\":\"EntryPoint\",\"urlTemplate\":\"https:\/\/inti.hr\/sr\/?s={search_term_string}\"},\"query-input\":{\"@type\":\"PropertyValueSpecification\",\"valueRequired\":true,\"valueName\":\"search_term_string\"}}],\"inLanguage\":\"sr-RS\"}]}<\/script>\n<!-- \/ Yoast SEO plugin. -->","yoast_head_json":{"title":"Kuhinjski element s ladicama i vratima - Inti","description":"\u00a0Elegantna kombinacija bijele i sme\u0111e boje i jedinstvena klizna vrata \u010dine ovu komodu \u0161ik komadom namje\u0161taja za dnevnu sobu, kao ormari\u0107 za kuhinju ili blagovaonicu ili konzolni stoli\u0107 za hodnik. S prilo\u017eenim pregradama mo\u017eete oblikovati prostor ladice po \u017eelji. Donji ormari\u0107 ima podesive police s 5 opcija visine za spremanje predmeta razli\u010ditih veli\u010dina. Ormari\u0107 za pohranjivanje ima za\u0161titu od prevrtanja za stabilnost, otvor za kabel za u\u010dinkovito upravljanje kablovima i visoke no\u017eice koje omogu\u0107uju \u010di\u0161\u0107enje ispod ormari\u0107a bez napora \u2013 sve za sigurnost i prakti\u010dnost. Prostrana ladica za pohranjivanje sitnica, velika gornja plo\u010da za izlaganje ukrasa i donji ormari\u0107 za ve\u0107e predmete \u2013 komoda zadovoljava va\u0161e razne potrebe za pohranjivanjem.\u00a0Visokokvalitetna konstrukcija od iverice i MDF-a \u010dini bife ormari\u0107 stabilnim i izdr\u017eljivim, osiguravaju\u0107i da va\u0161a soba izgleda uredno i udobno iz godine u godinu.","robots":{"index":"index","follow":"follow","max-snippet":"max-snippet:-1","max-image-preview":"max-image-preview:large","max-video-preview":"max-video-preview:-1"},"canonical":"https:\/\/inti.hr\/sr\/proizvod\/kuhinjski-element-s-ladicama-i-vratima\/","og_locale":"sr_RS","og_type":"article","og_title":"Kuhinjski element s ladicama i vratima - Inti","og_description":"\u00a0Elegantna kombinacija bijele i sme\u0111e boje i jedinstvena klizna vrata \u010dine ovu komodu \u0161ik komadom namje\u0161taja za dnevnu sobu, kao ormari\u0107 za kuhinju ili blagovaonicu ili konzolni stoli\u0107 za hodnik. S prilo\u017eenim pregradama mo\u017eete oblikovati prostor ladice po \u017eelji. Donji ormari\u0107 ima podesive police s 5 opcija visine za spremanje predmeta razli\u010ditih veli\u010dina. Ormari\u0107 za pohranjivanje ima za\u0161titu od prevrtanja za stabilnost, otvor za kabel za u\u010dinkovito upravljanje kablovima i visoke no\u017eice koje omogu\u0107uju \u010di\u0161\u0107enje ispod ormari\u0107a bez napora \u2013 sve za sigurnost i prakti\u010dnost. Prostrana ladica za pohranjivanje sitnica, velika gornja plo\u010da za izlaganje ukrasa i donji ormari\u0107 za ve\u0107e predmete \u2013 komoda zadovoljava va\u0161e razne potrebe za pohranjivanjem.\u00a0Visokokvalitetna konstrukcija od iverice i MDF-a \u010dini bife ormari\u0107 stabilnim i izdr\u017eljivim, osiguravaju\u0107i da va\u0161a soba izgleda uredno i udobno iz godine u godinu.","og_url":"https:\/\/inti.hr\/sr\/proizvod\/kuhinjski-element-s-ladicama-i-vratima\/","og_site_name":"Inti","og_image":[{"width":800,"height":1000,"url":"https:\/\/i0.wp.com\/inti.hr\/wp-content\/uploads\/2025\/04\/BBK341W01-2.jpg?fit=800%2C1000&ssl=1","type":"image\/jpeg"}],"twitter_card":"summary_large_image","twitter_misc":{"\u041f\u0440\u043e\u0446\u0435\u045a\u0435\u043d\u043e \u0432\u0440\u0435\u043c\u0435 \u0447\u0438\u0442\u0430\u045a\u0430":"1 \u043c\u0438\u043d\u0443\u0442"},"schema":{"@context":"https:\/\/schema.org","@graph":[{"@type":"WebPage","@id":"https:\/\/inti.hr\/sr\/proizvod\/kuhinjski-element-s-ladicama-i-vratima\/","url":"https:\/\/inti.hr\/sr\/proizvod\/kuhinjski-element-s-ladicama-i-vratima\/","name":"Kuhinjski element s ladicama i vratima - Inti","isPartOf":{"@id":"https:\/\/inti.hr\/sr\/#website"},"primaryImageOfPage":{"@id":"https:\/\/inti.hr\/sr\/proizvod\/kuhinjski-element-s-ladicama-i-vratima\/#primaryimage"},"image":{"@id":"https:\/\/inti.hr\/sr\/proizvod\/kuhinjski-element-s-ladicama-i-vratima\/#primaryimage"},"thumbnailUrl":"https:\/\/i0.wp.com\/inti.hr\/wp-content\/uploads\/2025\/04\/BBK341W01-2.jpg?fit=800%2C1000&ssl=1","datePublished":"2025-04-11T07:20:59+00:00","dateModified":"2025-04-11T07:20:59+00:00","description":"\u00a0Elegantna kombinacija bijele i sme\u0111e boje i jedinstvena klizna vrata \u010dine ovu komodu \u0161ik komadom namje\u0161taja za dnevnu sobu, kao ormari\u0107 za kuhinju ili blagovaonicu ili konzolni stoli\u0107 za hodnik. S prilo\u017eenim pregradama mo\u017eete oblikovati prostor ladice po \u017eelji. Donji ormari\u0107 ima podesive police s 5 opcija visine za spremanje predmeta razli\u010ditih veli\u010dina. Ormari\u0107 za pohranjivanje ima za\u0161titu od prevrtanja za stabilnost, otvor za kabel za u\u010dinkovito upravljanje kablovima i visoke no\u017eice koje omogu\u0107uju \u010di\u0161\u0107enje ispod ormari\u0107a bez napora \u2013 sve za sigurnost i prakti\u010dnost. Prostrana ladica za pohranjivanje sitnica, velika gornja plo\u010da za izlaganje ukrasa i donji ormari\u0107 za ve\u0107e predmete \u2013 komoda zadovoljava va\u0161e razne potrebe za pohranjivanjem.\u00a0Visokokvalitetna konstrukcija od iverice i MDF-a \u010dini bife ormari\u0107 stabilnim i izdr\u017eljivim, osiguravaju\u0107i da va\u0161a soba izgleda uredno i udobno iz godine u godinu.","breadcrumb":{"@id":"https:\/\/inti.hr\/sr\/proizvod\/kuhinjski-element-s-ladicama-i-vratima\/#breadcrumb"},"inLanguage":"sr-RS","potentialAction":[{"@type":"ReadAction","target":["https:\/\/inti.hr\/sr\/proizvod\/kuhinjski-element-s-ladicama-i-vratima\/"]}]},{"@type":"ImageObject","inLanguage":"sr-RS","@id":"https:\/\/inti.hr\/sr\/proizvod\/kuhinjski-element-s-ladicama-i-vratima\/#primaryimage","url":"https:\/\/i0.wp.com\/inti.hr\/wp-content\/uploads\/2025\/04\/BBK341W01-2.jpg?fit=800%2C1000&ssl=1","contentUrl":"https:\/\/i0.wp.com\/inti.hr\/wp-content\/uploads\/2025\/04\/BBK341W01-2.jpg?fit=800%2C1000&ssl=1","width":800,"height":1000,"caption":"VASAGLE kuhinjski element s ladicama 40 x 140 x 80 cm"},{"@type":"BreadcrumbList","@id":"https:\/\/inti.hr\/sr\/proizvod\/kuhinjski-element-s-ladicama-i-vratima\/#breadcrumb","itemListElement":[{"@type":"ListItem","position":1,"name":"Po\u010detna stranica","item":"https:\/\/inti.hr\/sr\/"},{"@type":"ListItem","position":2,"name":"Prodavnica","item":"https:\/\/inti.hr\/sr\/prodavnica\/"},{"@type":"ListItem","position":3,"name":"Kuhinjski element s ladicama i vratima"}]},{"@type":"WebSite","@id":"https:\/\/inti.hr\/sr\/#website","url":"https:\/\/inti.hr\/sr\/","name":"Inti","description":"trgovina","potentialAction":[{"@type":"SearchAction","target":{"@type":"EntryPoint","urlTemplate":"https:\/\/inti.hr\/sr\/?s={search_term_string}"},"query-input":{"@type":"PropertyValueSpecification","valueRequired":true,"valueName":"search_term_string"}}],"inLanguage":"sr-RS"}]}},"jetpack_sharing_enabled":true,"jetpack-related-posts":[],"_links":{"self":[{"href":"https:\/\/inti.hr\/sr\/wp-json\/wp\/v2\/product\/31289"}],"collection":[{"href":"https:\/\/inti.hr\/sr\/wp-json\/wp\/v2\/product"}],"about":[{"href":"https:\/\/inti.hr\/sr\/wp-json\/wp\/v2\/types\/product"}],"wp:featuredmedia":[{"embeddable":true,"href":"https:\/\/inti.hr\/sr\/wp-json\/wp\/v2\/media\/31290"}],"wp:attachment":[{"href":"https:\/\/inti.hr\/sr\/wp-json\/wp\/v2\/media?parent=31289"}],"wp:term":[{"taxonomy":"product_cat","embeddable":true,"href":"https:\/\/inti.hr\/sr\/wp-json\/wp\/v2\/product_cat?post=31289"},{"taxonomy":"product_tag","embeddable":true,"href":"https:\/\/inti.hr\/sr\/wp-json\/wp\/v2\/product_tag?post=31289"}],"curies":[{"name":"wp","href":"https:\/\/api.w.org\/{rel}","templated":true}]}}