{"id":31295,"date":"2025-04-08T10:09:47","date_gmt":"2025-04-08T09:09:47","guid":{"rendered":"https:\/\/inti.hr\/product\/blagovaonske-stolice-od-2-komada-s-dvostrukim-jastucima\/"},"modified":"2025-04-08T10:09:47","modified_gmt":"2025-04-08T09:09:47","slug":"blagovaonske-stolice-od-2-komada-s-dvostrukim-jastucima","status":"publish","type":"product","link":"https:\/\/inti.hr\/sr\/proizvod\/blagovaonske-stolice-od-2-komada-s-dvostrukim-jastucima\/","title":{"rendered":"Blagovaonske stolice od 2 komada s dvostrukim jastucima"},"content":{"rendered":"<p>Detalji proizvoda:<br \/>\nBoja: Golubije siva<br \/>\nMaterijal: \u010delik, \u0161enil tkanina, pjena, zakrivljena \u0161perplo\u010da<br \/>\nUkupna veli\u010dina po stolcu: 56 x 50 x 81 cm (D x \u0160 x V)<br \/>\n\u0160irina sjedala: 48 cm<br \/>\nDubina sjedala: 43,5 cm<br \/>\nVisina naslona: 42,5 cm<br \/>\nVisina sjedala (od poda): 42,1 cm<br \/>\nUkupna te\u017eina: 13,1 kg<br \/>\nMaks. stati\u010dka nosivost po stolici: 120 kg<\/p>\n","protected":false},"excerpt":{"rendered":"<p>Mekani i dobro podstavljeni dvostruki jastuk pru\u017ea udobnu potporu va\u0161im bokovima. &#8230; <\/p>\n","protected":false},"featured_media":31296,"template":"","meta":[],"product_cat":[2573],"product_tag":[2574,2586],"yoast_head":"<!-- This site is optimized with the Yoast SEO plugin v23.7 - https:\/\/yoast.com\/wordpress\/plugins\/seo\/ -->\n<title>Blagovaonske stolice od 2 komada s dvostrukim jastucima - Inti<\/title>\n<meta name=\"description\" content=\"Mekani i dobro podstavljeni dvostruki jastuk pru\u017ea udobnu potporu va\u0161im bokovima. Naslon za le\u0111a s pjenastom podstavom osigurava optimalno opu\u0161tanje le\u0111a. Tkanina od \u0161enila stolice nudi elegantnu teksturu i dodaje da\u0161ak stila va\u0161oj blagovaonici. Tako\u0111er je otporan na habanje, \u0161to produljuje vijek stolice. S podesivim no\u017eicama stolice mo\u017eete posti\u0107i optimalnu stabilnost na neravnim podovima. Oni tako\u0111er \u0161tite va\u0161 pod od ogrebotina. Ergonomski oblikovan naslon za le\u0111a i sjedalo ove stolice \u010dvrsto prianjaju uz va\u0161e tijelo, pove\u0107avaju\u0107i udobnost tijekom du\u017eeg sjedenja. Noge od \u010deli\u010dnih cijevi okrenute prema van pru\u017eaju vam sna\u017enu potporu dok sjedite. Osim toga, \u010deli\u010dne cijevi su oblo\u017eene prahom, ne samo izdr\u017eljive, ve\u0107 i jednostavne za odr\u017eavanje.\" \/>\n<meta name=\"robots\" content=\"index, follow, max-snippet:-1, max-image-preview:large, max-video-preview:-1\" \/>\n<link rel=\"canonical\" href=\"https:\/\/inti.hr\/sr\/proizvod\/blagovaonske-stolice-od-2-komada-s-dvostrukim-jastucima\/\" \/>\n<meta property=\"og:locale\" content=\"sr_RS\" \/>\n<meta property=\"og:type\" content=\"article\" \/>\n<meta property=\"og:title\" content=\"Blagovaonske stolice od 2 komada s dvostrukim jastucima - Inti\" \/>\n<meta property=\"og:description\" content=\"Mekani i dobro podstavljeni dvostruki jastuk pru\u017ea udobnu potporu va\u0161im bokovima. Naslon za le\u0111a s pjenastom podstavom osigurava optimalno opu\u0161tanje le\u0111a. Tkanina od \u0161enila stolice nudi elegantnu teksturu i dodaje da\u0161ak stila va\u0161oj blagovaonici. Tako\u0111er je otporan na habanje, \u0161to produljuje vijek stolice. S podesivim no\u017eicama stolice mo\u017eete posti\u0107i optimalnu stabilnost na neravnim podovima. Oni tako\u0111er \u0161tite va\u0161 pod od ogrebotina. Ergonomski oblikovan naslon za le\u0111a i sjedalo ove stolice \u010dvrsto prianjaju uz va\u0161e tijelo, pove\u0107avaju\u0107i udobnost tijekom du\u017eeg sjedenja. Noge od \u010deli\u010dnih cijevi okrenute prema van pru\u017eaju vam sna\u017enu potporu dok sjedite. Osim toga, \u010deli\u010dne cijevi su oblo\u017eene prahom, ne samo izdr\u017eljive, ve\u0107 i jednostavne za odr\u017eavanje.\" \/>\n<meta property=\"og:url\" content=\"https:\/\/inti.hr\/sr\/proizvod\/blagovaonske-stolice-od-2-komada-s-dvostrukim-jastucima\/\" \/>\n<meta property=\"og:site_name\" content=\"Inti\" \/>\n<meta property=\"og:image\" content=\"https:\/\/i0.wp.com\/inti.hr\/wp-content\/uploads\/2025\/04\/KDC151G01-1.jpg?fit=1000%2C1000&ssl=1\" \/>\n\t<meta property=\"og:image:width\" content=\"1000\" \/>\n\t<meta property=\"og:image:height\" content=\"1000\" \/>\n\t<meta property=\"og:image:type\" content=\"image\/jpeg\" \/>\n<meta name=\"twitter:card\" content=\"summary_large_image\" \/>\n<script type=\"application\/ld+json\" class=\"yoast-schema-graph\">{\"@context\":\"https:\/\/schema.org\",\"@graph\":[{\"@type\":\"WebPage\",\"@id\":\"https:\/\/inti.hr\/sr\/proizvod\/blagovaonske-stolice-od-2-komada-s-dvostrukim-jastucima\/\",\"url\":\"https:\/\/inti.hr\/sr\/proizvod\/blagovaonske-stolice-od-2-komada-s-dvostrukim-jastucima\/\",\"name\":\"Blagovaonske stolice od 2 komada s dvostrukim jastucima - Inti\",\"isPartOf\":{\"@id\":\"https:\/\/inti.hr\/sr\/#website\"},\"primaryImageOfPage\":{\"@id\":\"https:\/\/inti.hr\/sr\/proizvod\/blagovaonske-stolice-od-2-komada-s-dvostrukim-jastucima\/#primaryimage\"},\"image\":{\"@id\":\"https:\/\/inti.hr\/sr\/proizvod\/blagovaonske-stolice-od-2-komada-s-dvostrukim-jastucima\/#primaryimage\"},\"thumbnailUrl\":\"https:\/\/i0.wp.com\/inti.hr\/wp-content\/uploads\/2025\/04\/KDC151G01-1.jpg?fit=1000%2C1000&ssl=1\",\"datePublished\":\"2025-04-08T09:09:47+00:00\",\"dateModified\":\"2025-04-08T09:09:47+00:00\",\"description\":\"Mekani i dobro podstavljeni dvostruki jastuk pru\u017ea udobnu potporu va\u0161im bokovima. Naslon za le\u0111a s pjenastom podstavom osigurava optimalno opu\u0161tanje le\u0111a. Tkanina od \u0161enila stolice nudi elegantnu teksturu i dodaje da\u0161ak stila va\u0161oj blagovaonici. Tako\u0111er je otporan na habanje, \u0161to produljuje vijek stolice. S podesivim no\u017eicama stolice mo\u017eete posti\u0107i optimalnu stabilnost na neravnim podovima. Oni tako\u0111er \u0161tite va\u0161 pod od ogrebotina. Ergonomski oblikovan naslon za le\u0111a i sjedalo ove stolice \u010dvrsto prianjaju uz va\u0161e tijelo, pove\u0107avaju\u0107i udobnost tijekom du\u017eeg sjedenja. Noge od \u010deli\u010dnih cijevi okrenute prema van pru\u017eaju vam sna\u017enu potporu dok sjedite. Osim toga, \u010deli\u010dne cijevi su oblo\u017eene prahom, ne samo izdr\u017eljive, ve\u0107 i jednostavne za odr\u017eavanje.\",\"breadcrumb\":{\"@id\":\"https:\/\/inti.hr\/sr\/proizvod\/blagovaonske-stolice-od-2-komada-s-dvostrukim-jastucima\/#breadcrumb\"},\"inLanguage\":\"sr-RS\",\"potentialAction\":[{\"@type\":\"ReadAction\",\"target\":[\"https:\/\/inti.hr\/sr\/proizvod\/blagovaonske-stolice-od-2-komada-s-dvostrukim-jastucima\/\"]}]},{\"@type\":\"ImageObject\",\"inLanguage\":\"sr-RS\",\"@id\":\"https:\/\/inti.hr\/sr\/proizvod\/blagovaonske-stolice-od-2-komada-s-dvostrukim-jastucima\/#primaryimage\",\"url\":\"https:\/\/i0.wp.com\/inti.hr\/wp-content\/uploads\/2025\/04\/KDC151G01-1.jpg?fit=1000%2C1000&ssl=1\",\"contentUrl\":\"https:\/\/i0.wp.com\/inti.hr\/wp-content\/uploads\/2025\/04\/KDC151G01-1.jpg?fit=1000%2C1000&ssl=1\",\"width\":1000,\"height\":1000,\"caption\":\"VASAGLE blagovaonske stolice od 2 komada s dvostrukim jastucima, golubije siva\"},{\"@type\":\"BreadcrumbList\",\"@id\":\"https:\/\/inti.hr\/sr\/proizvod\/blagovaonske-stolice-od-2-komada-s-dvostrukim-jastucima\/#breadcrumb\",\"itemListElement\":[{\"@type\":\"ListItem\",\"position\":1,\"name\":\"Po\u010detna stranica\",\"item\":\"https:\/\/inti.hr\/sr\/\"},{\"@type\":\"ListItem\",\"position\":2,\"name\":\"Prodavnica\",\"item\":\"https:\/\/inti.hr\/sr\/prodavnica\/\"},{\"@type\":\"ListItem\",\"position\":3,\"name\":\"Blagovaonske stolice od 2 komada s dvostrukim jastucima\"}]},{\"@type\":\"WebSite\",\"@id\":\"https:\/\/inti.hr\/sr\/#website\",\"url\":\"https:\/\/inti.hr\/sr\/\",\"name\":\"Inti\",\"description\":\"trgovina\",\"potentialAction\":[{\"@type\":\"SearchAction\",\"target\":{\"@type\":\"EntryPoint\",\"urlTemplate\":\"https:\/\/inti.hr\/sr\/?s={search_term_string}\"},\"query-input\":{\"@type\":\"PropertyValueSpecification\",\"valueRequired\":true,\"valueName\":\"search_term_string\"}}],\"inLanguage\":\"sr-RS\"}]}<\/script>\n<!-- \/ Yoast SEO plugin. -->","yoast_head_json":{"title":"Blagovaonske stolice od 2 komada s dvostrukim jastucima - Inti","description":"Mekani i dobro podstavljeni dvostruki jastuk pru\u017ea udobnu potporu va\u0161im bokovima. Naslon za le\u0111a s pjenastom podstavom osigurava optimalno opu\u0161tanje le\u0111a. Tkanina od \u0161enila stolice nudi elegantnu teksturu i dodaje da\u0161ak stila va\u0161oj blagovaonici. Tako\u0111er je otporan na habanje, \u0161to produljuje vijek stolice. S podesivim no\u017eicama stolice mo\u017eete posti\u0107i optimalnu stabilnost na neravnim podovima. Oni tako\u0111er \u0161tite va\u0161 pod od ogrebotina. Ergonomski oblikovan naslon za le\u0111a i sjedalo ove stolice \u010dvrsto prianjaju uz va\u0161e tijelo, pove\u0107avaju\u0107i udobnost tijekom du\u017eeg sjedenja. Noge od \u010deli\u010dnih cijevi okrenute prema van pru\u017eaju vam sna\u017enu potporu dok sjedite. Osim toga, \u010deli\u010dne cijevi su oblo\u017eene prahom, ne samo izdr\u017eljive, ve\u0107 i jednostavne za odr\u017eavanje.","robots":{"index":"index","follow":"follow","max-snippet":"max-snippet:-1","max-image-preview":"max-image-preview:large","max-video-preview":"max-video-preview:-1"},"canonical":"https:\/\/inti.hr\/sr\/proizvod\/blagovaonske-stolice-od-2-komada-s-dvostrukim-jastucima\/","og_locale":"sr_RS","og_type":"article","og_title":"Blagovaonske stolice od 2 komada s dvostrukim jastucima - Inti","og_description":"Mekani i dobro podstavljeni dvostruki jastuk pru\u017ea udobnu potporu va\u0161im bokovima. Naslon za le\u0111a s pjenastom podstavom osigurava optimalno opu\u0161tanje le\u0111a. Tkanina od \u0161enila stolice nudi elegantnu teksturu i dodaje da\u0161ak stila va\u0161oj blagovaonici. Tako\u0111er je otporan na habanje, \u0161to produljuje vijek stolice. S podesivim no\u017eicama stolice mo\u017eete posti\u0107i optimalnu stabilnost na neravnim podovima. Oni tako\u0111er \u0161tite va\u0161 pod od ogrebotina. Ergonomski oblikovan naslon za le\u0111a i sjedalo ove stolice \u010dvrsto prianjaju uz va\u0161e tijelo, pove\u0107avaju\u0107i udobnost tijekom du\u017eeg sjedenja. Noge od \u010deli\u010dnih cijevi okrenute prema van pru\u017eaju vam sna\u017enu potporu dok sjedite. Osim toga, \u010deli\u010dne cijevi su oblo\u017eene prahom, ne samo izdr\u017eljive, ve\u0107 i jednostavne za odr\u017eavanje.","og_url":"https:\/\/inti.hr\/sr\/proizvod\/blagovaonske-stolice-od-2-komada-s-dvostrukim-jastucima\/","og_site_name":"Inti","og_image":[{"width":1000,"height":1000,"url":"https:\/\/i0.wp.com\/inti.hr\/wp-content\/uploads\/2025\/04\/KDC151G01-1.jpg?fit=1000%2C1000&ssl=1","type":"image\/jpeg"}],"twitter_card":"summary_large_image","schema":{"@context":"https:\/\/schema.org","@graph":[{"@type":"WebPage","@id":"https:\/\/inti.hr\/sr\/proizvod\/blagovaonske-stolice-od-2-komada-s-dvostrukim-jastucima\/","url":"https:\/\/inti.hr\/sr\/proizvod\/blagovaonske-stolice-od-2-komada-s-dvostrukim-jastucima\/","name":"Blagovaonske stolice od 2 komada s dvostrukim jastucima - Inti","isPartOf":{"@id":"https:\/\/inti.hr\/sr\/#website"},"primaryImageOfPage":{"@id":"https:\/\/inti.hr\/sr\/proizvod\/blagovaonske-stolice-od-2-komada-s-dvostrukim-jastucima\/#primaryimage"},"image":{"@id":"https:\/\/inti.hr\/sr\/proizvod\/blagovaonske-stolice-od-2-komada-s-dvostrukim-jastucima\/#primaryimage"},"thumbnailUrl":"https:\/\/i0.wp.com\/inti.hr\/wp-content\/uploads\/2025\/04\/KDC151G01-1.jpg?fit=1000%2C1000&ssl=1","datePublished":"2025-04-08T09:09:47+00:00","dateModified":"2025-04-08T09:09:47+00:00","description":"Mekani i dobro podstavljeni dvostruki jastuk pru\u017ea udobnu potporu va\u0161im bokovima. Naslon za le\u0111a s pjenastom podstavom osigurava optimalno opu\u0161tanje le\u0111a. Tkanina od \u0161enila stolice nudi elegantnu teksturu i dodaje da\u0161ak stila va\u0161oj blagovaonici. Tako\u0111er je otporan na habanje, \u0161to produljuje vijek stolice. S podesivim no\u017eicama stolice mo\u017eete posti\u0107i optimalnu stabilnost na neravnim podovima. Oni tako\u0111er \u0161tite va\u0161 pod od ogrebotina. Ergonomski oblikovan naslon za le\u0111a i sjedalo ove stolice \u010dvrsto prianjaju uz va\u0161e tijelo, pove\u0107avaju\u0107i udobnost tijekom du\u017eeg sjedenja. Noge od \u010deli\u010dnih cijevi okrenute prema van pru\u017eaju vam sna\u017enu potporu dok sjedite. Osim toga, \u010deli\u010dne cijevi su oblo\u017eene prahom, ne samo izdr\u017eljive, ve\u0107 i jednostavne za odr\u017eavanje.","breadcrumb":{"@id":"https:\/\/inti.hr\/sr\/proizvod\/blagovaonske-stolice-od-2-komada-s-dvostrukim-jastucima\/#breadcrumb"},"inLanguage":"sr-RS","potentialAction":[{"@type":"ReadAction","target":["https:\/\/inti.hr\/sr\/proizvod\/blagovaonske-stolice-od-2-komada-s-dvostrukim-jastucima\/"]}]},{"@type":"ImageObject","inLanguage":"sr-RS","@id":"https:\/\/inti.hr\/sr\/proizvod\/blagovaonske-stolice-od-2-komada-s-dvostrukim-jastucima\/#primaryimage","url":"https:\/\/i0.wp.com\/inti.hr\/wp-content\/uploads\/2025\/04\/KDC151G01-1.jpg?fit=1000%2C1000&ssl=1","contentUrl":"https:\/\/i0.wp.com\/inti.hr\/wp-content\/uploads\/2025\/04\/KDC151G01-1.jpg?fit=1000%2C1000&ssl=1","width":1000,"height":1000,"caption":"VASAGLE blagovaonske stolice od 2 komada s dvostrukim jastucima, golubije siva"},{"@type":"BreadcrumbList","@id":"https:\/\/inti.hr\/sr\/proizvod\/blagovaonske-stolice-od-2-komada-s-dvostrukim-jastucima\/#breadcrumb","itemListElement":[{"@type":"ListItem","position":1,"name":"Po\u010detna stranica","item":"https:\/\/inti.hr\/sr\/"},{"@type":"ListItem","position":2,"name":"Prodavnica","item":"https:\/\/inti.hr\/sr\/prodavnica\/"},{"@type":"ListItem","position":3,"name":"Blagovaonske stolice od 2 komada s dvostrukim jastucima"}]},{"@type":"WebSite","@id":"https:\/\/inti.hr\/sr\/#website","url":"https:\/\/inti.hr\/sr\/","name":"Inti","description":"trgovina","potentialAction":[{"@type":"SearchAction","target":{"@type":"EntryPoint","urlTemplate":"https:\/\/inti.hr\/sr\/?s={search_term_string}"},"query-input":{"@type":"PropertyValueSpecification","valueRequired":true,"valueName":"search_term_string"}}],"inLanguage":"sr-RS"}]}},"jetpack_sharing_enabled":true,"jetpack-related-posts":[],"_links":{"self":[{"href":"https:\/\/inti.hr\/sr\/wp-json\/wp\/v2\/product\/31295"}],"collection":[{"href":"https:\/\/inti.hr\/sr\/wp-json\/wp\/v2\/product"}],"about":[{"href":"https:\/\/inti.hr\/sr\/wp-json\/wp\/v2\/types\/product"}],"wp:featuredmedia":[{"embeddable":true,"href":"https:\/\/inti.hr\/sr\/wp-json\/wp\/v2\/media\/31296"}],"wp:attachment":[{"href":"https:\/\/inti.hr\/sr\/wp-json\/wp\/v2\/media?parent=31295"}],"wp:term":[{"taxonomy":"product_cat","embeddable":true,"href":"https:\/\/inti.hr\/sr\/wp-json\/wp\/v2\/product_cat?post=31295"},{"taxonomy":"product_tag","embeddable":true,"href":"https:\/\/inti.hr\/sr\/wp-json\/wp\/v2\/product_tag?post=31295"}],"curies":[{"name":"wp","href":"https:\/\/api.w.org\/{rel}","templated":true}]}}