{"id":31337,"date":"2025-03-27T10:13:00","date_gmt":"2025-03-27T09:13:00","guid":{"rendered":"https:\/\/inti.hr\/product\/nocni-ormaric-s-2-ladice-s-okomitim-linijama\/"},"modified":"2025-03-27T10:13:00","modified_gmt":"2025-03-27T09:13:00","slug":"nocni-ormaric-s-2-ladice-s-okomitim-linijama","status":"publish","type":"product","link":"https:\/\/inti.hr\/sr\/proizvod\/nocni-ormaric-s-2-ladice-s-okomitim-linijama\/","title":{"rendered":"no\u0107ni ormari\u0107 s 2 ladice s okomitim linijama"},"content":{"rendered":"<h4><strong><span>Tehni\u010dki podaci<\/span><\/strong><\/h4>\n<ul>\n<li><span>Materijal: MDF E1 + iveral<\/span><\/li>\n<li><span>Boja: bijela + zlatna<\/span><\/li>\n<li><span>Ukupne dimenzije: 40 \u00d7 53 \u00d7 35 cm (\u0160 x V x D)<\/span><\/li>\n<li><span>Veli\u010dina ladice: 33 \u00d7 12 \u00d7 29 cm (\u0160 x V x D)<\/span><\/li>\n<li><span>Neto\/bruto te\u017eina: cca. 11 kg\/12,85 kg<\/span><\/li>\n<li><span>Nosivost plo\u010de stola: 30 kg<\/span><\/li>\n<li><span>Nosivost svake ladice: 10 kg<\/span><\/li>\n<\/ul>\n","protected":false},"excerpt":{"rendered":"<p>EDINSTVEN UZORAK: No\u0107ni ormari\u0107 ima jedinstvene, izuzetne okomite linije s klasi\u010dnim &#8230; <\/p>\n","protected":false},"featured_media":31338,"template":"","meta":[],"product_cat":[2416],"product_tag":[2676,2677],"yoast_head":"<!-- This site is optimized with the Yoast SEO plugin v23.7 - https:\/\/yoast.com\/wordpress\/plugins\/seo\/ -->\n<title>no\u0107ni ormari\u0107 s 2 ladice s okomitim linijama - Inti<\/title>\n<meta name=\"description\" content=\"EDINSTVEN UZORAK: No\u0107ni ormari\u0107 ima jedinstvene, izuzetne okomite linije s klasi\u010dnim bijelim plo\u010dama i zlatnim metalnim ru\u010dkama, daju\u0107i mu da\u0161ak estetskog luksuza i osiguravaju\u0107i jednostavnost kori\u0161tenja.DOVOLJNO PROSTORA ZA SKLADI\u0160TENJE: Plo\u010da stola 40x35 cm idealna je za postavljanje ukrasnih predmeta poput lampi, satova ili okvira za slike; Dvije ladice no\u0107nog ormari\u0107a omogu\u0107uju razumnu podjelu prostora prema potrebama skladi\u0161tenja i razvrstavanje knjiga, lijekova itd. Glatke vodilice osiguravaju glatko i tiho otvaranje i zatvaranje ladica.VISOKO KVALITETAN MATERIJAL: No\u0107ni ormari\u0107 izra\u0111en je od izdr\u017eljivog drvenog materijala s glatkom povr\u0161inom koja se lako \u010disti. Oja\u010dana stra\u017enja plo\u010da, ure\u0111aj protiv naginjanja i robusne metalne noge pru\u017eaju dodatnu stabilnost. Neklizaju\u0107i gumeni jastu\u010di\u0107i \u0161tite pod od ogrebotina i smanjuju buku pri kretanju. Zahvaljuju\u0107i visokokvalitetnim materijalima, no\u0107ni ormari\u0107 ima stabilnu strukturu. Maksimalna nosivost: plo\u010da stola: 30 kg, svaka ladica: 10 kg.MODERAN I SVESTRAAN: Ovaj bijeli no\u0107ni ormari\u0107 s dvije ladice dimenzija 40x53x35 cm savr\u0161eno se uklapa u spava\u0107u sobu, dnevni boravak ili predsoblje zahvaljuju\u0107i svom minimalisti\u010dkom stilu kako bi pobolj\u0161ao estetiku prostorije. Mo\u017ee se koristiti kao dodatni ormari\u0107 u kuhinji, kao stoli\u0107 na razvla\u010denje u dnevnoj sobi, kao no\u0107ni ormari\u0107 u spava\u0107oj sobi, kao toaletni stoli\u0107 ili kao pomo\u0107ni stoli\u0107 u konferencijskoj sobi, \u0161to ga \u010dini fleksibilnim i prilagodljivim mnogim prilikama.LAGANO SASTAVLJANJE: Uz pomo\u0107 ilustriranih uputa za sastavljanje i prilo\u017eenog pribora, mo\u017eete brzo sastaviti ovaj \u010dvrsti i izdr\u017eljivi bijeli no\u0107ni ormari\u0107.\" \/>\n<meta name=\"robots\" content=\"index, follow, max-snippet:-1, max-image-preview:large, max-video-preview:-1\" \/>\n<link rel=\"canonical\" href=\"https:\/\/inti.hr\/sr\/proizvod\/nocni-ormaric-s-2-ladice-s-okomitim-linijama\/\" \/>\n<meta property=\"og:locale\" content=\"sr_RS\" \/>\n<meta property=\"og:type\" content=\"article\" \/>\n<meta property=\"og:title\" content=\"no\u0107ni ormari\u0107 s 2 ladice s okomitim linijama - Inti\" \/>\n<meta property=\"og:description\" content=\"EDINSTVEN UZORAK: No\u0107ni ormari\u0107 ima jedinstvene, izuzetne okomite linije s klasi\u010dnim bijelim plo\u010dama i zlatnim metalnim ru\u010dkama, daju\u0107i mu da\u0161ak estetskog luksuza i osiguravaju\u0107i jednostavnost kori\u0161tenja.DOVOLJNO PROSTORA ZA SKLADI\u0160TENJE: Plo\u010da stola 40x35 cm idealna je za postavljanje ukrasnih predmeta poput lampi, satova ili okvira za slike; Dvije ladice no\u0107nog ormari\u0107a omogu\u0107uju razumnu podjelu prostora prema potrebama skladi\u0161tenja i razvrstavanje knjiga, lijekova itd. Glatke vodilice osiguravaju glatko i tiho otvaranje i zatvaranje ladica.VISOKO KVALITETAN MATERIJAL: No\u0107ni ormari\u0107 izra\u0111en je od izdr\u017eljivog drvenog materijala s glatkom povr\u0161inom koja se lako \u010disti. Oja\u010dana stra\u017enja plo\u010da, ure\u0111aj protiv naginjanja i robusne metalne noge pru\u017eaju dodatnu stabilnost. Neklizaju\u0107i gumeni jastu\u010di\u0107i \u0161tite pod od ogrebotina i smanjuju buku pri kretanju. Zahvaljuju\u0107i visokokvalitetnim materijalima, no\u0107ni ormari\u0107 ima stabilnu strukturu. Maksimalna nosivost: plo\u010da stola: 30 kg, svaka ladica: 10 kg.MODERAN I SVESTRAAN: Ovaj bijeli no\u0107ni ormari\u0107 s dvije ladice dimenzija 40x53x35 cm savr\u0161eno se uklapa u spava\u0107u sobu, dnevni boravak ili predsoblje zahvaljuju\u0107i svom minimalisti\u010dkom stilu kako bi pobolj\u0161ao estetiku prostorije. Mo\u017ee se koristiti kao dodatni ormari\u0107 u kuhinji, kao stoli\u0107 na razvla\u010denje u dnevnoj sobi, kao no\u0107ni ormari\u0107 u spava\u0107oj sobi, kao toaletni stoli\u0107 ili kao pomo\u0107ni stoli\u0107 u konferencijskoj sobi, \u0161to ga \u010dini fleksibilnim i prilagodljivim mnogim prilikama.LAGANO SASTAVLJANJE: Uz pomo\u0107 ilustriranih uputa za sastavljanje i prilo\u017eenog pribora, mo\u017eete brzo sastaviti ovaj \u010dvrsti i izdr\u017eljivi bijeli no\u0107ni ormari\u0107.\" \/>\n<meta property=\"og:url\" content=\"https:\/\/inti.hr\/sr\/proizvod\/nocni-ormaric-s-2-ladice-s-okomitim-linijama\/\" \/>\n<meta property=\"og:site_name\" content=\"Inti\" \/>\n<meta property=\"og:image\" content=\"https:\/\/i0.wp.com\/inti.hr\/wp-content\/uploads\/2025\/03\/Nachttisch-mit-2-Schubladen-mit-vertikalen-Linien-modern-W0ETT0291-Weiss-Golden5_600x600.jpg?fit=600%2C600&ssl=1\" \/>\n\t<meta property=\"og:image:width\" content=\"600\" \/>\n\t<meta property=\"og:image:height\" content=\"600\" \/>\n\t<meta property=\"og:image:type\" content=\"image\/jpeg\" \/>\n<meta name=\"twitter:card\" content=\"summary_large_image\" \/>\n<script type=\"application\/ld+json\" class=\"yoast-schema-graph\">{\"@context\":\"https:\/\/schema.org\",\"@graph\":[{\"@type\":\"WebPage\",\"@id\":\"https:\/\/inti.hr\/sr\/proizvod\/nocni-ormaric-s-2-ladice-s-okomitim-linijama\/\",\"url\":\"https:\/\/inti.hr\/sr\/proizvod\/nocni-ormaric-s-2-ladice-s-okomitim-linijama\/\",\"name\":\"no\u0107ni ormari\u0107 s 2 ladice s okomitim linijama - Inti\",\"isPartOf\":{\"@id\":\"https:\/\/inti.hr\/sr\/#website\"},\"primaryImageOfPage\":{\"@id\":\"https:\/\/inti.hr\/sr\/proizvod\/nocni-ormaric-s-2-ladice-s-okomitim-linijama\/#primaryimage\"},\"image\":{\"@id\":\"https:\/\/inti.hr\/sr\/proizvod\/nocni-ormaric-s-2-ladice-s-okomitim-linijama\/#primaryimage\"},\"thumbnailUrl\":\"https:\/\/i0.wp.com\/inti.hr\/wp-content\/uploads\/2025\/03\/Nachttisch-mit-2-Schubladen-mit-vertikalen-Linien-modern-W0ETT0291-Weiss-Golden5_600x600.jpg?fit=600%2C600&ssl=1\",\"datePublished\":\"2025-03-27T09:13:00+00:00\",\"dateModified\":\"2025-03-27T09:13:00+00:00\",\"description\":\"EDINSTVEN UZORAK: No\u0107ni ormari\u0107 ima jedinstvene, izuzetne okomite linije s klasi\u010dnim bijelim plo\u010dama i zlatnim metalnim ru\u010dkama, daju\u0107i mu da\u0161ak estetskog luksuza i osiguravaju\u0107i jednostavnost kori\u0161tenja.DOVOLJNO PROSTORA ZA SKLADI\u0160TENJE: Plo\u010da stola 40x35 cm idealna je za postavljanje ukrasnih predmeta poput lampi, satova ili okvira za slike; Dvije ladice no\u0107nog ormari\u0107a omogu\u0107uju razumnu podjelu prostora prema potrebama skladi\u0161tenja i razvrstavanje knjiga, lijekova itd. Glatke vodilice osiguravaju glatko i tiho otvaranje i zatvaranje ladica.VISOKO KVALITETAN MATERIJAL: No\u0107ni ormari\u0107 izra\u0111en je od izdr\u017eljivog drvenog materijala s glatkom povr\u0161inom koja se lako \u010disti. Oja\u010dana stra\u017enja plo\u010da, ure\u0111aj protiv naginjanja i robusne metalne noge pru\u017eaju dodatnu stabilnost. Neklizaju\u0107i gumeni jastu\u010di\u0107i \u0161tite pod od ogrebotina i smanjuju buku pri kretanju. Zahvaljuju\u0107i visokokvalitetnim materijalima, no\u0107ni ormari\u0107 ima stabilnu strukturu. Maksimalna nosivost: plo\u010da stola: 30 kg, svaka ladica: 10 kg.MODERAN I SVESTRAAN: Ovaj bijeli no\u0107ni ormari\u0107 s dvije ladice dimenzija 40x53x35 cm savr\u0161eno se uklapa u spava\u0107u sobu, dnevni boravak ili predsoblje zahvaljuju\u0107i svom minimalisti\u010dkom stilu kako bi pobolj\u0161ao estetiku prostorije. Mo\u017ee se koristiti kao dodatni ormari\u0107 u kuhinji, kao stoli\u0107 na razvla\u010denje u dnevnoj sobi, kao no\u0107ni ormari\u0107 u spava\u0107oj sobi, kao toaletni stoli\u0107 ili kao pomo\u0107ni stoli\u0107 u konferencijskoj sobi, \u0161to ga \u010dini fleksibilnim i prilagodljivim mnogim prilikama.LAGANO SASTAVLJANJE: Uz pomo\u0107 ilustriranih uputa za sastavljanje i prilo\u017eenog pribora, mo\u017eete brzo sastaviti ovaj \u010dvrsti i izdr\u017eljivi bijeli no\u0107ni ormari\u0107.\",\"breadcrumb\":{\"@id\":\"https:\/\/inti.hr\/sr\/proizvod\/nocni-ormaric-s-2-ladice-s-okomitim-linijama\/#breadcrumb\"},\"inLanguage\":\"sr-RS\",\"potentialAction\":[{\"@type\":\"ReadAction\",\"target\":[\"https:\/\/inti.hr\/sr\/proizvod\/nocni-ormaric-s-2-ladice-s-okomitim-linijama\/\"]}]},{\"@type\":\"ImageObject\",\"inLanguage\":\"sr-RS\",\"@id\":\"https:\/\/inti.hr\/sr\/proizvod\/nocni-ormaric-s-2-ladice-s-okomitim-linijama\/#primaryimage\",\"url\":\"https:\/\/i0.wp.com\/inti.hr\/wp-content\/uploads\/2025\/03\/Nachttisch-mit-2-Schubladen-mit-vertikalen-Linien-modern-W0ETT0291-Weiss-Golden5_600x600.jpg?fit=600%2C600&ssl=1\",\"contentUrl\":\"https:\/\/i0.wp.com\/inti.hr\/wp-content\/uploads\/2025\/03\/Nachttisch-mit-2-Schubladen-mit-vertikalen-Linien-modern-W0ETT0291-Weiss-Golden5_600x600.jpg?fit=600%2C600&ssl=1\",\"width\":600,\"height\":600,\"caption\":\"WOLTU no\u0107ni ormari\u0107 s 2 ladice, s okomitim linijama, moderno, bijelo zlato\"},{\"@type\":\"BreadcrumbList\",\"@id\":\"https:\/\/inti.hr\/sr\/proizvod\/nocni-ormaric-s-2-ladice-s-okomitim-linijama\/#breadcrumb\",\"itemListElement\":[{\"@type\":\"ListItem\",\"position\":1,\"name\":\"Po\u010detna stranica\",\"item\":\"https:\/\/inti.hr\/sr\/\"},{\"@type\":\"ListItem\",\"position\":2,\"name\":\"Prodavnica\",\"item\":\"https:\/\/inti.hr\/sr\/prodavnica\/\"},{\"@type\":\"ListItem\",\"position\":3,\"name\":\"no\u0107ni ormari\u0107 s 2 ladice s okomitim linijama\"}]},{\"@type\":\"WebSite\",\"@id\":\"https:\/\/inti.hr\/sr\/#website\",\"url\":\"https:\/\/inti.hr\/sr\/\",\"name\":\"Inti\",\"description\":\"trgovina\",\"potentialAction\":[{\"@type\":\"SearchAction\",\"target\":{\"@type\":\"EntryPoint\",\"urlTemplate\":\"https:\/\/inti.hr\/sr\/?s={search_term_string}\"},\"query-input\":{\"@type\":\"PropertyValueSpecification\",\"valueRequired\":true,\"valueName\":\"search_term_string\"}}],\"inLanguage\":\"sr-RS\"}]}<\/script>\n<!-- \/ Yoast SEO plugin. -->","yoast_head_json":{"title":"no\u0107ni ormari\u0107 s 2 ladice s okomitim linijama - Inti","description":"EDINSTVEN UZORAK: No\u0107ni ormari\u0107 ima jedinstvene, izuzetne okomite linije s klasi\u010dnim bijelim plo\u010dama i zlatnim metalnim ru\u010dkama, daju\u0107i mu da\u0161ak estetskog luksuza i osiguravaju\u0107i jednostavnost kori\u0161tenja.DOVOLJNO PROSTORA ZA SKLADI\u0160TENJE: Plo\u010da stola 40x35 cm idealna je za postavljanje ukrasnih predmeta poput lampi, satova ili okvira za slike; Dvije ladice no\u0107nog ormari\u0107a omogu\u0107uju razumnu podjelu prostora prema potrebama skladi\u0161tenja i razvrstavanje knjiga, lijekova itd. Glatke vodilice osiguravaju glatko i tiho otvaranje i zatvaranje ladica.VISOKO KVALITETAN MATERIJAL: No\u0107ni ormari\u0107 izra\u0111en je od izdr\u017eljivog drvenog materijala s glatkom povr\u0161inom koja se lako \u010disti. Oja\u010dana stra\u017enja plo\u010da, ure\u0111aj protiv naginjanja i robusne metalne noge pru\u017eaju dodatnu stabilnost. Neklizaju\u0107i gumeni jastu\u010di\u0107i \u0161tite pod od ogrebotina i smanjuju buku pri kretanju. Zahvaljuju\u0107i visokokvalitetnim materijalima, no\u0107ni ormari\u0107 ima stabilnu strukturu. Maksimalna nosivost: plo\u010da stola: 30 kg, svaka ladica: 10 kg.MODERAN I SVESTRAAN: Ovaj bijeli no\u0107ni ormari\u0107 s dvije ladice dimenzija 40x53x35 cm savr\u0161eno se uklapa u spava\u0107u sobu, dnevni boravak ili predsoblje zahvaljuju\u0107i svom minimalisti\u010dkom stilu kako bi pobolj\u0161ao estetiku prostorije. Mo\u017ee se koristiti kao dodatni ormari\u0107 u kuhinji, kao stoli\u0107 na razvla\u010denje u dnevnoj sobi, kao no\u0107ni ormari\u0107 u spava\u0107oj sobi, kao toaletni stoli\u0107 ili kao pomo\u0107ni stoli\u0107 u konferencijskoj sobi, \u0161to ga \u010dini fleksibilnim i prilagodljivim mnogim prilikama.LAGANO SASTAVLJANJE: Uz pomo\u0107 ilustriranih uputa za sastavljanje i prilo\u017eenog pribora, mo\u017eete brzo sastaviti ovaj \u010dvrsti i izdr\u017eljivi bijeli no\u0107ni ormari\u0107.","robots":{"index":"index","follow":"follow","max-snippet":"max-snippet:-1","max-image-preview":"max-image-preview:large","max-video-preview":"max-video-preview:-1"},"canonical":"https:\/\/inti.hr\/sr\/proizvod\/nocni-ormaric-s-2-ladice-s-okomitim-linijama\/","og_locale":"sr_RS","og_type":"article","og_title":"no\u0107ni ormari\u0107 s 2 ladice s okomitim linijama - Inti","og_description":"EDINSTVEN UZORAK: No\u0107ni ormari\u0107 ima jedinstvene, izuzetne okomite linije s klasi\u010dnim bijelim plo\u010dama i zlatnim metalnim ru\u010dkama, daju\u0107i mu da\u0161ak estetskog luksuza i osiguravaju\u0107i jednostavnost kori\u0161tenja.DOVOLJNO PROSTORA ZA SKLADI\u0160TENJE: Plo\u010da stola 40x35 cm idealna je za postavljanje ukrasnih predmeta poput lampi, satova ili okvira za slike; Dvije ladice no\u0107nog ormari\u0107a omogu\u0107uju razumnu podjelu prostora prema potrebama skladi\u0161tenja i razvrstavanje knjiga, lijekova itd. Glatke vodilice osiguravaju glatko i tiho otvaranje i zatvaranje ladica.VISOKO KVALITETAN MATERIJAL: No\u0107ni ormari\u0107 izra\u0111en je od izdr\u017eljivog drvenog materijala s glatkom povr\u0161inom koja se lako \u010disti. Oja\u010dana stra\u017enja plo\u010da, ure\u0111aj protiv naginjanja i robusne metalne noge pru\u017eaju dodatnu stabilnost. Neklizaju\u0107i gumeni jastu\u010di\u0107i \u0161tite pod od ogrebotina i smanjuju buku pri kretanju. Zahvaljuju\u0107i visokokvalitetnim materijalima, no\u0107ni ormari\u0107 ima stabilnu strukturu. Maksimalna nosivost: plo\u010da stola: 30 kg, svaka ladica: 10 kg.MODERAN I SVESTRAAN: Ovaj bijeli no\u0107ni ormari\u0107 s dvije ladice dimenzija 40x53x35 cm savr\u0161eno se uklapa u spava\u0107u sobu, dnevni boravak ili predsoblje zahvaljuju\u0107i svom minimalisti\u010dkom stilu kako bi pobolj\u0161ao estetiku prostorije. Mo\u017ee se koristiti kao dodatni ormari\u0107 u kuhinji, kao stoli\u0107 na razvla\u010denje u dnevnoj sobi, kao no\u0107ni ormari\u0107 u spava\u0107oj sobi, kao toaletni stoli\u0107 ili kao pomo\u0107ni stoli\u0107 u konferencijskoj sobi, \u0161to ga \u010dini fleksibilnim i prilagodljivim mnogim prilikama.LAGANO SASTAVLJANJE: Uz pomo\u0107 ilustriranih uputa za sastavljanje i prilo\u017eenog pribora, mo\u017eete brzo sastaviti ovaj \u010dvrsti i izdr\u017eljivi bijeli no\u0107ni ormari\u0107.","og_url":"https:\/\/inti.hr\/sr\/proizvod\/nocni-ormaric-s-2-ladice-s-okomitim-linijama\/","og_site_name":"Inti","og_image":[{"width":600,"height":600,"url":"https:\/\/i0.wp.com\/inti.hr\/wp-content\/uploads\/2025\/03\/Nachttisch-mit-2-Schubladen-mit-vertikalen-Linien-modern-W0ETT0291-Weiss-Golden5_600x600.jpg?fit=600%2C600&ssl=1","type":"image\/jpeg"}],"twitter_card":"summary_large_image","schema":{"@context":"https:\/\/schema.org","@graph":[{"@type":"WebPage","@id":"https:\/\/inti.hr\/sr\/proizvod\/nocni-ormaric-s-2-ladice-s-okomitim-linijama\/","url":"https:\/\/inti.hr\/sr\/proizvod\/nocni-ormaric-s-2-ladice-s-okomitim-linijama\/","name":"no\u0107ni ormari\u0107 s 2 ladice s okomitim linijama - Inti","isPartOf":{"@id":"https:\/\/inti.hr\/sr\/#website"},"primaryImageOfPage":{"@id":"https:\/\/inti.hr\/sr\/proizvod\/nocni-ormaric-s-2-ladice-s-okomitim-linijama\/#primaryimage"},"image":{"@id":"https:\/\/inti.hr\/sr\/proizvod\/nocni-ormaric-s-2-ladice-s-okomitim-linijama\/#primaryimage"},"thumbnailUrl":"https:\/\/i0.wp.com\/inti.hr\/wp-content\/uploads\/2025\/03\/Nachttisch-mit-2-Schubladen-mit-vertikalen-Linien-modern-W0ETT0291-Weiss-Golden5_600x600.jpg?fit=600%2C600&ssl=1","datePublished":"2025-03-27T09:13:00+00:00","dateModified":"2025-03-27T09:13:00+00:00","description":"EDINSTVEN UZORAK: No\u0107ni ormari\u0107 ima jedinstvene, izuzetne okomite linije s klasi\u010dnim bijelim plo\u010dama i zlatnim metalnim ru\u010dkama, daju\u0107i mu da\u0161ak estetskog luksuza i osiguravaju\u0107i jednostavnost kori\u0161tenja.DOVOLJNO PROSTORA ZA SKLADI\u0160TENJE: Plo\u010da stola 40x35 cm idealna je za postavljanje ukrasnih predmeta poput lampi, satova ili okvira za slike; Dvije ladice no\u0107nog ormari\u0107a omogu\u0107uju razumnu podjelu prostora prema potrebama skladi\u0161tenja i razvrstavanje knjiga, lijekova itd. Glatke vodilice osiguravaju glatko i tiho otvaranje i zatvaranje ladica.VISOKO KVALITETAN MATERIJAL: No\u0107ni ormari\u0107 izra\u0111en je od izdr\u017eljivog drvenog materijala s glatkom povr\u0161inom koja se lako \u010disti. Oja\u010dana stra\u017enja plo\u010da, ure\u0111aj protiv naginjanja i robusne metalne noge pru\u017eaju dodatnu stabilnost. Neklizaju\u0107i gumeni jastu\u010di\u0107i \u0161tite pod od ogrebotina i smanjuju buku pri kretanju. Zahvaljuju\u0107i visokokvalitetnim materijalima, no\u0107ni ormari\u0107 ima stabilnu strukturu. Maksimalna nosivost: plo\u010da stola: 30 kg, svaka ladica: 10 kg.MODERAN I SVESTRAAN: Ovaj bijeli no\u0107ni ormari\u0107 s dvije ladice dimenzija 40x53x35 cm savr\u0161eno se uklapa u spava\u0107u sobu, dnevni boravak ili predsoblje zahvaljuju\u0107i svom minimalisti\u010dkom stilu kako bi pobolj\u0161ao estetiku prostorije. Mo\u017ee se koristiti kao dodatni ormari\u0107 u kuhinji, kao stoli\u0107 na razvla\u010denje u dnevnoj sobi, kao no\u0107ni ormari\u0107 u spava\u0107oj sobi, kao toaletni stoli\u0107 ili kao pomo\u0107ni stoli\u0107 u konferencijskoj sobi, \u0161to ga \u010dini fleksibilnim i prilagodljivim mnogim prilikama.LAGANO SASTAVLJANJE: Uz pomo\u0107 ilustriranih uputa za sastavljanje i prilo\u017eenog pribora, mo\u017eete brzo sastaviti ovaj \u010dvrsti i izdr\u017eljivi bijeli no\u0107ni ormari\u0107.","breadcrumb":{"@id":"https:\/\/inti.hr\/sr\/proizvod\/nocni-ormaric-s-2-ladice-s-okomitim-linijama\/#breadcrumb"},"inLanguage":"sr-RS","potentialAction":[{"@type":"ReadAction","target":["https:\/\/inti.hr\/sr\/proizvod\/nocni-ormaric-s-2-ladice-s-okomitim-linijama\/"]}]},{"@type":"ImageObject","inLanguage":"sr-RS","@id":"https:\/\/inti.hr\/sr\/proizvod\/nocni-ormaric-s-2-ladice-s-okomitim-linijama\/#primaryimage","url":"https:\/\/i0.wp.com\/inti.hr\/wp-content\/uploads\/2025\/03\/Nachttisch-mit-2-Schubladen-mit-vertikalen-Linien-modern-W0ETT0291-Weiss-Golden5_600x600.jpg?fit=600%2C600&ssl=1","contentUrl":"https:\/\/i0.wp.com\/inti.hr\/wp-content\/uploads\/2025\/03\/Nachttisch-mit-2-Schubladen-mit-vertikalen-Linien-modern-W0ETT0291-Weiss-Golden5_600x600.jpg?fit=600%2C600&ssl=1","width":600,"height":600,"caption":"WOLTU no\u0107ni ormari\u0107 s 2 ladice, s okomitim linijama, moderno, bijelo zlato"},{"@type":"BreadcrumbList","@id":"https:\/\/inti.hr\/sr\/proizvod\/nocni-ormaric-s-2-ladice-s-okomitim-linijama\/#breadcrumb","itemListElement":[{"@type":"ListItem","position":1,"name":"Po\u010detna stranica","item":"https:\/\/inti.hr\/sr\/"},{"@type":"ListItem","position":2,"name":"Prodavnica","item":"https:\/\/inti.hr\/sr\/prodavnica\/"},{"@type":"ListItem","position":3,"name":"no\u0107ni ormari\u0107 s 2 ladice s okomitim linijama"}]},{"@type":"WebSite","@id":"https:\/\/inti.hr\/sr\/#website","url":"https:\/\/inti.hr\/sr\/","name":"Inti","description":"trgovina","potentialAction":[{"@type":"SearchAction","target":{"@type":"EntryPoint","urlTemplate":"https:\/\/inti.hr\/sr\/?s={search_term_string}"},"query-input":{"@type":"PropertyValueSpecification","valueRequired":true,"valueName":"search_term_string"}}],"inLanguage":"sr-RS"}]}},"jetpack_sharing_enabled":true,"jetpack-related-posts":[],"_links":{"self":[{"href":"https:\/\/inti.hr\/sr\/wp-json\/wp\/v2\/product\/31337"}],"collection":[{"href":"https:\/\/inti.hr\/sr\/wp-json\/wp\/v2\/product"}],"about":[{"href":"https:\/\/inti.hr\/sr\/wp-json\/wp\/v2\/types\/product"}],"wp:featuredmedia":[{"embeddable":true,"href":"https:\/\/inti.hr\/sr\/wp-json\/wp\/v2\/media\/31338"}],"wp:attachment":[{"href":"https:\/\/inti.hr\/sr\/wp-json\/wp\/v2\/media?parent=31337"}],"wp:term":[{"taxonomy":"product_cat","embeddable":true,"href":"https:\/\/inti.hr\/sr\/wp-json\/wp\/v2\/product_cat?post=31337"},{"taxonomy":"product_tag","embeddable":true,"href":"https:\/\/inti.hr\/sr\/wp-json\/wp\/v2\/product_tag?post=31337"}],"curies":[{"name":"wp","href":"https:\/\/api.w.org\/{rel}","templated":true}]}}