{"id":31369,"date":"2025-03-19T14:10:56","date_gmt":"2025-03-19T13:10:56","guid":{"rendered":"https:\/\/inti.hr\/product\/barska-stolica-sa-pohranom-i-barsunom\/"},"modified":"2025-03-19T14:10:56","modified_gmt":"2025-03-19T13:10:56","slug":"barska-stolica-sa-pohranom-i-barsunom","status":"publish","type":"product","link":"https:\/\/inti.hr\/sr\/proizvod\/barska-stolica-sa-pohranom-i-barsunom\/","title":{"rendered":"Barska stolica sa pohranom i bar\u0161unom"},"content":{"rendered":"<p>Tehni\u010dki detalji<br \/>\nMaterijal: bar\u0161un + metal<br \/>\nDostupne boje: crna, tamno siva, svijetlo siva<br \/>\nUkupna veli\u010dina: 39 x 60,5-79,5 x 39 cm (\u0160 x V x D)<br \/>\nPromjer sjedala: 38 cm<br \/>\nPromjer baze: 39 cm<br \/>\nNeto te\u017eina: cca 6,2 kg\/stolica<br \/>\nNosivost: 150 kg<\/p>\n<p>&nbsp;<\/p>\n<p>Cijena je za jedan komad.<\/p>\n","protected":false},"excerpt":{"rendered":"<ul>\n<li><span>UDOBNO I ERGONOMI\u010cNO: prozra\u010dna bar\u0161unasta navlaka koja je ugodna za &#8230;<br \/>\n","protected":false},"featured_media":31371,"template":"","meta":[],"product_cat":[2573],"product_tag":[2629,2574],"yoast_head":"<!-- This site is optimized with the Yoast SEO plugin v23.7 - https:\/\/yoast.com\/wordpress\/plugins\/seo\/ -->\n<title>Barska stolica sa pohranom i bar\u0161unom - Inti<\/title>\n<meta name=\"description\" content=\"UDOBNO I ERGONOMI\u010cNO: prozra\u010dna bar\u0161unasta navlaka koja je ugodna za ko\u017eu i podstava od elasti\u010dne pjene visoke gusto\u0107e debljine 3 cm ubla\u017eavaju pritisak na va\u0161e bokove i pru\u017eaju meko i udobno sjedenje. Tako\u0111er mo\u017eete nasloniti noge na prakti\u010dan oslonac za noge barske stolice za duboko opu\u0161tanje.STABILNO I IZDR\u017dLJIVO: Okretna stolica je podr\u017eana robusnim metalnim okvirom i \u0161irokom metalnom bazom, \u0161to joj daje dug radni vijek i visoku nosivost do 150 kg. Osim toga, protuklizni prsten na postolju pru\u017ea ve\u0107u stabilnost i sigurnost te tako\u0111er \u0161titi pod od ogrebotina prilikom pomicanja stolice.S PROSTOROM ZA SKLADI\u0160TENJE: Vi\u0161e od obi\u010dnog taburea! Ako uklonite okruglu presvlaku sjedala, prona\u0107i \u0107ete skriveni prostor za pohranu u kojem mo\u017eete dr\u017eati male predmete poput knjiga, grickalica, kozmetike pri ruci i lako ih pospremiti nakon upotrebe.MULTIFUNKCIONALAN: Zahvaljuju\u0107i pode\u0161avanju visine od 60,5 do 79,5 cm, visoki tabure prilago\u0111ava se razli\u010ditim visinama stolova i veli\u010dinama tijela i tako slu\u017ei kao savr\u0161en barski stolac, blagovaonski stolac, kuhinjski stolac, stolac za \u0161minkanje ili radni stol. A sjedalo se rotira glatko i tiho za 360\u00b0, tako da mo\u017eete lako dohvatiti predmete ili razgovarati s prijateljima dok sjedite.LAGANO SASTAVLJANJE: Nudimo lako razumljive upute za sastavljanje sa slikama i potrebnim dodacima kako biste mogli brzo i jednostavno sastaviti ovaj moderni tabure. Napomena: Prije postavljanja obavezno uklonite za\u0161titni poklopac na plinskoj opruzi.\" \/>\n<meta name=\"robots\" content=\"index, follow, max-snippet:-1, max-image-preview:large, max-video-preview:-1\" \/>\n<link rel=\"canonical\" href=\"https:\/\/inti.hr\/sr\/proizvod\/barska-stolica-sa-pohranom-i-barsunom\/\" \/>\n<meta property=\"og:locale\" content=\"sr_RS\" \/>\n<meta property=\"og:type\" content=\"article\" \/>\n<meta property=\"og:title\" content=\"Barska stolica sa pohranom i bar\u0161unom - Inti\" \/>\n<meta property=\"og:description\" content=\"UDOBNO I ERGONOMI\u010cNO: prozra\u010dna bar\u0161unasta navlaka koja je ugodna za ko\u017eu i podstava od elasti\u010dne pjene visoke gusto\u0107e debljine 3 cm ubla\u017eavaju pritisak na va\u0161e bokove i pru\u017eaju meko i udobno sjedenje. Tako\u0111er mo\u017eete nasloniti noge na prakti\u010dan oslonac za noge barske stolice za duboko opu\u0161tanje.STABILNO I IZDR\u017dLJIVO: Okretna stolica je podr\u017eana robusnim metalnim okvirom i \u0161irokom metalnom bazom, \u0161to joj daje dug radni vijek i visoku nosivost do 150 kg. Osim toga, protuklizni prsten na postolju pru\u017ea ve\u0107u stabilnost i sigurnost te tako\u0111er \u0161titi pod od ogrebotina prilikom pomicanja stolice.S PROSTOROM ZA SKLADI\u0160TENJE: Vi\u0161e od obi\u010dnog taburea! Ako uklonite okruglu presvlaku sjedala, prona\u0107i \u0107ete skriveni prostor za pohranu u kojem mo\u017eete dr\u017eati male predmete poput knjiga, grickalica, kozmetike pri ruci i lako ih pospremiti nakon upotrebe.MULTIFUNKCIONALAN: Zahvaljuju\u0107i pode\u0161avanju visine od 60,5 do 79,5 cm, visoki tabure prilago\u0111ava se razli\u010ditim visinama stolova i veli\u010dinama tijela i tako slu\u017ei kao savr\u0161en barski stolac, blagovaonski stolac, kuhinjski stolac, stolac za \u0161minkanje ili radni stol. A sjedalo se rotira glatko i tiho za 360\u00b0, tako da mo\u017eete lako dohvatiti predmete ili razgovarati s prijateljima dok sjedite.LAGANO SASTAVLJANJE: Nudimo lako razumljive upute za sastavljanje sa slikama i potrebnim dodacima kako biste mogli brzo i jednostavno sastaviti ovaj moderni tabure. Napomena: Prije postavljanja obavezno uklonite za\u0161titni poklopac na plinskoj opruzi.\" \/>\n<meta property=\"og:url\" content=\"https:\/\/inti.hr\/sr\/proizvod\/barska-stolica-sa-pohranom-i-barsunom\/\" \/>\n<meta property=\"og:site_name\" content=\"Inti\" \/>\n<meta property=\"og:image\" content=\"https:\/\/i0.wp.com\/inti.hr\/wp-content\/uploads\/2025\/03\/Barhocker-Sitzhocker-mit-Stauraum-hoehenverstellbar-360-drehbar-Samt-Metall-W0ATT0991-Hellgrau4_600x600.jpg?fit=600%2C600&ssl=1\" \/>\n\t<meta property=\"og:image:width\" content=\"600\" \/>\n\t<meta property=\"og:image:height\" content=\"600\" \/>\n\t<meta property=\"og:image:type\" content=\"image\/jpeg\" \/>\n<meta name=\"twitter:card\" content=\"summary_large_image\" \/>\n<script type=\"application\/ld+json\" class=\"yoast-schema-graph\">{\"@context\":\"https:\/\/schema.org\",\"@graph\":[{\"@type\":\"WebPage\",\"@id\":\"https:\/\/inti.hr\/sr\/proizvod\/barska-stolica-sa-pohranom-i-barsunom\/\",\"url\":\"https:\/\/inti.hr\/sr\/proizvod\/barska-stolica-sa-pohranom-i-barsunom\/\",\"name\":\"Barska stolica sa pohranom i bar\u0161unom - Inti\",\"isPartOf\":{\"@id\":\"https:\/\/inti.hr\/sr\/#website\"},\"primaryImageOfPage\":{\"@id\":\"https:\/\/inti.hr\/sr\/proizvod\/barska-stolica-sa-pohranom-i-barsunom\/#primaryimage\"},\"image\":{\"@id\":\"https:\/\/inti.hr\/sr\/proizvod\/barska-stolica-sa-pohranom-i-barsunom\/#primaryimage\"},\"thumbnailUrl\":\"https:\/\/i0.wp.com\/inti.hr\/wp-content\/uploads\/2025\/03\/Barhocker-Sitzhocker-mit-Stauraum-hoehenverstellbar-360-drehbar-Samt-Metall-W0ATT0991-Hellgrau4_600x600.jpg?fit=600%2C600&ssl=1\",\"datePublished\":\"2025-03-19T13:10:56+00:00\",\"dateModified\":\"2025-03-19T13:10:56+00:00\",\"description\":\"UDOBNO I ERGONOMI\u010cNO: prozra\u010dna bar\u0161unasta navlaka koja je ugodna za ko\u017eu i podstava od elasti\u010dne pjene visoke gusto\u0107e debljine 3 cm ubla\u017eavaju pritisak na va\u0161e bokove i pru\u017eaju meko i udobno sjedenje. Tako\u0111er mo\u017eete nasloniti noge na prakti\u010dan oslonac za noge barske stolice za duboko opu\u0161tanje.STABILNO I IZDR\u017dLJIVO: Okretna stolica je podr\u017eana robusnim metalnim okvirom i \u0161irokom metalnom bazom, \u0161to joj daje dug radni vijek i visoku nosivost do 150 kg. Osim toga, protuklizni prsten na postolju pru\u017ea ve\u0107u stabilnost i sigurnost te tako\u0111er \u0161titi pod od ogrebotina prilikom pomicanja stolice.S PROSTOROM ZA SKLADI\u0160TENJE: Vi\u0161e od obi\u010dnog taburea! Ako uklonite okruglu presvlaku sjedala, prona\u0107i \u0107ete skriveni prostor za pohranu u kojem mo\u017eete dr\u017eati male predmete poput knjiga, grickalica, kozmetike pri ruci i lako ih pospremiti nakon upotrebe.MULTIFUNKCIONALAN: Zahvaljuju\u0107i pode\u0161avanju visine od 60,5 do 79,5 cm, visoki tabure prilago\u0111ava se razli\u010ditim visinama stolova i veli\u010dinama tijela i tako slu\u017ei kao savr\u0161en barski stolac, blagovaonski stolac, kuhinjski stolac, stolac za \u0161minkanje ili radni stol. A sjedalo se rotira glatko i tiho za 360\u00b0, tako da mo\u017eete lako dohvatiti predmete ili razgovarati s prijateljima dok sjedite.LAGANO SASTAVLJANJE: Nudimo lako razumljive upute za sastavljanje sa slikama i potrebnim dodacima kako biste mogli brzo i jednostavno sastaviti ovaj moderni tabure. Napomena: Prije postavljanja obavezno uklonite za\u0161titni poklopac na plinskoj opruzi.\",\"breadcrumb\":{\"@id\":\"https:\/\/inti.hr\/sr\/proizvod\/barska-stolica-sa-pohranom-i-barsunom\/#breadcrumb\"},\"inLanguage\":\"sr-RS\",\"potentialAction\":[{\"@type\":\"ReadAction\",\"target\":[\"https:\/\/inti.hr\/sr\/proizvod\/barska-stolica-sa-pohranom-i-barsunom\/\"]}]},{\"@type\":\"ImageObject\",\"inLanguage\":\"sr-RS\",\"@id\":\"https:\/\/inti.hr\/sr\/proizvod\/barska-stolica-sa-pohranom-i-barsunom\/#primaryimage\",\"url\":\"https:\/\/i0.wp.com\/inti.hr\/wp-content\/uploads\/2025\/03\/Barhocker-Sitzhocker-mit-Stauraum-hoehenverstellbar-360-drehbar-Samt-Metall-W0ATT0991-Hellgrau4_600x600.jpg?fit=600%2C600&ssl=1\",\"contentUrl\":\"https:\/\/i0.wp.com\/inti.hr\/wp-content\/uploads\/2025\/03\/Barhocker-Sitzhocker-mit-Stauraum-hoehenverstellbar-360-drehbar-Samt-Metall-W0ATT0991-Hellgrau4_600x600.jpg?fit=600%2C600&ssl=1\",\"width\":600,\"height\":600,\"caption\":\"WOLTU barska stolica, tabure sa sjedalom i prostorom za pohranu, podesiva po visini, rotiraju\u0107a za 360\u00b0, bar\u0161unasta metalna tamno siva\"},{\"@type\":\"BreadcrumbList\",\"@id\":\"https:\/\/inti.hr\/sr\/proizvod\/barska-stolica-sa-pohranom-i-barsunom\/#breadcrumb\",\"itemListElement\":[{\"@type\":\"ListItem\",\"position\":1,\"name\":\"Po\u010detna stranica\",\"item\":\"https:\/\/inti.hr\/sr\/\"},{\"@type\":\"ListItem\",\"position\":2,\"name\":\"Prodavnica\",\"item\":\"https:\/\/inti.hr\/sr\/prodavnica\/\"},{\"@type\":\"ListItem\",\"position\":3,\"name\":\"Barska stolica sa pohranom i bar\u0161unom\"}]},{\"@type\":\"WebSite\",\"@id\":\"https:\/\/inti.hr\/sr\/#website\",\"url\":\"https:\/\/inti.hr\/sr\/\",\"name\":\"Inti\",\"description\":\"trgovina\",\"potentialAction\":[{\"@type\":\"SearchAction\",\"target\":{\"@type\":\"EntryPoint\",\"urlTemplate\":\"https:\/\/inti.hr\/sr\/?s={search_term_string}\"},\"query-input\":{\"@type\":\"PropertyValueSpecification\",\"valueRequired\":true,\"valueName\":\"search_term_string\"}}],\"inLanguage\":\"sr-RS\"}]}<\/script>\n<!-- \/ Yoast SEO plugin. -->","yoast_head_json":{"title":"Barska stolica sa pohranom i bar\u0161unom - Inti","description":"UDOBNO I ERGONOMI\u010cNO: prozra\u010dna bar\u0161unasta navlaka koja je ugodna za ko\u017eu i podstava od elasti\u010dne pjene visoke gusto\u0107e debljine 3 cm ubla\u017eavaju pritisak na va\u0161e bokove i pru\u017eaju meko i udobno sjedenje. Tako\u0111er mo\u017eete nasloniti noge na prakti\u010dan oslonac za noge barske stolice za duboko opu\u0161tanje.STABILNO I IZDR\u017dLJIVO: Okretna stolica je podr\u017eana robusnim metalnim okvirom i \u0161irokom metalnom bazom, \u0161to joj daje dug radni vijek i visoku nosivost do 150 kg. Osim toga, protuklizni prsten na postolju pru\u017ea ve\u0107u stabilnost i sigurnost te tako\u0111er \u0161titi pod od ogrebotina prilikom pomicanja stolice.S PROSTOROM ZA SKLADI\u0160TENJE: Vi\u0161e od obi\u010dnog taburea! Ako uklonite okruglu presvlaku sjedala, prona\u0107i \u0107ete skriveni prostor za pohranu u kojem mo\u017eete dr\u017eati male predmete poput knjiga, grickalica, kozmetike pri ruci i lako ih pospremiti nakon upotrebe.MULTIFUNKCIONALAN: Zahvaljuju\u0107i pode\u0161avanju visine od 60,5 do 79,5 cm, visoki tabure prilago\u0111ava se razli\u010ditim visinama stolova i veli\u010dinama tijela i tako slu\u017ei kao savr\u0161en barski stolac, blagovaonski stolac, kuhinjski stolac, stolac za \u0161minkanje ili radni stol. A sjedalo se rotira glatko i tiho za 360\u00b0, tako da mo\u017eete lako dohvatiti predmete ili razgovarati s prijateljima dok sjedite.LAGANO SASTAVLJANJE: Nudimo lako razumljive upute za sastavljanje sa slikama i potrebnim dodacima kako biste mogli brzo i jednostavno sastaviti ovaj moderni tabure. Napomena: Prije postavljanja obavezno uklonite za\u0161titni poklopac na plinskoj opruzi.","robots":{"index":"index","follow":"follow","max-snippet":"max-snippet:-1","max-image-preview":"max-image-preview:large","max-video-preview":"max-video-preview:-1"},"canonical":"https:\/\/inti.hr\/sr\/proizvod\/barska-stolica-sa-pohranom-i-barsunom\/","og_locale":"sr_RS","og_type":"article","og_title":"Barska stolica sa pohranom i bar\u0161unom - Inti","og_description":"UDOBNO I ERGONOMI\u010cNO: prozra\u010dna bar\u0161unasta navlaka koja je ugodna za ko\u017eu i podstava od elasti\u010dne pjene visoke gusto\u0107e debljine 3 cm ubla\u017eavaju pritisak na va\u0161e bokove i pru\u017eaju meko i udobno sjedenje. Tako\u0111er mo\u017eete nasloniti noge na prakti\u010dan oslonac za noge barske stolice za duboko opu\u0161tanje.STABILNO I IZDR\u017dLJIVO: Okretna stolica je podr\u017eana robusnim metalnim okvirom i \u0161irokom metalnom bazom, \u0161to joj daje dug radni vijek i visoku nosivost do 150 kg. Osim toga, protuklizni prsten na postolju pru\u017ea ve\u0107u stabilnost i sigurnost te tako\u0111er \u0161titi pod od ogrebotina prilikom pomicanja stolice.S PROSTOROM ZA SKLADI\u0160TENJE: Vi\u0161e od obi\u010dnog taburea! Ako uklonite okruglu presvlaku sjedala, prona\u0107i \u0107ete skriveni prostor za pohranu u kojem mo\u017eete dr\u017eati male predmete poput knjiga, grickalica, kozmetike pri ruci i lako ih pospremiti nakon upotrebe.MULTIFUNKCIONALAN: Zahvaljuju\u0107i pode\u0161avanju visine od 60,5 do 79,5 cm, visoki tabure prilago\u0111ava se razli\u010ditim visinama stolova i veli\u010dinama tijela i tako slu\u017ei kao savr\u0161en barski stolac, blagovaonski stolac, kuhinjski stolac, stolac za \u0161minkanje ili radni stol. A sjedalo se rotira glatko i tiho za 360\u00b0, tako da mo\u017eete lako dohvatiti predmete ili razgovarati s prijateljima dok sjedite.LAGANO SASTAVLJANJE: Nudimo lako razumljive upute za sastavljanje sa slikama i potrebnim dodacima kako biste mogli brzo i jednostavno sastaviti ovaj moderni tabure. Napomena: Prije postavljanja obavezno uklonite za\u0161titni poklopac na plinskoj opruzi.","og_url":"https:\/\/inti.hr\/sr\/proizvod\/barska-stolica-sa-pohranom-i-barsunom\/","og_site_name":"Inti","og_image":[{"width":600,"height":600,"url":"https:\/\/i0.wp.com\/inti.hr\/wp-content\/uploads\/2025\/03\/Barhocker-Sitzhocker-mit-Stauraum-hoehenverstellbar-360-drehbar-Samt-Metall-W0ATT0991-Hellgrau4_600x600.jpg?fit=600%2C600&ssl=1","type":"image\/jpeg"}],"twitter_card":"summary_large_image","schema":{"@context":"https:\/\/schema.org","@graph":[{"@type":"WebPage","@id":"https:\/\/inti.hr\/sr\/proizvod\/barska-stolica-sa-pohranom-i-barsunom\/","url":"https:\/\/inti.hr\/sr\/proizvod\/barska-stolica-sa-pohranom-i-barsunom\/","name":"Barska stolica sa pohranom i bar\u0161unom - Inti","isPartOf":{"@id":"https:\/\/inti.hr\/sr\/#website"},"primaryImageOfPage":{"@id":"https:\/\/inti.hr\/sr\/proizvod\/barska-stolica-sa-pohranom-i-barsunom\/#primaryimage"},"image":{"@id":"https:\/\/inti.hr\/sr\/proizvod\/barska-stolica-sa-pohranom-i-barsunom\/#primaryimage"},"thumbnailUrl":"https:\/\/i0.wp.com\/inti.hr\/wp-content\/uploads\/2025\/03\/Barhocker-Sitzhocker-mit-Stauraum-hoehenverstellbar-360-drehbar-Samt-Metall-W0ATT0991-Hellgrau4_600x600.jpg?fit=600%2C600&ssl=1","datePublished":"2025-03-19T13:10:56+00:00","dateModified":"2025-03-19T13:10:56+00:00","description":"UDOBNO I ERGONOMI\u010cNO: prozra\u010dna bar\u0161unasta navlaka koja je ugodna za ko\u017eu i podstava od elasti\u010dne pjene visoke gusto\u0107e debljine 3 cm ubla\u017eavaju pritisak na va\u0161e bokove i pru\u017eaju meko i udobno sjedenje. Tako\u0111er mo\u017eete nasloniti noge na prakti\u010dan oslonac za noge barske stolice za duboko opu\u0161tanje.STABILNO I IZDR\u017dLJIVO: Okretna stolica je podr\u017eana robusnim metalnim okvirom i \u0161irokom metalnom bazom, \u0161to joj daje dug radni vijek i visoku nosivost do 150 kg. Osim toga, protuklizni prsten na postolju pru\u017ea ve\u0107u stabilnost i sigurnost te tako\u0111er \u0161titi pod od ogrebotina prilikom pomicanja stolice.S PROSTOROM ZA SKLADI\u0160TENJE: Vi\u0161e od obi\u010dnog taburea! Ako uklonite okruglu presvlaku sjedala, prona\u0107i \u0107ete skriveni prostor za pohranu u kojem mo\u017eete dr\u017eati male predmete poput knjiga, grickalica, kozmetike pri ruci i lako ih pospremiti nakon upotrebe.MULTIFUNKCIONALAN: Zahvaljuju\u0107i pode\u0161avanju visine od 60,5 do 79,5 cm, visoki tabure prilago\u0111ava se razli\u010ditim visinama stolova i veli\u010dinama tijela i tako slu\u017ei kao savr\u0161en barski stolac, blagovaonski stolac, kuhinjski stolac, stolac za \u0161minkanje ili radni stol. A sjedalo se rotira glatko i tiho za 360\u00b0, tako da mo\u017eete lako dohvatiti predmete ili razgovarati s prijateljima dok sjedite.LAGANO SASTAVLJANJE: Nudimo lako razumljive upute za sastavljanje sa slikama i potrebnim dodacima kako biste mogli brzo i jednostavno sastaviti ovaj moderni tabure. Napomena: Prije postavljanja obavezno uklonite za\u0161titni poklopac na plinskoj opruzi.","breadcrumb":{"@id":"https:\/\/inti.hr\/sr\/proizvod\/barska-stolica-sa-pohranom-i-barsunom\/#breadcrumb"},"inLanguage":"sr-RS","potentialAction":[{"@type":"ReadAction","target":["https:\/\/inti.hr\/sr\/proizvod\/barska-stolica-sa-pohranom-i-barsunom\/"]}]},{"@type":"ImageObject","inLanguage":"sr-RS","@id":"https:\/\/inti.hr\/sr\/proizvod\/barska-stolica-sa-pohranom-i-barsunom\/#primaryimage","url":"https:\/\/i0.wp.com\/inti.hr\/wp-content\/uploads\/2025\/03\/Barhocker-Sitzhocker-mit-Stauraum-hoehenverstellbar-360-drehbar-Samt-Metall-W0ATT0991-Hellgrau4_600x600.jpg?fit=600%2C600&ssl=1","contentUrl":"https:\/\/i0.wp.com\/inti.hr\/wp-content\/uploads\/2025\/03\/Barhocker-Sitzhocker-mit-Stauraum-hoehenverstellbar-360-drehbar-Samt-Metall-W0ATT0991-Hellgrau4_600x600.jpg?fit=600%2C600&ssl=1","width":600,"height":600,"caption":"WOLTU barska stolica, tabure sa sjedalom i prostorom za pohranu, podesiva po visini, rotiraju\u0107a za 360\u00b0, bar\u0161unasta metalna tamno siva"},{"@type":"BreadcrumbList","@id":"https:\/\/inti.hr\/sr\/proizvod\/barska-stolica-sa-pohranom-i-barsunom\/#breadcrumb","itemListElement":[{"@type":"ListItem","position":1,"name":"Po\u010detna stranica","item":"https:\/\/inti.hr\/sr\/"},{"@type":"ListItem","position":2,"name":"Prodavnica","item":"https:\/\/inti.hr\/sr\/prodavnica\/"},{"@type":"ListItem","position":3,"name":"Barska stolica sa pohranom i bar\u0161unom"}]},{"@type":"WebSite","@id":"https:\/\/inti.hr\/sr\/#website","url":"https:\/\/inti.hr\/sr\/","name":"Inti","description":"trgovina","potentialAction":[{"@type":"SearchAction","target":{"@type":"EntryPoint","urlTemplate":"https:\/\/inti.hr\/sr\/?s={search_term_string}"},"query-input":{"@type":"PropertyValueSpecification","valueRequired":true,"valueName":"search_term_string"}}],"inLanguage":"sr-RS"}]}},"jetpack_sharing_enabled":true,"jetpack-related-posts":[],"_links":{"self":[{"href":"https:\/\/inti.hr\/sr\/wp-json\/wp\/v2\/product\/31369"}],"collection":[{"href":"https:\/\/inti.hr\/sr\/wp-json\/wp\/v2\/product"}],"about":[{"href":"https:\/\/inti.hr\/sr\/wp-json\/wp\/v2\/types\/product"}],"wp:featuredmedia":[{"embeddable":true,"href":"https:\/\/inti.hr\/sr\/wp-json\/wp\/v2\/media\/31371"}],"wp:attachment":[{"href":"https:\/\/inti.hr\/sr\/wp-json\/wp\/v2\/media?parent=31369"}],"wp:term":[{"taxonomy":"product_cat","embeddable":true,"href":"https:\/\/inti.hr\/sr\/wp-json\/wp\/v2\/product_cat?post=31369"},{"taxonomy":"product_tag","embeddable":true,"href":"https:\/\/inti.hr\/sr\/wp-json\/wp\/v2\/product_tag?post=31369"}],"curies":[{"name":"wp","href":"https:\/\/api.w.org\/{rel}","templated":true}]}}