{"id":31408,"date":"2025-03-17T16:23:17","date_gmt":"2025-03-17T15:23:17","guid":{"rendered":"https:\/\/inti.hr\/product\/formula-za-djecu\/"},"modified":"2025-03-17T16:23:17","modified_gmt":"2025-03-17T15:23:17","slug":"formula-za-djecu","status":"publish","type":"product","link":"https:\/\/inti.hr\/sr\/proizvod\/formula-za-djecu\/","title":{"rendered":"Formula za djecu"},"content":{"rendered":"<p>Detalji proizvoda:<\/p>\n<p>Veli\u010dina 106,5 x 51,3 x 59,1 cm<br \/>\nTe\u017eina artikla 8,65 kilograma<br \/>\nDimenzije artikla D x \u0160 x V 106,5 D x 51,3 \u0160 x 59,1 V centimetara<\/p>\n<p>Vrsta materijala \u010celi\u010dni cjevasti okvir<\/p>\n","protected":false},"excerpt":{"rendered":"<p>Vrhunska zabava u vo\u017enji: zapo\u010dnite sada i do\u017eivite avanture! Uz formulu, &#8230; <\/p>\n","protected":false},"featured_media":31410,"template":"","meta":[],"product_cat":[2411],"product_tag":[2955,2956],"yoast_head":"<!-- This site is optimized with the Yoast SEO plugin v23.7 - https:\/\/yoast.com\/wordpress\/plugins\/seo\/ -->\n<title>Formula za djecu - Inti<\/title>\n<meta name=\"description\" content=\"Vrhunska zabava u vo\u017enji: zapo\u010dnite sada i do\u017eivite avanture! Uz Hauck Speedster dje\u010dji Kettcar, va\u0161e dijete do\u017eivljava uzbudljive avanture i neograni\u010denu zabavu u vo\u017enji na svje\u017eem zrakuZa svaku podlogu: iznimno velike EVA plasti\u010dne gume nude ugodnu vo\u017enju na razli\u010ditim podlogama \u2013 bilo na asfaltu, travi ili \u0161ljunkuSigurno: neklizaju\u0107e papu\u010dice i upravlja\u010d osiguravaju optimalno prianjanje i kontrolu go-karta, dok pouzdana ru\u010dna ko\u010dnica koja djeluje na stra\u017enje kota\u010de omogu\u0107uje brzo zaustavljanjeUdoban i robustan: drift kart ima robustan \u010deli\u010dni okvir i podesivo sjedalo koje raste s va\u0161im djetetom, prikladno za visinu od 90 do 110 cm i do maksimalno 50 kgJednostavan za kori\u0161tenje: go-kartom se mo\u017ee upravljati intuitivno, poti\u010de motori\u010dke sposobnosti i koordinaciju va\u0161eg djeteta dok pru\u017ea puno zabave\" \/>\n<meta name=\"robots\" content=\"index, follow, max-snippet:-1, max-image-preview:large, max-video-preview:-1\" \/>\n<link rel=\"canonical\" href=\"https:\/\/inti.hr\/sr\/proizvod\/formula-za-djecu\/\" \/>\n<meta property=\"og:locale\" content=\"sr_RS\" \/>\n<meta property=\"og:type\" content=\"article\" \/>\n<meta property=\"og:title\" content=\"Formula za djecu - Inti\" \/>\n<meta property=\"og:description\" content=\"Vrhunska zabava u vo\u017enji: zapo\u010dnite sada i do\u017eivite avanture! Uz Hauck Speedster dje\u010dji Kettcar, va\u0161e dijete do\u017eivljava uzbudljive avanture i neograni\u010denu zabavu u vo\u017enji na svje\u017eem zrakuZa svaku podlogu: iznimno velike EVA plasti\u010dne gume nude ugodnu vo\u017enju na razli\u010ditim podlogama \u2013 bilo na asfaltu, travi ili \u0161ljunkuSigurno: neklizaju\u0107e papu\u010dice i upravlja\u010d osiguravaju optimalno prianjanje i kontrolu go-karta, dok pouzdana ru\u010dna ko\u010dnica koja djeluje na stra\u017enje kota\u010de omogu\u0107uje brzo zaustavljanjeUdoban i robustan: drift kart ima robustan \u010deli\u010dni okvir i podesivo sjedalo koje raste s va\u0161im djetetom, prikladno za visinu od 90 do 110 cm i do maksimalno 50 kgJednostavan za kori\u0161tenje: go-kartom se mo\u017ee upravljati intuitivno, poti\u010de motori\u010dke sposobnosti i koordinaciju va\u0161eg djeteta dok pru\u017ea puno zabave\" \/>\n<meta property=\"og:url\" content=\"https:\/\/inti.hr\/sr\/proizvod\/formula-za-djecu\/\" \/>\n<meta property=\"og:site_name\" content=\"Inti\" \/>\n<meta property=\"og:image\" content=\"https:\/\/i0.wp.com\/inti.hr\/wp-content\/uploads\/2025\/03\/71X4uFJFhSL._SL1500_.jpg?fit=1500%2C1500&ssl=1\" \/>\n\t<meta property=\"og:image:width\" content=\"1500\" \/>\n\t<meta property=\"og:image:height\" content=\"1500\" \/>\n\t<meta property=\"og:image:type\" content=\"image\/jpeg\" \/>\n<meta name=\"twitter:card\" content=\"summary_large_image\" \/>\n<script type=\"application\/ld+json\" class=\"yoast-schema-graph\">{\"@context\":\"https:\/\/schema.org\",\"@graph\":[{\"@type\":\"WebPage\",\"@id\":\"https:\/\/inti.hr\/sr\/proizvod\/formula-za-djecu\/\",\"url\":\"https:\/\/inti.hr\/sr\/proizvod\/formula-za-djecu\/\",\"name\":\"Formula za djecu - Inti\",\"isPartOf\":{\"@id\":\"https:\/\/inti.hr\/sr\/#website\"},\"primaryImageOfPage\":{\"@id\":\"https:\/\/inti.hr\/sr\/proizvod\/formula-za-djecu\/#primaryimage\"},\"image\":{\"@id\":\"https:\/\/inti.hr\/sr\/proizvod\/formula-za-djecu\/#primaryimage\"},\"thumbnailUrl\":\"https:\/\/i0.wp.com\/inti.hr\/wp-content\/uploads\/2025\/03\/71X4uFJFhSL._SL1500_.jpg?fit=1500%2C1500&ssl=1\",\"datePublished\":\"2025-03-17T15:23:17+00:00\",\"dateModified\":\"2025-03-17T15:23:17+00:00\",\"description\":\"Vrhunska zabava u vo\u017enji: zapo\u010dnite sada i do\u017eivite avanture! Uz Hauck Speedster dje\u010dji Kettcar, va\u0161e dijete do\u017eivljava uzbudljive avanture i neograni\u010denu zabavu u vo\u017enji na svje\u017eem zrakuZa svaku podlogu: iznimno velike EVA plasti\u010dne gume nude ugodnu vo\u017enju na razli\u010ditim podlogama \u2013 bilo na asfaltu, travi ili \u0161ljunkuSigurno: neklizaju\u0107e papu\u010dice i upravlja\u010d osiguravaju optimalno prianjanje i kontrolu go-karta, dok pouzdana ru\u010dna ko\u010dnica koja djeluje na stra\u017enje kota\u010de omogu\u0107uje brzo zaustavljanjeUdoban i robustan: drift kart ima robustan \u010deli\u010dni okvir i podesivo sjedalo koje raste s va\u0161im djetetom, prikladno za visinu od 90 do 110 cm i do maksimalno 50 kgJednostavan za kori\u0161tenje: go-kartom se mo\u017ee upravljati intuitivno, poti\u010de motori\u010dke sposobnosti i koordinaciju va\u0161eg djeteta dok pru\u017ea puno zabave\",\"breadcrumb\":{\"@id\":\"https:\/\/inti.hr\/sr\/proizvod\/formula-za-djecu\/#breadcrumb\"},\"inLanguage\":\"sr-RS\",\"potentialAction\":[{\"@type\":\"ReadAction\",\"target\":[\"https:\/\/inti.hr\/sr\/proizvod\/formula-za-djecu\/\"]}]},{\"@type\":\"ImageObject\",\"inLanguage\":\"sr-RS\",\"@id\":\"https:\/\/inti.hr\/sr\/proizvod\/formula-za-djecu\/#primaryimage\",\"url\":\"https:\/\/i0.wp.com\/inti.hr\/wp-content\/uploads\/2025\/03\/71X4uFJFhSL._SL1500_.jpg?fit=1500%2C1500&ssl=1\",\"contentUrl\":\"https:\/\/i0.wp.com\/inti.hr\/wp-content\/uploads\/2025\/03\/71X4uFJFhSL._SL1500_.jpg?fit=1500%2C1500&ssl=1\",\"width\":1500,\"height\":1500,\"caption\":\"Hauck igra\u010dke za djecu Go-Kart Speedster Go-Cart s pedalom s ru\u010dnom ko\u010dnicom i podesivim sjedalom, za djecu od 4 godine, zelena\"},{\"@type\":\"BreadcrumbList\",\"@id\":\"https:\/\/inti.hr\/sr\/proizvod\/formula-za-djecu\/#breadcrumb\",\"itemListElement\":[{\"@type\":\"ListItem\",\"position\":1,\"name\":\"Po\u010detna stranica\",\"item\":\"https:\/\/inti.hr\/sr\/\"},{\"@type\":\"ListItem\",\"position\":2,\"name\":\"Prodavnica\",\"item\":\"https:\/\/inti.hr\/sr\/prodavnica\/\"},{\"@type\":\"ListItem\",\"position\":3,\"name\":\"Formula za djecu\"}]},{\"@type\":\"WebSite\",\"@id\":\"https:\/\/inti.hr\/sr\/#website\",\"url\":\"https:\/\/inti.hr\/sr\/\",\"name\":\"Inti\",\"description\":\"trgovina\",\"potentialAction\":[{\"@type\":\"SearchAction\",\"target\":{\"@type\":\"EntryPoint\",\"urlTemplate\":\"https:\/\/inti.hr\/sr\/?s={search_term_string}\"},\"query-input\":{\"@type\":\"PropertyValueSpecification\",\"valueRequired\":true,\"valueName\":\"search_term_string\"}}],\"inLanguage\":\"sr-RS\"}]}<\/script>\n<!-- \/ Yoast SEO plugin. -->","yoast_head_json":{"title":"Formula za djecu - Inti","description":"Vrhunska zabava u vo\u017enji: zapo\u010dnite sada i do\u017eivite avanture! Uz Hauck Speedster dje\u010dji Kettcar, va\u0161e dijete do\u017eivljava uzbudljive avanture i neograni\u010denu zabavu u vo\u017enji na svje\u017eem zrakuZa svaku podlogu: iznimno velike EVA plasti\u010dne gume nude ugodnu vo\u017enju na razli\u010ditim podlogama \u2013 bilo na asfaltu, travi ili \u0161ljunkuSigurno: neklizaju\u0107e papu\u010dice i upravlja\u010d osiguravaju optimalno prianjanje i kontrolu go-karta, dok pouzdana ru\u010dna ko\u010dnica koja djeluje na stra\u017enje kota\u010de omogu\u0107uje brzo zaustavljanjeUdoban i robustan: drift kart ima robustan \u010deli\u010dni okvir i podesivo sjedalo koje raste s va\u0161im djetetom, prikladno za visinu od 90 do 110 cm i do maksimalno 50 kgJednostavan za kori\u0161tenje: go-kartom se mo\u017ee upravljati intuitivno, poti\u010de motori\u010dke sposobnosti i koordinaciju va\u0161eg djeteta dok pru\u017ea puno zabave","robots":{"index":"index","follow":"follow","max-snippet":"max-snippet:-1","max-image-preview":"max-image-preview:large","max-video-preview":"max-video-preview:-1"},"canonical":"https:\/\/inti.hr\/sr\/proizvod\/formula-za-djecu\/","og_locale":"sr_RS","og_type":"article","og_title":"Formula za djecu - Inti","og_description":"Vrhunska zabava u vo\u017enji: zapo\u010dnite sada i do\u017eivite avanture! Uz Hauck Speedster dje\u010dji Kettcar, va\u0161e dijete do\u017eivljava uzbudljive avanture i neograni\u010denu zabavu u vo\u017enji na svje\u017eem zrakuZa svaku podlogu: iznimno velike EVA plasti\u010dne gume nude ugodnu vo\u017enju na razli\u010ditim podlogama \u2013 bilo na asfaltu, travi ili \u0161ljunkuSigurno: neklizaju\u0107e papu\u010dice i upravlja\u010d osiguravaju optimalno prianjanje i kontrolu go-karta, dok pouzdana ru\u010dna ko\u010dnica koja djeluje na stra\u017enje kota\u010de omogu\u0107uje brzo zaustavljanjeUdoban i robustan: drift kart ima robustan \u010deli\u010dni okvir i podesivo sjedalo koje raste s va\u0161im djetetom, prikladno za visinu od 90 do 110 cm i do maksimalno 50 kgJednostavan za kori\u0161tenje: go-kartom se mo\u017ee upravljati intuitivno, poti\u010de motori\u010dke sposobnosti i koordinaciju va\u0161eg djeteta dok pru\u017ea puno zabave","og_url":"https:\/\/inti.hr\/sr\/proizvod\/formula-za-djecu\/","og_site_name":"Inti","og_image":[{"width":1500,"height":1500,"url":"https:\/\/i0.wp.com\/inti.hr\/wp-content\/uploads\/2025\/03\/71X4uFJFhSL._SL1500_.jpg?fit=1500%2C1500&ssl=1","type":"image\/jpeg"}],"twitter_card":"summary_large_image","schema":{"@context":"https:\/\/schema.org","@graph":[{"@type":"WebPage","@id":"https:\/\/inti.hr\/sr\/proizvod\/formula-za-djecu\/","url":"https:\/\/inti.hr\/sr\/proizvod\/formula-za-djecu\/","name":"Formula za djecu - Inti","isPartOf":{"@id":"https:\/\/inti.hr\/sr\/#website"},"primaryImageOfPage":{"@id":"https:\/\/inti.hr\/sr\/proizvod\/formula-za-djecu\/#primaryimage"},"image":{"@id":"https:\/\/inti.hr\/sr\/proizvod\/formula-za-djecu\/#primaryimage"},"thumbnailUrl":"https:\/\/i0.wp.com\/inti.hr\/wp-content\/uploads\/2025\/03\/71X4uFJFhSL._SL1500_.jpg?fit=1500%2C1500&ssl=1","datePublished":"2025-03-17T15:23:17+00:00","dateModified":"2025-03-17T15:23:17+00:00","description":"Vrhunska zabava u vo\u017enji: zapo\u010dnite sada i do\u017eivite avanture! Uz Hauck Speedster dje\u010dji Kettcar, va\u0161e dijete do\u017eivljava uzbudljive avanture i neograni\u010denu zabavu u vo\u017enji na svje\u017eem zrakuZa svaku podlogu: iznimno velike EVA plasti\u010dne gume nude ugodnu vo\u017enju na razli\u010ditim podlogama \u2013 bilo na asfaltu, travi ili \u0161ljunkuSigurno: neklizaju\u0107e papu\u010dice i upravlja\u010d osiguravaju optimalno prianjanje i kontrolu go-karta, dok pouzdana ru\u010dna ko\u010dnica koja djeluje na stra\u017enje kota\u010de omogu\u0107uje brzo zaustavljanjeUdoban i robustan: drift kart ima robustan \u010deli\u010dni okvir i podesivo sjedalo koje raste s va\u0161im djetetom, prikladno za visinu od 90 do 110 cm i do maksimalno 50 kgJednostavan za kori\u0161tenje: go-kartom se mo\u017ee upravljati intuitivno, poti\u010de motori\u010dke sposobnosti i koordinaciju va\u0161eg djeteta dok pru\u017ea puno zabave","breadcrumb":{"@id":"https:\/\/inti.hr\/sr\/proizvod\/formula-za-djecu\/#breadcrumb"},"inLanguage":"sr-RS","potentialAction":[{"@type":"ReadAction","target":["https:\/\/inti.hr\/sr\/proizvod\/formula-za-djecu\/"]}]},{"@type":"ImageObject","inLanguage":"sr-RS","@id":"https:\/\/inti.hr\/sr\/proizvod\/formula-za-djecu\/#primaryimage","url":"https:\/\/i0.wp.com\/inti.hr\/wp-content\/uploads\/2025\/03\/71X4uFJFhSL._SL1500_.jpg?fit=1500%2C1500&ssl=1","contentUrl":"https:\/\/i0.wp.com\/inti.hr\/wp-content\/uploads\/2025\/03\/71X4uFJFhSL._SL1500_.jpg?fit=1500%2C1500&ssl=1","width":1500,"height":1500,"caption":"Hauck igra\u010dke za djecu Go-Kart Speedster Go-Cart s pedalom s ru\u010dnom ko\u010dnicom i podesivim sjedalom, za djecu od 4 godine, zelena"},{"@type":"BreadcrumbList","@id":"https:\/\/inti.hr\/sr\/proizvod\/formula-za-djecu\/#breadcrumb","itemListElement":[{"@type":"ListItem","position":1,"name":"Po\u010detna stranica","item":"https:\/\/inti.hr\/sr\/"},{"@type":"ListItem","position":2,"name":"Prodavnica","item":"https:\/\/inti.hr\/sr\/prodavnica\/"},{"@type":"ListItem","position":3,"name":"Formula za djecu"}]},{"@type":"WebSite","@id":"https:\/\/inti.hr\/sr\/#website","url":"https:\/\/inti.hr\/sr\/","name":"Inti","description":"trgovina","potentialAction":[{"@type":"SearchAction","target":{"@type":"EntryPoint","urlTemplate":"https:\/\/inti.hr\/sr\/?s={search_term_string}"},"query-input":{"@type":"PropertyValueSpecification","valueRequired":true,"valueName":"search_term_string"}}],"inLanguage":"sr-RS"}]}},"jetpack_sharing_enabled":true,"jetpack-related-posts":[],"_links":{"self":[{"href":"https:\/\/inti.hr\/sr\/wp-json\/wp\/v2\/product\/31408"}],"collection":[{"href":"https:\/\/inti.hr\/sr\/wp-json\/wp\/v2\/product"}],"about":[{"href":"https:\/\/inti.hr\/sr\/wp-json\/wp\/v2\/types\/product"}],"wp:featuredmedia":[{"embeddable":true,"href":"https:\/\/inti.hr\/sr\/wp-json\/wp\/v2\/media\/31410"}],"wp:attachment":[{"href":"https:\/\/inti.hr\/sr\/wp-json\/wp\/v2\/media?parent=31408"}],"wp:term":[{"taxonomy":"product_cat","embeddable":true,"href":"https:\/\/inti.hr\/sr\/wp-json\/wp\/v2\/product_cat?post=31408"},{"taxonomy":"product_tag","embeddable":true,"href":"https:\/\/inti.hr\/sr\/wp-json\/wp\/v2\/product_tag?post=31408"}],"curies":[{"name":"wp","href":"https:\/\/api.w.org\/{rel}","templated":true}]}}