{"id":31437,"date":"2025-03-17T12:55:18","date_gmt":"2025-03-17T11:55:18","guid":{"rendered":"https:\/\/inti.hr\/product\/kutije-za-odlaganje-donjeg-rublja\/"},"modified":"2025-03-17T12:55:18","modified_gmt":"2025-03-17T11:55:18","slug":"kutije-za-odlaganje-donjeg-rublja","status":"publish","type":"product","link":"https:\/\/inti.hr\/sr\/proizvod\/kutije-za-odlaganje-donjeg-rublja\/","title":{"rendered":"Kutije za odlaganje donjeg rublja"},"content":{"rendered":"<ul>\n<li><b><span>Detalji proizvoda:<\/span><\/b><\/li>\n<li><span>Materijal: netkani materijal 80 g\/m\u00b2, PE plo\u010da, karton<\/span><\/li>\n<li><span>Veli\u010dina: Kutija sa 5 pretinaca za grudnjake: 32 x 32 x 10 cm (D x \u0160 x V) Kutija sa 6 pretinaca za \u0161alove\/donje rublje: 32 x 16 x 10 cm (D x \u0160 x V) Kutija sa 8 pretinaca za kravate: 32 x 16 x 10 cm (D x \u0160 x V) Kutija sa 24 pretinca za \u010darape ili druge dodatke: 32 x 32 x 1 0 cm (D x \u0160 x V)<\/span><\/li>\n<li><span>Te\u017eina: 1,3 kg<\/span><\/li>\n<\/ul>\n","protected":false},"excerpt":{"rendered":"<p>Zahvaljuju\u0107i ovih 8 kutija za pohranu, vi\u0161e ne morate bjesomu\u010dno prekapati &#8230; <\/p>\n","protected":false},"featured_media":31438,"template":"","meta":[],"product_cat":[2416],"product_tag":[2964,2965],"yoast_head":"<!-- This site is optimized with the Yoast SEO plugin v23.7 - https:\/\/yoast.com\/wordpress\/plugins\/seo\/ -->\n<title>Kutije za odlaganje donjeg rublja - Inti<\/title>\n<meta name=\"description\" content=\"Zahvaljuju\u0107i ovih 8 kutija za pohranu, vi\u0161e ne morate bjesomu\u010dno prekapati po kaoti\u010dnoj ladici ili ormaru tra\u017ee\u0107i stvari koje trebate. Recite napokon zbogom kutijama niske kvalitete zahvaljuju\u0107i ovim sklopivim kutijama izra\u0111enim od pobolj\u0161anog netkanog materijala i robusnih \u0161avova; Va\u0161i grudnjaci i ga\u0107ice zaslu\u017euju bolje mjesto za pohranu. 8 organizatora ladica za donje rublje koji se lako sklapaju kada nisu u upotrebi, pru\u017eaju\u0107i na\u010din za uredno pohranjivanje va\u0161eg donjeg rublja, \u0161minke ili rukotvorina. Ovih 8 kutija od tkanine zadovoljavaju razli\u010dite potrebe: 2 sklopive kutije s 5 pretinaca (32 x 32 x 10 cm) za grudnjake, 2 kutije sa 6 pretinaca (32 x 16 x 10 cm) za \u0161alove ili donje rublje, 2 kutije s 8 pretinaca (32 x 16 x 10 cm) za kravate i 2 kutije s 24 pretinca (32 x 32 x 10 cm) za \u010darape ili druge dodatke. Zahvaljuju\u0107i uklonjivim bo\u010dnim stranicama i patentnom zatvara\u010du na dnu, mo\u017eete brzo postaviti kutije; Kada se sele, lako se mogu sklopiti i spremiti.\u00a0\" \/>\n<meta name=\"robots\" content=\"index, follow, max-snippet:-1, max-image-preview:large, max-video-preview:-1\" \/>\n<link rel=\"canonical\" href=\"https:\/\/inti.hr\/sr\/proizvod\/kutije-za-odlaganje-donjeg-rublja\/\" \/>\n<meta property=\"og:locale\" content=\"sr_RS\" \/>\n<meta property=\"og:type\" content=\"article\" \/>\n<meta property=\"og:title\" content=\"Kutije za odlaganje donjeg rublja - Inti\" \/>\n<meta property=\"og:description\" content=\"Zahvaljuju\u0107i ovih 8 kutija za pohranu, vi\u0161e ne morate bjesomu\u010dno prekapati po kaoti\u010dnoj ladici ili ormaru tra\u017ee\u0107i stvari koje trebate. Recite napokon zbogom kutijama niske kvalitete zahvaljuju\u0107i ovim sklopivim kutijama izra\u0111enim od pobolj\u0161anog netkanog materijala i robusnih \u0161avova; Va\u0161i grudnjaci i ga\u0107ice zaslu\u017euju bolje mjesto za pohranu. 8 organizatora ladica za donje rublje koji se lako sklapaju kada nisu u upotrebi, pru\u017eaju\u0107i na\u010din za uredno pohranjivanje va\u0161eg donjeg rublja, \u0161minke ili rukotvorina. Ovih 8 kutija od tkanine zadovoljavaju razli\u010dite potrebe: 2 sklopive kutije s 5 pretinaca (32 x 32 x 10 cm) za grudnjake, 2 kutije sa 6 pretinaca (32 x 16 x 10 cm) za \u0161alove ili donje rublje, 2 kutije s 8 pretinaca (32 x 16 x 10 cm) za kravate i 2 kutije s 24 pretinca (32 x 32 x 10 cm) za \u010darape ili druge dodatke. Zahvaljuju\u0107i uklonjivim bo\u010dnim stranicama i patentnom zatvara\u010du na dnu, mo\u017eete brzo postaviti kutije; Kada se sele, lako se mogu sklopiti i spremiti.\u00a0\" \/>\n<meta property=\"og:url\" content=\"https:\/\/inti.hr\/sr\/proizvod\/kutije-za-odlaganje-donjeg-rublja\/\" \/>\n<meta property=\"og:site_name\" content=\"Inti\" \/>\n<meta property=\"og:image\" content=\"https:\/\/i0.wp.com\/inti.hr\/wp-content\/uploads\/2025\/03\/Aufbewahrungsboxen-fuer-Unterwaesche-RUS08GY-1-1.jpg?fit=1000%2C1000&ssl=1\" \/>\n\t<meta property=\"og:image:width\" content=\"1000\" \/>\n\t<meta property=\"og:image:height\" content=\"1000\" \/>\n\t<meta property=\"og:image:type\" content=\"image\/jpeg\" \/>\n<meta name=\"twitter:card\" content=\"summary_large_image\" \/>\n<script type=\"application\/ld+json\" class=\"yoast-schema-graph\">{\"@context\":\"https:\/\/schema.org\",\"@graph\":[{\"@type\":\"WebPage\",\"@id\":\"https:\/\/inti.hr\/sr\/proizvod\/kutije-za-odlaganje-donjeg-rublja\/\",\"url\":\"https:\/\/inti.hr\/sr\/proizvod\/kutije-za-odlaganje-donjeg-rublja\/\",\"name\":\"Kutije za odlaganje donjeg rublja - Inti\",\"isPartOf\":{\"@id\":\"https:\/\/inti.hr\/sr\/#website\"},\"primaryImageOfPage\":{\"@id\":\"https:\/\/inti.hr\/sr\/proizvod\/kutije-za-odlaganje-donjeg-rublja\/#primaryimage\"},\"image\":{\"@id\":\"https:\/\/inti.hr\/sr\/proizvod\/kutije-za-odlaganje-donjeg-rublja\/#primaryimage\"},\"thumbnailUrl\":\"https:\/\/i0.wp.com\/inti.hr\/wp-content\/uploads\/2025\/03\/Aufbewahrungsboxen-fuer-Unterwaesche-RUS08GY-1-1.jpg?fit=1000%2C1000&ssl=1\",\"datePublished\":\"2025-03-17T11:55:18+00:00\",\"dateModified\":\"2025-03-17T11:55:18+00:00\",\"description\":\"Zahvaljuju\u0107i ovih 8 kutija za pohranu, vi\u0161e ne morate bjesomu\u010dno prekapati po kaoti\u010dnoj ladici ili ormaru tra\u017ee\u0107i stvari koje trebate. Recite napokon zbogom kutijama niske kvalitete zahvaljuju\u0107i ovim sklopivim kutijama izra\u0111enim od pobolj\u0161anog netkanog materijala i robusnih \u0161avova; Va\u0161i grudnjaci i ga\u0107ice zaslu\u017euju bolje mjesto za pohranu. 8 organizatora ladica za donje rublje koji se lako sklapaju kada nisu u upotrebi, pru\u017eaju\u0107i na\u010din za uredno pohranjivanje va\u0161eg donjeg rublja, \u0161minke ili rukotvorina. Ovih 8 kutija od tkanine zadovoljavaju razli\u010dite potrebe: 2 sklopive kutije s 5 pretinaca (32 x 32 x 10 cm) za grudnjake, 2 kutije sa 6 pretinaca (32 x 16 x 10 cm) za \u0161alove ili donje rublje, 2 kutije s 8 pretinaca (32 x 16 x 10 cm) za kravate i 2 kutije s 24 pretinca (32 x 32 x 10 cm) za \u010darape ili druge dodatke. Zahvaljuju\u0107i uklonjivim bo\u010dnim stranicama i patentnom zatvara\u010du na dnu, mo\u017eete brzo postaviti kutije; Kada se sele, lako se mogu sklopiti i spremiti.\u00a0\",\"breadcrumb\":{\"@id\":\"https:\/\/inti.hr\/sr\/proizvod\/kutije-za-odlaganje-donjeg-rublja\/#breadcrumb\"},\"inLanguage\":\"sr-RS\",\"potentialAction\":[{\"@type\":\"ReadAction\",\"target\":[\"https:\/\/inti.hr\/sr\/proizvod\/kutije-za-odlaganje-donjeg-rublja\/\"]}]},{\"@type\":\"ImageObject\",\"inLanguage\":\"sr-RS\",\"@id\":\"https:\/\/inti.hr\/sr\/proizvod\/kutije-za-odlaganje-donjeg-rublja\/#primaryimage\",\"url\":\"https:\/\/i0.wp.com\/inti.hr\/wp-content\/uploads\/2025\/03\/Aufbewahrungsboxen-fuer-Unterwaesche-RUS08GY-1-1.jpg?fit=1000%2C1000&ssl=1\",\"contentUrl\":\"https:\/\/i0.wp.com\/inti.hr\/wp-content\/uploads\/2025\/03\/Aufbewahrungsboxen-fuer-Unterwaesche-RUS08GY-1-1.jpg?fit=1000%2C1000&ssl=1\",\"width\":1000,\"height\":1000,\"caption\":\"SONGMICS Organizator za donje rublje Set od 8 komada\"},{\"@type\":\"BreadcrumbList\",\"@id\":\"https:\/\/inti.hr\/sr\/proizvod\/kutije-za-odlaganje-donjeg-rublja\/#breadcrumb\",\"itemListElement\":[{\"@type\":\"ListItem\",\"position\":1,\"name\":\"Po\u010detna stranica\",\"item\":\"https:\/\/inti.hr\/sr\/\"},{\"@type\":\"ListItem\",\"position\":2,\"name\":\"Prodavnica\",\"item\":\"https:\/\/inti.hr\/sr\/prodavnica\/\"},{\"@type\":\"ListItem\",\"position\":3,\"name\":\"Kutije za odlaganje donjeg rublja\"}]},{\"@type\":\"WebSite\",\"@id\":\"https:\/\/inti.hr\/sr\/#website\",\"url\":\"https:\/\/inti.hr\/sr\/\",\"name\":\"Inti\",\"description\":\"trgovina\",\"potentialAction\":[{\"@type\":\"SearchAction\",\"target\":{\"@type\":\"EntryPoint\",\"urlTemplate\":\"https:\/\/inti.hr\/sr\/?s={search_term_string}\"},\"query-input\":{\"@type\":\"PropertyValueSpecification\",\"valueRequired\":true,\"valueName\":\"search_term_string\"}}],\"inLanguage\":\"sr-RS\"}]}<\/script>\n<!-- \/ Yoast SEO plugin. -->","yoast_head_json":{"title":"Kutije za odlaganje donjeg rublja - Inti","description":"Zahvaljuju\u0107i ovih 8 kutija za pohranu, vi\u0161e ne morate bjesomu\u010dno prekapati po kaoti\u010dnoj ladici ili ormaru tra\u017ee\u0107i stvari koje trebate. Recite napokon zbogom kutijama niske kvalitete zahvaljuju\u0107i ovim sklopivim kutijama izra\u0111enim od pobolj\u0161anog netkanog materijala i robusnih \u0161avova; Va\u0161i grudnjaci i ga\u0107ice zaslu\u017euju bolje mjesto za pohranu. 8 organizatora ladica za donje rublje koji se lako sklapaju kada nisu u upotrebi, pru\u017eaju\u0107i na\u010din za uredno pohranjivanje va\u0161eg donjeg rublja, \u0161minke ili rukotvorina. Ovih 8 kutija od tkanine zadovoljavaju razli\u010dite potrebe: 2 sklopive kutije s 5 pretinaca (32 x 32 x 10 cm) za grudnjake, 2 kutije sa 6 pretinaca (32 x 16 x 10 cm) za \u0161alove ili donje rublje, 2 kutije s 8 pretinaca (32 x 16 x 10 cm) za kravate i 2 kutije s 24 pretinca (32 x 32 x 10 cm) za \u010darape ili druge dodatke. Zahvaljuju\u0107i uklonjivim bo\u010dnim stranicama i patentnom zatvara\u010du na dnu, mo\u017eete brzo postaviti kutije; Kada se sele, lako se mogu sklopiti i spremiti.\u00a0","robots":{"index":"index","follow":"follow","max-snippet":"max-snippet:-1","max-image-preview":"max-image-preview:large","max-video-preview":"max-video-preview:-1"},"canonical":"https:\/\/inti.hr\/sr\/proizvod\/kutije-za-odlaganje-donjeg-rublja\/","og_locale":"sr_RS","og_type":"article","og_title":"Kutije za odlaganje donjeg rublja - Inti","og_description":"Zahvaljuju\u0107i ovih 8 kutija za pohranu, vi\u0161e ne morate bjesomu\u010dno prekapati po kaoti\u010dnoj ladici ili ormaru tra\u017ee\u0107i stvari koje trebate. Recite napokon zbogom kutijama niske kvalitete zahvaljuju\u0107i ovim sklopivim kutijama izra\u0111enim od pobolj\u0161anog netkanog materijala i robusnih \u0161avova; Va\u0161i grudnjaci i ga\u0107ice zaslu\u017euju bolje mjesto za pohranu. 8 organizatora ladica za donje rublje koji se lako sklapaju kada nisu u upotrebi, pru\u017eaju\u0107i na\u010din za uredno pohranjivanje va\u0161eg donjeg rublja, \u0161minke ili rukotvorina. Ovih 8 kutija od tkanine zadovoljavaju razli\u010dite potrebe: 2 sklopive kutije s 5 pretinaca (32 x 32 x 10 cm) za grudnjake, 2 kutije sa 6 pretinaca (32 x 16 x 10 cm) za \u0161alove ili donje rublje, 2 kutije s 8 pretinaca (32 x 16 x 10 cm) za kravate i 2 kutije s 24 pretinca (32 x 32 x 10 cm) za \u010darape ili druge dodatke. Zahvaljuju\u0107i uklonjivim bo\u010dnim stranicama i patentnom zatvara\u010du na dnu, mo\u017eete brzo postaviti kutije; Kada se sele, lako se mogu sklopiti i spremiti.\u00a0","og_url":"https:\/\/inti.hr\/sr\/proizvod\/kutije-za-odlaganje-donjeg-rublja\/","og_site_name":"Inti","og_image":[{"width":1000,"height":1000,"url":"https:\/\/i0.wp.com\/inti.hr\/wp-content\/uploads\/2025\/03\/Aufbewahrungsboxen-fuer-Unterwaesche-RUS08GY-1-1.jpg?fit=1000%2C1000&ssl=1","type":"image\/jpeg"}],"twitter_card":"summary_large_image","schema":{"@context":"https:\/\/schema.org","@graph":[{"@type":"WebPage","@id":"https:\/\/inti.hr\/sr\/proizvod\/kutije-za-odlaganje-donjeg-rublja\/","url":"https:\/\/inti.hr\/sr\/proizvod\/kutije-za-odlaganje-donjeg-rublja\/","name":"Kutije za odlaganje donjeg rublja - Inti","isPartOf":{"@id":"https:\/\/inti.hr\/sr\/#website"},"primaryImageOfPage":{"@id":"https:\/\/inti.hr\/sr\/proizvod\/kutije-za-odlaganje-donjeg-rublja\/#primaryimage"},"image":{"@id":"https:\/\/inti.hr\/sr\/proizvod\/kutije-za-odlaganje-donjeg-rublja\/#primaryimage"},"thumbnailUrl":"https:\/\/i0.wp.com\/inti.hr\/wp-content\/uploads\/2025\/03\/Aufbewahrungsboxen-fuer-Unterwaesche-RUS08GY-1-1.jpg?fit=1000%2C1000&ssl=1","datePublished":"2025-03-17T11:55:18+00:00","dateModified":"2025-03-17T11:55:18+00:00","description":"Zahvaljuju\u0107i ovih 8 kutija za pohranu, vi\u0161e ne morate bjesomu\u010dno prekapati po kaoti\u010dnoj ladici ili ormaru tra\u017ee\u0107i stvari koje trebate. Recite napokon zbogom kutijama niske kvalitete zahvaljuju\u0107i ovim sklopivim kutijama izra\u0111enim od pobolj\u0161anog netkanog materijala i robusnih \u0161avova; Va\u0161i grudnjaci i ga\u0107ice zaslu\u017euju bolje mjesto za pohranu. 8 organizatora ladica za donje rublje koji se lako sklapaju kada nisu u upotrebi, pru\u017eaju\u0107i na\u010din za uredno pohranjivanje va\u0161eg donjeg rublja, \u0161minke ili rukotvorina. Ovih 8 kutija od tkanine zadovoljavaju razli\u010dite potrebe: 2 sklopive kutije s 5 pretinaca (32 x 32 x 10 cm) za grudnjake, 2 kutije sa 6 pretinaca (32 x 16 x 10 cm) za \u0161alove ili donje rublje, 2 kutije s 8 pretinaca (32 x 16 x 10 cm) za kravate i 2 kutije s 24 pretinca (32 x 32 x 10 cm) za \u010darape ili druge dodatke. Zahvaljuju\u0107i uklonjivim bo\u010dnim stranicama i patentnom zatvara\u010du na dnu, mo\u017eete brzo postaviti kutije; Kada se sele, lako se mogu sklopiti i spremiti.\u00a0","breadcrumb":{"@id":"https:\/\/inti.hr\/sr\/proizvod\/kutije-za-odlaganje-donjeg-rublja\/#breadcrumb"},"inLanguage":"sr-RS","potentialAction":[{"@type":"ReadAction","target":["https:\/\/inti.hr\/sr\/proizvod\/kutije-za-odlaganje-donjeg-rublja\/"]}]},{"@type":"ImageObject","inLanguage":"sr-RS","@id":"https:\/\/inti.hr\/sr\/proizvod\/kutije-za-odlaganje-donjeg-rublja\/#primaryimage","url":"https:\/\/i0.wp.com\/inti.hr\/wp-content\/uploads\/2025\/03\/Aufbewahrungsboxen-fuer-Unterwaesche-RUS08GY-1-1.jpg?fit=1000%2C1000&ssl=1","contentUrl":"https:\/\/i0.wp.com\/inti.hr\/wp-content\/uploads\/2025\/03\/Aufbewahrungsboxen-fuer-Unterwaesche-RUS08GY-1-1.jpg?fit=1000%2C1000&ssl=1","width":1000,"height":1000,"caption":"SONGMICS Organizator za donje rublje Set od 8 komada"},{"@type":"BreadcrumbList","@id":"https:\/\/inti.hr\/sr\/proizvod\/kutije-za-odlaganje-donjeg-rublja\/#breadcrumb","itemListElement":[{"@type":"ListItem","position":1,"name":"Po\u010detna stranica","item":"https:\/\/inti.hr\/sr\/"},{"@type":"ListItem","position":2,"name":"Prodavnica","item":"https:\/\/inti.hr\/sr\/prodavnica\/"},{"@type":"ListItem","position":3,"name":"Kutije za odlaganje donjeg rublja"}]},{"@type":"WebSite","@id":"https:\/\/inti.hr\/sr\/#website","url":"https:\/\/inti.hr\/sr\/","name":"Inti","description":"trgovina","potentialAction":[{"@type":"SearchAction","target":{"@type":"EntryPoint","urlTemplate":"https:\/\/inti.hr\/sr\/?s={search_term_string}"},"query-input":{"@type":"PropertyValueSpecification","valueRequired":true,"valueName":"search_term_string"}}],"inLanguage":"sr-RS"}]}},"jetpack_sharing_enabled":true,"jetpack-related-posts":[],"_links":{"self":[{"href":"https:\/\/inti.hr\/sr\/wp-json\/wp\/v2\/product\/31437"}],"collection":[{"href":"https:\/\/inti.hr\/sr\/wp-json\/wp\/v2\/product"}],"about":[{"href":"https:\/\/inti.hr\/sr\/wp-json\/wp\/v2\/types\/product"}],"wp:featuredmedia":[{"embeddable":true,"href":"https:\/\/inti.hr\/sr\/wp-json\/wp\/v2\/media\/31438"}],"wp:attachment":[{"href":"https:\/\/inti.hr\/sr\/wp-json\/wp\/v2\/media?parent=31437"}],"wp:term":[{"taxonomy":"product_cat","embeddable":true,"href":"https:\/\/inti.hr\/sr\/wp-json\/wp\/v2\/product_cat?post=31437"},{"taxonomy":"product_tag","embeddable":true,"href":"https:\/\/inti.hr\/sr\/wp-json\/wp\/v2\/product_tag?post=31437"}],"curies":[{"name":"wp","href":"https:\/\/api.w.org\/{rel}","templated":true}]}}