{"id":31459,"date":"2025-03-13T16:40:14","date_gmt":"2025-03-13T15:40:14","guid":{"rendered":"https:\/\/inti.hr\/product\/wingback-chair-stolica-za-opustanje-s-metalnim-okvirom\/"},"modified":"2025-03-13T16:40:14","modified_gmt":"2025-03-13T15:40:14","slug":"wingback-chair-stolica-za-opustanje-s-metalnim-okvirom","status":"publish","type":"product","link":"https:\/\/inti.hr\/sr\/proizvod\/wingback-chair-stolica-za-opustanje-s-metalnim-okvirom\/","title":{"rendered":"Wingback Chair stolica za opu\u0161tanje s metalnim okvirom"},"content":{"rendered":"<p>Tehni\u010dki podaci<br \/>\nMaterijal: Fini lan + pjena + \u017eeljezo<br \/>\nBoja: be\u017e\/tamno siva<br \/>\nUkupne dimenzije: 71 x 85 x 70 cm (\u0160 x V x D)<br \/>\nDimenzije sjedala: 45 x 41 cm (\u0160 x D)<br \/>\nVisina sjedala (uklju\u010duju\u0107i debljinu sjedala): 46 cm<br \/>\nNeto\/bruto te\u017eina: cca 10,45\/12 kg<br \/>\nMaksimalna nosivost: 150 kg<\/p>\n","protected":false},"excerpt":{"rendered":"<p>ERGONOMSKI STOLAC: \u0160iroki naslon stolice na razvla\u010denje blago je nagnut unatrag &#8230; <\/p>\n","protected":false},"featured_media":31460,"template":"","meta":[],"product_cat":[2421],"product_tag":[2448,2971],"yoast_head":"<!-- This site is optimized with the Yoast SEO plugin v23.7 - https:\/\/yoast.com\/wordpress\/plugins\/seo\/ -->\n<title>Wingback Chair stolica za opu\u0161tanje s metalnim okvirom - Inti<\/title>\n<meta name=\"description\" content=\"ERGONOMSKI STOLAC: \u0160iroki naslon stolice na razvla\u010denje blago je nagnut unatrag kako bi se opustili le\u0111ni mi\u0161i\u0107i i sprije\u010dio umor; \u0160iri nasloni za ruke mogu savr\u0161eno poduprijeti ruke i opustiti ramena. Zaobljena krivulja stolice nudi potpunu udobnost, omogu\u0107uju\u0107i vam da se potpuno opustite i opustite nakon napornog dana na poslu ili u\u010denju.VISOKO KVALITETNI MATERIJALI: Sjedalo i naslon le\u017ealjke ispunjeni su visokoelasti\u010dnom, vi\u0161eslojnom pjenom, tako da mo\u017eete dugo sjediti za odmor i \u010ditati bez osje\u0107aja nelagode; Povr\u0161ina tapeciranog stolca prekrivena je lanenom tkaninom koja nije samo mekana i ugodna za ko\u017eu, ve\u0107 je i prozra\u010dna i ventilirana.POBOLJ\u0160ANA STABILNOST I IZDR\u017dLJIVOST: Kau\u010d-stolicu podupire zadebljani metalni okvir, \u0161to je \u010dini stabilnom, izdr\u017eljivom i mo\u017ee izdr\u017eati do 150 kg. Baza je jedinstveno dizajnirana u obliku slova X, \u0161to pove\u0107ava stabilnost dok ima lagani umjetni\u010dki smisao, jednostavno i profinjeno.SVESTRANA PRIMJENA: Na\u0161a fotelja je mekih linija, elegantnog i modernog izgleda, mo\u017ee se kombinirati s razli\u010ditim stilovima interijera. Ova udobna fotelja mo\u017ee se savr\u0161eno uklopiti u radnu sobu, spava\u0107u sobu, dnevni boravak i druge prostorije.LAGANO ZA SASTAVLJANJE: Upute su jednostavne i lako razumljive, \u010dine\u0107i sastavljanje TV stolice lakim \u010dak i za neiskusne korisnike.\" \/>\n<meta name=\"robots\" content=\"index, follow, max-snippet:-1, max-image-preview:large, max-video-preview:-1\" \/>\n<link rel=\"canonical\" href=\"https:\/\/inti.hr\/sr\/proizvod\/wingback-chair-stolica-za-opustanje-s-metalnim-okvirom\/\" \/>\n<meta property=\"og:locale\" content=\"sr_RS\" \/>\n<meta property=\"og:type\" content=\"article\" \/>\n<meta property=\"og:title\" content=\"Wingback Chair stolica za opu\u0161tanje s metalnim okvirom - Inti\" \/>\n<meta property=\"og:description\" content=\"ERGONOMSKI STOLAC: \u0160iroki naslon stolice na razvla\u010denje blago je nagnut unatrag kako bi se opustili le\u0111ni mi\u0161i\u0107i i sprije\u010dio umor; \u0160iri nasloni za ruke mogu savr\u0161eno poduprijeti ruke i opustiti ramena. Zaobljena krivulja stolice nudi potpunu udobnost, omogu\u0107uju\u0107i vam da se potpuno opustite i opustite nakon napornog dana na poslu ili u\u010denju.VISOKO KVALITETNI MATERIJALI: Sjedalo i naslon le\u017ealjke ispunjeni su visokoelasti\u010dnom, vi\u0161eslojnom pjenom, tako da mo\u017eete dugo sjediti za odmor i \u010ditati bez osje\u0107aja nelagode; Povr\u0161ina tapeciranog stolca prekrivena je lanenom tkaninom koja nije samo mekana i ugodna za ko\u017eu, ve\u0107 je i prozra\u010dna i ventilirana.POBOLJ\u0160ANA STABILNOST I IZDR\u017dLJIVOST: Kau\u010d-stolicu podupire zadebljani metalni okvir, \u0161to je \u010dini stabilnom, izdr\u017eljivom i mo\u017ee izdr\u017eati do 150 kg. Baza je jedinstveno dizajnirana u obliku slova X, \u0161to pove\u0107ava stabilnost dok ima lagani umjetni\u010dki smisao, jednostavno i profinjeno.SVESTRANA PRIMJENA: Na\u0161a fotelja je mekih linija, elegantnog i modernog izgleda, mo\u017ee se kombinirati s razli\u010ditim stilovima interijera. Ova udobna fotelja mo\u017ee se savr\u0161eno uklopiti u radnu sobu, spava\u0107u sobu, dnevni boravak i druge prostorije.LAGANO ZA SASTAVLJANJE: Upute su jednostavne i lako razumljive, \u010dine\u0107i sastavljanje TV stolice lakim \u010dak i za neiskusne korisnike.\" \/>\n<meta property=\"og:url\" content=\"https:\/\/inti.hr\/sr\/proizvod\/wingback-chair-stolica-za-opustanje-s-metalnim-okvirom\/\" \/>\n<meta property=\"og:site_name\" content=\"Inti\" \/>\n<meta property=\"og:image\" content=\"https:\/\/i0.wp.com\/inti.hr\/wp-content\/uploads\/2025\/03\/Ohrensessel-Relaxsessel-mit-Metallrahmen-Sessel-bis-150-kg-aus-Leinen-W0ATT0959-Beige4_600x600-1.jpg?fit=600%2C600&ssl=1\" \/>\n\t<meta property=\"og:image:width\" content=\"600\" \/>\n\t<meta property=\"og:image:height\" content=\"600\" \/>\n\t<meta property=\"og:image:type\" content=\"image\/jpeg\" \/>\n<meta name=\"twitter:card\" content=\"summary_large_image\" \/>\n<script type=\"application\/ld+json\" class=\"yoast-schema-graph\">{\"@context\":\"https:\/\/schema.org\",\"@graph\":[{\"@type\":\"WebPage\",\"@id\":\"https:\/\/inti.hr\/sr\/proizvod\/wingback-chair-stolica-za-opustanje-s-metalnim-okvirom\/\",\"url\":\"https:\/\/inti.hr\/sr\/proizvod\/wingback-chair-stolica-za-opustanje-s-metalnim-okvirom\/\",\"name\":\"Wingback Chair stolica za opu\u0161tanje s metalnim okvirom - Inti\",\"isPartOf\":{\"@id\":\"https:\/\/inti.hr\/sr\/#website\"},\"primaryImageOfPage\":{\"@id\":\"https:\/\/inti.hr\/sr\/proizvod\/wingback-chair-stolica-za-opustanje-s-metalnim-okvirom\/#primaryimage\"},\"image\":{\"@id\":\"https:\/\/inti.hr\/sr\/proizvod\/wingback-chair-stolica-za-opustanje-s-metalnim-okvirom\/#primaryimage\"},\"thumbnailUrl\":\"https:\/\/i0.wp.com\/inti.hr\/wp-content\/uploads\/2025\/03\/Ohrensessel-Relaxsessel-mit-Metallrahmen-Sessel-bis-150-kg-aus-Leinen-W0ATT0959-Beige4_600x600-1.jpg?fit=600%2C600&ssl=1\",\"datePublished\":\"2025-03-13T15:40:14+00:00\",\"dateModified\":\"2025-03-13T15:40:14+00:00\",\"description\":\"ERGONOMSKI STOLAC: \u0160iroki naslon stolice na razvla\u010denje blago je nagnut unatrag kako bi se opustili le\u0111ni mi\u0161i\u0107i i sprije\u010dio umor; \u0160iri nasloni za ruke mogu savr\u0161eno poduprijeti ruke i opustiti ramena. Zaobljena krivulja stolice nudi potpunu udobnost, omogu\u0107uju\u0107i vam da se potpuno opustite i opustite nakon napornog dana na poslu ili u\u010denju.VISOKO KVALITETNI MATERIJALI: Sjedalo i naslon le\u017ealjke ispunjeni su visokoelasti\u010dnom, vi\u0161eslojnom pjenom, tako da mo\u017eete dugo sjediti za odmor i \u010ditati bez osje\u0107aja nelagode; Povr\u0161ina tapeciranog stolca prekrivena je lanenom tkaninom koja nije samo mekana i ugodna za ko\u017eu, ve\u0107 je i prozra\u010dna i ventilirana.POBOLJ\u0160ANA STABILNOST I IZDR\u017dLJIVOST: Kau\u010d-stolicu podupire zadebljani metalni okvir, \u0161to je \u010dini stabilnom, izdr\u017eljivom i mo\u017ee izdr\u017eati do 150 kg. Baza je jedinstveno dizajnirana u obliku slova X, \u0161to pove\u0107ava stabilnost dok ima lagani umjetni\u010dki smisao, jednostavno i profinjeno.SVESTRANA PRIMJENA: Na\u0161a fotelja je mekih linija, elegantnog i modernog izgleda, mo\u017ee se kombinirati s razli\u010ditim stilovima interijera. Ova udobna fotelja mo\u017ee se savr\u0161eno uklopiti u radnu sobu, spava\u0107u sobu, dnevni boravak i druge prostorije.LAGANO ZA SASTAVLJANJE: Upute su jednostavne i lako razumljive, \u010dine\u0107i sastavljanje TV stolice lakim \u010dak i za neiskusne korisnike.\",\"breadcrumb\":{\"@id\":\"https:\/\/inti.hr\/sr\/proizvod\/wingback-chair-stolica-za-opustanje-s-metalnim-okvirom\/#breadcrumb\"},\"inLanguage\":\"sr-RS\",\"potentialAction\":[{\"@type\":\"ReadAction\",\"target\":[\"https:\/\/inti.hr\/sr\/proizvod\/wingback-chair-stolica-za-opustanje-s-metalnim-okvirom\/\"]}]},{\"@type\":\"ImageObject\",\"inLanguage\":\"sr-RS\",\"@id\":\"https:\/\/inti.hr\/sr\/proizvod\/wingback-chair-stolica-za-opustanje-s-metalnim-okvirom\/#primaryimage\",\"url\":\"https:\/\/i0.wp.com\/inti.hr\/wp-content\/uploads\/2025\/03\/Ohrensessel-Relaxsessel-mit-Metallrahmen-Sessel-bis-150-kg-aus-Leinen-W0ATT0959-Beige4_600x600-1.jpg?fit=600%2C600&ssl=1\",\"contentUrl\":\"https:\/\/i0.wp.com\/inti.hr\/wp-content\/uploads\/2025\/03\/Ohrensessel-Relaxsessel-mit-Metallrahmen-Sessel-bis-150-kg-aus-Leinen-W0ATT0959-Beige4_600x600-1.jpg?fit=600%2C600&ssl=1\",\"width\":600,\"height\":600,\"caption\":\"WOLTU Wingback Chair, stolica za opu\u0161tanje s metalnim okvirom, do 150 kg, od platna be\u017e\"},{\"@type\":\"BreadcrumbList\",\"@id\":\"https:\/\/inti.hr\/sr\/proizvod\/wingback-chair-stolica-za-opustanje-s-metalnim-okvirom\/#breadcrumb\",\"itemListElement\":[{\"@type\":\"ListItem\",\"position\":1,\"name\":\"Po\u010detna stranica\",\"item\":\"https:\/\/inti.hr\/sr\/\"},{\"@type\":\"ListItem\",\"position\":2,\"name\":\"Prodavnica\",\"item\":\"https:\/\/inti.hr\/sr\/prodavnica\/\"},{\"@type\":\"ListItem\",\"position\":3,\"name\":\"Wingback Chair stolica za opu\u0161tanje s metalnim okvirom\"}]},{\"@type\":\"WebSite\",\"@id\":\"https:\/\/inti.hr\/sr\/#website\",\"url\":\"https:\/\/inti.hr\/sr\/\",\"name\":\"Inti\",\"description\":\"trgovina\",\"potentialAction\":[{\"@type\":\"SearchAction\",\"target\":{\"@type\":\"EntryPoint\",\"urlTemplate\":\"https:\/\/inti.hr\/sr\/?s={search_term_string}\"},\"query-input\":{\"@type\":\"PropertyValueSpecification\",\"valueRequired\":true,\"valueName\":\"search_term_string\"}}],\"inLanguage\":\"sr-RS\"}]}<\/script>\n<!-- \/ Yoast SEO plugin. -->","yoast_head_json":{"title":"Wingback Chair stolica za opu\u0161tanje s metalnim okvirom - Inti","description":"ERGONOMSKI STOLAC: \u0160iroki naslon stolice na razvla\u010denje blago je nagnut unatrag kako bi se opustili le\u0111ni mi\u0161i\u0107i i sprije\u010dio umor; \u0160iri nasloni za ruke mogu savr\u0161eno poduprijeti ruke i opustiti ramena. Zaobljena krivulja stolice nudi potpunu udobnost, omogu\u0107uju\u0107i vam da se potpuno opustite i opustite nakon napornog dana na poslu ili u\u010denju.VISOKO KVALITETNI MATERIJALI: Sjedalo i naslon le\u017ealjke ispunjeni su visokoelasti\u010dnom, vi\u0161eslojnom pjenom, tako da mo\u017eete dugo sjediti za odmor i \u010ditati bez osje\u0107aja nelagode; Povr\u0161ina tapeciranog stolca prekrivena je lanenom tkaninom koja nije samo mekana i ugodna za ko\u017eu, ve\u0107 je i prozra\u010dna i ventilirana.POBOLJ\u0160ANA STABILNOST I IZDR\u017dLJIVOST: Kau\u010d-stolicu podupire zadebljani metalni okvir, \u0161to je \u010dini stabilnom, izdr\u017eljivom i mo\u017ee izdr\u017eati do 150 kg. Baza je jedinstveno dizajnirana u obliku slova X, \u0161to pove\u0107ava stabilnost dok ima lagani umjetni\u010dki smisao, jednostavno i profinjeno.SVESTRANA PRIMJENA: Na\u0161a fotelja je mekih linija, elegantnog i modernog izgleda, mo\u017ee se kombinirati s razli\u010ditim stilovima interijera. Ova udobna fotelja mo\u017ee se savr\u0161eno uklopiti u radnu sobu, spava\u0107u sobu, dnevni boravak i druge prostorije.LAGANO ZA SASTAVLJANJE: Upute su jednostavne i lako razumljive, \u010dine\u0107i sastavljanje TV stolice lakim \u010dak i za neiskusne korisnike.","robots":{"index":"index","follow":"follow","max-snippet":"max-snippet:-1","max-image-preview":"max-image-preview:large","max-video-preview":"max-video-preview:-1"},"canonical":"https:\/\/inti.hr\/sr\/proizvod\/wingback-chair-stolica-za-opustanje-s-metalnim-okvirom\/","og_locale":"sr_RS","og_type":"article","og_title":"Wingback Chair stolica za opu\u0161tanje s metalnim okvirom - Inti","og_description":"ERGONOMSKI STOLAC: \u0160iroki naslon stolice na razvla\u010denje blago je nagnut unatrag kako bi se opustili le\u0111ni mi\u0161i\u0107i i sprije\u010dio umor; \u0160iri nasloni za ruke mogu savr\u0161eno poduprijeti ruke i opustiti ramena. Zaobljena krivulja stolice nudi potpunu udobnost, omogu\u0107uju\u0107i vam da se potpuno opustite i opustite nakon napornog dana na poslu ili u\u010denju.VISOKO KVALITETNI MATERIJALI: Sjedalo i naslon le\u017ealjke ispunjeni su visokoelasti\u010dnom, vi\u0161eslojnom pjenom, tako da mo\u017eete dugo sjediti za odmor i \u010ditati bez osje\u0107aja nelagode; Povr\u0161ina tapeciranog stolca prekrivena je lanenom tkaninom koja nije samo mekana i ugodna za ko\u017eu, ve\u0107 je i prozra\u010dna i ventilirana.POBOLJ\u0160ANA STABILNOST I IZDR\u017dLJIVOST: Kau\u010d-stolicu podupire zadebljani metalni okvir, \u0161to je \u010dini stabilnom, izdr\u017eljivom i mo\u017ee izdr\u017eati do 150 kg. Baza je jedinstveno dizajnirana u obliku slova X, \u0161to pove\u0107ava stabilnost dok ima lagani umjetni\u010dki smisao, jednostavno i profinjeno.SVESTRANA PRIMJENA: Na\u0161a fotelja je mekih linija, elegantnog i modernog izgleda, mo\u017ee se kombinirati s razli\u010ditim stilovima interijera. Ova udobna fotelja mo\u017ee se savr\u0161eno uklopiti u radnu sobu, spava\u0107u sobu, dnevni boravak i druge prostorije.LAGANO ZA SASTAVLJANJE: Upute su jednostavne i lako razumljive, \u010dine\u0107i sastavljanje TV stolice lakim \u010dak i za neiskusne korisnike.","og_url":"https:\/\/inti.hr\/sr\/proizvod\/wingback-chair-stolica-za-opustanje-s-metalnim-okvirom\/","og_site_name":"Inti","og_image":[{"width":600,"height":600,"url":"https:\/\/i0.wp.com\/inti.hr\/wp-content\/uploads\/2025\/03\/Ohrensessel-Relaxsessel-mit-Metallrahmen-Sessel-bis-150-kg-aus-Leinen-W0ATT0959-Beige4_600x600-1.jpg?fit=600%2C600&ssl=1","type":"image\/jpeg"}],"twitter_card":"summary_large_image","schema":{"@context":"https:\/\/schema.org","@graph":[{"@type":"WebPage","@id":"https:\/\/inti.hr\/sr\/proizvod\/wingback-chair-stolica-za-opustanje-s-metalnim-okvirom\/","url":"https:\/\/inti.hr\/sr\/proizvod\/wingback-chair-stolica-za-opustanje-s-metalnim-okvirom\/","name":"Wingback Chair stolica za opu\u0161tanje s metalnim okvirom - Inti","isPartOf":{"@id":"https:\/\/inti.hr\/sr\/#website"},"primaryImageOfPage":{"@id":"https:\/\/inti.hr\/sr\/proizvod\/wingback-chair-stolica-za-opustanje-s-metalnim-okvirom\/#primaryimage"},"image":{"@id":"https:\/\/inti.hr\/sr\/proizvod\/wingback-chair-stolica-za-opustanje-s-metalnim-okvirom\/#primaryimage"},"thumbnailUrl":"https:\/\/i0.wp.com\/inti.hr\/wp-content\/uploads\/2025\/03\/Ohrensessel-Relaxsessel-mit-Metallrahmen-Sessel-bis-150-kg-aus-Leinen-W0ATT0959-Beige4_600x600-1.jpg?fit=600%2C600&ssl=1","datePublished":"2025-03-13T15:40:14+00:00","dateModified":"2025-03-13T15:40:14+00:00","description":"ERGONOMSKI STOLAC: \u0160iroki naslon stolice na razvla\u010denje blago je nagnut unatrag kako bi se opustili le\u0111ni mi\u0161i\u0107i i sprije\u010dio umor; \u0160iri nasloni za ruke mogu savr\u0161eno poduprijeti ruke i opustiti ramena. Zaobljena krivulja stolice nudi potpunu udobnost, omogu\u0107uju\u0107i vam da se potpuno opustite i opustite nakon napornog dana na poslu ili u\u010denju.VISOKO KVALITETNI MATERIJALI: Sjedalo i naslon le\u017ealjke ispunjeni su visokoelasti\u010dnom, vi\u0161eslojnom pjenom, tako da mo\u017eete dugo sjediti za odmor i \u010ditati bez osje\u0107aja nelagode; Povr\u0161ina tapeciranog stolca prekrivena je lanenom tkaninom koja nije samo mekana i ugodna za ko\u017eu, ve\u0107 je i prozra\u010dna i ventilirana.POBOLJ\u0160ANA STABILNOST I IZDR\u017dLJIVOST: Kau\u010d-stolicu podupire zadebljani metalni okvir, \u0161to je \u010dini stabilnom, izdr\u017eljivom i mo\u017ee izdr\u017eati do 150 kg. Baza je jedinstveno dizajnirana u obliku slova X, \u0161to pove\u0107ava stabilnost dok ima lagani umjetni\u010dki smisao, jednostavno i profinjeno.SVESTRANA PRIMJENA: Na\u0161a fotelja je mekih linija, elegantnog i modernog izgleda, mo\u017ee se kombinirati s razli\u010ditim stilovima interijera. Ova udobna fotelja mo\u017ee se savr\u0161eno uklopiti u radnu sobu, spava\u0107u sobu, dnevni boravak i druge prostorije.LAGANO ZA SASTAVLJANJE: Upute su jednostavne i lako razumljive, \u010dine\u0107i sastavljanje TV stolice lakim \u010dak i za neiskusne korisnike.","breadcrumb":{"@id":"https:\/\/inti.hr\/sr\/proizvod\/wingback-chair-stolica-za-opustanje-s-metalnim-okvirom\/#breadcrumb"},"inLanguage":"sr-RS","potentialAction":[{"@type":"ReadAction","target":["https:\/\/inti.hr\/sr\/proizvod\/wingback-chair-stolica-za-opustanje-s-metalnim-okvirom\/"]}]},{"@type":"ImageObject","inLanguage":"sr-RS","@id":"https:\/\/inti.hr\/sr\/proizvod\/wingback-chair-stolica-za-opustanje-s-metalnim-okvirom\/#primaryimage","url":"https:\/\/i0.wp.com\/inti.hr\/wp-content\/uploads\/2025\/03\/Ohrensessel-Relaxsessel-mit-Metallrahmen-Sessel-bis-150-kg-aus-Leinen-W0ATT0959-Beige4_600x600-1.jpg?fit=600%2C600&ssl=1","contentUrl":"https:\/\/i0.wp.com\/inti.hr\/wp-content\/uploads\/2025\/03\/Ohrensessel-Relaxsessel-mit-Metallrahmen-Sessel-bis-150-kg-aus-Leinen-W0ATT0959-Beige4_600x600-1.jpg?fit=600%2C600&ssl=1","width":600,"height":600,"caption":"WOLTU Wingback Chair, stolica za opu\u0161tanje s metalnim okvirom, do 150 kg, od platna be\u017e"},{"@type":"BreadcrumbList","@id":"https:\/\/inti.hr\/sr\/proizvod\/wingback-chair-stolica-za-opustanje-s-metalnim-okvirom\/#breadcrumb","itemListElement":[{"@type":"ListItem","position":1,"name":"Po\u010detna stranica","item":"https:\/\/inti.hr\/sr\/"},{"@type":"ListItem","position":2,"name":"Prodavnica","item":"https:\/\/inti.hr\/sr\/prodavnica\/"},{"@type":"ListItem","position":3,"name":"Wingback Chair stolica za opu\u0161tanje s metalnim okvirom"}]},{"@type":"WebSite","@id":"https:\/\/inti.hr\/sr\/#website","url":"https:\/\/inti.hr\/sr\/","name":"Inti","description":"trgovina","potentialAction":[{"@type":"SearchAction","target":{"@type":"EntryPoint","urlTemplate":"https:\/\/inti.hr\/sr\/?s={search_term_string}"},"query-input":{"@type":"PropertyValueSpecification","valueRequired":true,"valueName":"search_term_string"}}],"inLanguage":"sr-RS"}]}},"jetpack_sharing_enabled":true,"jetpack-related-posts":[],"_links":{"self":[{"href":"https:\/\/inti.hr\/sr\/wp-json\/wp\/v2\/product\/31459"}],"collection":[{"href":"https:\/\/inti.hr\/sr\/wp-json\/wp\/v2\/product"}],"about":[{"href":"https:\/\/inti.hr\/sr\/wp-json\/wp\/v2\/types\/product"}],"wp:featuredmedia":[{"embeddable":true,"href":"https:\/\/inti.hr\/sr\/wp-json\/wp\/v2\/media\/31460"}],"wp:attachment":[{"href":"https:\/\/inti.hr\/sr\/wp-json\/wp\/v2\/media?parent=31459"}],"wp:term":[{"taxonomy":"product_cat","embeddable":true,"href":"https:\/\/inti.hr\/sr\/wp-json\/wp\/v2\/product_cat?post=31459"},{"taxonomy":"product_tag","embeddable":true,"href":"https:\/\/inti.hr\/sr\/wp-json\/wp\/v2\/product_tag?post=31459"}],"curies":[{"name":"wp","href":"https:\/\/api.w.org\/{rel}","templated":true}]}}