{"id":31469,"date":"2025-03-04T14:32:03","date_gmt":"2025-03-04T13:32:03","guid":{"rendered":"https:\/\/inti.hr\/product\/kolica-koja-stede-prostor-50x32x86cm\/"},"modified":"2025-03-04T14:32:03","modified_gmt":"2025-03-04T13:32:03","slug":"kolica-koja-stede-prostor-50x32x86cm","status":"publish","type":"product","link":"https:\/\/inti.hr\/sr\/proizvod\/kolica-koja-stede-prostor-50x32x86cm\/","title":{"rendered":"Kolica koja \u0161tede prostor 50x32x86cm"},"content":{"rendered":"<p>Detalji proizvoda:<\/p>\n<p>Te\u017eina: cca 9,6 kg; Testirano za: 30 kg.<br \/>\nMaterijal: MDF(E1), metal.<br \/>\nDimenzije proizvoda: 50x32x86 cm (vidi sliku); Dimenzije paketa: 106x46x11 cm.<br \/>\nUz okretne kota\u010de i dvije ko\u010dnice odlu\u010dujete ho\u0107e li kolica biti mobilna ili stabilna.<br \/>\nLako se sastavlja i \u010disti. Upute, vijci i \u010depovi uklju\u010deni u paket.<\/p>\n","protected":false},"excerpt":{"rendered":"<p>Neki predmeti koje ste koristili ju\u010der ve\u0107 su danas nestali i &#8230; <\/p>\n","protected":false},"featured_media":31470,"template":"","meta":[],"product_cat":[2539],"product_tag":[2975,2540],"yoast_head":"<!-- This site is optimized with the Yoast SEO plugin v23.7 - https:\/\/yoast.com\/wordpress\/plugins\/seo\/ -->\n<title>Kolica koja \u0161tede prostor 50x32x86cm - Inti<\/title>\n<meta name=\"description\" content=\"Neki predmeti koje ste koristili ju\u010der ve\u0107 su danas nestali i morate potro\u0161iti puno vremena tra\u017ee\u0107i ih? Ne brinite, ova \u0107e vam kolica pomo\u0107i da stanete na kraj ovoj dosadnoj igri skriva\u010da!S tri razine, kolica nude dovoljno mjesta za knjige, prijenosna ra\u010dunala i druge \u0161kolske ili uredske potrep\u0161tine, hranu ili pi\u0107e.Njegova 4 kota\u010da (od kojih 2 imaju ko\u010dnice) okre\u0107u se tiho i potpuno su rotiraju\u0107i. To zna\u010di da upravljanje radi glatko \u010dak iu uskim prostorima.Kolica su izra\u0111ena od \u010dvrstog i visokokvalitetnog metala i mogu stabilno nositi alate i ku\u0107anske predmete. Mo\u017eete ga jednostavno o\u010distiti vla\u017enom krpom.Vi\u0161enamjenska kolica prakti\u010dan su pomo\u0107nik za svaku sobu. Mo\u017ee se koristiti kao kolica za alat, kuhinjska kolica, kolica za poslu\u017eivanje, polica za odlaganje itd. Pogodan je za gara\u017eu, kuhinju, dnevni boravak, kupaonicu i druga mjesta kako bi va\u0161 dom bio \u010di\u0161\u0107i i udobniji.\" \/>\n<meta name=\"robots\" content=\"index, follow, max-snippet:-1, max-image-preview:large, max-video-preview:-1\" \/>\n<link rel=\"canonical\" href=\"https:\/\/inti.hr\/sr\/proizvod\/kolica-koja-stede-prostor-50x32x86cm\/\" \/>\n<meta property=\"og:locale\" content=\"sr_RS\" \/>\n<meta property=\"og:type\" content=\"article\" \/>\n<meta property=\"og:title\" content=\"Kolica koja \u0161tede prostor 50x32x86cm - Inti\" \/>\n<meta property=\"og:description\" content=\"Neki predmeti koje ste koristili ju\u010der ve\u0107 su danas nestali i morate potro\u0161iti puno vremena tra\u017ee\u0107i ih? Ne brinite, ova \u0107e vam kolica pomo\u0107i da stanete na kraj ovoj dosadnoj igri skriva\u010da!S tri razine, kolica nude dovoljno mjesta za knjige, prijenosna ra\u010dunala i druge \u0161kolske ili uredske potrep\u0161tine, hranu ili pi\u0107e.Njegova 4 kota\u010da (od kojih 2 imaju ko\u010dnice) okre\u0107u se tiho i potpuno su rotiraju\u0107i. To zna\u010di da upravljanje radi glatko \u010dak iu uskim prostorima.Kolica su izra\u0111ena od \u010dvrstog i visokokvalitetnog metala i mogu stabilno nositi alate i ku\u0107anske predmete. Mo\u017eete ga jednostavno o\u010distiti vla\u017enom krpom.Vi\u0161enamjenska kolica prakti\u010dan su pomo\u0107nik za svaku sobu. Mo\u017ee se koristiti kao kolica za alat, kuhinjska kolica, kolica za poslu\u017eivanje, polica za odlaganje itd. Pogodan je za gara\u017eu, kuhinju, dnevni boravak, kupaonicu i druga mjesta kako bi va\u0161 dom bio \u010di\u0161\u0107i i udobniji.\" \/>\n<meta property=\"og:url\" content=\"https:\/\/inti.hr\/sr\/proizvod\/kolica-koja-stede-prostor-50x32x86cm\/\" \/>\n<meta property=\"og:site_name\" content=\"Inti\" \/>\n<meta property=\"og:image\" content=\"https:\/\/i0.wp.com\/inti.hr\/wp-content\/uploads\/2025\/03\/SVW23-SCH-S001_1800x1800.webp?fit=1600%2C1600&ssl=1\" \/>\n\t<meta property=\"og:image:width\" content=\"1600\" \/>\n\t<meta property=\"og:image:height\" content=\"1600\" \/>\n\t<meta property=\"og:image:type\" content=\"image\/webp\" \/>\n<meta name=\"twitter:card\" content=\"summary_large_image\" \/>\n<script type=\"application\/ld+json\" class=\"yoast-schema-graph\">{\"@context\":\"https:\/\/schema.org\",\"@graph\":[{\"@type\":\"WebPage\",\"@id\":\"https:\/\/inti.hr\/sr\/proizvod\/kolica-koja-stede-prostor-50x32x86cm\/\",\"url\":\"https:\/\/inti.hr\/sr\/proizvod\/kolica-koja-stede-prostor-50x32x86cm\/\",\"name\":\"Kolica koja \u0161tede prostor 50x32x86cm - Inti\",\"isPartOf\":{\"@id\":\"https:\/\/inti.hr\/sr\/#website\"},\"primaryImageOfPage\":{\"@id\":\"https:\/\/inti.hr\/sr\/proizvod\/kolica-koja-stede-prostor-50x32x86cm\/#primaryimage\"},\"image\":{\"@id\":\"https:\/\/inti.hr\/sr\/proizvod\/kolica-koja-stede-prostor-50x32x86cm\/#primaryimage\"},\"thumbnailUrl\":\"https:\/\/i0.wp.com\/inti.hr\/wp-content\/uploads\/2025\/03\/SVW23-SCH-S001_1800x1800.webp?fit=1600%2C1600&ssl=1\",\"datePublished\":\"2025-03-04T13:32:03+00:00\",\"dateModified\":\"2025-03-04T13:32:03+00:00\",\"description\":\"Neki predmeti koje ste koristili ju\u010der ve\u0107 su danas nestali i morate potro\u0161iti puno vremena tra\u017ee\u0107i ih? Ne brinite, ova \u0107e vam kolica pomo\u0107i da stanete na kraj ovoj dosadnoj igri skriva\u010da!S tri razine, kolica nude dovoljno mjesta za knjige, prijenosna ra\u010dunala i druge \u0161kolske ili uredske potrep\u0161tine, hranu ili pi\u0107e.Njegova 4 kota\u010da (od kojih 2 imaju ko\u010dnice) okre\u0107u se tiho i potpuno su rotiraju\u0107i. To zna\u010di da upravljanje radi glatko \u010dak iu uskim prostorima.Kolica su izra\u0111ena od \u010dvrstog i visokokvalitetnog metala i mogu stabilno nositi alate i ku\u0107anske predmete. Mo\u017eete ga jednostavno o\u010distiti vla\u017enom krpom.Vi\u0161enamjenska kolica prakti\u010dan su pomo\u0107nik za svaku sobu. Mo\u017ee se koristiti kao kolica za alat, kuhinjska kolica, kolica za poslu\u017eivanje, polica za odlaganje itd. Pogodan je za gara\u017eu, kuhinju, dnevni boravak, kupaonicu i druga mjesta kako bi va\u0161 dom bio \u010di\u0161\u0107i i udobniji.\",\"breadcrumb\":{\"@id\":\"https:\/\/inti.hr\/sr\/proizvod\/kolica-koja-stede-prostor-50x32x86cm\/#breadcrumb\"},\"inLanguage\":\"sr-RS\",\"potentialAction\":[{\"@type\":\"ReadAction\",\"target\":[\"https:\/\/inti.hr\/sr\/proizvod\/kolica-koja-stede-prostor-50x32x86cm\/\"]}]},{\"@type\":\"ImageObject\",\"inLanguage\":\"sr-RS\",\"@id\":\"https:\/\/inti.hr\/sr\/proizvod\/kolica-koja-stede-prostor-50x32x86cm\/#primaryimage\",\"url\":\"https:\/\/i0.wp.com\/inti.hr\/wp-content\/uploads\/2025\/03\/SVW23-SCH-S001_1800x1800.webp?fit=1600%2C1600&ssl=1\",\"contentUrl\":\"https:\/\/i0.wp.com\/inti.hr\/wp-content\/uploads\/2025\/03\/SVW23-SCH-S001_1800x1800.webp?fit=1600%2C1600&ssl=1\",\"width\":1600,\"height\":1600},{\"@type\":\"BreadcrumbList\",\"@id\":\"https:\/\/inti.hr\/sr\/proizvod\/kolica-koja-stede-prostor-50x32x86cm\/#breadcrumb\",\"itemListElement\":[{\"@type\":\"ListItem\",\"position\":1,\"name\":\"Po\u010detna stranica\",\"item\":\"https:\/\/inti.hr\/sr\/\"},{\"@type\":\"ListItem\",\"position\":2,\"name\":\"Prodavnica\",\"item\":\"https:\/\/inti.hr\/sr\/prodavnica\/\"},{\"@type\":\"ListItem\",\"position\":3,\"name\":\"Kolica koja \u0161tede prostor 50x32x86cm\"}]},{\"@type\":\"WebSite\",\"@id\":\"https:\/\/inti.hr\/sr\/#website\",\"url\":\"https:\/\/inti.hr\/sr\/\",\"name\":\"Inti\",\"description\":\"trgovina\",\"potentialAction\":[{\"@type\":\"SearchAction\",\"target\":{\"@type\":\"EntryPoint\",\"urlTemplate\":\"https:\/\/inti.hr\/sr\/?s={search_term_string}\"},\"query-input\":{\"@type\":\"PropertyValueSpecification\",\"valueRequired\":true,\"valueName\":\"search_term_string\"}}],\"inLanguage\":\"sr-RS\"}]}<\/script>\n<!-- \/ Yoast SEO plugin. -->","yoast_head_json":{"title":"Kolica koja \u0161tede prostor 50x32x86cm - Inti","description":"Neki predmeti koje ste koristili ju\u010der ve\u0107 su danas nestali i morate potro\u0161iti puno vremena tra\u017ee\u0107i ih? Ne brinite, ova \u0107e vam kolica pomo\u0107i da stanete na kraj ovoj dosadnoj igri skriva\u010da!S tri razine, kolica nude dovoljno mjesta za knjige, prijenosna ra\u010dunala i druge \u0161kolske ili uredske potrep\u0161tine, hranu ili pi\u0107e.Njegova 4 kota\u010da (od kojih 2 imaju ko\u010dnice) okre\u0107u se tiho i potpuno su rotiraju\u0107i. To zna\u010di da upravljanje radi glatko \u010dak iu uskim prostorima.Kolica su izra\u0111ena od \u010dvrstog i visokokvalitetnog metala i mogu stabilno nositi alate i ku\u0107anske predmete. Mo\u017eete ga jednostavno o\u010distiti vla\u017enom krpom.Vi\u0161enamjenska kolica prakti\u010dan su pomo\u0107nik za svaku sobu. Mo\u017ee se koristiti kao kolica za alat, kuhinjska kolica, kolica za poslu\u017eivanje, polica za odlaganje itd. Pogodan je za gara\u017eu, kuhinju, dnevni boravak, kupaonicu i druga mjesta kako bi va\u0161 dom bio \u010di\u0161\u0107i i udobniji.","robots":{"index":"index","follow":"follow","max-snippet":"max-snippet:-1","max-image-preview":"max-image-preview:large","max-video-preview":"max-video-preview:-1"},"canonical":"https:\/\/inti.hr\/sr\/proizvod\/kolica-koja-stede-prostor-50x32x86cm\/","og_locale":"sr_RS","og_type":"article","og_title":"Kolica koja \u0161tede prostor 50x32x86cm - Inti","og_description":"Neki predmeti koje ste koristili ju\u010der ve\u0107 su danas nestali i morate potro\u0161iti puno vremena tra\u017ee\u0107i ih? Ne brinite, ova \u0107e vam kolica pomo\u0107i da stanete na kraj ovoj dosadnoj igri skriva\u010da!S tri razine, kolica nude dovoljno mjesta za knjige, prijenosna ra\u010dunala i druge \u0161kolske ili uredske potrep\u0161tine, hranu ili pi\u0107e.Njegova 4 kota\u010da (od kojih 2 imaju ko\u010dnice) okre\u0107u se tiho i potpuno su rotiraju\u0107i. To zna\u010di da upravljanje radi glatko \u010dak iu uskim prostorima.Kolica su izra\u0111ena od \u010dvrstog i visokokvalitetnog metala i mogu stabilno nositi alate i ku\u0107anske predmete. Mo\u017eete ga jednostavno o\u010distiti vla\u017enom krpom.Vi\u0161enamjenska kolica prakti\u010dan su pomo\u0107nik za svaku sobu. Mo\u017ee se koristiti kao kolica za alat, kuhinjska kolica, kolica za poslu\u017eivanje, polica za odlaganje itd. Pogodan je za gara\u017eu, kuhinju, dnevni boravak, kupaonicu i druga mjesta kako bi va\u0161 dom bio \u010di\u0161\u0107i i udobniji.","og_url":"https:\/\/inti.hr\/sr\/proizvod\/kolica-koja-stede-prostor-50x32x86cm\/","og_site_name":"Inti","og_image":[{"width":1600,"height":1600,"url":"https:\/\/i0.wp.com\/inti.hr\/wp-content\/uploads\/2025\/03\/SVW23-SCH-S001_1800x1800.webp?fit=1600%2C1600&ssl=1","type":"image\/webp"}],"twitter_card":"summary_large_image","schema":{"@context":"https:\/\/schema.org","@graph":[{"@type":"WebPage","@id":"https:\/\/inti.hr\/sr\/proizvod\/kolica-koja-stede-prostor-50x32x86cm\/","url":"https:\/\/inti.hr\/sr\/proizvod\/kolica-koja-stede-prostor-50x32x86cm\/","name":"Kolica koja \u0161tede prostor 50x32x86cm - Inti","isPartOf":{"@id":"https:\/\/inti.hr\/sr\/#website"},"primaryImageOfPage":{"@id":"https:\/\/inti.hr\/sr\/proizvod\/kolica-koja-stede-prostor-50x32x86cm\/#primaryimage"},"image":{"@id":"https:\/\/inti.hr\/sr\/proizvod\/kolica-koja-stede-prostor-50x32x86cm\/#primaryimage"},"thumbnailUrl":"https:\/\/i0.wp.com\/inti.hr\/wp-content\/uploads\/2025\/03\/SVW23-SCH-S001_1800x1800.webp?fit=1600%2C1600&ssl=1","datePublished":"2025-03-04T13:32:03+00:00","dateModified":"2025-03-04T13:32:03+00:00","description":"Neki predmeti koje ste koristili ju\u010der ve\u0107 su danas nestali i morate potro\u0161iti puno vremena tra\u017ee\u0107i ih? Ne brinite, ova \u0107e vam kolica pomo\u0107i da stanete na kraj ovoj dosadnoj igri skriva\u010da!S tri razine, kolica nude dovoljno mjesta za knjige, prijenosna ra\u010dunala i druge \u0161kolske ili uredske potrep\u0161tine, hranu ili pi\u0107e.Njegova 4 kota\u010da (od kojih 2 imaju ko\u010dnice) okre\u0107u se tiho i potpuno su rotiraju\u0107i. To zna\u010di da upravljanje radi glatko \u010dak iu uskim prostorima.Kolica su izra\u0111ena od \u010dvrstog i visokokvalitetnog metala i mogu stabilno nositi alate i ku\u0107anske predmete. Mo\u017eete ga jednostavno o\u010distiti vla\u017enom krpom.Vi\u0161enamjenska kolica prakti\u010dan su pomo\u0107nik za svaku sobu. Mo\u017ee se koristiti kao kolica za alat, kuhinjska kolica, kolica za poslu\u017eivanje, polica za odlaganje itd. Pogodan je za gara\u017eu, kuhinju, dnevni boravak, kupaonicu i druga mjesta kako bi va\u0161 dom bio \u010di\u0161\u0107i i udobniji.","breadcrumb":{"@id":"https:\/\/inti.hr\/sr\/proizvod\/kolica-koja-stede-prostor-50x32x86cm\/#breadcrumb"},"inLanguage":"sr-RS","potentialAction":[{"@type":"ReadAction","target":["https:\/\/inti.hr\/sr\/proizvod\/kolica-koja-stede-prostor-50x32x86cm\/"]}]},{"@type":"ImageObject","inLanguage":"sr-RS","@id":"https:\/\/inti.hr\/sr\/proizvod\/kolica-koja-stede-prostor-50x32x86cm\/#primaryimage","url":"https:\/\/i0.wp.com\/inti.hr\/wp-content\/uploads\/2025\/03\/SVW23-SCH-S001_1800x1800.webp?fit=1600%2C1600&ssl=1","contentUrl":"https:\/\/i0.wp.com\/inti.hr\/wp-content\/uploads\/2025\/03\/SVW23-SCH-S001_1800x1800.webp?fit=1600%2C1600&ssl=1","width":1600,"height":1600},{"@type":"BreadcrumbList","@id":"https:\/\/inti.hr\/sr\/proizvod\/kolica-koja-stede-prostor-50x32x86cm\/#breadcrumb","itemListElement":[{"@type":"ListItem","position":1,"name":"Po\u010detna stranica","item":"https:\/\/inti.hr\/sr\/"},{"@type":"ListItem","position":2,"name":"Prodavnica","item":"https:\/\/inti.hr\/sr\/prodavnica\/"},{"@type":"ListItem","position":3,"name":"Kolica koja \u0161tede prostor 50x32x86cm"}]},{"@type":"WebSite","@id":"https:\/\/inti.hr\/sr\/#website","url":"https:\/\/inti.hr\/sr\/","name":"Inti","description":"trgovina","potentialAction":[{"@type":"SearchAction","target":{"@type":"EntryPoint","urlTemplate":"https:\/\/inti.hr\/sr\/?s={search_term_string}"},"query-input":{"@type":"PropertyValueSpecification","valueRequired":true,"valueName":"search_term_string"}}],"inLanguage":"sr-RS"}]}},"jetpack_sharing_enabled":true,"jetpack-related-posts":[],"_links":{"self":[{"href":"https:\/\/inti.hr\/sr\/wp-json\/wp\/v2\/product\/31469"}],"collection":[{"href":"https:\/\/inti.hr\/sr\/wp-json\/wp\/v2\/product"}],"about":[{"href":"https:\/\/inti.hr\/sr\/wp-json\/wp\/v2\/types\/product"}],"wp:featuredmedia":[{"embeddable":true,"href":"https:\/\/inti.hr\/sr\/wp-json\/wp\/v2\/media\/31470"}],"wp:attachment":[{"href":"https:\/\/inti.hr\/sr\/wp-json\/wp\/v2\/media?parent=31469"}],"wp:term":[{"taxonomy":"product_cat","embeddable":true,"href":"https:\/\/inti.hr\/sr\/wp-json\/wp\/v2\/product_cat?post=31469"},{"taxonomy":"product_tag","embeddable":true,"href":"https:\/\/inti.hr\/sr\/wp-json\/wp\/v2\/product_tag?post=31469"}],"curies":[{"name":"wp","href":"https:\/\/api.w.org\/{rel}","templated":true}]}}