{"id":31497,"date":"2025-03-03T13:36:15","date_gmt":"2025-03-03T12:36:15","guid":{"rendered":"https:\/\/inti.hr\/product\/samostojeci-ormaric-s-drzacem-za-rolne-22x20x81cm\/"},"modified":"2025-03-03T13:36:15","modified_gmt":"2025-03-03T12:36:15","slug":"samostojeci-ormaric-s-drzacem-za-rolne-22x20x81cm","status":"publish","type":"product","link":"https:\/\/inti.hr\/sr\/proizvod\/samostojeci-ormaric-s-drzacem-za-rolne-22x20x81cm\/","title":{"rendered":"Samostoje\u0107i ormari\u0107 s dr\u017ea\u010dem za rolne 22x20x81cm"},"content":{"rendered":"<p>Detalji proizvoda:<\/p>\n<p>Te\u017eina: oko 6,2 kg<br \/>\nTestirano za: 10 kg<br \/>\nMaterijal: MDF (E1), borovina.<br \/>\nDimenzije proizvoda: 22x20x81 cm (vidi sliku)<br \/>\nDostava: u 1 paketu<br \/>\nDimenzije paketa: 76x26x11 cm<br \/>\nS uputama za monta\u017eu i vijcima, jednostavna monta\u017ea<\/p>\n","protected":false},"excerpt":{"rendered":"<p>Ovaj ormari\u0107 nadilazi jednostavno skladi\u0161tenje: kombinira diskretan dizajn i inteligentnu funkcionalnost, &#8230; <\/p>\n","protected":false},"featured_media":31498,"template":"","meta":[],"product_cat":[2396],"product_tag":[2983,2522],"yoast_head":"<!-- This site is optimized with the Yoast SEO plugin v23.7 - https:\/\/yoast.com\/wordpress\/plugins\/seo\/ -->\n<title>Samostoje\u0107i ormari\u0107 s dr\u017ea\u010dem za rolne 22x20x81cm - Inti<\/title>\n<meta name=\"description\" content=\"Ovaj ormari\u0107 nadilazi jednostavno skladi\u0161tenje: kombinira diskretan dizajn i inteligentnu funkcionalnost, optimiziraju\u0107i prostor i doprinose\u0107i opu\u0161taju\u0107em okru\u017eenju.Iza elegantnih vrata krije se veliki pretinac idealan za pohranjivanje WC \u010detki i proizvoda za \u010di\u0161\u0107enje. \u017di\u010dana brtva smanjuje mirise i odr\u017eava ujedna\u010den izgled.Uklonjivi poklopac nudi prostor za vi\u0161e rola toaletnog papira, dok tanak utor omogu\u0107uje jednostavno, higijensko uklanjanje bez petljanja.Noge od punog bora, osim \u0161to daju prirodan i elegantan dodir, jam\u010de stabilnost zahvaljuju\u0107i otpornosti na optere\u0107enje. Noge od visokokvalitetnog silikona osiguravaju protukliznu i vodoodbojnu potporu.Zahvaljuju\u0107i svom kompaktnom dizajnu, savr\u0161eno se uklapa iu najmanje prostore kupaonice.\" \/>\n<meta name=\"robots\" content=\"index, follow, max-snippet:-1, max-image-preview:large, max-video-preview:-1\" \/>\n<link rel=\"canonical\" href=\"https:\/\/inti.hr\/sr\/proizvod\/samostojeci-ormaric-s-drzacem-za-rolne-22x20x81cm\/\" \/>\n<meta property=\"og:locale\" content=\"sr_RS\" \/>\n<meta property=\"og:type\" content=\"article\" \/>\n<meta property=\"og:title\" content=\"Samostoje\u0107i ormari\u0107 s dr\u017ea\u010dem za rolne 22x20x81cm - Inti\" \/>\n<meta property=\"og:description\" content=\"Ovaj ormari\u0107 nadilazi jednostavno skladi\u0161tenje: kombinira diskretan dizajn i inteligentnu funkcionalnost, optimiziraju\u0107i prostor i doprinose\u0107i opu\u0161taju\u0107em okru\u017eenju.Iza elegantnih vrata krije se veliki pretinac idealan za pohranjivanje WC \u010detki i proizvoda za \u010di\u0161\u0107enje. \u017di\u010dana brtva smanjuje mirise i odr\u017eava ujedna\u010den izgled.Uklonjivi poklopac nudi prostor za vi\u0161e rola toaletnog papira, dok tanak utor omogu\u0107uje jednostavno, higijensko uklanjanje bez petljanja.Noge od punog bora, osim \u0161to daju prirodan i elegantan dodir, jam\u010de stabilnost zahvaljuju\u0107i otpornosti na optere\u0107enje. Noge od visokokvalitetnog silikona osiguravaju protukliznu i vodoodbojnu potporu.Zahvaljuju\u0107i svom kompaktnom dizajnu, savr\u0161eno se uklapa iu najmanje prostore kupaonice.\" \/>\n<meta property=\"og:url\" content=\"https:\/\/inti.hr\/sr\/proizvod\/samostojeci-ormaric-s-drzacem-za-rolne-22x20x81cm\/\" \/>\n<meta property=\"og:site_name\" content=\"Inti\" \/>\n<meta property=\"og:image\" content=\"https:\/\/i0.wp.com\/inti.hr\/wp-content\/uploads\/2025\/03\/BZR192-B-S001_1800x1800.webp?fit=1600%2C1600&ssl=1\" \/>\n\t<meta property=\"og:image:width\" content=\"1600\" \/>\n\t<meta property=\"og:image:height\" content=\"1600\" \/>\n\t<meta property=\"og:image:type\" content=\"image\/webp\" \/>\n<meta name=\"twitter:card\" content=\"summary_large_image\" \/>\n<script type=\"application\/ld+json\" class=\"yoast-schema-graph\">{\"@context\":\"https:\/\/schema.org\",\"@graph\":[{\"@type\":\"WebPage\",\"@id\":\"https:\/\/inti.hr\/sr\/proizvod\/samostojeci-ormaric-s-drzacem-za-rolne-22x20x81cm\/\",\"url\":\"https:\/\/inti.hr\/sr\/proizvod\/samostojeci-ormaric-s-drzacem-za-rolne-22x20x81cm\/\",\"name\":\"Samostoje\u0107i ormari\u0107 s dr\u017ea\u010dem za rolne 22x20x81cm - Inti\",\"isPartOf\":{\"@id\":\"https:\/\/inti.hr\/sr\/#website\"},\"primaryImageOfPage\":{\"@id\":\"https:\/\/inti.hr\/sr\/proizvod\/samostojeci-ormaric-s-drzacem-za-rolne-22x20x81cm\/#primaryimage\"},\"image\":{\"@id\":\"https:\/\/inti.hr\/sr\/proizvod\/samostojeci-ormaric-s-drzacem-za-rolne-22x20x81cm\/#primaryimage\"},\"thumbnailUrl\":\"https:\/\/i0.wp.com\/inti.hr\/wp-content\/uploads\/2025\/03\/BZR192-B-S001_1800x1800.webp?fit=1600%2C1600&ssl=1\",\"datePublished\":\"2025-03-03T12:36:15+00:00\",\"dateModified\":\"2025-03-03T12:36:15+00:00\",\"description\":\"Ovaj ormari\u0107 nadilazi jednostavno skladi\u0161tenje: kombinira diskretan dizajn i inteligentnu funkcionalnost, optimiziraju\u0107i prostor i doprinose\u0107i opu\u0161taju\u0107em okru\u017eenju.Iza elegantnih vrata krije se veliki pretinac idealan za pohranjivanje WC \u010detki i proizvoda za \u010di\u0161\u0107enje. \u017di\u010dana brtva smanjuje mirise i odr\u017eava ujedna\u010den izgled.Uklonjivi poklopac nudi prostor za vi\u0161e rola toaletnog papira, dok tanak utor omogu\u0107uje jednostavno, higijensko uklanjanje bez petljanja.Noge od punog bora, osim \u0161to daju prirodan i elegantan dodir, jam\u010de stabilnost zahvaljuju\u0107i otpornosti na optere\u0107enje. Noge od visokokvalitetnog silikona osiguravaju protukliznu i vodoodbojnu potporu.Zahvaljuju\u0107i svom kompaktnom dizajnu, savr\u0161eno se uklapa iu najmanje prostore kupaonice.\",\"breadcrumb\":{\"@id\":\"https:\/\/inti.hr\/sr\/proizvod\/samostojeci-ormaric-s-drzacem-za-rolne-22x20x81cm\/#breadcrumb\"},\"inLanguage\":\"sr-RS\",\"potentialAction\":[{\"@type\":\"ReadAction\",\"target\":[\"https:\/\/inti.hr\/sr\/proizvod\/samostojeci-ormaric-s-drzacem-za-rolne-22x20x81cm\/\"]}]},{\"@type\":\"ImageObject\",\"inLanguage\":\"sr-RS\",\"@id\":\"https:\/\/inti.hr\/sr\/proizvod\/samostojeci-ormaric-s-drzacem-za-rolne-22x20x81cm\/#primaryimage\",\"url\":\"https:\/\/i0.wp.com\/inti.hr\/wp-content\/uploads\/2025\/03\/BZR192-B-S001_1800x1800.webp?fit=1600%2C1600&ssl=1\",\"contentUrl\":\"https:\/\/i0.wp.com\/inti.hr\/wp-content\/uploads\/2025\/03\/BZR192-B-S001_1800x1800.webp?fit=1600%2C1600&ssl=1\",\"width\":1600,\"height\":1600,\"caption\":\"SoBuy Samostoje\u0107i ormari\u0107 s dr\u017ea\u010dem za rolne 22x20x81cm BZR192-B\"},{\"@type\":\"BreadcrumbList\",\"@id\":\"https:\/\/inti.hr\/sr\/proizvod\/samostojeci-ormaric-s-drzacem-za-rolne-22x20x81cm\/#breadcrumb\",\"itemListElement\":[{\"@type\":\"ListItem\",\"position\":1,\"name\":\"Po\u010detna stranica\",\"item\":\"https:\/\/inti.hr\/sr\/\"},{\"@type\":\"ListItem\",\"position\":2,\"name\":\"Prodavnica\",\"item\":\"https:\/\/inti.hr\/sr\/prodavnica\/\"},{\"@type\":\"ListItem\",\"position\":3,\"name\":\"Samostoje\u0107i ormari\u0107 s dr\u017ea\u010dem za rolne 22x20x81cm\"}]},{\"@type\":\"WebSite\",\"@id\":\"https:\/\/inti.hr\/sr\/#website\",\"url\":\"https:\/\/inti.hr\/sr\/\",\"name\":\"Inti\",\"description\":\"trgovina\",\"potentialAction\":[{\"@type\":\"SearchAction\",\"target\":{\"@type\":\"EntryPoint\",\"urlTemplate\":\"https:\/\/inti.hr\/sr\/?s={search_term_string}\"},\"query-input\":{\"@type\":\"PropertyValueSpecification\",\"valueRequired\":true,\"valueName\":\"search_term_string\"}}],\"inLanguage\":\"sr-RS\"}]}<\/script>\n<!-- \/ Yoast SEO plugin. -->","yoast_head_json":{"title":"Samostoje\u0107i ormari\u0107 s dr\u017ea\u010dem za rolne 22x20x81cm - Inti","description":"Ovaj ormari\u0107 nadilazi jednostavno skladi\u0161tenje: kombinira diskretan dizajn i inteligentnu funkcionalnost, optimiziraju\u0107i prostor i doprinose\u0107i opu\u0161taju\u0107em okru\u017eenju.Iza elegantnih vrata krije se veliki pretinac idealan za pohranjivanje WC \u010detki i proizvoda za \u010di\u0161\u0107enje. \u017di\u010dana brtva smanjuje mirise i odr\u017eava ujedna\u010den izgled.Uklonjivi poklopac nudi prostor za vi\u0161e rola toaletnog papira, dok tanak utor omogu\u0107uje jednostavno, higijensko uklanjanje bez petljanja.Noge od punog bora, osim \u0161to daju prirodan i elegantan dodir, jam\u010de stabilnost zahvaljuju\u0107i otpornosti na optere\u0107enje. Noge od visokokvalitetnog silikona osiguravaju protukliznu i vodoodbojnu potporu.Zahvaljuju\u0107i svom kompaktnom dizajnu, savr\u0161eno se uklapa iu najmanje prostore kupaonice.","robots":{"index":"index","follow":"follow","max-snippet":"max-snippet:-1","max-image-preview":"max-image-preview:large","max-video-preview":"max-video-preview:-1"},"canonical":"https:\/\/inti.hr\/sr\/proizvod\/samostojeci-ormaric-s-drzacem-za-rolne-22x20x81cm\/","og_locale":"sr_RS","og_type":"article","og_title":"Samostoje\u0107i ormari\u0107 s dr\u017ea\u010dem za rolne 22x20x81cm - Inti","og_description":"Ovaj ormari\u0107 nadilazi jednostavno skladi\u0161tenje: kombinira diskretan dizajn i inteligentnu funkcionalnost, optimiziraju\u0107i prostor i doprinose\u0107i opu\u0161taju\u0107em okru\u017eenju.Iza elegantnih vrata krije se veliki pretinac idealan za pohranjivanje WC \u010detki i proizvoda za \u010di\u0161\u0107enje. \u017di\u010dana brtva smanjuje mirise i odr\u017eava ujedna\u010den izgled.Uklonjivi poklopac nudi prostor za vi\u0161e rola toaletnog papira, dok tanak utor omogu\u0107uje jednostavno, higijensko uklanjanje bez petljanja.Noge od punog bora, osim \u0161to daju prirodan i elegantan dodir, jam\u010de stabilnost zahvaljuju\u0107i otpornosti na optere\u0107enje. Noge od visokokvalitetnog silikona osiguravaju protukliznu i vodoodbojnu potporu.Zahvaljuju\u0107i svom kompaktnom dizajnu, savr\u0161eno se uklapa iu najmanje prostore kupaonice.","og_url":"https:\/\/inti.hr\/sr\/proizvod\/samostojeci-ormaric-s-drzacem-za-rolne-22x20x81cm\/","og_site_name":"Inti","og_image":[{"width":1600,"height":1600,"url":"https:\/\/i0.wp.com\/inti.hr\/wp-content\/uploads\/2025\/03\/BZR192-B-S001_1800x1800.webp?fit=1600%2C1600&ssl=1","type":"image\/webp"}],"twitter_card":"summary_large_image","schema":{"@context":"https:\/\/schema.org","@graph":[{"@type":"WebPage","@id":"https:\/\/inti.hr\/sr\/proizvod\/samostojeci-ormaric-s-drzacem-za-rolne-22x20x81cm\/","url":"https:\/\/inti.hr\/sr\/proizvod\/samostojeci-ormaric-s-drzacem-za-rolne-22x20x81cm\/","name":"Samostoje\u0107i ormari\u0107 s dr\u017ea\u010dem za rolne 22x20x81cm - Inti","isPartOf":{"@id":"https:\/\/inti.hr\/sr\/#website"},"primaryImageOfPage":{"@id":"https:\/\/inti.hr\/sr\/proizvod\/samostojeci-ormaric-s-drzacem-za-rolne-22x20x81cm\/#primaryimage"},"image":{"@id":"https:\/\/inti.hr\/sr\/proizvod\/samostojeci-ormaric-s-drzacem-za-rolne-22x20x81cm\/#primaryimage"},"thumbnailUrl":"https:\/\/i0.wp.com\/inti.hr\/wp-content\/uploads\/2025\/03\/BZR192-B-S001_1800x1800.webp?fit=1600%2C1600&ssl=1","datePublished":"2025-03-03T12:36:15+00:00","dateModified":"2025-03-03T12:36:15+00:00","description":"Ovaj ormari\u0107 nadilazi jednostavno skladi\u0161tenje: kombinira diskretan dizajn i inteligentnu funkcionalnost, optimiziraju\u0107i prostor i doprinose\u0107i opu\u0161taju\u0107em okru\u017eenju.Iza elegantnih vrata krije se veliki pretinac idealan za pohranjivanje WC \u010detki i proizvoda za \u010di\u0161\u0107enje. \u017di\u010dana brtva smanjuje mirise i odr\u017eava ujedna\u010den izgled.Uklonjivi poklopac nudi prostor za vi\u0161e rola toaletnog papira, dok tanak utor omogu\u0107uje jednostavno, higijensko uklanjanje bez petljanja.Noge od punog bora, osim \u0161to daju prirodan i elegantan dodir, jam\u010de stabilnost zahvaljuju\u0107i otpornosti na optere\u0107enje. Noge od visokokvalitetnog silikona osiguravaju protukliznu i vodoodbojnu potporu.Zahvaljuju\u0107i svom kompaktnom dizajnu, savr\u0161eno se uklapa iu najmanje prostore kupaonice.","breadcrumb":{"@id":"https:\/\/inti.hr\/sr\/proizvod\/samostojeci-ormaric-s-drzacem-za-rolne-22x20x81cm\/#breadcrumb"},"inLanguage":"sr-RS","potentialAction":[{"@type":"ReadAction","target":["https:\/\/inti.hr\/sr\/proizvod\/samostojeci-ormaric-s-drzacem-za-rolne-22x20x81cm\/"]}]},{"@type":"ImageObject","inLanguage":"sr-RS","@id":"https:\/\/inti.hr\/sr\/proizvod\/samostojeci-ormaric-s-drzacem-za-rolne-22x20x81cm\/#primaryimage","url":"https:\/\/i0.wp.com\/inti.hr\/wp-content\/uploads\/2025\/03\/BZR192-B-S001_1800x1800.webp?fit=1600%2C1600&ssl=1","contentUrl":"https:\/\/i0.wp.com\/inti.hr\/wp-content\/uploads\/2025\/03\/BZR192-B-S001_1800x1800.webp?fit=1600%2C1600&ssl=1","width":1600,"height":1600,"caption":"SoBuy Samostoje\u0107i ormari\u0107 s dr\u017ea\u010dem za rolne 22x20x81cm BZR192-B"},{"@type":"BreadcrumbList","@id":"https:\/\/inti.hr\/sr\/proizvod\/samostojeci-ormaric-s-drzacem-za-rolne-22x20x81cm\/#breadcrumb","itemListElement":[{"@type":"ListItem","position":1,"name":"Po\u010detna stranica","item":"https:\/\/inti.hr\/sr\/"},{"@type":"ListItem","position":2,"name":"Prodavnica","item":"https:\/\/inti.hr\/sr\/prodavnica\/"},{"@type":"ListItem","position":3,"name":"Samostoje\u0107i ormari\u0107 s dr\u017ea\u010dem za rolne 22x20x81cm"}]},{"@type":"WebSite","@id":"https:\/\/inti.hr\/sr\/#website","url":"https:\/\/inti.hr\/sr\/","name":"Inti","description":"trgovina","potentialAction":[{"@type":"SearchAction","target":{"@type":"EntryPoint","urlTemplate":"https:\/\/inti.hr\/sr\/?s={search_term_string}"},"query-input":{"@type":"PropertyValueSpecification","valueRequired":true,"valueName":"search_term_string"}}],"inLanguage":"sr-RS"}]}},"jetpack_sharing_enabled":true,"jetpack-related-posts":[],"_links":{"self":[{"href":"https:\/\/inti.hr\/sr\/wp-json\/wp\/v2\/product\/31497"}],"collection":[{"href":"https:\/\/inti.hr\/sr\/wp-json\/wp\/v2\/product"}],"about":[{"href":"https:\/\/inti.hr\/sr\/wp-json\/wp\/v2\/types\/product"}],"wp:featuredmedia":[{"embeddable":true,"href":"https:\/\/inti.hr\/sr\/wp-json\/wp\/v2\/media\/31498"}],"wp:attachment":[{"href":"https:\/\/inti.hr\/sr\/wp-json\/wp\/v2\/media?parent=31497"}],"wp:term":[{"taxonomy":"product_cat","embeddable":true,"href":"https:\/\/inti.hr\/sr\/wp-json\/wp\/v2\/product_cat?post=31497"},{"taxonomy":"product_tag","embeddable":true,"href":"https:\/\/inti.hr\/sr\/wp-json\/wp\/v2\/product_tag?post=31497"}],"curies":[{"name":"wp","href":"https:\/\/api.w.org\/{rel}","templated":true}]}}