{"id":31517,"date":"2025-02-28T16:55:06","date_gmt":"2025-02-28T15:55:06","guid":{"rendered":"https:\/\/inti.hr\/product\/kupaonski-ormaric-50x21x86cm\/"},"modified":"2025-02-28T16:55:06","modified_gmt":"2025-02-28T15:55:06","slug":"kupaonski-ormaric-50x21x86cm","status":"publish","type":"product","link":"https:\/\/inti.hr\/sr\/proizvod\/kupaonski-ormaric-50x21x86cm\/","title":{"rendered":"Kupaonski ormari\u0107 50x21x86cm"},"content":{"rendered":"<p>Detalji proizvoda:<\/p>\n<p>Te\u017eina: oko 12 kg<br \/>\nTestirano za: 31 kg<br \/>\nMaterijal: MDF (E1), Hevea drvo<br \/>\nDimenzije proizvoda: 50x21x86 cm (vidi sliku)<br \/>\nDostava: u 1 paketu<br \/>\nDimenzije pakiranja: 95&#215;32,5&#215;12,5 cm<br \/>\nS uputama za sastavljanje i vijcima. Jednostavna instalacija.<\/p>\n","protected":false},"excerpt":{"rendered":"<p>Ovaj proizvod dolazi u pakiranju sa\u0107a koje se mo\u017ee 100% reciklirati, &#8230; <\/p>\n","protected":false},"featured_media":31518,"template":"","meta":[],"product_cat":[2396],"product_tag":[2995,2523],"yoast_head":"<!-- This site is optimized with the Yoast SEO plugin v23.7 - https:\/\/yoast.com\/wordpress\/plugins\/seo\/ -->\n<title>Kupaonski ormari\u0107 50x21x86cm - Inti<\/title>\n<meta name=\"description\" content=\"Ovaj proizvod dolazi u pakiranju sa\u0107a koje se mo\u017ee 100% reciklirati, \u0161to ga \u010dini sigurnim i pouzdanim za kori\u0161tenje. S uputama za sastavljanje i vijcima. Jednostavna instalacija.Ovaj elegantni kupaonski ormari\u0107 u bezvremenskoj bijeloj boji s plo\u010dom od prirodnog drva savr\u0161eno je rje\u0161enje za va\u0161u kupaonicu ili hodnik.S visinom od 86 cm, \u0161irinom od 50 cm i dubinom od 21 cm, nudi dovoljno prostora za pohranu na maloj povr\u0161ini.Integrirani dr\u017ea\u010d papira i dodatni pretinac za punjenje toaletnog papira osiguravaju prakti\u010dnu funkcionalnost.Iza vrata s elegantnim letvicama i visokokvalitetnom metalnom ru\u010dkom nalazi se dodatni prostor za kupaonski pribor.\u010cvrsta konstrukcija i povr\u0161ina koja se lako \u010disti \u010dine ovaj ormari\u0107 izdr\u017eljivim suputnikom u svakodnevnom \u017eivotu.Moderan komad namje\u0161taja koji savr\u0161eno spaja red i estetiku.\" \/>\n<meta name=\"robots\" content=\"index, follow, max-snippet:-1, max-image-preview:large, max-video-preview:-1\" \/>\n<link rel=\"canonical\" href=\"https:\/\/inti.hr\/sr\/proizvod\/kupaonski-ormaric-50x21x86cm\/\" \/>\n<meta property=\"og:locale\" content=\"sr_RS\" \/>\n<meta property=\"og:type\" content=\"article\" \/>\n<meta property=\"og:title\" content=\"Kupaonski ormari\u0107 50x21x86cm - Inti\" \/>\n<meta property=\"og:description\" content=\"Ovaj proizvod dolazi u pakiranju sa\u0107a koje se mo\u017ee 100% reciklirati, \u0161to ga \u010dini sigurnim i pouzdanim za kori\u0161tenje. S uputama za sastavljanje i vijcima. Jednostavna instalacija.Ovaj elegantni kupaonski ormari\u0107 u bezvremenskoj bijeloj boji s plo\u010dom od prirodnog drva savr\u0161eno je rje\u0161enje za va\u0161u kupaonicu ili hodnik.S visinom od 86 cm, \u0161irinom od 50 cm i dubinom od 21 cm, nudi dovoljno prostora za pohranu na maloj povr\u0161ini.Integrirani dr\u017ea\u010d papira i dodatni pretinac za punjenje toaletnog papira osiguravaju prakti\u010dnu funkcionalnost.Iza vrata s elegantnim letvicama i visokokvalitetnom metalnom ru\u010dkom nalazi se dodatni prostor za kupaonski pribor.\u010cvrsta konstrukcija i povr\u0161ina koja se lako \u010disti \u010dine ovaj ormari\u0107 izdr\u017eljivim suputnikom u svakodnevnom \u017eivotu.Moderan komad namje\u0161taja koji savr\u0161eno spaja red i estetiku.\" \/>\n<meta property=\"og:url\" content=\"https:\/\/inti.hr\/sr\/proizvod\/kupaonski-ormaric-50x21x86cm\/\" \/>\n<meta property=\"og:site_name\" content=\"Inti\" \/>\n<meta property=\"og:image\" content=\"https:\/\/i0.wp.com\/inti.hr\/wp-content\/uploads\/2025\/02\/BZR189-HG-Y004_860x.webp?fit=860%2C860&ssl=1\" \/>\n\t<meta property=\"og:image:width\" content=\"860\" \/>\n\t<meta property=\"og:image:height\" content=\"860\" \/>\n\t<meta property=\"og:image:type\" content=\"image\/webp\" \/>\n<meta name=\"twitter:card\" content=\"summary_large_image\" \/>\n<script type=\"application\/ld+json\" class=\"yoast-schema-graph\">{\"@context\":\"https:\/\/schema.org\",\"@graph\":[{\"@type\":\"WebPage\",\"@id\":\"https:\/\/inti.hr\/sr\/proizvod\/kupaonski-ormaric-50x21x86cm\/\",\"url\":\"https:\/\/inti.hr\/sr\/proizvod\/kupaonski-ormaric-50x21x86cm\/\",\"name\":\"Kupaonski ormari\u0107 50x21x86cm - Inti\",\"isPartOf\":{\"@id\":\"https:\/\/inti.hr\/sr\/#website\"},\"primaryImageOfPage\":{\"@id\":\"https:\/\/inti.hr\/sr\/proizvod\/kupaonski-ormaric-50x21x86cm\/#primaryimage\"},\"image\":{\"@id\":\"https:\/\/inti.hr\/sr\/proizvod\/kupaonski-ormaric-50x21x86cm\/#primaryimage\"},\"thumbnailUrl\":\"https:\/\/i0.wp.com\/inti.hr\/wp-content\/uploads\/2025\/02\/BZR189-HG-Y004_860x.webp?fit=860%2C860&ssl=1\",\"datePublished\":\"2025-02-28T15:55:06+00:00\",\"dateModified\":\"2025-02-28T15:55:06+00:00\",\"description\":\"Ovaj proizvod dolazi u pakiranju sa\u0107a koje se mo\u017ee 100% reciklirati, \u0161to ga \u010dini sigurnim i pouzdanim za kori\u0161tenje. S uputama za sastavljanje i vijcima. Jednostavna instalacija.Ovaj elegantni kupaonski ormari\u0107 u bezvremenskoj bijeloj boji s plo\u010dom od prirodnog drva savr\u0161eno je rje\u0161enje za va\u0161u kupaonicu ili hodnik.S visinom od 86 cm, \u0161irinom od 50 cm i dubinom od 21 cm, nudi dovoljno prostora za pohranu na maloj povr\u0161ini.Integrirani dr\u017ea\u010d papira i dodatni pretinac za punjenje toaletnog papira osiguravaju prakti\u010dnu funkcionalnost.Iza vrata s elegantnim letvicama i visokokvalitetnom metalnom ru\u010dkom nalazi se dodatni prostor za kupaonski pribor.\u010cvrsta konstrukcija i povr\u0161ina koja se lako \u010disti \u010dine ovaj ormari\u0107 izdr\u017eljivim suputnikom u svakodnevnom \u017eivotu.Moderan komad namje\u0161taja koji savr\u0161eno spaja red i estetiku.\",\"breadcrumb\":{\"@id\":\"https:\/\/inti.hr\/sr\/proizvod\/kupaonski-ormaric-50x21x86cm\/#breadcrumb\"},\"inLanguage\":\"sr-RS\",\"potentialAction\":[{\"@type\":\"ReadAction\",\"target\":[\"https:\/\/inti.hr\/sr\/proizvod\/kupaonski-ormaric-50x21x86cm\/\"]}]},{\"@type\":\"ImageObject\",\"inLanguage\":\"sr-RS\",\"@id\":\"https:\/\/inti.hr\/sr\/proizvod\/kupaonski-ormaric-50x21x86cm\/#primaryimage\",\"url\":\"https:\/\/i0.wp.com\/inti.hr\/wp-content\/uploads\/2025\/02\/BZR189-HG-Y004_860x.webp?fit=860%2C860&ssl=1\",\"contentUrl\":\"https:\/\/i0.wp.com\/inti.hr\/wp-content\/uploads\/2025\/02\/BZR189-HG-Y004_860x.webp?fit=860%2C860&ssl=1\",\"width\":860,\"height\":860,\"caption\":\"SoBuy Kupaonski ormari\u0107 Sivi 50x21x86cm BZR189-HG\"},{\"@type\":\"BreadcrumbList\",\"@id\":\"https:\/\/inti.hr\/sr\/proizvod\/kupaonski-ormaric-50x21x86cm\/#breadcrumb\",\"itemListElement\":[{\"@type\":\"ListItem\",\"position\":1,\"name\":\"Po\u010detna stranica\",\"item\":\"https:\/\/inti.hr\/sr\/\"},{\"@type\":\"ListItem\",\"position\":2,\"name\":\"Prodavnica\",\"item\":\"https:\/\/inti.hr\/sr\/prodavnica\/\"},{\"@type\":\"ListItem\",\"position\":3,\"name\":\"Kupaonski ormari\u0107 50x21x86cm\"}]},{\"@type\":\"WebSite\",\"@id\":\"https:\/\/inti.hr\/sr\/#website\",\"url\":\"https:\/\/inti.hr\/sr\/\",\"name\":\"Inti\",\"description\":\"trgovina\",\"potentialAction\":[{\"@type\":\"SearchAction\",\"target\":{\"@type\":\"EntryPoint\",\"urlTemplate\":\"https:\/\/inti.hr\/sr\/?s={search_term_string}\"},\"query-input\":{\"@type\":\"PropertyValueSpecification\",\"valueRequired\":true,\"valueName\":\"search_term_string\"}}],\"inLanguage\":\"sr-RS\"}]}<\/script>\n<!-- \/ Yoast SEO plugin. -->","yoast_head_json":{"title":"Kupaonski ormari\u0107 50x21x86cm - Inti","description":"Ovaj proizvod dolazi u pakiranju sa\u0107a koje se mo\u017ee 100% reciklirati, \u0161to ga \u010dini sigurnim i pouzdanim za kori\u0161tenje. S uputama za sastavljanje i vijcima. Jednostavna instalacija.Ovaj elegantni kupaonski ormari\u0107 u bezvremenskoj bijeloj boji s plo\u010dom od prirodnog drva savr\u0161eno je rje\u0161enje za va\u0161u kupaonicu ili hodnik.S visinom od 86 cm, \u0161irinom od 50 cm i dubinom od 21 cm, nudi dovoljno prostora za pohranu na maloj povr\u0161ini.Integrirani dr\u017ea\u010d papira i dodatni pretinac za punjenje toaletnog papira osiguravaju prakti\u010dnu funkcionalnost.Iza vrata s elegantnim letvicama i visokokvalitetnom metalnom ru\u010dkom nalazi se dodatni prostor za kupaonski pribor.\u010cvrsta konstrukcija i povr\u0161ina koja se lako \u010disti \u010dine ovaj ormari\u0107 izdr\u017eljivim suputnikom u svakodnevnom \u017eivotu.Moderan komad namje\u0161taja koji savr\u0161eno spaja red i estetiku.","robots":{"index":"index","follow":"follow","max-snippet":"max-snippet:-1","max-image-preview":"max-image-preview:large","max-video-preview":"max-video-preview:-1"},"canonical":"https:\/\/inti.hr\/sr\/proizvod\/kupaonski-ormaric-50x21x86cm\/","og_locale":"sr_RS","og_type":"article","og_title":"Kupaonski ormari\u0107 50x21x86cm - Inti","og_description":"Ovaj proizvod dolazi u pakiranju sa\u0107a koje se mo\u017ee 100% reciklirati, \u0161to ga \u010dini sigurnim i pouzdanim za kori\u0161tenje. S uputama za sastavljanje i vijcima. Jednostavna instalacija.Ovaj elegantni kupaonski ormari\u0107 u bezvremenskoj bijeloj boji s plo\u010dom od prirodnog drva savr\u0161eno je rje\u0161enje za va\u0161u kupaonicu ili hodnik.S visinom od 86 cm, \u0161irinom od 50 cm i dubinom od 21 cm, nudi dovoljno prostora za pohranu na maloj povr\u0161ini.Integrirani dr\u017ea\u010d papira i dodatni pretinac za punjenje toaletnog papira osiguravaju prakti\u010dnu funkcionalnost.Iza vrata s elegantnim letvicama i visokokvalitetnom metalnom ru\u010dkom nalazi se dodatni prostor za kupaonski pribor.\u010cvrsta konstrukcija i povr\u0161ina koja se lako \u010disti \u010dine ovaj ormari\u0107 izdr\u017eljivim suputnikom u svakodnevnom \u017eivotu.Moderan komad namje\u0161taja koji savr\u0161eno spaja red i estetiku.","og_url":"https:\/\/inti.hr\/sr\/proizvod\/kupaonski-ormaric-50x21x86cm\/","og_site_name":"Inti","og_image":[{"width":860,"height":860,"url":"https:\/\/i0.wp.com\/inti.hr\/wp-content\/uploads\/2025\/02\/BZR189-HG-Y004_860x.webp?fit=860%2C860&ssl=1","type":"image\/webp"}],"twitter_card":"summary_large_image","schema":{"@context":"https:\/\/schema.org","@graph":[{"@type":"WebPage","@id":"https:\/\/inti.hr\/sr\/proizvod\/kupaonski-ormaric-50x21x86cm\/","url":"https:\/\/inti.hr\/sr\/proizvod\/kupaonski-ormaric-50x21x86cm\/","name":"Kupaonski ormari\u0107 50x21x86cm - Inti","isPartOf":{"@id":"https:\/\/inti.hr\/sr\/#website"},"primaryImageOfPage":{"@id":"https:\/\/inti.hr\/sr\/proizvod\/kupaonski-ormaric-50x21x86cm\/#primaryimage"},"image":{"@id":"https:\/\/inti.hr\/sr\/proizvod\/kupaonski-ormaric-50x21x86cm\/#primaryimage"},"thumbnailUrl":"https:\/\/i0.wp.com\/inti.hr\/wp-content\/uploads\/2025\/02\/BZR189-HG-Y004_860x.webp?fit=860%2C860&ssl=1","datePublished":"2025-02-28T15:55:06+00:00","dateModified":"2025-02-28T15:55:06+00:00","description":"Ovaj proizvod dolazi u pakiranju sa\u0107a koje se mo\u017ee 100% reciklirati, \u0161to ga \u010dini sigurnim i pouzdanim za kori\u0161tenje. S uputama za sastavljanje i vijcima. Jednostavna instalacija.Ovaj elegantni kupaonski ormari\u0107 u bezvremenskoj bijeloj boji s plo\u010dom od prirodnog drva savr\u0161eno je rje\u0161enje za va\u0161u kupaonicu ili hodnik.S visinom od 86 cm, \u0161irinom od 50 cm i dubinom od 21 cm, nudi dovoljno prostora za pohranu na maloj povr\u0161ini.Integrirani dr\u017ea\u010d papira i dodatni pretinac za punjenje toaletnog papira osiguravaju prakti\u010dnu funkcionalnost.Iza vrata s elegantnim letvicama i visokokvalitetnom metalnom ru\u010dkom nalazi se dodatni prostor za kupaonski pribor.\u010cvrsta konstrukcija i povr\u0161ina koja se lako \u010disti \u010dine ovaj ormari\u0107 izdr\u017eljivim suputnikom u svakodnevnom \u017eivotu.Moderan komad namje\u0161taja koji savr\u0161eno spaja red i estetiku.","breadcrumb":{"@id":"https:\/\/inti.hr\/sr\/proizvod\/kupaonski-ormaric-50x21x86cm\/#breadcrumb"},"inLanguage":"sr-RS","potentialAction":[{"@type":"ReadAction","target":["https:\/\/inti.hr\/sr\/proizvod\/kupaonski-ormaric-50x21x86cm\/"]}]},{"@type":"ImageObject","inLanguage":"sr-RS","@id":"https:\/\/inti.hr\/sr\/proizvod\/kupaonski-ormaric-50x21x86cm\/#primaryimage","url":"https:\/\/i0.wp.com\/inti.hr\/wp-content\/uploads\/2025\/02\/BZR189-HG-Y004_860x.webp?fit=860%2C860&ssl=1","contentUrl":"https:\/\/i0.wp.com\/inti.hr\/wp-content\/uploads\/2025\/02\/BZR189-HG-Y004_860x.webp?fit=860%2C860&ssl=1","width":860,"height":860,"caption":"SoBuy Kupaonski ormari\u0107 Sivi 50x21x86cm BZR189-HG"},{"@type":"BreadcrumbList","@id":"https:\/\/inti.hr\/sr\/proizvod\/kupaonski-ormaric-50x21x86cm\/#breadcrumb","itemListElement":[{"@type":"ListItem","position":1,"name":"Po\u010detna stranica","item":"https:\/\/inti.hr\/sr\/"},{"@type":"ListItem","position":2,"name":"Prodavnica","item":"https:\/\/inti.hr\/sr\/prodavnica\/"},{"@type":"ListItem","position":3,"name":"Kupaonski ormari\u0107 50x21x86cm"}]},{"@type":"WebSite","@id":"https:\/\/inti.hr\/sr\/#website","url":"https:\/\/inti.hr\/sr\/","name":"Inti","description":"trgovina","potentialAction":[{"@type":"SearchAction","target":{"@type":"EntryPoint","urlTemplate":"https:\/\/inti.hr\/sr\/?s={search_term_string}"},"query-input":{"@type":"PropertyValueSpecification","valueRequired":true,"valueName":"search_term_string"}}],"inLanguage":"sr-RS"}]}},"jetpack_sharing_enabled":true,"jetpack-related-posts":[],"_links":{"self":[{"href":"https:\/\/inti.hr\/sr\/wp-json\/wp\/v2\/product\/31517"}],"collection":[{"href":"https:\/\/inti.hr\/sr\/wp-json\/wp\/v2\/product"}],"about":[{"href":"https:\/\/inti.hr\/sr\/wp-json\/wp\/v2\/types\/product"}],"wp:featuredmedia":[{"embeddable":true,"href":"https:\/\/inti.hr\/sr\/wp-json\/wp\/v2\/media\/31518"}],"wp:attachment":[{"href":"https:\/\/inti.hr\/sr\/wp-json\/wp\/v2\/media?parent=31517"}],"wp:term":[{"taxonomy":"product_cat","embeddable":true,"href":"https:\/\/inti.hr\/sr\/wp-json\/wp\/v2\/product_cat?post=31517"},{"taxonomy":"product_tag","embeddable":true,"href":"https:\/\/inti.hr\/sr\/wp-json\/wp\/v2\/product_tag?post=31517"}],"curies":[{"name":"wp","href":"https:\/\/api.w.org\/{rel}","templated":true}]}}