{"id":31533,"date":"2025-02-17T08:52:25","date_gmt":"2025-02-17T07:52:25","guid":{"rendered":"https:\/\/inti.hr\/product\/kuhinjski-visoki-ormaric-60x40x170cm\/"},"modified":"2025-02-17T08:52:25","modified_gmt":"2025-02-17T07:52:25","slug":"kuhinjski-visoki-ormaric-60x40x170cm","status":"publish","type":"product","link":"https:\/\/inti.hr\/sr\/proizvod\/kuhinjski-visoki-ormaric-60x40x170cm\/","title":{"rendered":"Kuhinjski visoki ormari\u0107 60x40x170cm"},"content":{"rendered":"<p><b><span>Tehni\u010dke specifikacije:<\/span><\/b><\/p>\n<ul>\n<li><span>Te\u017eina: oko 36,85 kg<\/span><\/li>\n<li><span>Testirano za: 66 kg<\/span><\/li>\n<li><span>Materijal: PB(E1), Metal<\/span><\/li>\n<li><span>Dimenzije proizvoda: 60x40x170 cm (vidi sliku) \u00a0\u00a0<\/span><\/li>\n<li><span>Isporuka: u 2 paketa<\/span><\/li>\n<li><span>Dimenzije paketa A: 96x47x16 cm<\/span><\/li>\n<li><span>Dimenzije paketa B: 72x39x14 cm<\/span><\/li>\n<li><span>S uputama za sastavljanje i vijcima. Jednostavna instalacija.<\/span><\/li>\n<\/ul>\n","protected":false},"excerpt":{"rendered":"<p>Ovaj proizvod dolazi u pakiranju od sa\u0107a koje se mo\u017ee 100% &#8230; <\/p>\n","protected":false},"featured_media":31534,"template":"","meta":[],"product_cat":[2539],"product_tag":[2540,2577],"yoast_head":"<!-- This site is optimized with the Yoast SEO plugin v23.7 - https:\/\/yoast.com\/wordpress\/plugins\/seo\/ -->\n<title>Kuhinjski visoki ormari\u0107 60x40x170cm - Inti<\/title>\n<meta name=\"description\" content=\"Ovaj proizvod dolazi u pakiranju od sa\u0107a koje se mo\u017ee 100% reciklirati, \u0161to ga \u010dini sigurnim i pouzdanim za kori\u0161tenje. S uputama za sastavljanje i vijcima. Jednostavna instalacija. Ovaj kuhinjski ormari\u0107 lako se uklapa u razli\u010dite stilove ure\u0111enja. Pru\u017eit \u0107e vam izvrsno iskustvo svakodnevnog kori\u0161tenja i obogatiti va\u0161e unutarnje okru\u017eenje.Ovaj blagovaonski namje\u0161taj savr\u0161eno zadovoljava funkcionalne potrebe:elementi panela s rupama, opremljeni kukama, mogu se koristiti za odlaganje \u0161alica i drugih predmeta.Postoji otvoreni prostor za mikrovalnu pe\u0107nicu.Mala ladica idealna je za spremanje kuhinjskog pribora (no\u017eeva, vilica, prozirne folije, kapsula za kavu itd.).Velika ladica mo\u017ee se koristiti za spremanje velikih predmeta.Plo\u010da se tako\u0111er mo\u017ee koristiti kao stoli\u0107 za aparat za kavu.Gornja polica je podesiva na tri visine, dizajnirana za prilagodbu veli\u010dini razli\u010ditih predmeta.Nadalje, vrata se lako otvaraju i zatvaraju zahvaljuju\u0107i metalnim ru\u010dkama.\" \/>\n<meta name=\"robots\" content=\"index, follow, max-snippet:-1, max-image-preview:large, max-video-preview:-1\" \/>\n<link rel=\"canonical\" href=\"https:\/\/inti.hr\/sr\/proizvod\/kuhinjski-visoki-ormaric-60x40x170cm\/\" \/>\n<meta property=\"og:locale\" content=\"sr_RS\" \/>\n<meta property=\"og:type\" content=\"article\" \/>\n<meta property=\"og:title\" content=\"Kuhinjski visoki ormari\u0107 60x40x170cm - Inti\" \/>\n<meta property=\"og:description\" content=\"Ovaj proizvod dolazi u pakiranju od sa\u0107a koje se mo\u017ee 100% reciklirati, \u0161to ga \u010dini sigurnim i pouzdanim za kori\u0161tenje. S uputama za sastavljanje i vijcima. Jednostavna instalacija. Ovaj kuhinjski ormari\u0107 lako se uklapa u razli\u010dite stilove ure\u0111enja. Pru\u017eit \u0107e vam izvrsno iskustvo svakodnevnog kori\u0161tenja i obogatiti va\u0161e unutarnje okru\u017eenje.Ovaj blagovaonski namje\u0161taj savr\u0161eno zadovoljava funkcionalne potrebe:elementi panela s rupama, opremljeni kukama, mogu se koristiti za odlaganje \u0161alica i drugih predmeta.Postoji otvoreni prostor za mikrovalnu pe\u0107nicu.Mala ladica idealna je za spremanje kuhinjskog pribora (no\u017eeva, vilica, prozirne folije, kapsula za kavu itd.).Velika ladica mo\u017ee se koristiti za spremanje velikih predmeta.Plo\u010da se tako\u0111er mo\u017ee koristiti kao stoli\u0107 za aparat za kavu.Gornja polica je podesiva na tri visine, dizajnirana za prilagodbu veli\u010dini razli\u010ditih predmeta.Nadalje, vrata se lako otvaraju i zatvaraju zahvaljuju\u0107i metalnim ru\u010dkama.\" \/>\n<meta property=\"og:url\" content=\"https:\/\/inti.hr\/sr\/proizvod\/kuhinjski-visoki-ormaric-60x40x170cm\/\" \/>\n<meta property=\"og:site_name\" content=\"Inti\" \/>\n<meta property=\"og:image\" content=\"https:\/\/i0.wp.com\/inti.hr\/wp-content\/uploads\/2025\/02\/FSB98-N-S002_1800x1800.webp?fit=1600%2C1600&ssl=1\" \/>\n\t<meta property=\"og:image:width\" content=\"1600\" \/>\n\t<meta property=\"og:image:height\" content=\"1600\" \/>\n\t<meta property=\"og:image:type\" content=\"image\/webp\" \/>\n<meta name=\"twitter:card\" content=\"summary_large_image\" \/>\n<script type=\"application\/ld+json\" class=\"yoast-schema-graph\">{\"@context\":\"https:\/\/schema.org\",\"@graph\":[{\"@type\":\"WebPage\",\"@id\":\"https:\/\/inti.hr\/sr\/proizvod\/kuhinjski-visoki-ormaric-60x40x170cm\/\",\"url\":\"https:\/\/inti.hr\/sr\/proizvod\/kuhinjski-visoki-ormaric-60x40x170cm\/\",\"name\":\"Kuhinjski visoki ormari\u0107 60x40x170cm - Inti\",\"isPartOf\":{\"@id\":\"https:\/\/inti.hr\/sr\/#website\"},\"primaryImageOfPage\":{\"@id\":\"https:\/\/inti.hr\/sr\/proizvod\/kuhinjski-visoki-ormaric-60x40x170cm\/#primaryimage\"},\"image\":{\"@id\":\"https:\/\/inti.hr\/sr\/proizvod\/kuhinjski-visoki-ormaric-60x40x170cm\/#primaryimage\"},\"thumbnailUrl\":\"https:\/\/i0.wp.com\/inti.hr\/wp-content\/uploads\/2025\/02\/FSB98-N-S002_1800x1800.webp?fit=1600%2C1600&ssl=1\",\"datePublished\":\"2025-02-17T07:52:25+00:00\",\"dateModified\":\"2025-02-17T07:52:25+00:00\",\"description\":\"Ovaj proizvod dolazi u pakiranju od sa\u0107a koje se mo\u017ee 100% reciklirati, \u0161to ga \u010dini sigurnim i pouzdanim za kori\u0161tenje. S uputama za sastavljanje i vijcima. Jednostavna instalacija. Ovaj kuhinjski ormari\u0107 lako se uklapa u razli\u010dite stilove ure\u0111enja. Pru\u017eit \u0107e vam izvrsno iskustvo svakodnevnog kori\u0161tenja i obogatiti va\u0161e unutarnje okru\u017eenje.Ovaj blagovaonski namje\u0161taj savr\u0161eno zadovoljava funkcionalne potrebe:elementi panela s rupama, opremljeni kukama, mogu se koristiti za odlaganje \u0161alica i drugih predmeta.Postoji otvoreni prostor za mikrovalnu pe\u0107nicu.Mala ladica idealna je za spremanje kuhinjskog pribora (no\u017eeva, vilica, prozirne folije, kapsula za kavu itd.).Velika ladica mo\u017ee se koristiti za spremanje velikih predmeta.Plo\u010da se tako\u0111er mo\u017ee koristiti kao stoli\u0107 za aparat za kavu.Gornja polica je podesiva na tri visine, dizajnirana za prilagodbu veli\u010dini razli\u010ditih predmeta.Nadalje, vrata se lako otvaraju i zatvaraju zahvaljuju\u0107i metalnim ru\u010dkama.\",\"breadcrumb\":{\"@id\":\"https:\/\/inti.hr\/sr\/proizvod\/kuhinjski-visoki-ormaric-60x40x170cm\/#breadcrumb\"},\"inLanguage\":\"sr-RS\",\"potentialAction\":[{\"@type\":\"ReadAction\",\"target\":[\"https:\/\/inti.hr\/sr\/proizvod\/kuhinjski-visoki-ormaric-60x40x170cm\/\"]}]},{\"@type\":\"ImageObject\",\"inLanguage\":\"sr-RS\",\"@id\":\"https:\/\/inti.hr\/sr\/proizvod\/kuhinjski-visoki-ormaric-60x40x170cm\/#primaryimage\",\"url\":\"https:\/\/i0.wp.com\/inti.hr\/wp-content\/uploads\/2025\/02\/FSB98-N-S002_1800x1800.webp?fit=1600%2C1600&ssl=1\",\"contentUrl\":\"https:\/\/i0.wp.com\/inti.hr\/wp-content\/uploads\/2025\/02\/FSB98-N-S002_1800x1800.webp?fit=1600%2C1600&ssl=1\",\"width\":1600,\"height\":1600,\"caption\":\"SoBuy Kuhinjski visoki ormari\u0107 60x40x170cm FSB98-N\"},{\"@type\":\"BreadcrumbList\",\"@id\":\"https:\/\/inti.hr\/sr\/proizvod\/kuhinjski-visoki-ormaric-60x40x170cm\/#breadcrumb\",\"itemListElement\":[{\"@type\":\"ListItem\",\"position\":1,\"name\":\"Po\u010detna stranica\",\"item\":\"https:\/\/inti.hr\/sr\/\"},{\"@type\":\"ListItem\",\"position\":2,\"name\":\"Prodavnica\",\"item\":\"https:\/\/inti.hr\/sr\/prodavnica\/\"},{\"@type\":\"ListItem\",\"position\":3,\"name\":\"Kuhinjski visoki ormari\u0107 60x40x170cm\"}]},{\"@type\":\"WebSite\",\"@id\":\"https:\/\/inti.hr\/sr\/#website\",\"url\":\"https:\/\/inti.hr\/sr\/\",\"name\":\"Inti\",\"description\":\"trgovina\",\"potentialAction\":[{\"@type\":\"SearchAction\",\"target\":{\"@type\":\"EntryPoint\",\"urlTemplate\":\"https:\/\/inti.hr\/sr\/?s={search_term_string}\"},\"query-input\":{\"@type\":\"PropertyValueSpecification\",\"valueRequired\":true,\"valueName\":\"search_term_string\"}}],\"inLanguage\":\"sr-RS\"}]}<\/script>\n<!-- \/ Yoast SEO plugin. -->","yoast_head_json":{"title":"Kuhinjski visoki ormari\u0107 60x40x170cm - Inti","description":"Ovaj proizvod dolazi u pakiranju od sa\u0107a koje se mo\u017ee 100% reciklirati, \u0161to ga \u010dini sigurnim i pouzdanim za kori\u0161tenje. S uputama za sastavljanje i vijcima. Jednostavna instalacija. Ovaj kuhinjski ormari\u0107 lako se uklapa u razli\u010dite stilove ure\u0111enja. Pru\u017eit \u0107e vam izvrsno iskustvo svakodnevnog kori\u0161tenja i obogatiti va\u0161e unutarnje okru\u017eenje.Ovaj blagovaonski namje\u0161taj savr\u0161eno zadovoljava funkcionalne potrebe:elementi panela s rupama, opremljeni kukama, mogu se koristiti za odlaganje \u0161alica i drugih predmeta.Postoji otvoreni prostor za mikrovalnu pe\u0107nicu.Mala ladica idealna je za spremanje kuhinjskog pribora (no\u017eeva, vilica, prozirne folije, kapsula za kavu itd.).Velika ladica mo\u017ee se koristiti za spremanje velikih predmeta.Plo\u010da se tako\u0111er mo\u017ee koristiti kao stoli\u0107 za aparat za kavu.Gornja polica je podesiva na tri visine, dizajnirana za prilagodbu veli\u010dini razli\u010ditih predmeta.Nadalje, vrata se lako otvaraju i zatvaraju zahvaljuju\u0107i metalnim ru\u010dkama.","robots":{"index":"index","follow":"follow","max-snippet":"max-snippet:-1","max-image-preview":"max-image-preview:large","max-video-preview":"max-video-preview:-1"},"canonical":"https:\/\/inti.hr\/sr\/proizvod\/kuhinjski-visoki-ormaric-60x40x170cm\/","og_locale":"sr_RS","og_type":"article","og_title":"Kuhinjski visoki ormari\u0107 60x40x170cm - Inti","og_description":"Ovaj proizvod dolazi u pakiranju od sa\u0107a koje se mo\u017ee 100% reciklirati, \u0161to ga \u010dini sigurnim i pouzdanim za kori\u0161tenje. S uputama za sastavljanje i vijcima. Jednostavna instalacija. Ovaj kuhinjski ormari\u0107 lako se uklapa u razli\u010dite stilove ure\u0111enja. Pru\u017eit \u0107e vam izvrsno iskustvo svakodnevnog kori\u0161tenja i obogatiti va\u0161e unutarnje okru\u017eenje.Ovaj blagovaonski namje\u0161taj savr\u0161eno zadovoljava funkcionalne potrebe:elementi panela s rupama, opremljeni kukama, mogu se koristiti za odlaganje \u0161alica i drugih predmeta.Postoji otvoreni prostor za mikrovalnu pe\u0107nicu.Mala ladica idealna je za spremanje kuhinjskog pribora (no\u017eeva, vilica, prozirne folije, kapsula za kavu itd.).Velika ladica mo\u017ee se koristiti za spremanje velikih predmeta.Plo\u010da se tako\u0111er mo\u017ee koristiti kao stoli\u0107 za aparat za kavu.Gornja polica je podesiva na tri visine, dizajnirana za prilagodbu veli\u010dini razli\u010ditih predmeta.Nadalje, vrata se lako otvaraju i zatvaraju zahvaljuju\u0107i metalnim ru\u010dkama.","og_url":"https:\/\/inti.hr\/sr\/proizvod\/kuhinjski-visoki-ormaric-60x40x170cm\/","og_site_name":"Inti","og_image":[{"width":1600,"height":1600,"url":"https:\/\/i0.wp.com\/inti.hr\/wp-content\/uploads\/2025\/02\/FSB98-N-S002_1800x1800.webp?fit=1600%2C1600&ssl=1","type":"image\/webp"}],"twitter_card":"summary_large_image","schema":{"@context":"https:\/\/schema.org","@graph":[{"@type":"WebPage","@id":"https:\/\/inti.hr\/sr\/proizvod\/kuhinjski-visoki-ormaric-60x40x170cm\/","url":"https:\/\/inti.hr\/sr\/proizvod\/kuhinjski-visoki-ormaric-60x40x170cm\/","name":"Kuhinjski visoki ormari\u0107 60x40x170cm - Inti","isPartOf":{"@id":"https:\/\/inti.hr\/sr\/#website"},"primaryImageOfPage":{"@id":"https:\/\/inti.hr\/sr\/proizvod\/kuhinjski-visoki-ormaric-60x40x170cm\/#primaryimage"},"image":{"@id":"https:\/\/inti.hr\/sr\/proizvod\/kuhinjski-visoki-ormaric-60x40x170cm\/#primaryimage"},"thumbnailUrl":"https:\/\/i0.wp.com\/inti.hr\/wp-content\/uploads\/2025\/02\/FSB98-N-S002_1800x1800.webp?fit=1600%2C1600&ssl=1","datePublished":"2025-02-17T07:52:25+00:00","dateModified":"2025-02-17T07:52:25+00:00","description":"Ovaj proizvod dolazi u pakiranju od sa\u0107a koje se mo\u017ee 100% reciklirati, \u0161to ga \u010dini sigurnim i pouzdanim za kori\u0161tenje. S uputama za sastavljanje i vijcima. Jednostavna instalacija. Ovaj kuhinjski ormari\u0107 lako se uklapa u razli\u010dite stilove ure\u0111enja. Pru\u017eit \u0107e vam izvrsno iskustvo svakodnevnog kori\u0161tenja i obogatiti va\u0161e unutarnje okru\u017eenje.Ovaj blagovaonski namje\u0161taj savr\u0161eno zadovoljava funkcionalne potrebe:elementi panela s rupama, opremljeni kukama, mogu se koristiti za odlaganje \u0161alica i drugih predmeta.Postoji otvoreni prostor za mikrovalnu pe\u0107nicu.Mala ladica idealna je za spremanje kuhinjskog pribora (no\u017eeva, vilica, prozirne folije, kapsula za kavu itd.).Velika ladica mo\u017ee se koristiti za spremanje velikih predmeta.Plo\u010da se tako\u0111er mo\u017ee koristiti kao stoli\u0107 za aparat za kavu.Gornja polica je podesiva na tri visine, dizajnirana za prilagodbu veli\u010dini razli\u010ditih predmeta.Nadalje, vrata se lako otvaraju i zatvaraju zahvaljuju\u0107i metalnim ru\u010dkama.","breadcrumb":{"@id":"https:\/\/inti.hr\/sr\/proizvod\/kuhinjski-visoki-ormaric-60x40x170cm\/#breadcrumb"},"inLanguage":"sr-RS","potentialAction":[{"@type":"ReadAction","target":["https:\/\/inti.hr\/sr\/proizvod\/kuhinjski-visoki-ormaric-60x40x170cm\/"]}]},{"@type":"ImageObject","inLanguage":"sr-RS","@id":"https:\/\/inti.hr\/sr\/proizvod\/kuhinjski-visoki-ormaric-60x40x170cm\/#primaryimage","url":"https:\/\/i0.wp.com\/inti.hr\/wp-content\/uploads\/2025\/02\/FSB98-N-S002_1800x1800.webp?fit=1600%2C1600&ssl=1","contentUrl":"https:\/\/i0.wp.com\/inti.hr\/wp-content\/uploads\/2025\/02\/FSB98-N-S002_1800x1800.webp?fit=1600%2C1600&ssl=1","width":1600,"height":1600,"caption":"SoBuy Kuhinjski visoki ormari\u0107 60x40x170cm FSB98-N"},{"@type":"BreadcrumbList","@id":"https:\/\/inti.hr\/sr\/proizvod\/kuhinjski-visoki-ormaric-60x40x170cm\/#breadcrumb","itemListElement":[{"@type":"ListItem","position":1,"name":"Po\u010detna stranica","item":"https:\/\/inti.hr\/sr\/"},{"@type":"ListItem","position":2,"name":"Prodavnica","item":"https:\/\/inti.hr\/sr\/prodavnica\/"},{"@type":"ListItem","position":3,"name":"Kuhinjski visoki ormari\u0107 60x40x170cm"}]},{"@type":"WebSite","@id":"https:\/\/inti.hr\/sr\/#website","url":"https:\/\/inti.hr\/sr\/","name":"Inti","description":"trgovina","potentialAction":[{"@type":"SearchAction","target":{"@type":"EntryPoint","urlTemplate":"https:\/\/inti.hr\/sr\/?s={search_term_string}"},"query-input":{"@type":"PropertyValueSpecification","valueRequired":true,"valueName":"search_term_string"}}],"inLanguage":"sr-RS"}]}},"jetpack_sharing_enabled":true,"jetpack-related-posts":[],"_links":{"self":[{"href":"https:\/\/inti.hr\/sr\/wp-json\/wp\/v2\/product\/31533"}],"collection":[{"href":"https:\/\/inti.hr\/sr\/wp-json\/wp\/v2\/product"}],"about":[{"href":"https:\/\/inti.hr\/sr\/wp-json\/wp\/v2\/types\/product"}],"wp:featuredmedia":[{"embeddable":true,"href":"https:\/\/inti.hr\/sr\/wp-json\/wp\/v2\/media\/31534"}],"wp:attachment":[{"href":"https:\/\/inti.hr\/sr\/wp-json\/wp\/v2\/media?parent=31533"}],"wp:term":[{"taxonomy":"product_cat","embeddable":true,"href":"https:\/\/inti.hr\/sr\/wp-json\/wp\/v2\/product_cat?post=31533"},{"taxonomy":"product_tag","embeddable":true,"href":"https:\/\/inti.hr\/sr\/wp-json\/wp\/v2\/product_tag?post=31533"}],"curies":[{"name":"wp","href":"https:\/\/api.w.org\/{rel}","templated":true}]}}