{"id":31557,"date":"2025-02-14T11:31:02","date_gmt":"2025-02-14T10:31:02","guid":{"rendered":"https:\/\/inti.hr\/product\/polica-za-pohranu-70x30x58cm\/"},"modified":"2025-02-14T11:31:02","modified_gmt":"2025-02-14T10:31:02","slug":"polica-za-pohranu-70x30x58cm","status":"publish","type":"product","link":"https:\/\/inti.hr\/sr\/proizvod\/polica-za-pohranu-70x30x58cm\/","title":{"rendered":"Polica za pohranu 70x30x58cm"},"content":{"rendered":"<p>Pojedinosti o proizvodu:<\/p>\n<p>Te\u017eina: oko 24,1 kg<br \/>\nTestirano za: 70 kg<br \/>\nMaterijal: MDF, bambus<br \/>\nDimenzije proizvoda: 94x35x110 cm (vidi sliku)<br \/>\nDostava: u 1 paketu<br \/>\nDimenzije paketa: 123x43x14 cm<br \/>\nNa visini prilago\u0111enoj djeci koja \u0107e im omogu\u0107iti da s lako\u0107om dosegnu svaku policu.<\/p>\n","protected":false},"excerpt":{"rendered":"<p>Dje\u010dja polica za knjige savr\u0161ena je za izlaganje omiljenih mekanih igra\u010daka, &#8230; <\/p>\n","protected":false},"featured_media":31558,"template":"","meta":[],"product_cat":[2411],"product_tag":[3007,2413],"yoast_head":"<!-- This site is optimized with the Yoast SEO plugin v23.7 - https:\/\/yoast.com\/wordpress\/plugins\/seo\/ -->\n<title>Polica za pohranu 70x30x58cm - Inti<\/title>\n<meta name=\"description\" content=\"Dje\u010dja polica za knjige savr\u0161ena je za izlaganje omiljenih mekanih igra\u010daka, knjiga ili Lego konstrukcionih setova.To \u0107e pomo\u0107i va\u0161em djetetu da razvije naviku odr\u017eavanja ku\u0107e urednom i \u010distom.S visinom od 58 cm, ova polica za knjige se lako sla\u017ee i izvla\u010di.Tri plasti\u010dne ko\u0161are mogu se u potpunosti ukloniti i staviti na pod ili \u010dak ozna\u010diti kako bi va\u0161e dijete uvijek moglo lako sortirati svoje igra\u010dke. Tra\u017eite li prikladno mjesto za svoje stado pli\u0161anih \u017eivotinja, \u017eelite li uvesti poseban odjeljak za Lego kockice ili \u017eelite svom djetetu omogu\u0107iti neovisan pristup omiljenim slikovnicama, ovu policu za knjige vrijedi razmotriti zbog svoje svestranosti.\" \/>\n<meta name=\"robots\" content=\"index, follow, max-snippet:-1, max-image-preview:large, max-video-preview:-1\" \/>\n<link rel=\"canonical\" href=\"https:\/\/inti.hr\/sr\/proizvod\/polica-za-pohranu-70x30x58cm\/\" \/>\n<meta property=\"og:locale\" content=\"sr_RS\" \/>\n<meta property=\"og:type\" content=\"article\" \/>\n<meta property=\"og:title\" content=\"Polica za pohranu 70x30x58cm - Inti\" \/>\n<meta property=\"og:description\" content=\"Dje\u010dja polica za knjige savr\u0161ena je za izlaganje omiljenih mekanih igra\u010daka, knjiga ili Lego konstrukcionih setova.To \u0107e pomo\u0107i va\u0161em djetetu da razvije naviku odr\u017eavanja ku\u0107e urednom i \u010distom.S visinom od 58 cm, ova polica za knjige se lako sla\u017ee i izvla\u010di.Tri plasti\u010dne ko\u0161are mogu se u potpunosti ukloniti i staviti na pod ili \u010dak ozna\u010diti kako bi va\u0161e dijete uvijek moglo lako sortirati svoje igra\u010dke. Tra\u017eite li prikladno mjesto za svoje stado pli\u0161anih \u017eivotinja, \u017eelite li uvesti poseban odjeljak za Lego kockice ili \u017eelite svom djetetu omogu\u0107iti neovisan pristup omiljenim slikovnicama, ovu policu za knjige vrijedi razmotriti zbog svoje svestranosti.\" \/>\n<meta property=\"og:url\" content=\"https:\/\/inti.hr\/sr\/proizvod\/polica-za-pohranu-70x30x58cm\/\" \/>\n<meta property=\"og:site_name\" content=\"Inti\" \/>\n<meta property=\"og:image\" content=\"https:\/\/i0.wp.com\/inti.hr\/wp-content\/uploads\/2025\/02\/KMB107-G-S003_1800x1800.webp?fit=1600%2C1600&ssl=1\" \/>\n\t<meta property=\"og:image:width\" content=\"1600\" \/>\n\t<meta property=\"og:image:height\" content=\"1600\" \/>\n\t<meta property=\"og:image:type\" content=\"image\/webp\" \/>\n<meta name=\"twitter:card\" content=\"summary_large_image\" \/>\n<script type=\"application\/ld+json\" class=\"yoast-schema-graph\">{\"@context\":\"https:\/\/schema.org\",\"@graph\":[{\"@type\":\"WebPage\",\"@id\":\"https:\/\/inti.hr\/sr\/proizvod\/polica-za-pohranu-70x30x58cm\/\",\"url\":\"https:\/\/inti.hr\/sr\/proizvod\/polica-za-pohranu-70x30x58cm\/\",\"name\":\"Polica za pohranu 70x30x58cm - Inti\",\"isPartOf\":{\"@id\":\"https:\/\/inti.hr\/sr\/#website\"},\"primaryImageOfPage\":{\"@id\":\"https:\/\/inti.hr\/sr\/proizvod\/polica-za-pohranu-70x30x58cm\/#primaryimage\"},\"image\":{\"@id\":\"https:\/\/inti.hr\/sr\/proizvod\/polica-za-pohranu-70x30x58cm\/#primaryimage\"},\"thumbnailUrl\":\"https:\/\/i0.wp.com\/inti.hr\/wp-content\/uploads\/2025\/02\/KMB107-G-S003_1800x1800.webp?fit=1600%2C1600&ssl=1\",\"datePublished\":\"2025-02-14T10:31:02+00:00\",\"dateModified\":\"2025-02-14T10:31:02+00:00\",\"description\":\"Dje\u010dja polica za knjige savr\u0161ena je za izlaganje omiljenih mekanih igra\u010daka, knjiga ili Lego konstrukcionih setova.To \u0107e pomo\u0107i va\u0161em djetetu da razvije naviku odr\u017eavanja ku\u0107e urednom i \u010distom.S visinom od 58 cm, ova polica za knjige se lako sla\u017ee i izvla\u010di.Tri plasti\u010dne ko\u0161are mogu se u potpunosti ukloniti i staviti na pod ili \u010dak ozna\u010diti kako bi va\u0161e dijete uvijek moglo lako sortirati svoje igra\u010dke. Tra\u017eite li prikladno mjesto za svoje stado pli\u0161anih \u017eivotinja, \u017eelite li uvesti poseban odjeljak za Lego kockice ili \u017eelite svom djetetu omogu\u0107iti neovisan pristup omiljenim slikovnicama, ovu policu za knjige vrijedi razmotriti zbog svoje svestranosti.\",\"breadcrumb\":{\"@id\":\"https:\/\/inti.hr\/sr\/proizvod\/polica-za-pohranu-70x30x58cm\/#breadcrumb\"},\"inLanguage\":\"sr-RS\",\"potentialAction\":[{\"@type\":\"ReadAction\",\"target\":[\"https:\/\/inti.hr\/sr\/proizvod\/polica-za-pohranu-70x30x58cm\/\"]}]},{\"@type\":\"ImageObject\",\"inLanguage\":\"sr-RS\",\"@id\":\"https:\/\/inti.hr\/sr\/proizvod\/polica-za-pohranu-70x30x58cm\/#primaryimage\",\"url\":\"https:\/\/i0.wp.com\/inti.hr\/wp-content\/uploads\/2025\/02\/KMB107-G-S003_1800x1800.webp?fit=1600%2C1600&ssl=1\",\"contentUrl\":\"https:\/\/i0.wp.com\/inti.hr\/wp-content\/uploads\/2025\/02\/KMB107-G-S003_1800x1800.webp?fit=1600%2C1600&ssl=1\",\"width\":1600,\"height\":1600,\"caption\":\"SoBuy Polica za pohranu 70x30x58cm KMB107-G\"},{\"@type\":\"BreadcrumbList\",\"@id\":\"https:\/\/inti.hr\/sr\/proizvod\/polica-za-pohranu-70x30x58cm\/#breadcrumb\",\"itemListElement\":[{\"@type\":\"ListItem\",\"position\":1,\"name\":\"Po\u010detna stranica\",\"item\":\"https:\/\/inti.hr\/sr\/\"},{\"@type\":\"ListItem\",\"position\":2,\"name\":\"Prodavnica\",\"item\":\"https:\/\/inti.hr\/sr\/prodavnica\/\"},{\"@type\":\"ListItem\",\"position\":3,\"name\":\"Polica za pohranu 70x30x58cm\"}]},{\"@type\":\"WebSite\",\"@id\":\"https:\/\/inti.hr\/sr\/#website\",\"url\":\"https:\/\/inti.hr\/sr\/\",\"name\":\"Inti\",\"description\":\"trgovina\",\"potentialAction\":[{\"@type\":\"SearchAction\",\"target\":{\"@type\":\"EntryPoint\",\"urlTemplate\":\"https:\/\/inti.hr\/sr\/?s={search_term_string}\"},\"query-input\":{\"@type\":\"PropertyValueSpecification\",\"valueRequired\":true,\"valueName\":\"search_term_string\"}}],\"inLanguage\":\"sr-RS\"}]}<\/script>\n<!-- \/ Yoast SEO plugin. -->","yoast_head_json":{"title":"Polica za pohranu 70x30x58cm - Inti","description":"Dje\u010dja polica za knjige savr\u0161ena je za izlaganje omiljenih mekanih igra\u010daka, knjiga ili Lego konstrukcionih setova.To \u0107e pomo\u0107i va\u0161em djetetu da razvije naviku odr\u017eavanja ku\u0107e urednom i \u010distom.S visinom od 58 cm, ova polica za knjige se lako sla\u017ee i izvla\u010di.Tri plasti\u010dne ko\u0161are mogu se u potpunosti ukloniti i staviti na pod ili \u010dak ozna\u010diti kako bi va\u0161e dijete uvijek moglo lako sortirati svoje igra\u010dke. Tra\u017eite li prikladno mjesto za svoje stado pli\u0161anih \u017eivotinja, \u017eelite li uvesti poseban odjeljak za Lego kockice ili \u017eelite svom djetetu omogu\u0107iti neovisan pristup omiljenim slikovnicama, ovu policu za knjige vrijedi razmotriti zbog svoje svestranosti.","robots":{"index":"index","follow":"follow","max-snippet":"max-snippet:-1","max-image-preview":"max-image-preview:large","max-video-preview":"max-video-preview:-1"},"canonical":"https:\/\/inti.hr\/sr\/proizvod\/polica-za-pohranu-70x30x58cm\/","og_locale":"sr_RS","og_type":"article","og_title":"Polica za pohranu 70x30x58cm - Inti","og_description":"Dje\u010dja polica za knjige savr\u0161ena je za izlaganje omiljenih mekanih igra\u010daka, knjiga ili Lego konstrukcionih setova.To \u0107e pomo\u0107i va\u0161em djetetu da razvije naviku odr\u017eavanja ku\u0107e urednom i \u010distom.S visinom od 58 cm, ova polica za knjige se lako sla\u017ee i izvla\u010di.Tri plasti\u010dne ko\u0161are mogu se u potpunosti ukloniti i staviti na pod ili \u010dak ozna\u010diti kako bi va\u0161e dijete uvijek moglo lako sortirati svoje igra\u010dke. Tra\u017eite li prikladno mjesto za svoje stado pli\u0161anih \u017eivotinja, \u017eelite li uvesti poseban odjeljak za Lego kockice ili \u017eelite svom djetetu omogu\u0107iti neovisan pristup omiljenim slikovnicama, ovu policu za knjige vrijedi razmotriti zbog svoje svestranosti.","og_url":"https:\/\/inti.hr\/sr\/proizvod\/polica-za-pohranu-70x30x58cm\/","og_site_name":"Inti","og_image":[{"width":1600,"height":1600,"url":"https:\/\/i0.wp.com\/inti.hr\/wp-content\/uploads\/2025\/02\/KMB107-G-S003_1800x1800.webp?fit=1600%2C1600&ssl=1","type":"image\/webp"}],"twitter_card":"summary_large_image","schema":{"@context":"https:\/\/schema.org","@graph":[{"@type":"WebPage","@id":"https:\/\/inti.hr\/sr\/proizvod\/polica-za-pohranu-70x30x58cm\/","url":"https:\/\/inti.hr\/sr\/proizvod\/polica-za-pohranu-70x30x58cm\/","name":"Polica za pohranu 70x30x58cm - Inti","isPartOf":{"@id":"https:\/\/inti.hr\/sr\/#website"},"primaryImageOfPage":{"@id":"https:\/\/inti.hr\/sr\/proizvod\/polica-za-pohranu-70x30x58cm\/#primaryimage"},"image":{"@id":"https:\/\/inti.hr\/sr\/proizvod\/polica-za-pohranu-70x30x58cm\/#primaryimage"},"thumbnailUrl":"https:\/\/i0.wp.com\/inti.hr\/wp-content\/uploads\/2025\/02\/KMB107-G-S003_1800x1800.webp?fit=1600%2C1600&ssl=1","datePublished":"2025-02-14T10:31:02+00:00","dateModified":"2025-02-14T10:31:02+00:00","description":"Dje\u010dja polica za knjige savr\u0161ena je za izlaganje omiljenih mekanih igra\u010daka, knjiga ili Lego konstrukcionih setova.To \u0107e pomo\u0107i va\u0161em djetetu da razvije naviku odr\u017eavanja ku\u0107e urednom i \u010distom.S visinom od 58 cm, ova polica za knjige se lako sla\u017ee i izvla\u010di.Tri plasti\u010dne ko\u0161are mogu se u potpunosti ukloniti i staviti na pod ili \u010dak ozna\u010diti kako bi va\u0161e dijete uvijek moglo lako sortirati svoje igra\u010dke. Tra\u017eite li prikladno mjesto za svoje stado pli\u0161anih \u017eivotinja, \u017eelite li uvesti poseban odjeljak za Lego kockice ili \u017eelite svom djetetu omogu\u0107iti neovisan pristup omiljenim slikovnicama, ovu policu za knjige vrijedi razmotriti zbog svoje svestranosti.","breadcrumb":{"@id":"https:\/\/inti.hr\/sr\/proizvod\/polica-za-pohranu-70x30x58cm\/#breadcrumb"},"inLanguage":"sr-RS","potentialAction":[{"@type":"ReadAction","target":["https:\/\/inti.hr\/sr\/proizvod\/polica-za-pohranu-70x30x58cm\/"]}]},{"@type":"ImageObject","inLanguage":"sr-RS","@id":"https:\/\/inti.hr\/sr\/proizvod\/polica-za-pohranu-70x30x58cm\/#primaryimage","url":"https:\/\/i0.wp.com\/inti.hr\/wp-content\/uploads\/2025\/02\/KMB107-G-S003_1800x1800.webp?fit=1600%2C1600&ssl=1","contentUrl":"https:\/\/i0.wp.com\/inti.hr\/wp-content\/uploads\/2025\/02\/KMB107-G-S003_1800x1800.webp?fit=1600%2C1600&ssl=1","width":1600,"height":1600,"caption":"SoBuy Polica za pohranu 70x30x58cm KMB107-G"},{"@type":"BreadcrumbList","@id":"https:\/\/inti.hr\/sr\/proizvod\/polica-za-pohranu-70x30x58cm\/#breadcrumb","itemListElement":[{"@type":"ListItem","position":1,"name":"Po\u010detna stranica","item":"https:\/\/inti.hr\/sr\/"},{"@type":"ListItem","position":2,"name":"Prodavnica","item":"https:\/\/inti.hr\/sr\/prodavnica\/"},{"@type":"ListItem","position":3,"name":"Polica za pohranu 70x30x58cm"}]},{"@type":"WebSite","@id":"https:\/\/inti.hr\/sr\/#website","url":"https:\/\/inti.hr\/sr\/","name":"Inti","description":"trgovina","potentialAction":[{"@type":"SearchAction","target":{"@type":"EntryPoint","urlTemplate":"https:\/\/inti.hr\/sr\/?s={search_term_string}"},"query-input":{"@type":"PropertyValueSpecification","valueRequired":true,"valueName":"search_term_string"}}],"inLanguage":"sr-RS"}]}},"jetpack_sharing_enabled":true,"jetpack-related-posts":[],"_links":{"self":[{"href":"https:\/\/inti.hr\/sr\/wp-json\/wp\/v2\/product\/31557"}],"collection":[{"href":"https:\/\/inti.hr\/sr\/wp-json\/wp\/v2\/product"}],"about":[{"href":"https:\/\/inti.hr\/sr\/wp-json\/wp\/v2\/types\/product"}],"wp:featuredmedia":[{"embeddable":true,"href":"https:\/\/inti.hr\/sr\/wp-json\/wp\/v2\/media\/31558"}],"wp:attachment":[{"href":"https:\/\/inti.hr\/sr\/wp-json\/wp\/v2\/media?parent=31557"}],"wp:term":[{"taxonomy":"product_cat","embeddable":true,"href":"https:\/\/inti.hr\/sr\/wp-json\/wp\/v2\/product_cat?post=31557"},{"taxonomy":"product_tag","embeddable":true,"href":"https:\/\/inti.hr\/sr\/wp-json\/wp\/v2\/product_tag?post=31557"}],"curies":[{"name":"wp","href":"https:\/\/api.w.org\/{rel}","templated":true}]}}