{"id":31567,"date":"2025-02-14T09:31:46","date_gmt":"2025-02-14T08:31:46","guid":{"rendered":"https:\/\/inti.hr\/product\/stolica-za-ljuljanje-s-gumenim-drvenim-nogama-krem-bijela\/"},"modified":"2025-02-14T09:31:46","modified_gmt":"2025-02-14T08:31:46","slug":"stolica-za-ljuljanje-s-gumenim-drvenim-nogama-krem-bijela","status":"publish","type":"product","link":"https:\/\/inti.hr\/sr\/proizvod\/stolica-za-ljuljanje-s-gumenim-drvenim-nogama-krem-bijela\/","title":{"rendered":"Stolica za ljuljanje s gumenim drvenim nogama krem \u200b\u200bbijela"},"content":{"rendered":"<p>Detalji proizvoda:<br \/>\nBoja: Krem bijela, siva<br \/>\nMaterijal: podstava od pjene, flis, gumeno drvo, \u010delik<br \/>\nVeli\u010dina: 97 x 67 x 100 cm (D x \u0160 x V)<br \/>\nTe\u017eina: 13,9 kg<br \/>\nMaksimalna stati\u010dka nosivost: 160 kg<\/p>\n","protected":false},"excerpt":{"rendered":"<p>Naslon naslonja\u010da je podesiv na 4 na\u010dina. Bilo da \u017eelite odrijemati &#8230; <\/p>\n","protected":false},"featured_media":31568,"template":"","meta":[],"product_cat":[2421],"product_tag":[2448,3015],"yoast_head":"<!-- This site is optimized with the Yoast SEO plugin v23.7 - https:\/\/yoast.com\/wordpress\/plugins\/seo\/ -->\n<title>Stolica za ljuljanje s gumenim drvenim nogama krem \u200b\u200bbijela - Inti<\/title>\n<meta name=\"description\" content=\"Naslon naslonja\u010da je podesiv na 4 na\u010dina. Bilo da \u017eelite odrijemati nakon ve\u010dere ili \u010ditati knjigu, prona\u0107i \u0107ete idealan polo\u017eaj. Zahvaljuju\u0107i jednostavnom dizajnu i bijeloj boji, ova velika stolica za ljuljanje mo\u017ee se lako integrirati u va\u0161 dom i savr\u0161eno pristaje u spava\u0107oj sobi, dnevnoj sobi ili radnoj sobi. Robusni \u010deli\u010dni okvir i prvoklasne noge od punog drva daju ovoj stolici dobru nosivost do 160 kg i visoku stabilnost. Nje\u017eno zakrivljene no\u017eice sprje\u010davaju prevrtanje, a protuklizni filc pru\u017ea ve\u0107u sigurnost. Pro\u0161irite oslonac za noge stolice za ljuljanje, podignite noge - mo\u017eete udobno odspavati na ovoj fotelji. Mekani flis, jastuk za sjedenje podstavljen pjenom visoke gusto\u0107e, naslon za le\u0111a ispunjen poliesterskim vlaknima i dubina sjedala od 50 cm - sve to osigurava udobno iskustvo sjedenja.\" \/>\n<meta name=\"robots\" content=\"index, follow, max-snippet:-1, max-image-preview:large, max-video-preview:-1\" \/>\n<link rel=\"canonical\" href=\"https:\/\/inti.hr\/sr\/proizvod\/stolica-za-ljuljanje-s-gumenim-drvenim-nogama-krem-bijela\/\" \/>\n<meta property=\"og:locale\" content=\"sr_RS\" \/>\n<meta property=\"og:type\" content=\"article\" \/>\n<meta property=\"og:title\" content=\"Stolica za ljuljanje s gumenim drvenim nogama krem \u200b\u200bbijela - Inti\" \/>\n<meta property=\"og:description\" content=\"Naslon naslonja\u010da je podesiv na 4 na\u010dina. Bilo da \u017eelite odrijemati nakon ve\u010dere ili \u010ditati knjigu, prona\u0107i \u0107ete idealan polo\u017eaj. Zahvaljuju\u0107i jednostavnom dizajnu i bijeloj boji, ova velika stolica za ljuljanje mo\u017ee se lako integrirati u va\u0161 dom i savr\u0161eno pristaje u spava\u0107oj sobi, dnevnoj sobi ili radnoj sobi. Robusni \u010deli\u010dni okvir i prvoklasne noge od punog drva daju ovoj stolici dobru nosivost do 160 kg i visoku stabilnost. Nje\u017eno zakrivljene no\u017eice sprje\u010davaju prevrtanje, a protuklizni filc pru\u017ea ve\u0107u sigurnost. Pro\u0161irite oslonac za noge stolice za ljuljanje, podignite noge - mo\u017eete udobno odspavati na ovoj fotelji. Mekani flis, jastuk za sjedenje podstavljen pjenom visoke gusto\u0107e, naslon za le\u0111a ispunjen poliesterskim vlaknima i dubina sjedala od 50 cm - sve to osigurava udobno iskustvo sjedenja.\" \/>\n<meta property=\"og:url\" content=\"https:\/\/inti.hr\/sr\/proizvod\/stolica-za-ljuljanje-s-gumenim-drvenim-nogama-krem-bijela\/\" \/>\n<meta property=\"og:site_name\" content=\"Inti\" \/>\n<meta property=\"og:image\" content=\"https:\/\/i0.wp.com\/inti.hr\/wp-content\/uploads\/2025\/02\/LYY016W01-1.jpg?fit=1000%2C1000&ssl=1\" \/>\n\t<meta property=\"og:image:width\" content=\"1000\" \/>\n\t<meta property=\"og:image:height\" content=\"1000\" \/>\n\t<meta property=\"og:image:type\" content=\"image\/jpeg\" \/>\n<meta name=\"twitter:card\" content=\"summary_large_image\" \/>\n<script type=\"application\/ld+json\" class=\"yoast-schema-graph\">{\"@context\":\"https:\/\/schema.org\",\"@graph\":[{\"@type\":\"WebPage\",\"@id\":\"https:\/\/inti.hr\/sr\/proizvod\/stolica-za-ljuljanje-s-gumenim-drvenim-nogama-krem-bijela\/\",\"url\":\"https:\/\/inti.hr\/sr\/proizvod\/stolica-za-ljuljanje-s-gumenim-drvenim-nogama-krem-bijela\/\",\"name\":\"Stolica za ljuljanje s gumenim drvenim nogama krem \u200b\u200bbijela - Inti\",\"isPartOf\":{\"@id\":\"https:\/\/inti.hr\/sr\/#website\"},\"primaryImageOfPage\":{\"@id\":\"https:\/\/inti.hr\/sr\/proizvod\/stolica-za-ljuljanje-s-gumenim-drvenim-nogama-krem-bijela\/#primaryimage\"},\"image\":{\"@id\":\"https:\/\/inti.hr\/sr\/proizvod\/stolica-za-ljuljanje-s-gumenim-drvenim-nogama-krem-bijela\/#primaryimage\"},\"thumbnailUrl\":\"https:\/\/i0.wp.com\/inti.hr\/wp-content\/uploads\/2025\/02\/LYY016W01-1.jpg?fit=1000%2C1000&ssl=1\",\"datePublished\":\"2025-02-14T08:31:46+00:00\",\"dateModified\":\"2025-02-14T08:31:46+00:00\",\"description\":\"Naslon naslonja\u010da je podesiv na 4 na\u010dina. Bilo da \u017eelite odrijemati nakon ve\u010dere ili \u010ditati knjigu, prona\u0107i \u0107ete idealan polo\u017eaj. Zahvaljuju\u0107i jednostavnom dizajnu i bijeloj boji, ova velika stolica za ljuljanje mo\u017ee se lako integrirati u va\u0161 dom i savr\u0161eno pristaje u spava\u0107oj sobi, dnevnoj sobi ili radnoj sobi. Robusni \u010deli\u010dni okvir i prvoklasne noge od punog drva daju ovoj stolici dobru nosivost do 160 kg i visoku stabilnost. Nje\u017eno zakrivljene no\u017eice sprje\u010davaju prevrtanje, a protuklizni filc pru\u017ea ve\u0107u sigurnost. Pro\u0161irite oslonac za noge stolice za ljuljanje, podignite noge - mo\u017eete udobno odspavati na ovoj fotelji. Mekani flis, jastuk za sjedenje podstavljen pjenom visoke gusto\u0107e, naslon za le\u0111a ispunjen poliesterskim vlaknima i dubina sjedala od 50 cm - sve to osigurava udobno iskustvo sjedenja.\",\"breadcrumb\":{\"@id\":\"https:\/\/inti.hr\/sr\/proizvod\/stolica-za-ljuljanje-s-gumenim-drvenim-nogama-krem-bijela\/#breadcrumb\"},\"inLanguage\":\"sr-RS\",\"potentialAction\":[{\"@type\":\"ReadAction\",\"target\":[\"https:\/\/inti.hr\/sr\/proizvod\/stolica-za-ljuljanje-s-gumenim-drvenim-nogama-krem-bijela\/\"]}]},{\"@type\":\"ImageObject\",\"inLanguage\":\"sr-RS\",\"@id\":\"https:\/\/inti.hr\/sr\/proizvod\/stolica-za-ljuljanje-s-gumenim-drvenim-nogama-krem-bijela\/#primaryimage\",\"url\":\"https:\/\/i0.wp.com\/inti.hr\/wp-content\/uploads\/2025\/02\/LYY016W01-1.jpg?fit=1000%2C1000&ssl=1\",\"contentUrl\":\"https:\/\/i0.wp.com\/inti.hr\/wp-content\/uploads\/2025\/02\/LYY016W01-1.jpg?fit=1000%2C1000&ssl=1\",\"width\":1000,\"height\":1000,\"caption\":\"SONGMICS Stolica za ljuljanje s gumenim drvenim nogama krem \u200b\u200bbijela\"},{\"@type\":\"BreadcrumbList\",\"@id\":\"https:\/\/inti.hr\/sr\/proizvod\/stolica-za-ljuljanje-s-gumenim-drvenim-nogama-krem-bijela\/#breadcrumb\",\"itemListElement\":[{\"@type\":\"ListItem\",\"position\":1,\"name\":\"Po\u010detna stranica\",\"item\":\"https:\/\/inti.hr\/sr\/\"},{\"@type\":\"ListItem\",\"position\":2,\"name\":\"Prodavnica\",\"item\":\"https:\/\/inti.hr\/sr\/prodavnica\/\"},{\"@type\":\"ListItem\",\"position\":3,\"name\":\"Stolica za ljuljanje s gumenim drvenim nogama krem \u200b\u200bbijela\"}]},{\"@type\":\"WebSite\",\"@id\":\"https:\/\/inti.hr\/sr\/#website\",\"url\":\"https:\/\/inti.hr\/sr\/\",\"name\":\"Inti\",\"description\":\"trgovina\",\"potentialAction\":[{\"@type\":\"SearchAction\",\"target\":{\"@type\":\"EntryPoint\",\"urlTemplate\":\"https:\/\/inti.hr\/sr\/?s={search_term_string}\"},\"query-input\":{\"@type\":\"PropertyValueSpecification\",\"valueRequired\":true,\"valueName\":\"search_term_string\"}}],\"inLanguage\":\"sr-RS\"}]}<\/script>\n<!-- \/ Yoast SEO plugin. -->","yoast_head_json":{"title":"Stolica za ljuljanje s gumenim drvenim nogama krem \u200b\u200bbijela - Inti","description":"Naslon naslonja\u010da je podesiv na 4 na\u010dina. Bilo da \u017eelite odrijemati nakon ve\u010dere ili \u010ditati knjigu, prona\u0107i \u0107ete idealan polo\u017eaj. Zahvaljuju\u0107i jednostavnom dizajnu i bijeloj boji, ova velika stolica za ljuljanje mo\u017ee se lako integrirati u va\u0161 dom i savr\u0161eno pristaje u spava\u0107oj sobi, dnevnoj sobi ili radnoj sobi. Robusni \u010deli\u010dni okvir i prvoklasne noge od punog drva daju ovoj stolici dobru nosivost do 160 kg i visoku stabilnost. Nje\u017eno zakrivljene no\u017eice sprje\u010davaju prevrtanje, a protuklizni filc pru\u017ea ve\u0107u sigurnost. Pro\u0161irite oslonac za noge stolice za ljuljanje, podignite noge - mo\u017eete udobno odspavati na ovoj fotelji. Mekani flis, jastuk za sjedenje podstavljen pjenom visoke gusto\u0107e, naslon za le\u0111a ispunjen poliesterskim vlaknima i dubina sjedala od 50 cm - sve to osigurava udobno iskustvo sjedenja.","robots":{"index":"index","follow":"follow","max-snippet":"max-snippet:-1","max-image-preview":"max-image-preview:large","max-video-preview":"max-video-preview:-1"},"canonical":"https:\/\/inti.hr\/sr\/proizvod\/stolica-za-ljuljanje-s-gumenim-drvenim-nogama-krem-bijela\/","og_locale":"sr_RS","og_type":"article","og_title":"Stolica za ljuljanje s gumenim drvenim nogama krem \u200b\u200bbijela - Inti","og_description":"Naslon naslonja\u010da je podesiv na 4 na\u010dina. Bilo da \u017eelite odrijemati nakon ve\u010dere ili \u010ditati knjigu, prona\u0107i \u0107ete idealan polo\u017eaj. Zahvaljuju\u0107i jednostavnom dizajnu i bijeloj boji, ova velika stolica za ljuljanje mo\u017ee se lako integrirati u va\u0161 dom i savr\u0161eno pristaje u spava\u0107oj sobi, dnevnoj sobi ili radnoj sobi. Robusni \u010deli\u010dni okvir i prvoklasne noge od punog drva daju ovoj stolici dobru nosivost do 160 kg i visoku stabilnost. Nje\u017eno zakrivljene no\u017eice sprje\u010davaju prevrtanje, a protuklizni filc pru\u017ea ve\u0107u sigurnost. Pro\u0161irite oslonac za noge stolice za ljuljanje, podignite noge - mo\u017eete udobno odspavati na ovoj fotelji. Mekani flis, jastuk za sjedenje podstavljen pjenom visoke gusto\u0107e, naslon za le\u0111a ispunjen poliesterskim vlaknima i dubina sjedala od 50 cm - sve to osigurava udobno iskustvo sjedenja.","og_url":"https:\/\/inti.hr\/sr\/proizvod\/stolica-za-ljuljanje-s-gumenim-drvenim-nogama-krem-bijela\/","og_site_name":"Inti","og_image":[{"width":1000,"height":1000,"url":"https:\/\/i0.wp.com\/inti.hr\/wp-content\/uploads\/2025\/02\/LYY016W01-1.jpg?fit=1000%2C1000&ssl=1","type":"image\/jpeg"}],"twitter_card":"summary_large_image","schema":{"@context":"https:\/\/schema.org","@graph":[{"@type":"WebPage","@id":"https:\/\/inti.hr\/sr\/proizvod\/stolica-za-ljuljanje-s-gumenim-drvenim-nogama-krem-bijela\/","url":"https:\/\/inti.hr\/sr\/proizvod\/stolica-za-ljuljanje-s-gumenim-drvenim-nogama-krem-bijela\/","name":"Stolica za ljuljanje s gumenim drvenim nogama krem \u200b\u200bbijela - Inti","isPartOf":{"@id":"https:\/\/inti.hr\/sr\/#website"},"primaryImageOfPage":{"@id":"https:\/\/inti.hr\/sr\/proizvod\/stolica-za-ljuljanje-s-gumenim-drvenim-nogama-krem-bijela\/#primaryimage"},"image":{"@id":"https:\/\/inti.hr\/sr\/proizvod\/stolica-za-ljuljanje-s-gumenim-drvenim-nogama-krem-bijela\/#primaryimage"},"thumbnailUrl":"https:\/\/i0.wp.com\/inti.hr\/wp-content\/uploads\/2025\/02\/LYY016W01-1.jpg?fit=1000%2C1000&ssl=1","datePublished":"2025-02-14T08:31:46+00:00","dateModified":"2025-02-14T08:31:46+00:00","description":"Naslon naslonja\u010da je podesiv na 4 na\u010dina. Bilo da \u017eelite odrijemati nakon ve\u010dere ili \u010ditati knjigu, prona\u0107i \u0107ete idealan polo\u017eaj. Zahvaljuju\u0107i jednostavnom dizajnu i bijeloj boji, ova velika stolica za ljuljanje mo\u017ee se lako integrirati u va\u0161 dom i savr\u0161eno pristaje u spava\u0107oj sobi, dnevnoj sobi ili radnoj sobi. Robusni \u010deli\u010dni okvir i prvoklasne noge od punog drva daju ovoj stolici dobru nosivost do 160 kg i visoku stabilnost. Nje\u017eno zakrivljene no\u017eice sprje\u010davaju prevrtanje, a protuklizni filc pru\u017ea ve\u0107u sigurnost. Pro\u0161irite oslonac za noge stolice za ljuljanje, podignite noge - mo\u017eete udobno odspavati na ovoj fotelji. Mekani flis, jastuk za sjedenje podstavljen pjenom visoke gusto\u0107e, naslon za le\u0111a ispunjen poliesterskim vlaknima i dubina sjedala od 50 cm - sve to osigurava udobno iskustvo sjedenja.","breadcrumb":{"@id":"https:\/\/inti.hr\/sr\/proizvod\/stolica-za-ljuljanje-s-gumenim-drvenim-nogama-krem-bijela\/#breadcrumb"},"inLanguage":"sr-RS","potentialAction":[{"@type":"ReadAction","target":["https:\/\/inti.hr\/sr\/proizvod\/stolica-za-ljuljanje-s-gumenim-drvenim-nogama-krem-bijela\/"]}]},{"@type":"ImageObject","inLanguage":"sr-RS","@id":"https:\/\/inti.hr\/sr\/proizvod\/stolica-za-ljuljanje-s-gumenim-drvenim-nogama-krem-bijela\/#primaryimage","url":"https:\/\/i0.wp.com\/inti.hr\/wp-content\/uploads\/2025\/02\/LYY016W01-1.jpg?fit=1000%2C1000&ssl=1","contentUrl":"https:\/\/i0.wp.com\/inti.hr\/wp-content\/uploads\/2025\/02\/LYY016W01-1.jpg?fit=1000%2C1000&ssl=1","width":1000,"height":1000,"caption":"SONGMICS Stolica za ljuljanje s gumenim drvenim nogama krem \u200b\u200bbijela"},{"@type":"BreadcrumbList","@id":"https:\/\/inti.hr\/sr\/proizvod\/stolica-za-ljuljanje-s-gumenim-drvenim-nogama-krem-bijela\/#breadcrumb","itemListElement":[{"@type":"ListItem","position":1,"name":"Po\u010detna stranica","item":"https:\/\/inti.hr\/sr\/"},{"@type":"ListItem","position":2,"name":"Prodavnica","item":"https:\/\/inti.hr\/sr\/prodavnica\/"},{"@type":"ListItem","position":3,"name":"Stolica za ljuljanje s gumenim drvenim nogama krem \u200b\u200bbijela"}]},{"@type":"WebSite","@id":"https:\/\/inti.hr\/sr\/#website","url":"https:\/\/inti.hr\/sr\/","name":"Inti","description":"trgovina","potentialAction":[{"@type":"SearchAction","target":{"@type":"EntryPoint","urlTemplate":"https:\/\/inti.hr\/sr\/?s={search_term_string}"},"query-input":{"@type":"PropertyValueSpecification","valueRequired":true,"valueName":"search_term_string"}}],"inLanguage":"sr-RS"}]}},"jetpack_sharing_enabled":true,"jetpack-related-posts":[],"_links":{"self":[{"href":"https:\/\/inti.hr\/sr\/wp-json\/wp\/v2\/product\/31567"}],"collection":[{"href":"https:\/\/inti.hr\/sr\/wp-json\/wp\/v2\/product"}],"about":[{"href":"https:\/\/inti.hr\/sr\/wp-json\/wp\/v2\/types\/product"}],"wp:featuredmedia":[{"embeddable":true,"href":"https:\/\/inti.hr\/sr\/wp-json\/wp\/v2\/media\/31568"}],"wp:attachment":[{"href":"https:\/\/inti.hr\/sr\/wp-json\/wp\/v2\/media?parent=31567"}],"wp:term":[{"taxonomy":"product_cat","embeddable":true,"href":"https:\/\/inti.hr\/sr\/wp-json\/wp\/v2\/product_cat?post=31567"},{"taxonomy":"product_tag","embeddable":true,"href":"https:\/\/inti.hr\/sr\/wp-json\/wp\/v2\/product_tag?post=31567"}],"curies":[{"name":"wp","href":"https:\/\/api.w.org\/{rel}","templated":true}]}}