{"id":31576,"date":"2025-02-14T09:25:45","date_gmt":"2025-02-14T08:25:45","guid":{"rendered":"https:\/\/inti.hr\/product\/barski-stol-s-metalnim-okvirom-60-x-60-x-105-cm\/"},"modified":"2025-02-14T09:25:45","modified_gmt":"2025-02-14T08:25:45","slug":"barski-stol-s-metalnim-okvirom-60-x-60-x-105-cm","status":"publish","type":"product","link":"https:\/\/inti.hr\/sr\/proizvod\/barski-stol-s-metalnim-okvirom-60-x-60-x-105-cm\/","title":{"rendered":"Barski stol s metalnim okvirom 60 x 60 x 105 cm"},"content":{"rendered":"<ul>\n<li><b><span>Detalji proizvoda:<\/span><\/b><\/li>\n<li><span>Boja: Tinta crna-mat crna<\/span><\/li>\n<li><span>Materijal: \u010delik, MDF (vlaknasta plo\u010da srednje gusto\u0107e)<\/span><\/li>\n<li><span>Veli\u010dina: 60 x 60 x 105 cm (D x \u0160 x V)<\/span><\/li>\n<li><span>Te\u017eina: 7,7 kg<\/span><\/li>\n<li><span>Maksimalna stati\u010dka nosivost: 50 kg<\/span><\/li>\n<li><span>Dijagonalni razmak izme\u0111u nogu stola: 59 cm<\/span><\/li>\n<\/ul>\n","protected":false},"excerpt":{"rendered":"<p>Jedinstvene noge stola u obliku slova X dodaju da\u0161ak elegancije va\u0161em &#8230; <\/p>\n","protected":false},"featured_media":31578,"template":"","meta":[],"product_cat":[2728],"product_tag":[3018,3019],"yoast_head":"<!-- This site is optimized with the Yoast SEO plugin v23.7 - https:\/\/yoast.com\/wordpress\/plugins\/seo\/ -->\n<title>Barski stol s metalnim okvirom 60 x 60 x 105 cm - Inti<\/title>\n<meta name=\"description\" content=\"Jedinstvene noge stola u obliku slova X dodaju da\u0161ak elegancije va\u0161em domu. Istodobno, stoli\u0107 za kavu mo\u017eete ukrasiti cvije\u0107em, bajkovitim svjetlima ili drugim sitnicama po \u017eelji. Noge u obliku slova X okrenute prema van i prilo\u017eene univerzalne stopice osiguravaju visoku stabilnost tijekom upotrebe, \u010dak i s jednostranim optere\u0107enjem, ne mo\u017ee se lako prevrnuti. Zahvaljuju\u0107i jasnim uputama, uklju\u010denom paketu pribora i ozna\u010denim dijelovima, ovaj crni kuhinjski stol mo\u017ee se sastaviti u samo nekoliko koraka. Koristite ovaj komad namje\u0161taja ne samo u kuhinji, ve\u0107 ga tako\u0111er postavite u dnevnu sobu kao kafi\u0107, u slatki kutak za desert na zabavi ili u radnoj sobi kao osobni radni prostor. Metalni okvir i robusna MDF plo\u010da osiguravaju dug radni vijek i visoku otpornost; povr\u0161ina s PVC folijom je vodoodbojna i lako se \u010disti krpom ako se zaprlja.\" \/>\n<meta name=\"robots\" content=\"index, follow, max-snippet:-1, max-image-preview:large, max-video-preview:-1\" \/>\n<link rel=\"canonical\" href=\"https:\/\/inti.hr\/sr\/proizvod\/barski-stol-s-metalnim-okvirom-60-x-60-x-105-cm\/\" \/>\n<meta property=\"og:locale\" content=\"sr_RS\" \/>\n<meta property=\"og:type\" content=\"article\" \/>\n<meta property=\"og:title\" content=\"Barski stol s metalnim okvirom 60 x 60 x 105 cm - Inti\" \/>\n<meta property=\"og:description\" content=\"Jedinstvene noge stola u obliku slova X dodaju da\u0161ak elegancije va\u0161em domu. Istodobno, stoli\u0107 za kavu mo\u017eete ukrasiti cvije\u0107em, bajkovitim svjetlima ili drugim sitnicama po \u017eelji. Noge u obliku slova X okrenute prema van i prilo\u017eene univerzalne stopice osiguravaju visoku stabilnost tijekom upotrebe, \u010dak i s jednostranim optere\u0107enjem, ne mo\u017ee se lako prevrnuti. Zahvaljuju\u0107i jasnim uputama, uklju\u010denom paketu pribora i ozna\u010denim dijelovima, ovaj crni kuhinjski stol mo\u017ee se sastaviti u samo nekoliko koraka. Koristite ovaj komad namje\u0161taja ne samo u kuhinji, ve\u0107 ga tako\u0111er postavite u dnevnu sobu kao kafi\u0107, u slatki kutak za desert na zabavi ili u radnoj sobi kao osobni radni prostor. Metalni okvir i robusna MDF plo\u010da osiguravaju dug radni vijek i visoku otpornost; povr\u0161ina s PVC folijom je vodoodbojna i lako se \u010disti krpom ako se zaprlja.\" \/>\n<meta property=\"og:url\" content=\"https:\/\/inti.hr\/sr\/proizvod\/barski-stol-s-metalnim-okvirom-60-x-60-x-105-cm\/\" \/>\n<meta property=\"og:site_name\" content=\"Inti\" \/>\n<meta property=\"og:image\" content=\"https:\/\/i0.wp.com\/inti.hr\/wp-content\/uploads\/2025\/02\/LBT024B01-2.jpg?fit=800%2C1000&ssl=1\" \/>\n\t<meta property=\"og:image:width\" content=\"800\" \/>\n\t<meta property=\"og:image:height\" content=\"1000\" \/>\n\t<meta property=\"og:image:type\" content=\"image\/jpeg\" \/>\n<meta name=\"twitter:card\" content=\"summary_large_image\" \/>\n<script type=\"application\/ld+json\" class=\"yoast-schema-graph\">{\"@context\":\"https:\/\/schema.org\",\"@graph\":[{\"@type\":\"WebPage\",\"@id\":\"https:\/\/inti.hr\/sr\/proizvod\/barski-stol-s-metalnim-okvirom-60-x-60-x-105-cm\/\",\"url\":\"https:\/\/inti.hr\/sr\/proizvod\/barski-stol-s-metalnim-okvirom-60-x-60-x-105-cm\/\",\"name\":\"Barski stol s metalnim okvirom 60 x 60 x 105 cm - Inti\",\"isPartOf\":{\"@id\":\"https:\/\/inti.hr\/sr\/#website\"},\"primaryImageOfPage\":{\"@id\":\"https:\/\/inti.hr\/sr\/proizvod\/barski-stol-s-metalnim-okvirom-60-x-60-x-105-cm\/#primaryimage\"},\"image\":{\"@id\":\"https:\/\/inti.hr\/sr\/proizvod\/barski-stol-s-metalnim-okvirom-60-x-60-x-105-cm\/#primaryimage\"},\"thumbnailUrl\":\"https:\/\/i0.wp.com\/inti.hr\/wp-content\/uploads\/2025\/02\/LBT024B01-2.jpg?fit=800%2C1000&ssl=1\",\"datePublished\":\"2025-02-14T08:25:45+00:00\",\"dateModified\":\"2025-02-14T08:25:45+00:00\",\"description\":\"Jedinstvene noge stola u obliku slova X dodaju da\u0161ak elegancije va\u0161em domu. Istodobno, stoli\u0107 za kavu mo\u017eete ukrasiti cvije\u0107em, bajkovitim svjetlima ili drugim sitnicama po \u017eelji. Noge u obliku slova X okrenute prema van i prilo\u017eene univerzalne stopice osiguravaju visoku stabilnost tijekom upotrebe, \u010dak i s jednostranim optere\u0107enjem, ne mo\u017ee se lako prevrnuti. Zahvaljuju\u0107i jasnim uputama, uklju\u010denom paketu pribora i ozna\u010denim dijelovima, ovaj crni kuhinjski stol mo\u017ee se sastaviti u samo nekoliko koraka. Koristite ovaj komad namje\u0161taja ne samo u kuhinji, ve\u0107 ga tako\u0111er postavite u dnevnu sobu kao kafi\u0107, u slatki kutak za desert na zabavi ili u radnoj sobi kao osobni radni prostor. Metalni okvir i robusna MDF plo\u010da osiguravaju dug radni vijek i visoku otpornost; povr\u0161ina s PVC folijom je vodoodbojna i lako se \u010disti krpom ako se zaprlja.\",\"breadcrumb\":{\"@id\":\"https:\/\/inti.hr\/sr\/proizvod\/barski-stol-s-metalnim-okvirom-60-x-60-x-105-cm\/#breadcrumb\"},\"inLanguage\":\"sr-RS\",\"potentialAction\":[{\"@type\":\"ReadAction\",\"target\":[\"https:\/\/inti.hr\/sr\/proizvod\/barski-stol-s-metalnim-okvirom-60-x-60-x-105-cm\/\"]}]},{\"@type\":\"ImageObject\",\"inLanguage\":\"sr-RS\",\"@id\":\"https:\/\/inti.hr\/sr\/proizvod\/barski-stol-s-metalnim-okvirom-60-x-60-x-105-cm\/#primaryimage\",\"url\":\"https:\/\/i0.wp.com\/inti.hr\/wp-content\/uploads\/2025\/02\/LBT024B01-2.jpg?fit=800%2C1000&ssl=1\",\"contentUrl\":\"https:\/\/i0.wp.com\/inti.hr\/wp-content\/uploads\/2025\/02\/LBT024B01-2.jpg?fit=800%2C1000&ssl=1\",\"width\":800,\"height\":1000},{\"@type\":\"BreadcrumbList\",\"@id\":\"https:\/\/inti.hr\/sr\/proizvod\/barski-stol-s-metalnim-okvirom-60-x-60-x-105-cm\/#breadcrumb\",\"itemListElement\":[{\"@type\":\"ListItem\",\"position\":1,\"name\":\"Po\u010detna stranica\",\"item\":\"https:\/\/inti.hr\/sr\/\"},{\"@type\":\"ListItem\",\"position\":2,\"name\":\"Prodavnica\",\"item\":\"https:\/\/inti.hr\/sr\/prodavnica\/\"},{\"@type\":\"ListItem\",\"position\":3,\"name\":\"Barski stol s metalnim okvirom 60 x 60 x 105 cm\"}]},{\"@type\":\"WebSite\",\"@id\":\"https:\/\/inti.hr\/sr\/#website\",\"url\":\"https:\/\/inti.hr\/sr\/\",\"name\":\"Inti\",\"description\":\"trgovina\",\"potentialAction\":[{\"@type\":\"SearchAction\",\"target\":{\"@type\":\"EntryPoint\",\"urlTemplate\":\"https:\/\/inti.hr\/sr\/?s={search_term_string}\"},\"query-input\":{\"@type\":\"PropertyValueSpecification\",\"valueRequired\":true,\"valueName\":\"search_term_string\"}}],\"inLanguage\":\"sr-RS\"}]}<\/script>\n<!-- \/ Yoast SEO plugin. -->","yoast_head_json":{"title":"Barski stol s metalnim okvirom 60 x 60 x 105 cm - Inti","description":"Jedinstvene noge stola u obliku slova X dodaju da\u0161ak elegancije va\u0161em domu. Istodobno, stoli\u0107 za kavu mo\u017eete ukrasiti cvije\u0107em, bajkovitim svjetlima ili drugim sitnicama po \u017eelji. Noge u obliku slova X okrenute prema van i prilo\u017eene univerzalne stopice osiguravaju visoku stabilnost tijekom upotrebe, \u010dak i s jednostranim optere\u0107enjem, ne mo\u017ee se lako prevrnuti. Zahvaljuju\u0107i jasnim uputama, uklju\u010denom paketu pribora i ozna\u010denim dijelovima, ovaj crni kuhinjski stol mo\u017ee se sastaviti u samo nekoliko koraka. Koristite ovaj komad namje\u0161taja ne samo u kuhinji, ve\u0107 ga tako\u0111er postavite u dnevnu sobu kao kafi\u0107, u slatki kutak za desert na zabavi ili u radnoj sobi kao osobni radni prostor. Metalni okvir i robusna MDF plo\u010da osiguravaju dug radni vijek i visoku otpornost; povr\u0161ina s PVC folijom je vodoodbojna i lako se \u010disti krpom ako se zaprlja.","robots":{"index":"index","follow":"follow","max-snippet":"max-snippet:-1","max-image-preview":"max-image-preview:large","max-video-preview":"max-video-preview:-1"},"canonical":"https:\/\/inti.hr\/sr\/proizvod\/barski-stol-s-metalnim-okvirom-60-x-60-x-105-cm\/","og_locale":"sr_RS","og_type":"article","og_title":"Barski stol s metalnim okvirom 60 x 60 x 105 cm - Inti","og_description":"Jedinstvene noge stola u obliku slova X dodaju da\u0161ak elegancije va\u0161em domu. Istodobno, stoli\u0107 za kavu mo\u017eete ukrasiti cvije\u0107em, bajkovitim svjetlima ili drugim sitnicama po \u017eelji. Noge u obliku slova X okrenute prema van i prilo\u017eene univerzalne stopice osiguravaju visoku stabilnost tijekom upotrebe, \u010dak i s jednostranim optere\u0107enjem, ne mo\u017ee se lako prevrnuti. Zahvaljuju\u0107i jasnim uputama, uklju\u010denom paketu pribora i ozna\u010denim dijelovima, ovaj crni kuhinjski stol mo\u017ee se sastaviti u samo nekoliko koraka. Koristite ovaj komad namje\u0161taja ne samo u kuhinji, ve\u0107 ga tako\u0111er postavite u dnevnu sobu kao kafi\u0107, u slatki kutak za desert na zabavi ili u radnoj sobi kao osobni radni prostor. Metalni okvir i robusna MDF plo\u010da osiguravaju dug radni vijek i visoku otpornost; povr\u0161ina s PVC folijom je vodoodbojna i lako se \u010disti krpom ako se zaprlja.","og_url":"https:\/\/inti.hr\/sr\/proizvod\/barski-stol-s-metalnim-okvirom-60-x-60-x-105-cm\/","og_site_name":"Inti","og_image":[{"width":800,"height":1000,"url":"https:\/\/i0.wp.com\/inti.hr\/wp-content\/uploads\/2025\/02\/LBT024B01-2.jpg?fit=800%2C1000&ssl=1","type":"image\/jpeg"}],"twitter_card":"summary_large_image","schema":{"@context":"https:\/\/schema.org","@graph":[{"@type":"WebPage","@id":"https:\/\/inti.hr\/sr\/proizvod\/barski-stol-s-metalnim-okvirom-60-x-60-x-105-cm\/","url":"https:\/\/inti.hr\/sr\/proizvod\/barski-stol-s-metalnim-okvirom-60-x-60-x-105-cm\/","name":"Barski stol s metalnim okvirom 60 x 60 x 105 cm - Inti","isPartOf":{"@id":"https:\/\/inti.hr\/sr\/#website"},"primaryImageOfPage":{"@id":"https:\/\/inti.hr\/sr\/proizvod\/barski-stol-s-metalnim-okvirom-60-x-60-x-105-cm\/#primaryimage"},"image":{"@id":"https:\/\/inti.hr\/sr\/proizvod\/barski-stol-s-metalnim-okvirom-60-x-60-x-105-cm\/#primaryimage"},"thumbnailUrl":"https:\/\/i0.wp.com\/inti.hr\/wp-content\/uploads\/2025\/02\/LBT024B01-2.jpg?fit=800%2C1000&ssl=1","datePublished":"2025-02-14T08:25:45+00:00","dateModified":"2025-02-14T08:25:45+00:00","description":"Jedinstvene noge stola u obliku slova X dodaju da\u0161ak elegancije va\u0161em domu. Istodobno, stoli\u0107 za kavu mo\u017eete ukrasiti cvije\u0107em, bajkovitim svjetlima ili drugim sitnicama po \u017eelji. Noge u obliku slova X okrenute prema van i prilo\u017eene univerzalne stopice osiguravaju visoku stabilnost tijekom upotrebe, \u010dak i s jednostranim optere\u0107enjem, ne mo\u017ee se lako prevrnuti. Zahvaljuju\u0107i jasnim uputama, uklju\u010denom paketu pribora i ozna\u010denim dijelovima, ovaj crni kuhinjski stol mo\u017ee se sastaviti u samo nekoliko koraka. Koristite ovaj komad namje\u0161taja ne samo u kuhinji, ve\u0107 ga tako\u0111er postavite u dnevnu sobu kao kafi\u0107, u slatki kutak za desert na zabavi ili u radnoj sobi kao osobni radni prostor. Metalni okvir i robusna MDF plo\u010da osiguravaju dug radni vijek i visoku otpornost; povr\u0161ina s PVC folijom je vodoodbojna i lako se \u010disti krpom ako se zaprlja.","breadcrumb":{"@id":"https:\/\/inti.hr\/sr\/proizvod\/barski-stol-s-metalnim-okvirom-60-x-60-x-105-cm\/#breadcrumb"},"inLanguage":"sr-RS","potentialAction":[{"@type":"ReadAction","target":["https:\/\/inti.hr\/sr\/proizvod\/barski-stol-s-metalnim-okvirom-60-x-60-x-105-cm\/"]}]},{"@type":"ImageObject","inLanguage":"sr-RS","@id":"https:\/\/inti.hr\/sr\/proizvod\/barski-stol-s-metalnim-okvirom-60-x-60-x-105-cm\/#primaryimage","url":"https:\/\/i0.wp.com\/inti.hr\/wp-content\/uploads\/2025\/02\/LBT024B01-2.jpg?fit=800%2C1000&ssl=1","contentUrl":"https:\/\/i0.wp.com\/inti.hr\/wp-content\/uploads\/2025\/02\/LBT024B01-2.jpg?fit=800%2C1000&ssl=1","width":800,"height":1000},{"@type":"BreadcrumbList","@id":"https:\/\/inti.hr\/sr\/proizvod\/barski-stol-s-metalnim-okvirom-60-x-60-x-105-cm\/#breadcrumb","itemListElement":[{"@type":"ListItem","position":1,"name":"Po\u010detna stranica","item":"https:\/\/inti.hr\/sr\/"},{"@type":"ListItem","position":2,"name":"Prodavnica","item":"https:\/\/inti.hr\/sr\/prodavnica\/"},{"@type":"ListItem","position":3,"name":"Barski stol s metalnim okvirom 60 x 60 x 105 cm"}]},{"@type":"WebSite","@id":"https:\/\/inti.hr\/sr\/#website","url":"https:\/\/inti.hr\/sr\/","name":"Inti","description":"trgovina","potentialAction":[{"@type":"SearchAction","target":{"@type":"EntryPoint","urlTemplate":"https:\/\/inti.hr\/sr\/?s={search_term_string}"},"query-input":{"@type":"PropertyValueSpecification","valueRequired":true,"valueName":"search_term_string"}}],"inLanguage":"sr-RS"}]}},"jetpack_sharing_enabled":true,"jetpack-related-posts":[],"_links":{"self":[{"href":"https:\/\/inti.hr\/sr\/wp-json\/wp\/v2\/product\/31576"}],"collection":[{"href":"https:\/\/inti.hr\/sr\/wp-json\/wp\/v2\/product"}],"about":[{"href":"https:\/\/inti.hr\/sr\/wp-json\/wp\/v2\/types\/product"}],"wp:featuredmedia":[{"embeddable":true,"href":"https:\/\/inti.hr\/sr\/wp-json\/wp\/v2\/media\/31578"}],"wp:attachment":[{"href":"https:\/\/inti.hr\/sr\/wp-json\/wp\/v2\/media?parent=31576"}],"wp:term":[{"taxonomy":"product_cat","embeddable":true,"href":"https:\/\/inti.hr\/sr\/wp-json\/wp\/v2\/product_cat?post=31576"},{"taxonomy":"product_tag","embeddable":true,"href":"https:\/\/inti.hr\/sr\/wp-json\/wp\/v2\/product_tag?post=31576"}],"curies":[{"name":"wp","href":"https:\/\/api.w.org\/{rel}","templated":true}]}}