{"id":31591,"date":"2025-01-15T17:23:44","date_gmt":"2025-01-15T16:23:44","guid":{"rendered":"https:\/\/inti.hr\/product\/kutija-za-pijesak-s-poklopcem\/"},"modified":"2025-01-15T17:23:44","modified_gmt":"2025-01-15T16:23:44","slug":"kutija-za-pijesak-s-poklopcem","status":"publish","type":"product","link":"https:\/\/inti.hr\/sr\/proizvod\/kutija-za-pijesak-s-poklopcem\/","title":{"rendered":"Kutija za pijesak s poklopcem"},"content":{"rendered":"<p>Detalji proizvoda:<br \/>\nBoja: Golubije siva-\u0161kriljasto siva<br \/>\nMaterijal: PP plastika (polipropilen)<br \/>\nVeli\u010dina: 54 x 42,8 x 40 cm (D x \u0160 x V)<br \/>\nTe\u017eina: 3 kg<br \/>\nMaksimalna stati\u010dka nosivost gornje strane: 15 kg<\/p>\n","protected":false},"excerpt":{"rendered":"<p>S pladnjem na izvla\u010denje, kutija za otpatke mo\u017ee se lako isprazniti &#8230; <\/p>\n","protected":false},"featured_media":31592,"template":"","meta":[],"product_cat":[2404],"product_tag":[2649,3021],"yoast_head":"<!-- This site is optimized with the Yoast SEO plugin v23.7 - https:\/\/yoast.com\/wordpress\/plugins\/seo\/ -->\n<title>Kutija za pijesak s poklopcem - Inti<\/title>\n<meta name=\"description\" content=\"S pladnjem na izvla\u010denje, kutija za otpatke mo\u017ee se lako isprazniti i napuniti novim posipom. Uklju\u010dena lopatica i \u010detka poma\u017eu u hvatanju sme\u0107a i \u010di\u0161\u0107enju sme\u0107a na vrhu ili u kutovima. Dizajn re\u0161etke na vrhu hvata sme\u0107e i omogu\u0107uje mu da padne natrag u kutiju kada va\u0161a ma\u010dka sko\u010di na vrh WC \u0161koljke. To smanjuje prljav\u0161tinu oko WC \u0161koljke i odr\u017eava va\u0161 dom \u010distim. Ulazna vrata se prema potrebi mogu otvoriti s jedne ili s obje strane pomo\u0107u okretnog gumba - otvorena s jedne strane: prednja vrata kao ulaz, a gornji otvor kao izlaz ili obrnuto; Otvoreno s obje strane: ulazite i izlazite slobodno kroz prednja vrata. Zahvaljuju\u0107i dvoslojnoj konstrukciji na bo\u010dnim spojevima, ova kutija za otpatke sprje\u010dava da sme\u0107e dospije na pod. Prakti\u010dan pomo\u0107nik ako va\u0161a ma\u010dka voli grebanje! Zahvaljuju\u0107i zatvorenoj konstrukciji, ova kutija za pijesak pru\u017ea privatno mjesto gdje se va\u0161a ma\u010dka osje\u0107a sigurno da obavlja nu\u017edu i sprje\u010dava \u0161irenje mirisa.\" \/>\n<meta name=\"robots\" content=\"index, follow, max-snippet:-1, max-image-preview:large, max-video-preview:-1\" \/>\n<link rel=\"canonical\" href=\"https:\/\/inti.hr\/sr\/proizvod\/kutija-za-pijesak-s-poklopcem\/\" \/>\n<meta property=\"og:locale\" content=\"sr_RS\" \/>\n<meta property=\"og:type\" content=\"article\" \/>\n<meta property=\"og:title\" content=\"Kutija za pijesak s poklopcem - Inti\" \/>\n<meta property=\"og:description\" content=\"S pladnjem na izvla\u010denje, kutija za otpatke mo\u017ee se lako isprazniti i napuniti novim posipom. Uklju\u010dena lopatica i \u010detka poma\u017eu u hvatanju sme\u0107a i \u010di\u0161\u0107enju sme\u0107a na vrhu ili u kutovima. Dizajn re\u0161etke na vrhu hvata sme\u0107e i omogu\u0107uje mu da padne natrag u kutiju kada va\u0161a ma\u010dka sko\u010di na vrh WC \u0161koljke. To smanjuje prljav\u0161tinu oko WC \u0161koljke i odr\u017eava va\u0161 dom \u010distim. Ulazna vrata se prema potrebi mogu otvoriti s jedne ili s obje strane pomo\u0107u okretnog gumba - otvorena s jedne strane: prednja vrata kao ulaz, a gornji otvor kao izlaz ili obrnuto; Otvoreno s obje strane: ulazite i izlazite slobodno kroz prednja vrata. Zahvaljuju\u0107i dvoslojnoj konstrukciji na bo\u010dnim spojevima, ova kutija za otpatke sprje\u010dava da sme\u0107e dospije na pod. Prakti\u010dan pomo\u0107nik ako va\u0161a ma\u010dka voli grebanje! Zahvaljuju\u0107i zatvorenoj konstrukciji, ova kutija za pijesak pru\u017ea privatno mjesto gdje se va\u0161a ma\u010dka osje\u0107a sigurno da obavlja nu\u017edu i sprje\u010dava \u0161irenje mirisa.\" \/>\n<meta property=\"og:url\" content=\"https:\/\/inti.hr\/sr\/proizvod\/kutija-za-pijesak-s-poklopcem\/\" \/>\n<meta property=\"og:site_name\" content=\"Inti\" \/>\n<meta property=\"og:image\" content=\"https:\/\/i0.wp.com\/inti.hr\/wp-content\/uploads\/2025\/01\/PPT002B01-1.jpg?fit=1000%2C1000&ssl=1\" \/>\n\t<meta property=\"og:image:width\" content=\"1000\" \/>\n\t<meta property=\"og:image:height\" content=\"1000\" \/>\n\t<meta property=\"og:image:type\" content=\"image\/jpeg\" \/>\n<meta name=\"twitter:card\" content=\"summary_large_image\" \/>\n<script type=\"application\/ld+json\" class=\"yoast-schema-graph\">{\"@context\":\"https:\/\/schema.org\",\"@graph\":[{\"@type\":\"WebPage\",\"@id\":\"https:\/\/inti.hr\/sr\/proizvod\/kutija-za-pijesak-s-poklopcem\/\",\"url\":\"https:\/\/inti.hr\/sr\/proizvod\/kutija-za-pijesak-s-poklopcem\/\",\"name\":\"Kutija za pijesak s poklopcem - Inti\",\"isPartOf\":{\"@id\":\"https:\/\/inti.hr\/sr\/#website\"},\"primaryImageOfPage\":{\"@id\":\"https:\/\/inti.hr\/sr\/proizvod\/kutija-za-pijesak-s-poklopcem\/#primaryimage\"},\"image\":{\"@id\":\"https:\/\/inti.hr\/sr\/proizvod\/kutija-za-pijesak-s-poklopcem\/#primaryimage\"},\"thumbnailUrl\":\"https:\/\/i0.wp.com\/inti.hr\/wp-content\/uploads\/2025\/01\/PPT002B01-1.jpg?fit=1000%2C1000&ssl=1\",\"datePublished\":\"2025-01-15T16:23:44+00:00\",\"dateModified\":\"2025-01-15T16:23:44+00:00\",\"description\":\"S pladnjem na izvla\u010denje, kutija za otpatke mo\u017ee se lako isprazniti i napuniti novim posipom. Uklju\u010dena lopatica i \u010detka poma\u017eu u hvatanju sme\u0107a i \u010di\u0161\u0107enju sme\u0107a na vrhu ili u kutovima. Dizajn re\u0161etke na vrhu hvata sme\u0107e i omogu\u0107uje mu da padne natrag u kutiju kada va\u0161a ma\u010dka sko\u010di na vrh WC \u0161koljke. To smanjuje prljav\u0161tinu oko WC \u0161koljke i odr\u017eava va\u0161 dom \u010distim. Ulazna vrata se prema potrebi mogu otvoriti s jedne ili s obje strane pomo\u0107u okretnog gumba - otvorena s jedne strane: prednja vrata kao ulaz, a gornji otvor kao izlaz ili obrnuto; Otvoreno s obje strane: ulazite i izlazite slobodno kroz prednja vrata. Zahvaljuju\u0107i dvoslojnoj konstrukciji na bo\u010dnim spojevima, ova kutija za otpatke sprje\u010dava da sme\u0107e dospije na pod. Prakti\u010dan pomo\u0107nik ako va\u0161a ma\u010dka voli grebanje! Zahvaljuju\u0107i zatvorenoj konstrukciji, ova kutija za pijesak pru\u017ea privatno mjesto gdje se va\u0161a ma\u010dka osje\u0107a sigurno da obavlja nu\u017edu i sprje\u010dava \u0161irenje mirisa.\",\"breadcrumb\":{\"@id\":\"https:\/\/inti.hr\/sr\/proizvod\/kutija-za-pijesak-s-poklopcem\/#breadcrumb\"},\"inLanguage\":\"sr-RS\",\"potentialAction\":[{\"@type\":\"ReadAction\",\"target\":[\"https:\/\/inti.hr\/sr\/proizvod\/kutija-za-pijesak-s-poklopcem\/\"]}]},{\"@type\":\"ImageObject\",\"inLanguage\":\"sr-RS\",\"@id\":\"https:\/\/inti.hr\/sr\/proizvod\/kutija-za-pijesak-s-poklopcem\/#primaryimage\",\"url\":\"https:\/\/i0.wp.com\/inti.hr\/wp-content\/uploads\/2025\/01\/PPT002B01-1.jpg?fit=1000%2C1000&ssl=1\",\"contentUrl\":\"https:\/\/i0.wp.com\/inti.hr\/wp-content\/uploads\/2025\/01\/PPT002B01-1.jpg?fit=1000%2C1000&ssl=1\",\"width\":1000,\"height\":1000,\"caption\":\"Feandrea kutija za pijesak s poklopcem i pladnjem na izvla\u010denje golubije sivo-siva\"},{\"@type\":\"BreadcrumbList\",\"@id\":\"https:\/\/inti.hr\/sr\/proizvod\/kutija-za-pijesak-s-poklopcem\/#breadcrumb\",\"itemListElement\":[{\"@type\":\"ListItem\",\"position\":1,\"name\":\"Po\u010detna stranica\",\"item\":\"https:\/\/inti.hr\/sr\/\"},{\"@type\":\"ListItem\",\"position\":2,\"name\":\"Prodavnica\",\"item\":\"https:\/\/inti.hr\/sr\/prodavnica\/\"},{\"@type\":\"ListItem\",\"position\":3,\"name\":\"Kutija za pijesak s poklopcem\"}]},{\"@type\":\"WebSite\",\"@id\":\"https:\/\/inti.hr\/sr\/#website\",\"url\":\"https:\/\/inti.hr\/sr\/\",\"name\":\"Inti\",\"description\":\"trgovina\",\"potentialAction\":[{\"@type\":\"SearchAction\",\"target\":{\"@type\":\"EntryPoint\",\"urlTemplate\":\"https:\/\/inti.hr\/sr\/?s={search_term_string}\"},\"query-input\":{\"@type\":\"PropertyValueSpecification\",\"valueRequired\":true,\"valueName\":\"search_term_string\"}}],\"inLanguage\":\"sr-RS\"}]}<\/script>\n<!-- \/ Yoast SEO plugin. -->","yoast_head_json":{"title":"Kutija za pijesak s poklopcem - Inti","description":"S pladnjem na izvla\u010denje, kutija za otpatke mo\u017ee se lako isprazniti i napuniti novim posipom. Uklju\u010dena lopatica i \u010detka poma\u017eu u hvatanju sme\u0107a i \u010di\u0161\u0107enju sme\u0107a na vrhu ili u kutovima. Dizajn re\u0161etke na vrhu hvata sme\u0107e i omogu\u0107uje mu da padne natrag u kutiju kada va\u0161a ma\u010dka sko\u010di na vrh WC \u0161koljke. To smanjuje prljav\u0161tinu oko WC \u0161koljke i odr\u017eava va\u0161 dom \u010distim. Ulazna vrata se prema potrebi mogu otvoriti s jedne ili s obje strane pomo\u0107u okretnog gumba - otvorena s jedne strane: prednja vrata kao ulaz, a gornji otvor kao izlaz ili obrnuto; Otvoreno s obje strane: ulazite i izlazite slobodno kroz prednja vrata. Zahvaljuju\u0107i dvoslojnoj konstrukciji na bo\u010dnim spojevima, ova kutija za otpatke sprje\u010dava da sme\u0107e dospije na pod. Prakti\u010dan pomo\u0107nik ako va\u0161a ma\u010dka voli grebanje! Zahvaljuju\u0107i zatvorenoj konstrukciji, ova kutija za pijesak pru\u017ea privatno mjesto gdje se va\u0161a ma\u010dka osje\u0107a sigurno da obavlja nu\u017edu i sprje\u010dava \u0161irenje mirisa.","robots":{"index":"index","follow":"follow","max-snippet":"max-snippet:-1","max-image-preview":"max-image-preview:large","max-video-preview":"max-video-preview:-1"},"canonical":"https:\/\/inti.hr\/sr\/proizvod\/kutija-za-pijesak-s-poklopcem\/","og_locale":"sr_RS","og_type":"article","og_title":"Kutija za pijesak s poklopcem - Inti","og_description":"S pladnjem na izvla\u010denje, kutija za otpatke mo\u017ee se lako isprazniti i napuniti novim posipom. Uklju\u010dena lopatica i \u010detka poma\u017eu u hvatanju sme\u0107a i \u010di\u0161\u0107enju sme\u0107a na vrhu ili u kutovima. Dizajn re\u0161etke na vrhu hvata sme\u0107e i omogu\u0107uje mu da padne natrag u kutiju kada va\u0161a ma\u010dka sko\u010di na vrh WC \u0161koljke. To smanjuje prljav\u0161tinu oko WC \u0161koljke i odr\u017eava va\u0161 dom \u010distim. Ulazna vrata se prema potrebi mogu otvoriti s jedne ili s obje strane pomo\u0107u okretnog gumba - otvorena s jedne strane: prednja vrata kao ulaz, a gornji otvor kao izlaz ili obrnuto; Otvoreno s obje strane: ulazite i izlazite slobodno kroz prednja vrata. Zahvaljuju\u0107i dvoslojnoj konstrukciji na bo\u010dnim spojevima, ova kutija za otpatke sprje\u010dava da sme\u0107e dospije na pod. Prakti\u010dan pomo\u0107nik ako va\u0161a ma\u010dka voli grebanje! Zahvaljuju\u0107i zatvorenoj konstrukciji, ova kutija za pijesak pru\u017ea privatno mjesto gdje se va\u0161a ma\u010dka osje\u0107a sigurno da obavlja nu\u017edu i sprje\u010dava \u0161irenje mirisa.","og_url":"https:\/\/inti.hr\/sr\/proizvod\/kutija-za-pijesak-s-poklopcem\/","og_site_name":"Inti","og_image":[{"width":1000,"height":1000,"url":"https:\/\/i0.wp.com\/inti.hr\/wp-content\/uploads\/2025\/01\/PPT002B01-1.jpg?fit=1000%2C1000&ssl=1","type":"image\/jpeg"}],"twitter_card":"summary_large_image","schema":{"@context":"https:\/\/schema.org","@graph":[{"@type":"WebPage","@id":"https:\/\/inti.hr\/sr\/proizvod\/kutija-za-pijesak-s-poklopcem\/","url":"https:\/\/inti.hr\/sr\/proizvod\/kutija-za-pijesak-s-poklopcem\/","name":"Kutija za pijesak s poklopcem - Inti","isPartOf":{"@id":"https:\/\/inti.hr\/sr\/#website"},"primaryImageOfPage":{"@id":"https:\/\/inti.hr\/sr\/proizvod\/kutija-za-pijesak-s-poklopcem\/#primaryimage"},"image":{"@id":"https:\/\/inti.hr\/sr\/proizvod\/kutija-za-pijesak-s-poklopcem\/#primaryimage"},"thumbnailUrl":"https:\/\/i0.wp.com\/inti.hr\/wp-content\/uploads\/2025\/01\/PPT002B01-1.jpg?fit=1000%2C1000&ssl=1","datePublished":"2025-01-15T16:23:44+00:00","dateModified":"2025-01-15T16:23:44+00:00","description":"S pladnjem na izvla\u010denje, kutija za otpatke mo\u017ee se lako isprazniti i napuniti novim posipom. Uklju\u010dena lopatica i \u010detka poma\u017eu u hvatanju sme\u0107a i \u010di\u0161\u0107enju sme\u0107a na vrhu ili u kutovima. Dizajn re\u0161etke na vrhu hvata sme\u0107e i omogu\u0107uje mu da padne natrag u kutiju kada va\u0161a ma\u010dka sko\u010di na vrh WC \u0161koljke. To smanjuje prljav\u0161tinu oko WC \u0161koljke i odr\u017eava va\u0161 dom \u010distim. Ulazna vrata se prema potrebi mogu otvoriti s jedne ili s obje strane pomo\u0107u okretnog gumba - otvorena s jedne strane: prednja vrata kao ulaz, a gornji otvor kao izlaz ili obrnuto; Otvoreno s obje strane: ulazite i izlazite slobodno kroz prednja vrata. Zahvaljuju\u0107i dvoslojnoj konstrukciji na bo\u010dnim spojevima, ova kutija za otpatke sprje\u010dava da sme\u0107e dospije na pod. Prakti\u010dan pomo\u0107nik ako va\u0161a ma\u010dka voli grebanje! Zahvaljuju\u0107i zatvorenoj konstrukciji, ova kutija za pijesak pru\u017ea privatno mjesto gdje se va\u0161a ma\u010dka osje\u0107a sigurno da obavlja nu\u017edu i sprje\u010dava \u0161irenje mirisa.","breadcrumb":{"@id":"https:\/\/inti.hr\/sr\/proizvod\/kutija-za-pijesak-s-poklopcem\/#breadcrumb"},"inLanguage":"sr-RS","potentialAction":[{"@type":"ReadAction","target":["https:\/\/inti.hr\/sr\/proizvod\/kutija-za-pijesak-s-poklopcem\/"]}]},{"@type":"ImageObject","inLanguage":"sr-RS","@id":"https:\/\/inti.hr\/sr\/proizvod\/kutija-za-pijesak-s-poklopcem\/#primaryimage","url":"https:\/\/i0.wp.com\/inti.hr\/wp-content\/uploads\/2025\/01\/PPT002B01-1.jpg?fit=1000%2C1000&ssl=1","contentUrl":"https:\/\/i0.wp.com\/inti.hr\/wp-content\/uploads\/2025\/01\/PPT002B01-1.jpg?fit=1000%2C1000&ssl=1","width":1000,"height":1000,"caption":"Feandrea kutija za pijesak s poklopcem i pladnjem na izvla\u010denje golubije sivo-siva"},{"@type":"BreadcrumbList","@id":"https:\/\/inti.hr\/sr\/proizvod\/kutija-za-pijesak-s-poklopcem\/#breadcrumb","itemListElement":[{"@type":"ListItem","position":1,"name":"Po\u010detna stranica","item":"https:\/\/inti.hr\/sr\/"},{"@type":"ListItem","position":2,"name":"Prodavnica","item":"https:\/\/inti.hr\/sr\/prodavnica\/"},{"@type":"ListItem","position":3,"name":"Kutija za pijesak s poklopcem"}]},{"@type":"WebSite","@id":"https:\/\/inti.hr\/sr\/#website","url":"https:\/\/inti.hr\/sr\/","name":"Inti","description":"trgovina","potentialAction":[{"@type":"SearchAction","target":{"@type":"EntryPoint","urlTemplate":"https:\/\/inti.hr\/sr\/?s={search_term_string}"},"query-input":{"@type":"PropertyValueSpecification","valueRequired":true,"valueName":"search_term_string"}}],"inLanguage":"sr-RS"}]}},"jetpack_sharing_enabled":true,"jetpack-related-posts":[],"_links":{"self":[{"href":"https:\/\/inti.hr\/sr\/wp-json\/wp\/v2\/product\/31591"}],"collection":[{"href":"https:\/\/inti.hr\/sr\/wp-json\/wp\/v2\/product"}],"about":[{"href":"https:\/\/inti.hr\/sr\/wp-json\/wp\/v2\/types\/product"}],"wp:featuredmedia":[{"embeddable":true,"href":"https:\/\/inti.hr\/sr\/wp-json\/wp\/v2\/media\/31592"}],"wp:attachment":[{"href":"https:\/\/inti.hr\/sr\/wp-json\/wp\/v2\/media?parent=31591"}],"wp:term":[{"taxonomy":"product_cat","embeddable":true,"href":"https:\/\/inti.hr\/sr\/wp-json\/wp\/v2\/product_cat?post=31591"},{"taxonomy":"product_tag","embeddable":true,"href":"https:\/\/inti.hr\/sr\/wp-json\/wp\/v2\/product_tag?post=31591"}],"curies":[{"name":"wp","href":"https:\/\/api.w.org\/{rel}","templated":true}]}}