{"id":31605,"date":"2025-01-14T09:36:04","date_gmt":"2025-01-14T08:36:04","guid":{"rendered":"https:\/\/inti.hr\/product\/pomocni-stolic-c-oblika-s-2-ac-uticnice-krem-bijela\/"},"modified":"2025-01-14T09:36:04","modified_gmt":"2025-01-14T08:36:04","slug":"pomocni-stolic-c-oblika-s-2-ac-uticnice-krem-bijela","status":"publish","type":"product","link":"https:\/\/inti.hr\/sr\/proizvod\/pomocni-stolic-c-oblika-s-2-ac-uticnice-krem-bijela\/","title":{"rendered":"Pomo\u0107ni stoli\u0107 C oblika s 2 AC uti\u010dnice"},"content":{"rendered":"<p>Detalji proizvoda:<br \/>\nBoja: krem \u200b\u200bbijela, crna<br \/>\nVeli\u010dina: 30 x 40 x 62 cm (D x \u0160 x V)<br \/>\nMaterijal: iverica, \u010delik, poliesterska tkanina<br \/>\nTe\u017eina: 4,1 kg<br \/>\nMaksimalna stati\u010dka nosivost: 20 kg<\/p>\n","protected":false},"excerpt":{"rendered":"<p>S dimenzijama 30 x 40 x 62 cm, ovaj pomo\u0107ni stoli\u0107 &#8230; <\/p>\n","protected":false},"featured_media":31606,"template":"","meta":[],"product_cat":[2421],"product_tag":[3027],"yoast_head":"<!-- This site is optimized with the Yoast SEO plugin v23.7 - https:\/\/yoast.com\/wordpress\/plugins\/seo\/ -->\n<title>Pomo\u0107ni stoli\u0107 C oblika s 2 AC uti\u010dnice - Inti<\/title>\n<meta name=\"description\" content=\"S dimenzijama 30 x 40 x 62 cm, ovaj pomo\u0107ni stoli\u0107 u obliku slova C savr\u0161eno se uklapa u male prostore, a njegov se okvir lako mo\u017ee gurnuti ispod sofe ili kreveta, nude\u0107i vam ve\u0107u udobnost. Napravljen od visokokvalitetnog iverala i \u010deli\u010dnog okvira, stoli\u0107 \u0107e vam dugo slu\u017eiti. Ovaj stol je savr\u0161en za udoban doru\u010dak pored kreveta ili kao prakti\u010dna, privremena radna stanica. Mo\u017eete ga postaviti pored sofe kako bi grickalice i daljinski upravlja\u010di bili pri ruci. Opremljen s 2 uti\u010dnice i 2 USB priklju\u010dka, ovaj no\u0107ni ormari\u0107 omogu\u0107uje vam jednostavno punjenje mobilnih telefona, tableta i prijenosnih ra\u010dunala, a torba za pohranu \u010duva svakodnevne stvari organizirane i na dohvat ruke. Zahvaljuju\u0107i jednostavnoj strukturi, ozna\u010denim dijelovima i jasnim uputama, ovaj stoli\u0107 mo\u017eete sastaviti vrlo brzo.\" \/>\n<meta name=\"robots\" content=\"index, follow, max-snippet:-1, max-image-preview:large, max-video-preview:-1\" \/>\n<link rel=\"canonical\" href=\"https:\/\/inti.hr\/sr\/proizvod\/pomocni-stolic-c-oblika-s-2-ac-uticnice-krem-bijela\/\" \/>\n<meta property=\"og:locale\" content=\"sr_RS\" \/>\n<meta property=\"og:type\" content=\"article\" \/>\n<meta property=\"og:title\" content=\"Pomo\u0107ni stoli\u0107 C oblika s 2 AC uti\u010dnice - Inti\" \/>\n<meta property=\"og:description\" content=\"S dimenzijama 30 x 40 x 62 cm, ovaj pomo\u0107ni stoli\u0107 u obliku slova C savr\u0161eno se uklapa u male prostore, a njegov se okvir lako mo\u017ee gurnuti ispod sofe ili kreveta, nude\u0107i vam ve\u0107u udobnost. Napravljen od visokokvalitetnog iverala i \u010deli\u010dnog okvira, stoli\u0107 \u0107e vam dugo slu\u017eiti. Ovaj stol je savr\u0161en za udoban doru\u010dak pored kreveta ili kao prakti\u010dna, privremena radna stanica. Mo\u017eete ga postaviti pored sofe kako bi grickalice i daljinski upravlja\u010di bili pri ruci. Opremljen s 2 uti\u010dnice i 2 USB priklju\u010dka, ovaj no\u0107ni ormari\u0107 omogu\u0107uje vam jednostavno punjenje mobilnih telefona, tableta i prijenosnih ra\u010dunala, a torba za pohranu \u010duva svakodnevne stvari organizirane i na dohvat ruke. Zahvaljuju\u0107i jednostavnoj strukturi, ozna\u010denim dijelovima i jasnim uputama, ovaj stoli\u0107 mo\u017eete sastaviti vrlo brzo.\" \/>\n<meta property=\"og:url\" content=\"https:\/\/inti.hr\/sr\/proizvod\/pomocni-stolic-c-oblika-s-2-ac-uticnice-krem-bijela\/\" \/>\n<meta property=\"og:site_name\" content=\"Inti\" \/>\n<meta property=\"og:image\" content=\"https:\/\/i0.wp.com\/inti.hr\/wp-content\/uploads\/2025\/01\/LET356W02-2.jpg?fit=800%2C1000&ssl=1\" \/>\n\t<meta property=\"og:image:width\" content=\"800\" \/>\n\t<meta property=\"og:image:height\" content=\"1000\" \/>\n\t<meta property=\"og:image:type\" content=\"image\/jpeg\" \/>\n<meta name=\"twitter:card\" content=\"summary_large_image\" \/>\n<script type=\"application\/ld+json\" class=\"yoast-schema-graph\">{\"@context\":\"https:\/\/schema.org\",\"@graph\":[{\"@type\":\"WebPage\",\"@id\":\"https:\/\/inti.hr\/sr\/proizvod\/pomocni-stolic-c-oblika-s-2-ac-uticnice-krem-bijela\/\",\"url\":\"https:\/\/inti.hr\/sr\/proizvod\/pomocni-stolic-c-oblika-s-2-ac-uticnice-krem-bijela\/\",\"name\":\"Pomo\u0107ni stoli\u0107 C oblika s 2 AC uti\u010dnice - Inti\",\"isPartOf\":{\"@id\":\"https:\/\/inti.hr\/sr\/#website\"},\"primaryImageOfPage\":{\"@id\":\"https:\/\/inti.hr\/sr\/proizvod\/pomocni-stolic-c-oblika-s-2-ac-uticnice-krem-bijela\/#primaryimage\"},\"image\":{\"@id\":\"https:\/\/inti.hr\/sr\/proizvod\/pomocni-stolic-c-oblika-s-2-ac-uticnice-krem-bijela\/#primaryimage\"},\"thumbnailUrl\":\"https:\/\/i0.wp.com\/inti.hr\/wp-content\/uploads\/2025\/01\/LET356W02-2.jpg?fit=800%2C1000&ssl=1\",\"datePublished\":\"2025-01-14T08:36:04+00:00\",\"dateModified\":\"2025-01-14T08:36:04+00:00\",\"description\":\"S dimenzijama 30 x 40 x 62 cm, ovaj pomo\u0107ni stoli\u0107 u obliku slova C savr\u0161eno se uklapa u male prostore, a njegov se okvir lako mo\u017ee gurnuti ispod sofe ili kreveta, nude\u0107i vam ve\u0107u udobnost. Napravljen od visokokvalitetnog iverala i \u010deli\u010dnog okvira, stoli\u0107 \u0107e vam dugo slu\u017eiti. Ovaj stol je savr\u0161en za udoban doru\u010dak pored kreveta ili kao prakti\u010dna, privremena radna stanica. Mo\u017eete ga postaviti pored sofe kako bi grickalice i daljinski upravlja\u010di bili pri ruci. Opremljen s 2 uti\u010dnice i 2 USB priklju\u010dka, ovaj no\u0107ni ormari\u0107 omogu\u0107uje vam jednostavno punjenje mobilnih telefona, tableta i prijenosnih ra\u010dunala, a torba za pohranu \u010duva svakodnevne stvari organizirane i na dohvat ruke. Zahvaljuju\u0107i jednostavnoj strukturi, ozna\u010denim dijelovima i jasnim uputama, ovaj stoli\u0107 mo\u017eete sastaviti vrlo brzo.\",\"breadcrumb\":{\"@id\":\"https:\/\/inti.hr\/sr\/proizvod\/pomocni-stolic-c-oblika-s-2-ac-uticnice-krem-bijela\/#breadcrumb\"},\"inLanguage\":\"sr-RS\",\"potentialAction\":[{\"@type\":\"ReadAction\",\"target\":[\"https:\/\/inti.hr\/sr\/proizvod\/pomocni-stolic-c-oblika-s-2-ac-uticnice-krem-bijela\/\"]}]},{\"@type\":\"ImageObject\",\"inLanguage\":\"sr-RS\",\"@id\":\"https:\/\/inti.hr\/sr\/proizvod\/pomocni-stolic-c-oblika-s-2-ac-uticnice-krem-bijela\/#primaryimage\",\"url\":\"https:\/\/i0.wp.com\/inti.hr\/wp-content\/uploads\/2025\/01\/LET356W02-2.jpg?fit=800%2C1000&ssl=1\",\"contentUrl\":\"https:\/\/i0.wp.com\/inti.hr\/wp-content\/uploads\/2025\/01\/LET356W02-2.jpg?fit=800%2C1000&ssl=1\",\"width\":800,\"height\":1000,\"caption\":\"VASAGLE pomo\u0107ni stoli\u0107 C oblika s 2 AC uti\u010dnice krem \u200b\u200bbijela\"},{\"@type\":\"BreadcrumbList\",\"@id\":\"https:\/\/inti.hr\/sr\/proizvod\/pomocni-stolic-c-oblika-s-2-ac-uticnice-krem-bijela\/#breadcrumb\",\"itemListElement\":[{\"@type\":\"ListItem\",\"position\":1,\"name\":\"Po\u010detna stranica\",\"item\":\"https:\/\/inti.hr\/sr\/\"},{\"@type\":\"ListItem\",\"position\":2,\"name\":\"Prodavnica\",\"item\":\"https:\/\/inti.hr\/sr\/prodavnica\/\"},{\"@type\":\"ListItem\",\"position\":3,\"name\":\"Pomo\u0107ni stoli\u0107 C oblika s 2 AC uti\u010dnice\"}]},{\"@type\":\"WebSite\",\"@id\":\"https:\/\/inti.hr\/sr\/#website\",\"url\":\"https:\/\/inti.hr\/sr\/\",\"name\":\"Inti\",\"description\":\"trgovina\",\"potentialAction\":[{\"@type\":\"SearchAction\",\"target\":{\"@type\":\"EntryPoint\",\"urlTemplate\":\"https:\/\/inti.hr\/sr\/?s={search_term_string}\"},\"query-input\":{\"@type\":\"PropertyValueSpecification\",\"valueRequired\":true,\"valueName\":\"search_term_string\"}}],\"inLanguage\":\"sr-RS\"}]}<\/script>\n<!-- \/ Yoast SEO plugin. -->","yoast_head_json":{"title":"Pomo\u0107ni stoli\u0107 C oblika s 2 AC uti\u010dnice - Inti","description":"S dimenzijama 30 x 40 x 62 cm, ovaj pomo\u0107ni stoli\u0107 u obliku slova C savr\u0161eno se uklapa u male prostore, a njegov se okvir lako mo\u017ee gurnuti ispod sofe ili kreveta, nude\u0107i vam ve\u0107u udobnost. Napravljen od visokokvalitetnog iverala i \u010deli\u010dnog okvira, stoli\u0107 \u0107e vam dugo slu\u017eiti. Ovaj stol je savr\u0161en za udoban doru\u010dak pored kreveta ili kao prakti\u010dna, privremena radna stanica. Mo\u017eete ga postaviti pored sofe kako bi grickalice i daljinski upravlja\u010di bili pri ruci. Opremljen s 2 uti\u010dnice i 2 USB priklju\u010dka, ovaj no\u0107ni ormari\u0107 omogu\u0107uje vam jednostavno punjenje mobilnih telefona, tableta i prijenosnih ra\u010dunala, a torba za pohranu \u010duva svakodnevne stvari organizirane i na dohvat ruke. Zahvaljuju\u0107i jednostavnoj strukturi, ozna\u010denim dijelovima i jasnim uputama, ovaj stoli\u0107 mo\u017eete sastaviti vrlo brzo.","robots":{"index":"index","follow":"follow","max-snippet":"max-snippet:-1","max-image-preview":"max-image-preview:large","max-video-preview":"max-video-preview:-1"},"canonical":"https:\/\/inti.hr\/sr\/proizvod\/pomocni-stolic-c-oblika-s-2-ac-uticnice-krem-bijela\/","og_locale":"sr_RS","og_type":"article","og_title":"Pomo\u0107ni stoli\u0107 C oblika s 2 AC uti\u010dnice - Inti","og_description":"S dimenzijama 30 x 40 x 62 cm, ovaj pomo\u0107ni stoli\u0107 u obliku slova C savr\u0161eno se uklapa u male prostore, a njegov se okvir lako mo\u017ee gurnuti ispod sofe ili kreveta, nude\u0107i vam ve\u0107u udobnost. Napravljen od visokokvalitetnog iverala i \u010deli\u010dnog okvira, stoli\u0107 \u0107e vam dugo slu\u017eiti. Ovaj stol je savr\u0161en za udoban doru\u010dak pored kreveta ili kao prakti\u010dna, privremena radna stanica. Mo\u017eete ga postaviti pored sofe kako bi grickalice i daljinski upravlja\u010di bili pri ruci. Opremljen s 2 uti\u010dnice i 2 USB priklju\u010dka, ovaj no\u0107ni ormari\u0107 omogu\u0107uje vam jednostavno punjenje mobilnih telefona, tableta i prijenosnih ra\u010dunala, a torba za pohranu \u010duva svakodnevne stvari organizirane i na dohvat ruke. Zahvaljuju\u0107i jednostavnoj strukturi, ozna\u010denim dijelovima i jasnim uputama, ovaj stoli\u0107 mo\u017eete sastaviti vrlo brzo.","og_url":"https:\/\/inti.hr\/sr\/proizvod\/pomocni-stolic-c-oblika-s-2-ac-uticnice-krem-bijela\/","og_site_name":"Inti","og_image":[{"width":800,"height":1000,"url":"https:\/\/i0.wp.com\/inti.hr\/wp-content\/uploads\/2025\/01\/LET356W02-2.jpg?fit=800%2C1000&ssl=1","type":"image\/jpeg"}],"twitter_card":"summary_large_image","schema":{"@context":"https:\/\/schema.org","@graph":[{"@type":"WebPage","@id":"https:\/\/inti.hr\/sr\/proizvod\/pomocni-stolic-c-oblika-s-2-ac-uticnice-krem-bijela\/","url":"https:\/\/inti.hr\/sr\/proizvod\/pomocni-stolic-c-oblika-s-2-ac-uticnice-krem-bijela\/","name":"Pomo\u0107ni stoli\u0107 C oblika s 2 AC uti\u010dnice - Inti","isPartOf":{"@id":"https:\/\/inti.hr\/sr\/#website"},"primaryImageOfPage":{"@id":"https:\/\/inti.hr\/sr\/proizvod\/pomocni-stolic-c-oblika-s-2-ac-uticnice-krem-bijela\/#primaryimage"},"image":{"@id":"https:\/\/inti.hr\/sr\/proizvod\/pomocni-stolic-c-oblika-s-2-ac-uticnice-krem-bijela\/#primaryimage"},"thumbnailUrl":"https:\/\/i0.wp.com\/inti.hr\/wp-content\/uploads\/2025\/01\/LET356W02-2.jpg?fit=800%2C1000&ssl=1","datePublished":"2025-01-14T08:36:04+00:00","dateModified":"2025-01-14T08:36:04+00:00","description":"S dimenzijama 30 x 40 x 62 cm, ovaj pomo\u0107ni stoli\u0107 u obliku slova C savr\u0161eno se uklapa u male prostore, a njegov se okvir lako mo\u017ee gurnuti ispod sofe ili kreveta, nude\u0107i vam ve\u0107u udobnost. Napravljen od visokokvalitetnog iverala i \u010deli\u010dnog okvira, stoli\u0107 \u0107e vam dugo slu\u017eiti. Ovaj stol je savr\u0161en za udoban doru\u010dak pored kreveta ili kao prakti\u010dna, privremena radna stanica. Mo\u017eete ga postaviti pored sofe kako bi grickalice i daljinski upravlja\u010di bili pri ruci. Opremljen s 2 uti\u010dnice i 2 USB priklju\u010dka, ovaj no\u0107ni ormari\u0107 omogu\u0107uje vam jednostavno punjenje mobilnih telefona, tableta i prijenosnih ra\u010dunala, a torba za pohranu \u010duva svakodnevne stvari organizirane i na dohvat ruke. Zahvaljuju\u0107i jednostavnoj strukturi, ozna\u010denim dijelovima i jasnim uputama, ovaj stoli\u0107 mo\u017eete sastaviti vrlo brzo.","breadcrumb":{"@id":"https:\/\/inti.hr\/sr\/proizvod\/pomocni-stolic-c-oblika-s-2-ac-uticnice-krem-bijela\/#breadcrumb"},"inLanguage":"sr-RS","potentialAction":[{"@type":"ReadAction","target":["https:\/\/inti.hr\/sr\/proizvod\/pomocni-stolic-c-oblika-s-2-ac-uticnice-krem-bijela\/"]}]},{"@type":"ImageObject","inLanguage":"sr-RS","@id":"https:\/\/inti.hr\/sr\/proizvod\/pomocni-stolic-c-oblika-s-2-ac-uticnice-krem-bijela\/#primaryimage","url":"https:\/\/i0.wp.com\/inti.hr\/wp-content\/uploads\/2025\/01\/LET356W02-2.jpg?fit=800%2C1000&ssl=1","contentUrl":"https:\/\/i0.wp.com\/inti.hr\/wp-content\/uploads\/2025\/01\/LET356W02-2.jpg?fit=800%2C1000&ssl=1","width":800,"height":1000,"caption":"VASAGLE pomo\u0107ni stoli\u0107 C oblika s 2 AC uti\u010dnice krem \u200b\u200bbijela"},{"@type":"BreadcrumbList","@id":"https:\/\/inti.hr\/sr\/proizvod\/pomocni-stolic-c-oblika-s-2-ac-uticnice-krem-bijela\/#breadcrumb","itemListElement":[{"@type":"ListItem","position":1,"name":"Po\u010detna stranica","item":"https:\/\/inti.hr\/sr\/"},{"@type":"ListItem","position":2,"name":"Prodavnica","item":"https:\/\/inti.hr\/sr\/prodavnica\/"},{"@type":"ListItem","position":3,"name":"Pomo\u0107ni stoli\u0107 C oblika s 2 AC uti\u010dnice"}]},{"@type":"WebSite","@id":"https:\/\/inti.hr\/sr\/#website","url":"https:\/\/inti.hr\/sr\/","name":"Inti","description":"trgovina","potentialAction":[{"@type":"SearchAction","target":{"@type":"EntryPoint","urlTemplate":"https:\/\/inti.hr\/sr\/?s={search_term_string}"},"query-input":{"@type":"PropertyValueSpecification","valueRequired":true,"valueName":"search_term_string"}}],"inLanguage":"sr-RS"}]}},"jetpack_sharing_enabled":true,"jetpack-related-posts":[],"_links":{"self":[{"href":"https:\/\/inti.hr\/sr\/wp-json\/wp\/v2\/product\/31605"}],"collection":[{"href":"https:\/\/inti.hr\/sr\/wp-json\/wp\/v2\/product"}],"about":[{"href":"https:\/\/inti.hr\/sr\/wp-json\/wp\/v2\/types\/product"}],"wp:featuredmedia":[{"embeddable":true,"href":"https:\/\/inti.hr\/sr\/wp-json\/wp\/v2\/media\/31606"}],"wp:attachment":[{"href":"https:\/\/inti.hr\/sr\/wp-json\/wp\/v2\/media?parent=31605"}],"wp:term":[{"taxonomy":"product_cat","embeddable":true,"href":"https:\/\/inti.hr\/sr\/wp-json\/wp\/v2\/product_cat?post=31605"},{"taxonomy":"product_tag","embeddable":true,"href":"https:\/\/inti.hr\/sr\/wp-json\/wp\/v2\/product_tag?post=31605"}],"curies":[{"name":"wp","href":"https:\/\/api.w.org\/{rel}","templated":true}]}}