{"id":31627,"date":"2025-01-13T13:02:31","date_gmt":"2025-01-13T12:02:31","guid":{"rendered":"https:\/\/inti.hr\/product\/wc-polica-s-kliznim-vratima-25-x-83-x-170-cm\/"},"modified":"2025-01-13T13:02:31","modified_gmt":"2025-01-13T12:02:31","slug":"wc-polica-s-kliznim-vratima-25-x-83-x-170-cm","status":"publish","type":"product","link":"https:\/\/inti.hr\/sr\/proizvod\/wc-polica-s-kliznim-vratima-25-x-83-x-170-cm\/","title":{"rendered":"WC polica s kliznim vratima 25 x 83 x 170 cm"},"content":{"rendered":"<p>Detalji proizvoda:<br \/>\nBoja: oblak bijela<br \/>\nMaterijal: iverica, MDF (vlaknatica srednje gusto\u0107e)<br \/>\nVeli\u010dina: 25 x 83 x 170 cm (D x \u0160 x V)<br \/>\nTe\u017eina: 26,3 kg<br \/>\nMaksimalna stati\u010dka nosivost: 95,1 kg<\/p>\n","protected":false},"excerpt":{"rendered":"<p>Polica za kupaonicu impresionira svojim modernim i jednostavnim dizajnom. Sa svojom &#8230; <\/p>\n","protected":false},"featured_media":31628,"template":"","meta":[],"product_cat":[2396],"product_tag":[2522,3035],"yoast_head":"<!-- This site is optimized with the Yoast SEO plugin v23.7 - https:\/\/yoast.com\/wordpress\/plugins\/seo\/ -->\n<title>WC polica s kliznim vratima 25 x 83 x 170 cm - Inti<\/title>\n<meta name=\"description\" content=\"Polica za kupaonicu impresionira svojim modernim i jednostavnim dizajnom. Sa svojom bijelom povr\u0161inom va\u0161oj kupaonici daje elegantan \u0161tih. Stil i funkcionalnost u jednom \u2013 ovo je savr\u0161ena nadopuna va\u0161oj kupaonici. Donji ormari\u0107 mo\u017ee se montirati lijevo ili desno prema potrebi. Klizna vrata koja se glatko pokre\u0107u omogu\u0107uju lak pristup, a police podesive visine prikladne su za predmete razli\u010ditih visina. S dovoljno prostora na dnu, kupaonska polica odgovara ve\u0107ini WC \u0161koljki bez ometanja poklopca WC \u0161koljke prilikom otvaranja. Razmak izme\u0111u pre\u010dke i tla je dovoljno velik, \u0161to ga \u010dini prikladnim za razne cijevi za dovod vode. S policama za toaletne potrep\u0161tine, malim ormari\u0107em na dnu i dr\u017ea\u010dem za role u odjeljku, kupaonska polica dr\u017ei sve na dohvat ruke. Tako\u0111er zauzima vrlo malo prostora i optimalno iskori\u0161tava prostor u kupaonici. Izra\u0111ena od visokokvalitetnih plo\u010da, polica je robusna, izdr\u017eljiva, a povr\u0161ina je vodootporna. Opremljena za\u0161titom od prevrtanja, WC polica osigurava ve\u0107u stabilnost i sigurnost u svakodnevnoj uporabi.\" \/>\n<meta name=\"robots\" content=\"index, follow, max-snippet:-1, max-image-preview:large, max-video-preview:-1\" \/>\n<link rel=\"canonical\" href=\"https:\/\/inti.hr\/sr\/proizvod\/wc-polica-s-kliznim-vratima-25-x-83-x-170-cm\/\" \/>\n<meta property=\"og:locale\" content=\"sr_RS\" \/>\n<meta property=\"og:type\" content=\"article\" \/>\n<meta property=\"og:title\" content=\"WC polica s kliznim vratima 25 x 83 x 170 cm - Inti\" \/>\n<meta property=\"og:description\" content=\"Polica za kupaonicu impresionira svojim modernim i jednostavnim dizajnom. Sa svojom bijelom povr\u0161inom va\u0161oj kupaonici daje elegantan \u0161tih. Stil i funkcionalnost u jednom \u2013 ovo je savr\u0161ena nadopuna va\u0161oj kupaonici. Donji ormari\u0107 mo\u017ee se montirati lijevo ili desno prema potrebi. Klizna vrata koja se glatko pokre\u0107u omogu\u0107uju lak pristup, a police podesive visine prikladne su za predmete razli\u010ditih visina. S dovoljno prostora na dnu, kupaonska polica odgovara ve\u0107ini WC \u0161koljki bez ometanja poklopca WC \u0161koljke prilikom otvaranja. Razmak izme\u0111u pre\u010dke i tla je dovoljno velik, \u0161to ga \u010dini prikladnim za razne cijevi za dovod vode. S policama za toaletne potrep\u0161tine, malim ormari\u0107em na dnu i dr\u017ea\u010dem za role u odjeljku, kupaonska polica dr\u017ei sve na dohvat ruke. Tako\u0111er zauzima vrlo malo prostora i optimalno iskori\u0161tava prostor u kupaonici. Izra\u0111ena od visokokvalitetnih plo\u010da, polica je robusna, izdr\u017eljiva, a povr\u0161ina je vodootporna. Opremljena za\u0161titom od prevrtanja, WC polica osigurava ve\u0107u stabilnost i sigurnost u svakodnevnoj uporabi.\" \/>\n<meta property=\"og:url\" content=\"https:\/\/inti.hr\/sr\/proizvod\/wc-polica-s-kliznim-vratima-25-x-83-x-170-cm\/\" \/>\n<meta property=\"og:site_name\" content=\"Inti\" \/>\n<meta property=\"og:image\" content=\"https:\/\/i0.wp.com\/inti.hr\/wp-content\/uploads\/2025\/01\/BTS018W01-1.jpg?fit=1000%2C1000&ssl=1\" \/>\n\t<meta property=\"og:image:width\" content=\"1000\" \/>\n\t<meta property=\"og:image:height\" content=\"1000\" \/>\n\t<meta property=\"og:image:type\" content=\"image\/jpeg\" \/>\n<meta name=\"twitter:card\" content=\"summary_large_image\" \/>\n<script type=\"application\/ld+json\" class=\"yoast-schema-graph\">{\"@context\":\"https:\/\/schema.org\",\"@graph\":[{\"@type\":\"WebPage\",\"@id\":\"https:\/\/inti.hr\/sr\/proizvod\/wc-polica-s-kliznim-vratima-25-x-83-x-170-cm\/\",\"url\":\"https:\/\/inti.hr\/sr\/proizvod\/wc-polica-s-kliznim-vratima-25-x-83-x-170-cm\/\",\"name\":\"WC polica s kliznim vratima 25 x 83 x 170 cm - Inti\",\"isPartOf\":{\"@id\":\"https:\/\/inti.hr\/sr\/#website\"},\"primaryImageOfPage\":{\"@id\":\"https:\/\/inti.hr\/sr\/proizvod\/wc-polica-s-kliznim-vratima-25-x-83-x-170-cm\/#primaryimage\"},\"image\":{\"@id\":\"https:\/\/inti.hr\/sr\/proizvod\/wc-polica-s-kliznim-vratima-25-x-83-x-170-cm\/#primaryimage\"},\"thumbnailUrl\":\"https:\/\/i0.wp.com\/inti.hr\/wp-content\/uploads\/2025\/01\/BTS018W01-1.jpg?fit=1000%2C1000&ssl=1\",\"datePublished\":\"2025-01-13T12:02:31+00:00\",\"dateModified\":\"2025-01-13T12:02:31+00:00\",\"description\":\"Polica za kupaonicu impresionira svojim modernim i jednostavnim dizajnom. Sa svojom bijelom povr\u0161inom va\u0161oj kupaonici daje elegantan \u0161tih. Stil i funkcionalnost u jednom \u2013 ovo je savr\u0161ena nadopuna va\u0161oj kupaonici. Donji ormari\u0107 mo\u017ee se montirati lijevo ili desno prema potrebi. Klizna vrata koja se glatko pokre\u0107u omogu\u0107uju lak pristup, a police podesive visine prikladne su za predmete razli\u010ditih visina. S dovoljno prostora na dnu, kupaonska polica odgovara ve\u0107ini WC \u0161koljki bez ometanja poklopca WC \u0161koljke prilikom otvaranja. Razmak izme\u0111u pre\u010dke i tla je dovoljno velik, \u0161to ga \u010dini prikladnim za razne cijevi za dovod vode. S policama za toaletne potrep\u0161tine, malim ormari\u0107em na dnu i dr\u017ea\u010dem za role u odjeljku, kupaonska polica dr\u017ei sve na dohvat ruke. Tako\u0111er zauzima vrlo malo prostora i optimalno iskori\u0161tava prostor u kupaonici. Izra\u0111ena od visokokvalitetnih plo\u010da, polica je robusna, izdr\u017eljiva, a povr\u0161ina je vodootporna. Opremljena za\u0161titom od prevrtanja, WC polica osigurava ve\u0107u stabilnost i sigurnost u svakodnevnoj uporabi.\",\"breadcrumb\":{\"@id\":\"https:\/\/inti.hr\/sr\/proizvod\/wc-polica-s-kliznim-vratima-25-x-83-x-170-cm\/#breadcrumb\"},\"inLanguage\":\"sr-RS\",\"potentialAction\":[{\"@type\":\"ReadAction\",\"target\":[\"https:\/\/inti.hr\/sr\/proizvod\/wc-polica-s-kliznim-vratima-25-x-83-x-170-cm\/\"]}]},{\"@type\":\"ImageObject\",\"inLanguage\":\"sr-RS\",\"@id\":\"https:\/\/inti.hr\/sr\/proizvod\/wc-polica-s-kliznim-vratima-25-x-83-x-170-cm\/#primaryimage\",\"url\":\"https:\/\/i0.wp.com\/inti.hr\/wp-content\/uploads\/2025\/01\/BTS018W01-1.jpg?fit=1000%2C1000&ssl=1\",\"contentUrl\":\"https:\/\/i0.wp.com\/inti.hr\/wp-content\/uploads\/2025\/01\/BTS018W01-1.jpg?fit=1000%2C1000&ssl=1\",\"width\":1000,\"height\":1000,\"caption\":\"VASAGLE WC polica s kliznim vratima 25 x 83 x 170 cm oblak bijela\"},{\"@type\":\"BreadcrumbList\",\"@id\":\"https:\/\/inti.hr\/sr\/proizvod\/wc-polica-s-kliznim-vratima-25-x-83-x-170-cm\/#breadcrumb\",\"itemListElement\":[{\"@type\":\"ListItem\",\"position\":1,\"name\":\"Po\u010detna stranica\",\"item\":\"https:\/\/inti.hr\/sr\/\"},{\"@type\":\"ListItem\",\"position\":2,\"name\":\"Prodavnica\",\"item\":\"https:\/\/inti.hr\/sr\/prodavnica\/\"},{\"@type\":\"ListItem\",\"position\":3,\"name\":\"WC polica s kliznim vratima 25 x 83 x 170 cm\"}]},{\"@type\":\"WebSite\",\"@id\":\"https:\/\/inti.hr\/sr\/#website\",\"url\":\"https:\/\/inti.hr\/sr\/\",\"name\":\"Inti\",\"description\":\"trgovina\",\"potentialAction\":[{\"@type\":\"SearchAction\",\"target\":{\"@type\":\"EntryPoint\",\"urlTemplate\":\"https:\/\/inti.hr\/sr\/?s={search_term_string}\"},\"query-input\":{\"@type\":\"PropertyValueSpecification\",\"valueRequired\":true,\"valueName\":\"search_term_string\"}}],\"inLanguage\":\"sr-RS\"}]}<\/script>\n<!-- \/ Yoast SEO plugin. -->","yoast_head_json":{"title":"WC polica s kliznim vratima 25 x 83 x 170 cm - Inti","description":"Polica za kupaonicu impresionira svojim modernim i jednostavnim dizajnom. Sa svojom bijelom povr\u0161inom va\u0161oj kupaonici daje elegantan \u0161tih. Stil i funkcionalnost u jednom \u2013 ovo je savr\u0161ena nadopuna va\u0161oj kupaonici. Donji ormari\u0107 mo\u017ee se montirati lijevo ili desno prema potrebi. Klizna vrata koja se glatko pokre\u0107u omogu\u0107uju lak pristup, a police podesive visine prikladne su za predmete razli\u010ditih visina. S dovoljno prostora na dnu, kupaonska polica odgovara ve\u0107ini WC \u0161koljki bez ometanja poklopca WC \u0161koljke prilikom otvaranja. Razmak izme\u0111u pre\u010dke i tla je dovoljno velik, \u0161to ga \u010dini prikladnim za razne cijevi za dovod vode. S policama za toaletne potrep\u0161tine, malim ormari\u0107em na dnu i dr\u017ea\u010dem za role u odjeljku, kupaonska polica dr\u017ei sve na dohvat ruke. Tako\u0111er zauzima vrlo malo prostora i optimalno iskori\u0161tava prostor u kupaonici. Izra\u0111ena od visokokvalitetnih plo\u010da, polica je robusna, izdr\u017eljiva, a povr\u0161ina je vodootporna. Opremljena za\u0161titom od prevrtanja, WC polica osigurava ve\u0107u stabilnost i sigurnost u svakodnevnoj uporabi.","robots":{"index":"index","follow":"follow","max-snippet":"max-snippet:-1","max-image-preview":"max-image-preview:large","max-video-preview":"max-video-preview:-1"},"canonical":"https:\/\/inti.hr\/sr\/proizvod\/wc-polica-s-kliznim-vratima-25-x-83-x-170-cm\/","og_locale":"sr_RS","og_type":"article","og_title":"WC polica s kliznim vratima 25 x 83 x 170 cm - Inti","og_description":"Polica za kupaonicu impresionira svojim modernim i jednostavnim dizajnom. Sa svojom bijelom povr\u0161inom va\u0161oj kupaonici daje elegantan \u0161tih. Stil i funkcionalnost u jednom \u2013 ovo je savr\u0161ena nadopuna va\u0161oj kupaonici. Donji ormari\u0107 mo\u017ee se montirati lijevo ili desno prema potrebi. Klizna vrata koja se glatko pokre\u0107u omogu\u0107uju lak pristup, a police podesive visine prikladne su za predmete razli\u010ditih visina. S dovoljno prostora na dnu, kupaonska polica odgovara ve\u0107ini WC \u0161koljki bez ometanja poklopca WC \u0161koljke prilikom otvaranja. Razmak izme\u0111u pre\u010dke i tla je dovoljno velik, \u0161to ga \u010dini prikladnim za razne cijevi za dovod vode. S policama za toaletne potrep\u0161tine, malim ormari\u0107em na dnu i dr\u017ea\u010dem za role u odjeljku, kupaonska polica dr\u017ei sve na dohvat ruke. Tako\u0111er zauzima vrlo malo prostora i optimalno iskori\u0161tava prostor u kupaonici. Izra\u0111ena od visokokvalitetnih plo\u010da, polica je robusna, izdr\u017eljiva, a povr\u0161ina je vodootporna. Opremljena za\u0161titom od prevrtanja, WC polica osigurava ve\u0107u stabilnost i sigurnost u svakodnevnoj uporabi.","og_url":"https:\/\/inti.hr\/sr\/proizvod\/wc-polica-s-kliznim-vratima-25-x-83-x-170-cm\/","og_site_name":"Inti","og_image":[{"width":1000,"height":1000,"url":"https:\/\/i0.wp.com\/inti.hr\/wp-content\/uploads\/2025\/01\/BTS018W01-1.jpg?fit=1000%2C1000&ssl=1","type":"image\/jpeg"}],"twitter_card":"summary_large_image","schema":{"@context":"https:\/\/schema.org","@graph":[{"@type":"WebPage","@id":"https:\/\/inti.hr\/sr\/proizvod\/wc-polica-s-kliznim-vratima-25-x-83-x-170-cm\/","url":"https:\/\/inti.hr\/sr\/proizvod\/wc-polica-s-kliznim-vratima-25-x-83-x-170-cm\/","name":"WC polica s kliznim vratima 25 x 83 x 170 cm - Inti","isPartOf":{"@id":"https:\/\/inti.hr\/sr\/#website"},"primaryImageOfPage":{"@id":"https:\/\/inti.hr\/sr\/proizvod\/wc-polica-s-kliznim-vratima-25-x-83-x-170-cm\/#primaryimage"},"image":{"@id":"https:\/\/inti.hr\/sr\/proizvod\/wc-polica-s-kliznim-vratima-25-x-83-x-170-cm\/#primaryimage"},"thumbnailUrl":"https:\/\/i0.wp.com\/inti.hr\/wp-content\/uploads\/2025\/01\/BTS018W01-1.jpg?fit=1000%2C1000&ssl=1","datePublished":"2025-01-13T12:02:31+00:00","dateModified":"2025-01-13T12:02:31+00:00","description":"Polica za kupaonicu impresionira svojim modernim i jednostavnim dizajnom. Sa svojom bijelom povr\u0161inom va\u0161oj kupaonici daje elegantan \u0161tih. Stil i funkcionalnost u jednom \u2013 ovo je savr\u0161ena nadopuna va\u0161oj kupaonici. Donji ormari\u0107 mo\u017ee se montirati lijevo ili desno prema potrebi. Klizna vrata koja se glatko pokre\u0107u omogu\u0107uju lak pristup, a police podesive visine prikladne su za predmete razli\u010ditih visina. S dovoljno prostora na dnu, kupaonska polica odgovara ve\u0107ini WC \u0161koljki bez ometanja poklopca WC \u0161koljke prilikom otvaranja. Razmak izme\u0111u pre\u010dke i tla je dovoljno velik, \u0161to ga \u010dini prikladnim za razne cijevi za dovod vode. S policama za toaletne potrep\u0161tine, malim ormari\u0107em na dnu i dr\u017ea\u010dem za role u odjeljku, kupaonska polica dr\u017ei sve na dohvat ruke. Tako\u0111er zauzima vrlo malo prostora i optimalno iskori\u0161tava prostor u kupaonici. Izra\u0111ena od visokokvalitetnih plo\u010da, polica je robusna, izdr\u017eljiva, a povr\u0161ina je vodootporna. Opremljena za\u0161titom od prevrtanja, WC polica osigurava ve\u0107u stabilnost i sigurnost u svakodnevnoj uporabi.","breadcrumb":{"@id":"https:\/\/inti.hr\/sr\/proizvod\/wc-polica-s-kliznim-vratima-25-x-83-x-170-cm\/#breadcrumb"},"inLanguage":"sr-RS","potentialAction":[{"@type":"ReadAction","target":["https:\/\/inti.hr\/sr\/proizvod\/wc-polica-s-kliznim-vratima-25-x-83-x-170-cm\/"]}]},{"@type":"ImageObject","inLanguage":"sr-RS","@id":"https:\/\/inti.hr\/sr\/proizvod\/wc-polica-s-kliznim-vratima-25-x-83-x-170-cm\/#primaryimage","url":"https:\/\/i0.wp.com\/inti.hr\/wp-content\/uploads\/2025\/01\/BTS018W01-1.jpg?fit=1000%2C1000&ssl=1","contentUrl":"https:\/\/i0.wp.com\/inti.hr\/wp-content\/uploads\/2025\/01\/BTS018W01-1.jpg?fit=1000%2C1000&ssl=1","width":1000,"height":1000,"caption":"VASAGLE WC polica s kliznim vratima 25 x 83 x 170 cm oblak bijela"},{"@type":"BreadcrumbList","@id":"https:\/\/inti.hr\/sr\/proizvod\/wc-polica-s-kliznim-vratima-25-x-83-x-170-cm\/#breadcrumb","itemListElement":[{"@type":"ListItem","position":1,"name":"Po\u010detna stranica","item":"https:\/\/inti.hr\/sr\/"},{"@type":"ListItem","position":2,"name":"Prodavnica","item":"https:\/\/inti.hr\/sr\/prodavnica\/"},{"@type":"ListItem","position":3,"name":"WC polica s kliznim vratima 25 x 83 x 170 cm"}]},{"@type":"WebSite","@id":"https:\/\/inti.hr\/sr\/#website","url":"https:\/\/inti.hr\/sr\/","name":"Inti","description":"trgovina","potentialAction":[{"@type":"SearchAction","target":{"@type":"EntryPoint","urlTemplate":"https:\/\/inti.hr\/sr\/?s={search_term_string}"},"query-input":{"@type":"PropertyValueSpecification","valueRequired":true,"valueName":"search_term_string"}}],"inLanguage":"sr-RS"}]}},"jetpack_sharing_enabled":true,"jetpack-related-posts":[],"_links":{"self":[{"href":"https:\/\/inti.hr\/sr\/wp-json\/wp\/v2\/product\/31627"}],"collection":[{"href":"https:\/\/inti.hr\/sr\/wp-json\/wp\/v2\/product"}],"about":[{"href":"https:\/\/inti.hr\/sr\/wp-json\/wp\/v2\/types\/product"}],"wp:featuredmedia":[{"embeddable":true,"href":"https:\/\/inti.hr\/sr\/wp-json\/wp\/v2\/media\/31628"}],"wp:attachment":[{"href":"https:\/\/inti.hr\/sr\/wp-json\/wp\/v2\/media?parent=31627"}],"wp:term":[{"taxonomy":"product_cat","embeddable":true,"href":"https:\/\/inti.hr\/sr\/wp-json\/wp\/v2\/product_cat?post=31627"},{"taxonomy":"product_tag","embeddable":true,"href":"https:\/\/inti.hr\/sr\/wp-json\/wp\/v2\/product_tag?post=31627"}],"curies":[{"name":"wp","href":"https:\/\/api.w.org\/{rel}","templated":true}]}}