{"id":31633,"date":"2025-01-13T12:48:38","date_gmt":"2025-01-13T11:48:38","guid":{"rendered":"https:\/\/inti.hr\/product\/kosara-za-rublje-2-odjeljka\/"},"modified":"2025-01-13T12:48:38","modified_gmt":"2025-01-13T11:48:38","slug":"kosara-za-rublje-2-odjeljka","status":"publish","type":"product","link":"https:\/\/inti.hr\/sr\/proizvod\/kosara-za-rublje-2-odjeljka\/","title":{"rendered":"Ko\u0161ara za rublje 2 odjeljka"},"content":{"rendered":"<p>Detalji proizvoda:<br \/>\nBoja: kestenjasta tinta crno-golublje siva, prirodna be\u017e-golublje siva-krem bijela<br \/>\nMaterijal: \u010delik, Oxford platno, iveral<br \/>\nVeli\u010dina: 87 x 33 x 80,5 cm (D x \u0160 x V)<br \/>\nTe\u017eina: 8,6 kg<br \/>\nMaksimalna stati\u010dka nosivost gornje police: 20 kg<br \/>\nMaksimalna stati\u010dka nosivost svake male police ispod: 5 kg<br \/>\nMaksimalna stati\u010dka nosivost svake ko\u0161are: 8 kg<br \/>\nMaksimalna stati\u010dka nosivost: 46 kg<\/p>\n","protected":false},"excerpt":{"rendered":"<p>Ova kolica za pranje rublja sadr\u017ee dvije ko\u0161are od 50 L &#8230; <\/p>\n","protected":false},"featured_media":31634,"template":"","meta":[],"product_cat":[2396,2391],"product_tag":[2430,2522],"yoast_head":"<!-- This site is optimized with the Yoast SEO plugin v23.7 - https:\/\/yoast.com\/wordpress\/plugins\/seo\/ -->\n<title>Ko\u0161ara za rublje 2 odjeljka - Inti<\/title>\n<meta name=\"description\" content=\"Ova kolica za pranje rublja sadr\u017ee dvije ko\u0161are od 50 L i nude prostor za rublje od 100 L. Na 3 police mo\u017eete pohraniti deterd\u017eent, mre\u017ee za rublje itd. Sve ima svoje mjesto. S 4 kota\u010da, od kojih 2 imaju ko\u010dnice, ovaj razvrstiva\u010d rublja lako se pomi\u010de i zaklju\u010dava. S \u010di\u010dak kop\u010dama i prakti\u010dnim ru\u010dkama, torbe se lako uklanjaju i transportiraju. S ozna\u010denim dijelovima i jasnim uputama, ova pregrada za rublje s kota\u010dima se brzo sastavlja tako da mo\u017eete odmah po\u010deti sortirati svoje rublje. 6 uklju\u010denih naljepnica omogu\u0107uje vam sortiranje rublja, npr. B. organizirati po boji. Naljepnice se lako mogu pri\u010dvrstiti \u010di\u010dak kop\u010dama. Razli\u010dite boje ko\u0161ara pojednostavljuju sortiranje. 1,5 x 1,5 cm \u010deli\u010dne cijevi, visokokvalitetna iverica, vodoodbojna Oxford tkanina - kutija za rublje je robusna i elasti\u010dna. Umjesto kota\u010da, tako\u0111er mo\u017eete pri\u010dvrstiti 4 podesive noge tako da stoji stabilno i sigurno na jednom mjestu.\" \/>\n<meta name=\"robots\" content=\"index, follow, max-snippet:-1, max-image-preview:large, max-video-preview:-1\" \/>\n<link rel=\"canonical\" href=\"https:\/\/inti.hr\/sr\/proizvod\/kosara-za-rublje-2-odjeljka\/\" \/>\n<meta property=\"og:locale\" content=\"sr_RS\" \/>\n<meta property=\"og:type\" content=\"article\" \/>\n<meta property=\"og:title\" content=\"Ko\u0161ara za rublje 2 odjeljka - Inti\" \/>\n<meta property=\"og:description\" content=\"Ova kolica za pranje rublja sadr\u017ee dvije ko\u0161are od 50 L i nude prostor za rublje od 100 L. Na 3 police mo\u017eete pohraniti deterd\u017eent, mre\u017ee za rublje itd. Sve ima svoje mjesto. S 4 kota\u010da, od kojih 2 imaju ko\u010dnice, ovaj razvrstiva\u010d rublja lako se pomi\u010de i zaklju\u010dava. S \u010di\u010dak kop\u010dama i prakti\u010dnim ru\u010dkama, torbe se lako uklanjaju i transportiraju. S ozna\u010denim dijelovima i jasnim uputama, ova pregrada za rublje s kota\u010dima se brzo sastavlja tako da mo\u017eete odmah po\u010deti sortirati svoje rublje. 6 uklju\u010denih naljepnica omogu\u0107uje vam sortiranje rublja, npr. B. organizirati po boji. Naljepnice se lako mogu pri\u010dvrstiti \u010di\u010dak kop\u010dama. Razli\u010dite boje ko\u0161ara pojednostavljuju sortiranje. 1,5 x 1,5 cm \u010deli\u010dne cijevi, visokokvalitetna iverica, vodoodbojna Oxford tkanina - kutija za rublje je robusna i elasti\u010dna. Umjesto kota\u010da, tako\u0111er mo\u017eete pri\u010dvrstiti 4 podesive noge tako da stoji stabilno i sigurno na jednom mjestu.\" \/>\n<meta property=\"og:url\" content=\"https:\/\/inti.hr\/sr\/proizvod\/kosara-za-rublje-2-odjeljka\/\" \/>\n<meta property=\"og:site_name\" content=\"Inti\" \/>\n<meta property=\"og:image\" content=\"https:\/\/i0.wp.com\/inti.hr\/wp-content\/uploads\/2025\/01\/BLH311B02-2.jpg?fit=800%2C1000&ssl=1\" \/>\n\t<meta property=\"og:image:width\" content=\"800\" \/>\n\t<meta property=\"og:image:height\" content=\"1000\" \/>\n\t<meta property=\"og:image:type\" content=\"image\/jpeg\" \/>\n<meta name=\"twitter:card\" content=\"summary_large_image\" \/>\n<script type=\"application\/ld+json\" class=\"yoast-schema-graph\">{\"@context\":\"https:\/\/schema.org\",\"@graph\":[{\"@type\":\"WebPage\",\"@id\":\"https:\/\/inti.hr\/sr\/proizvod\/kosara-za-rublje-2-odjeljka\/\",\"url\":\"https:\/\/inti.hr\/sr\/proizvod\/kosara-za-rublje-2-odjeljka\/\",\"name\":\"Ko\u0161ara za rublje 2 odjeljka - Inti\",\"isPartOf\":{\"@id\":\"https:\/\/inti.hr\/sr\/#website\"},\"primaryImageOfPage\":{\"@id\":\"https:\/\/inti.hr\/sr\/proizvod\/kosara-za-rublje-2-odjeljka\/#primaryimage\"},\"image\":{\"@id\":\"https:\/\/inti.hr\/sr\/proizvod\/kosara-za-rublje-2-odjeljka\/#primaryimage\"},\"thumbnailUrl\":\"https:\/\/i0.wp.com\/inti.hr\/wp-content\/uploads\/2025\/01\/BLH311B02-2.jpg?fit=800%2C1000&ssl=1\",\"datePublished\":\"2025-01-13T11:48:38+00:00\",\"dateModified\":\"2025-01-13T11:48:38+00:00\",\"description\":\"Ova kolica za pranje rublja sadr\u017ee dvije ko\u0161are od 50 L i nude prostor za rublje od 100 L. Na 3 police mo\u017eete pohraniti deterd\u017eent, mre\u017ee za rublje itd. Sve ima svoje mjesto. S 4 kota\u010da, od kojih 2 imaju ko\u010dnice, ovaj razvrstiva\u010d rublja lako se pomi\u010de i zaklju\u010dava. S \u010di\u010dak kop\u010dama i prakti\u010dnim ru\u010dkama, torbe se lako uklanjaju i transportiraju. S ozna\u010denim dijelovima i jasnim uputama, ova pregrada za rublje s kota\u010dima se brzo sastavlja tako da mo\u017eete odmah po\u010deti sortirati svoje rublje. 6 uklju\u010denih naljepnica omogu\u0107uje vam sortiranje rublja, npr. B. organizirati po boji. Naljepnice se lako mogu pri\u010dvrstiti \u010di\u010dak kop\u010dama. Razli\u010dite boje ko\u0161ara pojednostavljuju sortiranje. 1,5 x 1,5 cm \u010deli\u010dne cijevi, visokokvalitetna iverica, vodoodbojna Oxford tkanina - kutija za rublje je robusna i elasti\u010dna. Umjesto kota\u010da, tako\u0111er mo\u017eete pri\u010dvrstiti 4 podesive noge tako da stoji stabilno i sigurno na jednom mjestu.\",\"breadcrumb\":{\"@id\":\"https:\/\/inti.hr\/sr\/proizvod\/kosara-za-rublje-2-odjeljka\/#breadcrumb\"},\"inLanguage\":\"sr-RS\",\"potentialAction\":[{\"@type\":\"ReadAction\",\"target\":[\"https:\/\/inti.hr\/sr\/proizvod\/kosara-za-rublje-2-odjeljka\/\"]}]},{\"@type\":\"ImageObject\",\"inLanguage\":\"sr-RS\",\"@id\":\"https:\/\/inti.hr\/sr\/proizvod\/kosara-za-rublje-2-odjeljka\/#primaryimage\",\"url\":\"https:\/\/i0.wp.com\/inti.hr\/wp-content\/uploads\/2025\/01\/BLH311B02-2.jpg?fit=800%2C1000&ssl=1\",\"contentUrl\":\"https:\/\/i0.wp.com\/inti.hr\/wp-content\/uploads\/2025\/01\/BLH311B02-2.jpg?fit=800%2C1000&ssl=1\",\"width\":800,\"height\":1000,\"caption\":\"VASAGLE ko\u0161ara za rublje 2 odjeljka kesten sme\u0111a-tinta crno-golublje siva\"},{\"@type\":\"BreadcrumbList\",\"@id\":\"https:\/\/inti.hr\/sr\/proizvod\/kosara-za-rublje-2-odjeljka\/#breadcrumb\",\"itemListElement\":[{\"@type\":\"ListItem\",\"position\":1,\"name\":\"Po\u010detna stranica\",\"item\":\"https:\/\/inti.hr\/sr\/\"},{\"@type\":\"ListItem\",\"position\":2,\"name\":\"Prodavnica\",\"item\":\"https:\/\/inti.hr\/sr\/prodavnica\/\"},{\"@type\":\"ListItem\",\"position\":3,\"name\":\"Ko\u0161ara za rublje 2 odjeljka\"}]},{\"@type\":\"WebSite\",\"@id\":\"https:\/\/inti.hr\/sr\/#website\",\"url\":\"https:\/\/inti.hr\/sr\/\",\"name\":\"Inti\",\"description\":\"trgovina\",\"potentialAction\":[{\"@type\":\"SearchAction\",\"target\":{\"@type\":\"EntryPoint\",\"urlTemplate\":\"https:\/\/inti.hr\/sr\/?s={search_term_string}\"},\"query-input\":{\"@type\":\"PropertyValueSpecification\",\"valueRequired\":true,\"valueName\":\"search_term_string\"}}],\"inLanguage\":\"sr-RS\"}]}<\/script>\n<!-- \/ Yoast SEO plugin. -->","yoast_head_json":{"title":"Ko\u0161ara za rublje 2 odjeljka - Inti","description":"Ova kolica za pranje rublja sadr\u017ee dvije ko\u0161are od 50 L i nude prostor za rublje od 100 L. Na 3 police mo\u017eete pohraniti deterd\u017eent, mre\u017ee za rublje itd. Sve ima svoje mjesto. S 4 kota\u010da, od kojih 2 imaju ko\u010dnice, ovaj razvrstiva\u010d rublja lako se pomi\u010de i zaklju\u010dava. S \u010di\u010dak kop\u010dama i prakti\u010dnim ru\u010dkama, torbe se lako uklanjaju i transportiraju. S ozna\u010denim dijelovima i jasnim uputama, ova pregrada za rublje s kota\u010dima se brzo sastavlja tako da mo\u017eete odmah po\u010deti sortirati svoje rublje. 6 uklju\u010denih naljepnica omogu\u0107uje vam sortiranje rublja, npr. B. organizirati po boji. Naljepnice se lako mogu pri\u010dvrstiti \u010di\u010dak kop\u010dama. Razli\u010dite boje ko\u0161ara pojednostavljuju sortiranje. 1,5 x 1,5 cm \u010deli\u010dne cijevi, visokokvalitetna iverica, vodoodbojna Oxford tkanina - kutija za rublje je robusna i elasti\u010dna. Umjesto kota\u010da, tako\u0111er mo\u017eete pri\u010dvrstiti 4 podesive noge tako da stoji stabilno i sigurno na jednom mjestu.","robots":{"index":"index","follow":"follow","max-snippet":"max-snippet:-1","max-image-preview":"max-image-preview:large","max-video-preview":"max-video-preview:-1"},"canonical":"https:\/\/inti.hr\/sr\/proizvod\/kosara-za-rublje-2-odjeljka\/","og_locale":"sr_RS","og_type":"article","og_title":"Ko\u0161ara za rublje 2 odjeljka - Inti","og_description":"Ova kolica za pranje rublja sadr\u017ee dvije ko\u0161are od 50 L i nude prostor za rublje od 100 L. Na 3 police mo\u017eete pohraniti deterd\u017eent, mre\u017ee za rublje itd. Sve ima svoje mjesto. S 4 kota\u010da, od kojih 2 imaju ko\u010dnice, ovaj razvrstiva\u010d rublja lako se pomi\u010de i zaklju\u010dava. S \u010di\u010dak kop\u010dama i prakti\u010dnim ru\u010dkama, torbe se lako uklanjaju i transportiraju. S ozna\u010denim dijelovima i jasnim uputama, ova pregrada za rublje s kota\u010dima se brzo sastavlja tako da mo\u017eete odmah po\u010deti sortirati svoje rublje. 6 uklju\u010denih naljepnica omogu\u0107uje vam sortiranje rublja, npr. B. organizirati po boji. Naljepnice se lako mogu pri\u010dvrstiti \u010di\u010dak kop\u010dama. Razli\u010dite boje ko\u0161ara pojednostavljuju sortiranje. 1,5 x 1,5 cm \u010deli\u010dne cijevi, visokokvalitetna iverica, vodoodbojna Oxford tkanina - kutija za rublje je robusna i elasti\u010dna. Umjesto kota\u010da, tako\u0111er mo\u017eete pri\u010dvrstiti 4 podesive noge tako da stoji stabilno i sigurno na jednom mjestu.","og_url":"https:\/\/inti.hr\/sr\/proizvod\/kosara-za-rublje-2-odjeljka\/","og_site_name":"Inti","og_image":[{"width":800,"height":1000,"url":"https:\/\/i0.wp.com\/inti.hr\/wp-content\/uploads\/2025\/01\/BLH311B02-2.jpg?fit=800%2C1000&ssl=1","type":"image\/jpeg"}],"twitter_card":"summary_large_image","schema":{"@context":"https:\/\/schema.org","@graph":[{"@type":"WebPage","@id":"https:\/\/inti.hr\/sr\/proizvod\/kosara-za-rublje-2-odjeljka\/","url":"https:\/\/inti.hr\/sr\/proizvod\/kosara-za-rublje-2-odjeljka\/","name":"Ko\u0161ara za rublje 2 odjeljka - Inti","isPartOf":{"@id":"https:\/\/inti.hr\/sr\/#website"},"primaryImageOfPage":{"@id":"https:\/\/inti.hr\/sr\/proizvod\/kosara-za-rublje-2-odjeljka\/#primaryimage"},"image":{"@id":"https:\/\/inti.hr\/sr\/proizvod\/kosara-za-rublje-2-odjeljka\/#primaryimage"},"thumbnailUrl":"https:\/\/i0.wp.com\/inti.hr\/wp-content\/uploads\/2025\/01\/BLH311B02-2.jpg?fit=800%2C1000&ssl=1","datePublished":"2025-01-13T11:48:38+00:00","dateModified":"2025-01-13T11:48:38+00:00","description":"Ova kolica za pranje rublja sadr\u017ee dvije ko\u0161are od 50 L i nude prostor za rublje od 100 L. Na 3 police mo\u017eete pohraniti deterd\u017eent, mre\u017ee za rublje itd. Sve ima svoje mjesto. S 4 kota\u010da, od kojih 2 imaju ko\u010dnice, ovaj razvrstiva\u010d rublja lako se pomi\u010de i zaklju\u010dava. S \u010di\u010dak kop\u010dama i prakti\u010dnim ru\u010dkama, torbe se lako uklanjaju i transportiraju. S ozna\u010denim dijelovima i jasnim uputama, ova pregrada za rublje s kota\u010dima se brzo sastavlja tako da mo\u017eete odmah po\u010deti sortirati svoje rublje. 6 uklju\u010denih naljepnica omogu\u0107uje vam sortiranje rublja, npr. B. organizirati po boji. Naljepnice se lako mogu pri\u010dvrstiti \u010di\u010dak kop\u010dama. Razli\u010dite boje ko\u0161ara pojednostavljuju sortiranje. 1,5 x 1,5 cm \u010deli\u010dne cijevi, visokokvalitetna iverica, vodoodbojna Oxford tkanina - kutija za rublje je robusna i elasti\u010dna. Umjesto kota\u010da, tako\u0111er mo\u017eete pri\u010dvrstiti 4 podesive noge tako da stoji stabilno i sigurno na jednom mjestu.","breadcrumb":{"@id":"https:\/\/inti.hr\/sr\/proizvod\/kosara-za-rublje-2-odjeljka\/#breadcrumb"},"inLanguage":"sr-RS","potentialAction":[{"@type":"ReadAction","target":["https:\/\/inti.hr\/sr\/proizvod\/kosara-za-rublje-2-odjeljka\/"]}]},{"@type":"ImageObject","inLanguage":"sr-RS","@id":"https:\/\/inti.hr\/sr\/proizvod\/kosara-za-rublje-2-odjeljka\/#primaryimage","url":"https:\/\/i0.wp.com\/inti.hr\/wp-content\/uploads\/2025\/01\/BLH311B02-2.jpg?fit=800%2C1000&ssl=1","contentUrl":"https:\/\/i0.wp.com\/inti.hr\/wp-content\/uploads\/2025\/01\/BLH311B02-2.jpg?fit=800%2C1000&ssl=1","width":800,"height":1000,"caption":"VASAGLE ko\u0161ara za rublje 2 odjeljka kesten sme\u0111a-tinta crno-golublje siva"},{"@type":"BreadcrumbList","@id":"https:\/\/inti.hr\/sr\/proizvod\/kosara-za-rublje-2-odjeljka\/#breadcrumb","itemListElement":[{"@type":"ListItem","position":1,"name":"Po\u010detna stranica","item":"https:\/\/inti.hr\/sr\/"},{"@type":"ListItem","position":2,"name":"Prodavnica","item":"https:\/\/inti.hr\/sr\/prodavnica\/"},{"@type":"ListItem","position":3,"name":"Ko\u0161ara za rublje 2 odjeljka"}]},{"@type":"WebSite","@id":"https:\/\/inti.hr\/sr\/#website","url":"https:\/\/inti.hr\/sr\/","name":"Inti","description":"trgovina","potentialAction":[{"@type":"SearchAction","target":{"@type":"EntryPoint","urlTemplate":"https:\/\/inti.hr\/sr\/?s={search_term_string}"},"query-input":{"@type":"PropertyValueSpecification","valueRequired":true,"valueName":"search_term_string"}}],"inLanguage":"sr-RS"}]}},"jetpack_sharing_enabled":true,"jetpack-related-posts":[],"_links":{"self":[{"href":"https:\/\/inti.hr\/sr\/wp-json\/wp\/v2\/product\/31633"}],"collection":[{"href":"https:\/\/inti.hr\/sr\/wp-json\/wp\/v2\/product"}],"about":[{"href":"https:\/\/inti.hr\/sr\/wp-json\/wp\/v2\/types\/product"}],"wp:featuredmedia":[{"embeddable":true,"href":"https:\/\/inti.hr\/sr\/wp-json\/wp\/v2\/media\/31634"}],"wp:attachment":[{"href":"https:\/\/inti.hr\/sr\/wp-json\/wp\/v2\/media?parent=31633"}],"wp:term":[{"taxonomy":"product_cat","embeddable":true,"href":"https:\/\/inti.hr\/sr\/wp-json\/wp\/v2\/product_cat?post=31633"},{"taxonomy":"product_tag","embeddable":true,"href":"https:\/\/inti.hr\/sr\/wp-json\/wp\/v2\/product_tag?post=31633"}],"curies":[{"name":"wp","href":"https:\/\/api.w.org\/{rel}","templated":true}]}}