{"id":31641,"date":"2025-01-11T13:09:29","date_gmt":"2025-01-11T12:09:29","guid":{"rendered":"https:\/\/inti.hr\/product\/ormaric-za-cipele-s-3-preklopa\/"},"modified":"2025-01-11T13:09:29","modified_gmt":"2025-01-11T12:09:29","slug":"ormaric-za-cipele-s-3-preklopa","status":"publish","type":"product","link":"https:\/\/inti.hr\/sr\/proizvod\/ormaric-za-cipele-s-3-preklopa\/","title":{"rendered":"Ormari\u0107 za cipele s 3 preklopa"},"content":{"rendered":"<ul>\n<li><b>Detalji proizvoda:<\/b><\/li>\n<li>Boja: golubije siva, oblak bijela<\/li>\n<li>Materijal: iverica<\/li>\n<li>Veli\u010dina: 24 x 60 x 108 cm (D x \u0160 x V)<\/li>\n<li>Te\u017eina: 18,4 kg<\/li>\n<li>Maksimalna stati\u010dka nosivost gornje plo\u010de: 10 kg<\/li>\n<li>Maksimalna stati\u010dka nosivost po preklopu: 5 kg<\/li>\n<\/ul>\n","protected":false},"excerpt":{"rendered":"<p>Ormari\u0107 za cipele nudi prostor za do 18 pari cipela! Zahvaljuju\u0107i &#8230; <\/p>\n","protected":false},"featured_media":31642,"template":"","meta":[],"product_cat":[2391],"product_tag":[2937,2640],"yoast_head":"<!-- This site is optimized with the Yoast SEO plugin v23.7 - https:\/\/yoast.com\/wordpress\/plugins\/seo\/ -->\n<title>Ormari\u0107 za cipele s 3 preklopa - Inti<\/title>\n<meta name=\"description\" content=\"Ormari\u0107 za cipele nudi prostor za do 18 pari cipela! Zahvaljuju\u0107i njegovom vrhu, imate i mjesta za biljke, slike ili suvenire, tako da \u0107e va\u0161 prostor biti ne samo organiziran, ve\u0107 i jedinstven. Izra\u0111ena od visokokvalitetnih, robusnih plo\u010da i opremljena stra\u017enjom plo\u010dom za za\u0161titu od pra\u0161ine i insekata, ova polica za cipele sigurno je uto\u010di\u0161te za va\u0161e cipele. Zahvaljuju\u0107i podignutim rubovima, stalak za cipele \u0161titi va\u0161e predmete na gornjoj plo\u010di od pada. Uz uklju\u010denu za\u0161titu od prevrtanja, mo\u017ee se sigurno pri\u010dvrstiti na zid i stvara sigurno okru\u017eenje za kori\u0161tenje. S odvojivim i trosmjerno podesivim pregradama, ovaj kiper za cipele mo\u017ee se prilagoditi va\u0161im potrebama i razli\u010ditim vrstama cipela - jednostavno prilagodite i optimizirajte svoj prostor. Ormari\u0107 za odlaganje impresionira svojim modernim i jednostavnim dizajnom. Sa svojom sivom povr\u0161inom i sofisticiranim metalnim ru\u010dkama, va\u0161em ulaznom prostoru daje elegantan \u0161tih.\" \/>\n<meta name=\"robots\" content=\"index, follow, max-snippet:-1, max-image-preview:large, max-video-preview:-1\" \/>\n<link rel=\"canonical\" href=\"https:\/\/inti.hr\/sr\/proizvod\/ormaric-za-cipele-s-3-preklopa\/\" \/>\n<meta property=\"og:locale\" content=\"sr_RS\" \/>\n<meta property=\"og:type\" content=\"article\" \/>\n<meta property=\"og:title\" content=\"Ormari\u0107 za cipele s 3 preklopa - Inti\" \/>\n<meta property=\"og:description\" content=\"Ormari\u0107 za cipele nudi prostor za do 18 pari cipela! Zahvaljuju\u0107i njegovom vrhu, imate i mjesta za biljke, slike ili suvenire, tako da \u0107e va\u0161 prostor biti ne samo organiziran, ve\u0107 i jedinstven. Izra\u0111ena od visokokvalitetnih, robusnih plo\u010da i opremljena stra\u017enjom plo\u010dom za za\u0161titu od pra\u0161ine i insekata, ova polica za cipele sigurno je uto\u010di\u0161te za va\u0161e cipele. Zahvaljuju\u0107i podignutim rubovima, stalak za cipele \u0161titi va\u0161e predmete na gornjoj plo\u010di od pada. Uz uklju\u010denu za\u0161titu od prevrtanja, mo\u017ee se sigurno pri\u010dvrstiti na zid i stvara sigurno okru\u017eenje za kori\u0161tenje. S odvojivim i trosmjerno podesivim pregradama, ovaj kiper za cipele mo\u017ee se prilagoditi va\u0161im potrebama i razli\u010ditim vrstama cipela - jednostavno prilagodite i optimizirajte svoj prostor. Ormari\u0107 za odlaganje impresionira svojim modernim i jednostavnim dizajnom. Sa svojom sivom povr\u0161inom i sofisticiranim metalnim ru\u010dkama, va\u0161em ulaznom prostoru daje elegantan \u0161tih.\" \/>\n<meta property=\"og:url\" content=\"https:\/\/inti.hr\/sr\/proizvod\/ormaric-za-cipele-s-3-preklopa\/\" \/>\n<meta property=\"og:site_name\" content=\"Inti\" \/>\n<meta property=\"og:image\" content=\"https:\/\/i0.wp.com\/inti.hr\/wp-content\/uploads\/2025\/01\/LBC036G01-1-1.jpg?fit=1000%2C1000&ssl=1\" \/>\n\t<meta property=\"og:image:width\" content=\"1000\" \/>\n\t<meta property=\"og:image:height\" content=\"1000\" \/>\n\t<meta property=\"og:image:type\" content=\"image\/jpeg\" \/>\n<meta name=\"twitter:card\" content=\"summary_large_image\" \/>\n<script type=\"application\/ld+json\" class=\"yoast-schema-graph\">{\"@context\":\"https:\/\/schema.org\",\"@graph\":[{\"@type\":\"WebPage\",\"@id\":\"https:\/\/inti.hr\/sr\/proizvod\/ormaric-za-cipele-s-3-preklopa\/\",\"url\":\"https:\/\/inti.hr\/sr\/proizvod\/ormaric-za-cipele-s-3-preklopa\/\",\"name\":\"Ormari\u0107 za cipele s 3 preklopa - Inti\",\"isPartOf\":{\"@id\":\"https:\/\/inti.hr\/sr\/#website\"},\"primaryImageOfPage\":{\"@id\":\"https:\/\/inti.hr\/sr\/proizvod\/ormaric-za-cipele-s-3-preklopa\/#primaryimage\"},\"image\":{\"@id\":\"https:\/\/inti.hr\/sr\/proizvod\/ormaric-za-cipele-s-3-preklopa\/#primaryimage\"},\"thumbnailUrl\":\"https:\/\/i0.wp.com\/inti.hr\/wp-content\/uploads\/2025\/01\/LBC036G01-1-1.jpg?fit=1000%2C1000&ssl=1\",\"datePublished\":\"2025-01-11T12:09:29+00:00\",\"dateModified\":\"2025-01-11T12:09:29+00:00\",\"description\":\"Ormari\u0107 za cipele nudi prostor za do 18 pari cipela! Zahvaljuju\u0107i njegovom vrhu, imate i mjesta za biljke, slike ili suvenire, tako da \u0107e va\u0161 prostor biti ne samo organiziran, ve\u0107 i jedinstven. Izra\u0111ena od visokokvalitetnih, robusnih plo\u010da i opremljena stra\u017enjom plo\u010dom za za\u0161titu od pra\u0161ine i insekata, ova polica za cipele sigurno je uto\u010di\u0161te za va\u0161e cipele. Zahvaljuju\u0107i podignutim rubovima, stalak za cipele \u0161titi va\u0161e predmete na gornjoj plo\u010di od pada. Uz uklju\u010denu za\u0161titu od prevrtanja, mo\u017ee se sigurno pri\u010dvrstiti na zid i stvara sigurno okru\u017eenje za kori\u0161tenje. S odvojivim i trosmjerno podesivim pregradama, ovaj kiper za cipele mo\u017ee se prilagoditi va\u0161im potrebama i razli\u010ditim vrstama cipela - jednostavno prilagodite i optimizirajte svoj prostor. Ormari\u0107 za odlaganje impresionira svojim modernim i jednostavnim dizajnom. Sa svojom sivom povr\u0161inom i sofisticiranim metalnim ru\u010dkama, va\u0161em ulaznom prostoru daje elegantan \u0161tih.\",\"breadcrumb\":{\"@id\":\"https:\/\/inti.hr\/sr\/proizvod\/ormaric-za-cipele-s-3-preklopa\/#breadcrumb\"},\"inLanguage\":\"sr-RS\",\"potentialAction\":[{\"@type\":\"ReadAction\",\"target\":[\"https:\/\/inti.hr\/sr\/proizvod\/ormaric-za-cipele-s-3-preklopa\/\"]}]},{\"@type\":\"ImageObject\",\"inLanguage\":\"sr-RS\",\"@id\":\"https:\/\/inti.hr\/sr\/proizvod\/ormaric-za-cipele-s-3-preklopa\/#primaryimage\",\"url\":\"https:\/\/i0.wp.com\/inti.hr\/wp-content\/uploads\/2025\/01\/LBC036G01-1-1.jpg?fit=1000%2C1000&ssl=1\",\"contentUrl\":\"https:\/\/i0.wp.com\/inti.hr\/wp-content\/uploads\/2025\/01\/LBC036G01-1-1.jpg?fit=1000%2C1000&ssl=1\",\"width\":1000,\"height\":1000,\"caption\":\"VASAGLE ormari\u0107 za cipele s 3 preklopa za do 18 pari cipela, oblak bijela\"},{\"@type\":\"BreadcrumbList\",\"@id\":\"https:\/\/inti.hr\/sr\/proizvod\/ormaric-za-cipele-s-3-preklopa\/#breadcrumb\",\"itemListElement\":[{\"@type\":\"ListItem\",\"position\":1,\"name\":\"Po\u010detna stranica\",\"item\":\"https:\/\/inti.hr\/sr\/\"},{\"@type\":\"ListItem\",\"position\":2,\"name\":\"Prodavnica\",\"item\":\"https:\/\/inti.hr\/sr\/prodavnica\/\"},{\"@type\":\"ListItem\",\"position\":3,\"name\":\"Ormari\u0107 za cipele s 3 preklopa\"}]},{\"@type\":\"WebSite\",\"@id\":\"https:\/\/inti.hr\/sr\/#website\",\"url\":\"https:\/\/inti.hr\/sr\/\",\"name\":\"Inti\",\"description\":\"trgovina\",\"potentialAction\":[{\"@type\":\"SearchAction\",\"target\":{\"@type\":\"EntryPoint\",\"urlTemplate\":\"https:\/\/inti.hr\/sr\/?s={search_term_string}\"},\"query-input\":{\"@type\":\"PropertyValueSpecification\",\"valueRequired\":true,\"valueName\":\"search_term_string\"}}],\"inLanguage\":\"sr-RS\"}]}<\/script>\n<!-- \/ Yoast SEO plugin. -->","yoast_head_json":{"title":"Ormari\u0107 za cipele s 3 preklopa - Inti","description":"Ormari\u0107 za cipele nudi prostor za do 18 pari cipela! Zahvaljuju\u0107i njegovom vrhu, imate i mjesta za biljke, slike ili suvenire, tako da \u0107e va\u0161 prostor biti ne samo organiziran, ve\u0107 i jedinstven. Izra\u0111ena od visokokvalitetnih, robusnih plo\u010da i opremljena stra\u017enjom plo\u010dom za za\u0161titu od pra\u0161ine i insekata, ova polica za cipele sigurno je uto\u010di\u0161te za va\u0161e cipele. Zahvaljuju\u0107i podignutim rubovima, stalak za cipele \u0161titi va\u0161e predmete na gornjoj plo\u010di od pada. Uz uklju\u010denu za\u0161titu od prevrtanja, mo\u017ee se sigurno pri\u010dvrstiti na zid i stvara sigurno okru\u017eenje za kori\u0161tenje. S odvojivim i trosmjerno podesivim pregradama, ovaj kiper za cipele mo\u017ee se prilagoditi va\u0161im potrebama i razli\u010ditim vrstama cipela - jednostavno prilagodite i optimizirajte svoj prostor. Ormari\u0107 za odlaganje impresionira svojim modernim i jednostavnim dizajnom. Sa svojom sivom povr\u0161inom i sofisticiranim metalnim ru\u010dkama, va\u0161em ulaznom prostoru daje elegantan \u0161tih.","robots":{"index":"index","follow":"follow","max-snippet":"max-snippet:-1","max-image-preview":"max-image-preview:large","max-video-preview":"max-video-preview:-1"},"canonical":"https:\/\/inti.hr\/sr\/proizvod\/ormaric-za-cipele-s-3-preklopa\/","og_locale":"sr_RS","og_type":"article","og_title":"Ormari\u0107 za cipele s 3 preklopa - Inti","og_description":"Ormari\u0107 za cipele nudi prostor za do 18 pari cipela! Zahvaljuju\u0107i njegovom vrhu, imate i mjesta za biljke, slike ili suvenire, tako da \u0107e va\u0161 prostor biti ne samo organiziran, ve\u0107 i jedinstven. Izra\u0111ena od visokokvalitetnih, robusnih plo\u010da i opremljena stra\u017enjom plo\u010dom za za\u0161titu od pra\u0161ine i insekata, ova polica za cipele sigurno je uto\u010di\u0161te za va\u0161e cipele. Zahvaljuju\u0107i podignutim rubovima, stalak za cipele \u0161titi va\u0161e predmete na gornjoj plo\u010di od pada. Uz uklju\u010denu za\u0161titu od prevrtanja, mo\u017ee se sigurno pri\u010dvrstiti na zid i stvara sigurno okru\u017eenje za kori\u0161tenje. S odvojivim i trosmjerno podesivim pregradama, ovaj kiper za cipele mo\u017ee se prilagoditi va\u0161im potrebama i razli\u010ditim vrstama cipela - jednostavno prilagodite i optimizirajte svoj prostor. Ormari\u0107 za odlaganje impresionira svojim modernim i jednostavnim dizajnom. Sa svojom sivom povr\u0161inom i sofisticiranim metalnim ru\u010dkama, va\u0161em ulaznom prostoru daje elegantan \u0161tih.","og_url":"https:\/\/inti.hr\/sr\/proizvod\/ormaric-za-cipele-s-3-preklopa\/","og_site_name":"Inti","og_image":[{"width":1000,"height":1000,"url":"https:\/\/i0.wp.com\/inti.hr\/wp-content\/uploads\/2025\/01\/LBC036G01-1-1.jpg?fit=1000%2C1000&ssl=1","type":"image\/jpeg"}],"twitter_card":"summary_large_image","schema":{"@context":"https:\/\/schema.org","@graph":[{"@type":"WebPage","@id":"https:\/\/inti.hr\/sr\/proizvod\/ormaric-za-cipele-s-3-preklopa\/","url":"https:\/\/inti.hr\/sr\/proizvod\/ormaric-za-cipele-s-3-preklopa\/","name":"Ormari\u0107 za cipele s 3 preklopa - Inti","isPartOf":{"@id":"https:\/\/inti.hr\/sr\/#website"},"primaryImageOfPage":{"@id":"https:\/\/inti.hr\/sr\/proizvod\/ormaric-za-cipele-s-3-preklopa\/#primaryimage"},"image":{"@id":"https:\/\/inti.hr\/sr\/proizvod\/ormaric-za-cipele-s-3-preklopa\/#primaryimage"},"thumbnailUrl":"https:\/\/i0.wp.com\/inti.hr\/wp-content\/uploads\/2025\/01\/LBC036G01-1-1.jpg?fit=1000%2C1000&ssl=1","datePublished":"2025-01-11T12:09:29+00:00","dateModified":"2025-01-11T12:09:29+00:00","description":"Ormari\u0107 za cipele nudi prostor za do 18 pari cipela! Zahvaljuju\u0107i njegovom vrhu, imate i mjesta za biljke, slike ili suvenire, tako da \u0107e va\u0161 prostor biti ne samo organiziran, ve\u0107 i jedinstven. Izra\u0111ena od visokokvalitetnih, robusnih plo\u010da i opremljena stra\u017enjom plo\u010dom za za\u0161titu od pra\u0161ine i insekata, ova polica za cipele sigurno je uto\u010di\u0161te za va\u0161e cipele. Zahvaljuju\u0107i podignutim rubovima, stalak za cipele \u0161titi va\u0161e predmete na gornjoj plo\u010di od pada. Uz uklju\u010denu za\u0161titu od prevrtanja, mo\u017ee se sigurno pri\u010dvrstiti na zid i stvara sigurno okru\u017eenje za kori\u0161tenje. S odvojivim i trosmjerno podesivim pregradama, ovaj kiper za cipele mo\u017ee se prilagoditi va\u0161im potrebama i razli\u010ditim vrstama cipela - jednostavno prilagodite i optimizirajte svoj prostor. Ormari\u0107 za odlaganje impresionira svojim modernim i jednostavnim dizajnom. Sa svojom sivom povr\u0161inom i sofisticiranim metalnim ru\u010dkama, va\u0161em ulaznom prostoru daje elegantan \u0161tih.","breadcrumb":{"@id":"https:\/\/inti.hr\/sr\/proizvod\/ormaric-za-cipele-s-3-preklopa\/#breadcrumb"},"inLanguage":"sr-RS","potentialAction":[{"@type":"ReadAction","target":["https:\/\/inti.hr\/sr\/proizvod\/ormaric-za-cipele-s-3-preklopa\/"]}]},{"@type":"ImageObject","inLanguage":"sr-RS","@id":"https:\/\/inti.hr\/sr\/proizvod\/ormaric-za-cipele-s-3-preklopa\/#primaryimage","url":"https:\/\/i0.wp.com\/inti.hr\/wp-content\/uploads\/2025\/01\/LBC036G01-1-1.jpg?fit=1000%2C1000&ssl=1","contentUrl":"https:\/\/i0.wp.com\/inti.hr\/wp-content\/uploads\/2025\/01\/LBC036G01-1-1.jpg?fit=1000%2C1000&ssl=1","width":1000,"height":1000,"caption":"VASAGLE ormari\u0107 za cipele s 3 preklopa za do 18 pari cipela, oblak bijela"},{"@type":"BreadcrumbList","@id":"https:\/\/inti.hr\/sr\/proizvod\/ormaric-za-cipele-s-3-preklopa\/#breadcrumb","itemListElement":[{"@type":"ListItem","position":1,"name":"Po\u010detna stranica","item":"https:\/\/inti.hr\/sr\/"},{"@type":"ListItem","position":2,"name":"Prodavnica","item":"https:\/\/inti.hr\/sr\/prodavnica\/"},{"@type":"ListItem","position":3,"name":"Ormari\u0107 za cipele s 3 preklopa"}]},{"@type":"WebSite","@id":"https:\/\/inti.hr\/sr\/#website","url":"https:\/\/inti.hr\/sr\/","name":"Inti","description":"trgovina","potentialAction":[{"@type":"SearchAction","target":{"@type":"EntryPoint","urlTemplate":"https:\/\/inti.hr\/sr\/?s={search_term_string}"},"query-input":{"@type":"PropertyValueSpecification","valueRequired":true,"valueName":"search_term_string"}}],"inLanguage":"sr-RS"}]}},"jetpack_sharing_enabled":true,"jetpack-related-posts":[],"_links":{"self":[{"href":"https:\/\/inti.hr\/sr\/wp-json\/wp\/v2\/product\/31641"}],"collection":[{"href":"https:\/\/inti.hr\/sr\/wp-json\/wp\/v2\/product"}],"about":[{"href":"https:\/\/inti.hr\/sr\/wp-json\/wp\/v2\/types\/product"}],"wp:featuredmedia":[{"embeddable":true,"href":"https:\/\/inti.hr\/sr\/wp-json\/wp\/v2\/media\/31642"}],"wp:attachment":[{"href":"https:\/\/inti.hr\/sr\/wp-json\/wp\/v2\/media?parent=31641"}],"wp:term":[{"taxonomy":"product_cat","embeddable":true,"href":"https:\/\/inti.hr\/sr\/wp-json\/wp\/v2\/product_cat?post=31641"},{"taxonomy":"product_tag","embeddable":true,"href":"https:\/\/inti.hr\/sr\/wp-json\/wp\/v2\/product_tag?post=31641"}],"curies":[{"name":"wp","href":"https:\/\/api.w.org\/{rel}","templated":true}]}}