{"id":31647,"date":"2025-01-09T13:57:39","date_gmt":"2025-01-09T12:57:39","guid":{"rendered":"https:\/\/inti.hr\/product\/polica-za-tusiranje-podesiva-po-visini-s-4-razine\/"},"modified":"2025-01-09T13:57:39","modified_gmt":"2025-01-09T12:57:39","slug":"polica-za-tusiranje-podesiva-po-visini-s-4-razine","status":"publish","type":"product","link":"https:\/\/inti.hr\/sr\/proizvod\/polica-za-tusiranje-podesiva-po-visini-s-4-razine\/","title":{"rendered":"Polica za tu\u0161iranje podesiva po visini s 4 razine"},"content":{"rendered":"<p>Detalji proizvoda:<br \/>\nBoja: crna tinta<br \/>\nMaterijal: \u010delik, PVC plastika (polivinil klorid)<br \/>\nVeli\u010dina: 26,7 x 35 x (80-323) cm (D x \u0160 x V)<br \/>\nTe\u017eina: 3,2 kg<br \/>\nMaksimalna stati\u010dka nosivost po polici: 5 kg<\/p>\n","protected":false},"excerpt":{"rendered":"<p>Izra\u0111ena od visokokvalitetnog \u010delika oblo\u017eenog prahom, polica za tu\u0161iranje otporna je &#8230; <\/p>\n","protected":false},"featured_media":31648,"template":"","meta":[],"product_cat":[2396],"product_tag":[2522,3041],"yoast_head":"<!-- This site is optimized with the Yoast SEO plugin v23.7 - https:\/\/yoast.com\/wordpress\/plugins\/seo\/ -->\n<title>Polica za tu\u0161iranje podesiva po visini s 4 razine - Inti<\/title>\n<meta name=\"description\" content=\"Izra\u0111ena od visokokvalitetnog \u010delika oblo\u017eenog prahom, polica za tu\u0161iranje otporna je na hr\u0111u i idealna je za kupaonice. 3 samoljepljiva zatvara\u010da sprje\u010davaju prevrtanje police i stvaraju sigurno okru\u017eenje. PVC plo\u010de polica pru\u017eaju ravnu i stabilnu povr\u0161inu za odlaganje va\u0161ih kupaonskih potrep\u0161tina (svaka razina nosi do 5 kg). Ovdje se lako mogu pohraniti \u010dak i mali predmeti, bez pada! U usporedbi s konvencionalnim modelima, sastavljanje polica na\u0161e police je dje\u010dja igra. Zahvaljuju\u0107i pametnom dizajnu na usko\u010denje, lako se pri\u010dvr\u0161\u0107uju, ne skliznu lako i fleksibilno su podesivi po visini. 4 police s bo\u010dnim \u0161titnicima razli\u010ditih visina pru\u017eaju siguran prostor za posu\u0111e za kupanje razli\u010ditih veli\u010dina. 4 S-kuke, 1 \u017eilet i posuda za vje\u0161anje pru\u017eaju dodatne mogu\u0107nosti za pohranu. Polica za kupaonicu je podesive ukupne visine izme\u0111u 80 i 323 cm kako bi se prilagodila razli\u010ditim visinama prostorija.\" \/>\n<meta name=\"robots\" content=\"index, follow, max-snippet:-1, max-image-preview:large, max-video-preview:-1\" \/>\n<link rel=\"canonical\" href=\"https:\/\/inti.hr\/sr\/proizvod\/polica-za-tusiranje-podesiva-po-visini-s-4-razine\/\" \/>\n<meta property=\"og:locale\" content=\"sr_RS\" \/>\n<meta property=\"og:type\" content=\"article\" \/>\n<meta property=\"og:title\" content=\"Polica za tu\u0161iranje podesiva po visini s 4 razine - Inti\" \/>\n<meta property=\"og:description\" content=\"Izra\u0111ena od visokokvalitetnog \u010delika oblo\u017eenog prahom, polica za tu\u0161iranje otporna je na hr\u0111u i idealna je za kupaonice. 3 samoljepljiva zatvara\u010da sprje\u010davaju prevrtanje police i stvaraju sigurno okru\u017eenje. PVC plo\u010de polica pru\u017eaju ravnu i stabilnu povr\u0161inu za odlaganje va\u0161ih kupaonskih potrep\u0161tina (svaka razina nosi do 5 kg). Ovdje se lako mogu pohraniti \u010dak i mali predmeti, bez pada! U usporedbi s konvencionalnim modelima, sastavljanje polica na\u0161e police je dje\u010dja igra. Zahvaljuju\u0107i pametnom dizajnu na usko\u010denje, lako se pri\u010dvr\u0161\u0107uju, ne skliznu lako i fleksibilno su podesivi po visini. 4 police s bo\u010dnim \u0161titnicima razli\u010ditih visina pru\u017eaju siguran prostor za posu\u0111e za kupanje razli\u010ditih veli\u010dina. 4 S-kuke, 1 \u017eilet i posuda za vje\u0161anje pru\u017eaju dodatne mogu\u0107nosti za pohranu. Polica za kupaonicu je podesive ukupne visine izme\u0111u 80 i 323 cm kako bi se prilagodila razli\u010ditim visinama prostorija.\" \/>\n<meta property=\"og:url\" content=\"https:\/\/inti.hr\/sr\/proizvod\/polica-za-tusiranje-podesiva-po-visini-s-4-razine\/\" \/>\n<meta property=\"og:site_name\" content=\"Inti\" \/>\n<meta property=\"og:image\" content=\"https:\/\/i0.wp.com\/inti.hr\/wp-content\/uploads\/2025\/01\/BCB003B01-2.jpg?fit=800%2C1000&ssl=1\" \/>\n\t<meta property=\"og:image:width\" content=\"800\" \/>\n\t<meta property=\"og:image:height\" content=\"1000\" \/>\n\t<meta property=\"og:image:type\" content=\"image\/jpeg\" \/>\n<meta name=\"twitter:card\" content=\"summary_large_image\" \/>\n<script type=\"application\/ld+json\" class=\"yoast-schema-graph\">{\"@context\":\"https:\/\/schema.org\",\"@graph\":[{\"@type\":\"WebPage\",\"@id\":\"https:\/\/inti.hr\/sr\/proizvod\/polica-za-tusiranje-podesiva-po-visini-s-4-razine\/\",\"url\":\"https:\/\/inti.hr\/sr\/proizvod\/polica-za-tusiranje-podesiva-po-visini-s-4-razine\/\",\"name\":\"Polica za tu\u0161iranje podesiva po visini s 4 razine - Inti\",\"isPartOf\":{\"@id\":\"https:\/\/inti.hr\/sr\/#website\"},\"primaryImageOfPage\":{\"@id\":\"https:\/\/inti.hr\/sr\/proizvod\/polica-za-tusiranje-podesiva-po-visini-s-4-razine\/#primaryimage\"},\"image\":{\"@id\":\"https:\/\/inti.hr\/sr\/proizvod\/polica-za-tusiranje-podesiva-po-visini-s-4-razine\/#primaryimage\"},\"thumbnailUrl\":\"https:\/\/i0.wp.com\/inti.hr\/wp-content\/uploads\/2025\/01\/BCB003B01-2.jpg?fit=800%2C1000&ssl=1\",\"datePublished\":\"2025-01-09T12:57:39+00:00\",\"dateModified\":\"2025-01-09T12:57:39+00:00\",\"description\":\"Izra\u0111ena od visokokvalitetnog \u010delika oblo\u017eenog prahom, polica za tu\u0161iranje otporna je na hr\u0111u i idealna je za kupaonice. 3 samoljepljiva zatvara\u010da sprje\u010davaju prevrtanje police i stvaraju sigurno okru\u017eenje. PVC plo\u010de polica pru\u017eaju ravnu i stabilnu povr\u0161inu za odlaganje va\u0161ih kupaonskih potrep\u0161tina (svaka razina nosi do 5 kg). Ovdje se lako mogu pohraniti \u010dak i mali predmeti, bez pada! U usporedbi s konvencionalnim modelima, sastavljanje polica na\u0161e police je dje\u010dja igra. Zahvaljuju\u0107i pametnom dizajnu na usko\u010denje, lako se pri\u010dvr\u0161\u0107uju, ne skliznu lako i fleksibilno su podesivi po visini. 4 police s bo\u010dnim \u0161titnicima razli\u010ditih visina pru\u017eaju siguran prostor za posu\u0111e za kupanje razli\u010ditih veli\u010dina. 4 S-kuke, 1 \u017eilet i posuda za vje\u0161anje pru\u017eaju dodatne mogu\u0107nosti za pohranu. Polica za kupaonicu je podesive ukupne visine izme\u0111u 80 i 323 cm kako bi se prilagodila razli\u010ditim visinama prostorija.\",\"breadcrumb\":{\"@id\":\"https:\/\/inti.hr\/sr\/proizvod\/polica-za-tusiranje-podesiva-po-visini-s-4-razine\/#breadcrumb\"},\"inLanguage\":\"sr-RS\",\"potentialAction\":[{\"@type\":\"ReadAction\",\"target\":[\"https:\/\/inti.hr\/sr\/proizvod\/polica-za-tusiranje-podesiva-po-visini-s-4-razine\/\"]}]},{\"@type\":\"ImageObject\",\"inLanguage\":\"sr-RS\",\"@id\":\"https:\/\/inti.hr\/sr\/proizvod\/polica-za-tusiranje-podesiva-po-visini-s-4-razine\/#primaryimage\",\"url\":\"https:\/\/i0.wp.com\/inti.hr\/wp-content\/uploads\/2025\/01\/BCB003B01-2.jpg?fit=800%2C1000&ssl=1\",\"contentUrl\":\"https:\/\/i0.wp.com\/inti.hr\/wp-content\/uploads\/2025\/01\/BCB003B01-2.jpg?fit=800%2C1000&ssl=1\",\"width\":800,\"height\":1000,\"caption\":\"SONGMICS polica za tu\u0161iranje podesiva po visini s 4 razine crne tinte\"},{\"@type\":\"BreadcrumbList\",\"@id\":\"https:\/\/inti.hr\/sr\/proizvod\/polica-za-tusiranje-podesiva-po-visini-s-4-razine\/#breadcrumb\",\"itemListElement\":[{\"@type\":\"ListItem\",\"position\":1,\"name\":\"Po\u010detna stranica\",\"item\":\"https:\/\/inti.hr\/sr\/\"},{\"@type\":\"ListItem\",\"position\":2,\"name\":\"Prodavnica\",\"item\":\"https:\/\/inti.hr\/sr\/prodavnica\/\"},{\"@type\":\"ListItem\",\"position\":3,\"name\":\"Polica za tu\u0161iranje podesiva po visini s 4 razine\"}]},{\"@type\":\"WebSite\",\"@id\":\"https:\/\/inti.hr\/sr\/#website\",\"url\":\"https:\/\/inti.hr\/sr\/\",\"name\":\"Inti\",\"description\":\"trgovina\",\"potentialAction\":[{\"@type\":\"SearchAction\",\"target\":{\"@type\":\"EntryPoint\",\"urlTemplate\":\"https:\/\/inti.hr\/sr\/?s={search_term_string}\"},\"query-input\":{\"@type\":\"PropertyValueSpecification\",\"valueRequired\":true,\"valueName\":\"search_term_string\"}}],\"inLanguage\":\"sr-RS\"}]}<\/script>\n<!-- \/ Yoast SEO plugin. -->","yoast_head_json":{"title":"Polica za tu\u0161iranje podesiva po visini s 4 razine - Inti","description":"Izra\u0111ena od visokokvalitetnog \u010delika oblo\u017eenog prahom, polica za tu\u0161iranje otporna je na hr\u0111u i idealna je za kupaonice. 3 samoljepljiva zatvara\u010da sprje\u010davaju prevrtanje police i stvaraju sigurno okru\u017eenje. PVC plo\u010de polica pru\u017eaju ravnu i stabilnu povr\u0161inu za odlaganje va\u0161ih kupaonskih potrep\u0161tina (svaka razina nosi do 5 kg). Ovdje se lako mogu pohraniti \u010dak i mali predmeti, bez pada! U usporedbi s konvencionalnim modelima, sastavljanje polica na\u0161e police je dje\u010dja igra. Zahvaljuju\u0107i pametnom dizajnu na usko\u010denje, lako se pri\u010dvr\u0161\u0107uju, ne skliznu lako i fleksibilno su podesivi po visini. 4 police s bo\u010dnim \u0161titnicima razli\u010ditih visina pru\u017eaju siguran prostor za posu\u0111e za kupanje razli\u010ditih veli\u010dina. 4 S-kuke, 1 \u017eilet i posuda za vje\u0161anje pru\u017eaju dodatne mogu\u0107nosti za pohranu. Polica za kupaonicu je podesive ukupne visine izme\u0111u 80 i 323 cm kako bi se prilagodila razli\u010ditim visinama prostorija.","robots":{"index":"index","follow":"follow","max-snippet":"max-snippet:-1","max-image-preview":"max-image-preview:large","max-video-preview":"max-video-preview:-1"},"canonical":"https:\/\/inti.hr\/sr\/proizvod\/polica-za-tusiranje-podesiva-po-visini-s-4-razine\/","og_locale":"sr_RS","og_type":"article","og_title":"Polica za tu\u0161iranje podesiva po visini s 4 razine - Inti","og_description":"Izra\u0111ena od visokokvalitetnog \u010delika oblo\u017eenog prahom, polica za tu\u0161iranje otporna je na hr\u0111u i idealna je za kupaonice. 3 samoljepljiva zatvara\u010da sprje\u010davaju prevrtanje police i stvaraju sigurno okru\u017eenje. PVC plo\u010de polica pru\u017eaju ravnu i stabilnu povr\u0161inu za odlaganje va\u0161ih kupaonskih potrep\u0161tina (svaka razina nosi do 5 kg). Ovdje se lako mogu pohraniti \u010dak i mali predmeti, bez pada! U usporedbi s konvencionalnim modelima, sastavljanje polica na\u0161e police je dje\u010dja igra. Zahvaljuju\u0107i pametnom dizajnu na usko\u010denje, lako se pri\u010dvr\u0161\u0107uju, ne skliznu lako i fleksibilno su podesivi po visini. 4 police s bo\u010dnim \u0161titnicima razli\u010ditih visina pru\u017eaju siguran prostor za posu\u0111e za kupanje razli\u010ditih veli\u010dina. 4 S-kuke, 1 \u017eilet i posuda za vje\u0161anje pru\u017eaju dodatne mogu\u0107nosti za pohranu. Polica za kupaonicu je podesive ukupne visine izme\u0111u 80 i 323 cm kako bi se prilagodila razli\u010ditim visinama prostorija.","og_url":"https:\/\/inti.hr\/sr\/proizvod\/polica-za-tusiranje-podesiva-po-visini-s-4-razine\/","og_site_name":"Inti","og_image":[{"width":800,"height":1000,"url":"https:\/\/i0.wp.com\/inti.hr\/wp-content\/uploads\/2025\/01\/BCB003B01-2.jpg?fit=800%2C1000&ssl=1","type":"image\/jpeg"}],"twitter_card":"summary_large_image","schema":{"@context":"https:\/\/schema.org","@graph":[{"@type":"WebPage","@id":"https:\/\/inti.hr\/sr\/proizvod\/polica-za-tusiranje-podesiva-po-visini-s-4-razine\/","url":"https:\/\/inti.hr\/sr\/proizvod\/polica-za-tusiranje-podesiva-po-visini-s-4-razine\/","name":"Polica za tu\u0161iranje podesiva po visini s 4 razine - Inti","isPartOf":{"@id":"https:\/\/inti.hr\/sr\/#website"},"primaryImageOfPage":{"@id":"https:\/\/inti.hr\/sr\/proizvod\/polica-za-tusiranje-podesiva-po-visini-s-4-razine\/#primaryimage"},"image":{"@id":"https:\/\/inti.hr\/sr\/proizvod\/polica-za-tusiranje-podesiva-po-visini-s-4-razine\/#primaryimage"},"thumbnailUrl":"https:\/\/i0.wp.com\/inti.hr\/wp-content\/uploads\/2025\/01\/BCB003B01-2.jpg?fit=800%2C1000&ssl=1","datePublished":"2025-01-09T12:57:39+00:00","dateModified":"2025-01-09T12:57:39+00:00","description":"Izra\u0111ena od visokokvalitetnog \u010delika oblo\u017eenog prahom, polica za tu\u0161iranje otporna je na hr\u0111u i idealna je za kupaonice. 3 samoljepljiva zatvara\u010da sprje\u010davaju prevrtanje police i stvaraju sigurno okru\u017eenje. PVC plo\u010de polica pru\u017eaju ravnu i stabilnu povr\u0161inu za odlaganje va\u0161ih kupaonskih potrep\u0161tina (svaka razina nosi do 5 kg). Ovdje se lako mogu pohraniti \u010dak i mali predmeti, bez pada! U usporedbi s konvencionalnim modelima, sastavljanje polica na\u0161e police je dje\u010dja igra. Zahvaljuju\u0107i pametnom dizajnu na usko\u010denje, lako se pri\u010dvr\u0161\u0107uju, ne skliznu lako i fleksibilno su podesivi po visini. 4 police s bo\u010dnim \u0161titnicima razli\u010ditih visina pru\u017eaju siguran prostor za posu\u0111e za kupanje razli\u010ditih veli\u010dina. 4 S-kuke, 1 \u017eilet i posuda za vje\u0161anje pru\u017eaju dodatne mogu\u0107nosti za pohranu. Polica za kupaonicu je podesive ukupne visine izme\u0111u 80 i 323 cm kako bi se prilagodila razli\u010ditim visinama prostorija.","breadcrumb":{"@id":"https:\/\/inti.hr\/sr\/proizvod\/polica-za-tusiranje-podesiva-po-visini-s-4-razine\/#breadcrumb"},"inLanguage":"sr-RS","potentialAction":[{"@type":"ReadAction","target":["https:\/\/inti.hr\/sr\/proizvod\/polica-za-tusiranje-podesiva-po-visini-s-4-razine\/"]}]},{"@type":"ImageObject","inLanguage":"sr-RS","@id":"https:\/\/inti.hr\/sr\/proizvod\/polica-za-tusiranje-podesiva-po-visini-s-4-razine\/#primaryimage","url":"https:\/\/i0.wp.com\/inti.hr\/wp-content\/uploads\/2025\/01\/BCB003B01-2.jpg?fit=800%2C1000&ssl=1","contentUrl":"https:\/\/i0.wp.com\/inti.hr\/wp-content\/uploads\/2025\/01\/BCB003B01-2.jpg?fit=800%2C1000&ssl=1","width":800,"height":1000,"caption":"SONGMICS polica za tu\u0161iranje podesiva po visini s 4 razine crne tinte"},{"@type":"BreadcrumbList","@id":"https:\/\/inti.hr\/sr\/proizvod\/polica-za-tusiranje-podesiva-po-visini-s-4-razine\/#breadcrumb","itemListElement":[{"@type":"ListItem","position":1,"name":"Po\u010detna stranica","item":"https:\/\/inti.hr\/sr\/"},{"@type":"ListItem","position":2,"name":"Prodavnica","item":"https:\/\/inti.hr\/sr\/prodavnica\/"},{"@type":"ListItem","position":3,"name":"Polica za tu\u0161iranje podesiva po visini s 4 razine"}]},{"@type":"WebSite","@id":"https:\/\/inti.hr\/sr\/#website","url":"https:\/\/inti.hr\/sr\/","name":"Inti","description":"trgovina","potentialAction":[{"@type":"SearchAction","target":{"@type":"EntryPoint","urlTemplate":"https:\/\/inti.hr\/sr\/?s={search_term_string}"},"query-input":{"@type":"PropertyValueSpecification","valueRequired":true,"valueName":"search_term_string"}}],"inLanguage":"sr-RS"}]}},"jetpack_sharing_enabled":true,"jetpack-related-posts":[],"_links":{"self":[{"href":"https:\/\/inti.hr\/sr\/wp-json\/wp\/v2\/product\/31647"}],"collection":[{"href":"https:\/\/inti.hr\/sr\/wp-json\/wp\/v2\/product"}],"about":[{"href":"https:\/\/inti.hr\/sr\/wp-json\/wp\/v2\/types\/product"}],"wp:featuredmedia":[{"embeddable":true,"href":"https:\/\/inti.hr\/sr\/wp-json\/wp\/v2\/media\/31648"}],"wp:attachment":[{"href":"https:\/\/inti.hr\/sr\/wp-json\/wp\/v2\/media?parent=31647"}],"wp:term":[{"taxonomy":"product_cat","embeddable":true,"href":"https:\/\/inti.hr\/sr\/wp-json\/wp\/v2\/product_cat?post=31647"},{"taxonomy":"product_tag","embeddable":true,"href":"https:\/\/inti.hr\/sr\/wp-json\/wp\/v2\/product_tag?post=31647"}],"curies":[{"name":"wp","href":"https:\/\/api.w.org\/{rel}","templated":true}]}}