{"id":31667,"date":"2025-01-09T13:28:54","date_gmt":"2025-01-09T12:28:54","guid":{"rendered":"https:\/\/inti.hr\/product\/nocni-ormaric-50x40x50cm\/"},"modified":"2025-01-09T13:28:54","modified_gmt":"2025-01-09T12:28:54","slug":"nocni-ormaric-50x40x50cm","status":"publish","type":"product","link":"https:\/\/inti.hr\/sr\/proizvod\/nocni-ormaric-50x40x50cm\/","title":{"rendered":"No\u0107ni ormari\u0107 50x40x50cm"},"content":{"rendered":"<p>Pojedinosti o proizvodu:<\/p>\n<p>Te\u017eina: pribli\u017eno 13,88 kg.<br \/>\nTestirano za: 40 kg.<br \/>\nMaterijal: MDF, PB, \u017eeljezo.<br \/>\nMjere proizvoda: 50x40x50 cm (vidi sliku).<br \/>\nDimenzije pakiranja: 65&#215;46,5&#215;17 cm.<br \/>\nS uputama za sastavljanje i vijcima. Jednostavna instalacija<\/p>\n","protected":false},"excerpt":{"rendered":"<p><span>No\u0107ni ormari\u0107 savr\u0161en je za postavljanje no\u0107ne svjetiljke, daljinskog upravlja\u010da za &#8230; <\/p>\n","protected":false},"featured_media":31668,"template":"","meta":[],"product_cat":[2416],"product_tag":[2676,2677],"yoast_head":"<!-- This site is optimized with the Yoast SEO plugin v23.7 - https:\/\/yoast.com\/wordpress\/plugins\/seo\/ -->\n<title>No\u0107ni ormari\u0107 50x40x50cm - Inti<\/title>\n<meta name=\"description\" content=\"No\u0107ni ormari\u0107 savr\u0161en je za postavljanje no\u0107ne svjetiljke, daljinskog upravlja\u010da za TV, foto albuma, budilice ili drugih ukrasnih predmeta.Savr\u0161en je komad namje\u0161taja kao no\u0107ni ormari\u0107 u spava\u0107oj sobi, uz kau\u010d u dnevnoj sobi ili kao stoli\u0107 za kavu.No\u0107ni ormari\u0107 s prirodnom povr\u0161inom i crnim metalnim nogama, kombinacija industrijskog i retro stila. Jednostavne geometrijske linije \u010dine va\u0161 prostor \u010di\u0161\u0107im i urednijim.2 ladice lako klize na teleskopskim i tihim vodilicama, daju\u0107i vam dodatni prostor za dodatke, kozmetiku i druge male osobne stvari.Noge od filca ispod nogu stola smanjuju buku i \u0161tite pod, pobolj\u0161avaju\u0107i stabilnost no\u0107nog ormari\u0107a.\" \/>\n<meta name=\"robots\" content=\"index, follow, max-snippet:-1, max-image-preview:large, max-video-preview:-1\" \/>\n<link rel=\"canonical\" href=\"https:\/\/inti.hr\/sr\/proizvod\/nocni-ormaric-50x40x50cm\/\" \/>\n<meta property=\"og:locale\" content=\"sr_RS\" \/>\n<meta property=\"og:type\" content=\"article\" \/>\n<meta property=\"og:title\" content=\"No\u0107ni ormari\u0107 50x40x50cm - Inti\" \/>\n<meta property=\"og:description\" content=\"No\u0107ni ormari\u0107 savr\u0161en je za postavljanje no\u0107ne svjetiljke, daljinskog upravlja\u010da za TV, foto albuma, budilice ili drugih ukrasnih predmeta.Savr\u0161en je komad namje\u0161taja kao no\u0107ni ormari\u0107 u spava\u0107oj sobi, uz kau\u010d u dnevnoj sobi ili kao stoli\u0107 za kavu.No\u0107ni ormari\u0107 s prirodnom povr\u0161inom i crnim metalnim nogama, kombinacija industrijskog i retro stila. Jednostavne geometrijske linije \u010dine va\u0161 prostor \u010di\u0161\u0107im i urednijim.2 ladice lako klize na teleskopskim i tihim vodilicama, daju\u0107i vam dodatni prostor za dodatke, kozmetiku i druge male osobne stvari.Noge od filca ispod nogu stola smanjuju buku i \u0161tite pod, pobolj\u0161avaju\u0107i stabilnost no\u0107nog ormari\u0107a.\" \/>\n<meta property=\"og:url\" content=\"https:\/\/inti.hr\/sr\/proizvod\/nocni-ormaric-50x40x50cm\/\" \/>\n<meta property=\"og:site_name\" content=\"Inti\" \/>\n<meta property=\"og:image\" content=\"https:\/\/i0.wp.com\/inti.hr\/wp-content\/uploads\/2025\/01\/FBT156-BR-Y003_860x.webp?fit=860%2C860&ssl=1\" \/>\n\t<meta property=\"og:image:width\" content=\"860\" \/>\n\t<meta property=\"og:image:height\" content=\"860\" \/>\n\t<meta property=\"og:image:type\" content=\"image\/webp\" \/>\n<meta name=\"twitter:card\" content=\"summary_large_image\" \/>\n<script type=\"application\/ld+json\" class=\"yoast-schema-graph\">{\"@context\":\"https:\/\/schema.org\",\"@graph\":[{\"@type\":\"WebPage\",\"@id\":\"https:\/\/inti.hr\/sr\/proizvod\/nocni-ormaric-50x40x50cm\/\",\"url\":\"https:\/\/inti.hr\/sr\/proizvod\/nocni-ormaric-50x40x50cm\/\",\"name\":\"No\u0107ni ormari\u0107 50x40x50cm - Inti\",\"isPartOf\":{\"@id\":\"https:\/\/inti.hr\/sr\/#website\"},\"primaryImageOfPage\":{\"@id\":\"https:\/\/inti.hr\/sr\/proizvod\/nocni-ormaric-50x40x50cm\/#primaryimage\"},\"image\":{\"@id\":\"https:\/\/inti.hr\/sr\/proizvod\/nocni-ormaric-50x40x50cm\/#primaryimage\"},\"thumbnailUrl\":\"https:\/\/i0.wp.com\/inti.hr\/wp-content\/uploads\/2025\/01\/FBT156-BR-Y003_860x.webp?fit=860%2C860&ssl=1\",\"datePublished\":\"2025-01-09T12:28:54+00:00\",\"dateModified\":\"2025-01-09T12:28:54+00:00\",\"description\":\"No\u0107ni ormari\u0107 savr\u0161en je za postavljanje no\u0107ne svjetiljke, daljinskog upravlja\u010da za TV, foto albuma, budilice ili drugih ukrasnih predmeta.Savr\u0161en je komad namje\u0161taja kao no\u0107ni ormari\u0107 u spava\u0107oj sobi, uz kau\u010d u dnevnoj sobi ili kao stoli\u0107 za kavu.No\u0107ni ormari\u0107 s prirodnom povr\u0161inom i crnim metalnim nogama, kombinacija industrijskog i retro stila. Jednostavne geometrijske linije \u010dine va\u0161 prostor \u010di\u0161\u0107im i urednijim.2 ladice lako klize na teleskopskim i tihim vodilicama, daju\u0107i vam dodatni prostor za dodatke, kozmetiku i druge male osobne stvari.Noge od filca ispod nogu stola smanjuju buku i \u0161tite pod, pobolj\u0161avaju\u0107i stabilnost no\u0107nog ormari\u0107a.\",\"breadcrumb\":{\"@id\":\"https:\/\/inti.hr\/sr\/proizvod\/nocni-ormaric-50x40x50cm\/#breadcrumb\"},\"inLanguage\":\"sr-RS\",\"potentialAction\":[{\"@type\":\"ReadAction\",\"target\":[\"https:\/\/inti.hr\/sr\/proizvod\/nocni-ormaric-50x40x50cm\/\"]}]},{\"@type\":\"ImageObject\",\"inLanguage\":\"sr-RS\",\"@id\":\"https:\/\/inti.hr\/sr\/proizvod\/nocni-ormaric-50x40x50cm\/#primaryimage\",\"url\":\"https:\/\/i0.wp.com\/inti.hr\/wp-content\/uploads\/2025\/01\/FBT156-BR-Y003_860x.webp?fit=860%2C860&ssl=1\",\"contentUrl\":\"https:\/\/i0.wp.com\/inti.hr\/wp-content\/uploads\/2025\/01\/FBT156-BR-Y003_860x.webp?fit=860%2C860&ssl=1\",\"width\":860,\"height\":860,\"caption\":\"SoBuy No\u0107ni ormari\u0107 50x40x50cm FBT156-BR\"},{\"@type\":\"BreadcrumbList\",\"@id\":\"https:\/\/inti.hr\/sr\/proizvod\/nocni-ormaric-50x40x50cm\/#breadcrumb\",\"itemListElement\":[{\"@type\":\"ListItem\",\"position\":1,\"name\":\"Po\u010detna stranica\",\"item\":\"https:\/\/inti.hr\/sr\/\"},{\"@type\":\"ListItem\",\"position\":2,\"name\":\"Prodavnica\",\"item\":\"https:\/\/inti.hr\/sr\/prodavnica\/\"},{\"@type\":\"ListItem\",\"position\":3,\"name\":\"No\u0107ni ormari\u0107 50x40x50cm\"}]},{\"@type\":\"WebSite\",\"@id\":\"https:\/\/inti.hr\/sr\/#website\",\"url\":\"https:\/\/inti.hr\/sr\/\",\"name\":\"Inti\",\"description\":\"trgovina\",\"potentialAction\":[{\"@type\":\"SearchAction\",\"target\":{\"@type\":\"EntryPoint\",\"urlTemplate\":\"https:\/\/inti.hr\/sr\/?s={search_term_string}\"},\"query-input\":{\"@type\":\"PropertyValueSpecification\",\"valueRequired\":true,\"valueName\":\"search_term_string\"}}],\"inLanguage\":\"sr-RS\"}]}<\/script>\n<!-- \/ Yoast SEO plugin. -->","yoast_head_json":{"title":"No\u0107ni ormari\u0107 50x40x50cm - Inti","description":"No\u0107ni ormari\u0107 savr\u0161en je za postavljanje no\u0107ne svjetiljke, daljinskog upravlja\u010da za TV, foto albuma, budilice ili drugih ukrasnih predmeta.Savr\u0161en je komad namje\u0161taja kao no\u0107ni ormari\u0107 u spava\u0107oj sobi, uz kau\u010d u dnevnoj sobi ili kao stoli\u0107 za kavu.No\u0107ni ormari\u0107 s prirodnom povr\u0161inom i crnim metalnim nogama, kombinacija industrijskog i retro stila. Jednostavne geometrijske linije \u010dine va\u0161 prostor \u010di\u0161\u0107im i urednijim.2 ladice lako klize na teleskopskim i tihim vodilicama, daju\u0107i vam dodatni prostor za dodatke, kozmetiku i druge male osobne stvari.Noge od filca ispod nogu stola smanjuju buku i \u0161tite pod, pobolj\u0161avaju\u0107i stabilnost no\u0107nog ormari\u0107a.","robots":{"index":"index","follow":"follow","max-snippet":"max-snippet:-1","max-image-preview":"max-image-preview:large","max-video-preview":"max-video-preview:-1"},"canonical":"https:\/\/inti.hr\/sr\/proizvod\/nocni-ormaric-50x40x50cm\/","og_locale":"sr_RS","og_type":"article","og_title":"No\u0107ni ormari\u0107 50x40x50cm - Inti","og_description":"No\u0107ni ormari\u0107 savr\u0161en je za postavljanje no\u0107ne svjetiljke, daljinskog upravlja\u010da za TV, foto albuma, budilice ili drugih ukrasnih predmeta.Savr\u0161en je komad namje\u0161taja kao no\u0107ni ormari\u0107 u spava\u0107oj sobi, uz kau\u010d u dnevnoj sobi ili kao stoli\u0107 za kavu.No\u0107ni ormari\u0107 s prirodnom povr\u0161inom i crnim metalnim nogama, kombinacija industrijskog i retro stila. Jednostavne geometrijske linije \u010dine va\u0161 prostor \u010di\u0161\u0107im i urednijim.2 ladice lako klize na teleskopskim i tihim vodilicama, daju\u0107i vam dodatni prostor za dodatke, kozmetiku i druge male osobne stvari.Noge od filca ispod nogu stola smanjuju buku i \u0161tite pod, pobolj\u0161avaju\u0107i stabilnost no\u0107nog ormari\u0107a.","og_url":"https:\/\/inti.hr\/sr\/proizvod\/nocni-ormaric-50x40x50cm\/","og_site_name":"Inti","og_image":[{"width":860,"height":860,"url":"https:\/\/i0.wp.com\/inti.hr\/wp-content\/uploads\/2025\/01\/FBT156-BR-Y003_860x.webp?fit=860%2C860&ssl=1","type":"image\/webp"}],"twitter_card":"summary_large_image","schema":{"@context":"https:\/\/schema.org","@graph":[{"@type":"WebPage","@id":"https:\/\/inti.hr\/sr\/proizvod\/nocni-ormaric-50x40x50cm\/","url":"https:\/\/inti.hr\/sr\/proizvod\/nocni-ormaric-50x40x50cm\/","name":"No\u0107ni ormari\u0107 50x40x50cm - Inti","isPartOf":{"@id":"https:\/\/inti.hr\/sr\/#website"},"primaryImageOfPage":{"@id":"https:\/\/inti.hr\/sr\/proizvod\/nocni-ormaric-50x40x50cm\/#primaryimage"},"image":{"@id":"https:\/\/inti.hr\/sr\/proizvod\/nocni-ormaric-50x40x50cm\/#primaryimage"},"thumbnailUrl":"https:\/\/i0.wp.com\/inti.hr\/wp-content\/uploads\/2025\/01\/FBT156-BR-Y003_860x.webp?fit=860%2C860&ssl=1","datePublished":"2025-01-09T12:28:54+00:00","dateModified":"2025-01-09T12:28:54+00:00","description":"No\u0107ni ormari\u0107 savr\u0161en je za postavljanje no\u0107ne svjetiljke, daljinskog upravlja\u010da za TV, foto albuma, budilice ili drugih ukrasnih predmeta.Savr\u0161en je komad namje\u0161taja kao no\u0107ni ormari\u0107 u spava\u0107oj sobi, uz kau\u010d u dnevnoj sobi ili kao stoli\u0107 za kavu.No\u0107ni ormari\u0107 s prirodnom povr\u0161inom i crnim metalnim nogama, kombinacija industrijskog i retro stila. Jednostavne geometrijske linije \u010dine va\u0161 prostor \u010di\u0161\u0107im i urednijim.2 ladice lako klize na teleskopskim i tihim vodilicama, daju\u0107i vam dodatni prostor za dodatke, kozmetiku i druge male osobne stvari.Noge od filca ispod nogu stola smanjuju buku i \u0161tite pod, pobolj\u0161avaju\u0107i stabilnost no\u0107nog ormari\u0107a.","breadcrumb":{"@id":"https:\/\/inti.hr\/sr\/proizvod\/nocni-ormaric-50x40x50cm\/#breadcrumb"},"inLanguage":"sr-RS","potentialAction":[{"@type":"ReadAction","target":["https:\/\/inti.hr\/sr\/proizvod\/nocni-ormaric-50x40x50cm\/"]}]},{"@type":"ImageObject","inLanguage":"sr-RS","@id":"https:\/\/inti.hr\/sr\/proizvod\/nocni-ormaric-50x40x50cm\/#primaryimage","url":"https:\/\/i0.wp.com\/inti.hr\/wp-content\/uploads\/2025\/01\/FBT156-BR-Y003_860x.webp?fit=860%2C860&ssl=1","contentUrl":"https:\/\/i0.wp.com\/inti.hr\/wp-content\/uploads\/2025\/01\/FBT156-BR-Y003_860x.webp?fit=860%2C860&ssl=1","width":860,"height":860,"caption":"SoBuy No\u0107ni ormari\u0107 50x40x50cm FBT156-BR"},{"@type":"BreadcrumbList","@id":"https:\/\/inti.hr\/sr\/proizvod\/nocni-ormaric-50x40x50cm\/#breadcrumb","itemListElement":[{"@type":"ListItem","position":1,"name":"Po\u010detna stranica","item":"https:\/\/inti.hr\/sr\/"},{"@type":"ListItem","position":2,"name":"Prodavnica","item":"https:\/\/inti.hr\/sr\/prodavnica\/"},{"@type":"ListItem","position":3,"name":"No\u0107ni ormari\u0107 50x40x50cm"}]},{"@type":"WebSite","@id":"https:\/\/inti.hr\/sr\/#website","url":"https:\/\/inti.hr\/sr\/","name":"Inti","description":"trgovina","potentialAction":[{"@type":"SearchAction","target":{"@type":"EntryPoint","urlTemplate":"https:\/\/inti.hr\/sr\/?s={search_term_string}"},"query-input":{"@type":"PropertyValueSpecification","valueRequired":true,"valueName":"search_term_string"}}],"inLanguage":"sr-RS"}]}},"jetpack_sharing_enabled":true,"jetpack-related-posts":[],"_links":{"self":[{"href":"https:\/\/inti.hr\/sr\/wp-json\/wp\/v2\/product\/31667"}],"collection":[{"href":"https:\/\/inti.hr\/sr\/wp-json\/wp\/v2\/product"}],"about":[{"href":"https:\/\/inti.hr\/sr\/wp-json\/wp\/v2\/types\/product"}],"wp:featuredmedia":[{"embeddable":true,"href":"https:\/\/inti.hr\/sr\/wp-json\/wp\/v2\/media\/31668"}],"wp:attachment":[{"href":"https:\/\/inti.hr\/sr\/wp-json\/wp\/v2\/media?parent=31667"}],"wp:term":[{"taxonomy":"product_cat","embeddable":true,"href":"https:\/\/inti.hr\/sr\/wp-json\/wp\/v2\/product_cat?post=31667"},{"taxonomy":"product_tag","embeddable":true,"href":"https:\/\/inti.hr\/sr\/wp-json\/wp\/v2\/product_tag?post=31667"}],"curies":[{"name":"wp","href":"https:\/\/api.w.org\/{rel}","templated":true}]}}