{"id":31673,"date":"2025-01-08T19:19:30","date_gmt":"2025-01-08T18:19:30","guid":{"rendered":"https:\/\/inti.hr\/product\/nocni-ormaric-50x40x40cm\/"},"modified":"2025-01-08T19:19:30","modified_gmt":"2025-01-08T18:19:30","slug":"nocni-ormaric-50x40x40cm","status":"publish","type":"product","link":"https:\/\/inti.hr\/sr\/proizvod\/nocni-ormaric-50x40x40cm\/","title":{"rendered":"No\u0107ni ormari\u0107 50x40x40cm"},"content":{"rendered":"<p>Pojedinosti o proizvodu:<\/p>\n<p>Te\u017eina: oko 12,4 kg.<br \/>\nTestirano za: 20 kg.<br \/>\nMaterijal: MDF.<br \/>\nMjere proizvoda: 50x40x40 cm (vidi sliku).<br \/>\nDimenzije paketa: 60x47x15 cm.<br \/>\nS uputama za sastavljanje i vijcima. Jednostavna instalacija.<\/p>\n","protected":false},"excerpt":{"rendered":"<p><span>Ovaj komad namje\u0161taja savr\u0161en je kao no\u0107ni ormari\u0107 u spava\u0107oj sobi, &#8230; <\/p>\n","protected":false},"featured_media":31674,"template":"","meta":[],"product_cat":[2416],"product_tag":[2676,2677],"yoast_head":"<!-- This site is optimized with the Yoast SEO plugin v23.7 - https:\/\/yoast.com\/wordpress\/plugins\/seo\/ -->\n<title>No\u0107ni ormari\u0107 50x40x40cm - Inti<\/title>\n<meta name=\"description\" content=\"Ovaj komad namje\u0161taja savr\u0161en je kao no\u0107ni ormari\u0107 u spava\u0107oj sobi, pored sofe u dnevnoj sobi ili kao pomo\u0107ni stoli\u0107 u sobi za primanje.Zahvaljuju\u0107i maloj povr\u0161ini, no\u0107ni ormari\u0107 \u0161tedi prostor i pristaje \u010dak iu uskim kutovima i ni\u0161ama.Osim \u0161to je estetski lijep, no\u0107ni ormari\u0107 je i vrlo prakti\u010dan za kori\u0161tenje zahvaljuju\u0107i ladici s vodilicom koja je dizajnirana da svaki predmet mo\u017eete pa\u017eljivo pospremiti.S jednom ladicom i jednim vratima, nudi prakti\u010dnost i privatnost za va\u0161e osobne predmete.Glatke povr\u0161ine lako se \u010diste, dobro izra\u0111ena struktura ne klima se \u0161to osigurava njegovu trajnost i \u010dvrsto\u0107u.\" \/>\n<meta name=\"robots\" content=\"index, follow, max-snippet:-1, max-image-preview:large, max-video-preview:-1\" \/>\n<link rel=\"canonical\" href=\"https:\/\/inti.hr\/sr\/proizvod\/nocni-ormaric-50x40x40cm\/\" \/>\n<meta property=\"og:locale\" content=\"sr_RS\" \/>\n<meta property=\"og:type\" content=\"article\" \/>\n<meta property=\"og:title\" content=\"No\u0107ni ormari\u0107 50x40x40cm - Inti\" \/>\n<meta property=\"og:description\" content=\"Ovaj komad namje\u0161taja savr\u0161en je kao no\u0107ni ormari\u0107 u spava\u0107oj sobi, pored sofe u dnevnoj sobi ili kao pomo\u0107ni stoli\u0107 u sobi za primanje.Zahvaljuju\u0107i maloj povr\u0161ini, no\u0107ni ormari\u0107 \u0161tedi prostor i pristaje \u010dak iu uskim kutovima i ni\u0161ama.Osim \u0161to je estetski lijep, no\u0107ni ormari\u0107 je i vrlo prakti\u010dan za kori\u0161tenje zahvaljuju\u0107i ladici s vodilicom koja je dizajnirana da svaki predmet mo\u017eete pa\u017eljivo pospremiti.S jednom ladicom i jednim vratima, nudi prakti\u010dnost i privatnost za va\u0161e osobne predmete.Glatke povr\u0161ine lako se \u010diste, dobro izra\u0111ena struktura ne klima se \u0161to osigurava njegovu trajnost i \u010dvrsto\u0107u.\" \/>\n<meta property=\"og:url\" content=\"https:\/\/inti.hr\/sr\/proizvod\/nocni-ormaric-50x40x40cm\/\" \/>\n<meta property=\"og:site_name\" content=\"Inti\" \/>\n<meta property=\"og:image\" content=\"https:\/\/i0.wp.com\/inti.hr\/wp-content\/uploads\/2025\/01\/FBT153-N-Y004_860x.webp?fit=860%2C860&ssl=1\" \/>\n\t<meta property=\"og:image:width\" content=\"860\" \/>\n\t<meta property=\"og:image:height\" content=\"860\" \/>\n\t<meta property=\"og:image:type\" content=\"image\/webp\" \/>\n<meta name=\"twitter:card\" content=\"summary_large_image\" \/>\n<script type=\"application\/ld+json\" class=\"yoast-schema-graph\">{\"@context\":\"https:\/\/schema.org\",\"@graph\":[{\"@type\":\"WebPage\",\"@id\":\"https:\/\/inti.hr\/sr\/proizvod\/nocni-ormaric-50x40x40cm\/\",\"url\":\"https:\/\/inti.hr\/sr\/proizvod\/nocni-ormaric-50x40x40cm\/\",\"name\":\"No\u0107ni ormari\u0107 50x40x40cm - Inti\",\"isPartOf\":{\"@id\":\"https:\/\/inti.hr\/sr\/#website\"},\"primaryImageOfPage\":{\"@id\":\"https:\/\/inti.hr\/sr\/proizvod\/nocni-ormaric-50x40x40cm\/#primaryimage\"},\"image\":{\"@id\":\"https:\/\/inti.hr\/sr\/proizvod\/nocni-ormaric-50x40x40cm\/#primaryimage\"},\"thumbnailUrl\":\"https:\/\/i0.wp.com\/inti.hr\/wp-content\/uploads\/2025\/01\/FBT153-N-Y004_860x.webp?fit=860%2C860&ssl=1\",\"datePublished\":\"2025-01-08T18:19:30+00:00\",\"dateModified\":\"2025-01-08T18:19:30+00:00\",\"description\":\"Ovaj komad namje\u0161taja savr\u0161en je kao no\u0107ni ormari\u0107 u spava\u0107oj sobi, pored sofe u dnevnoj sobi ili kao pomo\u0107ni stoli\u0107 u sobi za primanje.Zahvaljuju\u0107i maloj povr\u0161ini, no\u0107ni ormari\u0107 \u0161tedi prostor i pristaje \u010dak iu uskim kutovima i ni\u0161ama.Osim \u0161to je estetski lijep, no\u0107ni ormari\u0107 je i vrlo prakti\u010dan za kori\u0161tenje zahvaljuju\u0107i ladici s vodilicom koja je dizajnirana da svaki predmet mo\u017eete pa\u017eljivo pospremiti.S jednom ladicom i jednim vratima, nudi prakti\u010dnost i privatnost za va\u0161e osobne predmete.Glatke povr\u0161ine lako se \u010diste, dobro izra\u0111ena struktura ne klima se \u0161to osigurava njegovu trajnost i \u010dvrsto\u0107u.\",\"breadcrumb\":{\"@id\":\"https:\/\/inti.hr\/sr\/proizvod\/nocni-ormaric-50x40x40cm\/#breadcrumb\"},\"inLanguage\":\"sr-RS\",\"potentialAction\":[{\"@type\":\"ReadAction\",\"target\":[\"https:\/\/inti.hr\/sr\/proizvod\/nocni-ormaric-50x40x40cm\/\"]}]},{\"@type\":\"ImageObject\",\"inLanguage\":\"sr-RS\",\"@id\":\"https:\/\/inti.hr\/sr\/proizvod\/nocni-ormaric-50x40x40cm\/#primaryimage\",\"url\":\"https:\/\/i0.wp.com\/inti.hr\/wp-content\/uploads\/2025\/01\/FBT153-N-Y004_860x.webp?fit=860%2C860&ssl=1\",\"contentUrl\":\"https:\/\/i0.wp.com\/inti.hr\/wp-content\/uploads\/2025\/01\/FBT153-N-Y004_860x.webp?fit=860%2C860&ssl=1\",\"width\":860,\"height\":860,\"caption\":\"SoBuy No\u0107ni ormari\u0107 50x40x40cm FBT153-N\"},{\"@type\":\"BreadcrumbList\",\"@id\":\"https:\/\/inti.hr\/sr\/proizvod\/nocni-ormaric-50x40x40cm\/#breadcrumb\",\"itemListElement\":[{\"@type\":\"ListItem\",\"position\":1,\"name\":\"Po\u010detna stranica\",\"item\":\"https:\/\/inti.hr\/sr\/\"},{\"@type\":\"ListItem\",\"position\":2,\"name\":\"Prodavnica\",\"item\":\"https:\/\/inti.hr\/sr\/prodavnica\/\"},{\"@type\":\"ListItem\",\"position\":3,\"name\":\"No\u0107ni ormari\u0107 50x40x40cm\"}]},{\"@type\":\"WebSite\",\"@id\":\"https:\/\/inti.hr\/sr\/#website\",\"url\":\"https:\/\/inti.hr\/sr\/\",\"name\":\"Inti\",\"description\":\"trgovina\",\"potentialAction\":[{\"@type\":\"SearchAction\",\"target\":{\"@type\":\"EntryPoint\",\"urlTemplate\":\"https:\/\/inti.hr\/sr\/?s={search_term_string}\"},\"query-input\":{\"@type\":\"PropertyValueSpecification\",\"valueRequired\":true,\"valueName\":\"search_term_string\"}}],\"inLanguage\":\"sr-RS\"}]}<\/script>\n<!-- \/ Yoast SEO plugin. -->","yoast_head_json":{"title":"No\u0107ni ormari\u0107 50x40x40cm - Inti","description":"Ovaj komad namje\u0161taja savr\u0161en je kao no\u0107ni ormari\u0107 u spava\u0107oj sobi, pored sofe u dnevnoj sobi ili kao pomo\u0107ni stoli\u0107 u sobi za primanje.Zahvaljuju\u0107i maloj povr\u0161ini, no\u0107ni ormari\u0107 \u0161tedi prostor i pristaje \u010dak iu uskim kutovima i ni\u0161ama.Osim \u0161to je estetski lijep, no\u0107ni ormari\u0107 je i vrlo prakti\u010dan za kori\u0161tenje zahvaljuju\u0107i ladici s vodilicom koja je dizajnirana da svaki predmet mo\u017eete pa\u017eljivo pospremiti.S jednom ladicom i jednim vratima, nudi prakti\u010dnost i privatnost za va\u0161e osobne predmete.Glatke povr\u0161ine lako se \u010diste, dobro izra\u0111ena struktura ne klima se \u0161to osigurava njegovu trajnost i \u010dvrsto\u0107u.","robots":{"index":"index","follow":"follow","max-snippet":"max-snippet:-1","max-image-preview":"max-image-preview:large","max-video-preview":"max-video-preview:-1"},"canonical":"https:\/\/inti.hr\/sr\/proizvod\/nocni-ormaric-50x40x40cm\/","og_locale":"sr_RS","og_type":"article","og_title":"No\u0107ni ormari\u0107 50x40x40cm - Inti","og_description":"Ovaj komad namje\u0161taja savr\u0161en je kao no\u0107ni ormari\u0107 u spava\u0107oj sobi, pored sofe u dnevnoj sobi ili kao pomo\u0107ni stoli\u0107 u sobi za primanje.Zahvaljuju\u0107i maloj povr\u0161ini, no\u0107ni ormari\u0107 \u0161tedi prostor i pristaje \u010dak iu uskim kutovima i ni\u0161ama.Osim \u0161to je estetski lijep, no\u0107ni ormari\u0107 je i vrlo prakti\u010dan za kori\u0161tenje zahvaljuju\u0107i ladici s vodilicom koja je dizajnirana da svaki predmet mo\u017eete pa\u017eljivo pospremiti.S jednom ladicom i jednim vratima, nudi prakti\u010dnost i privatnost za va\u0161e osobne predmete.Glatke povr\u0161ine lako se \u010diste, dobro izra\u0111ena struktura ne klima se \u0161to osigurava njegovu trajnost i \u010dvrsto\u0107u.","og_url":"https:\/\/inti.hr\/sr\/proizvod\/nocni-ormaric-50x40x40cm\/","og_site_name":"Inti","og_image":[{"width":860,"height":860,"url":"https:\/\/i0.wp.com\/inti.hr\/wp-content\/uploads\/2025\/01\/FBT153-N-Y004_860x.webp?fit=860%2C860&ssl=1","type":"image\/webp"}],"twitter_card":"summary_large_image","schema":{"@context":"https:\/\/schema.org","@graph":[{"@type":"WebPage","@id":"https:\/\/inti.hr\/sr\/proizvod\/nocni-ormaric-50x40x40cm\/","url":"https:\/\/inti.hr\/sr\/proizvod\/nocni-ormaric-50x40x40cm\/","name":"No\u0107ni ormari\u0107 50x40x40cm - Inti","isPartOf":{"@id":"https:\/\/inti.hr\/sr\/#website"},"primaryImageOfPage":{"@id":"https:\/\/inti.hr\/sr\/proizvod\/nocni-ormaric-50x40x40cm\/#primaryimage"},"image":{"@id":"https:\/\/inti.hr\/sr\/proizvod\/nocni-ormaric-50x40x40cm\/#primaryimage"},"thumbnailUrl":"https:\/\/i0.wp.com\/inti.hr\/wp-content\/uploads\/2025\/01\/FBT153-N-Y004_860x.webp?fit=860%2C860&ssl=1","datePublished":"2025-01-08T18:19:30+00:00","dateModified":"2025-01-08T18:19:30+00:00","description":"Ovaj komad namje\u0161taja savr\u0161en je kao no\u0107ni ormari\u0107 u spava\u0107oj sobi, pored sofe u dnevnoj sobi ili kao pomo\u0107ni stoli\u0107 u sobi za primanje.Zahvaljuju\u0107i maloj povr\u0161ini, no\u0107ni ormari\u0107 \u0161tedi prostor i pristaje \u010dak iu uskim kutovima i ni\u0161ama.Osim \u0161to je estetski lijep, no\u0107ni ormari\u0107 je i vrlo prakti\u010dan za kori\u0161tenje zahvaljuju\u0107i ladici s vodilicom koja je dizajnirana da svaki predmet mo\u017eete pa\u017eljivo pospremiti.S jednom ladicom i jednim vratima, nudi prakti\u010dnost i privatnost za va\u0161e osobne predmete.Glatke povr\u0161ine lako se \u010diste, dobro izra\u0111ena struktura ne klima se \u0161to osigurava njegovu trajnost i \u010dvrsto\u0107u.","breadcrumb":{"@id":"https:\/\/inti.hr\/sr\/proizvod\/nocni-ormaric-50x40x40cm\/#breadcrumb"},"inLanguage":"sr-RS","potentialAction":[{"@type":"ReadAction","target":["https:\/\/inti.hr\/sr\/proizvod\/nocni-ormaric-50x40x40cm\/"]}]},{"@type":"ImageObject","inLanguage":"sr-RS","@id":"https:\/\/inti.hr\/sr\/proizvod\/nocni-ormaric-50x40x40cm\/#primaryimage","url":"https:\/\/i0.wp.com\/inti.hr\/wp-content\/uploads\/2025\/01\/FBT153-N-Y004_860x.webp?fit=860%2C860&ssl=1","contentUrl":"https:\/\/i0.wp.com\/inti.hr\/wp-content\/uploads\/2025\/01\/FBT153-N-Y004_860x.webp?fit=860%2C860&ssl=1","width":860,"height":860,"caption":"SoBuy No\u0107ni ormari\u0107 50x40x40cm FBT153-N"},{"@type":"BreadcrumbList","@id":"https:\/\/inti.hr\/sr\/proizvod\/nocni-ormaric-50x40x40cm\/#breadcrumb","itemListElement":[{"@type":"ListItem","position":1,"name":"Po\u010detna stranica","item":"https:\/\/inti.hr\/sr\/"},{"@type":"ListItem","position":2,"name":"Prodavnica","item":"https:\/\/inti.hr\/sr\/prodavnica\/"},{"@type":"ListItem","position":3,"name":"No\u0107ni ormari\u0107 50x40x40cm"}]},{"@type":"WebSite","@id":"https:\/\/inti.hr\/sr\/#website","url":"https:\/\/inti.hr\/sr\/","name":"Inti","description":"trgovina","potentialAction":[{"@type":"SearchAction","target":{"@type":"EntryPoint","urlTemplate":"https:\/\/inti.hr\/sr\/?s={search_term_string}"},"query-input":{"@type":"PropertyValueSpecification","valueRequired":true,"valueName":"search_term_string"}}],"inLanguage":"sr-RS"}]}},"jetpack_sharing_enabled":true,"jetpack-related-posts":[],"_links":{"self":[{"href":"https:\/\/inti.hr\/sr\/wp-json\/wp\/v2\/product\/31673"}],"collection":[{"href":"https:\/\/inti.hr\/sr\/wp-json\/wp\/v2\/product"}],"about":[{"href":"https:\/\/inti.hr\/sr\/wp-json\/wp\/v2\/types\/product"}],"wp:featuredmedia":[{"embeddable":true,"href":"https:\/\/inti.hr\/sr\/wp-json\/wp\/v2\/media\/31674"}],"wp:attachment":[{"href":"https:\/\/inti.hr\/sr\/wp-json\/wp\/v2\/media?parent=31673"}],"wp:term":[{"taxonomy":"product_cat","embeddable":true,"href":"https:\/\/inti.hr\/sr\/wp-json\/wp\/v2\/product_cat?post=31673"},{"taxonomy":"product_tag","embeddable":true,"href":"https:\/\/inti.hr\/sr\/wp-json\/wp\/v2\/product_tag?post=31673"}],"curies":[{"name":"wp","href":"https:\/\/api.w.org\/{rel}","templated":true}]}}